{"id":8149,"date":"2018-04-27T16:11:25","date_gmt":"2018-04-27T16:11:25","guid":{"rendered":"https:\/\/leathershopdoci.nl\/?post_type=product&#038;p=16852"},"modified":"2024-12-13T12:13:57","modified_gmt":"2024-12-13T12:13:57","slug":"bikerjack-heren-zwart-in-lamsleer-versano-tr-46","status":"publish","type":"product","link":"https:\/\/versano.nl\/de\/shop\/bikerjack-heren-zwart-in-lamsleer-versano-tr-46\/","title":{"rendered":"Leder Herrenjacke Biker schwarz TR46 Versano"},"content":{"rendered":"<h2>Leder Herrenjacke Biker schwarz TR46 Versano<\/h2>\n<p>Bikerjacken sind aus dem Stra\u00dfenbild nicht mehr wegzudenken und zeitlos. Leder Herrenjacke Biker schwarz Versano ist ein neues Modell in der coolen Kollektion der Herren Lederjacken von Versano. Wir haben es hier mit einer Jacke zu tun, die cool aussieht, dir aber auch sehr bequem sitzt. Diese Jacke hat einen elastischen Teil in der Taille, damit die Jacke auch ein Pfund mehr haben kann. Die Jacke hat zwei ger\u00e4umige Seitentaschen mit Rei\u00dfverschluss, mit einer Innentasche. Au\u00dferdem befinden sich bei dieser Jacke zwei Brusttaschen, die du zus\u00e4tzlich mit einem Rei\u00dfverschluss verschlie\u00dfen kannst. Die Passform dieser Jacke ist schmal geschnitten und schmiegt sich somit perfekt an Ihren K\u00f6rper an.Lederjacke Biker schwarz ist eine sch\u00f6ne Slim-Fit-Jacke, die komplett im italienischen Stil gehalten ist. Mit anderen Worten, mit dieser Jacke m\u00fcssen Sie sich keine Sorgen machen, fehl am Platz zu wirken. Dieses Modell k\u00f6nnen Sie ganz einfach auf unserer Website in verschiedenen Farben bestellen.<\/p>\n<h2>Modell TR46 in schwarz bestellen<\/h2>\n<p>Erh\u00e4ltlich ist diese Bikerjacke in den Farben Schwarz, Blau und Cognac, einige Farben haben wir auch in Lederimitat angefertigt. Wir empfehlen Ihnen daher, einfach zu schauen, welche Farbe Ihrer Meinung nach am besten zu Ihrem eigenen Stil passt. Bei uns k\u00f6nnen Sie ganz einfach die richtige Gr\u00f6\u00dfe anhand unserer smarten Anleitungsvideos ausw\u00e4hlen. Haben Sie Fragen zur Leder Herrenjacke Biker schwarz oder sind Sie sich nicht sicher welche Gr\u00f6\u00dfe Sie bestellen sollen? Dann k\u00f6nnen Sie uns jederzeit per Mail oder WhatsApp kontaktieren. Unsere Mitarbeiter m\u00f6chten Ihnen helfen!<\/p>\n<p>Marke:\u00a0<a href=\"https:\/\/versano.nl\/\">Versano<\/a><br \/>\nMaterial: 100% Lammfell<br \/>\nFutter: 100% Polyester<br \/>\nL\u00e4nge: kurz<br \/>\nPassform: schmale Passform<br \/>\nSchlie\u00dfung: Rei\u00dfverschluss<br \/>\nTaschen: RV-Taschen<br \/>\nKragen: Stehkragen<br \/>\nMaterial Au\u00dfenschicht: Sehr hohe Qualit\u00e4t und weiches Lammfell<br \/>\nLieferzeit: 2-3 Werktage<\/p>","protected":false},"excerpt":{"rendered":"<p>W\u00c4HLEN SIE HIER EINE ANDERE FARBE<\/p>\n<p><a href=\"https:\/\/versano.nl\/shop\/bikerjack-heren-blauw-in-lamsleer-versano-tr-46\/\"><img loading=\"lazy\" decoding=\"async\" class=\"alignnone size-full wp-image-19898\" src=\"https:\/\/versano.nl\/wp-content\/uploads\/sites\/2\/2018\/04\/heren-leren-jas-blauw-TR46-thumb.jpg\" alt=\"\" width=\"57\" height=\"75\" \/><\/a><a href=\"https:\/\/versano.nl\/shop\/bikerjack-heren-cognac-in-lamsleer-versano-tr-46\/\"><img loading=\"lazy\" decoding=\"async\" class=\"alignnone size-full wp-image-19899\" src=\"https:\/\/versano.nl\/wp-content\/uploads\/sites\/2\/2018\/04\/heren-leren-jas-zwart-cognac-TR46-thumb.jpg\" alt=\"\" width=\"57\" height=\"75\" \/><\/a><\/p>\n<p><span style=\"color: #ff0000;\">Fit Beratung<\/span> : Die Passform dieser Jacke ist schmal geschnitten. Unser Model ist 1,75 cm gro\u00df und tr\u00e4gt Gr\u00f6\u00dfe M.<\/p>\n<p>Wenn Sie sich bei Ihren Ma\u00dfen nicht sicher sind, empfehlen wir Ihnen, zuerst Ihre Gr\u00f6\u00dfenma\u00dfe zu messen und sie mit unserer Gr\u00f6\u00dfentabelle zu vergleichen. Wenn Sie keine Erfahrung mit der Messung von Umfangsgr\u00f6\u00dfen haben, klicken Sie auf\u00a0<a href=\"https:\/\/www.youtube.com\/watch?v=3ZSfY87v6pM\"><em>HIER<\/em>\u00a0<\/a>\u00a0zu\u00a0<span style=\"color: #ff0000;\"><a style=\"color: #ff0000;\" href=\"https:\/\/www.youtube.com\/watch?v=3ZSfY87v6pM\"><em>VIDEO<\/em><\/a>\u00a0<\/span> mit Anweisungen. Sie k\u00f6nnen uns auch direkt anrufen oder anrufen! Unsere Mitarbeiter stehen Ihnen jederzeit zur Verf\u00fcgung.<\/p>\n<p><strong>LIEFERZEIT :<\/strong>\u00a02 bis 3 Werktage.<\/p>","protected":false},"featured_media":20776,"comment_status":"open","ping_status":"closed","template":"","meta":[],"product_brand":[],"product_cat":[1672,1670,147,874,907,912,1470,1671,908,1669,913,910,882],"product_tag":[185,300,636,188,626,50,472,1717,1719,1718,1720,53,627,59,628,348,629,189],"class_list":{"0":"post-8149","1":"product","2":"type-product","3":"status-publish","4":"has-post-thumbnail","6":"product_cat-biker-jas-heren","7":"product_cat-heren-leren-jas","8":"product_cat-heren-leren-jassen","9":"product_cat-kort-leren-jasje","10":"product_cat-kort-leren-jasje-heren","11":"product_cat-leren-bikerjacks-heren","12":"product_cat-leren-dames-jas","13":"product_cat-leren-heren-jas","14":"product_cat-leren-heren-jassen","15":"product_cat-leren-jas-heren","16":"product_cat-leren-jassen-heren-uitverkoop","17":"product_cat-leren-jassen-heren","18":"product_cat-versano","19":"product_tag-biker-jas-zwart","20":"product_tag-bikerjack-heren","21":"product_tag-bikerjack-heren-zwart","22":"product_tag-heren-bikerjas-zwart","23":"product_tag-heren-jas-leer-zwart","24":"product_tag-lederen-heren-jas-zwart","25":"product_tag-leren-heren-jas-zwart","26":"product_tag-leren-jas-heren-biker","27":"product_tag-leren-jas-heren-sale","28":"product_tag-leren-jas-heren-uitverkoop","29":"product_tag-leren-jas-heren-versano","30":"product_tag-leren-jas-zwart","31":"product_tag-zwarte-leren-heren-bikerjas","32":"product_tag-zwarte-leren-heren-jas","33":"product_tag-zwarte-leren-jas","34":"product_tag-zwarte-leren-jas-heren","35":"product_tag-zwarte-leren-versano-jas","36":"product_tag-zwarte-versano-jas","37":"tm-no-options","39":"first","40":"instock","41":"taxable","42":"shipping-taxable","43":"purchasable","44":"product-type-variable"},"yoast_head":"<!-- This site is optimized with the Yoast SEO plugin v27.2 - https:\/\/yoast.com\/product\/yoast-seo-wordpress\/ -->\n<title>Leren heren jas biker zwart TR46 Versano, leren jas heren biker<\/title>\n<meta name=\"description\" content=\"Bent u op zoek naar een Leren heren jas biker zwart TR46 Versano? Bij Versano zit u goed, want hier treft u een ruime keuze leren jassen aan.\" \/>\n<meta name=\"robots\" content=\"index, follow, max-snippet:-1, max-image-preview:large, max-video-preview:-1\" \/>\n<link rel=\"canonical\" href=\"https:\/\/versano.nl\/de\/shop\/bikerjack-heren-zwart-in-lamsleer-versano-tr-46\/\" \/>\n<meta property=\"og:locale\" content=\"de_DE\" \/>\n<meta property=\"og:type\" content=\"article\" \/>\n<meta property=\"og:title\" content=\"Leren heren jas biker zwart TR46 Versano, leren jas heren biker\" \/>\n<meta property=\"og:description\" content=\"Bent u op zoek naar een Leren heren jas biker zwart TR46 Versano? Bij Versano zit u goed, want hier treft u een ruime keuze leren jassen aan.\" \/>\n<meta property=\"og:url\" content=\"https:\/\/versano.nl\/de\/shop\/bikerjack-heren-zwart-in-lamsleer-versano-tr-46\/\" \/>\n<meta property=\"og:site_name\" content=\"Versano\" \/>\n<meta property=\"article:modified_time\" content=\"2024-12-13T12:13:57+00:00\" \/>\n<meta property=\"og:image\" content=\"https:\/\/versano.nl\/wp-content\/uploads\/2021\/03\/leren-jas-heren-zwart-versano-TR46-model1.jpg\" \/>\n\t<meta property=\"og:image:width\" content=\"900\" \/>\n\t<meta property=\"og:image:height\" content=\"1176\" \/>\n\t<meta property=\"og:image:type\" content=\"image\/jpeg\" \/>\n<meta name=\"twitter:card\" content=\"summary_large_image\" \/>\n<meta name=\"twitter:label1\" content=\"Gesch\u00e4tzte Lesezeit\" \/>\n\t<meta name=\"twitter:data1\" content=\"2\u00a0Minuten\" \/>\n<script type=\"application\/ld+json\" class=\"yoast-schema-graph\">{\"@context\":\"https:\/\/schema.org\",\"@graph\":[{\"@type\":\"WebPage\",\"@id\":\"https:\/\/versano.nl\/shop\/bikerjack-heren-zwart-in-lamsleer-versano-tr-46\/\",\"url\":\"https:\/\/versano.nl\/shop\/bikerjack-heren-zwart-in-lamsleer-versano-tr-46\/\",\"name\":\"Leren heren jas biker zwart TR46 Versano, leren jas heren biker\",\"isPartOf\":{\"@id\":\"https:\/\/versano.nl\/#website\"},\"primaryImageOfPage\":{\"@id\":\"https:\/\/versano.nl\/shop\/bikerjack-heren-zwart-in-lamsleer-versano-tr-46\/#primaryimage\"},\"image\":{\"@id\":\"https:\/\/versano.nl\/shop\/bikerjack-heren-zwart-in-lamsleer-versano-tr-46\/#primaryimage\"},\"thumbnailUrl\":\"https:\/\/versano.nl\/wp-content\/uploads\/2021\/03\/leren-jas-heren-zwart-versano-TR46-model1.jpg\",\"datePublished\":\"2018-04-27T16:11:25+00:00\",\"dateModified\":\"2024-12-13T12:13:57+00:00\",\"description\":\"Bent u op zoek naar een Leren heren jas biker zwart TR46 Versano? Bij Versano zit u goed, want hier treft u een ruime keuze leren jassen aan.\",\"breadcrumb\":{\"@id\":\"https:\/\/versano.nl\/shop\/bikerjack-heren-zwart-in-lamsleer-versano-tr-46\/#breadcrumb\"},\"inLanguage\":\"de\",\"potentialAction\":[{\"@type\":\"ReadAction\",\"target\":[\"https:\/\/versano.nl\/shop\/bikerjack-heren-zwart-in-lamsleer-versano-tr-46\/\"]}]},{\"@type\":\"ImageObject\",\"inLanguage\":\"de\",\"@id\":\"https:\/\/versano.nl\/shop\/bikerjack-heren-zwart-in-lamsleer-versano-tr-46\/#primaryimage\",\"url\":\"https:\/\/versano.nl\/wp-content\/uploads\/2021\/03\/leren-jas-heren-zwart-versano-TR46-model1.jpg\",\"contentUrl\":\"https:\/\/versano.nl\/wp-content\/uploads\/2021\/03\/leren-jas-heren-zwart-versano-TR46-model1.jpg\",\"width\":900,\"height\":1176,\"caption\":\"Leren heren jas biker zwart TR46 Versano\"},{\"@type\":\"BreadcrumbList\",\"@id\":\"https:\/\/versano.nl\/shop\/bikerjack-heren-zwart-in-lamsleer-versano-tr-46\/#breadcrumb\",\"itemListElement\":[{\"@type\":\"ListItem\",\"position\":1,\"name\":\"Home\",\"item\":\"https:\/\/versano.nl\/\"},{\"@type\":\"ListItem\",\"position\":2,\"name\":\"Shop\",\"item\":\"https:\/\/versano.nl\/shop\/\"},{\"@type\":\"ListItem\",\"position\":3,\"name\":\"Leren heren jas biker zwart TR46 Versano\"}]},{\"@type\":\"WebSite\",\"@id\":\"https:\/\/versano.nl\/#website\",\"url\":\"https:\/\/versano.nl\/\",\"name\":\"Versano\",\"description\":\"winterjassen met bontkraag | leren dames jassen | leren heren jassen\",\"potentialAction\":[{\"@type\":\"SearchAction\",\"target\":{\"@type\":\"EntryPoint\",\"urlTemplate\":\"https:\/\/versano.nl\/?s={search_term_string}\"},\"query-input\":{\"@type\":\"PropertyValueSpecification\",\"valueRequired\":true,\"valueName\":\"search_term_string\"}}],\"inLanguage\":\"de\"}]}<\/script>\n<!-- \/ Yoast SEO plugin. -->","yoast_head_json":{"title":"Lederjacke Herren Biker schwarz TR46 Versano, Lederjacke Herren Biker","description":"Suchen Sie eine Leder Herrenjacke Biker schwarz TR46 Versano? Versano ist der richtige Ort f\u00fcr Sie, denn hier finden Sie eine gro\u00dfe Auswahl an Lederjacken.","robots":{"index":"index","follow":"follow","max-snippet":"max-snippet:-1","max-image-preview":"max-image-preview:large","max-video-preview":"max-video-preview:-1"},"canonical":"https:\/\/versano.nl\/de\/shop\/bikerjack-heren-zwart-in-lamsleer-versano-tr-46\/","og_locale":"de_DE","og_type":"article","og_title":"Leren heren jas biker zwart TR46 Versano, leren jas heren biker","og_description":"Bent u op zoek naar een Leren heren jas biker zwart TR46 Versano? Bij Versano zit u goed, want hier treft u een ruime keuze leren jassen aan.","og_url":"https:\/\/versano.nl\/de\/shop\/bikerjack-heren-zwart-in-lamsleer-versano-tr-46\/","og_site_name":"Versano","article_modified_time":"2024-12-13T12:13:57+00:00","og_image":[{"width":900,"height":1176,"url":"https:\/\/versano.nl\/wp-content\/uploads\/2021\/03\/leren-jas-heren-zwart-versano-TR46-model1.jpg","type":"image\/jpeg"}],"twitter_card":"summary_large_image","twitter_misc":{"Gesch\u00e4tzte Lesezeit":"2\u00a0Minuten"},"schema":{"@context":"https:\/\/schema.org","@graph":[{"@type":"WebPage","@id":"https:\/\/versano.nl\/shop\/bikerjack-heren-zwart-in-lamsleer-versano-tr-46\/","url":"https:\/\/versano.nl\/shop\/bikerjack-heren-zwart-in-lamsleer-versano-tr-46\/","name":"Lederjacke Herren Biker schwarz TR46 Versano, Lederjacke Herren Biker","isPartOf":{"@id":"https:\/\/versano.nl\/#website"},"primaryImageOfPage":{"@id":"https:\/\/versano.nl\/shop\/bikerjack-heren-zwart-in-lamsleer-versano-tr-46\/#primaryimage"},"image":{"@id":"https:\/\/versano.nl\/shop\/bikerjack-heren-zwart-in-lamsleer-versano-tr-46\/#primaryimage"},"thumbnailUrl":"https:\/\/versano.nl\/wp-content\/uploads\/2021\/03\/leren-jas-heren-zwart-versano-TR46-model1.jpg","datePublished":"2018-04-27T16:11:25+00:00","dateModified":"2024-12-13T12:13:57+00:00","description":"Suchen Sie eine Leder Herrenjacke Biker schwarz TR46 Versano? Versano ist der richtige Ort f\u00fcr Sie, denn hier finden Sie eine gro\u00dfe Auswahl an Lederjacken.","breadcrumb":{"@id":"https:\/\/versano.nl\/shop\/bikerjack-heren-zwart-in-lamsleer-versano-tr-46\/#breadcrumb"},"inLanguage":"de","potentialAction":[{"@type":"ReadAction","target":["https:\/\/versano.nl\/shop\/bikerjack-heren-zwart-in-lamsleer-versano-tr-46\/"]}]},{"@type":"ImageObject","inLanguage":"de","@id":"https:\/\/versano.nl\/shop\/bikerjack-heren-zwart-in-lamsleer-versano-tr-46\/#primaryimage","url":"https:\/\/versano.nl\/wp-content\/uploads\/2021\/03\/leren-jas-heren-zwart-versano-TR46-model1.jpg","contentUrl":"https:\/\/versano.nl\/wp-content\/uploads\/2021\/03\/leren-jas-heren-zwart-versano-TR46-model1.jpg","width":900,"height":1176,"caption":"Leren heren jas biker zwart TR46 Versano"},{"@type":"BreadcrumbList","@id":"https:\/\/versano.nl\/shop\/bikerjack-heren-zwart-in-lamsleer-versano-tr-46\/#breadcrumb","itemListElement":[{"@type":"ListItem","position":1,"name":"Home","item":"https:\/\/versano.nl\/"},{"@type":"ListItem","position":2,"name":"Shop","item":"https:\/\/versano.nl\/shop\/"},{"@type":"ListItem","position":3,"name":"Leren heren jas biker zwart TR46 Versano"}]},{"@type":"WebSite","@id":"https:\/\/versano.nl\/#website","url":"https:\/\/versano.nl\/","name":"Versano","description":"Winterm\u00e4ntel mit Pelzkragen | Damen Lederjacken | Herren Lederjacken","potentialAction":[{"@type":"SearchAction","target":{"@type":"EntryPoint","urlTemplate":"https:\/\/versano.nl\/?s={search_term_string}"},"query-input":{"@type":"PropertyValueSpecification","valueRequired":true,"valueName":"search_term_string"}}],"inLanguage":"de"}]}},"_links":{"self":[{"href":"https:\/\/versano.nl\/de\/wp-json\/wp\/v2\/product\/8149","targetHints":{"allow":["GET"]}}],"collection":[{"href":"https:\/\/versano.nl\/de\/wp-json\/wp\/v2\/product"}],"about":[{"href":"https:\/\/versano.nl\/de\/wp-json\/wp\/v2\/types\/product"}],"replies":[{"embeddable":true,"href":"https:\/\/versano.nl\/de\/wp-json\/wp\/v2\/comments?post=8149"}],"wp:featuredmedia":[{"embeddable":true,"href":"https:\/\/versano.nl\/de\/wp-json\/wp\/v2\/media\/20776"}],"wp:attachment":[{"href":"https:\/\/versano.nl\/de\/wp-json\/wp\/v2\/media?parent=8149"}],"wp:term":[{"taxonomy":"product_brand","embeddable":true,"href":"https:\/\/versano.nl\/de\/wp-json\/wp\/v2\/product_brand?post=8149"},{"taxonomy":"product_cat","embeddable":true,"href":"https:\/\/versano.nl\/de\/wp-json\/wp\/v2\/product_cat?post=8149"},{"taxonomy":"product_tag","embeddable":true,"href":"https:\/\/versano.nl\/de\/wp-json\/wp\/v2\/product_tag?post=8149"}],"curies":[{"name":"wp","href":"https:\/\/api.w.org\/{rel}","templated":true}]}}