{"id":7704,"date":"2018-04-14T21:43:14","date_gmt":"2018-04-14T21:43:14","guid":{"rendered":"https:\/\/leathershopdoci.nl\/?post_type=product&#038;p=16573"},"modified":"2025-06-18T11:27:07","modified_gmt":"2025-06-18T11:27:07","slug":"leren-dames-bikerjack-rood-versano-346","status":"publish","type":"product","link":"https:\/\/versano.nl\/de\/shop\/leren-dames-bikerjack-rood-versano-346\/","title":{"rendered":"Lederjacke Damen 346 rot Versano"},"content":{"rendered":"<h2>Lederjacke Damen 346 rot Versano<\/h2>\n<p>Versano ist die richtige Wahl f\u00fcr eine coole Damen-Lederjacke. Diese kurze Damen Lederjacke 346 rot Versano ist aus geschmeidigem Lammleder gefertigt. Es ist eine Jacke mit geradem Rei\u00dfverschluss. Das Leder ist von sch\u00f6ner und hochwertiger Qualit\u00e4t mit einer sehr sch\u00f6nen Waschung. Dies verleiht ihm einen sch\u00f6nen Vintage-Look. Diese Jacke im Motorrad-Look hat zwei Seitentaschen und 2 Taschen auf der Brust, und nat\u00fcrlich wurde auch an eine Innentasche gedacht. Wir verkaufen diese Jacke in 5 verschiedenen Farben. Neben dem stylischen Rot ist die Jacke auch in einer coolen Cognac-, Schwarz-, Blau- und Braunvariante erh\u00e4ltlich. Diese Jacke wurde von den Designern von Versano komplett italienisch angefertigt und hat auch einen elastischen Teil in der Taille, was die Jacke in der Taille sehr flexibel macht. Sehen Sie sich daher auch die Detailfotos an, um dies zu sehen. Da die Jacke in der Taille flexibel ist, schmiegt sich die Jacke gut um Ihren K\u00f6rper und sitzt wirklich wie angegossen.<\/p>\n<h2>Modell 346 in rot bestellen<\/h2>\n<p>Wenn Sie diese sch\u00f6ne Jacke bei uns bestellen, erhalten Sie eine Jacke aus sch\u00f6nem Material. Da sie aus sch\u00f6nem d\u00fcnnem Lammleder gefertigt ist, ist die Jacke auch perfekt f\u00fcr den Innenbereich geeignet. Es ist eine Jacke, die sich gut mit verschiedenen Arten von Kleidung kombinieren l\u00e4sst. Denken Sie an einen Rock, aber auch an eine coole Jeans. Dies ist eine Jacke, die, man kann es nicht leugnen, tiptop aussieht. Das Finish ist absolut perfekt und alle Elemente sind sch\u00f6n aufeinander abgestimmt.<\/p>\n<p>Marke: <a href=\"https:\/\/versano.nl\/\">Versano<\/a><br \/>\nMaterial: 100% Lammfell<br \/>\nFutter: 100% Polyester<br \/>\nL\u00e4nge: kurz<br \/>\nPassform: fest sitzend<br \/>\nSchlie\u00dfung: Rei\u00dfverschluss<br \/>\nTaschen: RV-Taschen<br \/>\nKragen: Runder Stehkragen<br \/>\nMaterial Au\u00dfenschicht: hohe Qualit\u00e4t und weiches Lammfell<br \/>\nLieferzeit: 2-3 Werktage<\/p>","protected":false},"excerpt":{"rendered":"<p><strong>W\u00c4HLEN SIE HIER EINE ANDERE FARBE<\/strong><\/p>\n<p><a href=\"https:\/\/versano.nl\/shop\/leren-dames-jas-biker-model-blauw-versano-346\/\"><img loading=\"lazy\" decoding=\"async\" class=\"alignnone size-full wp-image-19858\" src=\"https:\/\/versano.nl\/wp-content\/uploads\/sites\/2\/2019\/01\/bikerjack-dames-blauw-leren-jas-versano-346-thumb.jpg\" alt=\"\" width=\"57\" height=\"75\" \/><\/a><a href=\"https:\/\/versano.nl\/shop\/leren-biker-jas-dames-346-cognac-versano\/\"><img loading=\"lazy\" decoding=\"async\" class=\"alignnone size-full wp-image-19860\" src=\"https:\/\/versano.nl\/wp-content\/uploads\/sites\/2\/2019\/01\/bikerjack-dames-cognac-leren-jas-versano-346-thumb.jpg\" alt=\"\" width=\"57\" height=\"75\" \/><\/a><a href=\"https:\/\/versano.nl\/shop\/leren-dames-bikerjack-zwart-versano-346\/\"><img loading=\"lazy\" decoding=\"async\" class=\"alignnone size-full wp-image-19862\" src=\"https:\/\/versano.nl\/wp-content\/uploads\/sites\/2\/2019\/01\/bikerjack-dames-zwart-leren-jas-versano-346-voorkant-model2-thumb.jpg\" alt=\"\" width=\"57\" height=\"75\" \/><\/a><a href=\"https:\/\/versano.nl\/shop\/leren-dames-bikerjack-bruin-versano-346\/\"><img loading=\"lazy\" decoding=\"async\" class=\"alignnone size-full wp-image-19859\" src=\"https:\/\/versano.nl\/wp-content\/uploads\/sites\/2\/2019\/01\/bikerjack-dames-bruin-leren-jas-versano-346-thumb.jpg\" alt=\"\" width=\"57\" height=\"75\" \/><\/a><\/p>\n<p><span style=\"color: red;\">Fit Beratung:<\/span> Die Passform dieser Jacke ist eng geschnitten. Unser Modell ist 1,68 cm gro\u00df und tr\u00e4gt eine Gr\u00f6\u00dfe S.<\/p>\n<p>Wenn Sie sich bei Ihren Ma\u00dfen nicht sicher sind, empfehlen wir Ihnen, zuerst Ihre Gr\u00f6\u00dfenma\u00dfe zu messen und sie mit unserer Gr\u00f6\u00dfentabelle zu vergleichen. Wenn Sie keine Erfahrung mit der Messung von Umfangsgr\u00f6\u00dfen haben, klicken Sie auf <a href=\"https:\/\/www.youtube.com\/watch?v=3ZSfY87v6pM\"><em><span style=\"text-decoration: none; text-underline: none;\">HIER<\/span><\/em>\u00a0<\/a>\u00a0zu <a href=\"https:\/\/www.youtube.com\/watch?v=3ZSfY87v6pM\"><em><span style=\"color: red; text-decoration: none; text-underline: none;\">VIDEO<\/span><\/em><\/a>\u00a0 mit Anweisungen. Sie k\u00f6nnen uns auch direkt anrufen oder anrufen! Unsere Mitarbeiter stehen Ihnen jederzeit zur Verf\u00fcgung.<\/p>\n<p><strong><span style=\"color: black;\">LIEFERZEIT :<\/span><\/strong> 2 bis 3 Werktage.<\/p>","protected":false},"featured_media":20366,"comment_status":"closed","ping_status":"closed","template":"","meta":[],"product_brand":[],"product_cat":[90,874,875,1499,877,1470,879,1469,880,1712,881,878,882],"product_tag":[891,428,2121,429,91,434,98,1881,103,104,105],"class_list":{"0":"post-7704","1":"product","2":"type-product","3":"status-publish","4":"has-post-thumbnail","6":"product_cat-dames-leren-jassen","7":"product_cat-kort-leren-jasje","8":"product_cat-kort-leren-jasje-dames","9":"product_cat-leren-biker-jas-dames","10":"product_cat-leren-bikerjacks-dames","11":"product_cat-leren-dames-jas","12":"product_cat-leren-dames-jassen","13":"product_cat-leren-jas-dames","14":"product_cat-leren-jasje-dames","15":"product_cat-leren-jassen","16":"product_cat-leren-jassen-dames","17":"product_cat-leren-jassen-dames-uitverkoop","18":"product_cat-versano","19":"product_tag-bikerjack-rood","20":"product_tag-bikerjack-rood-dames","21":"product_tag-dames-biker-jas-rood","22":"product_tag-dames-leren-bikerjack-rood","23":"product_tag-dames-leren-jas-rood","24":"product_tag-leren-bikerjack-rood","25":"product_tag-leren-jasje","26":"product_tag-rode-biker-jas-dames","27":"product_tag-rode-leren-dames-jas","28":"product_tag-rood-leren-jasje","29":"product_tag-versano-leren-jassen","30":"product_shipping_class-verzendkosten-1","31":"tm-no-options","33":"first","34":"instock","35":"sale","36":"taxable","37":"shipping-taxable","38":"purchasable","39":"product-type-variable"},"yoast_head":"<!-- This site is optimized with the Yoast SEO plugin v27.2 - https:\/\/yoast.com\/product\/yoast-seo-wordpress\/ -->\n<title>Leren jas dames 346 rood Versano, korte leren dames jas<\/title>\n<meta name=\"description\" content=\"Ben je op zoek naar een rode leren jas van echt leer? dan is het model leren jas dames 346 rood Versano precies wat u zoekt.\" \/>\n<meta name=\"robots\" content=\"index, follow, max-snippet:-1, max-image-preview:large, max-video-preview:-1\" \/>\n<link rel=\"canonical\" href=\"https:\/\/versano.nl\/de\/shop\/leren-dames-bikerjack-rood-versano-346\/\" \/>\n<meta property=\"og:locale\" content=\"de_DE\" \/>\n<meta property=\"og:type\" content=\"article\" \/>\n<meta property=\"og:title\" content=\"Leren jas dames 346 rood Versano, korte leren dames jas\" \/>\n<meta property=\"og:description\" content=\"Ben je op zoek naar een rode leren jas van echt leer? dan is het model leren jas dames 346 rood Versano precies wat u zoekt.\" \/>\n<meta property=\"og:url\" content=\"https:\/\/versano.nl\/de\/shop\/leren-dames-bikerjack-rood-versano-346\/\" \/>\n<meta property=\"og:site_name\" content=\"Versano\" \/>\n<meta property=\"article:modified_time\" content=\"2025-06-18T11:27:07+00:00\" \/>\n<meta property=\"og:image\" content=\"https:\/\/versano.nl\/wp-content\/uploads\/2018\/04\/bikerjack-dames-rood-leren-jas-versano-346-voorkant-model2-3.jpg\" \/>\n\t<meta property=\"og:image:width\" content=\"900\" \/>\n\t<meta property=\"og:image:height\" content=\"1176\" \/>\n\t<meta property=\"og:image:type\" content=\"image\/jpeg\" \/>\n<meta name=\"twitter:card\" content=\"summary_large_image\" \/>\n<meta name=\"twitter:label1\" content=\"Gesch\u00e4tzte Lesezeit\" \/>\n\t<meta name=\"twitter:data1\" content=\"2\u00a0Minuten\" \/>\n<script type=\"application\/ld+json\" class=\"yoast-schema-graph\">{\"@context\":\"https:\/\/schema.org\",\"@graph\":[{\"@type\":\"WebPage\",\"@id\":\"https:\/\/versano.nl\/shop\/leren-dames-bikerjack-rood-versano-346\/\",\"url\":\"https:\/\/versano.nl\/shop\/leren-dames-bikerjack-rood-versano-346\/\",\"name\":\"Leren jas dames 346 rood Versano, korte leren dames jas\",\"isPartOf\":{\"@id\":\"https:\/\/versano.nl\/#website\"},\"primaryImageOfPage\":{\"@id\":\"https:\/\/versano.nl\/shop\/leren-dames-bikerjack-rood-versano-346\/#primaryimage\"},\"image\":{\"@id\":\"https:\/\/versano.nl\/shop\/leren-dames-bikerjack-rood-versano-346\/#primaryimage\"},\"thumbnailUrl\":\"https:\/\/versano.nl\/wp-content\/uploads\/2018\/04\/bikerjack-dames-rood-leren-jas-versano-346-voorkant-model2-3.jpg\",\"datePublished\":\"2018-04-14T21:43:14+00:00\",\"dateModified\":\"2025-06-18T11:27:07+00:00\",\"description\":\"Ben je op zoek naar een rode leren jas van echt leer? dan is het model leren jas dames 346 rood Versano precies wat u zoekt.\",\"breadcrumb\":{\"@id\":\"https:\/\/versano.nl\/shop\/leren-dames-bikerjack-rood-versano-346\/#breadcrumb\"},\"inLanguage\":\"de\",\"potentialAction\":[{\"@type\":\"ReadAction\",\"target\":[\"https:\/\/versano.nl\/shop\/leren-dames-bikerjack-rood-versano-346\/\"]}]},{\"@type\":\"ImageObject\",\"inLanguage\":\"de\",\"@id\":\"https:\/\/versano.nl\/shop\/leren-dames-bikerjack-rood-versano-346\/#primaryimage\",\"url\":\"https:\/\/versano.nl\/wp-content\/uploads\/2018\/04\/bikerjack-dames-rood-leren-jas-versano-346-voorkant-model2-3.jpg\",\"contentUrl\":\"https:\/\/versano.nl\/wp-content\/uploads\/2018\/04\/bikerjack-dames-rood-leren-jas-versano-346-voorkant-model2-3.jpg\",\"width\":900,\"height\":1176,\"caption\":\"imitatie leren dames jas rood 346 Versano\"},{\"@type\":\"BreadcrumbList\",\"@id\":\"https:\/\/versano.nl\/shop\/leren-dames-bikerjack-rood-versano-346\/#breadcrumb\",\"itemListElement\":[{\"@type\":\"ListItem\",\"position\":1,\"name\":\"Home\",\"item\":\"https:\/\/versano.nl\/\"},{\"@type\":\"ListItem\",\"position\":2,\"name\":\"Shop\",\"item\":\"https:\/\/versano.nl\/shop\/\"},{\"@type\":\"ListItem\",\"position\":3,\"name\":\"Leren jas dames 346 rood Versano\"}]},{\"@type\":\"WebSite\",\"@id\":\"https:\/\/versano.nl\/#website\",\"url\":\"https:\/\/versano.nl\/\",\"name\":\"Versano\",\"description\":\"winterjassen met bontkraag | leren dames jassen | leren heren jassen\",\"potentialAction\":[{\"@type\":\"SearchAction\",\"target\":{\"@type\":\"EntryPoint\",\"urlTemplate\":\"https:\/\/versano.nl\/?s={search_term_string}\"},\"query-input\":{\"@type\":\"PropertyValueSpecification\",\"valueRequired\":true,\"valueName\":\"search_term_string\"}}],\"inLanguage\":\"de\"}]}<\/script>\n<!-- \/ Yoast SEO plugin. -->","yoast_head_json":{"title":"Lederjacke Damen 346 rot Versano, kurze Damen Lederjacke","description":"Suchen Sie eine rote Lederjacke aus echtem Leder? dann ist das Modell Lederjacke Damen 346 rot Versano genau das Richtige f\u00fcr Sie.","robots":{"index":"index","follow":"follow","max-snippet":"max-snippet:-1","max-image-preview":"max-image-preview:large","max-video-preview":"max-video-preview:-1"},"canonical":"https:\/\/versano.nl\/de\/shop\/leren-dames-bikerjack-rood-versano-346\/","og_locale":"de_DE","og_type":"article","og_title":"Leren jas dames 346 rood Versano, korte leren dames jas","og_description":"Ben je op zoek naar een rode leren jas van echt leer? dan is het model leren jas dames 346 rood Versano precies wat u zoekt.","og_url":"https:\/\/versano.nl\/de\/shop\/leren-dames-bikerjack-rood-versano-346\/","og_site_name":"Versano","article_modified_time":"2025-06-18T11:27:07+00:00","og_image":[{"width":900,"height":1176,"url":"https:\/\/versano.nl\/wp-content\/uploads\/2018\/04\/bikerjack-dames-rood-leren-jas-versano-346-voorkant-model2-3.jpg","type":"image\/jpeg"}],"twitter_card":"summary_large_image","twitter_misc":{"Gesch\u00e4tzte Lesezeit":"2\u00a0Minuten"},"schema":{"@context":"https:\/\/schema.org","@graph":[{"@type":"WebPage","@id":"https:\/\/versano.nl\/shop\/leren-dames-bikerjack-rood-versano-346\/","url":"https:\/\/versano.nl\/shop\/leren-dames-bikerjack-rood-versano-346\/","name":"Lederjacke Damen 346 rot Versano, kurze Damen Lederjacke","isPartOf":{"@id":"https:\/\/versano.nl\/#website"},"primaryImageOfPage":{"@id":"https:\/\/versano.nl\/shop\/leren-dames-bikerjack-rood-versano-346\/#primaryimage"},"image":{"@id":"https:\/\/versano.nl\/shop\/leren-dames-bikerjack-rood-versano-346\/#primaryimage"},"thumbnailUrl":"https:\/\/versano.nl\/wp-content\/uploads\/2018\/04\/bikerjack-dames-rood-leren-jas-versano-346-voorkant-model2-3.jpg","datePublished":"2018-04-14T21:43:14+00:00","dateModified":"2025-06-18T11:27:07+00:00","description":"Suchen Sie eine rote Lederjacke aus echtem Leder? dann ist das Modell Lederjacke Damen 346 rot Versano genau das Richtige f\u00fcr Sie.","breadcrumb":{"@id":"https:\/\/versano.nl\/shop\/leren-dames-bikerjack-rood-versano-346\/#breadcrumb"},"inLanguage":"de","potentialAction":[{"@type":"ReadAction","target":["https:\/\/versano.nl\/shop\/leren-dames-bikerjack-rood-versano-346\/"]}]},{"@type":"ImageObject","inLanguage":"de","@id":"https:\/\/versano.nl\/shop\/leren-dames-bikerjack-rood-versano-346\/#primaryimage","url":"https:\/\/versano.nl\/wp-content\/uploads\/2018\/04\/bikerjack-dames-rood-leren-jas-versano-346-voorkant-model2-3.jpg","contentUrl":"https:\/\/versano.nl\/wp-content\/uploads\/2018\/04\/bikerjack-dames-rood-leren-jas-versano-346-voorkant-model2-3.jpg","width":900,"height":1176,"caption":"imitatie leren dames jas rood 346 Versano"},{"@type":"BreadcrumbList","@id":"https:\/\/versano.nl\/shop\/leren-dames-bikerjack-rood-versano-346\/#breadcrumb","itemListElement":[{"@type":"ListItem","position":1,"name":"Home","item":"https:\/\/versano.nl\/"},{"@type":"ListItem","position":2,"name":"Shop","item":"https:\/\/versano.nl\/shop\/"},{"@type":"ListItem","position":3,"name":"Leren jas dames 346 rood Versano"}]},{"@type":"WebSite","@id":"https:\/\/versano.nl\/#website","url":"https:\/\/versano.nl\/","name":"Versano","description":"Winterm\u00e4ntel mit Pelzkragen | Damen Lederjacken | Herren Lederjacken","potentialAction":[{"@type":"SearchAction","target":{"@type":"EntryPoint","urlTemplate":"https:\/\/versano.nl\/?s={search_term_string}"},"query-input":{"@type":"PropertyValueSpecification","valueRequired":true,"valueName":"search_term_string"}}],"inLanguage":"de"}]}},"_links":{"self":[{"href":"https:\/\/versano.nl\/de\/wp-json\/wp\/v2\/product\/7704","targetHints":{"allow":["GET"]}}],"collection":[{"href":"https:\/\/versano.nl\/de\/wp-json\/wp\/v2\/product"}],"about":[{"href":"https:\/\/versano.nl\/de\/wp-json\/wp\/v2\/types\/product"}],"replies":[{"embeddable":true,"href":"https:\/\/versano.nl\/de\/wp-json\/wp\/v2\/comments?post=7704"}],"wp:featuredmedia":[{"embeddable":true,"href":"https:\/\/versano.nl\/de\/wp-json\/wp\/v2\/media\/20366"}],"wp:attachment":[{"href":"https:\/\/versano.nl\/de\/wp-json\/wp\/v2\/media?parent=7704"}],"wp:term":[{"taxonomy":"product_brand","embeddable":true,"href":"https:\/\/versano.nl\/de\/wp-json\/wp\/v2\/product_brand?post=7704"},{"taxonomy":"product_cat","embeddable":true,"href":"https:\/\/versano.nl\/de\/wp-json\/wp\/v2\/product_cat?post=7704"},{"taxonomy":"product_tag","embeddable":true,"href":"https:\/\/versano.nl\/de\/wp-json\/wp\/v2\/product_tag?post=7704"}],"curies":[{"name":"wp","href":"https:\/\/api.w.org\/{rel}","templated":true}]}}