{"id":7675,"date":"2018-04-14T20:04:29","date_gmt":"2018-04-14T20:04:29","guid":{"rendered":"https:\/\/leathershopdoci.nl\/?post_type=product&#038;p=16555"},"modified":"2021-02-05T14:49:40","modified_gmt":"2021-02-05T14:49:40","slug":"dames-leren-biker-jack-zwart-dubbele-rits-versano","status":"publish","type":"product","link":"https:\/\/versano.nl\/de\/shop\/dames-leren-biker-jack-zwart-dubbele-rits-versano\/","title":{"rendered":"Damen Leder Bikerjacke schwarz Doppel-Rei\u00dfverschluss Versano"},"content":{"rendered":"<h2>Damen Leder Bikerjacke schwarz Doppel-Rei\u00dfverschluss Versano<\/h2>\n<p>Dies ist eine Marke, wo eine gro\u00dfe Auswahl an sch\u00f6nen M\u00e4nteln in allen Formen und Gr\u00f6\u00dfen zu finden sind. Zum Beispiel diese schwarze Damen Bikerjacke aus Leder mit Doppelrei\u00dfverschluss von Versano. Es ist eine perfekt verarbeitete Jacke, die komplett aus Lammleder gefertigt ist. Die Damen lernen Bikerjacke schwarz Doppelrei\u00dfverschluss Versano hat einen asymmetrischen Kragen. Dieses Leder ist von so hoher Qualit\u00e4t, dass es eine sch\u00f6ne W\u00e4sche hat. Dies gibt der Jacke einen sch\u00f6nen Vintage-Look. Das ist eine weitere harte Jacke, in der du gerne gesehen werden w\u00fcrdest!<\/p>\n<p><strong>Bestellen Sie diese sch\u00f6ne Jacke bei Versano<\/strong><br \/>\nDie schwarze Leder Damen Bikerjacke mit Doppelrei\u00dfverschluss von Versano ist mit vier Taschen ausgestattet. Wir sprechen \u00fcber zwei Taschen mit Rei\u00dfverschluss, eine Rei\u00dfverschlusstasche auf der Brust und eine Innentasche. Wie die anderen Jacken aus dem Versano-Sortiment ist dies eine Jacke, die auf seinen italienischen Stil abgestimmt ist. Die Passform ist daher perfekt. Sie k\u00f6nnen diese Jacke auch bei uns in einer Cognac-Version bestellen. Sie k\u00f6nnen diese Jacke ganz einfach bei uns bestellen. W\u00e4hlen Sie einfach die Farbe und die gute Gr\u00f6\u00dfe und Sie haben eine Jacke, die Sie f\u00fcr viele Jahre genie\u00dfen werden.<\/p>\n<p>Marke: <a href=\"https:\/\/versano.nl\/\">Versano<\/a><br \/>\nMaterial: 100% Lammfell<br \/>\nFutter: 100% Polyester<br \/>\nL\u00e4nge: kurz<br \/>\nPassen: Ausgestattet Italienisch<br \/>\nSchlie\u00dfung: Rei\u00dfverschluss<br \/>\nTaschen: RV-Taschen<br \/>\nCollar: a symmetrischen Kragen<br \/>\nMaterial Au\u00dfenschicht: hohe Qualit\u00e4t und weiches Lammfell<br \/>\nZeit: 1-3 Tage<\/p>","protected":false},"excerpt":{"rendered":"<p><strong>Wenn Sie eine Kennzahl ausw\u00e4hlen, wird eine Zeichnung mit Bema\u00dfungen angezeigt. Wenn Sie sich nicht sicher sind, welche Ma\u00dfe Sie haben, empfehlen wir Ihnen, zuerst Ihre Gr\u00f6\u00dfenmessung zu messen und sie mit den Messungen auf der Zeichnung zu vergleichen. Wenn Sie keine Erfahrung mit der Messung der Gr\u00f6\u00dfenmessungen haben, klicken Sie auf\u00a0<a href=\"https:\/\/www.youtube.com\/watch?v=3ZSfY87v6pM\" target=\"_blank\" rel=\"noopener noreferrer\"><em>HIER<\/em>\u00a0<\/a>\u00a0zu\u00a0<a href=\"https:\/\/www.youtube.com\/watch?v=3ZSfY87v6pM\" target=\"_blank\" rel=\"noopener noreferrer\"><em>VIDEO<\/em><\/a>\u00a0 mit Anweisungen.<\/strong><\/p>\n<p>Die Bikerjacke ist aus Lammleder mit einem asymmetrischen Kragen gefertigt. Das strapazierf\u00e4hige Lammleder hat eine sehr sch\u00f6ne Waschung und verleiht einen vintage coolen Look. Die Jacke hat zwei Taschen mit Rei\u00dfverschluss, eine Rei\u00dfverschlusstasche auf der Brust und eine Innentasche. Die Jacke ist auch in schwarz erh\u00e4ltlich und ist italienisch geschnitten.<\/p>","protected":false},"featured_media":7741,"comment_status":"closed","ping_status":"closed","template":"","meta":[],"product_brand":[],"product_cat":[90,874,875,877,879,880,1712,881,878,882],"product_tag":[883,172,156,884,411,885,886,98,105,107],"class_list":{"0":"post-7675","1":"product","2":"type-product","3":"status-publish","4":"has-post-thumbnail","6":"product_cat-dames-leren-jassen","7":"product_cat-kort-leren-jasje","8":"product_cat-kort-leren-jasje-dames","9":"product_cat-leren-bikerjacks-dames","10":"product_cat-leren-dames-jassen","11":"product_cat-leren-jasje-dames","12":"product_cat-leren-jassen","13":"product_cat-leren-jassen-dames","14":"product_cat-leren-jassen-dames-uitverkoop","15":"product_cat-versano","16":"product_tag-bikerjack-zwart","17":"product_tag-dames-biker-jack-zwart","18":"product_tag-dames-bikerjack-zwart","19":"product_tag-leren-biker-jack-zwart","20":"product_tag-leren-cognac-jas","21":"product_tag-leren-dames-motorjack-zwart","22":"product_tag-leren-dames-motorjasje-zwart","23":"product_tag-leren-jasje","24":"product_tag-versano-leren-jassen","25":"product_tag-zomer-leren-jassen","26":"tm-no-options","28":"first","29":"outofstock","30":"taxable","31":"shipping-taxable","32":"product-type-variable"},"yoast_head":"<!-- This site is optimized with the Yoast SEO plugin v27.2 - https:\/\/yoast.com\/product\/yoast-seo-wordpress\/ -->\n<title>Dames leren biker jack zwart dubbele rits Versano<\/title>\n<meta name=\"description\" content=\"Deze Dames leren biker jack zwart dubbele rits Versano is gemaakt van lamsleder en voelt erg soepel en glad aan. De jas heeft een stoere motor look\" \/>\n<meta name=\"robots\" content=\"index, follow, max-snippet:-1, max-image-preview:large, max-video-preview:-1\" \/>\n<link rel=\"canonical\" href=\"https:\/\/versano.nl\/de\/shop\/dames-leren-biker-jack-zwart-dubbele-rits-versano\/\" \/>\n<meta property=\"og:locale\" content=\"de_DE\" \/>\n<meta property=\"og:type\" content=\"article\" \/>\n<meta property=\"og:title\" content=\"Dames leren biker jack zwart dubbele rits Versano\" \/>\n<meta property=\"og:description\" content=\"Deze Dames leren biker jack zwart dubbele rits Versano is gemaakt van lamsleder en voelt erg soepel en glad aan. De jas heeft een stoere motor look\" \/>\n<meta property=\"og:url\" content=\"https:\/\/versano.nl\/de\/shop\/dames-leren-biker-jack-zwart-dubbele-rits-versano\/\" \/>\n<meta property=\"og:site_name\" content=\"Versano\" \/>\n<meta property=\"article:modified_time\" content=\"2021-02-05T14:49:40+00:00\" \/>\n<meta property=\"og:image\" content=\"https:\/\/versano.nl\/wp-content\/uploads\/2018\/04\/leren-bikerjack-dames-zwart-dubbele-rits-versano-342-model.jpg\" \/>\n\t<meta property=\"og:image:width\" content=\"900\" \/>\n\t<meta property=\"og:image:height\" content=\"1176\" \/>\n\t<meta property=\"og:image:type\" content=\"image\/jpeg\" \/>\n<meta name=\"twitter:card\" content=\"summary_large_image\" \/>\n<meta name=\"twitter:label1\" content=\"Gesch\u00e4tzte Lesezeit\" \/>\n\t<meta name=\"twitter:data1\" content=\"1\u00a0Minute\" \/>\n<script type=\"application\/ld+json\" class=\"yoast-schema-graph\">{\"@context\":\"https:\/\/schema.org\",\"@graph\":[{\"@type\":\"WebPage\",\"@id\":\"https:\/\/versano.nl\/shop\/dames-leren-biker-jack-zwart-dubbele-rits-versano\/\",\"url\":\"https:\/\/versano.nl\/shop\/dames-leren-biker-jack-zwart-dubbele-rits-versano\/\",\"name\":\"Dames leren biker jack zwart dubbele rits Versano\",\"isPartOf\":{\"@id\":\"https:\/\/versano.nl\/#website\"},\"primaryImageOfPage\":{\"@id\":\"https:\/\/versano.nl\/shop\/dames-leren-biker-jack-zwart-dubbele-rits-versano\/#primaryimage\"},\"image\":{\"@id\":\"https:\/\/versano.nl\/shop\/dames-leren-biker-jack-zwart-dubbele-rits-versano\/#primaryimage\"},\"thumbnailUrl\":\"https:\/\/versano.nl\/wp-content\/uploads\/2018\/04\/leren-bikerjack-dames-zwart-dubbele-rits-versano-342-model.jpg\",\"datePublished\":\"2018-04-14T20:04:29+00:00\",\"dateModified\":\"2021-02-05T14:49:40+00:00\",\"description\":\"Deze Dames leren biker jack zwart dubbele rits Versano is gemaakt van lamsleder en voelt erg soepel en glad aan. De jas heeft een stoere motor look\",\"breadcrumb\":{\"@id\":\"https:\/\/versano.nl\/shop\/dames-leren-biker-jack-zwart-dubbele-rits-versano\/#breadcrumb\"},\"inLanguage\":\"de\",\"potentialAction\":[{\"@type\":\"ReadAction\",\"target\":[\"https:\/\/versano.nl\/shop\/dames-leren-biker-jack-zwart-dubbele-rits-versano\/\"]}]},{\"@type\":\"ImageObject\",\"inLanguage\":\"de\",\"@id\":\"https:\/\/versano.nl\/shop\/dames-leren-biker-jack-zwart-dubbele-rits-versano\/#primaryimage\",\"url\":\"https:\/\/versano.nl\/wp-content\/uploads\/2018\/04\/leren-bikerjack-dames-zwart-dubbele-rits-versano-342-model.jpg\",\"contentUrl\":\"https:\/\/versano.nl\/wp-content\/uploads\/2018\/04\/leren-bikerjack-dames-zwart-dubbele-rits-versano-342-model.jpg\",\"width\":900,\"height\":1176,\"caption\":\"leren-bikerjack-dames-zwart-dubbele-rits-versano-342-model\"},{\"@type\":\"BreadcrumbList\",\"@id\":\"https:\/\/versano.nl\/shop\/dames-leren-biker-jack-zwart-dubbele-rits-versano\/#breadcrumb\",\"itemListElement\":[{\"@type\":\"ListItem\",\"position\":1,\"name\":\"Home\",\"item\":\"https:\/\/versano.nl\/\"},{\"@type\":\"ListItem\",\"position\":2,\"name\":\"Shop\",\"item\":\"https:\/\/versano.nl\/shop\/\"},{\"@type\":\"ListItem\",\"position\":3,\"name\":\"Dames leren biker jack zwart dubbele rits Versano\"}]},{\"@type\":\"WebSite\",\"@id\":\"https:\/\/versano.nl\/#website\",\"url\":\"https:\/\/versano.nl\/\",\"name\":\"Versano\",\"description\":\"winterjassen met bontkraag | leren dames jassen | leren heren jassen\",\"potentialAction\":[{\"@type\":\"SearchAction\",\"target\":{\"@type\":\"EntryPoint\",\"urlTemplate\":\"https:\/\/versano.nl\/?s={search_term_string}\"},\"query-input\":{\"@type\":\"PropertyValueSpecification\",\"valueRequired\":true,\"valueName\":\"search_term_string\"}}],\"inLanguage\":\"de\"}]}<\/script>\n<!-- \/ Yoast SEO plugin. -->","yoast_head_json":{"title":"Damen Leder Bikerjacke schwarz Doppel-Rei\u00dfverschluss Versano","description":"Diese Damen Leder Bikerjacke schwarzer Doppelrei\u00dfverschluss Versano ist aus Lammleder gefertigt und f\u00fchlt sich sehr glatt und geschmeidig an. Die Jacke hat einen coolen Motorrad-Look","robots":{"index":"index","follow":"follow","max-snippet":"max-snippet:-1","max-image-preview":"max-image-preview:large","max-video-preview":"max-video-preview:-1"},"canonical":"https:\/\/versano.nl\/de\/shop\/dames-leren-biker-jack-zwart-dubbele-rits-versano\/","og_locale":"de_DE","og_type":"article","og_title":"Dames leren biker jack zwart dubbele rits Versano","og_description":"Deze Dames leren biker jack zwart dubbele rits Versano is gemaakt van lamsleder en voelt erg soepel en glad aan. De jas heeft een stoere motor look","og_url":"https:\/\/versano.nl\/de\/shop\/dames-leren-biker-jack-zwart-dubbele-rits-versano\/","og_site_name":"Versano","article_modified_time":"2021-02-05T14:49:40+00:00","og_image":[{"width":900,"height":1176,"url":"https:\/\/versano.nl\/wp-content\/uploads\/2018\/04\/leren-bikerjack-dames-zwart-dubbele-rits-versano-342-model.jpg","type":"image\/jpeg"}],"twitter_card":"summary_large_image","twitter_misc":{"Gesch\u00e4tzte Lesezeit":"1\u00a0Minute"},"schema":{"@context":"https:\/\/schema.org","@graph":[{"@type":"WebPage","@id":"https:\/\/versano.nl\/shop\/dames-leren-biker-jack-zwart-dubbele-rits-versano\/","url":"https:\/\/versano.nl\/shop\/dames-leren-biker-jack-zwart-dubbele-rits-versano\/","name":"Damen Leder Bikerjacke schwarz Doppel-Rei\u00dfverschluss Versano","isPartOf":{"@id":"https:\/\/versano.nl\/#website"},"primaryImageOfPage":{"@id":"https:\/\/versano.nl\/shop\/dames-leren-biker-jack-zwart-dubbele-rits-versano\/#primaryimage"},"image":{"@id":"https:\/\/versano.nl\/shop\/dames-leren-biker-jack-zwart-dubbele-rits-versano\/#primaryimage"},"thumbnailUrl":"https:\/\/versano.nl\/wp-content\/uploads\/2018\/04\/leren-bikerjack-dames-zwart-dubbele-rits-versano-342-model.jpg","datePublished":"2018-04-14T20:04:29+00:00","dateModified":"2021-02-05T14:49:40+00:00","description":"Diese Damen Leder Bikerjacke schwarzer Doppelrei\u00dfverschluss Versano ist aus Lammleder gefertigt und f\u00fchlt sich sehr glatt und geschmeidig an. Die Jacke hat einen coolen Motorrad-Look","breadcrumb":{"@id":"https:\/\/versano.nl\/shop\/dames-leren-biker-jack-zwart-dubbele-rits-versano\/#breadcrumb"},"inLanguage":"de","potentialAction":[{"@type":"ReadAction","target":["https:\/\/versano.nl\/shop\/dames-leren-biker-jack-zwart-dubbele-rits-versano\/"]}]},{"@type":"ImageObject","inLanguage":"de","@id":"https:\/\/versano.nl\/shop\/dames-leren-biker-jack-zwart-dubbele-rits-versano\/#primaryimage","url":"https:\/\/versano.nl\/wp-content\/uploads\/2018\/04\/leren-bikerjack-dames-zwart-dubbele-rits-versano-342-model.jpg","contentUrl":"https:\/\/versano.nl\/wp-content\/uploads\/2018\/04\/leren-bikerjack-dames-zwart-dubbele-rits-versano-342-model.jpg","width":900,"height":1176,"caption":"leren-bikerjack-dames-zwart-dubbele-rits-versano-342-model"},{"@type":"BreadcrumbList","@id":"https:\/\/versano.nl\/shop\/dames-leren-biker-jack-zwart-dubbele-rits-versano\/#breadcrumb","itemListElement":[{"@type":"ListItem","position":1,"name":"Home","item":"https:\/\/versano.nl\/"},{"@type":"ListItem","position":2,"name":"Shop","item":"https:\/\/versano.nl\/shop\/"},{"@type":"ListItem","position":3,"name":"Dames leren biker jack zwart dubbele rits Versano"}]},{"@type":"WebSite","@id":"https:\/\/versano.nl\/#website","url":"https:\/\/versano.nl\/","name":"Versano","description":"Winterm\u00e4ntel mit Pelzkragen | Damen Lederjacken | Herren Lederjacken","potentialAction":[{"@type":"SearchAction","target":{"@type":"EntryPoint","urlTemplate":"https:\/\/versano.nl\/?s={search_term_string}"},"query-input":{"@type":"PropertyValueSpecification","valueRequired":true,"valueName":"search_term_string"}}],"inLanguage":"de"}]}},"_links":{"self":[{"href":"https:\/\/versano.nl\/de\/wp-json\/wp\/v2\/product\/7675","targetHints":{"allow":["GET"]}}],"collection":[{"href":"https:\/\/versano.nl\/de\/wp-json\/wp\/v2\/product"}],"about":[{"href":"https:\/\/versano.nl\/de\/wp-json\/wp\/v2\/types\/product"}],"replies":[{"embeddable":true,"href":"https:\/\/versano.nl\/de\/wp-json\/wp\/v2\/comments?post=7675"}],"wp:featuredmedia":[{"embeddable":true,"href":"https:\/\/versano.nl\/de\/wp-json\/wp\/v2\/media\/7741"}],"wp:attachment":[{"href":"https:\/\/versano.nl\/de\/wp-json\/wp\/v2\/media?parent=7675"}],"wp:term":[{"taxonomy":"product_brand","embeddable":true,"href":"https:\/\/versano.nl\/de\/wp-json\/wp\/v2\/product_brand?post=7675"},{"taxonomy":"product_cat","embeddable":true,"href":"https:\/\/versano.nl\/de\/wp-json\/wp\/v2\/product_cat?post=7675"},{"taxonomy":"product_tag","embeddable":true,"href":"https:\/\/versano.nl\/de\/wp-json\/wp\/v2\/product_tag?post=7675"}],"curies":[{"name":"wp","href":"https:\/\/api.w.org\/{rel}","templated":true}]}}