{"id":6667,"date":"2017-10-29T12:30:45","date_gmt":"2017-10-29T12:30:45","guid":{"rendered":"https:\/\/leathershopdoci.nl\/?post_type=product&#038;p=15730"},"modified":"2026-04-16T17:46:38","modified_gmt":"2026-04-16T17:46:38","slug":"leren-jasje-dames-biker-model-zwart-versano-miami","status":"publish","type":"product","link":"https:\/\/versano.nl\/de\/shop\/leren-jasje-dames-biker-model-zwart-versano-miami\/","title":{"rendered":"Leder Damenjacke Biker Miami schwarz Versano"},"content":{"rendered":"<h2>Leder Damenjacke Biker Miami schwarz Versano<\/h2>\n<p>Bei dieser Lederjacke von Versano hat man sich f\u00fcr den Namen Miami entschieden. Dies liegt daran, dass dies eine Jacke ist, die in dieser amerikanischen Stadt definitiv nicht fehl am Platz w\u00e4re. Aber seien wir mal ehrlich, egal wo du tr\u00e4gst die Leder Damenjacke Biker Miami schwarz Versano, sie steht dir \u00fcberall gut! Es ist eine Jacke, die aus sch\u00f6nem, geschmeidigem und weichem Lammleder gefertigt ist. So erhalten Sie eine Jacke, die wunderbar sitzt, perfekt aussieht und eine extrem sch\u00f6ne Waschung hat. Dies ist eines der Grundmodelle von Versano und als solches auch einer unserer Erfolge. Diese Jacke ist in strapazierf\u00e4higem Lammleder erh\u00e4ltlich, aber wenn Sie das lieber nicht tragen m\u00f6chten, gibt es auch verschiedene Modelle in Lederimitat.<\/p>\n<h2>Miami in schwarz bestellen<\/h2>\n<p>Bei Versano wissen sie, wie man eine coole Bikerjacke designt, die auch nicht zu viel ist. Mit anderen Worten, diese Jacke macht sich perfekt auf dem Motorrad, aber auch, wenn Sie abends ausgehen oder nachmittags einkaufen gehen. Diese Jacke ist nicht nur in Schwarz erh\u00e4ltlich, sondern auch in den Farben: Gr\u00fcn, Rot, Cognac, Blau und Braun. Wir empfehlen Ihnen daher, einfach zu schauen, welche Farbe Ihrer Meinung nach am besten zu Ihrem eigenen Stil passt. Wenn Sie diese Jacke bei uns bestellen, erhalten Sie eine Jacke, die ein Leben lang sch\u00f6n bleibt. Die Farbe l\u00e4sst sich gut kombinieren und passt zu fast allen Outfits. Sein italienisches Design sorgt daf\u00fcr, dass die Jacke eng anliegt und trotzdem angenehm zu tragen ist.<\/p>\n<p>Marke:\u00a0<a href=\"https:\/\/versano.nl\/\" target=\"_blank\" rel=\"noopener noreferrer\">Versano<\/a><br \/>\nMaterial: 100% Lammfell<br \/>\nFutter: 100% Polyester<br \/>\nL\u00e4nge: kurz<br \/>\nPassform: fest sitzend<br \/>\nSchlie\u00dfung: Rei\u00dfverschluss<br \/>\nTaschen: RV-Taschen<br \/>\nKragen: Stehkragen<br \/>\nMaterial Au\u00dfenschicht: hohe Qualit\u00e4t und weiches Lammfell<br \/>\nLieferzeit: 2-3 Werktage<\/p>","protected":false},"excerpt":{"rendered":"<p><strong>W\u00c4HLEN SIE HIER EINE ANDERE FARBE<\/strong><\/p>\n<p><span style=\"color: #ff0000;\"><a href=\"https:\/\/versano.nl\/shop\/leren-dames-jas-bikerlook-groen-versano-miami\/\"><img loading=\"lazy\" decoding=\"async\" class=\"alignnone size-full wp-image-19873\" src=\"https:\/\/versano.nl\/wp-content\/uploads\/sites\/2\/2020\/04\/groene-leren-dames-jas-biker-model-versano-miami-thumb.jpg\" alt=\"\" width=\"57\" height=\"75\" \/><\/a><a href=\"https:\/\/versano.nl\/shop\/leren-biker-jas-dames-blauw-miami-versano\/\"><img loading=\"lazy\" decoding=\"async\" class=\"alignnone size-full wp-image-19875\" src=\"https:\/\/versano.nl\/wp-content\/uploads\/sites\/2\/2020\/04\/leren-jas-dames-blauw-biker-jack-miami-versano-voorkant-thumb.jpg\" alt=\"\" width=\"57\" height=\"75\" \/><\/a><a href=\"https:\/\/versano.nl\/shop\/biker-jas-dames-leer-bruin-miami-versano\/\"><img loading=\"lazy\" decoding=\"async\" class=\"alignnone size-full wp-image-19876\" src=\"https:\/\/versano.nl\/wp-content\/uploads\/sites\/2\/2020\/04\/leren-jas-dames-bruin-biker-jack-miami-versano-voorkant-thumb.jpg\" alt=\"\" width=\"57\" height=\"75\" \/><\/a><a href=\"https:\/\/versano.nl\/shop\/dames-leren-jas-cognac-miami-versano\/\"><img loading=\"lazy\" decoding=\"async\" class=\"alignnone size-full wp-image-19877\" src=\"https:\/\/versano.nl\/wp-content\/uploads\/sites\/2\/2020\/04\/leren-jas-dames-cognac-biker-jack-miami-versano-voorkant-thumb.jpg\" alt=\"\" width=\"57\" height=\"75\" \/><\/a><a href=\"https:\/\/versano.nl\/shop\/dames-leren-jasje-versano-miami-rood\/\"><img loading=\"lazy\" decoding=\"async\" class=\"alignnone size-full wp-image-19874\" src=\"https:\/\/versano.nl\/wp-content\/uploads\/sites\/2\/2020\/04\/leren-dames-biker-jack-rood-miami-versano-thumb.jpg\" alt=\"\" width=\"56\" height=\"75\" \/><\/a><\/span><\/p>\n<p><span style=\"color: #ff0000;\">Fit Beratung<\/span> <span style=\"color: #ff0000;\">:<\/span>\u00a0Die Passform dieser Jacke ist eng geschnitten. Unser Modell ist 1,68 cm gro\u00df und tr\u00e4gt eine Gr\u00f6\u00dfe S.<\/p>\n<p>Wenn Sie sich bei Ihren Ma\u00dfen nicht sicher sind, empfehlen wir Ihnen, zuerst Ihre Gr\u00f6\u00dfenma\u00dfe zu messen und sie mit unserer Gr\u00f6\u00dfentabelle zu vergleichen. Wenn Sie keine Erfahrung mit der Messung von Umfangsgr\u00f6\u00dfen haben, klicken Sie auf\u00a0<a href=\"https:\/\/www.youtube.com\/watch?v=3ZSfY87v6pM\"><em>HIER<\/em>\u00a0<\/a>\u00a0zu\u00a0<a href=\"https:\/\/www.youtube.com\/watch?v=3ZSfY87v6pM\"><em><span style=\"color: #ff0000;\">VIDEO<\/span><\/em><\/a>\u00a0 mit Anweisungen. Sie k\u00f6nnen uns auch direkt anrufen oder anrufen! Unsere Mitarbeiter stehen Ihnen jederzeit zur Verf\u00fcgung.<\/p>\n<p><strong>LIEFERZEIT :<\/strong>\u00a02 bis 3 Werktage.<\/p>","protected":false},"featured_media":33548,"comment_status":"open","ping_status":"closed","template":"","meta":[],"product_brand":[],"product_cat":[1472,1487,90,874,875,877,1470,879,1469,880,1712,881,882,890],"product_tag":[1577,1578,862,440,1557,1575,863,1576,1489,1573,1566,1574,421,353,864,865,866],"class_list":{"0":"post-6667","1":"product","2":"type-product","3":"status-publish","4":"has-post-thumbnail","6":"product_cat-biker-jas-dames","7":"product_cat-dames-biker-jas","8":"product_cat-dames-leren-jassen","9":"product_cat-kort-leren-jasje","10":"product_cat-kort-leren-jasje-dames","11":"product_cat-leren-bikerjacks-dames","12":"product_cat-leren-dames-jas","13":"product_cat-leren-dames-jassen","14":"product_cat-leren-jas-dames","15":"product_cat-leren-jasje-dames","16":"product_cat-leren-jassen","17":"product_cat-leren-jassen-dames","18":"product_cat-versano","19":"product_cat-zwarte-leren-jas-dames","20":"product_tag-bikerlook-dames-jas-zwart","21":"product_tag-bikerlook-dames-jassen","22":"product_tag-dames-biker-jack-cogac","23":"product_tag-dames-biker-jack-cognac","24":"product_tag-dames-leren-jassen-sale","25":"product_tag-goedlope-leren-dames-jassen","26":"product_tag-korte-leren-dames-jas-cognac","27":"product_tag-lamsleer-dames-jassen","28":"product_tag-leren-dames-biker-jas","29":"product_tag-leren-dames-jas-biker-look","30":"product_tag-leren-dames-jas-echt-leer","31":"product_tag-leren-dames-jas-lamsleer","32":"product_tag-leren-dames-jas-zwart","33":"product_tag-leren-dames-jasje-cognac","34":"product_tag-leren-dames-jassen-cognac","35":"product_tag-leren-jasje-cognac","36":"product_tag-online-leren-dames-jasjes","37":"tm-no-options","39":"first","40":"instock","41":"sale","42":"taxable","43":"shipping-taxable","44":"purchasable","45":"product-type-variable"},"yoast_head":"<!-- This site is optimized with the Yoast SEO plugin v27.2 - https:\/\/yoast.com\/product\/yoast-seo-wordpress\/ -->\n<title>Leren dames jas biker Miami zwart Versano, dames leren biker jas<\/title>\n<meta name=\"description\" content=\"De Leren dames jas biker Miami zwart van Versano heeft een mooie getailleerde pasvorm, en is verkrijgbaar in meerdere kleuren.\" \/>\n<meta name=\"robots\" content=\"index, follow, max-snippet:-1, max-image-preview:large, max-video-preview:-1\" \/>\n<link rel=\"canonical\" href=\"https:\/\/versano.nl\/de\/shop\/leren-jasje-dames-biker-model-zwart-versano-miami\/\" \/>\n<meta property=\"og:locale\" content=\"de_DE\" \/>\n<meta property=\"og:type\" content=\"article\" \/>\n<meta property=\"og:title\" content=\"Leren dames jas biker Miami zwart Versano, dames leren biker jas\" \/>\n<meta property=\"og:description\" content=\"De Leren dames jas biker Miami zwart van Versano heeft een mooie getailleerde pasvorm, en is verkrijgbaar in meerdere kleuren.\" \/>\n<meta property=\"og:url\" content=\"https:\/\/versano.nl\/de\/shop\/leren-jasje-dames-biker-model-zwart-versano-miami\/\" \/>\n<meta property=\"og:site_name\" content=\"Versano\" \/>\n<meta property=\"article:modified_time\" content=\"2026-04-16T17:46:38+00:00\" \/>\n<meta property=\"og:image\" content=\"https:\/\/versano.nl\/wp-content\/uploads\/2017\/10\/miami-zwart.jpg\" \/>\n\t<meta property=\"og:image:width\" content=\"600\" \/>\n\t<meta property=\"og:image:height\" content=\"800\" \/>\n\t<meta property=\"og:image:type\" content=\"image\/jpeg\" \/>\n<meta name=\"twitter:card\" content=\"summary_large_image\" \/>\n<meta name=\"twitter:label1\" content=\"Gesch\u00e4tzte Lesezeit\" \/>\n\t<meta name=\"twitter:data1\" content=\"2\u00a0Minuten\" \/>\n<script type=\"application\/ld+json\" class=\"yoast-schema-graph\">{\"@context\":\"https:\/\/schema.org\",\"@graph\":[{\"@type\":\"WebPage\",\"@id\":\"https:\/\/versano.nl\/shop\/leren-jasje-dames-biker-model-zwart-versano-miami\/\",\"url\":\"https:\/\/versano.nl\/shop\/leren-jasje-dames-biker-model-zwart-versano-miami\/\",\"name\":\"Leren dames jas biker Miami zwart Versano, dames leren biker jas\",\"isPartOf\":{\"@id\":\"https:\/\/versano.nl\/#website\"},\"primaryImageOfPage\":{\"@id\":\"https:\/\/versano.nl\/shop\/leren-jasje-dames-biker-model-zwart-versano-miami\/#primaryimage\"},\"image\":{\"@id\":\"https:\/\/versano.nl\/shop\/leren-jasje-dames-biker-model-zwart-versano-miami\/#primaryimage\"},\"thumbnailUrl\":\"https:\/\/versano.nl\/wp-content\/uploads\/2017\/10\/miami-zwart.jpg\",\"datePublished\":\"2017-10-29T12:30:45+00:00\",\"dateModified\":\"2026-04-16T17:46:38+00:00\",\"description\":\"De Leren dames jas biker Miami zwart van Versano heeft een mooie getailleerde pasvorm, en is verkrijgbaar in meerdere kleuren.\",\"breadcrumb\":{\"@id\":\"https:\/\/versano.nl\/shop\/leren-jasje-dames-biker-model-zwart-versano-miami\/#breadcrumb\"},\"inLanguage\":\"de\",\"potentialAction\":[{\"@type\":\"ReadAction\",\"target\":[\"https:\/\/versano.nl\/shop\/leren-jasje-dames-biker-model-zwart-versano-miami\/\"]}]},{\"@type\":\"ImageObject\",\"inLanguage\":\"de\",\"@id\":\"https:\/\/versano.nl\/shop\/leren-jasje-dames-biker-model-zwart-versano-miami\/#primaryimage\",\"url\":\"https:\/\/versano.nl\/wp-content\/uploads\/2017\/10\/miami-zwart.jpg\",\"contentUrl\":\"https:\/\/versano.nl\/wp-content\/uploads\/2017\/10\/miami-zwart.jpg\",\"width\":600,\"height\":800,\"caption\":\"Leren dames jas biker\"},{\"@type\":\"BreadcrumbList\",\"@id\":\"https:\/\/versano.nl\/shop\/leren-jasje-dames-biker-model-zwart-versano-miami\/#breadcrumb\",\"itemListElement\":[{\"@type\":\"ListItem\",\"position\":1,\"name\":\"Home\",\"item\":\"https:\/\/versano.nl\/\"},{\"@type\":\"ListItem\",\"position\":2,\"name\":\"Shop\",\"item\":\"https:\/\/versano.nl\/shop\/\"},{\"@type\":\"ListItem\",\"position\":3,\"name\":\"Leren dames jas biker Miami zwart Versano\"}]},{\"@type\":\"WebSite\",\"@id\":\"https:\/\/versano.nl\/#website\",\"url\":\"https:\/\/versano.nl\/\",\"name\":\"Versano\",\"description\":\"winterjassen met bontkraag | leren dames jassen | leren heren jassen\",\"potentialAction\":[{\"@type\":\"SearchAction\",\"target\":{\"@type\":\"EntryPoint\",\"urlTemplate\":\"https:\/\/versano.nl\/?s={search_term_string}\"},\"query-input\":{\"@type\":\"PropertyValueSpecification\",\"valueRequired\":true,\"valueName\":\"search_term_string\"}}],\"inLanguage\":\"de\"}]}<\/script>\n<!-- \/ Yoast SEO plugin. -->","yoast_head_json":{"title":"Leder Damen Bikerjacke Miami schwarz Versano, Damen Leder Bikerjacke","description":"Die Damen Lederjacke Biker Miami schwarz von Versano hat eine sch\u00f6ne taillierte Passform und ist in mehreren Farben erh\u00e4ltlich.","robots":{"index":"index","follow":"follow","max-snippet":"max-snippet:-1","max-image-preview":"max-image-preview:large","max-video-preview":"max-video-preview:-1"},"canonical":"https:\/\/versano.nl\/de\/shop\/leren-jasje-dames-biker-model-zwart-versano-miami\/","og_locale":"de_DE","og_type":"article","og_title":"Leren dames jas biker Miami zwart Versano, dames leren biker jas","og_description":"De Leren dames jas biker Miami zwart van Versano heeft een mooie getailleerde pasvorm, en is verkrijgbaar in meerdere kleuren.","og_url":"https:\/\/versano.nl\/de\/shop\/leren-jasje-dames-biker-model-zwart-versano-miami\/","og_site_name":"Versano","article_modified_time":"2026-04-16T17:46:38+00:00","og_image":[{"width":600,"height":800,"url":"https:\/\/versano.nl\/wp-content\/uploads\/2017\/10\/miami-zwart.jpg","type":"image\/jpeg"}],"twitter_card":"summary_large_image","twitter_misc":{"Gesch\u00e4tzte Lesezeit":"2\u00a0Minuten"},"schema":{"@context":"https:\/\/schema.org","@graph":[{"@type":"WebPage","@id":"https:\/\/versano.nl\/shop\/leren-jasje-dames-biker-model-zwart-versano-miami\/","url":"https:\/\/versano.nl\/shop\/leren-jasje-dames-biker-model-zwart-versano-miami\/","name":"Leder Damen Bikerjacke Miami schwarz Versano, Damen Leder Bikerjacke","isPartOf":{"@id":"https:\/\/versano.nl\/#website"},"primaryImageOfPage":{"@id":"https:\/\/versano.nl\/shop\/leren-jasje-dames-biker-model-zwart-versano-miami\/#primaryimage"},"image":{"@id":"https:\/\/versano.nl\/shop\/leren-jasje-dames-biker-model-zwart-versano-miami\/#primaryimage"},"thumbnailUrl":"https:\/\/versano.nl\/wp-content\/uploads\/2017\/10\/miami-zwart.jpg","datePublished":"2017-10-29T12:30:45+00:00","dateModified":"2026-04-16T17:46:38+00:00","description":"Die Damen Lederjacke Biker Miami schwarz von Versano hat eine sch\u00f6ne taillierte Passform und ist in mehreren Farben erh\u00e4ltlich.","breadcrumb":{"@id":"https:\/\/versano.nl\/shop\/leren-jasje-dames-biker-model-zwart-versano-miami\/#breadcrumb"},"inLanguage":"de","potentialAction":[{"@type":"ReadAction","target":["https:\/\/versano.nl\/shop\/leren-jasje-dames-biker-model-zwart-versano-miami\/"]}]},{"@type":"ImageObject","inLanguage":"de","@id":"https:\/\/versano.nl\/shop\/leren-jasje-dames-biker-model-zwart-versano-miami\/#primaryimage","url":"https:\/\/versano.nl\/wp-content\/uploads\/2017\/10\/miami-zwart.jpg","contentUrl":"https:\/\/versano.nl\/wp-content\/uploads\/2017\/10\/miami-zwart.jpg","width":600,"height":800,"caption":"Leren dames jas biker"},{"@type":"BreadcrumbList","@id":"https:\/\/versano.nl\/shop\/leren-jasje-dames-biker-model-zwart-versano-miami\/#breadcrumb","itemListElement":[{"@type":"ListItem","position":1,"name":"Home","item":"https:\/\/versano.nl\/"},{"@type":"ListItem","position":2,"name":"Shop","item":"https:\/\/versano.nl\/shop\/"},{"@type":"ListItem","position":3,"name":"Leren dames jas biker Miami zwart Versano"}]},{"@type":"WebSite","@id":"https:\/\/versano.nl\/#website","url":"https:\/\/versano.nl\/","name":"Versano","description":"Winterm\u00e4ntel mit Pelzkragen | Damen Lederjacken | Herren Lederjacken","potentialAction":[{"@type":"SearchAction","target":{"@type":"EntryPoint","urlTemplate":"https:\/\/versano.nl\/?s={search_term_string}"},"query-input":{"@type":"PropertyValueSpecification","valueRequired":true,"valueName":"search_term_string"}}],"inLanguage":"de"}]}},"_links":{"self":[{"href":"https:\/\/versano.nl\/de\/wp-json\/wp\/v2\/product\/6667","targetHints":{"allow":["GET"]}}],"collection":[{"href":"https:\/\/versano.nl\/de\/wp-json\/wp\/v2\/product"}],"about":[{"href":"https:\/\/versano.nl\/de\/wp-json\/wp\/v2\/types\/product"}],"replies":[{"embeddable":true,"href":"https:\/\/versano.nl\/de\/wp-json\/wp\/v2\/comments?post=6667"}],"wp:featuredmedia":[{"embeddable":true,"href":"https:\/\/versano.nl\/de\/wp-json\/wp\/v2\/media\/33548"}],"wp:attachment":[{"href":"https:\/\/versano.nl\/de\/wp-json\/wp\/v2\/media?parent=6667"}],"wp:term":[{"taxonomy":"product_brand","embeddable":true,"href":"https:\/\/versano.nl\/de\/wp-json\/wp\/v2\/product_brand?post=6667"},{"taxonomy":"product_cat","embeddable":true,"href":"https:\/\/versano.nl\/de\/wp-json\/wp\/v2\/product_cat?post=6667"},{"taxonomy":"product_tag","embeddable":true,"href":"https:\/\/versano.nl\/de\/wp-json\/wp\/v2\/product_tag?post=6667"}],"curies":[{"name":"wp","href":"https:\/\/api.w.org\/{rel}","templated":true}]}}