{"id":641,"date":"2016-12-17T18:43:56","date_gmt":"2016-12-17T18:43:56","guid":{"rendered":"http:\/\/leathershopdoci.nl\/?post_type=product&#038;p=12632"},"modified":"2024-12-13T11:39:07","modified_gmt":"2024-12-13T11:39:07","slug":"heren-winterjas-bontkraag-met-badges-cobra-versano-zwart","status":"publish","type":"product","link":"https:\/\/versano.nl\/de\/shop\/heren-winterjas-bontkraag-met-badges-cobra-versano-zwart\/","title":{"rendered":"Herren Winterjacke mit Fellkragen Cobra schwarz Versano"},"content":{"rendered":"<h2>Herren Winterjacke mit Fellkragen Cobra schwarz Versano<\/h2>\n<p><span style=\"font-size: 11.0pt; font-family: 'Arial',sans-serif;\">Diese coole Herren Winterjacke mit Fellkragen Cobra schwarz Versano ist sch\u00f6n verarbeitet mit Badges an Brust, Armen und an den Seitentaschen. Sowohl der untere Saum als auch die \u00c4rmel der Jacke sind mit einem gestrickten Gummizugb\u00fcndchen versehen, damit die Jacke sch\u00f6n schlie\u00dft. Der Waschb\u00e4rpelzkragen ist optional (separat zu bestellen). Nat\u00fcrlich kann der Pelzkragen auch in Kunstpelz in verschiedenen Farben bestellt werden. Mit dieser Pilotenjacke f\u00fcr Herren von Versano erhalten Sie eine Jacke, an der Sie sicher lange Freude haben werden. Dies ist eine Jacke, mit der Sie sicher sein k\u00f6nnen, dass Sie sie auch bei schlechtem Wetter genie\u00dfen werden. Sie h\u00e4lt warm und ist so sch\u00f6n gestaltet, dass Sie damit bestimmt auffallen werden. Die Jacke hat eine schmale Passform und ist auch in schwarz-wei\u00df und schwarz erh\u00e4ltlich.<\/span><\/p>\n<h2><span style=\"font-size: 11.0pt; font-family: 'Arial',sans-serif;\">Cobra-Modell in schwarz bestellen<\/span><\/h2>\n<p><span style=\"font-size: 11.0pt; font-family: 'Arial',sans-serif;\">Mit der Herren Winterjacke mit Fellkragen Cobra schwarz von Versano kannst du dir sicher sein, dass du den ganzen Winter lang ein Patent hast. Dieses Modell k\u00f6nnen Sie ganz einfach im Versano Webshop bestellen. Hier haben wir alle unsere Jacken f\u00fcr Sie zusammengestellt, damit Sie ganz einfach eine Bestellung aufgeben k\u00f6nnen. Bei Versano k\u00f6nnen Sie sich immer sicher sein, einen sch\u00f6nen und sorgf\u00e4ltig verarbeiteten Mantel zu kaufen. Bei uns k\u00f6nnen Sie ganz einfach die richtige Gr\u00f6\u00dfe anhand unserer smarten Anleitungsvideos ausw\u00e4hlen. Haben Sie Fragen oder sind Sie sich nicht sicher, welche Gr\u00f6\u00dfe Sie bestellen sollen? Dann k\u00f6nnen Sie uns jederzeit per Mail oder WhatsApp kontaktieren. Unsere Mitarbeiter m\u00f6chten Ihnen helfen!<\/span><\/p>\n<p><span style=\"font-size: 11.0pt; font-family: 'Arial',sans-serif;\">\u00a0<\/span><\/p>\n<p><span style=\"font-size: 11.0pt; font-family: 'Arial',sans-serif;\">Marke: <a title=\"versano\" href=\"https:\/\/versano.nl\/\" target=\"_blank\" rel=\"noopener noreferrer\">Versano<\/a><br \/>\nL\u00e4nge: kurz<br \/>\nPassform: ausgestattet<br \/>\nFutter: 100% Polyester<br \/>\nBelagdicke: 200 Gramm ausgekleideten dicke<br \/>\n\u00c4rmell\u00e4nge: lang\u00e4rmelige<br \/>\nHOOD ausgekleidete, Massiv<br \/>\nExtras: verst\u00e4rkte N\u00e4hte<br \/>\nSchlie\u00dfen: Rei\u00dfverschluss mit Schutzklappe und Riemen<br \/>\nTaschen: Seitentaschen, Innen<br \/>\nFunktion: wasserdicht, winddicht<br \/>\nMaterialau\u00dfenschicht: 100% Polyester<br \/>\nZubeh\u00f6r: Pelzkragen (optional)<\/span><\/p>\n<p><span style=\"font-size: 11.0pt; font-family: 'Arial',sans-serif;\">Lieferzeit: 2-3 Werktage<\/span><\/p>\n<p><strong>OPTIONAL: REAL FUR COLLAR RACCOON RACCOON ART OF FUR<\/strong><\/p>","protected":false},"excerpt":{"rendered":"<p>W\u00c4HLEN SIE HIER EINE ANDERE FARBE<\/p>\n<p><a href=\"https:\/\/versano.nl\/shop\/heren-winterjas-bontkraag-piloten-model-versano-effen-groen\/\"><img loading=\"lazy\" decoding=\"async\" class=\"alignnone size-full wp-image-19708\" src=\"https:\/\/versano.nl\/wp-content\/uploads\/sites\/2\/2019\/11\/heren-winterjas-met-bontkraag-groen-piloten-model-versano-thumb.jpg\" alt=\"\" width=\"57\" height=\"75\" \/><\/a><a href=\"https:\/\/versano.nl\/shop\/heren-piloten-winterjas-bontkraag-met-badges-wit-zwart-cobra-versano\/\"><img loading=\"lazy\" decoding=\"async\" class=\"alignnone size-full wp-image-19710\" src=\"https:\/\/versano.nl\/wp-content\/uploads\/sites\/2\/2019\/11\/heren-winter-pitotenjack-wit-zwart-cobra-versano-thumb.jpg\" alt=\"\" width=\"57\" height=\"75\" \/><\/a><\/p>\n<p style=\"background: white; margin: 0cm 0cm 15.0pt 0cm;\"><strong><span style=\"font-size: 9.5pt; font-family: 'Arial',sans-serif; color: red;\">Fit Beratung:\u00a0<\/span><\/strong><span style=\"font-size: 9.5pt; font-family: 'Arial',sans-serif; color: #555555;\">Die Passform dieser Jacke ist schmal geschnitten. Unser Model ist 1,80 cm gro\u00df und tr\u00e4gt Gr\u00f6\u00dfe M.<\/span><\/p>\n<p style=\"background: white; text-align: start; margin: 0cm 0cm 15.0pt 0cm;\"><span style=\"font-size: 9.5pt; font-family: 'Arial',sans-serif; color: #555555;\">Wenn Sie sich bei Ihren Ma\u00dfen nicht sicher sind, empfehlen wir Ihnen, zuerst Ihre Gr\u00f6\u00dfenma\u00dfe zu messen und sie mit unserer Gr\u00f6\u00dfentabelle zu vergleichen. Wenn Sie keine Erfahrung mit der Messung von Umfangsgr\u00f6\u00dfen haben, klicken Sie auf\u00a0<a style=\"line-height: inherit;\" href=\"https:\/\/www.youtube.com\/watch?v=3ZSfY87v6pM\"><em style=\"line-height: inherit;\"><span style=\"font-family: 'Arial',sans-serif; color: #333333; text-decoration: none;\">HIER<\/span><\/em><span style=\"color: #333333;\">\u00a0<\/span><\/a>\u00a0zu\u00a0<\/span><span style=\"font-size: 9.5pt; font-family: 'Arial',sans-serif; color: red;\"><a style=\"line-height: inherit;\" href=\"https:\/\/www.youtube.com\/watch?v=3ZSfY87v6pM\"><em style=\"line-height: inherit;\"><span style=\"font-family: 'Arial',sans-serif; color: red; text-decoration: none;\">VIDEO<\/span><\/em><\/a><\/span><span style=\"font-size: 9.5pt; font-family: 'Arial',sans-serif; color: #555555;\">\u00a0 mit Anweisungen. Sie k\u00f6nnen uns auch direkt anrufen oder anrufen! Unsere Mitarbeiter stehen Ihnen jederzeit zur Verf\u00fcgung.<\/span><\/p>\n<p style=\"background: white; text-align: start; margin: 0cm 0cm 15.0pt 0cm;\"><strong style=\"line-height: inherit;\"><span style=\"font-size: 9.5pt; font-family: 'Arial',sans-serif; color: #555555;\">LIEFERZEIT :<\/span><\/strong><span style=\"font-size: 9.5pt; font-family: 'Arial',sans-serif; color: #555555;\">\u00a02 bis 3 Werktage.<\/span><\/p>\n<p style=\"background: white; text-align: start; margin: 0cm 0cm 15.0pt 0cm;\"><span style=\"font-size: 9.5pt; font-family: 'Arial',sans-serif; color: red;\">WICHTIGE INFO:<\/span><span style=\"font-size: 9.5pt; font-family: 'Arial',sans-serif; color: #555555;\">\u00a0Sie k\u00f6nnen jede Versano-Jacke mit oder ohne Pelzkragen kaufen, der Pelzkragen ist nicht im Lieferumfang enthalten.<\/span><\/p>\n<p>&nbsp;<\/p>\n<p>&nbsp;<\/p>","protected":false},"featured_media":9445,"comment_status":"closed","ping_status":"closed","template":"","meta":[],"product_brand":[],"product_cat":[1403,146,231,1146,1596,1601,2060,1037,1080,882,1143,1147,1041,1081,1010,1404,1082,1547],"product_tag":[232,313,314,233,234,235,236,237,238,317,239,240],"class_list":{"0":"post-641","1":"product","2":"type-product","3":"status-publish","4":"has-post-thumbnail","6":"product_cat-bontkraag-jas","7":"product_cat-heren","8":"product_cat-heren-jassen-met-bontkraag","9":"product_cat-heren-winterjas","10":"product_cat-heren-winterjas-met-bontkraag","11":"product_cat-heren-winterjas-met-pels","12":"product_cat-heren-winterjassen","13":"product_cat-jas-met-bontkraag","14":"product_cat-jas-met-bontkraag-heren","15":"product_cat-versano","16":"product_cat-winterjas","17":"product_cat-winterjas-heren","18":"product_cat-winterjas-met-bontkraag","19":"product_cat-winterjas-met-bontkraag-heren","20":"product_cat-winterjas-met-bontkraag-jongens","21":"product_cat-winterjassen","22":"product_cat-winterjassen-met-bontkraag-heren","23":"product_cat-winterjassen-heren","24":"product_tag-air-force-heren-piloten-jas","25":"product_tag-bontjassen","26":"product_tag-bontjassen-voor-heren","27":"product_tag-heren-jas-met-badges","28":"product_tag-heren-piloten-jas-zwart","29":"product_tag-heren-pilotenjas","30":"product_tag-heren-pilotenjas-met-bontkraag","31":"product_tag-heren-winterjas-met-badges-en-bontkraag","32":"product_tag-jas-met-badges","33":"product_tag-versano-bontjassen","34":"product_tag-versano-piloten-jas-zwart","35":"product_tag-winterjas-met-badges","36":"tm-has-options","38":"first","39":"instock","40":"taxable","41":"shipping-taxable","42":"purchasable","43":"product-type-variable"},"yoast_head":"<!-- This site is optimized with the Yoast SEO plugin v27.2 - https:\/\/yoast.com\/product\/yoast-seo-wordpress\/ -->\n<title>Heren winterjas met bontkraag Cobra zwart Versano<\/title>\n<meta name=\"description\" content=\"Bent u op zoek naar een Heren winterjas met bontkraag Cobra zwart Versano? Dan bent u bij Versano aan het juiste adres voor winterjassen.\" \/>\n<meta name=\"robots\" content=\"index, follow, max-snippet:-1, max-image-preview:large, max-video-preview:-1\" \/>\n<link rel=\"canonical\" href=\"https:\/\/versano.nl\/de\/shop\/heren-winterjas-bontkraag-met-badges-cobra-versano-zwart\/\" \/>\n<meta property=\"og:locale\" content=\"de_DE\" \/>\n<meta property=\"og:type\" content=\"article\" \/>\n<meta property=\"og:title\" content=\"Heren winterjas met bontkraag Cobra zwart Versano\" \/>\n<meta property=\"og:description\" content=\"Bent u op zoek naar een Heren winterjas met bontkraag Cobra zwart Versano? Dan bent u bij Versano aan het juiste adres voor winterjassen.\" \/>\n<meta property=\"og:url\" content=\"https:\/\/versano.nl\/de\/shop\/heren-winterjas-bontkraag-met-badges-cobra-versano-zwart\/\" \/>\n<meta property=\"og:site_name\" content=\"Versano\" \/>\n<meta property=\"article:modified_time\" content=\"2024-12-13T11:39:07+00:00\" \/>\n<meta property=\"og:image\" content=\"https:\/\/versano.nl\/wp-content\/uploads\/2018\/08\/heren-winterjas-met-bontkraag-zwart-piloten-model-versano-model1.jpg\" \/>\n\t<meta property=\"og:image:width\" content=\"900\" \/>\n\t<meta property=\"og:image:height\" content=\"1176\" \/>\n\t<meta property=\"og:image:type\" content=\"image\/jpeg\" \/>\n<meta name=\"twitter:card\" content=\"summary_large_image\" \/>\n<meta name=\"twitter:label1\" content=\"Gesch\u00e4tzte Lesezeit\" \/>\n\t<meta name=\"twitter:data1\" content=\"2\u00a0Minuten\" \/>\n<script type=\"application\/ld+json\" class=\"yoast-schema-graph\">{\"@context\":\"https:\/\/schema.org\",\"@graph\":[{\"@type\":\"WebPage\",\"@id\":\"https:\/\/versano.nl\/shop\/heren-winterjas-bontkraag-met-badges-cobra-versano-zwart\/\",\"url\":\"https:\/\/versano.nl\/shop\/heren-winterjas-bontkraag-met-badges-cobra-versano-zwart\/\",\"name\":\"Heren winterjas met bontkraag Cobra zwart Versano\",\"isPartOf\":{\"@id\":\"https:\/\/versano.nl\/#website\"},\"primaryImageOfPage\":{\"@id\":\"https:\/\/versano.nl\/shop\/heren-winterjas-bontkraag-met-badges-cobra-versano-zwart\/#primaryimage\"},\"image\":{\"@id\":\"https:\/\/versano.nl\/shop\/heren-winterjas-bontkraag-met-badges-cobra-versano-zwart\/#primaryimage\"},\"thumbnailUrl\":\"https:\/\/versano.nl\/wp-content\/uploads\/2018\/08\/heren-winterjas-met-bontkraag-zwart-piloten-model-versano-model1.jpg\",\"datePublished\":\"2016-12-17T18:43:56+00:00\",\"dateModified\":\"2024-12-13T11:39:07+00:00\",\"description\":\"Bent u op zoek naar een Heren winterjas met bontkraag Cobra zwart Versano? Dan bent u bij Versano aan het juiste adres voor winterjassen.\",\"breadcrumb\":{\"@id\":\"https:\/\/versano.nl\/shop\/heren-winterjas-bontkraag-met-badges-cobra-versano-zwart\/#breadcrumb\"},\"inLanguage\":\"de\",\"potentialAction\":[{\"@type\":\"ReadAction\",\"target\":[\"https:\/\/versano.nl\/shop\/heren-winterjas-bontkraag-met-badges-cobra-versano-zwart\/\"]}]},{\"@type\":\"ImageObject\",\"inLanguage\":\"de\",\"@id\":\"https:\/\/versano.nl\/shop\/heren-winterjas-bontkraag-met-badges-cobra-versano-zwart\/#primaryimage\",\"url\":\"https:\/\/versano.nl\/wp-content\/uploads\/2018\/08\/heren-winterjas-met-bontkraag-zwart-piloten-model-versano-model1.jpg\",\"contentUrl\":\"https:\/\/versano.nl\/wp-content\/uploads\/2018\/08\/heren-winterjas-met-bontkraag-zwart-piloten-model-versano-model1.jpg\",\"width\":900,\"height\":1176,\"caption\":\"Heren winterjas met bontkraag Cobra zwart Versano\"},{\"@type\":\"BreadcrumbList\",\"@id\":\"https:\/\/versano.nl\/shop\/heren-winterjas-bontkraag-met-badges-cobra-versano-zwart\/#breadcrumb\",\"itemListElement\":[{\"@type\":\"ListItem\",\"position\":1,\"name\":\"Home\",\"item\":\"https:\/\/versano.nl\/\"},{\"@type\":\"ListItem\",\"position\":2,\"name\":\"Shop\",\"item\":\"https:\/\/versano.nl\/shop\/\"},{\"@type\":\"ListItem\",\"position\":3,\"name\":\"Heren winterjas met bontkraag Cobra zwart Versano\"}]},{\"@type\":\"WebSite\",\"@id\":\"https:\/\/versano.nl\/#website\",\"url\":\"https:\/\/versano.nl\/\",\"name\":\"Versano\",\"description\":\"winterjassen met bontkraag | leren dames jassen | leren heren jassen\",\"potentialAction\":[{\"@type\":\"SearchAction\",\"target\":{\"@type\":\"EntryPoint\",\"urlTemplate\":\"https:\/\/versano.nl\/?s={search_term_string}\"},\"query-input\":{\"@type\":\"PropertyValueSpecification\",\"valueRequired\":true,\"valueName\":\"search_term_string\"}}],\"inLanguage\":\"de\"}]}<\/script>\n<!-- \/ Yoast SEO plugin. -->","yoast_head_json":{"title":"Herren Winterjacke mit Fellkragen Cobra schwarz Versano","description":"Suchen Sie eine Herren Winterjacke mit Fellkragen Cobra schwarz Versano? Dann ist Versano der richtige Ort f\u00fcr Winterjacken.","robots":{"index":"index","follow":"follow","max-snippet":"max-snippet:-1","max-image-preview":"max-image-preview:large","max-video-preview":"max-video-preview:-1"},"canonical":"https:\/\/versano.nl\/de\/shop\/heren-winterjas-bontkraag-met-badges-cobra-versano-zwart\/","og_locale":"de_DE","og_type":"article","og_title":"Heren winterjas met bontkraag Cobra zwart Versano","og_description":"Bent u op zoek naar een Heren winterjas met bontkraag Cobra zwart Versano? Dan bent u bij Versano aan het juiste adres voor winterjassen.","og_url":"https:\/\/versano.nl\/de\/shop\/heren-winterjas-bontkraag-met-badges-cobra-versano-zwart\/","og_site_name":"Versano","article_modified_time":"2024-12-13T11:39:07+00:00","og_image":[{"width":900,"height":1176,"url":"https:\/\/versano.nl\/wp-content\/uploads\/2018\/08\/heren-winterjas-met-bontkraag-zwart-piloten-model-versano-model1.jpg","type":"image\/jpeg"}],"twitter_card":"summary_large_image","twitter_misc":{"Gesch\u00e4tzte Lesezeit":"2\u00a0Minuten"},"schema":{"@context":"https:\/\/schema.org","@graph":[{"@type":"WebPage","@id":"https:\/\/versano.nl\/shop\/heren-winterjas-bontkraag-met-badges-cobra-versano-zwart\/","url":"https:\/\/versano.nl\/shop\/heren-winterjas-bontkraag-met-badges-cobra-versano-zwart\/","name":"Herren Winterjacke mit Fellkragen Cobra schwarz Versano","isPartOf":{"@id":"https:\/\/versano.nl\/#website"},"primaryImageOfPage":{"@id":"https:\/\/versano.nl\/shop\/heren-winterjas-bontkraag-met-badges-cobra-versano-zwart\/#primaryimage"},"image":{"@id":"https:\/\/versano.nl\/shop\/heren-winterjas-bontkraag-met-badges-cobra-versano-zwart\/#primaryimage"},"thumbnailUrl":"https:\/\/versano.nl\/wp-content\/uploads\/2018\/08\/heren-winterjas-met-bontkraag-zwart-piloten-model-versano-model1.jpg","datePublished":"2016-12-17T18:43:56+00:00","dateModified":"2024-12-13T11:39:07+00:00","description":"Suchen Sie eine Herren Winterjacke mit Fellkragen Cobra schwarz Versano? Dann ist Versano der richtige Ort f\u00fcr Winterjacken.","breadcrumb":{"@id":"https:\/\/versano.nl\/shop\/heren-winterjas-bontkraag-met-badges-cobra-versano-zwart\/#breadcrumb"},"inLanguage":"de","potentialAction":[{"@type":"ReadAction","target":["https:\/\/versano.nl\/shop\/heren-winterjas-bontkraag-met-badges-cobra-versano-zwart\/"]}]},{"@type":"ImageObject","inLanguage":"de","@id":"https:\/\/versano.nl\/shop\/heren-winterjas-bontkraag-met-badges-cobra-versano-zwart\/#primaryimage","url":"https:\/\/versano.nl\/wp-content\/uploads\/2018\/08\/heren-winterjas-met-bontkraag-zwart-piloten-model-versano-model1.jpg","contentUrl":"https:\/\/versano.nl\/wp-content\/uploads\/2018\/08\/heren-winterjas-met-bontkraag-zwart-piloten-model-versano-model1.jpg","width":900,"height":1176,"caption":"Heren winterjas met bontkraag Cobra zwart Versano"},{"@type":"BreadcrumbList","@id":"https:\/\/versano.nl\/shop\/heren-winterjas-bontkraag-met-badges-cobra-versano-zwart\/#breadcrumb","itemListElement":[{"@type":"ListItem","position":1,"name":"Home","item":"https:\/\/versano.nl\/"},{"@type":"ListItem","position":2,"name":"Shop","item":"https:\/\/versano.nl\/shop\/"},{"@type":"ListItem","position":3,"name":"Heren winterjas met bontkraag Cobra zwart Versano"}]},{"@type":"WebSite","@id":"https:\/\/versano.nl\/#website","url":"https:\/\/versano.nl\/","name":"Versano","description":"Winterm\u00e4ntel mit Pelzkragen | Damen Lederjacken | Herren Lederjacken","potentialAction":[{"@type":"SearchAction","target":{"@type":"EntryPoint","urlTemplate":"https:\/\/versano.nl\/?s={search_term_string}"},"query-input":{"@type":"PropertyValueSpecification","valueRequired":true,"valueName":"search_term_string"}}],"inLanguage":"de"}]}},"_links":{"self":[{"href":"https:\/\/versano.nl\/de\/wp-json\/wp\/v2\/product\/641","targetHints":{"allow":["GET"]}}],"collection":[{"href":"https:\/\/versano.nl\/de\/wp-json\/wp\/v2\/product"}],"about":[{"href":"https:\/\/versano.nl\/de\/wp-json\/wp\/v2\/types\/product"}],"replies":[{"embeddable":true,"href":"https:\/\/versano.nl\/de\/wp-json\/wp\/v2\/comments?post=641"}],"wp:featuredmedia":[{"embeddable":true,"href":"https:\/\/versano.nl\/de\/wp-json\/wp\/v2\/media\/9445"}],"wp:attachment":[{"href":"https:\/\/versano.nl\/de\/wp-json\/wp\/v2\/media?parent=641"}],"wp:term":[{"taxonomy":"product_brand","embeddable":true,"href":"https:\/\/versano.nl\/de\/wp-json\/wp\/v2\/product_brand?post=641"},{"taxonomy":"product_cat","embeddable":true,"href":"https:\/\/versano.nl\/de\/wp-json\/wp\/v2\/product_cat?post=641"},{"taxonomy":"product_tag","embeddable":true,"href":"https:\/\/versano.nl\/de\/wp-json\/wp\/v2\/product_tag?post=641"}],"curies":[{"name":"wp","href":"https:\/\/api.w.org\/{rel}","templated":true}]}}