{"id":5384,"date":"2017-05-10T21:14:07","date_gmt":"2017-05-10T21:14:07","guid":{"rendered":"https:\/\/leathershopdoci.nl\/?post_type=product&#038;p=14294"},"modified":"2021-02-05T14:49:40","modified_gmt":"2021-02-05T14:49:40","slug":"leren-bikerjack-dames-cognac-dubbel-rits-versano-342","status":"publish","type":"product","link":"https:\/\/versano.nl\/de\/shop\/leren-bikerjack-dames-cognac-dubbel-rits-versano-342\/","title":{"rendered":"Damen Leder Bikerjacke Cognac Doppel-Rei\u00dfverschluss Versano"},"content":{"rendered":"<h2>F\u00fcr die besten Bikerjacken mit Versano gehen<\/h2>\n<p>Dies ist eine Marke, die eine breite Palette an sch\u00f6nen Kleidern kann in allen Formen und Gr\u00f6\u00dfen zu finden. Nehmen Sie zum Beispiel dieser Cognac Leder Damen Bikerjacke mit doppeltem Rei\u00dfverschluss Versano. Es ist eine perfekt verarbeitete Jacke, die vollst\u00e4ndig aus Lammnappa ist. Damen Leder Bikerjacke Cognac Doppel-Rei\u00dfverschluss Versano einen asymmetrischen Kragen. Diese Lehre ist von so hoher Qualit\u00e4t, dass es sich eine sch\u00f6ne W\u00e4sche hat. Dieser Mantel hat einen sch\u00f6nen Vintage-Look. Nun, das ist eine coole Jacke gesehen werden m\u00f6chten!<\/p>\n<p><strong>Dieses sch\u00f6ne Buch mit Jacke Versano<\/strong><br \/>\nDie Damen Cognac Leder Motorradjacke mit doppeltem Rei\u00dfverschluss Versano ist mit vier Taschen ausgestattet. Wir sprechen hier \u00fcber zwei Taschen, die mit einem Rei\u00dfverschluss ausgestattet sind, eine Rei\u00dfverschlusstasche auf der Brust und im Innern. Wie die anderen Jacken im Bereich von Versano ist dies eine Jacke, die auf Italienisch ausgestattet ist. Die Passform ist so perfekt. Sie k\u00f6nnen uns auch Jacke in schwarz bestellen. Sie k\u00f6nnen mit uns diese Jacke einfach buchen kaufen. W\u00e4hlen Sie einfach die Farbe und gute Gr\u00f6\u00dfe, und Sie haben einen Mantel Sie mit langj\u00e4hriger Erfahrung geht.<\/p>\n<p>Marke: <a href=\"https:\/\/versano.nl\/\" target=\"_blank\" rel=\"noopener noreferrer\">Versano<\/a><br \/>\nMaterial: 100% Lammfell<br \/>\nFutter: 100% Polyester<br \/>\nL\u00e4nge: kurz<br \/>\nPassen: Ausgestattet Italienisch<br \/>\nSchlie\u00dfung: Rei\u00dfverschluss<br \/>\nTaschen: RV-Taschen<br \/>\nCollar: a symmetrischen Kragen<br \/>\nMaterial Au\u00dfenschicht: hohe Qualit\u00e4t und weiches Lammfell<br \/>\nZeit: 1-3 Tage<\/p>","protected":false},"excerpt":{"rendered":"<p>Voor de leukste bikerjacks moet u bij Versano zijn Dit is een merk waar een groot assortiment mooie jassen in alle soorten en maten te vinden is. Neem nu bijvoorbeeld dit cognac leren dames bikerjack met dubbele rits van Versano. Het is een perfect afgewerkte jas die geheel is gemaakt [&hellip;]<\/p>\n","protected":false},"featured_media":13950,"comment_status":"closed","ping_status":"closed","template":"","meta":[],"product_brand":[],"product_cat":[90,874,875,877,879,1712,881,882],"product_tag":[439,719,209,151,411,412,98,105,107],"class_list":{"0":"post-5384","1":"product","2":"type-product","3":"status-publish","4":"has-post-thumbnail","6":"product_cat-dames-leren-jassen","7":"product_cat-kort-leren-jasje","8":"product_cat-kort-leren-jasje-dames","9":"product_cat-leren-bikerjacks-dames","10":"product_cat-leren-dames-jassen","11":"product_cat-leren-jassen","12":"product_cat-leren-jassen-dames","13":"product_cat-versano","14":"product_tag-bikerjack-cognac","15":"product_tag-bikerjack-dames-cognac","16":"product_tag-dames-bikerjack-cognac","17":"product_tag-leren-biker-jack-cognac","18":"product_tag-leren-cognac-jas","19":"product_tag-leren-dames-jas-motor-look-cognac","20":"product_tag-leren-jasje","21":"product_tag-versano-leren-jassen","22":"product_tag-zomer-leren-jassen","23":"product_shipping_class-verzendkosten-1","24":"tm-no-options","26":"first","27":"outofstock","28":"taxable","29":"shipping-taxable","30":"product-type-variable"},"yoast_head":"<!-- This site is optimized with the Yoast SEO plugin v27.2 - https:\/\/yoast.com\/product\/yoast-seo-wordpress\/ -->\n<title>Dames leren biker jack cognac dubbel rits Versano<\/title>\n<meta name=\"description\" content=\"Deze Dames leren biker jack cognac dubbel rits Versano is gemaakt van lamsleder en voelt erg soepel en glad aan. De jas heeft een stoere motor look\" \/>\n<meta name=\"robots\" content=\"index, follow, max-snippet:-1, max-image-preview:large, max-video-preview:-1\" \/>\n<link rel=\"canonical\" href=\"https:\/\/versano.nl\/de\/shop\/leren-bikerjack-dames-cognac-dubbel-rits-versano-342\/\" \/>\n<meta property=\"og:locale\" content=\"de_DE\" \/>\n<meta property=\"og:type\" content=\"article\" \/>\n<meta property=\"og:title\" content=\"Dames leren biker jack cognac dubbel rits Versano\" \/>\n<meta property=\"og:description\" content=\"Deze Dames leren biker jack cognac dubbel rits Versano is gemaakt van lamsleder en voelt erg soepel en glad aan. De jas heeft een stoere motor look\" \/>\n<meta property=\"og:url\" content=\"https:\/\/versano.nl\/de\/shop\/leren-bikerjack-dames-cognac-dubbel-rits-versano-342\/\" \/>\n<meta property=\"og:site_name\" content=\"Versano\" \/>\n<meta property=\"article:modified_time\" content=\"2021-02-05T14:49:40+00:00\" \/>\n<meta property=\"og:image\" content=\"https:\/\/versano.nl\/wp-content\/uploads\/2019\/11\/leren-bikerjack-dames-cognac-dubbele-rits-versano-342-model.jpg\" \/>\n\t<meta property=\"og:image:width\" content=\"900\" \/>\n\t<meta property=\"og:image:height\" content=\"1176\" \/>\n\t<meta property=\"og:image:type\" content=\"image\/jpeg\" \/>\n<meta name=\"twitter:card\" content=\"summary_large_image\" \/>\n<meta name=\"twitter:label1\" content=\"Gesch\u00e4tzte Lesezeit\" \/>\n\t<meta name=\"twitter:data1\" content=\"1\u00a0Minute\" \/>\n<script type=\"application\/ld+json\" class=\"yoast-schema-graph\">{\"@context\":\"https:\/\/schema.org\",\"@graph\":[{\"@type\":\"WebPage\",\"@id\":\"https:\/\/versano.nl\/shop\/leren-bikerjack-dames-cognac-dubbel-rits-versano-342\/\",\"url\":\"https:\/\/versano.nl\/shop\/leren-bikerjack-dames-cognac-dubbel-rits-versano-342\/\",\"name\":\"Dames leren biker jack cognac dubbel rits Versano\",\"isPartOf\":{\"@id\":\"https:\/\/versano.nl\/#website\"},\"primaryImageOfPage\":{\"@id\":\"https:\/\/versano.nl\/shop\/leren-bikerjack-dames-cognac-dubbel-rits-versano-342\/#primaryimage\"},\"image\":{\"@id\":\"https:\/\/versano.nl\/shop\/leren-bikerjack-dames-cognac-dubbel-rits-versano-342\/#primaryimage\"},\"thumbnailUrl\":\"https:\/\/versano.nl\/wp-content\/uploads\/2019\/11\/leren-bikerjack-dames-cognac-dubbele-rits-versano-342-model.jpg\",\"datePublished\":\"2017-05-10T21:14:07+00:00\",\"dateModified\":\"2021-02-05T14:49:40+00:00\",\"description\":\"Deze Dames leren biker jack cognac dubbel rits Versano is gemaakt van lamsleder en voelt erg soepel en glad aan. De jas heeft een stoere motor look\",\"breadcrumb\":{\"@id\":\"https:\/\/versano.nl\/shop\/leren-bikerjack-dames-cognac-dubbel-rits-versano-342\/#breadcrumb\"},\"inLanguage\":\"de\",\"potentialAction\":[{\"@type\":\"ReadAction\",\"target\":[\"https:\/\/versano.nl\/shop\/leren-bikerjack-dames-cognac-dubbel-rits-versano-342\/\"]}]},{\"@type\":\"ImageObject\",\"inLanguage\":\"de\",\"@id\":\"https:\/\/versano.nl\/shop\/leren-bikerjack-dames-cognac-dubbel-rits-versano-342\/#primaryimage\",\"url\":\"https:\/\/versano.nl\/wp-content\/uploads\/2019\/11\/leren-bikerjack-dames-cognac-dubbele-rits-versano-342-model.jpg\",\"contentUrl\":\"https:\/\/versano.nl\/wp-content\/uploads\/2019\/11\/leren-bikerjack-dames-cognac-dubbele-rits-versano-342-model.jpg\",\"width\":900,\"height\":1176,\"caption\":\"leren-bikerjack-dames-cognac-dubbele-rits-versano-342-model\"},{\"@type\":\"BreadcrumbList\",\"@id\":\"https:\/\/versano.nl\/shop\/leren-bikerjack-dames-cognac-dubbel-rits-versano-342\/#breadcrumb\",\"itemListElement\":[{\"@type\":\"ListItem\",\"position\":1,\"name\":\"Home\",\"item\":\"https:\/\/versano.nl\/\"},{\"@type\":\"ListItem\",\"position\":2,\"name\":\"Shop\",\"item\":\"https:\/\/versano.nl\/shop\/\"},{\"@type\":\"ListItem\",\"position\":3,\"name\":\"Dames leren biker jack cognac dubbel rits Versano\"}]},{\"@type\":\"WebSite\",\"@id\":\"https:\/\/versano.nl\/#website\",\"url\":\"https:\/\/versano.nl\/\",\"name\":\"Versano\",\"description\":\"winterjassen met bontkraag | leren dames jassen | leren heren jassen\",\"potentialAction\":[{\"@type\":\"SearchAction\",\"target\":{\"@type\":\"EntryPoint\",\"urlTemplate\":\"https:\/\/versano.nl\/?s={search_term_string}\"},\"query-input\":{\"@type\":\"PropertyValueSpecification\",\"valueRequired\":true,\"valueName\":\"search_term_string\"}}],\"inLanguage\":\"de\"}]}<\/script>\n<!-- \/ Yoast SEO plugin. -->","yoast_head_json":{"title":"Damen Leder Bikerjacke Cognac Doppel-Rei\u00dfverschluss Versano","description":"Diese Damen Leder Bikerjacke Cognac Doppelrei\u00dfverschluss Versano ist aus Lammleder gefertigt und f\u00fchlt sich sehr glatt und geschmeidig an. Die Jacke hat einen coolen Motorrad-Look","robots":{"index":"index","follow":"follow","max-snippet":"max-snippet:-1","max-image-preview":"max-image-preview:large","max-video-preview":"max-video-preview:-1"},"canonical":"https:\/\/versano.nl\/de\/shop\/leren-bikerjack-dames-cognac-dubbel-rits-versano-342\/","og_locale":"de_DE","og_type":"article","og_title":"Dames leren biker jack cognac dubbel rits Versano","og_description":"Deze Dames leren biker jack cognac dubbel rits Versano is gemaakt van lamsleder en voelt erg soepel en glad aan. De jas heeft een stoere motor look","og_url":"https:\/\/versano.nl\/de\/shop\/leren-bikerjack-dames-cognac-dubbel-rits-versano-342\/","og_site_name":"Versano","article_modified_time":"2021-02-05T14:49:40+00:00","og_image":[{"width":900,"height":1176,"url":"https:\/\/versano.nl\/wp-content\/uploads\/2019\/11\/leren-bikerjack-dames-cognac-dubbele-rits-versano-342-model.jpg","type":"image\/jpeg"}],"twitter_card":"summary_large_image","twitter_misc":{"Gesch\u00e4tzte Lesezeit":"1\u00a0Minute"},"schema":{"@context":"https:\/\/schema.org","@graph":[{"@type":"WebPage","@id":"https:\/\/versano.nl\/shop\/leren-bikerjack-dames-cognac-dubbel-rits-versano-342\/","url":"https:\/\/versano.nl\/shop\/leren-bikerjack-dames-cognac-dubbel-rits-versano-342\/","name":"Damen Leder Bikerjacke Cognac Doppel-Rei\u00dfverschluss Versano","isPartOf":{"@id":"https:\/\/versano.nl\/#website"},"primaryImageOfPage":{"@id":"https:\/\/versano.nl\/shop\/leren-bikerjack-dames-cognac-dubbel-rits-versano-342\/#primaryimage"},"image":{"@id":"https:\/\/versano.nl\/shop\/leren-bikerjack-dames-cognac-dubbel-rits-versano-342\/#primaryimage"},"thumbnailUrl":"https:\/\/versano.nl\/wp-content\/uploads\/2019\/11\/leren-bikerjack-dames-cognac-dubbele-rits-versano-342-model.jpg","datePublished":"2017-05-10T21:14:07+00:00","dateModified":"2021-02-05T14:49:40+00:00","description":"Diese Damen Leder Bikerjacke Cognac Doppelrei\u00dfverschluss Versano ist aus Lammleder gefertigt und f\u00fchlt sich sehr glatt und geschmeidig an. Die Jacke hat einen coolen Motorrad-Look","breadcrumb":{"@id":"https:\/\/versano.nl\/shop\/leren-bikerjack-dames-cognac-dubbel-rits-versano-342\/#breadcrumb"},"inLanguage":"de","potentialAction":[{"@type":"ReadAction","target":["https:\/\/versano.nl\/shop\/leren-bikerjack-dames-cognac-dubbel-rits-versano-342\/"]}]},{"@type":"ImageObject","inLanguage":"de","@id":"https:\/\/versano.nl\/shop\/leren-bikerjack-dames-cognac-dubbel-rits-versano-342\/#primaryimage","url":"https:\/\/versano.nl\/wp-content\/uploads\/2019\/11\/leren-bikerjack-dames-cognac-dubbele-rits-versano-342-model.jpg","contentUrl":"https:\/\/versano.nl\/wp-content\/uploads\/2019\/11\/leren-bikerjack-dames-cognac-dubbele-rits-versano-342-model.jpg","width":900,"height":1176,"caption":"leren-bikerjack-dames-cognac-dubbele-rits-versano-342-model"},{"@type":"BreadcrumbList","@id":"https:\/\/versano.nl\/shop\/leren-bikerjack-dames-cognac-dubbel-rits-versano-342\/#breadcrumb","itemListElement":[{"@type":"ListItem","position":1,"name":"Home","item":"https:\/\/versano.nl\/"},{"@type":"ListItem","position":2,"name":"Shop","item":"https:\/\/versano.nl\/shop\/"},{"@type":"ListItem","position":3,"name":"Dames leren biker jack cognac dubbel rits Versano"}]},{"@type":"WebSite","@id":"https:\/\/versano.nl\/#website","url":"https:\/\/versano.nl\/","name":"Versano","description":"Winterm\u00e4ntel mit Pelzkragen | Damen Lederjacken | Herren Lederjacken","potentialAction":[{"@type":"SearchAction","target":{"@type":"EntryPoint","urlTemplate":"https:\/\/versano.nl\/?s={search_term_string}"},"query-input":{"@type":"PropertyValueSpecification","valueRequired":true,"valueName":"search_term_string"}}],"inLanguage":"de"}]}},"_links":{"self":[{"href":"https:\/\/versano.nl\/de\/wp-json\/wp\/v2\/product\/5384","targetHints":{"allow":["GET"]}}],"collection":[{"href":"https:\/\/versano.nl\/de\/wp-json\/wp\/v2\/product"}],"about":[{"href":"https:\/\/versano.nl\/de\/wp-json\/wp\/v2\/types\/product"}],"replies":[{"embeddable":true,"href":"https:\/\/versano.nl\/de\/wp-json\/wp\/v2\/comments?post=5384"}],"wp:featuredmedia":[{"embeddable":true,"href":"https:\/\/versano.nl\/de\/wp-json\/wp\/v2\/media\/13950"}],"wp:attachment":[{"href":"https:\/\/versano.nl\/de\/wp-json\/wp\/v2\/media?parent=5384"}],"wp:term":[{"taxonomy":"product_brand","embeddable":true,"href":"https:\/\/versano.nl\/de\/wp-json\/wp\/v2\/product_brand?post=5384"},{"taxonomy":"product_cat","embeddable":true,"href":"https:\/\/versano.nl\/de\/wp-json\/wp\/v2\/product_cat?post=5384"},{"taxonomy":"product_tag","embeddable":true,"href":"https:\/\/versano.nl\/de\/wp-json\/wp\/v2\/product_tag?post=5384"}],"curies":[{"name":"wp","href":"https:\/\/api.w.org\/{rel}","templated":true}]}}