{"id":5342,"date":"2017-05-08T14:54:36","date_gmt":"2017-05-08T14:54:36","guid":{"rendered":"https:\/\/leathershopdoci.nl\/?post_type=product&#038;p=14252"},"modified":"2025-09-24T09:10:38","modified_gmt":"2025-09-24T09:10:38","slug":"heren-bikerjack-zwart-lamsleder-versano-tr-36-b","status":"publish","type":"product","link":"https:\/\/versano.nl\/de\/shop\/heren-bikerjack-zwart-lamsleder-versano-tr-36-b\/","title":{"rendered":"Leder Bikerjacke Herren schwarz TR36 B Versano"},"content":{"rendered":"<h2>Leder Bikerjacke Herren schwarz TR36 B Versano<\/h2>\n<p>Die Leder Bikerjacke Herren schwarz TR36 B Versano ist eines der beliebtesten Modelle von Versano. Dies ist eine sch\u00f6ne Jacke, die von unseren Kunden h\u00e4ufig gekauft wird. Ein spezielles Biker-Modell dieser Jacke wurde von den talentierten Designern von Versano entworfen. Mit anderen Worten, die Bikerjacke Herren Cognac von Versano ist eine Jacke, die Sie wahrscheinlich gerne tragen werden. Das Biker-Modell ist nur ein bisschen h\u00e4rter als die stylische andere Version. Man muss nicht unbedingt Biker sein, um diese Jacke zu tragen. Es wird genauso gut tun, wenn Sie f\u00fcr eine Nacht ausgehen oder zu einem besonderen Anlass gehen. Es ist eine Lederjacke, die Sie zu jeder Jahreszeit tragen k\u00f6nnen.<\/p>\n<h2>Biker Modell TR36 B in schwarz bestellen<\/h2>\n<p>Wenn Sie diese Jacke bei uns bestellen, erhalten Sie eine Jacke, die ein Leben lang sch\u00f6n bleibt. Dies ist eine sch\u00f6ne Slim-Fit-Jacke, die ganz im italienischen Stil ist. Mit anderen Worten, bei einer Bikerjacke f\u00fcr Herren Cognac m\u00fcssen Sie sich keine Sorgen machen, dass Sie Lack sehen. Die Jacke ist mit zwei tiefen Seitentaschen mit Rei\u00dfverschluss, sowie zwei kleineren Taschen auf der Brust ausgestattet. Diese k\u00f6nnen zus\u00e4tzlich mit einem stabilen Rei\u00dfverschluss geschlossen werden. Dieses Modell k\u00f6nnen Sie ganz einfach auf unserer Website in Schwarz oder anderen verschiedenen Farben wie Blau, Cognac und Braun bestellen. Wir empfehlen Ihnen daher, einfach zu schauen, welche Farbe Ihrer Meinung nach am besten zu Ihrem eigenen Stil passt. Haben Sie Fragen oder sind Sie sich nicht sicher, welche Gr\u00f6\u00dfe Sie bestellen sollen? Dann k\u00f6nnen Sie uns jederzeit per Mail oder WhatsApp kontaktieren. Unsere Mitarbeiter m\u00f6chten Ihnen helfen!<\/p>\n<p><a href=\"https:\/\/versano.nl\/\">Versano<\/a><br \/>\nMaterial: 100% Lammfell<br \/>\nFutter: 100% Polyester<br \/>\nL\u00e4nge: mittel-kurz<br \/>\nPassform: schmale Passform<br \/>\nSchlie\u00dfung: Rei\u00dfverschluss<br \/>\nTaschen: RV-Taschen<br \/>\nKragen: Stehkragen<br \/>\nMaterial Au\u00dfenschicht: Sehr hohe Qualit\u00e4t und weiches Lammfell<br \/>\nLieferzeit: 2-3 Werktage<\/p>\n<p>&nbsp;<\/p>","protected":false},"excerpt":{"rendered":"<p>W\u00c4HLEN SIE HIER EINE ANDERE FARBE<\/p>\n<p><a href=\"https:\/\/versano.nl\/shop\/leren-heren-jas-blauw-biker-model-versano-tr-36-b\/\"><img loading=\"lazy\" decoding=\"async\" class=\"alignnone size-full wp-image-19903\" src=\"https:\/\/versano.nl\/wp-content\/uploads\/sites\/2\/2017\/03\/leren-jassen-heren-blauw-biker-model-TR36B-versano-thumb.jpg\" alt=\"\" width=\"57\" height=\"75\" \/><\/a><a href=\"https:\/\/versano.nl\/shop\/leren-heren-jas-bruin-biker-model-versano-tr-36-b\/\"><img loading=\"lazy\" decoding=\"async\" class=\"alignnone size-full wp-image-19904\" src=\"https:\/\/versano.nl\/wp-content\/uploads\/sites\/2\/2017\/03\/leren-jassen-heren-bruin-biker-model-TR36B-versano-thumb.jpg\" alt=\"\" width=\"57\" height=\"75\" \/><\/a><a href=\"https:\/\/versano.nl\/shop\/leren-heren-jas-cognac-biker-model-versano-tr-36-b\/\"><img loading=\"lazy\" decoding=\"async\" class=\"alignnone size-full wp-image-19905\" src=\"https:\/\/versano.nl\/wp-content\/uploads\/sites\/2\/2017\/03\/leren-jassen-heren-cognac-biker-model-TR36B-thumb.jpg\" alt=\"\" width=\"57\" height=\"75\" \/><\/a><\/p>\n<p style=\"margin: 0cm 0cm 11.25pt 0cm\"><span style=\"font-size: 10.5pt;font-family: 'Arial',sans-serif;color: red\">Fit Beratung:\u00a0<\/span><span style=\"font-size: 10.5pt;font-family: 'Arial',sans-serif;color: #5d5d5d\">Die Passform dieser Jacke ist schmal geschnitten. Unser Model ist 1,75 cm gro\u00df und tr\u00e4gt Gr\u00f6\u00dfe M.<\/span><\/p>\n<p style=\"margin: 0cm 0cm 11.25pt 0cm\"><span style=\"font-size: 10.5pt;font-family: 'Arial',sans-serif;color: #5d5d5d\">Wenn Sie sich bei Ihren Ma\u00dfen nicht sicher sind, empfehlen wir Ihnen, zuerst Ihre Gr\u00f6\u00dfenma\u00dfe zu messen und sie mit unserer Gr\u00f6\u00dfentabelle zu vergleichen. Wenn Sie keine Erfahrung mit der Messung von Umfangsgr\u00f6\u00dfen haben, klicken Sie auf\u00a0<a href=\"https:\/\/www.youtube.com\/watch?v=3ZSfY87v6pM\"><em><span style=\"font-family: 'Arial',sans-serif;text-decoration: none\">HIER<\/span><\/em><span style=\"text-decoration: none\">\u00a0<\/span><\/a>\u00a0zu\u00a0<a href=\"https:\/\/www.youtube.com\/watch?v=3ZSfY87v6pM\"><em><span style=\"font-family: 'Arial',sans-serif;color: red;text-decoration: none\">VIDEO<\/span><\/em><\/a>\u00a0 mit Anweisungen. Sie k\u00f6nnen uns auch direkt anrufen oder anrufen! Unsere Mitarbeiter stehen Ihnen jederzeit zur Verf\u00fcgung.<\/span><\/p>\n<p style=\"margin: 0cm\"><strong><span style=\"font-size: 10.5pt;font-family: 'Arial',sans-serif;color: #5d5d5d\">LIEFERZEIT :<\/span><\/strong><span style=\"font-size: 10.5pt;font-family: 'Arial',sans-serif;color: #5d5d5d\">\u00a02 bis 3 Werktage.<\/span><\/p>","protected":false},"featured_media":33550,"comment_status":"open","ping_status":"closed","template":"","meta":[],"product_brand":[],"product_cat":[1672,1670,147,912,1671,908,1669,913,910,882],"product_tag":[185,1691,188,626,1692,50,1706,1698,472,53,1697,1707,1709,1708,627,59,628,348,629,189],"class_list":{"0":"post-5342","1":"product","2":"type-product","3":"status-publish","4":"has-post-thumbnail","6":"product_cat-biker-jas-heren","7":"product_cat-heren-leren-jas","8":"product_cat-heren-leren-jassen","9":"product_cat-leren-bikerjacks-heren","10":"product_cat-leren-heren-jas","11":"product_cat-leren-heren-jassen","12":"product_cat-leren-jas-heren","13":"product_cat-leren-jassen-heren-uitverkoop","14":"product_cat-leren-jassen-heren","15":"product_cat-versano","16":"product_tag-biker-jas-zwart","17":"product_tag-echt-leer-heren-jas","18":"product_tag-heren-bikerjas-zwart","19":"product_tag-heren-jas-leer-zwart","20":"product_tag-lamsleer-heren-jas","21":"product_tag-lederen-heren-jas-zwart","22":"product_tag-leren-biker-jas-heren","23":"product_tag-leren-heren-jas-sale","24":"product_tag-leren-heren-jas-zwart","25":"product_tag-leren-jas-zwart","26":"product_tag-uitverkoop-heren-leren-jas","27":"product_tag-versano-heren-leren-jassen","28":"product_tag-versano-zomerjassen","29":"product_tag-zomerjassen-heren","30":"product_tag-zwarte-leren-heren-bikerjas","31":"product_tag-zwarte-leren-heren-jas","32":"product_tag-zwarte-leren-jas","33":"product_tag-zwarte-leren-jas-heren","34":"product_tag-zwarte-leren-versano-jas","35":"product_tag-zwarte-versano-jas","36":"tm-no-options","38":"first","39":"instock","40":"sale","41":"taxable","42":"shipping-taxable","43":"purchasable","44":"product-type-variable","45":"has-default-attributes"},"yoast_head":"<!-- This site is optimized with the Yoast SEO plugin v27.2 - https:\/\/yoast.com\/product\/yoast-seo-wordpress\/ -->\n<title>Leren biker jas heren zwart TR36 B Versano, heren leren jas zwart<\/title>\n<meta name=\"description\" content=\"Bent u op zoek naar een Leren biker jas heren zwart TR36 B Versano? Dan bent u bij Versano aan het juiste adres voor een leren jas.\" \/>\n<meta name=\"robots\" content=\"index, follow, max-snippet:-1, max-image-preview:large, max-video-preview:-1\" \/>\n<link rel=\"canonical\" href=\"https:\/\/versano.nl\/de\/shop\/heren-bikerjack-zwart-lamsleder-versano-tr-36-b\/\" \/>\n<meta property=\"og:locale\" content=\"de_DE\" \/>\n<meta property=\"og:type\" content=\"article\" \/>\n<meta property=\"og:title\" content=\"Leren biker jas heren zwart TR36 B Versano, heren leren jas zwart\" \/>\n<meta property=\"og:description\" content=\"Bent u op zoek naar een Leren biker jas heren zwart TR36 B Versano? Dan bent u bij Versano aan het juiste adres voor een leren jas.\" \/>\n<meta property=\"og:url\" content=\"https:\/\/versano.nl\/de\/shop\/heren-bikerjack-zwart-lamsleder-versano-tr-36-b\/\" \/>\n<meta property=\"og:site_name\" content=\"Versano\" \/>\n<meta property=\"article:modified_time\" content=\"2025-09-24T09:10:38+00:00\" \/>\n<meta property=\"og:image\" content=\"https:\/\/versano.nl\/wp-content\/uploads\/2017\/05\/IMG_0322.jpg\" \/>\n\t<meta property=\"og:image:width\" content=\"600\" \/>\n\t<meta property=\"og:image:height\" content=\"800\" \/>\n\t<meta property=\"og:image:type\" content=\"image\/jpeg\" \/>\n<meta name=\"twitter:card\" content=\"summary_large_image\" \/>\n<meta name=\"twitter:label1\" content=\"Gesch\u00e4tzte Lesezeit\" \/>\n\t<meta name=\"twitter:data1\" content=\"2\u00a0Minuten\" \/>\n<script type=\"application\/ld+json\" class=\"yoast-schema-graph\">{\"@context\":\"https:\/\/schema.org\",\"@graph\":[{\"@type\":\"WebPage\",\"@id\":\"https:\/\/versano.nl\/shop\/heren-bikerjack-zwart-lamsleder-versano-tr-36-b\/\",\"url\":\"https:\/\/versano.nl\/shop\/heren-bikerjack-zwart-lamsleder-versano-tr-36-b\/\",\"name\":\"Leren biker jas heren zwart TR36 B Versano, heren leren jas zwart\",\"isPartOf\":{\"@id\":\"https:\/\/versano.nl\/#website\"},\"primaryImageOfPage\":{\"@id\":\"https:\/\/versano.nl\/shop\/heren-bikerjack-zwart-lamsleder-versano-tr-36-b\/#primaryimage\"},\"image\":{\"@id\":\"https:\/\/versano.nl\/shop\/heren-bikerjack-zwart-lamsleder-versano-tr-36-b\/#primaryimage\"},\"thumbnailUrl\":\"https:\/\/versano.nl\/wp-content\/uploads\/2017\/05\/IMG_0322.jpg\",\"datePublished\":\"2017-05-08T14:54:36+00:00\",\"dateModified\":\"2025-09-24T09:10:38+00:00\",\"description\":\"Bent u op zoek naar een Leren biker jas heren zwart TR36 B Versano? Dan bent u bij Versano aan het juiste adres voor een leren jas.\",\"breadcrumb\":{\"@id\":\"https:\/\/versano.nl\/shop\/heren-bikerjack-zwart-lamsleder-versano-tr-36-b\/#breadcrumb\"},\"inLanguage\":\"de\",\"potentialAction\":[{\"@type\":\"ReadAction\",\"target\":[\"https:\/\/versano.nl\/shop\/heren-bikerjack-zwart-lamsleder-versano-tr-36-b\/\"]}]},{\"@type\":\"ImageObject\",\"inLanguage\":\"de\",\"@id\":\"https:\/\/versano.nl\/shop\/heren-bikerjack-zwart-lamsleder-versano-tr-36-b\/#primaryimage\",\"url\":\"https:\/\/versano.nl\/wp-content\/uploads\/2017\/05\/IMG_0322.jpg\",\"contentUrl\":\"https:\/\/versano.nl\/wp-content\/uploads\/2017\/05\/IMG_0322.jpg\",\"width\":600,\"height\":800},{\"@type\":\"BreadcrumbList\",\"@id\":\"https:\/\/versano.nl\/shop\/heren-bikerjack-zwart-lamsleder-versano-tr-36-b\/#breadcrumb\",\"itemListElement\":[{\"@type\":\"ListItem\",\"position\":1,\"name\":\"Home\",\"item\":\"https:\/\/versano.nl\/\"},{\"@type\":\"ListItem\",\"position\":2,\"name\":\"Shop\",\"item\":\"https:\/\/versano.nl\/shop\/\"},{\"@type\":\"ListItem\",\"position\":3,\"name\":\"Leren biker jas heren zwart TR36 B Versano\"}]},{\"@type\":\"WebSite\",\"@id\":\"https:\/\/versano.nl\/#website\",\"url\":\"https:\/\/versano.nl\/\",\"name\":\"Versano\",\"description\":\"winterjassen met bontkraag | leren dames jassen | leren heren jassen\",\"potentialAction\":[{\"@type\":\"SearchAction\",\"target\":{\"@type\":\"EntryPoint\",\"urlTemplate\":\"https:\/\/versano.nl\/?s={search_term_string}\"},\"query-input\":{\"@type\":\"PropertyValueSpecification\",\"valueRequired\":true,\"valueName\":\"search_term_string\"}}],\"inLanguage\":\"de\"}]}<\/script>\n<!-- \/ Yoast SEO plugin. -->","yoast_head_json":{"title":"Leder Bikerjacke Herren schwarz TR36 B Versano, Herren Lederjacke schwarz","description":"Suchen Sie eine Leder Bikerjacke Herren schwarz TR36 B Versano? Dann sind Sie bei Versano f\u00fcr eine Lederjacke genau richtig.","robots":{"index":"index","follow":"follow","max-snippet":"max-snippet:-1","max-image-preview":"max-image-preview:large","max-video-preview":"max-video-preview:-1"},"canonical":"https:\/\/versano.nl\/de\/shop\/heren-bikerjack-zwart-lamsleder-versano-tr-36-b\/","og_locale":"de_DE","og_type":"article","og_title":"Leren biker jas heren zwart TR36 B Versano, heren leren jas zwart","og_description":"Bent u op zoek naar een Leren biker jas heren zwart TR36 B Versano? Dan bent u bij Versano aan het juiste adres voor een leren jas.","og_url":"https:\/\/versano.nl\/de\/shop\/heren-bikerjack-zwart-lamsleder-versano-tr-36-b\/","og_site_name":"Versano","article_modified_time":"2025-09-24T09:10:38+00:00","og_image":[{"width":600,"height":800,"url":"https:\/\/versano.nl\/wp-content\/uploads\/2017\/05\/IMG_0322.jpg","type":"image\/jpeg"}],"twitter_card":"summary_large_image","twitter_misc":{"Gesch\u00e4tzte Lesezeit":"2\u00a0Minuten"},"schema":{"@context":"https:\/\/schema.org","@graph":[{"@type":"WebPage","@id":"https:\/\/versano.nl\/shop\/heren-bikerjack-zwart-lamsleder-versano-tr-36-b\/","url":"https:\/\/versano.nl\/shop\/heren-bikerjack-zwart-lamsleder-versano-tr-36-b\/","name":"Leder Bikerjacke Herren schwarz TR36 B Versano, Herren Lederjacke schwarz","isPartOf":{"@id":"https:\/\/versano.nl\/#website"},"primaryImageOfPage":{"@id":"https:\/\/versano.nl\/shop\/heren-bikerjack-zwart-lamsleder-versano-tr-36-b\/#primaryimage"},"image":{"@id":"https:\/\/versano.nl\/shop\/heren-bikerjack-zwart-lamsleder-versano-tr-36-b\/#primaryimage"},"thumbnailUrl":"https:\/\/versano.nl\/wp-content\/uploads\/2017\/05\/IMG_0322.jpg","datePublished":"2017-05-08T14:54:36+00:00","dateModified":"2025-09-24T09:10:38+00:00","description":"Suchen Sie eine Leder Bikerjacke Herren schwarz TR36 B Versano? Dann sind Sie bei Versano f\u00fcr eine Lederjacke genau richtig.","breadcrumb":{"@id":"https:\/\/versano.nl\/shop\/heren-bikerjack-zwart-lamsleder-versano-tr-36-b\/#breadcrumb"},"inLanguage":"de","potentialAction":[{"@type":"ReadAction","target":["https:\/\/versano.nl\/shop\/heren-bikerjack-zwart-lamsleder-versano-tr-36-b\/"]}]},{"@type":"ImageObject","inLanguage":"de","@id":"https:\/\/versano.nl\/shop\/heren-bikerjack-zwart-lamsleder-versano-tr-36-b\/#primaryimage","url":"https:\/\/versano.nl\/wp-content\/uploads\/2017\/05\/IMG_0322.jpg","contentUrl":"https:\/\/versano.nl\/wp-content\/uploads\/2017\/05\/IMG_0322.jpg","width":600,"height":800},{"@type":"BreadcrumbList","@id":"https:\/\/versano.nl\/shop\/heren-bikerjack-zwart-lamsleder-versano-tr-36-b\/#breadcrumb","itemListElement":[{"@type":"ListItem","position":1,"name":"Home","item":"https:\/\/versano.nl\/"},{"@type":"ListItem","position":2,"name":"Shop","item":"https:\/\/versano.nl\/shop\/"},{"@type":"ListItem","position":3,"name":"Leren biker jas heren zwart TR36 B Versano"}]},{"@type":"WebSite","@id":"https:\/\/versano.nl\/#website","url":"https:\/\/versano.nl\/","name":"Versano","description":"Winterm\u00e4ntel mit Pelzkragen | Damen Lederjacken | Herren Lederjacken","potentialAction":[{"@type":"SearchAction","target":{"@type":"EntryPoint","urlTemplate":"https:\/\/versano.nl\/?s={search_term_string}"},"query-input":{"@type":"PropertyValueSpecification","valueRequired":true,"valueName":"search_term_string"}}],"inLanguage":"de"}]}},"_links":{"self":[{"href":"https:\/\/versano.nl\/de\/wp-json\/wp\/v2\/product\/5342","targetHints":{"allow":["GET"]}}],"collection":[{"href":"https:\/\/versano.nl\/de\/wp-json\/wp\/v2\/product"}],"about":[{"href":"https:\/\/versano.nl\/de\/wp-json\/wp\/v2\/types\/product"}],"replies":[{"embeddable":true,"href":"https:\/\/versano.nl\/de\/wp-json\/wp\/v2\/comments?post=5342"}],"wp:featuredmedia":[{"embeddable":true,"href":"https:\/\/versano.nl\/de\/wp-json\/wp\/v2\/media\/33550"}],"wp:attachment":[{"href":"https:\/\/versano.nl\/de\/wp-json\/wp\/v2\/media?parent=5342"}],"wp:term":[{"taxonomy":"product_brand","embeddable":true,"href":"https:\/\/versano.nl\/de\/wp-json\/wp\/v2\/product_brand?post=5342"},{"taxonomy":"product_cat","embeddable":true,"href":"https:\/\/versano.nl\/de\/wp-json\/wp\/v2\/product_cat?post=5342"},{"taxonomy":"product_tag","embeddable":true,"href":"https:\/\/versano.nl\/de\/wp-json\/wp\/v2\/product_tag?post=5342"}],"curies":[{"name":"wp","href":"https:\/\/api.w.org\/{rel}","templated":true}]}}