{"id":5116,"date":"2016-04-05T14:14:50","date_gmt":"2016-04-05T14:14:50","guid":{"rendered":"http:\/\/leathershopdoci.nl\/?post_type=product&#038;p=10186"},"modified":"2017-09-24T00:14:05","modified_gmt":"2017-09-24T00:14:05","slug":"dames-leren-jasje-in-zwart-van-versano","status":"publish","type":"product","link":"https:\/\/versano.nl\/de\/shop\/dames-leren-jasje-in-zwart-van-versano\/","title":{"rendered":"Damenlederjacke in schwarz Versano"},"content":{"rendered":"<h2>Damenlederjacke in schwarz Versano<\/h2>\n<p>Diese Damen Lederjacke eines neuen Modells der italienischen Marke Versano. Die Jacke ist mit einem italienischen guten Sitz ausgestattet. Durable Lammfell hat eine sehr sch\u00f6ne W\u00e4sche und sch\u00f6ner N\u00e4hte an Schultern und Ellbogen. Zum Beispiel tragen sie sie mit Jeans oder einen Rock knapp. Die Damen Lederjacke in schwarz Versano zwei tiefe Seitentaschen mit Rei\u00dfverschluss, zwei Brusttaschen mit Rei\u00dfverschluss und einer Innentasche. Diese Damen Lederjacke ist auch in braun erh\u00e4ltlich.<\/p>\n<p>Marke: <a href=\"https:\/\/versano.nl\/\" target=\"_blank\" rel=\"noopener noreferrer\">Versano<\/a><br \/>\nMaterial: 100% Lammfell<br \/>\nFutter: 100% Polyester<br \/>\nL\u00e4nge: kurz<br \/>\nFit: Normal<br \/>\nSchlie\u00dfung: Rei\u00dfverschluss<br \/>\nTaschen: RV-Taschen<br \/>\nKragen: Stehkragen<br \/>\nMaterial Au\u00dfenschicht: hohe Qualit\u00e4t und weiches Lammfell<br \/>\nZeit: 1-3 Tage<\/p>","protected":false},"excerpt":{"rendered":"<p><strong>Wenn Sie eine Gr\u00f6\u00dfe w\u00e4hlen, dann erscheint eine Zeichnung mit Gr\u00f6\u00dfenabmessungen. Um die richtige Gr\u00f6\u00dfe zu ermitteln, empfiehlt es sich, zuerst Ihre Gurtma\u00dfe zu messen und vergleichen sie mit den Abmessungen in der Zeichnung. Haben Sie keine Erfahrung haben die Ma\u00dfe bei der Messung, klicken Sie bitte <a href=\"https:\/\/www.youtube.com\/watch?v=MmcpCx4GsdU\" target=\"_blank\" rel=\"noopener noreferrer\"><span style=\"color: #ff0000;\"><em>HIER<\/em><\/span>\u00a0<\/a> zu <span style=\"color: #ff0000;\"><em><a style=\"color: #ff0000;\" href=\"https:\/\/www.youtube.com\/watch?v=MmcpCx4GsdU\" target=\"_blank\" rel=\"noopener noreferrer\">VIDEO<\/a><\/em><\/span> um zu sehen, wie dies zu tun<\/strong>.<\/p>\n<p>&nbsp;<\/p>","protected":false},"featured_media":5122,"comment_status":"closed","ping_status":"closed","template":"","meta":[],"product_brand":[],"product_cat":[89,90],"product_tag":[95,419,695,53,98,311,349,142,101,105,106,107,427,628],"class_list":{"0":"post-5116","1":"product","2":"type-product","3":"status-publish","4":"has-post-thumbnail","6":"product_cat-dames","7":"product_cat-dames-leren-jassen","8":"product_tag-korte-leren-jassen","9":"product_tag-lederen-dames-jas-zwart","10":"product_tag-lederen-dames-jasje-zwart","11":"product_tag-leren-jas-zwart","12":"product_tag-leren-jasje","13":"product_tag-leren-jasje-zwart","14":"product_tag-leren-jassen","15":"product_tag-online-dames-leren-jassen","16":"product_tag-online-leren-jassen","17":"product_tag-versano-leren-jassen","18":"product_tag-winter-leren-jassen","19":"product_tag-zomer-leren-jassen","20":"product_tag-zwarte-leren-dames-jas","21":"product_tag-zwarte-leren-jas","22":"tm-no-options","24":"first","25":"instock","26":"sale","27":"taxable","28":"shipping-taxable","29":"purchasable","30":"product-type-variable"},"yoast_head":"<!-- This site is optimized with the Yoast SEO plugin v27.2 - https:\/\/yoast.com\/product\/yoast-seo-wordpress\/ -->\n<title>Leren Dames Jas Versano Zwart, Dames leren jasje in zwart van Versano<\/title>\n<meta name=\"description\" content=\"Met de Dames leren jasje in zwart van Versano mag je echt gezien worden. De jas heeft door de taillering een uitstekende pasvorm.\" \/>\n<meta name=\"robots\" content=\"index, follow, max-snippet:-1, max-image-preview:large, max-video-preview:-1\" \/>\n<link rel=\"canonical\" href=\"https:\/\/versano.nl\/de\/shop\/dames-leren-jasje-in-zwart-van-versano\/\" \/>\n<meta property=\"og:locale\" content=\"de_DE\" \/>\n<meta property=\"og:type\" content=\"article\" \/>\n<meta property=\"og:title\" content=\"Leren Dames Jas Versano Zwart, Dames leren jasje in zwart van Versano\" \/>\n<meta property=\"og:description\" content=\"Met de Dames leren jasje in zwart van Versano mag je echt gezien worden. De jas heeft door de taillering een uitstekende pasvorm.\" \/>\n<meta property=\"og:url\" content=\"https:\/\/versano.nl\/de\/shop\/dames-leren-jasje-in-zwart-van-versano\/\" \/>\n<meta property=\"og:site_name\" content=\"Versano\" \/>\n<meta property=\"article:modified_time\" content=\"2017-09-24T00:14:05+00:00\" \/>\n<meta property=\"og:image\" content=\"https:\/\/versano.nl\/wp-content\/uploads\/2017\/05\/dames-leren-jas-zwart-versano-339-voor.jpg\" \/>\n\t<meta property=\"og:image:width\" content=\"750\" \/>\n\t<meta property=\"og:image:height\" content=\"975\" \/>\n\t<meta property=\"og:image:type\" content=\"image\/jpeg\" \/>\n<meta name=\"twitter:card\" content=\"summary_large_image\" \/>\n<meta name=\"twitter:label1\" content=\"Gesch\u00e4tzte Lesezeit\" \/>\n\t<meta name=\"twitter:data1\" content=\"1\u00a0Minute\" \/>\n<script type=\"application\/ld+json\" class=\"yoast-schema-graph\">{\"@context\":\"https:\/\/schema.org\",\"@graph\":[{\"@type\":\"WebPage\",\"@id\":\"https:\/\/versano.nl\/shop\/dames-leren-jasje-in-zwart-van-versano\/\",\"url\":\"https:\/\/versano.nl\/shop\/dames-leren-jasje-in-zwart-van-versano\/\",\"name\":\"Leren Dames Jas Versano Zwart, Dames leren jasje in zwart van Versano\",\"isPartOf\":{\"@id\":\"https:\/\/versano.nl\/#website\"},\"primaryImageOfPage\":{\"@id\":\"https:\/\/versano.nl\/shop\/dames-leren-jasje-in-zwart-van-versano\/#primaryimage\"},\"image\":{\"@id\":\"https:\/\/versano.nl\/shop\/dames-leren-jasje-in-zwart-van-versano\/#primaryimage\"},\"thumbnailUrl\":\"https:\/\/versano.nl\/wp-content\/uploads\/2017\/05\/dames-leren-jas-zwart-versano-339-voor.jpg\",\"datePublished\":\"2016-04-05T14:14:50+00:00\",\"dateModified\":\"2017-09-24T00:14:05+00:00\",\"description\":\"Met de Dames leren jasje in zwart van Versano mag je echt gezien worden. De jas heeft door de taillering een uitstekende pasvorm.\",\"breadcrumb\":{\"@id\":\"https:\/\/versano.nl\/shop\/dames-leren-jasje-in-zwart-van-versano\/#breadcrumb\"},\"inLanguage\":\"de\",\"potentialAction\":[{\"@type\":\"ReadAction\",\"target\":[\"https:\/\/versano.nl\/shop\/dames-leren-jasje-in-zwart-van-versano\/\"]}]},{\"@type\":\"ImageObject\",\"inLanguage\":\"de\",\"@id\":\"https:\/\/versano.nl\/shop\/dames-leren-jasje-in-zwart-van-versano\/#primaryimage\",\"url\":\"https:\/\/versano.nl\/wp-content\/uploads\/2017\/05\/dames-leren-jas-zwart-versano-339-voor.jpg\",\"contentUrl\":\"https:\/\/versano.nl\/wp-content\/uploads\/2017\/05\/dames-leren-jas-zwart-versano-339-voor.jpg\",\"width\":750,\"height\":975,\"caption\":\"Dames leren jasje in zwart van Versano\"},{\"@type\":\"BreadcrumbList\",\"@id\":\"https:\/\/versano.nl\/shop\/dames-leren-jasje-in-zwart-van-versano\/#breadcrumb\",\"itemListElement\":[{\"@type\":\"ListItem\",\"position\":1,\"name\":\"Home\",\"item\":\"https:\/\/versano.nl\/\"},{\"@type\":\"ListItem\",\"position\":2,\"name\":\"Shop\",\"item\":\"https:\/\/versano.nl\/shop\/\"},{\"@type\":\"ListItem\",\"position\":3,\"name\":\"Dames leren jasje in zwart van Versano\"}]},{\"@type\":\"WebSite\",\"@id\":\"https:\/\/versano.nl\/#website\",\"url\":\"https:\/\/versano.nl\/\",\"name\":\"Versano\",\"description\":\"winterjassen met bontkraag | leren dames jassen | leren heren jassen\",\"potentialAction\":[{\"@type\":\"SearchAction\",\"target\":{\"@type\":\"EntryPoint\",\"urlTemplate\":\"https:\/\/versano.nl\/?s={search_term_string}\"},\"query-input\":{\"@type\":\"PropertyValueSpecification\",\"valueRequired\":true,\"valueName\":\"search_term_string\"}}],\"inLanguage\":\"de\"}]}<\/script>\n<!-- \/ Yoast SEO plugin. -->","yoast_head_json":{"title":"Leder Damenjacke Versano Black, Damen Lederjacke in Schwarz von Versano","description":"Mit der Ladies Lederjacke in Schwarz von Versano k\u00f6nnen Sie wirklich sehen. Die Jacke hat eine hervorragende Passform durch die Taille.","robots":{"index":"index","follow":"follow","max-snippet":"max-snippet:-1","max-image-preview":"max-image-preview:large","max-video-preview":"max-video-preview:-1"},"canonical":"https:\/\/versano.nl\/de\/shop\/dames-leren-jasje-in-zwart-van-versano\/","og_locale":"de_DE","og_type":"article","og_title":"Leren Dames Jas Versano Zwart, Dames leren jasje in zwart van Versano","og_description":"Met de Dames leren jasje in zwart van Versano mag je echt gezien worden. De jas heeft door de taillering een uitstekende pasvorm.","og_url":"https:\/\/versano.nl\/de\/shop\/dames-leren-jasje-in-zwart-van-versano\/","og_site_name":"Versano","article_modified_time":"2017-09-24T00:14:05+00:00","og_image":[{"width":750,"height":975,"url":"https:\/\/versano.nl\/wp-content\/uploads\/2017\/05\/dames-leren-jas-zwart-versano-339-voor.jpg","type":"image\/jpeg"}],"twitter_card":"summary_large_image","twitter_misc":{"Gesch\u00e4tzte Lesezeit":"1\u00a0Minute"},"schema":{"@context":"https:\/\/schema.org","@graph":[{"@type":"WebPage","@id":"https:\/\/versano.nl\/shop\/dames-leren-jasje-in-zwart-van-versano\/","url":"https:\/\/versano.nl\/shop\/dames-leren-jasje-in-zwart-van-versano\/","name":"Leder Damenjacke Versano Black, Damen Lederjacke in Schwarz von Versano","isPartOf":{"@id":"https:\/\/versano.nl\/#website"},"primaryImageOfPage":{"@id":"https:\/\/versano.nl\/shop\/dames-leren-jasje-in-zwart-van-versano\/#primaryimage"},"image":{"@id":"https:\/\/versano.nl\/shop\/dames-leren-jasje-in-zwart-van-versano\/#primaryimage"},"thumbnailUrl":"https:\/\/versano.nl\/wp-content\/uploads\/2017\/05\/dames-leren-jas-zwart-versano-339-voor.jpg","datePublished":"2016-04-05T14:14:50+00:00","dateModified":"2017-09-24T00:14:05+00:00","description":"Mit der Ladies Lederjacke in Schwarz von Versano k\u00f6nnen Sie wirklich sehen. Die Jacke hat eine hervorragende Passform durch die Taille.","breadcrumb":{"@id":"https:\/\/versano.nl\/shop\/dames-leren-jasje-in-zwart-van-versano\/#breadcrumb"},"inLanguage":"de","potentialAction":[{"@type":"ReadAction","target":["https:\/\/versano.nl\/shop\/dames-leren-jasje-in-zwart-van-versano\/"]}]},{"@type":"ImageObject","inLanguage":"de","@id":"https:\/\/versano.nl\/shop\/dames-leren-jasje-in-zwart-van-versano\/#primaryimage","url":"https:\/\/versano.nl\/wp-content\/uploads\/2017\/05\/dames-leren-jas-zwart-versano-339-voor.jpg","contentUrl":"https:\/\/versano.nl\/wp-content\/uploads\/2017\/05\/dames-leren-jas-zwart-versano-339-voor.jpg","width":750,"height":975,"caption":"Dames leren jasje in zwart van Versano"},{"@type":"BreadcrumbList","@id":"https:\/\/versano.nl\/shop\/dames-leren-jasje-in-zwart-van-versano\/#breadcrumb","itemListElement":[{"@type":"ListItem","position":1,"name":"Home","item":"https:\/\/versano.nl\/"},{"@type":"ListItem","position":2,"name":"Shop","item":"https:\/\/versano.nl\/shop\/"},{"@type":"ListItem","position":3,"name":"Dames leren jasje in zwart van Versano"}]},{"@type":"WebSite","@id":"https:\/\/versano.nl\/#website","url":"https:\/\/versano.nl\/","name":"Versano","description":"Winterm\u00e4ntel mit Pelzkragen | Damen Lederjacken | Herren Lederjacken","potentialAction":[{"@type":"SearchAction","target":{"@type":"EntryPoint","urlTemplate":"https:\/\/versano.nl\/?s={search_term_string}"},"query-input":{"@type":"PropertyValueSpecification","valueRequired":true,"valueName":"search_term_string"}}],"inLanguage":"de"}]}},"_links":{"self":[{"href":"https:\/\/versano.nl\/de\/wp-json\/wp\/v2\/product\/5116","targetHints":{"allow":["GET"]}}],"collection":[{"href":"https:\/\/versano.nl\/de\/wp-json\/wp\/v2\/product"}],"about":[{"href":"https:\/\/versano.nl\/de\/wp-json\/wp\/v2\/types\/product"}],"replies":[{"embeddable":true,"href":"https:\/\/versano.nl\/de\/wp-json\/wp\/v2\/comments?post=5116"}],"wp:featuredmedia":[{"embeddable":true,"href":"https:\/\/versano.nl\/de\/wp-json\/wp\/v2\/media\/5122"}],"wp:attachment":[{"href":"https:\/\/versano.nl\/de\/wp-json\/wp\/v2\/media?parent=5116"}],"wp:term":[{"taxonomy":"product_brand","embeddable":true,"href":"https:\/\/versano.nl\/de\/wp-json\/wp\/v2\/product_brand?post=5116"},{"taxonomy":"product_cat","embeddable":true,"href":"https:\/\/versano.nl\/de\/wp-json\/wp\/v2\/product_cat?post=5116"},{"taxonomy":"product_tag","embeddable":true,"href":"https:\/\/versano.nl\/de\/wp-json\/wp\/v2\/product_tag?post=5116"}],"curies":[{"name":"wp","href":"https:\/\/api.w.org\/{rel}","templated":true}]}}