{"id":5093,"date":"2016-04-05T21:30:25","date_gmt":"2016-04-05T21:30:25","guid":{"rendered":"http:\/\/leathershopdoci.nl\/?post_type=product&#038;p=10204"},"modified":"2021-02-05T14:50:51","modified_gmt":"2021-02-05T14:50:51","slug":"lederen-dames-jasje-bruin-van-versano","status":"publish","type":"product","link":"https:\/\/versano.nl\/de\/shop\/lederen-dames-jasje-bruin-van-versano\/","title":{"rendered":"Lederdamenjacke braun Versano"},"content":{"rendered":"<h2>Lederdamenjacke braun Versano<\/h2>\n<p>Sie suchen die sch\u00f6ne Lederjacke, die nicht nur bequem ist perfekt, aber auch in dem Spiegel stolz beachten? Dann schauen Sie brauchen nicht weiter als diese Lederjacke Damen braun Versano. Dies ist eine Jacke, wie wir ihn sehen. Sch\u00f6n gestaltet und in einer sch\u00f6nen Farbe umgesetzt. Cognac ist eine Farbe, die sich eignet ideal Lederjacken zu verwenden. Dies ist eine Jacke, die auch von allen vier Umsetzung leicht die Jahreszeit bringen kann. Wie die anderen Produkte im Bereich von Versano ist dies eine Jacke, die italienisch zugeschnitten ist. So k\u00f6nnen Sie auch sicher sein, dass es perfekt ist.<\/p>\n<h3>Diese Lederdamenjacke Bestell braun Versano<\/h3>\n<p>Derjenigediejenigedasjenige sch\u00f6ne braun gef\u00e4rbte Lederjacke Versano ist komplett aus robustem Lammleder. Dies ist ein Material, das eine sch\u00f6ne W\u00e4sche hat, gibt die Jacke macht im Laufe der Jahre nur noch besser aussehen wird. Es ist eine Jacke mit zwei Brusttaschen mit Rei\u00dfverschluss und zwei tiefen Seitentaschen auch einen Rei\u00dfverschluss verf\u00fcgen. Es ist eine Jacke, die nicht nur in braun als auch in Cognac zur Verf\u00fcgung steht. Sie k\u00f6nnen auch auf unserer Website verf\u00fcgbar Farbe und sie somit zu entscheiden, welche Farbe zu Ihnen pa\u00dft.<\/p>\n<p>Marke: <a href=\"https:\/\/versano.nl\/\" target=\"_blank\" rel=\"noopener noreferrer\">Versano<\/a><br \/>\nMaterial: 100% Lammfell<br \/>\nFutter: 100% Polyester<br \/>\nL\u00e4nge: kurz<br \/>\nFit: Normal<br \/>\nSchlie\u00dfung: Rei\u00dfverschluss<br \/>\nTaschen: RV-Taschen<br \/>\nKragen: unten Kragen<br \/>\nMaterial Au\u00dfenschicht: hohe Qualit\u00e4t und weiches Lammfell<br \/>\nZeit: 1-3 Tage<\/p>","protected":false},"excerpt":{"rendered":"<p><strong>Wenn Sie eine Gr\u00f6\u00dfe w\u00e4hlen, dann erscheint eine Zeichnung mit Gr\u00f6\u00dfenabmessungen. Um die richtige Gr\u00f6\u00dfe zu ermitteln, empfiehlt es sich, zuerst Ihre Gurtma\u00dfe zu messen und vergleichen sie mit den Abmessungen in der Zeichnung. Haben Sie keine Erfahrung haben die Ma\u00dfe bei der Messung, klicken Sie bitte <a href=\"https:\/\/www.youtube.com\/watch?v=MmcpCx4GsdU\" target=\"_blank\" rel=\"noopener noreferrer\"><span style=\"color: #ff0000;\"><em>HIER<\/em><\/span>\u00a0<\/a> zu <span style=\"color: #ff0000;\"><em><a style=\"color: #ff0000;\" href=\"https:\/\/www.youtube.com\/watch?v=MmcpCx4GsdU\" target=\"_blank\" rel=\"noopener noreferrer\">VIDEO<\/a><\/em><\/span> um zu sehen, wie dies zu tun<\/strong>.<\/p>\n<p>Diese Lederjacke aus dem italienischen Marke Versano ist eine Vier-Jahreszeiten-Jacke. Die italienische ist mit einem geraden Rei\u00dfverschluss und zwei tiefen Seitentaschen mit Rei\u00dfverschluss, zwei Brusttaschen mit Rei\u00dfverschluss und einer Innentasche ausgestattet. Durable Lammfell hat eine sehr sch\u00f6ne W\u00e4sche. Diese Damen Lederjacke ist auch in Cognac erh\u00e4ltlich.<\/p>","protected":false},"featured_media":5099,"comment_status":"closed","ping_status":"closed","template":"","meta":[],"product_brand":[],"product_cat":[90,1712],"product_tag":[691,692,443,446,95,693,98,349,694,142,101,105,106,107],"class_list":{"0":"post-5093","1":"product","2":"type-product","3":"status-publish","4":"has-post-thumbnail","6":"product_cat-dames-leren-jassen","7":"product_cat-leren-jassen","8":"product_tag-bruin","9":"product_tag-bruine-lederen-dames-jas","10":"product_tag-bruine-leren-dames-jas","11":"product_tag-dames-leren-jas-bruin","12":"product_tag-korte-leren-jassen","13":"product_tag-lederen-dames-jas-bruin","14":"product_tag-leren-jasje","15":"product_tag-leren-jassen","16":"product_tag-online-bruine-leren-dames-jas","17":"product_tag-online-dames-leren-jassen","18":"product_tag-online-leren-jassen","19":"product_tag-versano-leren-jassen","20":"product_tag-winter-leren-jassen","21":"product_tag-zomer-leren-jassen","22":"tm-no-options","24":"first","25":"outofstock","26":"taxable","27":"shipping-taxable","28":"product-type-variable"},"yoast_head":"<!-- This site is optimized with the Yoast SEO plugin v27.2 - https:\/\/yoast.com\/product\/yoast-seo-wordpress\/ -->\n<title>Lederen dames jasje bruin van Versano, leren jasje bruin, leren jas bruin<\/title>\n<meta name=\"description\" content=\"Met deze Lederen dames jasje bruin van Versano mag je echt gezien worden. Deze jas is gemaakt van lamsleer, en is mooi getailleerd\" \/>\n<meta name=\"robots\" content=\"index, follow, max-snippet:-1, max-image-preview:large, max-video-preview:-1\" \/>\n<link rel=\"canonical\" href=\"https:\/\/versano.nl\/de\/shop\/lederen-dames-jasje-bruin-van-versano\/\" \/>\n<meta property=\"og:locale\" content=\"de_DE\" \/>\n<meta property=\"og:type\" content=\"article\" \/>\n<meta property=\"og:title\" content=\"Lederen dames jasje bruin van Versano, leren jasje bruin, leren jas bruin\" \/>\n<meta property=\"og:description\" content=\"Met deze Lederen dames jasje bruin van Versano mag je echt gezien worden. Deze jas is gemaakt van lamsleer, en is mooi getailleerd\" \/>\n<meta property=\"og:url\" content=\"https:\/\/versano.nl\/de\/shop\/lederen-dames-jasje-bruin-van-versano\/\" \/>\n<meta property=\"og:site_name\" content=\"Versano\" \/>\n<meta property=\"article:modified_time\" content=\"2021-02-05T14:50:51+00:00\" \/>\n<meta property=\"og:image\" content=\"https:\/\/versano.nl\/wp-content\/uploads\/2017\/05\/dames-jas-leder-bruin-versano-340-voor.jpg\" \/>\n\t<meta property=\"og:image:width\" content=\"750\" \/>\n\t<meta property=\"og:image:height\" content=\"975\" \/>\n\t<meta property=\"og:image:type\" content=\"image\/jpeg\" \/>\n<meta name=\"twitter:card\" content=\"summary_large_image\" \/>\n<meta name=\"twitter:label1\" content=\"Gesch\u00e4tzte Lesezeit\" \/>\n\t<meta name=\"twitter:data1\" content=\"1\u00a0Minute\" \/>\n<script type=\"application\/ld+json\" class=\"yoast-schema-graph\">{\"@context\":\"https:\/\/schema.org\",\"@graph\":[{\"@type\":\"WebPage\",\"@id\":\"https:\/\/versano.nl\/shop\/lederen-dames-jasje-bruin-van-versano\/\",\"url\":\"https:\/\/versano.nl\/shop\/lederen-dames-jasje-bruin-van-versano\/\",\"name\":\"Lederen dames jasje bruin van Versano, leren jasje bruin, leren jas bruin\",\"isPartOf\":{\"@id\":\"https:\/\/versano.nl\/#website\"},\"primaryImageOfPage\":{\"@id\":\"https:\/\/versano.nl\/shop\/lederen-dames-jasje-bruin-van-versano\/#primaryimage\"},\"image\":{\"@id\":\"https:\/\/versano.nl\/shop\/lederen-dames-jasje-bruin-van-versano\/#primaryimage\"},\"thumbnailUrl\":\"https:\/\/versano.nl\/wp-content\/uploads\/2017\/05\/dames-jas-leder-bruin-versano-340-voor.jpg\",\"datePublished\":\"2016-04-05T21:30:25+00:00\",\"dateModified\":\"2021-02-05T14:50:51+00:00\",\"description\":\"Met deze Lederen dames jasje bruin van Versano mag je echt gezien worden. Deze jas is gemaakt van lamsleer, en is mooi getailleerd\",\"breadcrumb\":{\"@id\":\"https:\/\/versano.nl\/shop\/lederen-dames-jasje-bruin-van-versano\/#breadcrumb\"},\"inLanguage\":\"de\",\"potentialAction\":[{\"@type\":\"ReadAction\",\"target\":[\"https:\/\/versano.nl\/shop\/lederen-dames-jasje-bruin-van-versano\/\"]}]},{\"@type\":\"ImageObject\",\"inLanguage\":\"de\",\"@id\":\"https:\/\/versano.nl\/shop\/lederen-dames-jasje-bruin-van-versano\/#primaryimage\",\"url\":\"https:\/\/versano.nl\/wp-content\/uploads\/2017\/05\/dames-jas-leder-bruin-versano-340-voor.jpg\",\"contentUrl\":\"https:\/\/versano.nl\/wp-content\/uploads\/2017\/05\/dames-jas-leder-bruin-versano-340-voor.jpg\",\"width\":750,\"height\":975,\"caption\":\"Lederen dames jasje bruin van Versano\"},{\"@type\":\"BreadcrumbList\",\"@id\":\"https:\/\/versano.nl\/shop\/lederen-dames-jasje-bruin-van-versano\/#breadcrumb\",\"itemListElement\":[{\"@type\":\"ListItem\",\"position\":1,\"name\":\"Home\",\"item\":\"https:\/\/versano.nl\/\"},{\"@type\":\"ListItem\",\"position\":2,\"name\":\"Shop\",\"item\":\"https:\/\/versano.nl\/shop\/\"},{\"@type\":\"ListItem\",\"position\":3,\"name\":\"Lederen dames jasje bruin van Versano\"}]},{\"@type\":\"WebSite\",\"@id\":\"https:\/\/versano.nl\/#website\",\"url\":\"https:\/\/versano.nl\/\",\"name\":\"Versano\",\"description\":\"winterjassen met bontkraag | leren dames jassen | leren heren jassen\",\"potentialAction\":[{\"@type\":\"SearchAction\",\"target\":{\"@type\":\"EntryPoint\",\"urlTemplate\":\"https:\/\/versano.nl\/?s={search_term_string}\"},\"query-input\":{\"@type\":\"PropertyValueSpecification\",\"valueRequired\":true,\"valueName\":\"search_term_string\"}}],\"inLanguage\":\"de\"}]}<\/script>\n<!-- \/ Yoast SEO plugin. -->","yoast_head_json":{"title":"Damen Lederjacke in Braun von Versano, Lederjacke in Braun, Lederjacke in Braun","description":"Mit dieser Leder Damenjacke braun von Versano k\u00f6nnen Sie wirklich gesehen werden. Diese Jacke besteht aus Lammleder und ist gut geschnitten","robots":{"index":"index","follow":"follow","max-snippet":"max-snippet:-1","max-image-preview":"max-image-preview:large","max-video-preview":"max-video-preview:-1"},"canonical":"https:\/\/versano.nl\/de\/shop\/lederen-dames-jasje-bruin-van-versano\/","og_locale":"de_DE","og_type":"article","og_title":"Lederen dames jasje bruin van Versano, leren jasje bruin, leren jas bruin","og_description":"Met deze Lederen dames jasje bruin van Versano mag je echt gezien worden. Deze jas is gemaakt van lamsleer, en is mooi getailleerd","og_url":"https:\/\/versano.nl\/de\/shop\/lederen-dames-jasje-bruin-van-versano\/","og_site_name":"Versano","article_modified_time":"2021-02-05T14:50:51+00:00","og_image":[{"width":750,"height":975,"url":"https:\/\/versano.nl\/wp-content\/uploads\/2017\/05\/dames-jas-leder-bruin-versano-340-voor.jpg","type":"image\/jpeg"}],"twitter_card":"summary_large_image","twitter_misc":{"Gesch\u00e4tzte Lesezeit":"1\u00a0Minute"},"schema":{"@context":"https:\/\/schema.org","@graph":[{"@type":"WebPage","@id":"https:\/\/versano.nl\/shop\/lederen-dames-jasje-bruin-van-versano\/","url":"https:\/\/versano.nl\/shop\/lederen-dames-jasje-bruin-van-versano\/","name":"Damen Lederjacke in Braun von Versano, Lederjacke in Braun, Lederjacke in Braun","isPartOf":{"@id":"https:\/\/versano.nl\/#website"},"primaryImageOfPage":{"@id":"https:\/\/versano.nl\/shop\/lederen-dames-jasje-bruin-van-versano\/#primaryimage"},"image":{"@id":"https:\/\/versano.nl\/shop\/lederen-dames-jasje-bruin-van-versano\/#primaryimage"},"thumbnailUrl":"https:\/\/versano.nl\/wp-content\/uploads\/2017\/05\/dames-jas-leder-bruin-versano-340-voor.jpg","datePublished":"2016-04-05T21:30:25+00:00","dateModified":"2021-02-05T14:50:51+00:00","description":"Mit dieser Leder Damenjacke braun von Versano k\u00f6nnen Sie wirklich gesehen werden. Diese Jacke besteht aus Lammleder und ist gut geschnitten","breadcrumb":{"@id":"https:\/\/versano.nl\/shop\/lederen-dames-jasje-bruin-van-versano\/#breadcrumb"},"inLanguage":"de","potentialAction":[{"@type":"ReadAction","target":["https:\/\/versano.nl\/shop\/lederen-dames-jasje-bruin-van-versano\/"]}]},{"@type":"ImageObject","inLanguage":"de","@id":"https:\/\/versano.nl\/shop\/lederen-dames-jasje-bruin-van-versano\/#primaryimage","url":"https:\/\/versano.nl\/wp-content\/uploads\/2017\/05\/dames-jas-leder-bruin-versano-340-voor.jpg","contentUrl":"https:\/\/versano.nl\/wp-content\/uploads\/2017\/05\/dames-jas-leder-bruin-versano-340-voor.jpg","width":750,"height":975,"caption":"Lederen dames jasje bruin van Versano"},{"@type":"BreadcrumbList","@id":"https:\/\/versano.nl\/shop\/lederen-dames-jasje-bruin-van-versano\/#breadcrumb","itemListElement":[{"@type":"ListItem","position":1,"name":"Home","item":"https:\/\/versano.nl\/"},{"@type":"ListItem","position":2,"name":"Shop","item":"https:\/\/versano.nl\/shop\/"},{"@type":"ListItem","position":3,"name":"Lederen dames jasje bruin van Versano"}]},{"@type":"WebSite","@id":"https:\/\/versano.nl\/#website","url":"https:\/\/versano.nl\/","name":"Versano","description":"Winterm\u00e4ntel mit Pelzkragen | Damen Lederjacken | Herren Lederjacken","potentialAction":[{"@type":"SearchAction","target":{"@type":"EntryPoint","urlTemplate":"https:\/\/versano.nl\/?s={search_term_string}"},"query-input":{"@type":"PropertyValueSpecification","valueRequired":true,"valueName":"search_term_string"}}],"inLanguage":"de"}]}},"_links":{"self":[{"href":"https:\/\/versano.nl\/de\/wp-json\/wp\/v2\/product\/5093","targetHints":{"allow":["GET"]}}],"collection":[{"href":"https:\/\/versano.nl\/de\/wp-json\/wp\/v2\/product"}],"about":[{"href":"https:\/\/versano.nl\/de\/wp-json\/wp\/v2\/types\/product"}],"replies":[{"embeddable":true,"href":"https:\/\/versano.nl\/de\/wp-json\/wp\/v2\/comments?post=5093"}],"wp:featuredmedia":[{"embeddable":true,"href":"https:\/\/versano.nl\/de\/wp-json\/wp\/v2\/media\/5099"}],"wp:attachment":[{"href":"https:\/\/versano.nl\/de\/wp-json\/wp\/v2\/media?parent=5093"}],"wp:term":[{"taxonomy":"product_brand","embeddable":true,"href":"https:\/\/versano.nl\/de\/wp-json\/wp\/v2\/product_brand?post=5093"},{"taxonomy":"product_cat","embeddable":true,"href":"https:\/\/versano.nl\/de\/wp-json\/wp\/v2\/product_cat?post=5093"},{"taxonomy":"product_tag","embeddable":true,"href":"https:\/\/versano.nl\/de\/wp-json\/wp\/v2\/product_tag?post=5093"}],"curies":[{"name":"wp","href":"https:\/\/api.w.org\/{rel}","templated":true}]}}