{"id":4848,"date":"2016-05-14T12:27:59","date_gmt":"2016-05-14T12:27:59","guid":{"rendered":"http:\/\/leathershopdoci.nl\/?post_type=product&#038;p=10555"},"modified":"2025-05-09T10:30:45","modified_gmt":"2025-05-09T10:30:45","slug":"imitatieleren-bikerjack-zwart-heren-versano-tr50","status":"publish","type":"product","link":"https:\/\/versano.nl\/de\/shop\/imitatieleren-bikerjack-zwart-heren-versano-tr50\/","title":{"rendered":"Bikerjacke Herren Kunstleder schwarz TRR 50 Versano"},"content":{"rendered":"<h2>Bikerjacke Herren Kunstleder schwarz TRR 50 Versano<\/h2>\n<p>Diese Jacke ist ein echter Hingucker und zeichnet sich durch Tragekomfort und Modell aus. Wir haben es hier mit einer Jacke zu tun, die robust aussieht. Diese Jacke ist aus Lederimitat und ist wirklich eine coole Bikerjacke. Die Jacke hat zwei tiefe Seitentaschen mit Rei\u00dfverschluss und eine Innentasche. Diese Herrenjacke ist hervorragend verarbeitet und hat eine schmale Passform. Man muss nicht unbedingt Biker sein, um diese Jacke zu tragen. Es wird genauso gut tun, wenn Sie f\u00fcr eine Nacht ausgehen oder zu einem besonderen Anlass gehen. Es ist eine Herrenjacke aus Kunstleder, die Sie zu jeder Jahreszeit tragen k\u00f6nnen. Mit der Bikerjacke Herren Kunstleder schwarz TRR 50 Versano bekommst du eine Jacke, die dir bestimmt gefallen wird. Dieses Modell k\u00f6nnen Sie ganz einfach auf unserer Website in verschiedenen Farben bestellen.<\/p>\n<h2>Modell TR50 in schwarz bestellen<\/h2>\n<p>Auf der Suche nach einer coolen Bikerjacke aus Lederimitat? Dann ist es gut, einen Blick auf das Versano-Sortiment zu werfen. Wir verkaufen die Lederjacken der bekannten Topmarke Versano. Hier kommen die sch\u00f6nsten Materialien zum Einsatz, die von den besten Designern zu einem ansprechenden, robusten Modell geformt werden. Erh\u00e4ltlich ist der TR50 in den Farben Schwarz und Cognac, daher empfehlen wir Ihnen, einfach zu sehen, welche Farbe Ihrer Meinung nach am besten zu Ihrem eigenen Stil passt. Bei uns k\u00f6nnen Sie ganz einfach die richtige Gr\u00f6\u00dfe anhand unserer smarten Anleitungsvideos ausw\u00e4hlen. Dann k\u00f6nnen Sie uns jederzeit per Mail oder WhatsApp kontaktieren. Unsere Mitarbeiter m\u00f6chten Ihnen helfen!<\/p>\n<p>Marke: <a href=\"https:\/\/versano.nl\" target=\"_blank\" rel=\"noopener noreferrer\">Versano<\/a><br \/>\nMaterial: Kunstleder Rexion<br \/>\nFutter: 100% Polyester<br \/>\nL\u00e4nge: kurz<br \/>\nPassform: schmale Passform<br \/>\nSchlie\u00dfung: Rei\u00dfverschluss<br \/>\nTaschen: RV-Taschen<br \/>\nCollar: A-symmetrische<br \/>\nLieferzeit: 2-3 Werktage<\/p>","protected":false},"excerpt":{"rendered":"<p style=\"margin: 0cm 0cm 11.25pt 0cm;\"><span style=\"font-family: 'Arial',sans-serif; color: red;\">Fit Beratung:\u00a0<\/span><span style=\"font-family: 'Arial',sans-serif;\">Die Passform dieser Jacke ist schmal geschnitten. Unser Model ist 1,75 cm gro\u00df und tr\u00e4gt Gr\u00f6\u00dfe M.<\/span><\/p>\n<p style=\"margin: 0cm 0cm 11.25pt 0cm;\"><span style=\"font-family: 'Arial',sans-serif;\">Wenn Sie sich bei Ihren Ma\u00dfen nicht sicher sind, empfehlen wir Ihnen, zuerst Ihre Gr\u00f6\u00dfenma\u00dfe zu messen und sie mit unserer Gr\u00f6\u00dfentabelle zu vergleichen. Wenn Sie keine Erfahrung mit der Messung von Umfangsgr\u00f6\u00dfen haben, klicken Sie auf\u00a0<\/span><a href=\"https:\/\/www.youtube.com\/watch?v=3ZSfY87v6pM\"><em><span style=\"font-family: 'Arial',sans-serif; color: windowtext; text-decoration: none;\">HIER<\/span><\/em><span style=\"font-family: 'Arial',sans-serif; color: windowtext; text-decoration: none;\">\u00a0<\/span><\/a><span style=\"font-family: 'Arial',sans-serif;\">\u00a0zu\u00a0<\/span><a href=\"https:\/\/www.youtube.com\/watch?v=3ZSfY87v6pM\"><em><span style=\"font-family: 'Arial',sans-serif; color: red; text-decoration: none;\">VIDEO<\/span><\/em><\/a><span style=\"font-family: 'Arial',sans-serif;\">\u00a0 mit Anweisungen. Sie k\u00f6nnen uns auch direkt anrufen oder anrufen! Unsere Mitarbeiter stehen Ihnen jederzeit zur Verf\u00fcgung.<\/span><\/p>\n<p style=\"margin: 0cm;\"><strong><span style=\"font-family: 'Arial',sans-serif;\">LIEFERZEIT :<\/span><\/strong><span style=\"font-family: 'Arial',sans-serif;\">\u00a02 bis 3 Werktage.<\/span><\/p>\n<p style=\"margin: 0cm;\"><span style=\"font-family: 'Arial',sans-serif;\">\u00a0<\/span><\/p>","protected":false},"featured_media":20854,"comment_status":"closed","ping_status":"closed","template":"","meta":[],"product_brand":[],"product_cat":[1672,734,923,16,732,882],"product_tag":[636,1985,637,49,638,1971,639,640,641,478,642,643,479,23,24,1837,1735],"class_list":{"0":"post-4848","1":"product","2":"type-product","3":"status-publish","4":"has-post-thumbnail","6":"product_cat-biker-jas-heren","7":"product_cat-heren-leatherlook-jassen-lederlook-jassen","8":"product_cat-imitatie-leren-jas","9":"product_cat-imitatieleren-jassen-heren","10":"product_cat-leatherlook-jassen","11":"product_cat-versano","12":"product_tag-bikerjack-heren-zwart","13":"product_tag-goedkope-imitatie-leren-heren-jas","14":"product_tag-heren-lederlook-bikerjack","15":"product_tag-heren-zwart","16":"product_tag-imitatie-leren-heren-biker-jack","17":"product_tag-imitatie-leren-heren-jas-kopen","18":"product_tag-imitatie-leren-heren-jas-zwart","19":"product_tag-imitatieleren-bikerjas-zwart-heren","20":"product_tag-imitatieleren-heren-bikerjack-zwart","21":"product_tag-imitatieleren-heren-jas-zwart","22":"product_tag-immitatie-leren-heren-jas-zwart","23":"product_tag-kunstleer-bikerjack-heren-zwart","24":"product_tag-kunstleren-heren-jas-zwart","25":"product_tag-motorjacks-heren","26":"product_tag-stoer-jasje-heren","27":"product_tag-uitverkoop-versano","28":"product_tag-zwarte-biker-jas-heren","29":"product_shipping_class-verzendkosten-1","30":"tm-no-options","32":"first","33":"instock","34":"sale","35":"taxable","36":"shipping-taxable","37":"purchasable","38":"product-type-variable"},"yoast_head":"<!-- This site is optimized with the Yoast SEO plugin v27.2 - https:\/\/yoast.com\/product\/yoast-seo-wordpress\/ -->\n<title>biker jas heren imitatie leer zwart TRR 50 Versano<\/title>\n<meta name=\"description\" content=\"Deze biker jas heren imitatie leer zwart TRR 50 Versano is haast niet te onderscheiden van het leren model. Goed geprijsd en een stoere jas.\" \/>\n<meta name=\"robots\" content=\"index, follow, max-snippet:-1, max-image-preview:large, max-video-preview:-1\" \/>\n<link rel=\"canonical\" href=\"https:\/\/versano.nl\/de\/shop\/imitatieleren-bikerjack-zwart-heren-versano-tr50\/\" \/>\n<meta property=\"og:locale\" content=\"de_DE\" \/>\n<meta property=\"og:type\" content=\"article\" \/>\n<meta property=\"og:title\" content=\"biker jas heren imitatie leer zwart TRR 50 Versano\" \/>\n<meta property=\"og:description\" content=\"Deze biker jas heren imitatie leer zwart TRR 50 Versano is haast niet te onderscheiden van het leren model. Goed geprijsd en een stoere jas.\" \/>\n<meta property=\"og:url\" content=\"https:\/\/versano.nl\/de\/shop\/imitatieleren-bikerjack-zwart-heren-versano-tr50\/\" \/>\n<meta property=\"og:site_name\" content=\"Versano\" \/>\n<meta property=\"article:modified_time\" content=\"2025-05-09T10:30:45+00:00\" \/>\n<meta property=\"og:image\" content=\"https:\/\/versano.nl\/wp-content\/uploads\/2021\/03\/leren-bikerjack-heren-zwart-versano-tr50-model3.jpg\" \/>\n\t<meta property=\"og:image:width\" content=\"900\" \/>\n\t<meta property=\"og:image:height\" content=\"1176\" \/>\n\t<meta property=\"og:image:type\" content=\"image\/jpeg\" \/>\n<meta name=\"twitter:card\" content=\"summary_large_image\" \/>\n<meta name=\"twitter:label1\" content=\"Gesch\u00e4tzte Lesezeit\" \/>\n\t<meta name=\"twitter:data1\" content=\"2\u00a0Minuten\" \/>\n<script type=\"application\/ld+json\" class=\"yoast-schema-graph\">{\"@context\":\"https:\/\/schema.org\",\"@graph\":[{\"@type\":\"WebPage\",\"@id\":\"https:\/\/versano.nl\/shop\/imitatieleren-bikerjack-zwart-heren-versano-tr50\/\",\"url\":\"https:\/\/versano.nl\/shop\/imitatieleren-bikerjack-zwart-heren-versano-tr50\/\",\"name\":\"biker jas heren imitatie leer zwart TRR 50 Versano\",\"isPartOf\":{\"@id\":\"https:\/\/versano.nl\/#website\"},\"primaryImageOfPage\":{\"@id\":\"https:\/\/versano.nl\/shop\/imitatieleren-bikerjack-zwart-heren-versano-tr50\/#primaryimage\"},\"image\":{\"@id\":\"https:\/\/versano.nl\/shop\/imitatieleren-bikerjack-zwart-heren-versano-tr50\/#primaryimage\"},\"thumbnailUrl\":\"https:\/\/versano.nl\/wp-content\/uploads\/2021\/03\/leren-bikerjack-heren-zwart-versano-tr50-model3.jpg\",\"datePublished\":\"2016-05-14T12:27:59+00:00\",\"dateModified\":\"2025-05-09T10:30:45+00:00\",\"description\":\"Deze biker jas heren imitatie leer zwart TRR 50 Versano is haast niet te onderscheiden van het leren model. Goed geprijsd en een stoere jas.\",\"breadcrumb\":{\"@id\":\"https:\/\/versano.nl\/shop\/imitatieleren-bikerjack-zwart-heren-versano-tr50\/#breadcrumb\"},\"inLanguage\":\"de\",\"potentialAction\":[{\"@type\":\"ReadAction\",\"target\":[\"https:\/\/versano.nl\/shop\/imitatieleren-bikerjack-zwart-heren-versano-tr50\/\"]}]},{\"@type\":\"ImageObject\",\"inLanguage\":\"de\",\"@id\":\"https:\/\/versano.nl\/shop\/imitatieleren-bikerjack-zwart-heren-versano-tr50\/#primaryimage\",\"url\":\"https:\/\/versano.nl\/wp-content\/uploads\/2021\/03\/leren-bikerjack-heren-zwart-versano-tr50-model3.jpg\",\"contentUrl\":\"https:\/\/versano.nl\/wp-content\/uploads\/2021\/03\/leren-bikerjack-heren-zwart-versano-tr50-model3.jpg\",\"width\":900,\"height\":1176,\"caption\":\"leren-bikerjack-heren-zwart-versano-tr50-model\"},{\"@type\":\"BreadcrumbList\",\"@id\":\"https:\/\/versano.nl\/shop\/imitatieleren-bikerjack-zwart-heren-versano-tr50\/#breadcrumb\",\"itemListElement\":[{\"@type\":\"ListItem\",\"position\":1,\"name\":\"Home\",\"item\":\"https:\/\/versano.nl\/\"},{\"@type\":\"ListItem\",\"position\":2,\"name\":\"Shop\",\"item\":\"https:\/\/versano.nl\/shop\/\"},{\"@type\":\"ListItem\",\"position\":3,\"name\":\"biker jas heren imitatie leer zwart TRR 50 Versano\"}]},{\"@type\":\"WebSite\",\"@id\":\"https:\/\/versano.nl\/#website\",\"url\":\"https:\/\/versano.nl\/\",\"name\":\"Versano\",\"description\":\"winterjassen met bontkraag | leren dames jassen | leren heren jassen\",\"potentialAction\":[{\"@type\":\"SearchAction\",\"target\":{\"@type\":\"EntryPoint\",\"urlTemplate\":\"https:\/\/versano.nl\/?s={search_term_string}\"},\"query-input\":{\"@type\":\"PropertyValueSpecification\",\"valueRequired\":true,\"valueName\":\"search_term_string\"}}],\"inLanguage\":\"de\"}]}<\/script>\n<!-- \/ Yoast SEO plugin. -->","yoast_head_json":{"title":"Bikerjacke Herren Kunstleder schwarz TRR 50 Versano","description":"Diese Bikerjacke Herren Kunstleder schwarz TRR 50 Versano ist kaum vom Ledermodell zu unterscheiden. Preiswert und eine coole Jacke.","robots":{"index":"index","follow":"follow","max-snippet":"max-snippet:-1","max-image-preview":"max-image-preview:large","max-video-preview":"max-video-preview:-1"},"canonical":"https:\/\/versano.nl\/de\/shop\/imitatieleren-bikerjack-zwart-heren-versano-tr50\/","og_locale":"de_DE","og_type":"article","og_title":"biker jas heren imitatie leer zwart TRR 50 Versano","og_description":"Deze biker jas heren imitatie leer zwart TRR 50 Versano is haast niet te onderscheiden van het leren model. Goed geprijsd en een stoere jas.","og_url":"https:\/\/versano.nl\/de\/shop\/imitatieleren-bikerjack-zwart-heren-versano-tr50\/","og_site_name":"Versano","article_modified_time":"2025-05-09T10:30:45+00:00","og_image":[{"width":900,"height":1176,"url":"https:\/\/versano.nl\/wp-content\/uploads\/2021\/03\/leren-bikerjack-heren-zwart-versano-tr50-model3.jpg","type":"image\/jpeg"}],"twitter_card":"summary_large_image","twitter_misc":{"Gesch\u00e4tzte Lesezeit":"2\u00a0Minuten"},"schema":{"@context":"https:\/\/schema.org","@graph":[{"@type":"WebPage","@id":"https:\/\/versano.nl\/shop\/imitatieleren-bikerjack-zwart-heren-versano-tr50\/","url":"https:\/\/versano.nl\/shop\/imitatieleren-bikerjack-zwart-heren-versano-tr50\/","name":"Bikerjacke Herren Kunstleder schwarz TRR 50 Versano","isPartOf":{"@id":"https:\/\/versano.nl\/#website"},"primaryImageOfPage":{"@id":"https:\/\/versano.nl\/shop\/imitatieleren-bikerjack-zwart-heren-versano-tr50\/#primaryimage"},"image":{"@id":"https:\/\/versano.nl\/shop\/imitatieleren-bikerjack-zwart-heren-versano-tr50\/#primaryimage"},"thumbnailUrl":"https:\/\/versano.nl\/wp-content\/uploads\/2021\/03\/leren-bikerjack-heren-zwart-versano-tr50-model3.jpg","datePublished":"2016-05-14T12:27:59+00:00","dateModified":"2025-05-09T10:30:45+00:00","description":"Diese Bikerjacke Herren Kunstleder schwarz TRR 50 Versano ist kaum vom Ledermodell zu unterscheiden. Preiswert und eine coole Jacke.","breadcrumb":{"@id":"https:\/\/versano.nl\/shop\/imitatieleren-bikerjack-zwart-heren-versano-tr50\/#breadcrumb"},"inLanguage":"de","potentialAction":[{"@type":"ReadAction","target":["https:\/\/versano.nl\/shop\/imitatieleren-bikerjack-zwart-heren-versano-tr50\/"]}]},{"@type":"ImageObject","inLanguage":"de","@id":"https:\/\/versano.nl\/shop\/imitatieleren-bikerjack-zwart-heren-versano-tr50\/#primaryimage","url":"https:\/\/versano.nl\/wp-content\/uploads\/2021\/03\/leren-bikerjack-heren-zwart-versano-tr50-model3.jpg","contentUrl":"https:\/\/versano.nl\/wp-content\/uploads\/2021\/03\/leren-bikerjack-heren-zwart-versano-tr50-model3.jpg","width":900,"height":1176,"caption":"leren-bikerjack-heren-zwart-versano-tr50-model"},{"@type":"BreadcrumbList","@id":"https:\/\/versano.nl\/shop\/imitatieleren-bikerjack-zwart-heren-versano-tr50\/#breadcrumb","itemListElement":[{"@type":"ListItem","position":1,"name":"Home","item":"https:\/\/versano.nl\/"},{"@type":"ListItem","position":2,"name":"Shop","item":"https:\/\/versano.nl\/shop\/"},{"@type":"ListItem","position":3,"name":"biker jas heren imitatie leer zwart TRR 50 Versano"}]},{"@type":"WebSite","@id":"https:\/\/versano.nl\/#website","url":"https:\/\/versano.nl\/","name":"Versano","description":"Winterm\u00e4ntel mit Pelzkragen | Damen Lederjacken | Herren Lederjacken","potentialAction":[{"@type":"SearchAction","target":{"@type":"EntryPoint","urlTemplate":"https:\/\/versano.nl\/?s={search_term_string}"},"query-input":{"@type":"PropertyValueSpecification","valueRequired":true,"valueName":"search_term_string"}}],"inLanguage":"de"}]}},"_links":{"self":[{"href":"https:\/\/versano.nl\/de\/wp-json\/wp\/v2\/product\/4848","targetHints":{"allow":["GET"]}}],"collection":[{"href":"https:\/\/versano.nl\/de\/wp-json\/wp\/v2\/product"}],"about":[{"href":"https:\/\/versano.nl\/de\/wp-json\/wp\/v2\/types\/product"}],"replies":[{"embeddable":true,"href":"https:\/\/versano.nl\/de\/wp-json\/wp\/v2\/comments?post=4848"}],"wp:featuredmedia":[{"embeddable":true,"href":"https:\/\/versano.nl\/de\/wp-json\/wp\/v2\/media\/20854"}],"wp:attachment":[{"href":"https:\/\/versano.nl\/de\/wp-json\/wp\/v2\/media?parent=4848"}],"wp:term":[{"taxonomy":"product_brand","embeddable":true,"href":"https:\/\/versano.nl\/de\/wp-json\/wp\/v2\/product_brand?post=4848"},{"taxonomy":"product_cat","embeddable":true,"href":"https:\/\/versano.nl\/de\/wp-json\/wp\/v2\/product_cat?post=4848"},{"taxonomy":"product_tag","embeddable":true,"href":"https:\/\/versano.nl\/de\/wp-json\/wp\/v2\/product_tag?post=4848"}],"curies":[{"name":"wp","href":"https:\/\/api.w.org\/{rel}","templated":true}]}}