{"id":4804,"date":"2016-06-25T23:39:58","date_gmt":"2016-06-25T23:39:58","guid":{"rendered":"http:\/\/leathershopdoci.nl\/?post_type=product&#038;p=10677"},"modified":"2024-12-11T16:23:19","modified_gmt":"2024-12-11T16:23:19","slug":"leren-heren-jas-zwart-biker-model-versano-tr-36-b","status":"publish","type":"product","link":"https:\/\/versano.nl\/de\/shop\/leren-heren-jas-zwart-biker-model-versano-tr-36-b\/","title":{"rendered":"Herrenjacke Leder schwarz TR36 B Ziegenleder Versano"},"content":{"rendered":"<h2>Herrenjacke Leder schwarz TR36 B Ziegenleder Versano<\/h2>\n<p style=\"margin: 0cm 0cm 16.5pt 0cm;\"><span style=\"font-size: 10.5pt; font-family: 'Arial',sans-serif; color: #282828;\">Die Herrenjacke Leder schwarz TR36 B Ziegenleder Versano ist eines der beliebtesten Modelle von Versano. Dies ist eine sch\u00f6ne Jacke, die von unseren Kunden h\u00e4ufig gekauft wird. Ein spezielles Biker-Modell dieser Jacke wurde von den talentierten Designern von Versano entworfen. Mit anderen Worten, die Bikerjacke Herren Cognac von Versano ist eine Jacke, die Sie wahrscheinlich gerne tragen werden. Das Biker-Modell ist nur ein bisschen h\u00e4rter als die stylische andere Version. Man muss nicht unbedingt Biker sein, um diese Jacke zu tragen. Es wird genauso gut tun, wenn Sie f\u00fcr eine Nacht ausgehen oder zu einem besonderen Anlass gehen. Es ist eine Lederjacke, die Sie zu jeder Jahreszeit tragen k\u00f6nnen. <\/span><\/p>\n<h2 style=\"margin: 0cm 0cm 16.5pt 0cm;\"><span style=\"font-size: 10.5pt; font-family: 'Arial',sans-serif; color: #282828;\">Biker-Modell TR36 B in schwarz bestellen<\/span><\/h2>\n<p style=\"margin: 0cm 0cm 16.5pt 0cm;\"><span style=\"font-size: 10.5pt; font-family: 'Arial',sans-serif; color: #282828;\">Wenn Sie diese Jacke bei uns bestellen, erhalten Sie eine Jacke, die ein Leben lang sch\u00f6n bleibt. Dies ist eine sch\u00f6ne Slim-Fit-Jacke, die ganz im italienischen Stil ist. Mit anderen Worten, mit einer schwarzen Bikerjacke f\u00fcr Herren m\u00fcssen Sie sich keine Sorgen machen, dass Sie Lack sehen. Die Jacke ist mit zwei tiefen Seitentaschen mit Rei\u00dfverschluss, sowie zwei kleineren Taschen auf der Brust ausgestattet. Diese k\u00f6nnen zus\u00e4tzlich mit einem stabilen Rei\u00dfverschluss geschlossen werden. Dieses Modell k\u00f6nnen Sie ganz einfach auf unserer Website in Schwarz oder anderen verschiedenen Farben in der Lammfell-Ausf\u00fchrung bestellen. Wir empfehlen Ihnen daher, einfach zu schauen, welche Farbe Ihrer Meinung nach am besten zu Ihrem eigenen Stil passt. Haben Sie Fragen oder sind Sie sich nicht sicher, welche Gr\u00f6\u00dfe Sie bestellen sollen? Dann k\u00f6nnen Sie uns jederzeit per Mail oder WhatsApp kontaktieren. Unsere Mitarbeiter m\u00f6chten Ihnen helfen!<\/span><\/p>\n<p style=\"margin: 0cm;\"><span style=\"font-size: 10.5pt; font-family: 'Arial',sans-serif; color: #282828;\"><a href=\"https:\/\/versano.nl\/\">Versano<\/a><br \/>\nMaterial: 100% Lammfell<br \/>\nFutter: 100% Polyester<br \/>\nL\u00e4nge: mittel-kurz<br \/>\nPassform: schmale Passform<br \/>\nSchlie\u00dfung: Rei\u00dfverschluss<br \/>\nTaschen: RV-Taschen<br \/>\nKragen: Stehkragen<br \/>\nMaterial Au\u00dfenschicht: Sehr hohe Qualit\u00e4t und weiches Lammfell<br \/>\nLieferzeit: 2-3 Werktage<\/span><\/p>","protected":false},"excerpt":{"rendered":"<p style=\"margin: 0cm 0cm 11.25pt 0cm;\"><span style=\"font-size: 10.5pt; font-family: 'Arial',sans-serif; color: red;\">Fit Beratung:\u00a0<\/span><span style=\"font-size: 10.5pt; font-family: 'Arial',sans-serif; color: #5d5d5d;\">Die Passform dieser Jacke ist schmal geschnitten. Unser Model ist 1,75 cm gro\u00df und tr\u00e4gt Gr\u00f6\u00dfe M.<\/span><\/p>\n<p style=\"margin: 0cm 0cm 11.25pt 0cm;\"><span style=\"font-size: 10.5pt; font-family: 'Arial',sans-serif; color: #5d5d5d;\">Wenn Sie sich bei Ihren Ma\u00dfen nicht sicher sind, empfehlen wir Ihnen, zuerst Ihre Gr\u00f6\u00dfenma\u00dfe zu messen und sie mit unserer Gr\u00f6\u00dfentabelle zu vergleichen. Wenn Sie keine Erfahrung mit der Messung von Umfangsgr\u00f6\u00dfen haben, klicken Sie auf\u00a0<a href=\"https:\/\/www.youtube.com\/watch?v=3ZSfY87v6pM\"><em><span style=\"font-family: 'Arial',sans-serif; text-decoration: none; text-underline: none;\">HIER<\/span><\/em><span style=\"text-decoration: none; text-underline: none;\">\u00a0<\/span><\/a>\u00a0zu\u00a0<a href=\"https:\/\/www.youtube.com\/watch?v=3ZSfY87v6pM\"><em><span style=\"font-family: 'Arial',sans-serif; color: red; text-decoration: none; text-underline: none;\">VIDEO<\/span><\/em><\/a>\u00a0 mit Anweisungen. Sie k\u00f6nnen uns auch direkt anrufen oder anrufen! Unsere Mitarbeiter stehen Ihnen jederzeit zur Verf\u00fcgung.<\/span><\/p>\n<p style=\"margin: 0cm;\"><strong><span style=\"font-size: 10.5pt; font-family: 'Arial',sans-serif; color: #5d5d5d;\">LIEFERZEIT :<\/span><\/strong><span style=\"font-size: 10.5pt; font-family: 'Arial',sans-serif; color: #5d5d5d;\">\u00a02 bis 3 Werktage.<\/span><\/p>","protected":false},"featured_media":20818,"comment_status":"open","ping_status":"closed","template":"","meta":[],"product_brand":[],"product_cat":[1672,1670,147,907,912,1671,908,1669,1712,913],"product_tag":[185,1691,188,626,1692,50,472,1722,53,1721,1723,627,59,628,348,629,189],"class_list":{"0":"post-4804","1":"product","2":"type-product","3":"status-publish","4":"has-post-thumbnail","6":"product_cat-biker-jas-heren","7":"product_cat-heren-leren-jas","8":"product_cat-heren-leren-jassen","9":"product_cat-kort-leren-jasje-heren","10":"product_cat-leren-bikerjacks-heren","11":"product_cat-leren-heren-jas","12":"product_cat-leren-heren-jassen","13":"product_cat-leren-jas-heren","14":"product_cat-leren-jassen","15":"product_cat-leren-jassen-heren-uitverkoop","16":"product_tag-biker-jas-zwart","17":"product_tag-echt-leer-heren-jas","18":"product_tag-heren-bikerjas-zwart","19":"product_tag-heren-jas-leer-zwart","20":"product_tag-lamsleer-heren-jas","21":"product_tag-lederen-heren-jas-zwart","22":"product_tag-leren-heren-jas-zwart","23":"product_tag-leren-heren-jassen-sale","24":"product_tag-leren-jas-zwart","25":"product_tag-uitverkoop-leren-heren-jas","26":"product_tag-versano-heren-jas","27":"product_tag-zwarte-leren-heren-bikerjas","28":"product_tag-zwarte-leren-heren-jas","29":"product_tag-zwarte-leren-jas","30":"product_tag-zwarte-leren-jas-heren","31":"product_tag-zwarte-leren-versano-jas","32":"product_tag-zwarte-versano-jas","33":"tm-no-options","35":"first","36":"instock","37":"taxable","38":"shipping-taxable","39":"purchasable","40":"product-type-variable"},"yoast_head":"<!-- This site is optimized with the Yoast SEO plugin v27.2 - https:\/\/yoast.com\/product\/yoast-seo-wordpress\/ -->\n<title>Heren jas leer zwart TR36 B geitenleer Versano, biker jas heren<\/title>\n<meta name=\"description\" content=\"Bent u op zoek naar een Heren jas leer zwart TR36 B geitenleer Versano? dan zit u goed bij versano voor leren heren jassen.\" \/>\n<meta name=\"robots\" content=\"index, follow, max-snippet:-1, max-image-preview:large, max-video-preview:-1\" \/>\n<link rel=\"canonical\" href=\"https:\/\/versano.nl\/de\/shop\/leren-heren-jas-zwart-biker-model-versano-tr-36-b\/\" \/>\n<meta property=\"og:locale\" content=\"de_DE\" \/>\n<meta property=\"og:type\" content=\"article\" \/>\n<meta property=\"og:title\" content=\"Heren jas leer zwart TR36 B geitenleer Versano, biker jas heren\" \/>\n<meta property=\"og:description\" content=\"Bent u op zoek naar een Heren jas leer zwart TR36 B geitenleer Versano? dan zit u goed bij versano voor leren heren jassen.\" \/>\n<meta property=\"og:url\" content=\"https:\/\/versano.nl\/de\/shop\/leren-heren-jas-zwart-biker-model-versano-tr-36-b\/\" \/>\n<meta property=\"og:site_name\" content=\"Versano\" \/>\n<meta property=\"article:modified_time\" content=\"2024-12-11T16:23:19+00:00\" \/>\n<meta property=\"og:image\" content=\"https:\/\/versano.nl\/wp-content\/uploads\/2021\/03\/leren-jassen-heren-zwart-biker-model-TR36B-versano-model2.jpg\" \/>\n\t<meta property=\"og:image:width\" content=\"900\" \/>\n\t<meta property=\"og:image:height\" content=\"1176\" \/>\n\t<meta property=\"og:image:type\" content=\"image\/jpeg\" \/>\n<meta name=\"twitter:card\" content=\"summary_large_image\" \/>\n<meta name=\"twitter:label1\" content=\"Gesch\u00e4tzte Lesezeit\" \/>\n\t<meta name=\"twitter:data1\" content=\"2\u00a0Minuten\" \/>\n<script type=\"application\/ld+json\" class=\"yoast-schema-graph\">{\"@context\":\"https:\/\/schema.org\",\"@graph\":[{\"@type\":\"WebPage\",\"@id\":\"https:\/\/versano.nl\/shop\/leren-heren-jas-zwart-biker-model-versano-tr-36-b\/\",\"url\":\"https:\/\/versano.nl\/shop\/leren-heren-jas-zwart-biker-model-versano-tr-36-b\/\",\"name\":\"Heren jas leer zwart TR36 B geitenleer Versano, biker jas heren\",\"isPartOf\":{\"@id\":\"https:\/\/versano.nl\/#website\"},\"primaryImageOfPage\":{\"@id\":\"https:\/\/versano.nl\/shop\/leren-heren-jas-zwart-biker-model-versano-tr-36-b\/#primaryimage\"},\"image\":{\"@id\":\"https:\/\/versano.nl\/shop\/leren-heren-jas-zwart-biker-model-versano-tr-36-b\/#primaryimage\"},\"thumbnailUrl\":\"https:\/\/versano.nl\/wp-content\/uploads\/2021\/03\/leren-jassen-heren-zwart-biker-model-TR36B-versano-model2.jpg\",\"datePublished\":\"2016-06-25T23:39:58+00:00\",\"dateModified\":\"2024-12-11T16:23:19+00:00\",\"description\":\"Bent u op zoek naar een Heren jas leer zwart TR36 B geitenleer Versano? dan zit u goed bij versano voor leren heren jassen.\",\"breadcrumb\":{\"@id\":\"https:\/\/versano.nl\/shop\/leren-heren-jas-zwart-biker-model-versano-tr-36-b\/#breadcrumb\"},\"inLanguage\":\"de\",\"potentialAction\":[{\"@type\":\"ReadAction\",\"target\":[\"https:\/\/versano.nl\/shop\/leren-heren-jas-zwart-biker-model-versano-tr-36-b\/\"]}]},{\"@type\":\"ImageObject\",\"inLanguage\":\"de\",\"@id\":\"https:\/\/versano.nl\/shop\/leren-heren-jas-zwart-biker-model-versano-tr-36-b\/#primaryimage\",\"url\":\"https:\/\/versano.nl\/wp-content\/uploads\/2021\/03\/leren-jassen-heren-zwart-biker-model-TR36B-versano-model2.jpg\",\"contentUrl\":\"https:\/\/versano.nl\/wp-content\/uploads\/2021\/03\/leren-jassen-heren-zwart-biker-model-TR36B-versano-model2.jpg\",\"width\":900,\"height\":1176,\"caption\":\"Heren jas leer zwart TR36 B geitenleer Versano\"},{\"@type\":\"BreadcrumbList\",\"@id\":\"https:\/\/versano.nl\/shop\/leren-heren-jas-zwart-biker-model-versano-tr-36-b\/#breadcrumb\",\"itemListElement\":[{\"@type\":\"ListItem\",\"position\":1,\"name\":\"Home\",\"item\":\"https:\/\/versano.nl\/\"},{\"@type\":\"ListItem\",\"position\":2,\"name\":\"Shop\",\"item\":\"https:\/\/versano.nl\/shop\/\"},{\"@type\":\"ListItem\",\"position\":3,\"name\":\"Heren jas leer zwart TR36 B geitenleer Versano\"}]},{\"@type\":\"WebSite\",\"@id\":\"https:\/\/versano.nl\/#website\",\"url\":\"https:\/\/versano.nl\/\",\"name\":\"Versano\",\"description\":\"winterjassen met bontkraag | leren dames jassen | leren heren jassen\",\"potentialAction\":[{\"@type\":\"SearchAction\",\"target\":{\"@type\":\"EntryPoint\",\"urlTemplate\":\"https:\/\/versano.nl\/?s={search_term_string}\"},\"query-input\":{\"@type\":\"PropertyValueSpecification\",\"valueRequired\":true,\"valueName\":\"search_term_string\"}}],\"inLanguage\":\"de\"}]}<\/script>\n<!-- \/ Yoast SEO plugin. -->","yoast_head_json":{"title":"Herrenjacke Leder schwarz TR36 B Ziegenleder Versano, Bikerjacke Herren","description":"Suchen Sie eine Herrenjacke Leder schwarz TR36 B Ziegenleder Versano? Dann sind Sie bei Versano f\u00fcr Herrenlederjacken genau richtig.","robots":{"index":"index","follow":"follow","max-snippet":"max-snippet:-1","max-image-preview":"max-image-preview:large","max-video-preview":"max-video-preview:-1"},"canonical":"https:\/\/versano.nl\/de\/shop\/leren-heren-jas-zwart-biker-model-versano-tr-36-b\/","og_locale":"de_DE","og_type":"article","og_title":"Heren jas leer zwart TR36 B geitenleer Versano, biker jas heren","og_description":"Bent u op zoek naar een Heren jas leer zwart TR36 B geitenleer Versano? dan zit u goed bij versano voor leren heren jassen.","og_url":"https:\/\/versano.nl\/de\/shop\/leren-heren-jas-zwart-biker-model-versano-tr-36-b\/","og_site_name":"Versano","article_modified_time":"2024-12-11T16:23:19+00:00","og_image":[{"width":900,"height":1176,"url":"https:\/\/versano.nl\/wp-content\/uploads\/2021\/03\/leren-jassen-heren-zwart-biker-model-TR36B-versano-model2.jpg","type":"image\/jpeg"}],"twitter_card":"summary_large_image","twitter_misc":{"Gesch\u00e4tzte Lesezeit":"2\u00a0Minuten"},"schema":{"@context":"https:\/\/schema.org","@graph":[{"@type":"WebPage","@id":"https:\/\/versano.nl\/shop\/leren-heren-jas-zwart-biker-model-versano-tr-36-b\/","url":"https:\/\/versano.nl\/shop\/leren-heren-jas-zwart-biker-model-versano-tr-36-b\/","name":"Herrenjacke Leder schwarz TR36 B Ziegenleder Versano, Bikerjacke Herren","isPartOf":{"@id":"https:\/\/versano.nl\/#website"},"primaryImageOfPage":{"@id":"https:\/\/versano.nl\/shop\/leren-heren-jas-zwart-biker-model-versano-tr-36-b\/#primaryimage"},"image":{"@id":"https:\/\/versano.nl\/shop\/leren-heren-jas-zwart-biker-model-versano-tr-36-b\/#primaryimage"},"thumbnailUrl":"https:\/\/versano.nl\/wp-content\/uploads\/2021\/03\/leren-jassen-heren-zwart-biker-model-TR36B-versano-model2.jpg","datePublished":"2016-06-25T23:39:58+00:00","dateModified":"2024-12-11T16:23:19+00:00","description":"Suchen Sie eine Herrenjacke Leder schwarz TR36 B Ziegenleder Versano? Dann sind Sie bei Versano f\u00fcr Herrenlederjacken genau richtig.","breadcrumb":{"@id":"https:\/\/versano.nl\/shop\/leren-heren-jas-zwart-biker-model-versano-tr-36-b\/#breadcrumb"},"inLanguage":"de","potentialAction":[{"@type":"ReadAction","target":["https:\/\/versano.nl\/shop\/leren-heren-jas-zwart-biker-model-versano-tr-36-b\/"]}]},{"@type":"ImageObject","inLanguage":"de","@id":"https:\/\/versano.nl\/shop\/leren-heren-jas-zwart-biker-model-versano-tr-36-b\/#primaryimage","url":"https:\/\/versano.nl\/wp-content\/uploads\/2021\/03\/leren-jassen-heren-zwart-biker-model-TR36B-versano-model2.jpg","contentUrl":"https:\/\/versano.nl\/wp-content\/uploads\/2021\/03\/leren-jassen-heren-zwart-biker-model-TR36B-versano-model2.jpg","width":900,"height":1176,"caption":"Heren jas leer zwart TR36 B geitenleer Versano"},{"@type":"BreadcrumbList","@id":"https:\/\/versano.nl\/shop\/leren-heren-jas-zwart-biker-model-versano-tr-36-b\/#breadcrumb","itemListElement":[{"@type":"ListItem","position":1,"name":"Home","item":"https:\/\/versano.nl\/"},{"@type":"ListItem","position":2,"name":"Shop","item":"https:\/\/versano.nl\/shop\/"},{"@type":"ListItem","position":3,"name":"Heren jas leer zwart TR36 B geitenleer Versano"}]},{"@type":"WebSite","@id":"https:\/\/versano.nl\/#website","url":"https:\/\/versano.nl\/","name":"Versano","description":"Winterm\u00e4ntel mit Pelzkragen | Damen Lederjacken | Herren Lederjacken","potentialAction":[{"@type":"SearchAction","target":{"@type":"EntryPoint","urlTemplate":"https:\/\/versano.nl\/?s={search_term_string}"},"query-input":{"@type":"PropertyValueSpecification","valueRequired":true,"valueName":"search_term_string"}}],"inLanguage":"de"}]}},"_links":{"self":[{"href":"https:\/\/versano.nl\/de\/wp-json\/wp\/v2\/product\/4804","targetHints":{"allow":["GET"]}}],"collection":[{"href":"https:\/\/versano.nl\/de\/wp-json\/wp\/v2\/product"}],"about":[{"href":"https:\/\/versano.nl\/de\/wp-json\/wp\/v2\/types\/product"}],"replies":[{"embeddable":true,"href":"https:\/\/versano.nl\/de\/wp-json\/wp\/v2\/comments?post=4804"}],"wp:featuredmedia":[{"embeddable":true,"href":"https:\/\/versano.nl\/de\/wp-json\/wp\/v2\/media\/20818"}],"wp:attachment":[{"href":"https:\/\/versano.nl\/de\/wp-json\/wp\/v2\/media?parent=4804"}],"wp:term":[{"taxonomy":"product_brand","embeddable":true,"href":"https:\/\/versano.nl\/de\/wp-json\/wp\/v2\/product_brand?post=4804"},{"taxonomy":"product_cat","embeddable":true,"href":"https:\/\/versano.nl\/de\/wp-json\/wp\/v2\/product_cat?post=4804"},{"taxonomy":"product_tag","embeddable":true,"href":"https:\/\/versano.nl\/de\/wp-json\/wp\/v2\/product_tag?post=4804"}],"curies":[{"name":"wp","href":"https:\/\/api.w.org\/{rel}","templated":true}]}}