{"id":4702,"date":"2016-09-18T20:32:19","date_gmt":"2016-09-18T20:32:19","guid":{"rendered":"http:\/\/leathershopdoci.nl\/?post_type=product&#038;p=11143"},"modified":"2026-01-02T13:38:50","modified_gmt":"2026-01-02T13:38:50","slug":"echte-bontkraag-naturel-versano-xl","status":"publish","type":"product","link":"https:\/\/versano.nl\/de\/shop\/echte-bontkraag-naturel-versano-xl\/","title":{"rendered":"Echtes Pelzhalsband Natural Versano Gr\u00f6\u00dfe XL"},"content":{"rendered":"<p><strong>Echtes Pelzhalsband Natural Versano Gr\u00f6\u00dfe XL<br \/>\n<\/strong><\/p>\n<p>Material: Amerikanischer Waschb\u00e4r<br \/>\nAnhang: Drucker<\/p>\n<p>Zeit: 2-4 Tage<\/p>","protected":false},"excerpt":{"rendered":"<p>Die echten Pelzkragen von Versano stammen von American Raccoon. Der XL-Pelzkragen ist Versanos gr\u00f6\u00dfter Pelzkragen.<\/p>\n<p><span style=\"color: #ff0000;\">Dieser XL-Pelzkragen ist 70 cm lang und 22 cm breit<\/span><\/p>","protected":false},"featured_media":18291,"comment_status":"closed","ping_status":"closed","template":"","meta":[],"product_brand":[],"product_cat":[721],"product_tag":[276,597,277,600,281,282],"class_list":{"0":"post-4702","1":"product","2":"type-product","3":"status-publish","4":"has-post-thumbnail","6":"product_cat-capuchon-bontkragen","7":"product_tag-bontkraag","8":"product_tag-bontkraag-bruin","9":"product_tag-echte-bontkraag","10":"product_tag-echte-bontkraag-naturel-xl-versano","11":"product_tag-nep-bontkraag","12":"product_tag-raccoon-bontkraag","13":"product_shipping_class-verzendkosten-1","14":"tm-no-options","16":"first","17":"outofstock","18":"taxable","19":"shipping-taxable","20":"purchasable","21":"product-type-simple"},"yoast_head":"<!-- This site is optimized with the Yoast SEO plugin v27.2 - https:\/\/yoast.com\/product\/yoast-seo-wordpress\/ -->\n<title>Echte Bontkraag Naturel Versano maat XL<\/title>\n<meta name=\"description\" content=\"Versano echte-bontkraag-naturel-versano- maat xl is de grootste maat bontkraag van onze collectie , deze echte bontkraag is echt groot en echt heel mooie.\" \/>\n<meta name=\"robots\" content=\"index, follow, max-snippet:-1, max-image-preview:large, max-video-preview:-1\" \/>\n<link rel=\"canonical\" href=\"https:\/\/versano.nl\/de\/shop\/echte-bontkraag-naturel-versano-xl\/\" \/>\n<meta property=\"og:locale\" content=\"de_DE\" \/>\n<meta property=\"og:type\" content=\"article\" \/>\n<meta property=\"og:title\" content=\"Echte Bontkraag Naturel Versano maat XL\" \/>\n<meta property=\"og:description\" content=\"Versano echte-bontkraag-naturel-versano- maat xl is de grootste maat bontkraag van onze collectie , deze echte bontkraag is echt groot en echt heel mooie.\" \/>\n<meta property=\"og:url\" content=\"https:\/\/versano.nl\/de\/shop\/echte-bontkraag-naturel-versano-xl\/\" \/>\n<meta property=\"og:site_name\" content=\"Versano\" \/>\n<meta property=\"article:modified_time\" content=\"2026-01-02T13:38:50+00:00\" \/>\n<meta property=\"og:image\" content=\"https:\/\/versano.nl\/wp-content\/uploads\/2020\/11\/echte-kinder-bontkraag.jpg\" \/>\n\t<meta property=\"og:image:width\" content=\"900\" \/>\n\t<meta property=\"og:image:height\" content=\"1200\" \/>\n\t<meta property=\"og:image:type\" content=\"image\/jpeg\" \/>\n<meta name=\"twitter:card\" content=\"summary_large_image\" \/>\n<meta name=\"twitter:label1\" content=\"Gesch\u00e4tzte Lesezeit\" \/>\n\t<meta name=\"twitter:data1\" content=\"1\u00a0Minute\" \/>\n<script type=\"application\/ld+json\" class=\"yoast-schema-graph\">{\"@context\":\"https:\/\/schema.org\",\"@graph\":[{\"@type\":\"WebPage\",\"@id\":\"https:\/\/versano.nl\/shop\/echte-bontkraag-naturel-versano-xl\/\",\"url\":\"https:\/\/versano.nl\/shop\/echte-bontkraag-naturel-versano-xl\/\",\"name\":\"Echte Bontkraag Naturel Versano maat XL\",\"isPartOf\":{\"@id\":\"https:\/\/versano.nl\/#website\"},\"primaryImageOfPage\":{\"@id\":\"https:\/\/versano.nl\/shop\/echte-bontkraag-naturel-versano-xl\/#primaryimage\"},\"image\":{\"@id\":\"https:\/\/versano.nl\/shop\/echte-bontkraag-naturel-versano-xl\/#primaryimage\"},\"thumbnailUrl\":\"https:\/\/versano.nl\/wp-content\/uploads\/2020\/11\/echte-kinder-bontkraag.jpg\",\"datePublished\":\"2016-09-18T20:32:19+00:00\",\"dateModified\":\"2026-01-02T13:38:50+00:00\",\"description\":\"Versano echte-bontkraag-naturel-versano- maat xl is de grootste maat bontkraag van onze collectie , deze echte bontkraag is echt groot en echt heel mooie.\",\"breadcrumb\":{\"@id\":\"https:\/\/versano.nl\/shop\/echte-bontkraag-naturel-versano-xl\/#breadcrumb\"},\"inLanguage\":\"de\",\"potentialAction\":[{\"@type\":\"ReadAction\",\"target\":[\"https:\/\/versano.nl\/shop\/echte-bontkraag-naturel-versano-xl\/\"]}]},{\"@type\":\"ImageObject\",\"inLanguage\":\"de\",\"@id\":\"https:\/\/versano.nl\/shop\/echte-bontkraag-naturel-versano-xl\/#primaryimage\",\"url\":\"https:\/\/versano.nl\/wp-content\/uploads\/2020\/11\/echte-kinder-bontkraag.jpg\",\"contentUrl\":\"https:\/\/versano.nl\/wp-content\/uploads\/2020\/11\/echte-kinder-bontkraag.jpg\",\"width\":900,\"height\":1200,\"caption\":\"echte bontkraag xl\"},{\"@type\":\"BreadcrumbList\",\"@id\":\"https:\/\/versano.nl\/shop\/echte-bontkraag-naturel-versano-xl\/#breadcrumb\",\"itemListElement\":[{\"@type\":\"ListItem\",\"position\":1,\"name\":\"Home\",\"item\":\"https:\/\/versano.nl\/\"},{\"@type\":\"ListItem\",\"position\":2,\"name\":\"Shop\",\"item\":\"https:\/\/versano.nl\/shop\/\"},{\"@type\":\"ListItem\",\"position\":3,\"name\":\"Echte Bontkraag Naturel Versano maat XL\"}]},{\"@type\":\"WebSite\",\"@id\":\"https:\/\/versano.nl\/#website\",\"url\":\"https:\/\/versano.nl\/\",\"name\":\"Versano\",\"description\":\"winterjassen met bontkraag | leren dames jassen | leren heren jassen\",\"potentialAction\":[{\"@type\":\"SearchAction\",\"target\":{\"@type\":\"EntryPoint\",\"urlTemplate\":\"https:\/\/versano.nl\/?s={search_term_string}\"},\"query-input\":{\"@type\":\"PropertyValueSpecification\",\"valueRequired\":true,\"valueName\":\"search_term_string\"}}],\"inLanguage\":\"de\"}]}<\/script>\n<!-- \/ Yoast SEO plugin. -->","yoast_head_json":{"title":"Echtes Pelzhalsband Natural Versano Gr\u00f6\u00dfe XL","description":"Versano Echtpelzkragen-Natur-Versano-Gr\u00f6\u00dfe XL ist der gr\u00f6\u00dfte Pelzkragen in unserer Kollektion. Dieser Echtpelzkragen ist wirklich gro\u00df und wirklich sch\u00f6n.","robots":{"index":"index","follow":"follow","max-snippet":"max-snippet:-1","max-image-preview":"max-image-preview:large","max-video-preview":"max-video-preview:-1"},"canonical":"https:\/\/versano.nl\/de\/shop\/echte-bontkraag-naturel-versano-xl\/","og_locale":"de_DE","og_type":"article","og_title":"Echte Bontkraag Naturel Versano maat XL","og_description":"Versano echte-bontkraag-naturel-versano- maat xl is de grootste maat bontkraag van onze collectie , deze echte bontkraag is echt groot en echt heel mooie.","og_url":"https:\/\/versano.nl\/de\/shop\/echte-bontkraag-naturel-versano-xl\/","og_site_name":"Versano","article_modified_time":"2026-01-02T13:38:50+00:00","og_image":[{"width":900,"height":1200,"url":"https:\/\/versano.nl\/wp-content\/uploads\/2020\/11\/echte-kinder-bontkraag.jpg","type":"image\/jpeg"}],"twitter_card":"summary_large_image","twitter_misc":{"Gesch\u00e4tzte Lesezeit":"1\u00a0Minute"},"schema":{"@context":"https:\/\/schema.org","@graph":[{"@type":"WebPage","@id":"https:\/\/versano.nl\/shop\/echte-bontkraag-naturel-versano-xl\/","url":"https:\/\/versano.nl\/shop\/echte-bontkraag-naturel-versano-xl\/","name":"Echtes Pelzhalsband Natural Versano Gr\u00f6\u00dfe XL","isPartOf":{"@id":"https:\/\/versano.nl\/#website"},"primaryImageOfPage":{"@id":"https:\/\/versano.nl\/shop\/echte-bontkraag-naturel-versano-xl\/#primaryimage"},"image":{"@id":"https:\/\/versano.nl\/shop\/echte-bontkraag-naturel-versano-xl\/#primaryimage"},"thumbnailUrl":"https:\/\/versano.nl\/wp-content\/uploads\/2020\/11\/echte-kinder-bontkraag.jpg","datePublished":"2016-09-18T20:32:19+00:00","dateModified":"2026-01-02T13:38:50+00:00","description":"Versano Echtpelzkragen-Natur-Versano-Gr\u00f6\u00dfe XL ist der gr\u00f6\u00dfte Pelzkragen in unserer Kollektion. Dieser Echtpelzkragen ist wirklich gro\u00df und wirklich sch\u00f6n.","breadcrumb":{"@id":"https:\/\/versano.nl\/shop\/echte-bontkraag-naturel-versano-xl\/#breadcrumb"},"inLanguage":"de","potentialAction":[{"@type":"ReadAction","target":["https:\/\/versano.nl\/shop\/echte-bontkraag-naturel-versano-xl\/"]}]},{"@type":"ImageObject","inLanguage":"de","@id":"https:\/\/versano.nl\/shop\/echte-bontkraag-naturel-versano-xl\/#primaryimage","url":"https:\/\/versano.nl\/wp-content\/uploads\/2020\/11\/echte-kinder-bontkraag.jpg","contentUrl":"https:\/\/versano.nl\/wp-content\/uploads\/2020\/11\/echte-kinder-bontkraag.jpg","width":900,"height":1200,"caption":"echte bontkraag xl"},{"@type":"BreadcrumbList","@id":"https:\/\/versano.nl\/shop\/echte-bontkraag-naturel-versano-xl\/#breadcrumb","itemListElement":[{"@type":"ListItem","position":1,"name":"Home","item":"https:\/\/versano.nl\/"},{"@type":"ListItem","position":2,"name":"Shop","item":"https:\/\/versano.nl\/shop\/"},{"@type":"ListItem","position":3,"name":"Echte Bontkraag Naturel Versano maat XL"}]},{"@type":"WebSite","@id":"https:\/\/versano.nl\/#website","url":"https:\/\/versano.nl\/","name":"Versano","description":"Winterm\u00e4ntel mit Pelzkragen | Damen Lederjacken | Herren Lederjacken","potentialAction":[{"@type":"SearchAction","target":{"@type":"EntryPoint","urlTemplate":"https:\/\/versano.nl\/?s={search_term_string}"},"query-input":{"@type":"PropertyValueSpecification","valueRequired":true,"valueName":"search_term_string"}}],"inLanguage":"de"}]}},"_links":{"self":[{"href":"https:\/\/versano.nl\/de\/wp-json\/wp\/v2\/product\/4702","targetHints":{"allow":["GET"]}}],"collection":[{"href":"https:\/\/versano.nl\/de\/wp-json\/wp\/v2\/product"}],"about":[{"href":"https:\/\/versano.nl\/de\/wp-json\/wp\/v2\/types\/product"}],"replies":[{"embeddable":true,"href":"https:\/\/versano.nl\/de\/wp-json\/wp\/v2\/comments?post=4702"}],"wp:featuredmedia":[{"embeddable":true,"href":"https:\/\/versano.nl\/de\/wp-json\/wp\/v2\/media\/18291"}],"wp:attachment":[{"href":"https:\/\/versano.nl\/de\/wp-json\/wp\/v2\/media?parent=4702"}],"wp:term":[{"taxonomy":"product_brand","embeddable":true,"href":"https:\/\/versano.nl\/de\/wp-json\/wp\/v2\/product_brand?post=4702"},{"taxonomy":"product_cat","embeddable":true,"href":"https:\/\/versano.nl\/de\/wp-json\/wp\/v2\/product_cat?post=4702"},{"taxonomy":"product_tag","embeddable":true,"href":"https:\/\/versano.nl\/de\/wp-json\/wp\/v2\/product_tag?post=4702"}],"curies":[{"name":"wp","href":"https:\/\/api.w.org\/{rel}","templated":true}]}}