{"id":4512,"date":"2015-06-09T21:08:32","date_gmt":"2015-06-09T21:08:32","guid":{"rendered":"http:\/\/leathershopdoci.nl\/shop\/leren-jas-heren-versano-peter-blauw\/"},"modified":"2024-12-11T16:29:06","modified_gmt":"2024-12-11T16:29:06","slug":"leren-jas-heren-versano-peter-blauw","status":"publish","type":"product","link":"https:\/\/versano.nl\/de\/shop\/leren-jas-heren-versano-peter-blauw\/","title":{"rendered":"Herren Bomberjacke Leder Peter blau Versano"},"content":{"rendered":"<h2>Herren Bomberjacke Leder Peter blau Versano<\/h2>\n<p>Diese Herren Bomberjacke Leder Peter blau Versano ist ein echter Hingucker und brilliert in Tragekomfort und Modell. Das strapazierf\u00e4hige Lammleder hat eine besonders sch\u00f6ne Waschung f\u00fcr einen sportlich-schicken Look. Tragen Sie es beispielsweise zu Jeans oder zu Chinos. Die Jacke hat zwei tiefe Seitentaschen mit Rei\u00dfverschluss und eine Innentasche. Diese Herren-Lederjacke hat eine hervorragende Verarbeitung und eine schmale Passform. Wenn Sie auf der Suche nach einer Lederjacke sind, bei der Sie sich sicher sein k\u00f6nnen, dass sie bequem ist, dann schauen Sie einfach in unserem Sortiment vorbei. Bei My-Versano finden Sie wundersch\u00f6ne Jacken von Versano, einer Marke, die sich \u00fcber die Jahre einen guten Namen gemacht hat. Peter ist ein Modell, das so gestaltet ist, wie wir es von Versano gewohnt sind. Mit anderen Worten: Eine Jacke, die mit ihrer italienischen Passform perfekt aussieht. Es handelt sich um eine Jacke, die aus sehr hochwertigem Lammleder gefertigt ist. Mit dieser Jacke kannst du dir sicher sein, dass dir schon bald eine neue Jacke um die Schultern h\u00e4ngt, in der du zu sehen bist.<\/p>\n<h2>Modell Peter in Blau bestellen<\/h2>\n<p>Wir verkaufen die Lederjacken der bekannten Topmarke Versano. Hier kommen die sch\u00f6nsten Materialien zum Einsatz, die von den besten Designern zu einem ansprechenden, robusten Modell geformt werden. Die Passform dieser Jacke ist schmal geschnitten und schmiegt sich somit perfekt an deinen K\u00f6rper an. Dies ist ein wundersch\u00f6ner Mantel, der ganz im italienischen Stil ist. Mit anderen Worten, mit dieser Jacke m\u00fcssen Sie sich keine Sorgen machen, fehl am Platz zu wirken. Das Modell Peter ist in der Farbe Petrolblau erh\u00e4ltlich. Bei uns k\u00f6nnen Sie ganz einfach die richtige Gr\u00f6\u00dfe anhand unserer smarten Anleitungsvideos ausw\u00e4hlen. Haben Sie Fragen oder sind Sie sich nicht sicher, welche Gr\u00f6\u00dfe Sie bestellen sollen? Dann k\u00f6nnen Sie uns jederzeit per Mail oder WhatsApp kontaktieren. Unsere Mitarbeiter m\u00f6chten Ihnen helfen!<\/p>\n<p><a href=\"https:\/\/versano.nl\/\">Versano<\/a><br \/>\nMaterial: 100% Lammfell<br \/>\nFutter: 100% Polyester<br \/>\nL\u00e4nge: kurz<br \/>\nPassform: schmale Passform<br \/>\nSchlie\u00dfung: Rei\u00dfverschluss<br \/>\nTaschen: RV-Taschen<br \/>\nKragen: Stehkragen<br \/>\nMaterial Au\u00dfenschicht: hohe Qualit\u00e4t und weiches Lammfell<br \/>\nLieferzeit: 2-3 Werktage<\/p>","protected":false},"excerpt":{"rendered":"<p><span style=\"color: #ff0000;\">Fit Beratung:<\/span> Die Passform dieser Jacke ist schmal geschnitten. Unser Model ist 1,75 cm gro\u00df und tr\u00e4gt Gr\u00f6\u00dfe M.<\/p>\n<p>Wenn Sie sich bei Ihren Ma\u00dfen nicht sicher sind, empfehlen wir Ihnen, zuerst Ihre Gr\u00f6\u00dfenma\u00dfe zu messen und sie mit unserer Gr\u00f6\u00dfentabelle zu vergleichen. Wenn Sie keine Erfahrung mit der Messung von Umfangsgr\u00f6\u00dfen haben, klicken Sie auf\u00a0<a href=\"https:\/\/www.youtube.com\/watch?v=3ZSfY87v6pM\"><em>HIER<\/em>\u00a0<\/a>\u00a0zu\u00a0<span style=\"color: #ff0000;\"><a style=\"color: #ff0000;\" href=\"https:\/\/www.youtube.com\/watch?v=3ZSfY87v6pM\"><em>VIDEO<\/em><\/a>\u00a0<\/span> mit Anweisungen. Sie k\u00f6nnen uns auch direkt anrufen oder anrufen! Unsere Mitarbeiter stehen Ihnen jederzeit zur Verf\u00fcgung.<\/p>\n<p>&nbsp;<\/p>\n<p>Passformhinweis: Die Passform dieser Jacke ist schmal geschnitten. Unser Model ist 1,80 cm gro\u00df und tr\u00e4gt Gr\u00f6\u00dfe M.<\/p>\n<p>Wenn Sie sich bei Ihren Gr\u00f6\u00dfen nicht sicher sind, empfehlen wir Ihnen, zuerst Ihren Umfang zu messen und mit unserer Gr\u00f6\u00dfentabelle zu vergleichen. Wenn Sie keine Erfahrung mit dem Messen von Umfangsmessungen haben, klicken Sie bitte HIER, um das VIDEO mit Anweisungen anzusehen. Sie k\u00f6nnen uns auch direkt anrufen oder per App aufrufen! Unsere Mitarbeiter stehen Ihnen jederzeit mit Rat und Tat zur Seite.<\/p>\n<p>LIEFERZEIT: 2 bis 3 Werktage.<\/p>","protected":false},"featured_media":9277,"comment_status":"closed","ping_status":"closed","template":"","meta":[],"product_brand":[],"product_cat":[1670,147,874,907,1671,908,1669,1712,910],"product_tag":[574,575,576,1788,403,1786,577,579,580,581,1787,582,583,23,24,977,105],"class_list":{"0":"post-4512","1":"product","2":"type-product","3":"status-publish","4":"has-post-thumbnail","6":"product_cat-heren-leren-jas","7":"product_cat-heren-leren-jassen","8":"product_cat-kort-leren-jasje","9":"product_cat-kort-leren-jasje-heren","10":"product_cat-leren-heren-jas","11":"product_cat-leren-heren-jassen","12":"product_cat-leren-jas-heren","13":"product_cat-leren-jassen","14":"product_cat-leren-jassen-heren","15":"product_tag-blauwe-leren-heren-jas","16":"product_tag-blauwe-leren-jas","17":"product_tag-blauwe-leren-jas-heren","18":"product_tag-echt-leer-leren-jassen","19":"product_tag-heren-blauw","20":"product_tag-heren-bomberjas-blauw","21":"product_tag-heren-jassen-leer","22":"product_tag-heren-leren-jas-blauw","23":"product_tag-lederen-heren-jas-blauw","24":"product_tag-lederen-jas-blauw","25":"product_tag-leren-bomberjas-voor-heren","26":"product_tag-leren-jas-heren-blauw","27":"product_tag-leren-jassen-heren-blauw","28":"product_tag-motorjacks-heren","29":"product_tag-stoer-jasje-heren","30":"product_tag-uitverkoop-leren-jassen","31":"product_tag-versano-leren-jassen","32":"product_shipping_class-verzendkosten-1","33":"tm-no-options","35":"first","36":"instock","37":"sale","38":"taxable","39":"shipping-taxable","40":"purchasable","41":"product-type-variable"},"yoast_head":"<!-- This site is optimized with the Yoast SEO plugin v27.2 - https:\/\/yoast.com\/product\/yoast-seo-wordpress\/ -->\n<title>Heren bomberjas leer Peter blauw Versano, leren jassen voor heren<\/title>\n<meta name=\"description\" content=\"Bent u op zoek naar een Heren bomberjas leer Peter blauw Versano? Dann bent u bij Versano aan het juiste adres voor leren jassen.\" \/>\n<meta name=\"robots\" content=\"index, follow, max-snippet:-1, max-image-preview:large, max-video-preview:-1\" \/>\n<link rel=\"canonical\" href=\"https:\/\/versano.nl\/de\/shop\/leren-jas-heren-versano-peter-blauw\/\" \/>\n<meta property=\"og:locale\" content=\"de_DE\" \/>\n<meta property=\"og:type\" content=\"article\" \/>\n<meta property=\"og:title\" content=\"Heren bomberjas leer Peter blauw Versano, leren jassen voor heren\" \/>\n<meta property=\"og:description\" content=\"Bent u op zoek naar een Heren bomberjas leer Peter blauw Versano? Dann bent u bij Versano aan het juiste adres voor leren jassen.\" \/>\n<meta property=\"og:url\" content=\"https:\/\/versano.nl\/de\/shop\/leren-jas-heren-versano-peter-blauw\/\" \/>\n<meta property=\"og:site_name\" content=\"Versano\" \/>\n<meta property=\"article:modified_time\" content=\"2024-12-11T16:29:06+00:00\" \/>\n<meta property=\"og:image\" content=\"https:\/\/versano.nl\/wp-content\/uploads\/2014\/12\/leren-jassen-heren-blauw-versano-peter3.jpg\" \/>\n\t<meta property=\"og:image:width\" content=\"900\" \/>\n\t<meta property=\"og:image:height\" content=\"1196\" \/>\n\t<meta property=\"og:image:type\" content=\"image\/jpeg\" \/>\n<meta name=\"twitter:card\" content=\"summary_large_image\" \/>\n<meta name=\"twitter:label1\" content=\"Gesch\u00e4tzte Lesezeit\" \/>\n\t<meta name=\"twitter:data1\" content=\"2\u00a0Minuten\" \/>\n<script type=\"application\/ld+json\" class=\"yoast-schema-graph\">{\"@context\":\"https:\/\/schema.org\",\"@graph\":[{\"@type\":\"WebPage\",\"@id\":\"https:\/\/versano.nl\/shop\/leren-jas-heren-versano-peter-blauw\/\",\"url\":\"https:\/\/versano.nl\/shop\/leren-jas-heren-versano-peter-blauw\/\",\"name\":\"Heren bomberjas leer Peter blauw Versano, leren jassen voor heren\",\"isPartOf\":{\"@id\":\"https:\/\/versano.nl\/#website\"},\"primaryImageOfPage\":{\"@id\":\"https:\/\/versano.nl\/shop\/leren-jas-heren-versano-peter-blauw\/#primaryimage\"},\"image\":{\"@id\":\"https:\/\/versano.nl\/shop\/leren-jas-heren-versano-peter-blauw\/#primaryimage\"},\"thumbnailUrl\":\"https:\/\/versano.nl\/wp-content\/uploads\/2014\/12\/leren-jassen-heren-blauw-versano-peter3.jpg\",\"datePublished\":\"2015-06-09T21:08:32+00:00\",\"dateModified\":\"2024-12-11T16:29:06+00:00\",\"description\":\"Bent u op zoek naar een Heren bomberjas leer Peter blauw Versano? Dann bent u bij Versano aan het juiste adres voor leren jassen.\",\"breadcrumb\":{\"@id\":\"https:\/\/versano.nl\/shop\/leren-jas-heren-versano-peter-blauw\/#breadcrumb\"},\"inLanguage\":\"de\",\"potentialAction\":[{\"@type\":\"ReadAction\",\"target\":[\"https:\/\/versano.nl\/shop\/leren-jas-heren-versano-peter-blauw\/\"]}]},{\"@type\":\"ImageObject\",\"inLanguage\":\"de\",\"@id\":\"https:\/\/versano.nl\/shop\/leren-jas-heren-versano-peter-blauw\/#primaryimage\",\"url\":\"https:\/\/versano.nl\/wp-content\/uploads\/2014\/12\/leren-jassen-heren-blauw-versano-peter3.jpg\",\"contentUrl\":\"https:\/\/versano.nl\/wp-content\/uploads\/2014\/12\/leren-jassen-heren-blauw-versano-peter3.jpg\",\"width\":900,\"height\":1196,\"caption\":\"Heren bomberjas leer Peter blauw Versano\"},{\"@type\":\"BreadcrumbList\",\"@id\":\"https:\/\/versano.nl\/shop\/leren-jas-heren-versano-peter-blauw\/#breadcrumb\",\"itemListElement\":[{\"@type\":\"ListItem\",\"position\":1,\"name\":\"Home\",\"item\":\"https:\/\/versano.nl\/\"},{\"@type\":\"ListItem\",\"position\":2,\"name\":\"Shop\",\"item\":\"https:\/\/versano.nl\/shop\/\"},{\"@type\":\"ListItem\",\"position\":3,\"name\":\"Heren bomberjas leer Peter blauw Versano\"}]},{\"@type\":\"WebSite\",\"@id\":\"https:\/\/versano.nl\/#website\",\"url\":\"https:\/\/versano.nl\/\",\"name\":\"Versano\",\"description\":\"winterjassen met bontkraag | leren dames jassen | leren heren jassen\",\"potentialAction\":[{\"@type\":\"SearchAction\",\"target\":{\"@type\":\"EntryPoint\",\"urlTemplate\":\"https:\/\/versano.nl\/?s={search_term_string}\"},\"query-input\":{\"@type\":\"PropertyValueSpecification\",\"valueRequired\":true,\"valueName\":\"search_term_string\"}}],\"inLanguage\":\"de\"}]}<\/script>\n<!-- \/ Yoast SEO plugin. -->","yoast_head_json":{"title":"Herren Bomberjacke Leder Peter blau Versano, Lederjacken f\u00fcr Herren","description":"Suchen Sie eine Herren Bomberjacke Leder Peter blau Versano? Dann sind Sie bei Versano f\u00fcr Lederjacken genau richtig.","robots":{"index":"index","follow":"follow","max-snippet":"max-snippet:-1","max-image-preview":"max-image-preview:large","max-video-preview":"max-video-preview:-1"},"canonical":"https:\/\/versano.nl\/de\/shop\/leren-jas-heren-versano-peter-blauw\/","og_locale":"de_DE","og_type":"article","og_title":"Heren bomberjas leer Peter blauw Versano, leren jassen voor heren","og_description":"Bent u op zoek naar een Heren bomberjas leer Peter blauw Versano? Dann bent u bij Versano aan het juiste adres voor leren jassen.","og_url":"https:\/\/versano.nl\/de\/shop\/leren-jas-heren-versano-peter-blauw\/","og_site_name":"Versano","article_modified_time":"2024-12-11T16:29:06+00:00","og_image":[{"width":900,"height":1196,"url":"https:\/\/versano.nl\/wp-content\/uploads\/2014\/12\/leren-jassen-heren-blauw-versano-peter3.jpg","type":"image\/jpeg"}],"twitter_card":"summary_large_image","twitter_misc":{"Gesch\u00e4tzte Lesezeit":"2\u00a0Minuten"},"schema":{"@context":"https:\/\/schema.org","@graph":[{"@type":"WebPage","@id":"https:\/\/versano.nl\/shop\/leren-jas-heren-versano-peter-blauw\/","url":"https:\/\/versano.nl\/shop\/leren-jas-heren-versano-peter-blauw\/","name":"Herren Bomberjacke Leder Peter blau Versano, Lederjacken f\u00fcr Herren","isPartOf":{"@id":"https:\/\/versano.nl\/#website"},"primaryImageOfPage":{"@id":"https:\/\/versano.nl\/shop\/leren-jas-heren-versano-peter-blauw\/#primaryimage"},"image":{"@id":"https:\/\/versano.nl\/shop\/leren-jas-heren-versano-peter-blauw\/#primaryimage"},"thumbnailUrl":"https:\/\/versano.nl\/wp-content\/uploads\/2014\/12\/leren-jassen-heren-blauw-versano-peter3.jpg","datePublished":"2015-06-09T21:08:32+00:00","dateModified":"2024-12-11T16:29:06+00:00","description":"Suchen Sie eine Herren Bomberjacke Leder Peter blau Versano? Dann sind Sie bei Versano f\u00fcr Lederjacken genau richtig.","breadcrumb":{"@id":"https:\/\/versano.nl\/shop\/leren-jas-heren-versano-peter-blauw\/#breadcrumb"},"inLanguage":"de","potentialAction":[{"@type":"ReadAction","target":["https:\/\/versano.nl\/shop\/leren-jas-heren-versano-peter-blauw\/"]}]},{"@type":"ImageObject","inLanguage":"de","@id":"https:\/\/versano.nl\/shop\/leren-jas-heren-versano-peter-blauw\/#primaryimage","url":"https:\/\/versano.nl\/wp-content\/uploads\/2014\/12\/leren-jassen-heren-blauw-versano-peter3.jpg","contentUrl":"https:\/\/versano.nl\/wp-content\/uploads\/2014\/12\/leren-jassen-heren-blauw-versano-peter3.jpg","width":900,"height":1196,"caption":"Heren bomberjas leer Peter blauw Versano"},{"@type":"BreadcrumbList","@id":"https:\/\/versano.nl\/shop\/leren-jas-heren-versano-peter-blauw\/#breadcrumb","itemListElement":[{"@type":"ListItem","position":1,"name":"Home","item":"https:\/\/versano.nl\/"},{"@type":"ListItem","position":2,"name":"Shop","item":"https:\/\/versano.nl\/shop\/"},{"@type":"ListItem","position":3,"name":"Heren bomberjas leer Peter blauw Versano"}]},{"@type":"WebSite","@id":"https:\/\/versano.nl\/#website","url":"https:\/\/versano.nl\/","name":"Versano","description":"Winterm\u00e4ntel mit Pelzkragen | Damen Lederjacken | Herren Lederjacken","potentialAction":[{"@type":"SearchAction","target":{"@type":"EntryPoint","urlTemplate":"https:\/\/versano.nl\/?s={search_term_string}"},"query-input":{"@type":"PropertyValueSpecification","valueRequired":true,"valueName":"search_term_string"}}],"inLanguage":"de"}]}},"_links":{"self":[{"href":"https:\/\/versano.nl\/de\/wp-json\/wp\/v2\/product\/4512","targetHints":{"allow":["GET"]}}],"collection":[{"href":"https:\/\/versano.nl\/de\/wp-json\/wp\/v2\/product"}],"about":[{"href":"https:\/\/versano.nl\/de\/wp-json\/wp\/v2\/types\/product"}],"replies":[{"embeddable":true,"href":"https:\/\/versano.nl\/de\/wp-json\/wp\/v2\/comments?post=4512"}],"wp:featuredmedia":[{"embeddable":true,"href":"https:\/\/versano.nl\/de\/wp-json\/wp\/v2\/media\/9277"}],"wp:attachment":[{"href":"https:\/\/versano.nl\/de\/wp-json\/wp\/v2\/media?parent=4512"}],"wp:term":[{"taxonomy":"product_brand","embeddable":true,"href":"https:\/\/versano.nl\/de\/wp-json\/wp\/v2\/product_brand?post=4512"},{"taxonomy":"product_cat","embeddable":true,"href":"https:\/\/versano.nl\/de\/wp-json\/wp\/v2\/product_cat?post=4512"},{"taxonomy":"product_tag","embeddable":true,"href":"https:\/\/versano.nl\/de\/wp-json\/wp\/v2\/product_tag?post=4512"}],"curies":[{"name":"wp","href":"https:\/\/api.w.org\/{rel}","templated":true}]}}