{"id":4447,"date":"2015-08-11T12:31:55","date_gmt":"2015-08-11T12:31:55","guid":{"rendered":"http:\/\/leathershopdoci.nl\/?post_type=product&#038;p=6817"},"modified":"2024-12-13T11:38:17","modified_gmt":"2024-12-13T11:38:17","slug":"versano-heren-winterjas-met-bontkraag-roger-zwart","status":"publish","type":"product","link":"https:\/\/versano.nl\/de\/shop\/versano-heren-winterjas-met-bontkraag-roger-zwart\/","title":{"rendered":"Winterjacke Herren mit Pelzkragen Roger schwarz"},"content":{"rendered":"<h2>Winterjacke Herren mit Pelzkragen Roger schwarz<\/h2>\n<p>Trendige Herren Winterjacke in Blau mit Fellkragen. Eigentlich sagen die Fotos genug \u00fcber diese elegante Herren-Winterjacke. Die Jacke hat eine perfekte Passform, die seitlichen Rei\u00dfverschlusstaschen und Pattentaschen mit Druckkn\u00f6pfen auf der Brust sind ebenso wie die breite Kante entlang des Rei\u00dfverschlusses mit cognacfarbenem Rexion-Leder veredelt. Das Halsband ist aus 100% American Raccoon Fell und optional (separat zu bestellen). Nat\u00fcrlich kann der Pelzkragen auch in Kunstpelz in verschiedenen Farben bestellt werden. Diese Winterjacke Herren mit Pelzkragen Roger Schwarz ist italienisch geschnitten und auch in der Farbe Blau erh\u00e4ltlich. Wir empfehlen, diese Farbe vor der Bestellung zu \u00fcberpr\u00fcfen. Dies ist eine Jacke, mit der Sie sicher sein k\u00f6nnen, dass Sie sie auch bei schlechtem Wetter genie\u00dfen werden. Au\u00dferdem h\u00e4lt sie warm und ist so sch\u00f6n designt, dass Sie damit bestimmt auffallen werden.<\/p>\n<h2>Modell Rogger in schwarz bestellen<\/h2>\n<p>Mit einer so sch\u00f6nen Jacke von Versano k\u00f6nnen Sie sicher sein, dass Sie sie den ganzen Winter \u00fcber tragen k\u00f6nnen. Dieses Modell k\u00f6nnen Sie ganz einfach im Versano Webshop bestellen. Hier haben wir alle unsere Jacken f\u00fcr Sie zusammengestellt, damit Sie ganz einfach eine Bestellung aufgeben k\u00f6nnen. Bei Versano k\u00f6nnen Sie sich immer sicher sein, einen sch\u00f6nen und sorgf\u00e4ltig verarbeiteten Mantel zu kaufen. Bei uns k\u00f6nnen Sie ganz einfach die richtige Gr\u00f6\u00dfe anhand unserer smarten Anleitungsvideos ausw\u00e4hlen. Haben Sie Fragen oder sind Sie sich nicht sicher, welche Gr\u00f6\u00dfe Sie bestellen sollen? Dann k\u00f6nnen Sie uns jederzeit per Mail oder WhatsApp kontaktieren. Unsere Mitarbeiter m\u00f6chten Ihnen helfen!<\/p>\n<p>Marke:<a href=\"https:\/\/versano.nl\"> Versano<\/a><br \/>\nL\u00e4nge: H\u00e4lfte<br \/>\nPassform: schmale Passform<br \/>\nFutter: 100% Polyester<br \/>\nBelagdicke: 200 Gramm ausgekleideten dicke<br \/>\n\u00c4rmell\u00e4nge: lang\u00e4rmelige<br \/>\nHOOD ausgekleidete, Massiv<br \/>\nExtras: verst\u00e4rkte N\u00e4hte<br \/>\nVerschluss: Rei\u00dfverschluss + Druckkn\u00f6pfe mit Schutzklappe<br \/>\nTaschen: Seitentaschen an der H\u00fcfte mit Druckkn\u00f6pfen + Innentasche und eine Tasche am \u00c4rmel<br \/>\nFunktion: wasserdicht, winddicht<br \/>\nMaterialau\u00dfenschicht: 100% Polyester<br \/>\nZubeh\u00f6r: Pelzkragen (optional)<\/p>\n<p>Lieferzeit: 2-3 Werktage<\/p>","protected":false},"excerpt":{"rendered":"<p>W\u00c4HLEN SIE HIER EINE ANDERE FARBE<\/p>\n<p><a href=\"https:\/\/versano.nl\/shop\/versano-heren-winterjas-met-bontkraag-roger-blauw\/\"><img loading=\"lazy\" decoding=\"async\" class=\"alignnone size-full wp-image-19717\" src=\"https:\/\/versano.nl\/wp-content\/uploads\/sites\/2\/2015\/08\/versano-heren-winterjas-met-bontkraag-Roger-blauw-thumb.jpg\" alt=\"\" width=\"57\" height=\"75\" \/><\/a><\/p>\n<p><strong><span style=\"color: #ff0000;\">Fit Beratung:<\/span>\u00a0<\/strong>Die Passform dieser Jacke ist schmal geschnitten. Unser Model ist 1,75 cm gro\u00df und tr\u00e4gt Gr\u00f6\u00dfe M.<\/p>\n<p>Wenn Sie sich bei Ihren Ma\u00dfen nicht sicher sind, empfehlen wir Ihnen, zuerst Ihre Gr\u00f6\u00dfenma\u00dfe zu messen und sie mit unserer Gr\u00f6\u00dfentabelle zu vergleichen. Wenn Sie keine Erfahrung mit der Messung von Umfangsgr\u00f6\u00dfen haben, klicken Sie auf\u00a0<a href=\"https:\/\/www.youtube.com\/watch?v=3ZSfY87v6pM\"><em>HIER<\/em>\u00a0<\/a>\u00a0zu\u00a0<span style=\"color: #ff0000;\"><a style=\"color: #ff0000;\" href=\"https:\/\/www.youtube.com\/watch?v=3ZSfY87v6pM\"><em>VIDEO<\/em><\/a>\u00a0<\/span> mit Anweisungen. Sie k\u00f6nnen uns auch direkt anrufen oder anrufen! Unsere Mitarbeiter stehen Ihnen jederzeit zur Verf\u00fcgung.<\/p>\n<p><strong>LIEFERZEIT :<\/strong>\u00a02 bis 3 Werktage.<\/p>\n<p><span style=\"color: #ff0000;\">WICHTIGE INFO:\u00a0<\/span>Sie k\u00f6nnen jede Versano-Jacke mit oder ohne Pelzkragen kaufen, der Pelzkragen ist nicht im Lieferumfang enthalten.<\/p>","protected":false},"featured_media":14522,"comment_status":"closed","ping_status":"closed","template":"","meta":[],"product_brand":[],"product_cat":[231,1037,1080,1041,1081,1082,1547],"product_tag":[314,276,277,1617,315,1186,266,1317,1668,1632,317,1660,1325,572,573,1613],"class_list":{"0":"post-4447","1":"product","2":"type-product","3":"status-publish","4":"has-post-thumbnail","6":"product_cat-heren-jassen-met-bontkraag","7":"product_cat-jas-met-bontkraag","8":"product_cat-jas-met-bontkraag-heren","9":"product_cat-winterjas-met-bontkraag","10":"product_cat-winterjas-met-bontkraag-heren","11":"product_cat-winterjassen-met-bontkraag-heren","12":"product_cat-winterjassen-heren","13":"product_tag-bontjassen-voor-heren","14":"product_tag-bontkraag","15":"product_tag-echte-bontkraag","16":"product_tag-goedkope-winterjassen-heren","17":"product_tag-heren-bontjassen","18":"product_tag-heren-winterjas-zwart","19":"product_tag-jassen-met-bontkraag","20":"product_tag-korte-heren-winterjas","21":"product_tag-korte-winterjassen","22":"product_tag-uitverkoop-winterjas-heren","23":"product_tag-versano-bontjassen","24":"product_tag-versano-heren","25":"product_tag-versano-winterjassen","26":"product_tag-winterjas-met-bontkraag-heren","27":"product_tag-winterjas-met-bontkraag-heren-zwart","28":"product_tag-winterjassen-heren-in-sale","29":"product_shipping_class-verzendkosten-1","30":"tm-has-options","32":"first","33":"instock","34":"taxable","35":"shipping-taxable","36":"purchasable","37":"product-type-variable"},"yoast_head":"<!-- This site is optimized with the Yoast SEO plugin v27.2 - https:\/\/yoast.com\/product\/yoast-seo-wordpress\/ -->\n<title>winterjas heren met bontkraag Roger zwart, korte winterjas heren<\/title>\n<meta name=\"description\" content=\"Versano heren winterjas met bontkraag Roger zwart. De zwarte casual heren winterjas heeft een mooie afwerking en is ook mooi Italiaans getailleerd.\" \/>\n<meta name=\"robots\" content=\"index, follow, max-snippet:-1, max-image-preview:large, max-video-preview:-1\" \/>\n<link rel=\"canonical\" href=\"https:\/\/versano.nl\/de\/shop\/versano-heren-winterjas-met-bontkraag-roger-zwart\/\" \/>\n<meta property=\"og:locale\" content=\"de_DE\" \/>\n<meta property=\"og:type\" content=\"article\" \/>\n<meta property=\"og:title\" content=\"winterjas heren met bontkraag Roger zwart, korte winterjas heren\" \/>\n<meta property=\"og:description\" content=\"Versano heren winterjas met bontkraag Roger zwart. De zwarte casual heren winterjas heeft een mooie afwerking en is ook mooi Italiaans getailleerd.\" \/>\n<meta property=\"og:url\" content=\"https:\/\/versano.nl\/de\/shop\/versano-heren-winterjas-met-bontkraag-roger-zwart\/\" \/>\n<meta property=\"og:site_name\" content=\"Versano\" \/>\n<meta property=\"article:modified_time\" content=\"2024-12-13T11:38:17+00:00\" \/>\n<meta property=\"og:image\" content=\"https:\/\/versano.nl\/wp-content\/uploads\/2019\/11\/versano-heren-winterjas-met-bontkraag-Roger-zwart-model.jpg\" \/>\n\t<meta property=\"og:image:width\" content=\"900\" \/>\n\t<meta property=\"og:image:height\" content=\"1176\" \/>\n\t<meta property=\"og:image:type\" content=\"image\/jpeg\" \/>\n<meta name=\"twitter:card\" content=\"summary_large_image\" \/>\n<meta name=\"twitter:label1\" content=\"Gesch\u00e4tzte Lesezeit\" \/>\n\t<meta name=\"twitter:data1\" content=\"2\u00a0Minuten\" \/>\n<script type=\"application\/ld+json\" class=\"yoast-schema-graph\">{\"@context\":\"https:\/\/schema.org\",\"@graph\":[{\"@type\":\"WebPage\",\"@id\":\"https:\/\/versano.nl\/shop\/versano-heren-winterjas-met-bontkraag-roger-zwart\/\",\"url\":\"https:\/\/versano.nl\/shop\/versano-heren-winterjas-met-bontkraag-roger-zwart\/\",\"name\":\"winterjas heren met bontkraag Roger zwart, korte winterjas heren\",\"isPartOf\":{\"@id\":\"https:\/\/versano.nl\/#website\"},\"primaryImageOfPage\":{\"@id\":\"https:\/\/versano.nl\/shop\/versano-heren-winterjas-met-bontkraag-roger-zwart\/#primaryimage\"},\"image\":{\"@id\":\"https:\/\/versano.nl\/shop\/versano-heren-winterjas-met-bontkraag-roger-zwart\/#primaryimage\"},\"thumbnailUrl\":\"https:\/\/versano.nl\/wp-content\/uploads\/2019\/11\/versano-heren-winterjas-met-bontkraag-Roger-zwart-model.jpg\",\"datePublished\":\"2015-08-11T12:31:55+00:00\",\"dateModified\":\"2024-12-13T11:38:17+00:00\",\"description\":\"Versano heren winterjas met bontkraag Roger zwart. De zwarte casual heren winterjas heeft een mooie afwerking en is ook mooi Italiaans getailleerd.\",\"breadcrumb\":{\"@id\":\"https:\/\/versano.nl\/shop\/versano-heren-winterjas-met-bontkraag-roger-zwart\/#breadcrumb\"},\"inLanguage\":\"de\",\"potentialAction\":[{\"@type\":\"ReadAction\",\"target\":[\"https:\/\/versano.nl\/shop\/versano-heren-winterjas-met-bontkraag-roger-zwart\/\"]}]},{\"@type\":\"ImageObject\",\"inLanguage\":\"de\",\"@id\":\"https:\/\/versano.nl\/shop\/versano-heren-winterjas-met-bontkraag-roger-zwart\/#primaryimage\",\"url\":\"https:\/\/versano.nl\/wp-content\/uploads\/2019\/11\/versano-heren-winterjas-met-bontkraag-Roger-zwart-model.jpg\",\"contentUrl\":\"https:\/\/versano.nl\/wp-content\/uploads\/2019\/11\/versano-heren-winterjas-met-bontkraag-Roger-zwart-model.jpg\",\"width\":900,\"height\":1176,\"caption\":\"winterjas heren met bontkraag Roger zwart\"},{\"@type\":\"BreadcrumbList\",\"@id\":\"https:\/\/versano.nl\/shop\/versano-heren-winterjas-met-bontkraag-roger-zwart\/#breadcrumb\",\"itemListElement\":[{\"@type\":\"ListItem\",\"position\":1,\"name\":\"Home\",\"item\":\"https:\/\/versano.nl\/\"},{\"@type\":\"ListItem\",\"position\":2,\"name\":\"Shop\",\"item\":\"https:\/\/versano.nl\/shop\/\"},{\"@type\":\"ListItem\",\"position\":3,\"name\":\"winterjas heren met bontkraag Roger zwart\"}]},{\"@type\":\"WebSite\",\"@id\":\"https:\/\/versano.nl\/#website\",\"url\":\"https:\/\/versano.nl\/\",\"name\":\"Versano\",\"description\":\"winterjassen met bontkraag | leren dames jassen | leren heren jassen\",\"potentialAction\":[{\"@type\":\"SearchAction\",\"target\":{\"@type\":\"EntryPoint\",\"urlTemplate\":\"https:\/\/versano.nl\/?s={search_term_string}\"},\"query-input\":{\"@type\":\"PropertyValueSpecification\",\"valueRequired\":true,\"valueName\":\"search_term_string\"}}],\"inLanguage\":\"de\"}]}<\/script>\n<!-- \/ Yoast SEO plugin. -->","yoast_head_json":{"title":"Winterjacke Herren mit Pelzkragen Roger schwarz, kurze Winterjacke Herren","description":"Versano Herren Winterjacke mit Pelzkragen Roger schwarz. Die schwarze l\u00e4ssige Herren Winterjacke hat ein sch\u00f6nes Finish und ist auch sch\u00f6n italienisch geschnitten.","robots":{"index":"index","follow":"follow","max-snippet":"max-snippet:-1","max-image-preview":"max-image-preview:large","max-video-preview":"max-video-preview:-1"},"canonical":"https:\/\/versano.nl\/de\/shop\/versano-heren-winterjas-met-bontkraag-roger-zwart\/","og_locale":"de_DE","og_type":"article","og_title":"winterjas heren met bontkraag Roger zwart, korte winterjas heren","og_description":"Versano heren winterjas met bontkraag Roger zwart. De zwarte casual heren winterjas heeft een mooie afwerking en is ook mooi Italiaans getailleerd.","og_url":"https:\/\/versano.nl\/de\/shop\/versano-heren-winterjas-met-bontkraag-roger-zwart\/","og_site_name":"Versano","article_modified_time":"2024-12-13T11:38:17+00:00","og_image":[{"width":900,"height":1176,"url":"https:\/\/versano.nl\/wp-content\/uploads\/2019\/11\/versano-heren-winterjas-met-bontkraag-Roger-zwart-model.jpg","type":"image\/jpeg"}],"twitter_card":"summary_large_image","twitter_misc":{"Gesch\u00e4tzte Lesezeit":"2\u00a0Minuten"},"schema":{"@context":"https:\/\/schema.org","@graph":[{"@type":"WebPage","@id":"https:\/\/versano.nl\/shop\/versano-heren-winterjas-met-bontkraag-roger-zwart\/","url":"https:\/\/versano.nl\/shop\/versano-heren-winterjas-met-bontkraag-roger-zwart\/","name":"Winterjacke Herren mit Pelzkragen Roger schwarz, kurze Winterjacke Herren","isPartOf":{"@id":"https:\/\/versano.nl\/#website"},"primaryImageOfPage":{"@id":"https:\/\/versano.nl\/shop\/versano-heren-winterjas-met-bontkraag-roger-zwart\/#primaryimage"},"image":{"@id":"https:\/\/versano.nl\/shop\/versano-heren-winterjas-met-bontkraag-roger-zwart\/#primaryimage"},"thumbnailUrl":"https:\/\/versano.nl\/wp-content\/uploads\/2019\/11\/versano-heren-winterjas-met-bontkraag-Roger-zwart-model.jpg","datePublished":"2015-08-11T12:31:55+00:00","dateModified":"2024-12-13T11:38:17+00:00","description":"Versano Herren Winterjacke mit Pelzkragen Roger schwarz. Die schwarze l\u00e4ssige Herren Winterjacke hat ein sch\u00f6nes Finish und ist auch sch\u00f6n italienisch geschnitten.","breadcrumb":{"@id":"https:\/\/versano.nl\/shop\/versano-heren-winterjas-met-bontkraag-roger-zwart\/#breadcrumb"},"inLanguage":"de","potentialAction":[{"@type":"ReadAction","target":["https:\/\/versano.nl\/shop\/versano-heren-winterjas-met-bontkraag-roger-zwart\/"]}]},{"@type":"ImageObject","inLanguage":"de","@id":"https:\/\/versano.nl\/shop\/versano-heren-winterjas-met-bontkraag-roger-zwart\/#primaryimage","url":"https:\/\/versano.nl\/wp-content\/uploads\/2019\/11\/versano-heren-winterjas-met-bontkraag-Roger-zwart-model.jpg","contentUrl":"https:\/\/versano.nl\/wp-content\/uploads\/2019\/11\/versano-heren-winterjas-met-bontkraag-Roger-zwart-model.jpg","width":900,"height":1176,"caption":"winterjas heren met bontkraag Roger zwart"},{"@type":"BreadcrumbList","@id":"https:\/\/versano.nl\/shop\/versano-heren-winterjas-met-bontkraag-roger-zwart\/#breadcrumb","itemListElement":[{"@type":"ListItem","position":1,"name":"Home","item":"https:\/\/versano.nl\/"},{"@type":"ListItem","position":2,"name":"Shop","item":"https:\/\/versano.nl\/shop\/"},{"@type":"ListItem","position":3,"name":"winterjas heren met bontkraag Roger zwart"}]},{"@type":"WebSite","@id":"https:\/\/versano.nl\/#website","url":"https:\/\/versano.nl\/","name":"Versano","description":"Winterm\u00e4ntel mit Pelzkragen | Damen Lederjacken | Herren Lederjacken","potentialAction":[{"@type":"SearchAction","target":{"@type":"EntryPoint","urlTemplate":"https:\/\/versano.nl\/?s={search_term_string}"},"query-input":{"@type":"PropertyValueSpecification","valueRequired":true,"valueName":"search_term_string"}}],"inLanguage":"de"}]}},"_links":{"self":[{"href":"https:\/\/versano.nl\/de\/wp-json\/wp\/v2\/product\/4447","targetHints":{"allow":["GET"]}}],"collection":[{"href":"https:\/\/versano.nl\/de\/wp-json\/wp\/v2\/product"}],"about":[{"href":"https:\/\/versano.nl\/de\/wp-json\/wp\/v2\/types\/product"}],"replies":[{"embeddable":true,"href":"https:\/\/versano.nl\/de\/wp-json\/wp\/v2\/comments?post=4447"}],"wp:featuredmedia":[{"embeddable":true,"href":"https:\/\/versano.nl\/de\/wp-json\/wp\/v2\/media\/14522"}],"wp:attachment":[{"href":"https:\/\/versano.nl\/de\/wp-json\/wp\/v2\/media?parent=4447"}],"wp:term":[{"taxonomy":"product_brand","embeddable":true,"href":"https:\/\/versano.nl\/de\/wp-json\/wp\/v2\/product_brand?post=4447"},{"taxonomy":"product_cat","embeddable":true,"href":"https:\/\/versano.nl\/de\/wp-json\/wp\/v2\/product_cat?post=4447"},{"taxonomy":"product_tag","embeddable":true,"href":"https:\/\/versano.nl\/de\/wp-json\/wp\/v2\/product_tag?post=4447"}],"curies":[{"name":"wp","href":"https:\/\/api.w.org\/{rel}","templated":true}]}}