{"id":4428,"date":"2015-08-11T13:10:57","date_gmt":"2015-08-11T13:10:57","guid":{"rendered":"http:\/\/leathershopdoci.nl\/?post_type=product&#038;p=6834"},"modified":"2021-01-22T02:36:11","modified_gmt":"2021-01-22T02:36:11","slug":"heren-winterjas-blauw-met-cognac-biezen-roger-versano","status":"publish","type":"product","link":"https:\/\/versano.nl\/de\/shop\/heren-winterjas-blauw-met-cognac-biezen-roger-versano\/","title":{"rendered":"Winterjacke M\u00e4nner blau mit Cognac-Paspel Roger Versano"},"content":{"rendered":"<h2>Winterjacke M\u00e4nner blau mit Cognac-Paspel Roger Versano<\/h2>\n<p>Marke:<a title=\"versano\" href=\"https:\/\/versano.nl\" target=\"_blank\" rel=\"noopener noreferrer\"> Versano<\/a><br \/>\nL\u00e4nge: kurz<br \/>\nPassen: Ausgestattet Italienisch<br \/>\nFutter: 100% Polyester<br \/>\nBelagdicke: 200 Gramm ausgekleideten dicke<br \/>\n\u00c4rmell\u00e4nge: lang\u00e4rmelige<br \/>\nHOOD ausgekleidete, Massiv<br \/>\nExtras: verst\u00e4rkte N\u00e4hte<br \/>\nSchlie\u00dfung: Rei\u00dfverschluss<br \/>\nTaschen: Taschen mit Rei\u00dfverschluss und auf der Brust mit Druckern Ventils\u00e4cken, Innen<br \/>\nFunktion: wasserdicht, winddicht<br \/>\nMaterialau\u00dfenschicht: 100% Polyester<br \/>\nZubeh\u00f6r: Pelzkragen (optional)<\/p>\n<p>Zeit: 2-4 Tage<\/p>\n<p><strong>OPTIONAL: REAL FUR COLLAR RACCOON RACCOON ART OF FUR<\/strong><\/p>","protected":false},"excerpt":{"rendered":"<p>Trendige Herren-Winterjacke in Blau mit Cognac-Paspelierung und Pelzkragen. Eigentlich sagen die Fotos genug \u00fcber diesen eleganten Herren-Wintermantel aus. Die Jacke hat eine perfekte Passform und die Rei\u00dfverschlusstaschen an der Seite und die Pattentaschen mit Druckkn\u00f6pfen an den Br\u00fcsten sind mit Rexion-Leder in Cognac-Farbe versehen, genau wie die breite Kante entlang des Rei\u00dfverschlusses. Der Kragen besteht aus 100% American Raccoon Fell und ist optional (separat zu bestellen). Nat\u00fcrlich kann der Pelzkragen auch in Kunstfell in 3 Farben bestellt werden. Diese braune Herrenjacke von Versano ist italienisch geschnitten und auch in 2 anderen Farben erh\u00e4ltlich.<\/p>\n<p><strong>OPTIONAL: REAL FUR COLLAR RACCOON RACCOON ART OF FUR<\/strong><\/p>","protected":false},"featured_media":13578,"comment_status":"closed","ping_status":"closed","template":"","meta":[],"product_brand":[],"product_cat":[231,1146,1037,1080,882,1143,1147,1041,1082,1547],"product_tag":[314,315,266,571,317],"class_list":{"0":"post-4428","1":"product","2":"type-product","3":"status-publish","4":"has-post-thumbnail","6":"product_cat-heren-jassen-met-bontkraag","7":"product_cat-heren-winterjas","8":"product_cat-jas-met-bontkraag","9":"product_cat-jas-met-bontkraag-heren","10":"product_cat-versano","11":"product_cat-winterjas","12":"product_cat-winterjas-heren","13":"product_cat-winterjas-met-bontkraag","14":"product_cat-winterjassen-met-bontkraag-heren","15":"product_cat-winterjassen-heren","16":"product_tag-bontjassen-voor-heren","17":"product_tag-heren-bontjassen","18":"product_tag-jassen-met-bontkraag","19":"product_tag-jassen-met-bontkraag-heren","20":"product_tag-versano-bontjassen","21":"product_shipping_class-verzendkosten-1","22":"tm-has-options","24":"first","25":"outofstock","26":"taxable","27":"shipping-taxable","28":"purchasable","29":"product-type-variable"},"yoast_head":"<!-- This site is optimized with the Yoast SEO plugin v27.2 - https:\/\/yoast.com\/product\/yoast-seo-wordpress\/ -->\n<title>winterjas heren blauw met cognac biezen Roger Versano<\/title>\n<meta name=\"description\" content=\"Ben je op zoek naar een Italiaanse winterjas heren blauw met cognac biezen Roger Versano, dan zit je bij Versano aan het juiste adres.\" \/>\n<meta name=\"robots\" content=\"index, follow, max-snippet:-1, max-image-preview:large, max-video-preview:-1\" \/>\n<link rel=\"canonical\" href=\"https:\/\/versano.nl\/de\/shop\/heren-winterjas-blauw-met-cognac-biezen-roger-versano\/\" \/>\n<meta property=\"og:locale\" content=\"de_DE\" \/>\n<meta property=\"og:type\" content=\"article\" \/>\n<meta property=\"og:title\" content=\"winterjas heren blauw met cognac biezen Roger Versano\" \/>\n<meta property=\"og:description\" content=\"Ben je op zoek naar een Italiaanse winterjas heren blauw met cognac biezen Roger Versano, dan zit je bij Versano aan het juiste adres.\" \/>\n<meta property=\"og:url\" content=\"https:\/\/versano.nl\/de\/shop\/heren-winterjas-blauw-met-cognac-biezen-roger-versano\/\" \/>\n<meta property=\"og:site_name\" content=\"Versano\" \/>\n<meta property=\"article:modified_time\" content=\"2021-01-22T02:36:11+00:00\" \/>\n<meta property=\"og:image\" content=\"https:\/\/versano.nl\/wp-content\/uploads\/2019\/11\/versano-heren-winterjas-met-bontkraag-Roger-blauw-voor-1.jpg\" \/>\n\t<meta property=\"og:image:width\" content=\"750\" \/>\n\t<meta property=\"og:image:height\" content=\"980\" \/>\n\t<meta property=\"og:image:type\" content=\"image\/jpeg\" \/>\n<meta name=\"twitter:card\" content=\"summary_large_image\" \/>\n<script type=\"application\/ld+json\" class=\"yoast-schema-graph\">{\"@context\":\"https:\/\/schema.org\",\"@graph\":[{\"@type\":\"WebPage\",\"@id\":\"https:\/\/versano.nl\/shop\/heren-winterjas-blauw-met-cognac-biezen-roger-versano\/\",\"url\":\"https:\/\/versano.nl\/shop\/heren-winterjas-blauw-met-cognac-biezen-roger-versano\/\",\"name\":\"winterjas heren blauw met cognac biezen Roger Versano\",\"isPartOf\":{\"@id\":\"https:\/\/versano.nl\/#website\"},\"primaryImageOfPage\":{\"@id\":\"https:\/\/versano.nl\/shop\/heren-winterjas-blauw-met-cognac-biezen-roger-versano\/#primaryimage\"},\"image\":{\"@id\":\"https:\/\/versano.nl\/shop\/heren-winterjas-blauw-met-cognac-biezen-roger-versano\/#primaryimage\"},\"thumbnailUrl\":\"https:\/\/versano.nl\/wp-content\/uploads\/2019\/11\/versano-heren-winterjas-met-bontkraag-Roger-blauw-voor-1.jpg\",\"datePublished\":\"2015-08-11T13:10:57+00:00\",\"dateModified\":\"2021-01-22T02:36:11+00:00\",\"description\":\"Ben je op zoek naar een Italiaanse winterjas heren blauw met cognac biezen Roger Versano, dan zit je bij Versano aan het juiste adres.\",\"breadcrumb\":{\"@id\":\"https:\/\/versano.nl\/shop\/heren-winterjas-blauw-met-cognac-biezen-roger-versano\/#breadcrumb\"},\"inLanguage\":\"de\",\"potentialAction\":[{\"@type\":\"ReadAction\",\"target\":[\"https:\/\/versano.nl\/shop\/heren-winterjas-blauw-met-cognac-biezen-roger-versano\/\"]}]},{\"@type\":\"ImageObject\",\"inLanguage\":\"de\",\"@id\":\"https:\/\/versano.nl\/shop\/heren-winterjas-blauw-met-cognac-biezen-roger-versano\/#primaryimage\",\"url\":\"https:\/\/versano.nl\/wp-content\/uploads\/2019\/11\/versano-heren-winterjas-met-bontkraag-Roger-blauw-voor-1.jpg\",\"contentUrl\":\"https:\/\/versano.nl\/wp-content\/uploads\/2019\/11\/versano-heren-winterjas-met-bontkraag-Roger-blauw-voor-1.jpg\",\"width\":750,\"height\":980},{\"@type\":\"BreadcrumbList\",\"@id\":\"https:\/\/versano.nl\/shop\/heren-winterjas-blauw-met-cognac-biezen-roger-versano\/#breadcrumb\",\"itemListElement\":[{\"@type\":\"ListItem\",\"position\":1,\"name\":\"Home\",\"item\":\"https:\/\/versano.nl\/\"},{\"@type\":\"ListItem\",\"position\":2,\"name\":\"Shop\",\"item\":\"https:\/\/versano.nl\/shop\/\"},{\"@type\":\"ListItem\",\"position\":3,\"name\":\"winterjas heren blauw met cognac biezen Roger Versano\"}]},{\"@type\":\"WebSite\",\"@id\":\"https:\/\/versano.nl\/#website\",\"url\":\"https:\/\/versano.nl\/\",\"name\":\"Versano\",\"description\":\"winterjassen met bontkraag | leren dames jassen | leren heren jassen\",\"potentialAction\":[{\"@type\":\"SearchAction\",\"target\":{\"@type\":\"EntryPoint\",\"urlTemplate\":\"https:\/\/versano.nl\/?s={search_term_string}\"},\"query-input\":{\"@type\":\"PropertyValueSpecification\",\"valueRequired\":true,\"valueName\":\"search_term_string\"}}],\"inLanguage\":\"de\"}]}<\/script>\n<!-- \/ Yoast SEO plugin. -->","yoast_head_json":{"title":"Winterjacke M\u00e4nner blau mit Cognac-Paspel Roger Versano","description":"Suchen Sie eine italienische Winterjacke in M\u00e4nnerblau mit Cognac-Paspelierung von Roger Versano, dann ist Versano der richtige Ort f\u00fcr Sie.","robots":{"index":"index","follow":"follow","max-snippet":"max-snippet:-1","max-image-preview":"max-image-preview:large","max-video-preview":"max-video-preview:-1"},"canonical":"https:\/\/versano.nl\/de\/shop\/heren-winterjas-blauw-met-cognac-biezen-roger-versano\/","og_locale":"de_DE","og_type":"article","og_title":"winterjas heren blauw met cognac biezen Roger Versano","og_description":"Ben je op zoek naar een Italiaanse winterjas heren blauw met cognac biezen Roger Versano, dan zit je bij Versano aan het juiste adres.","og_url":"https:\/\/versano.nl\/de\/shop\/heren-winterjas-blauw-met-cognac-biezen-roger-versano\/","og_site_name":"Versano","article_modified_time":"2021-01-22T02:36:11+00:00","og_image":[{"width":750,"height":980,"url":"https:\/\/versano.nl\/wp-content\/uploads\/2019\/11\/versano-heren-winterjas-met-bontkraag-Roger-blauw-voor-1.jpg","type":"image\/jpeg"}],"twitter_card":"summary_large_image","schema":{"@context":"https:\/\/schema.org","@graph":[{"@type":"WebPage","@id":"https:\/\/versano.nl\/shop\/heren-winterjas-blauw-met-cognac-biezen-roger-versano\/","url":"https:\/\/versano.nl\/shop\/heren-winterjas-blauw-met-cognac-biezen-roger-versano\/","name":"Winterjacke M\u00e4nner blau mit Cognac-Paspel Roger Versano","isPartOf":{"@id":"https:\/\/versano.nl\/#website"},"primaryImageOfPage":{"@id":"https:\/\/versano.nl\/shop\/heren-winterjas-blauw-met-cognac-biezen-roger-versano\/#primaryimage"},"image":{"@id":"https:\/\/versano.nl\/shop\/heren-winterjas-blauw-met-cognac-biezen-roger-versano\/#primaryimage"},"thumbnailUrl":"https:\/\/versano.nl\/wp-content\/uploads\/2019\/11\/versano-heren-winterjas-met-bontkraag-Roger-blauw-voor-1.jpg","datePublished":"2015-08-11T13:10:57+00:00","dateModified":"2021-01-22T02:36:11+00:00","description":"Suchen Sie eine italienische Winterjacke in M\u00e4nnerblau mit Cognac-Paspelierung von Roger Versano, dann ist Versano der richtige Ort f\u00fcr Sie.","breadcrumb":{"@id":"https:\/\/versano.nl\/shop\/heren-winterjas-blauw-met-cognac-biezen-roger-versano\/#breadcrumb"},"inLanguage":"de","potentialAction":[{"@type":"ReadAction","target":["https:\/\/versano.nl\/shop\/heren-winterjas-blauw-met-cognac-biezen-roger-versano\/"]}]},{"@type":"ImageObject","inLanguage":"de","@id":"https:\/\/versano.nl\/shop\/heren-winterjas-blauw-met-cognac-biezen-roger-versano\/#primaryimage","url":"https:\/\/versano.nl\/wp-content\/uploads\/2019\/11\/versano-heren-winterjas-met-bontkraag-Roger-blauw-voor-1.jpg","contentUrl":"https:\/\/versano.nl\/wp-content\/uploads\/2019\/11\/versano-heren-winterjas-met-bontkraag-Roger-blauw-voor-1.jpg","width":750,"height":980},{"@type":"BreadcrumbList","@id":"https:\/\/versano.nl\/shop\/heren-winterjas-blauw-met-cognac-biezen-roger-versano\/#breadcrumb","itemListElement":[{"@type":"ListItem","position":1,"name":"Home","item":"https:\/\/versano.nl\/"},{"@type":"ListItem","position":2,"name":"Shop","item":"https:\/\/versano.nl\/shop\/"},{"@type":"ListItem","position":3,"name":"winterjas heren blauw met cognac biezen Roger Versano"}]},{"@type":"WebSite","@id":"https:\/\/versano.nl\/#website","url":"https:\/\/versano.nl\/","name":"Versano","description":"Winterm\u00e4ntel mit Pelzkragen | Damen Lederjacken | Herren Lederjacken","potentialAction":[{"@type":"SearchAction","target":{"@type":"EntryPoint","urlTemplate":"https:\/\/versano.nl\/?s={search_term_string}"},"query-input":{"@type":"PropertyValueSpecification","valueRequired":true,"valueName":"search_term_string"}}],"inLanguage":"de"}]}},"_links":{"self":[{"href":"https:\/\/versano.nl\/de\/wp-json\/wp\/v2\/product\/4428","targetHints":{"allow":["GET"]}}],"collection":[{"href":"https:\/\/versano.nl\/de\/wp-json\/wp\/v2\/product"}],"about":[{"href":"https:\/\/versano.nl\/de\/wp-json\/wp\/v2\/types\/product"}],"replies":[{"embeddable":true,"href":"https:\/\/versano.nl\/de\/wp-json\/wp\/v2\/comments?post=4428"}],"wp:featuredmedia":[{"embeddable":true,"href":"https:\/\/versano.nl\/de\/wp-json\/wp\/v2\/media\/13578"}],"wp:attachment":[{"href":"https:\/\/versano.nl\/de\/wp-json\/wp\/v2\/media?parent=4428"}],"wp:term":[{"taxonomy":"product_brand","embeddable":true,"href":"https:\/\/versano.nl\/de\/wp-json\/wp\/v2\/product_brand?post=4428"},{"taxonomy":"product_cat","embeddable":true,"href":"https:\/\/versano.nl\/de\/wp-json\/wp\/v2\/product_cat?post=4428"},{"taxonomy":"product_tag","embeddable":true,"href":"https:\/\/versano.nl\/de\/wp-json\/wp\/v2\/product_tag?post=4428"}],"curies":[{"name":"wp","href":"https:\/\/api.w.org\/{rel}","templated":true}]}}