{"id":3694,"date":"2015-03-11T23:23:13","date_gmt":"2015-03-11T23:23:13","guid":{"rendered":"http:\/\/leathershopdoci.nl\/shop\/leren-jas-heren-versano-tr44-bruin\/"},"modified":"2020-10-10T10:24:15","modified_gmt":"2020-10-10T10:24:15","slug":"leren-jas-heren-versano-tr44-bruin","status":"publish","type":"product","link":"https:\/\/versano.nl\/de\/shop\/leren-jas-heren-versano-tr44-bruin\/","title":{"rendered":"Brown Leder Herren-Jacke Biker-Look von Versano"},"content":{"rendered":"<h2>Brown Leder Herren-Jacke Biker-Look von Versano<\/h2>\n<p>Die braune Leder Herrenjacke Biker-Look von Versano bringen Sie einen Mantel im Haus Sie sicher sind, zu lieben. Dieses robuste Modell ist komplett aus weichem Lammleder. Dies ist ein Material, das nicht nur sehr langlebig ist, aber es ist auch eine andere sch\u00f6n. Es ist eine Jacke, die perfekt das Vertrauen in die Maschine, da dieses Material w\u00e4scht stoppen kann. Mit anderen Worten, da der Mantel, den er sieht \u00e4lter wird noch besser! Es ist eine coole Jacke, die vor allem ist auf die Biker artigen Elemente, die auf den Schultern zu finden sind.<\/p>\n<h3>Bestellen Sie eine braune Leder Herrenjacke aus Versano in Biker-Look<\/h3>\n<p>Mit dieser Jacke k\u00f6nnen Sie sicher sein, dass Sie bald einen neuen Mantel haben auf die Schultern h\u00e4ngen, wo k\u00f6nnen Sie in gesehen werden. Die Jacke ist mit zwei geraden Seitentaschen fertig ist, sowie ein Paar von Taschen auf der Brust. Dies ist eine Jacke, wo Sie beginnen zu f\u00fchlen, bequem in. Wir beraten Sie bei uns diesen Mantel buchen und so sicher, dass Sie einen sch\u00f6nen neuen Mantel gekauft haben. Weitere Informationen zu diesem Produkt? Wir empfehlen, dass Sie einfach nur eine E-Mail an Versano senden. Dies ist sieben Tage die Woche.<\/p>\n<p>Marke: <a href=\"https:\/\/versano.nl\/\" target=\"_blank\" rel=\"noopener noreferrer\">Versano<\/a><br \/>\nMaterial: 100% Lammfell<br \/>\nFutter: 100% Polyester<br \/>\nL\u00e4nge: kurz<br \/>\nPassen: Ausgestattet Italienisch (Runs)<br \/>\nSchlie\u00dfung: Rei\u00dfverschluss<br \/>\nTaschen: RV-Taschen<br \/>\nKragen: Stehkragen<br \/>\nMaterial Au\u00dfenschicht: Sehr hohe Qualit\u00e4t und weiches Lammfell<br \/>\nZeit: 1-3 Tage<\/p>","protected":false},"excerpt":{"rendered":"<p>Bruine leren herenjas bikerlook van Versano Met de bruine leren herenjas bikerlook van Versano haalt u een jas in huis die u zeker zal bevallen. Dit stoere model is geheel gemaakt van soepel lamsleer. Dit is een materiaal dat niet alleen zeer duurzaam is, maar dat ook nog eens prettig [&hellip;]<\/p>\n","protected":false},"featured_media":13886,"comment_status":"closed","ping_status":"closed","template":"","meta":[],"product_brand":[],"product_cat":[147,908,913,910],"product_tag":[516,78,517,307,23,24],"class_list":{"0":"post-3694","1":"product","2":"type-product","3":"status-publish","4":"has-post-thumbnail","6":"product_cat-heren-leren-jassen","7":"product_cat-leren-heren-jassen","8":"product_cat-leren-jassen-heren-uitverkoop","9":"product_cat-leren-jassen-heren","10":"product_tag-bruine-leren-biker-jack-heren","11":"product_tag-heren-biker-jack-bruin","12":"product_tag-leren-heren-biker-jack-bruin","13":"product_tag-leren-heren-jas-bruin","14":"product_tag-motorjacks-heren","15":"product_tag-stoer-jasje-heren","16":"tm-no-options","18":"first","19":"outofstock","20":"taxable","21":"shipping-taxable","22":"product-type-variable"},"yoast_head":"<!-- This site is optimized with the Yoast SEO plugin v27.2 - https:\/\/yoast.com\/product\/yoast-seo-wordpress\/ -->\n<title>heren biker jack bruin, Bruine leren herenjas bikerlook van Versano<\/title>\n<meta name=\"description\" content=\"Met de mooie bikerachtige look op de schouders en mouwen, is Bruine leren herenjas bikerlook van Versano, met recht een top 3 jas! Naast de borstzakjes\" \/>\n<meta name=\"robots\" content=\"index, follow, max-snippet:-1, max-image-preview:large, max-video-preview:-1\" \/>\n<link rel=\"canonical\" href=\"https:\/\/versano.nl\/de\/shop\/leren-jas-heren-versano-tr44-bruin\/\" \/>\n<meta property=\"og:locale\" content=\"de_DE\" \/>\n<meta property=\"og:type\" content=\"article\" \/>\n<meta property=\"og:title\" content=\"heren biker jack bruin, Bruine leren herenjas bikerlook van Versano\" \/>\n<meta property=\"og:description\" content=\"Met de mooie bikerachtige look op de schouders en mouwen, is Bruine leren herenjas bikerlook van Versano, met recht een top 3 jas! Naast de borstzakjes\" \/>\n<meta property=\"og:url\" content=\"https:\/\/versano.nl\/de\/shop\/leren-jas-heren-versano-tr44-bruin\/\" \/>\n<meta property=\"og:site_name\" content=\"Versano\" \/>\n<meta property=\"article:modified_time\" content=\"2020-10-10T10:24:15+00:00\" \/>\n<meta property=\"og:image\" content=\"https:\/\/versano.nl\/wp-content\/uploads\/2019\/11\/leren-jas-heren-bruin-TR44-versano-voorkant-model3.jpg\" \/>\n\t<meta property=\"og:image:width\" content=\"900\" \/>\n\t<meta property=\"og:image:height\" content=\"1176\" \/>\n\t<meta property=\"og:image:type\" content=\"image\/jpeg\" \/>\n<meta name=\"twitter:card\" content=\"summary_large_image\" \/>\n<meta name=\"twitter:label1\" content=\"Gesch\u00e4tzte Lesezeit\" \/>\n\t<meta name=\"twitter:data1\" content=\"1\u00a0Minute\" \/>\n<script type=\"application\/ld+json\" class=\"yoast-schema-graph\">{\"@context\":\"https:\/\/schema.org\",\"@graph\":[{\"@type\":\"WebPage\",\"@id\":\"https:\/\/versano.nl\/en\/shop\/leren-jas-heren-versano-tr44-bruin\/\",\"url\":\"https:\/\/versano.nl\/en\/shop\/leren-jas-heren-versano-tr44-bruin\/\",\"name\":\"heren biker jack bruin, Bruine leren herenjas bikerlook van Versano\",\"isPartOf\":{\"@id\":\"https:\/\/versano.nl\/#website\"},\"primaryImageOfPage\":{\"@id\":\"https:\/\/versano.nl\/en\/shop\/leren-jas-heren-versano-tr44-bruin\/#primaryimage\"},\"image\":{\"@id\":\"https:\/\/versano.nl\/en\/shop\/leren-jas-heren-versano-tr44-bruin\/#primaryimage\"},\"thumbnailUrl\":\"https:\/\/versano.nl\/wp-content\/uploads\/2019\/11\/leren-jas-heren-bruin-TR44-versano-voorkant-model3.jpg\",\"datePublished\":\"2015-03-11T23:23:13+00:00\",\"dateModified\":\"2020-10-10T10:24:15+00:00\",\"description\":\"Met de mooie bikerachtige look op de schouders en mouwen, is Bruine leren herenjas bikerlook van Versano, met recht een top 3 jas! Naast de borstzakjes\",\"breadcrumb\":{\"@id\":\"https:\/\/versano.nl\/en\/shop\/leren-jas-heren-versano-tr44-bruin\/#breadcrumb\"},\"inLanguage\":\"de\",\"potentialAction\":[{\"@type\":\"ReadAction\",\"target\":[\"https:\/\/versano.nl\/en\/shop\/leren-jas-heren-versano-tr44-bruin\/\"]}]},{\"@type\":\"ImageObject\",\"inLanguage\":\"de\",\"@id\":\"https:\/\/versano.nl\/en\/shop\/leren-jas-heren-versano-tr44-bruin\/#primaryimage\",\"url\":\"https:\/\/versano.nl\/wp-content\/uploads\/2019\/11\/leren-jas-heren-bruin-TR44-versano-voorkant-model3.jpg\",\"contentUrl\":\"https:\/\/versano.nl\/wp-content\/uploads\/2019\/11\/leren-jas-heren-bruin-TR44-versano-voorkant-model3.jpg\",\"width\":900,\"height\":1176,\"caption\":\"leren-jas-heren-bruin-TR44-versano-voorkant-model3\"},{\"@type\":\"BreadcrumbList\",\"@id\":\"https:\/\/versano.nl\/en\/shop\/leren-jas-heren-versano-tr44-bruin\/#breadcrumb\",\"itemListElement\":[{\"@type\":\"ListItem\",\"position\":1,\"name\":\"Home\",\"item\":\"https:\/\/versano.nl\/\"},{\"@type\":\"ListItem\",\"position\":2,\"name\":\"Shop\",\"item\":\"https:\/\/versano.nl\/shop\/\"},{\"@type\":\"ListItem\",\"position\":3,\"name\":\"Bruine leren herenjas bikerlook van Versano\"}]},{\"@type\":\"WebSite\",\"@id\":\"https:\/\/versano.nl\/#website\",\"url\":\"https:\/\/versano.nl\/\",\"name\":\"Versano\",\"description\":\"winterjassen met bontkraag | leren dames jassen | leren heren jassen\",\"potentialAction\":[{\"@type\":\"SearchAction\",\"target\":{\"@type\":\"EntryPoint\",\"urlTemplate\":\"https:\/\/versano.nl\/?s={search_term_string}\"},\"query-input\":{\"@type\":\"PropertyValueSpecification\",\"valueRequired\":true,\"valueName\":\"search_term_string\"}}],\"inLanguage\":\"de\"}]}<\/script>\n<!-- \/ Yoast SEO plugin. -->","yoast_head_json":{"title":"Bikerjacke f\u00fcr Herren braun, Braune Lederjacke f\u00fcr Herren von Versano","description":"Mit der sch\u00f6nen, biker\u00e4hnlichen Optik auf den Schultern und den \u00c4rmeln ist die braune Lederjacke f\u00fcr Herren Biker von Versano eine Top-3-Jacke! Neben den Brusttaschen","robots":{"index":"index","follow":"follow","max-snippet":"max-snippet:-1","max-image-preview":"max-image-preview:large","max-video-preview":"max-video-preview:-1"},"canonical":"https:\/\/versano.nl\/de\/shop\/leren-jas-heren-versano-tr44-bruin\/","og_locale":"de_DE","og_type":"article","og_title":"heren biker jack bruin, Bruine leren herenjas bikerlook van Versano","og_description":"Met de mooie bikerachtige look op de schouders en mouwen, is Bruine leren herenjas bikerlook van Versano, met recht een top 3 jas! Naast de borstzakjes","og_url":"https:\/\/versano.nl\/de\/shop\/leren-jas-heren-versano-tr44-bruin\/","og_site_name":"Versano","article_modified_time":"2020-10-10T10:24:15+00:00","og_image":[{"width":900,"height":1176,"url":"https:\/\/versano.nl\/wp-content\/uploads\/2019\/11\/leren-jas-heren-bruin-TR44-versano-voorkant-model3.jpg","type":"image\/jpeg"}],"twitter_card":"summary_large_image","twitter_misc":{"Gesch\u00e4tzte Lesezeit":"1\u00a0Minute"},"schema":{"@context":"https:\/\/schema.org","@graph":[{"@type":"WebPage","@id":"https:\/\/versano.nl\/en\/shop\/leren-jas-heren-versano-tr44-bruin\/","url":"https:\/\/versano.nl\/en\/shop\/leren-jas-heren-versano-tr44-bruin\/","name":"Bikerjacke f\u00fcr Herren braun, Braune Lederjacke f\u00fcr Herren von Versano","isPartOf":{"@id":"https:\/\/versano.nl\/#website"},"primaryImageOfPage":{"@id":"https:\/\/versano.nl\/en\/shop\/leren-jas-heren-versano-tr44-bruin\/#primaryimage"},"image":{"@id":"https:\/\/versano.nl\/en\/shop\/leren-jas-heren-versano-tr44-bruin\/#primaryimage"},"thumbnailUrl":"https:\/\/versano.nl\/wp-content\/uploads\/2019\/11\/leren-jas-heren-bruin-TR44-versano-voorkant-model3.jpg","datePublished":"2015-03-11T23:23:13+00:00","dateModified":"2020-10-10T10:24:15+00:00","description":"Mit der sch\u00f6nen, biker\u00e4hnlichen Optik auf den Schultern und den \u00c4rmeln ist die braune Lederjacke f\u00fcr Herren Biker von Versano eine Top-3-Jacke! Neben den Brusttaschen","breadcrumb":{"@id":"https:\/\/versano.nl\/en\/shop\/leren-jas-heren-versano-tr44-bruin\/#breadcrumb"},"inLanguage":"de","potentialAction":[{"@type":"ReadAction","target":["https:\/\/versano.nl\/en\/shop\/leren-jas-heren-versano-tr44-bruin\/"]}]},{"@type":"ImageObject","inLanguage":"de","@id":"https:\/\/versano.nl\/en\/shop\/leren-jas-heren-versano-tr44-bruin\/#primaryimage","url":"https:\/\/versano.nl\/wp-content\/uploads\/2019\/11\/leren-jas-heren-bruin-TR44-versano-voorkant-model3.jpg","contentUrl":"https:\/\/versano.nl\/wp-content\/uploads\/2019\/11\/leren-jas-heren-bruin-TR44-versano-voorkant-model3.jpg","width":900,"height":1176,"caption":"leren-jas-heren-bruin-TR44-versano-voorkant-model3"},{"@type":"BreadcrumbList","@id":"https:\/\/versano.nl\/en\/shop\/leren-jas-heren-versano-tr44-bruin\/#breadcrumb","itemListElement":[{"@type":"ListItem","position":1,"name":"Home","item":"https:\/\/versano.nl\/"},{"@type":"ListItem","position":2,"name":"Shop","item":"https:\/\/versano.nl\/shop\/"},{"@type":"ListItem","position":3,"name":"Bruine leren herenjas bikerlook van Versano"}]},{"@type":"WebSite","@id":"https:\/\/versano.nl\/#website","url":"https:\/\/versano.nl\/","name":"Versano","description":"Winterm\u00e4ntel mit Pelzkragen | Damen Lederjacken | Herren Lederjacken","potentialAction":[{"@type":"SearchAction","target":{"@type":"EntryPoint","urlTemplate":"https:\/\/versano.nl\/?s={search_term_string}"},"query-input":{"@type":"PropertyValueSpecification","valueRequired":true,"valueName":"search_term_string"}}],"inLanguage":"de"}]}},"_links":{"self":[{"href":"https:\/\/versano.nl\/de\/wp-json\/wp\/v2\/product\/3694","targetHints":{"allow":["GET"]}}],"collection":[{"href":"https:\/\/versano.nl\/de\/wp-json\/wp\/v2\/product"}],"about":[{"href":"https:\/\/versano.nl\/de\/wp-json\/wp\/v2\/types\/product"}],"replies":[{"embeddable":true,"href":"https:\/\/versano.nl\/de\/wp-json\/wp\/v2\/comments?post=3694"}],"wp:featuredmedia":[{"embeddable":true,"href":"https:\/\/versano.nl\/de\/wp-json\/wp\/v2\/media\/13886"}],"wp:attachment":[{"href":"https:\/\/versano.nl\/de\/wp-json\/wp\/v2\/media?parent=3694"}],"wp:term":[{"taxonomy":"product_brand","embeddable":true,"href":"https:\/\/versano.nl\/de\/wp-json\/wp\/v2\/product_brand?post=3694"},{"taxonomy":"product_cat","embeddable":true,"href":"https:\/\/versano.nl\/de\/wp-json\/wp\/v2\/product_cat?post=3694"},{"taxonomy":"product_tag","embeddable":true,"href":"https:\/\/versano.nl\/de\/wp-json\/wp\/v2\/product_tag?post=3694"}],"curies":[{"name":"wp","href":"https:\/\/api.w.org\/{rel}","templated":true}]}}