{"id":365,"date":"2017-03-23T21:16:54","date_gmt":"2017-03-23T21:16:54","guid":{"rendered":"https:\/\/leathershopdoci.nl\/shop\/leren-heren-jas-cognac-biker-model-versano-tr-36-b\/"},"modified":"2026-02-19T13:45:56","modified_gmt":"2026-02-19T13:45:56","slug":"leren-heren-jas-cognac-biker-model-versano-tr-36-b","status":"publish","type":"product","link":"https:\/\/versano.nl\/de\/shop\/leren-heren-jas-cognac-biker-model-versano-tr-36-b\/","title":{"rendered":"Herren Lederjacke Biker TR36 B cognac Versano"},"content":{"rendered":"<h2>Herren Lederjacke Biker TR36 B cognac Versano<\/h2>\n<p style=\"margin: 0cm 0cm 16.5pt 0cm\"><span style=\"font-size: 10.5pt;font-family: 'Arial',sans-serif;color: #282828\">Die Herren Lederjacke Biker TR36 B cognac Versano ist eines der beliebtesten Modelle von Versano. Dies ist eine sch\u00f6ne Jacke, die von unseren Kunden h\u00e4ufig gekauft wird. Ein spezielles Biker-Modell dieser Jacke wurde von den talentierten Designern von Versano entworfen. Mit anderen Worten, die Bikerjacke Herren Cognac von Versano ist eine Jacke, die Sie wahrscheinlich gerne tragen werden. Das Biker-Modell ist nur ein bisschen h\u00e4rter als die stylische andere Version. Man muss nicht unbedingt Biker sein, um diese Jacke zu tragen. Es wird genauso gut tun, wenn Sie f\u00fcr eine Nacht ausgehen oder zu einem besonderen Anlass gehen. Es ist eine Lederjacke, die Sie zu jeder Jahreszeit tragen k\u00f6nnen.<\/span><\/p>\n<h2 style=\"margin: 0cm 0cm 16.5pt 0cm\"><strong><span style=\"font-size: 10.5pt;font-family: 'Arial',sans-serif;color: #282828\">Biker Modell TR36 B in cognac bestellen<\/span><\/strong><\/h2>\n<p style=\"margin: 0cm 0cm 16.5pt 0cm\"><span style=\"font-size: 10.5pt;font-family: 'Arial',sans-serif;color: #282828\">Wenn Sie diese Jacke bei uns bestellen, erhalten Sie eine Jacke, die ein Leben lang sch\u00f6n bleibt. Dies ist eine sch\u00f6ne Slim-Fit-Jacke, die ganz im italienischen Stil ist. Mit anderen Worten, bei einer Bikerjacke f\u00fcr Herren Cognac m\u00fcssen Sie sich keine Sorgen machen, dass Sie Lack sehen. Die Jacke ist mit zwei tiefen Seitentaschen mit Rei\u00dfverschluss, sowie zwei kleineren Taschen auf der Brust ausgestattet. Diese k\u00f6nnen zus\u00e4tzlich mit einem stabilen Rei\u00dfverschluss geschlossen werden. Dieses Modell k\u00f6nnen Sie ganz einfach auf unserer Website in Cognac oder anderen verschiedenen Farben wie Blau, Schwarz und Braun bestellen. Wir empfehlen Ihnen daher, einfach zu schauen, welche Farbe Ihrer Meinung nach am besten zu Ihrem eigenen Stil passt. Haben Sie Fragen oder sind Sie sich nicht sicher, welche Gr\u00f6\u00dfe Sie bestellen sollen? Dann k\u00f6nnen Sie uns jederzeit per Mail oder WhatsApp kontaktieren. Unsere Mitarbeiter m\u00f6chten Ihnen helfen!<\/span><\/p>\n<p style=\"margin: 0cm\"><span style=\"font-size: 10.5pt;font-family: 'Arial',sans-serif;color: #282828\"><a href=\"https:\/\/versano.nl\/\">Versano<\/a><br \/>\nMaterial: 100% Lammfell<br \/>\nFutter: 100% Polyester<br \/>\nL\u00e4nge: mittel-kurz<br \/>\nPassform: schmale Passform<br \/>\nSchlie\u00dfung: Rei\u00dfverschluss<br \/>\nTaschen: RV-Taschen<br \/>\nKragen: Stehkragen<br \/>\nMaterial Au\u00dfenschicht: Sehr hohe Qualit\u00e4t und weiches Lammfell<br \/>\nLieferzeit: 2-3 Werktage<\/span><\/p>","protected":false},"excerpt":{"rendered":"<p>W\u00c4HLEN SIE HIER EINE ANDERE FARBE<\/p>\n<p><a href=\"https:\/\/versano.nl\/shop\/leren-heren-jas-blauw-biker-model-versano-tr-36-b\/\"><img loading=\"lazy\" decoding=\"async\" class=\"alignnone size-full wp-image-19903\" src=\"https:\/\/versano.nl\/wp-content\/uploads\/sites\/2\/2017\/03\/leren-jassen-heren-blauw-biker-model-TR36B-versano-thumb.jpg\" alt=\"\" width=\"57\" height=\"75\" \/><\/a><a href=\"https:\/\/versano.nl\/shop\/leren-heren-jas-bruin-biker-model-versano-tr-36-b\/\"><img loading=\"lazy\" decoding=\"async\" class=\"alignnone size-full wp-image-19904\" src=\"https:\/\/versano.nl\/wp-content\/uploads\/sites\/2\/2017\/03\/leren-jassen-heren-bruin-biker-model-TR36B-versano-thumb.jpg\" alt=\"\" width=\"57\" height=\"75\" \/><\/a><a href=\"https:\/\/versano.nl\/shop\/heren-bikerjack-zwart-lamsleder-versano-tr-36-b\/\"><img loading=\"lazy\" decoding=\"async\" class=\"alignnone size-full wp-image-19906\" src=\"https:\/\/versano.nl\/wp-content\/uploads\/sites\/2\/2017\/03\/leren-jassen-heren-zwart-biker-model-TR36B-thumb.jpg\" alt=\"\" width=\"57\" height=\"75\" \/><\/a><\/p>\n<p><span style=\"color: #ff0000\">Fit Beratung:<\/span>\u00a0Die Passform dieser Jacke ist schmal geschnitten. Unser Model ist 1,75 cm gro\u00df und tr\u00e4gt Gr\u00f6\u00dfe M.<\/p>\n<p>Wenn Sie sich bei Ihren Ma\u00dfen nicht sicher sind, empfehlen wir Ihnen, zuerst Ihre Gr\u00f6\u00dfenma\u00dfe zu messen und sie mit unserer Gr\u00f6\u00dfentabelle zu vergleichen. Wenn Sie keine Erfahrung mit der Messung von Umfangsgr\u00f6\u00dfen haben, klicken Sie auf\u00a0<a href=\"https:\/\/www.youtube.com\/watch?v=3ZSfY87v6pM\"><em>HIER<\/em>\u00a0<\/a>\u00a0zu\u00a0<span style=\"color: #ff0000\"><a style=\"color: #ff0000\" href=\"https:\/\/www.youtube.com\/watch?v=3ZSfY87v6pM\"><em>VIDEO<\/em><\/a><\/span>\u00a0 mit Anweisungen. Sie k\u00f6nnen uns auch direkt anrufen oder anrufen! Unsere Mitarbeiter stehen Ihnen jederzeit zur Verf\u00fcgung.<\/p>\n<p><strong>LIEFERZEIT :<\/strong>\u00a02 bis 3 Werktage.<\/p>","protected":false},"featured_media":33554,"comment_status":"open","ping_status":"closed","template":"","meta":[],"product_brand":[],"product_cat":[1672,1670,147,874,907,912,1671,908,1669,913,910,882],"product_tag":[148,149,150,1222,1691,85,1692,151,152,153,1698,1697,1699],"class_list":{"0":"post-365","1":"product","2":"type-product","3":"status-publish","4":"has-post-thumbnail","6":"product_cat-biker-jas-heren","7":"product_cat-heren-leren-jas","8":"product_cat-heren-leren-jassen","9":"product_cat-kort-leren-jasje","10":"product_cat-kort-leren-jasje-heren","11":"product_cat-leren-bikerjacks-heren","12":"product_cat-leren-heren-jas","13":"product_cat-leren-heren-jassen","14":"product_cat-leren-jas-heren","15":"product_cat-leren-jassen-heren-uitverkoop","16":"product_cat-leren-jassen-heren","17":"product_cat-versano","18":"product_tag-biker-jas-cognac","19":"product_tag-bikerjas-cognac","20":"product_tag-cognac-leren-heren-biker-jack","21":"product_tag-cognac-leren-heren-jas","22":"product_tag-echt-leer-heren-jas","23":"product_tag-heren-biker-jack-cognac","24":"product_tag-lamsleer-heren-jas","25":"product_tag-leren-biker-jack-cognac","26":"product_tag-leren-heren-biker-jack-cognac","27":"product_tag-leren-heren-jas-cognac","28":"product_tag-leren-heren-jas-sale","29":"product_tag-uitverkoop-heren-leren-jas","30":"product_tag-versano-heren-leren-jas","31":"tm-no-options","33":"first","34":"instock","35":"sale","36":"taxable","37":"shipping-taxable","38":"purchasable","39":"product-type-variable","40":"has-default-attributes"},"yoast_head":"<!-- This site is optimized with the Yoast SEO plugin v27.2 - https:\/\/yoast.com\/product\/yoast-seo-wordpress\/ -->\n<title>Heren leren jas biker TR36 B cognac Versano, cognac leren jas<\/title>\n<meta name=\"description\" content=\"Bent u op zoek naar een Heren leren jas biker TR36 B cognac Versano? Bij Versano zit u goed voor heren leren biker jassen.\" \/>\n<meta name=\"robots\" content=\"index, follow, max-snippet:-1, max-image-preview:large, max-video-preview:-1\" \/>\n<link rel=\"canonical\" href=\"https:\/\/versano.nl\/de\/shop\/leren-heren-jas-cognac-biker-model-versano-tr-36-b\/\" \/>\n<meta property=\"og:locale\" content=\"de_DE\" \/>\n<meta property=\"og:type\" content=\"article\" \/>\n<meta property=\"og:title\" content=\"Heren leren jas biker TR36 B cognac Versano, cognac leren jas\" \/>\n<meta property=\"og:description\" content=\"Bent u op zoek naar een Heren leren jas biker TR36 B cognac Versano? Bij Versano zit u goed voor heren leren biker jassen.\" \/>\n<meta property=\"og:url\" content=\"https:\/\/versano.nl\/de\/shop\/leren-heren-jas-cognac-biker-model-versano-tr-36-b\/\" \/>\n<meta property=\"og:site_name\" content=\"Versano\" \/>\n<meta property=\"article:modified_time\" content=\"2026-02-19T13:45:56+00:00\" \/>\n<meta property=\"og:image\" content=\"https:\/\/versano.nl\/wp-content\/uploads\/2017\/03\/IMG_0328.jpg\" \/>\n\t<meta property=\"og:image:width\" content=\"600\" \/>\n\t<meta property=\"og:image:height\" content=\"800\" \/>\n\t<meta property=\"og:image:type\" content=\"image\/jpeg\" \/>\n<meta name=\"twitter:card\" content=\"summary_large_image\" \/>\n<meta name=\"twitter:label1\" content=\"Gesch\u00e4tzte Lesezeit\" \/>\n\t<meta name=\"twitter:data1\" content=\"2\u00a0Minuten\" \/>\n<script type=\"application\/ld+json\" class=\"yoast-schema-graph\">{\"@context\":\"https:\/\/schema.org\",\"@graph\":[{\"@type\":\"WebPage\",\"@id\":\"https:\/\/versano.nl\/shop\/leren-heren-jas-cognac-biker-model-versano-tr-36-b\/\",\"url\":\"https:\/\/versano.nl\/shop\/leren-heren-jas-cognac-biker-model-versano-tr-36-b\/\",\"name\":\"Heren leren jas biker TR36 B cognac Versano, cognac leren jas\",\"isPartOf\":{\"@id\":\"https:\/\/versano.nl\/#website\"},\"primaryImageOfPage\":{\"@id\":\"https:\/\/versano.nl\/shop\/leren-heren-jas-cognac-biker-model-versano-tr-36-b\/#primaryimage\"},\"image\":{\"@id\":\"https:\/\/versano.nl\/shop\/leren-heren-jas-cognac-biker-model-versano-tr-36-b\/#primaryimage\"},\"thumbnailUrl\":\"https:\/\/versano.nl\/wp-content\/uploads\/2017\/03\/IMG_0328.jpg\",\"datePublished\":\"2017-03-23T21:16:54+00:00\",\"dateModified\":\"2026-02-19T13:45:56+00:00\",\"description\":\"Bent u op zoek naar een Heren leren jas biker TR36 B cognac Versano? Bij Versano zit u goed voor heren leren biker jassen.\",\"breadcrumb\":{\"@id\":\"https:\/\/versano.nl\/shop\/leren-heren-jas-cognac-biker-model-versano-tr-36-b\/#breadcrumb\"},\"inLanguage\":\"de\",\"potentialAction\":[{\"@type\":\"ReadAction\",\"target\":[\"https:\/\/versano.nl\/shop\/leren-heren-jas-cognac-biker-model-versano-tr-36-b\/\"]}]},{\"@type\":\"ImageObject\",\"inLanguage\":\"de\",\"@id\":\"https:\/\/versano.nl\/shop\/leren-heren-jas-cognac-biker-model-versano-tr-36-b\/#primaryimage\",\"url\":\"https:\/\/versano.nl\/wp-content\/uploads\/2017\/03\/IMG_0328.jpg\",\"contentUrl\":\"https:\/\/versano.nl\/wp-content\/uploads\/2017\/03\/IMG_0328.jpg\",\"width\":600,\"height\":800},{\"@type\":\"BreadcrumbList\",\"@id\":\"https:\/\/versano.nl\/shop\/leren-heren-jas-cognac-biker-model-versano-tr-36-b\/#breadcrumb\",\"itemListElement\":[{\"@type\":\"ListItem\",\"position\":1,\"name\":\"Home\",\"item\":\"https:\/\/versano.nl\/\"},{\"@type\":\"ListItem\",\"position\":2,\"name\":\"Shop\",\"item\":\"https:\/\/versano.nl\/shop\/\"},{\"@type\":\"ListItem\",\"position\":3,\"name\":\"Heren leren jas biker TR36 B cognac Versano\"}]},{\"@type\":\"WebSite\",\"@id\":\"https:\/\/versano.nl\/#website\",\"url\":\"https:\/\/versano.nl\/\",\"name\":\"Versano\",\"description\":\"winterjassen met bontkraag | leren dames jassen | leren heren jassen\",\"potentialAction\":[{\"@type\":\"SearchAction\",\"target\":{\"@type\":\"EntryPoint\",\"urlTemplate\":\"https:\/\/versano.nl\/?s={search_term_string}\"},\"query-input\":{\"@type\":\"PropertyValueSpecification\",\"valueRequired\":true,\"valueName\":\"search_term_string\"}}],\"inLanguage\":\"de\"}]}<\/script>\n<!-- \/ Yoast SEO plugin. -->","yoast_head_json":{"title":"Herren Lederjacke Biker TR36 B cognac Versano, cognac Lederjacke","description":"Suchen Sie eine Herren Lederjacke Biker TR36 B Cognac Versano? Versano ist der richtige Ort f\u00fcr Herren-Bikerjacken aus Leder.","robots":{"index":"index","follow":"follow","max-snippet":"max-snippet:-1","max-image-preview":"max-image-preview:large","max-video-preview":"max-video-preview:-1"},"canonical":"https:\/\/versano.nl\/de\/shop\/leren-heren-jas-cognac-biker-model-versano-tr-36-b\/","og_locale":"de_DE","og_type":"article","og_title":"Heren leren jas biker TR36 B cognac Versano, cognac leren jas","og_description":"Bent u op zoek naar een Heren leren jas biker TR36 B cognac Versano? Bij Versano zit u goed voor heren leren biker jassen.","og_url":"https:\/\/versano.nl\/de\/shop\/leren-heren-jas-cognac-biker-model-versano-tr-36-b\/","og_site_name":"Versano","article_modified_time":"2026-02-19T13:45:56+00:00","og_image":[{"width":600,"height":800,"url":"https:\/\/versano.nl\/wp-content\/uploads\/2017\/03\/IMG_0328.jpg","type":"image\/jpeg"}],"twitter_card":"summary_large_image","twitter_misc":{"Gesch\u00e4tzte Lesezeit":"2\u00a0Minuten"},"schema":{"@context":"https:\/\/schema.org","@graph":[{"@type":"WebPage","@id":"https:\/\/versano.nl\/shop\/leren-heren-jas-cognac-biker-model-versano-tr-36-b\/","url":"https:\/\/versano.nl\/shop\/leren-heren-jas-cognac-biker-model-versano-tr-36-b\/","name":"Herren Lederjacke Biker TR36 B cognac Versano, cognac Lederjacke","isPartOf":{"@id":"https:\/\/versano.nl\/#website"},"primaryImageOfPage":{"@id":"https:\/\/versano.nl\/shop\/leren-heren-jas-cognac-biker-model-versano-tr-36-b\/#primaryimage"},"image":{"@id":"https:\/\/versano.nl\/shop\/leren-heren-jas-cognac-biker-model-versano-tr-36-b\/#primaryimage"},"thumbnailUrl":"https:\/\/versano.nl\/wp-content\/uploads\/2017\/03\/IMG_0328.jpg","datePublished":"2017-03-23T21:16:54+00:00","dateModified":"2026-02-19T13:45:56+00:00","description":"Suchen Sie eine Herren Lederjacke Biker TR36 B Cognac Versano? Versano ist der richtige Ort f\u00fcr Herren-Bikerjacken aus Leder.","breadcrumb":{"@id":"https:\/\/versano.nl\/shop\/leren-heren-jas-cognac-biker-model-versano-tr-36-b\/#breadcrumb"},"inLanguage":"de","potentialAction":[{"@type":"ReadAction","target":["https:\/\/versano.nl\/shop\/leren-heren-jas-cognac-biker-model-versano-tr-36-b\/"]}]},{"@type":"ImageObject","inLanguage":"de","@id":"https:\/\/versano.nl\/shop\/leren-heren-jas-cognac-biker-model-versano-tr-36-b\/#primaryimage","url":"https:\/\/versano.nl\/wp-content\/uploads\/2017\/03\/IMG_0328.jpg","contentUrl":"https:\/\/versano.nl\/wp-content\/uploads\/2017\/03\/IMG_0328.jpg","width":600,"height":800},{"@type":"BreadcrumbList","@id":"https:\/\/versano.nl\/shop\/leren-heren-jas-cognac-biker-model-versano-tr-36-b\/#breadcrumb","itemListElement":[{"@type":"ListItem","position":1,"name":"Home","item":"https:\/\/versano.nl\/"},{"@type":"ListItem","position":2,"name":"Shop","item":"https:\/\/versano.nl\/shop\/"},{"@type":"ListItem","position":3,"name":"Heren leren jas biker TR36 B cognac Versano"}]},{"@type":"WebSite","@id":"https:\/\/versano.nl\/#website","url":"https:\/\/versano.nl\/","name":"Versano","description":"Winterm\u00e4ntel mit Pelzkragen | Damen Lederjacken | Herren Lederjacken","potentialAction":[{"@type":"SearchAction","target":{"@type":"EntryPoint","urlTemplate":"https:\/\/versano.nl\/?s={search_term_string}"},"query-input":{"@type":"PropertyValueSpecification","valueRequired":true,"valueName":"search_term_string"}}],"inLanguage":"de"}]}},"_links":{"self":[{"href":"https:\/\/versano.nl\/de\/wp-json\/wp\/v2\/product\/365","targetHints":{"allow":["GET"]}}],"collection":[{"href":"https:\/\/versano.nl\/de\/wp-json\/wp\/v2\/product"}],"about":[{"href":"https:\/\/versano.nl\/de\/wp-json\/wp\/v2\/types\/product"}],"replies":[{"embeddable":true,"href":"https:\/\/versano.nl\/de\/wp-json\/wp\/v2\/comments?post=365"}],"wp:featuredmedia":[{"embeddable":true,"href":"https:\/\/versano.nl\/de\/wp-json\/wp\/v2\/media\/33554"}],"wp:attachment":[{"href":"https:\/\/versano.nl\/de\/wp-json\/wp\/v2\/media?parent=365"}],"wp:term":[{"taxonomy":"product_brand","embeddable":true,"href":"https:\/\/versano.nl\/de\/wp-json\/wp\/v2\/product_brand?post=365"},{"taxonomy":"product_cat","embeddable":true,"href":"https:\/\/versano.nl\/de\/wp-json\/wp\/v2\/product_cat?post=365"},{"taxonomy":"product_tag","embeddable":true,"href":"https:\/\/versano.nl\/de\/wp-json\/wp\/v2\/product_tag?post=365"}],"curies":[{"name":"wp","href":"https:\/\/api.w.org\/{rel}","templated":true}]}}