{"id":35641,"date":"2025-09-19T12:24:53","date_gmt":"2025-09-19T12:24:53","guid":{"rendered":"https:\/\/versano.nl\/?post_type=product&#038;p=35641"},"modified":"2026-04-01T13:51:33","modified_gmt":"2026-04-01T13:51:33","slug":"jongens-kinderjas-grayson-zwart-versano-2","status":"publish","type":"product","link":"https:\/\/versano.nl\/de\/shop\/jongens-kinderjas-grayson-zwart-versano-2\/","title":{"rendered":"Jongens kinderjas Grayson zwart Versano"},"content":{"rendered":"<h2>Jongens kinderjas Grayson zwart Versano<\/h2>\n<p>Bent u op zoek naar een warme maar modieuze kinderjas? Dan raden we zeker dit model aan en u zult er nooit spijt van krijgen! Versano weten ze wel hoe een dergelijke jas ontworpen en geproduceerd moet worden. Deze stoere en originele Jongens kinderjas Grayson zwart Versano heeft 2 steekzakken en 2 borstzakken. Dit model is ook in in de kleur blauw verkrijgbaar. We raden je aan om deze kleur ook is te bekijken voordat u uw bestelling plaatst. De jas is met de beste materialen en een special methode gemaakt waardoor hij erg comfortabel aan voelt op uw lichaam qua beweging en zal u ook warm houden in zelfs extreem koud weer. De kraag van Raccoon bont is optioneel (los te bestellen). <strong>LET OP: BONTKRAAG IS NIET INCLUSIEF.<\/strong><\/p>\n<h2>Bestellen Sie bei Versano<\/h2>\n<p>Dieses Modell k\u00f6nnen Sie ganz einfach im Versano Webshop bestellen. Hier haben wir alle unsere Jacken f\u00fcr Sie zusammengestellt, damit Sie ganz einfach eine Bestellung aufgeben k\u00f6nnen. Bei Versano k\u00f6nnen Sie sich immer sicher sein, einen sch\u00f6nen und sorgf\u00e4ltig verarbeiteten Mantel zu kaufen. Bei uns k\u00f6nnen Sie ganz einfach die richtige Gr\u00f6\u00dfe anhand unserer smarten Anleitungsvideos ausw\u00e4hlen. Haben Sie Fragen oder sind Sie sich nicht sicher, welche Gr\u00f6\u00dfe Sie bestellen sollen? Dann k\u00f6nnen Sie uns jederzeit per Mail oder WhatsApp kontaktieren. Unsere Mitarbeiter m\u00f6chten Ihnen helfen!<\/p>\n<p>&nbsp;<\/p>\n<p>Marke: Versano<br \/>\nL\u00e4nge: H\u00e4lfte<br \/>\nPassform: schmale Passform<br \/>\nFutter: 100% Polyester<br \/>\nBelagdicke: 200 Gramm ausgekleideten dicke<br \/>\n\u00c4rmell\u00e4nge: lang\u00e4rmelige<br \/>\nHOOD ausgekleidete, Massiv<br \/>\nExtras: verst\u00e4rkte N\u00e4hte<br \/>\nSchlie\u00dfung: Rei\u00dfverschluss mit Schutzklappe, Front-RV<br \/>\nS\u00e4cke Rei\u00dfverschluss Seitentaschen, Innen<br \/>\nFunktion: wasserdicht, winddicht<br \/>\nMaterialau\u00dfenschicht: 100% Polyester<\/p>\n<p>Lieferzeit: 2-3 Werktage<\/p>\n<p>FUR Collar: Optional<\/p>","protected":false},"excerpt":{"rendered":"<p>Wenn Sie sich bei Ihren Ma\u00dfen nicht sicher sind, empfehlen wir Ihnen, zuerst Ihre Gr\u00f6\u00dfenma\u00dfe zu messen und sie mit unserer Gr\u00f6\u00dfentabelle zu vergleichen. Wenn Sie keine Erfahrung mit der Messung von Umfangsgr\u00f6\u00dfen haben, klicken Sie auf\u00a0<a href=\"https:\/\/www.youtube.com\/watch?v=3ZSfY87v6pM\"><em>HIER<\/em>\u00a0<\/a>\u00a0zu\u00a0<a href=\"https:\/\/www.youtube.com\/watch?v=3ZSfY87v6pM\"><em><span style=\"color: red;\">VIDEO<\/span><\/em><\/a>\u00a0\u00a0mit Anweisungen. Sie k\u00f6nnen uns auch direkt anrufen oder anrufen! Unsere Mitarbeiter stehen Ihnen jederzeit zur Verf\u00fcgung.<\/p>\n<p><strong>LIEFERZEIT :<\/strong> 2 bis 3 Werktage.<\/p>\n<p><span style=\"color: red;\">WICHTIGE INFO:<\/span>\u00a0Sie k\u00f6nnen jede Versano-Jacke mit oder ohne Pelzkragen kaufen, der Pelzkragen ist nicht im Lieferumfang enthalten.<\/p>","protected":false},"featured_media":35638,"comment_status":"open","ping_status":"closed","template":"","meta":[],"product_brand":[],"product_cat":[2216,2015,1008,331,332,882,1143,2220,1041,1010,1404,1011],"product_tag":[333,845,846,847,2029,2042,848,2041,336,849],"class_list":{"0":"post-35641","1":"product","2":"type-product","3":"status-publish","4":"has-post-thumbnail","6":"product_cat-jongens-jassen-met-bontkraag","7":"product_cat-kinderjas-jongens","8":"product_cat-kinderjas-met-bontkraag","9":"product_cat-kinderjassen","10":"product_cat-kinderjassen-met-bontkraag","11":"product_cat-versano","12":"product_cat-winterjas","13":"product_cat-winterjas-jongens","14":"product_cat-winterjas-met-bontkraag","15":"product_cat-winterjas-met-bontkraag-jongens","16":"product_cat-winterjassen","17":"product_cat-winterjassen-met-bontkraag-jongens","18":"product_tag-bontjassen-voor-kinderen","19":"product_tag-jongens-jassen-met-bontkraag","20":"product_tag-kinder-winterjassen","21":"product_tag-kinder-winterjassen-met-bontkraag","22":"product_tag-kinderjas-jongens","23":"product_tag-kinderjassen-in-sale","24":"product_tag-kinderjassen-met-bontkraag","25":"product_tag-parka-jas-jongens","26":"product_tag-versano-bontjassen-voor-kinderen","27":"product_tag-versano-kinderjassen","28":"product_shipping_class-verzendkosten-1","29":"tm-has-options","31":"first","32":"instock","33":"sale","34":"taxable","35":"shipping-taxable","36":"purchasable","37":"product-type-variable"},"yoast_head":"<!-- This site is optimized with the Yoast SEO plugin v27.2 - https:\/\/yoast.com\/product\/yoast-seo-wordpress\/ -->\n<title>Jongens kinderjas Grayson zwart Versano<\/title>\n<meta name=\"description\" content=\"Bent u opzoek naar een Jongens kinderjas Grayson zwart Versano? Dan bent u bij Versano aan het juiste adres voor kinderjassen.\" \/>\n<meta name=\"robots\" content=\"index, follow, max-snippet:-1, max-image-preview:large, max-video-preview:-1\" \/>\n<link rel=\"canonical\" href=\"https:\/\/versano.nl\/de\/shop\/jongens-kinderjas-grayson-zwart-versano-2\/\" \/>\n<meta property=\"og:locale\" content=\"de_DE\" \/>\n<meta property=\"og:type\" content=\"article\" \/>\n<meta property=\"og:title\" content=\"Jongens kinderjas Grayson zwart Versano\" \/>\n<meta property=\"og:description\" content=\"Bent u opzoek naar een Jongens kinderjas Grayson zwart Versano? Dan bent u bij Versano aan het juiste adres voor kinderjassen.\" \/>\n<meta property=\"og:url\" content=\"https:\/\/versano.nl\/de\/shop\/jongens-kinderjas-grayson-zwart-versano-2\/\" \/>\n<meta property=\"og:site_name\" content=\"Versano\" \/>\n<meta property=\"article:modified_time\" content=\"2026-04-01T13:51:33+00:00\" \/>\n<meta property=\"og:image\" content=\"https:\/\/versano.nl\/wp-content\/uploads\/2017\/10\/IMG_8621.jpg\" \/>\n\t<meta property=\"og:image:width\" content=\"603\" \/>\n\t<meta property=\"og:image:height\" content=\"800\" \/>\n\t<meta property=\"og:image:type\" content=\"image\/jpeg\" \/>\n<meta name=\"twitter:card\" content=\"summary_large_image\" \/>\n<meta name=\"twitter:label1\" content=\"Gesch\u00e4tzte Lesezeit\" \/>\n\t<meta name=\"twitter:data1\" content=\"2\u00a0Minuten\" \/>\n<script type=\"application\/ld+json\" class=\"yoast-schema-graph\">{\"@context\":\"https:\/\/schema.org\",\"@graph\":[{\"@type\":\"WebPage\",\"@id\":\"https:\/\/versano.nl\/shop\/jongens-kinderjas-grayson-zwart-versano-2\/\",\"url\":\"https:\/\/versano.nl\/shop\/jongens-kinderjas-grayson-zwart-versano-2\/\",\"name\":\"Jongens kinderjas Grayson zwart Versano\",\"isPartOf\":{\"@id\":\"https:\/\/versano.nl\/#website\"},\"primaryImageOfPage\":{\"@id\":\"https:\/\/versano.nl\/shop\/jongens-kinderjas-grayson-zwart-versano-2\/#primaryimage\"},\"image\":{\"@id\":\"https:\/\/versano.nl\/shop\/jongens-kinderjas-grayson-zwart-versano-2\/#primaryimage\"},\"thumbnailUrl\":\"https:\/\/versano.nl\/wp-content\/uploads\/2017\/10\/IMG_8621.jpg\",\"datePublished\":\"2025-09-19T12:24:53+00:00\",\"dateModified\":\"2026-04-01T13:51:33+00:00\",\"description\":\"Bent u opzoek naar een Jongens kinderjas Grayson zwart Versano? Dan bent u bij Versano aan het juiste adres voor kinderjassen.\",\"breadcrumb\":{\"@id\":\"https:\/\/versano.nl\/shop\/jongens-kinderjas-grayson-zwart-versano-2\/#breadcrumb\"},\"inLanguage\":\"de\",\"potentialAction\":[{\"@type\":\"ReadAction\",\"target\":[\"https:\/\/versano.nl\/shop\/jongens-kinderjas-grayson-zwart-versano-2\/\"]}]},{\"@type\":\"ImageObject\",\"inLanguage\":\"de\",\"@id\":\"https:\/\/versano.nl\/shop\/jongens-kinderjas-grayson-zwart-versano-2\/#primaryimage\",\"url\":\"https:\/\/versano.nl\/wp-content\/uploads\/2017\/10\/IMG_8621.jpg\",\"contentUrl\":\"https:\/\/versano.nl\/wp-content\/uploads\/2017\/10\/IMG_8621.jpg\",\"width\":603,\"height\":800,\"caption\":\"Jongens kinderjas Grayson zwart Versano\"},{\"@type\":\"BreadcrumbList\",\"@id\":\"https:\/\/versano.nl\/shop\/jongens-kinderjas-grayson-zwart-versano-2\/#breadcrumb\",\"itemListElement\":[{\"@type\":\"ListItem\",\"position\":1,\"name\":\"Home\",\"item\":\"https:\/\/versano.nl\/\"},{\"@type\":\"ListItem\",\"position\":2,\"name\":\"Shop\",\"item\":\"https:\/\/versano.nl\/shop\/\"},{\"@type\":\"ListItem\",\"position\":3,\"name\":\"Jongens kinderjas Grayson zwart Versano\"}]},{\"@type\":\"WebSite\",\"@id\":\"https:\/\/versano.nl\/#website\",\"url\":\"https:\/\/versano.nl\/\",\"name\":\"Versano\",\"description\":\"winterjassen met bontkraag | leren dames jassen | leren heren jassen\",\"potentialAction\":[{\"@type\":\"SearchAction\",\"target\":{\"@type\":\"EntryPoint\",\"urlTemplate\":\"https:\/\/versano.nl\/?s={search_term_string}\"},\"query-input\":{\"@type\":\"PropertyValueSpecification\",\"valueRequired\":true,\"valueName\":\"search_term_string\"}}],\"inLanguage\":\"de\"}]}<\/script>\n<!-- \/ Yoast SEO plugin. -->","yoast_head_json":{"title":"Jongens kinderjas Grayson zwart Versano","description":"Bent u opzoek naar een Jongens kinderjas Grayson zwart Versano? Dan bent u bij Versano aan het juiste adres voor kinderjassen.","robots":{"index":"index","follow":"follow","max-snippet":"max-snippet:-1","max-image-preview":"max-image-preview:large","max-video-preview":"max-video-preview:-1"},"canonical":"https:\/\/versano.nl\/de\/shop\/jongens-kinderjas-grayson-zwart-versano-2\/","og_locale":"de_DE","og_type":"article","og_title":"Jongens kinderjas Grayson zwart Versano","og_description":"Bent u opzoek naar een Jongens kinderjas Grayson zwart Versano? Dan bent u bij Versano aan het juiste adres voor kinderjassen.","og_url":"https:\/\/versano.nl\/de\/shop\/jongens-kinderjas-grayson-zwart-versano-2\/","og_site_name":"Versano","article_modified_time":"2026-04-01T13:51:33+00:00","og_image":[{"width":603,"height":800,"url":"https:\/\/versano.nl\/wp-content\/uploads\/2017\/10\/IMG_8621.jpg","type":"image\/jpeg"}],"twitter_card":"summary_large_image","twitter_misc":{"Gesch\u00e4tzte Lesezeit":"2\u00a0Minuten"},"schema":{"@context":"https:\/\/schema.org","@graph":[{"@type":"WebPage","@id":"https:\/\/versano.nl\/shop\/jongens-kinderjas-grayson-zwart-versano-2\/","url":"https:\/\/versano.nl\/shop\/jongens-kinderjas-grayson-zwart-versano-2\/","name":"Jongens kinderjas Grayson zwart Versano","isPartOf":{"@id":"https:\/\/versano.nl\/#website"},"primaryImageOfPage":{"@id":"https:\/\/versano.nl\/shop\/jongens-kinderjas-grayson-zwart-versano-2\/#primaryimage"},"image":{"@id":"https:\/\/versano.nl\/shop\/jongens-kinderjas-grayson-zwart-versano-2\/#primaryimage"},"thumbnailUrl":"https:\/\/versano.nl\/wp-content\/uploads\/2017\/10\/IMG_8621.jpg","datePublished":"2025-09-19T12:24:53+00:00","dateModified":"2026-04-01T13:51:33+00:00","description":"Bent u opzoek naar een Jongens kinderjas Grayson zwart Versano? Dan bent u bij Versano aan het juiste adres voor kinderjassen.","breadcrumb":{"@id":"https:\/\/versano.nl\/shop\/jongens-kinderjas-grayson-zwart-versano-2\/#breadcrumb"},"inLanguage":"de","potentialAction":[{"@type":"ReadAction","target":["https:\/\/versano.nl\/shop\/jongens-kinderjas-grayson-zwart-versano-2\/"]}]},{"@type":"ImageObject","inLanguage":"de","@id":"https:\/\/versano.nl\/shop\/jongens-kinderjas-grayson-zwart-versano-2\/#primaryimage","url":"https:\/\/versano.nl\/wp-content\/uploads\/2017\/10\/IMG_8621.jpg","contentUrl":"https:\/\/versano.nl\/wp-content\/uploads\/2017\/10\/IMG_8621.jpg","width":603,"height":800,"caption":"Jongens kinderjas Grayson zwart Versano"},{"@type":"BreadcrumbList","@id":"https:\/\/versano.nl\/shop\/jongens-kinderjas-grayson-zwart-versano-2\/#breadcrumb","itemListElement":[{"@type":"ListItem","position":1,"name":"Home","item":"https:\/\/versano.nl\/"},{"@type":"ListItem","position":2,"name":"Shop","item":"https:\/\/versano.nl\/shop\/"},{"@type":"ListItem","position":3,"name":"Jongens kinderjas Grayson zwart Versano"}]},{"@type":"WebSite","@id":"https:\/\/versano.nl\/#website","url":"https:\/\/versano.nl\/","name":"Versano","description":"Winterm\u00e4ntel mit Pelzkragen | Damen Lederjacken | Herren Lederjacken","potentialAction":[{"@type":"SearchAction","target":{"@type":"EntryPoint","urlTemplate":"https:\/\/versano.nl\/?s={search_term_string}"},"query-input":{"@type":"PropertyValueSpecification","valueRequired":true,"valueName":"search_term_string"}}],"inLanguage":"de"}]}},"_links":{"self":[{"href":"https:\/\/versano.nl\/de\/wp-json\/wp\/v2\/product\/35641","targetHints":{"allow":["GET"]}}],"collection":[{"href":"https:\/\/versano.nl\/de\/wp-json\/wp\/v2\/product"}],"about":[{"href":"https:\/\/versano.nl\/de\/wp-json\/wp\/v2\/types\/product"}],"replies":[{"embeddable":true,"href":"https:\/\/versano.nl\/de\/wp-json\/wp\/v2\/comments?post=35641"}],"wp:featuredmedia":[{"embeddable":true,"href":"https:\/\/versano.nl\/de\/wp-json\/wp\/v2\/media\/35638"}],"wp:attachment":[{"href":"https:\/\/versano.nl\/de\/wp-json\/wp\/v2\/media?parent=35641"}],"wp:term":[{"taxonomy":"product_brand","embeddable":true,"href":"https:\/\/versano.nl\/de\/wp-json\/wp\/v2\/product_brand?post=35641"},{"taxonomy":"product_cat","embeddable":true,"href":"https:\/\/versano.nl\/de\/wp-json\/wp\/v2\/product_cat?post=35641"},{"taxonomy":"product_tag","embeddable":true,"href":"https:\/\/versano.nl\/de\/wp-json\/wp\/v2\/product_tag?post=35641"}],"curies":[{"name":"wp","href":"https:\/\/api.w.org\/{rel}","templated":true}]}}