{"id":35558,"date":"2025-09-17T14:49:55","date_gmt":"2025-09-17T14:49:55","guid":{"rendered":"https:\/\/versano.nl\/?post_type=product&#038;p=35558"},"modified":"2026-04-01T13:32:26","modified_gmt":"2026-04-01T13:32:26","slug":"parka-meisjes-winterjas-harper-blauw-versano","status":"publish","type":"product","link":"https:\/\/versano.nl\/de\/shop\/parka-meisjes-winterjas-harper-blauw-versano\/","title":{"rendered":"Parka meisjes winterjas Harper blauw Versano"},"content":{"rendered":"<h2>Parka meisjes winterjas Harper blauw Versano<\/h2>\n<p>Bent u op zoek naar een warme maar modieuze kinderjas? Dan raden we zeker dit model aan en u zult er nooit spijt van krijgen! Bij Versano weten ze wel hoe een dergelijke jas ontworpen en geproduceerd moet worden. Deze stoere en originele Parka meisjes winterjas Harper blauw Versano en heeft 2 zakken bij de heup, een rits sluiting en een knoop sluiting. Dit model is ook in de kleur zwart verkrijgbaar . We raden aan om deze kleur ook is te bekijken voordat u uw bestelling plaatst. De jas is met de beste materialen en een special methode gemaakt waardoor hij erg comfortabel aan voelt op uw lichaam qua beweging en zal u ook warm houden in zelfs extreem koud weer. De kraag van Raccoon bont is optioneel (los te bestellen).<strong> LET OP: BONTKRAAG IS NIET INCLUSIEF.<\/strong><\/p>\n<h2>Bestellen Sie bei Versano<\/h2>\n<p>Dieses Modell k\u00f6nnen Sie ganz einfach im Versano Webshop bestellen. Hier haben wir alle unsere Jacken f\u00fcr Sie zusammengestellt, damit Sie ganz einfach eine Bestellung aufgeben k\u00f6nnen. Bei Versano k\u00f6nnen Sie sich immer sicher sein, einen sch\u00f6nen und sorgf\u00e4ltig verarbeiteten Mantel zu kaufen. Bei uns k\u00f6nnen Sie ganz einfach die richtige Gr\u00f6\u00dfe anhand unserer smarten Anleitungsvideos ausw\u00e4hlen. Haben Sie Fragen oder sind Sie sich nicht sicher, welche Gr\u00f6\u00dfe Sie bestellen sollen? Dann k\u00f6nnen Sie uns jederzeit per Mail oder WhatsApp kontaktieren. Unsere Mitarbeiter m\u00f6chten Ihnen helfen!<\/p>\n<p>&nbsp;<\/p>\n<p>Marke: Versano<br \/>\nL\u00e4nge: H\u00e4lfte<br \/>\nPassform: ausgestattet<br \/>\nFutter: 100% Polyester<br \/>\nBelagdicke: 200 Gramm ausgekleideten dicke<br \/>\n\u00c4rmell\u00e4nge: lang\u00e4rmelige<br \/>\nHOOD ausgekleidete, Massiv<br \/>\nExtras: verst\u00e4rkte N\u00e4hte<br \/>\nsluiting: ritssluiting, met beschermflap en knoopsluiting, doorlopende ritssluiting<br \/>\nS\u00e4cke Rei\u00dfverschluss Seitentaschen, Innen<br \/>\nFunktion: wasserdicht, winddicht<br \/>\nMaterialau\u00dfenschicht: 100% Polyester<\/p>\n<p>Lieferzeit: 2-3 Werktage<\/p>\n<p>FUR Collar: Optional<\/p>","protected":false},"excerpt":{"rendered":"<p>Wenn Sie sich bei Ihren Ma\u00dfen nicht sicher sind, empfehlen wir Ihnen, zuerst Ihre Gr\u00f6\u00dfenma\u00dfe zu messen und sie mit unserer Gr\u00f6\u00dfentabelle zu vergleichen. Wenn Sie keine Erfahrung mit der Messung von Umfangsgr\u00f6\u00dfen haben, klicken Sie auf\u00a0<a href=\"https:\/\/www.youtube.com\/watch?v=3ZSfY87v6pM\"><em><span style=\"text-decoration: none;\">HIER<\/span><\/em>\u00a0<\/a>\u00a0zu\u00a0<a href=\"https:\/\/www.youtube.com\/watch?v=3ZSfY87v6pM\"><em><span style=\"color: red; text-decoration: none;\">VIDEO<\/span><\/em><\/a>\u00a0\u00a0mit Anweisungen. Sie k\u00f6nnen uns auch direkt anrufen oder anrufen! Unsere Mitarbeiter stehen Ihnen jederzeit zur Verf\u00fcgung.<\/p>\n<p><strong>LIEFERZEIT :<\/strong> 2 bis 3 Werktage.<\/p>\n<p><span style=\"color: red;\">WICHTIGE INFO:<\/span>\u00a0Sie k\u00f6nnen jede Versano-Jacke mit oder ohne Pelzkragen kaufen, der Pelzkragen ist nicht im Lieferumfang enthalten.<\/p>","protected":false},"featured_media":35568,"comment_status":"open","ping_status":"closed","template":"","meta":[],"product_brand":[],"product_cat":[2014,1008,331,332,2000,882,1143,2219,1041,2053,1404],"product_tag":[2025,2022,2024,848,2023,2021,849,1345,1346,1347,2020],"class_list":{"0":"post-35558","1":"product","2":"type-product","3":"status-publish","4":"has-post-thumbnail","6":"product_cat-kinderjas-meisjes","7":"product_cat-kinderjas-met-bontkraag","8":"product_cat-kinderjassen","9":"product_cat-kinderjassen-met-bontkraag","10":"product_cat-meisjes-jassen-met-bontkraag","11":"product_cat-versano","12":"product_cat-winterjas","13":"product_cat-winterjas-meisjes","14":"product_cat-winterjas-met-bontkraag","15":"product_cat-winterjas-bontkraag-meisjes","16":"product_cat-winterjassen","17":"product_tag-kinderjas-in-uitverkoop","18":"product_tag-kinderjas-meisjes","19":"product_tag-kinderjas-met-bontkraag","20":"product_tag-kinderjassen-met-bontkraag","21":"product_tag-meisjes-winterjas","22":"product_tag-parka-winterjas-meisjes","23":"product_tag-versano-kinderjassen","24":"product_tag-witte-kinder-meisjes-winterjas","25":"product_tag-witte-meisjes-wintejas-met-bont","26":"product_tag-witte-meisjes-winterjas","27":"product_tag-witte-winterjas-meisjes","28":"product_shipping_class-verzendkosten-1","29":"tm-has-options","31":"first","32":"instock","33":"sale","34":"taxable","35":"shipping-taxable","36":"purchasable","37":"product-type-variable"},"yoast_head":"<!-- This site is optimized with the Yoast SEO plugin v27.2 - https:\/\/yoast.com\/product\/yoast-seo-wordpress\/ -->\n<title>Parka meisjes winterjas Harper blauw Versano<\/title>\n<meta name=\"description\" content=\"Ben je op zoek naar een ,Parka meisjes winterjas Harper blauw Versano dan zit u bij ons goed, want Versano heeft de leukste kinderjassen\" \/>\n<meta name=\"robots\" content=\"index, follow, max-snippet:-1, max-image-preview:large, max-video-preview:-1\" \/>\n<link rel=\"canonical\" href=\"https:\/\/versano.nl\/de\/shop\/parka-meisjes-winterjas-harper-blauw-versano\/\" \/>\n<meta property=\"og:locale\" content=\"de_DE\" \/>\n<meta property=\"og:type\" content=\"article\" \/>\n<meta property=\"og:title\" content=\"Parka meisjes winterjas Harper blauw Versano\" \/>\n<meta property=\"og:description\" content=\"Ben je op zoek naar een ,Parka meisjes winterjas Harper blauw Versano dan zit u bij ons goed, want Versano heeft de leukste kinderjassen\" \/>\n<meta property=\"og:url\" content=\"https:\/\/versano.nl\/de\/shop\/parka-meisjes-winterjas-harper-blauw-versano\/\" \/>\n<meta property=\"og:site_name\" content=\"Versano\" \/>\n<meta property=\"article:modified_time\" content=\"2026-04-01T13:32:26+00:00\" \/>\n<meta property=\"og:image\" content=\"https:\/\/versano.nl\/wp-content\/uploads\/2025\/09\/IMG_8631.jpg\" \/>\n\t<meta property=\"og:image:width\" content=\"604\" \/>\n\t<meta property=\"og:image:height\" content=\"800\" \/>\n\t<meta property=\"og:image:type\" content=\"image\/jpeg\" \/>\n<meta name=\"twitter:card\" content=\"summary_large_image\" \/>\n<meta name=\"twitter:label1\" content=\"Gesch\u00e4tzte Lesezeit\" \/>\n\t<meta name=\"twitter:data1\" content=\"2\u00a0Minuten\" \/>\n<script type=\"application\/ld+json\" class=\"yoast-schema-graph\">{\"@context\":\"https:\/\/schema.org\",\"@graph\":[{\"@type\":\"WebPage\",\"@id\":\"https:\/\/versano.nl\/shop\/parka-meisjes-winterjas-harper-blauw-versano\/\",\"url\":\"https:\/\/versano.nl\/shop\/parka-meisjes-winterjas-harper-blauw-versano\/\",\"name\":\"Parka meisjes winterjas Harper blauw Versano\",\"isPartOf\":{\"@id\":\"https:\/\/versano.nl\/#website\"},\"primaryImageOfPage\":{\"@id\":\"https:\/\/versano.nl\/shop\/parka-meisjes-winterjas-harper-blauw-versano\/#primaryimage\"},\"image\":{\"@id\":\"https:\/\/versano.nl\/shop\/parka-meisjes-winterjas-harper-blauw-versano\/#primaryimage\"},\"thumbnailUrl\":\"https:\/\/versano.nl\/wp-content\/uploads\/2025\/09\/IMG_8631.jpg\",\"datePublished\":\"2025-09-17T14:49:55+00:00\",\"dateModified\":\"2026-04-01T13:32:26+00:00\",\"description\":\"Ben je op zoek naar een ,Parka meisjes winterjas Harper blauw Versano dan zit u bij ons goed, want Versano heeft de leukste kinderjassen\",\"breadcrumb\":{\"@id\":\"https:\/\/versano.nl\/shop\/parka-meisjes-winterjas-harper-blauw-versano\/#breadcrumb\"},\"inLanguage\":\"de\",\"potentialAction\":[{\"@type\":\"ReadAction\",\"target\":[\"https:\/\/versano.nl\/shop\/parka-meisjes-winterjas-harper-blauw-versano\/\"]}]},{\"@type\":\"ImageObject\",\"inLanguage\":\"de\",\"@id\":\"https:\/\/versano.nl\/shop\/parka-meisjes-winterjas-harper-blauw-versano\/#primaryimage\",\"url\":\"https:\/\/versano.nl\/wp-content\/uploads\/2025\/09\/IMG_8631.jpg\",\"contentUrl\":\"https:\/\/versano.nl\/wp-content\/uploads\/2025\/09\/IMG_8631.jpg\",\"width\":604,\"height\":800,\"caption\":\"Parka meisjes winterjas Harper blauw Versano\"},{\"@type\":\"BreadcrumbList\",\"@id\":\"https:\/\/versano.nl\/shop\/parka-meisjes-winterjas-harper-blauw-versano\/#breadcrumb\",\"itemListElement\":[{\"@type\":\"ListItem\",\"position\":1,\"name\":\"Home\",\"item\":\"https:\/\/versano.nl\/\"},{\"@type\":\"ListItem\",\"position\":2,\"name\":\"Shop\",\"item\":\"https:\/\/versano.nl\/shop\/\"},{\"@type\":\"ListItem\",\"position\":3,\"name\":\"Parka meisjes winterjas Harper blauw Versano\"}]},{\"@type\":\"WebSite\",\"@id\":\"https:\/\/versano.nl\/#website\",\"url\":\"https:\/\/versano.nl\/\",\"name\":\"Versano\",\"description\":\"winterjassen met bontkraag | leren dames jassen | leren heren jassen\",\"potentialAction\":[{\"@type\":\"SearchAction\",\"target\":{\"@type\":\"EntryPoint\",\"urlTemplate\":\"https:\/\/versano.nl\/?s={search_term_string}\"},\"query-input\":{\"@type\":\"PropertyValueSpecification\",\"valueRequired\":true,\"valueName\":\"search_term_string\"}}],\"inLanguage\":\"de\"}]}<\/script>\n<!-- \/ Yoast SEO plugin. -->","yoast_head_json":{"title":"Parka meisjes winterjas Harper blauw Versano","description":"Ben je op zoek naar een ,Parka meisjes winterjas Harper blauw Versano dan zit u bij ons goed, want Versano heeft de leukste kinderjassen","robots":{"index":"index","follow":"follow","max-snippet":"max-snippet:-1","max-image-preview":"max-image-preview:large","max-video-preview":"max-video-preview:-1"},"canonical":"https:\/\/versano.nl\/de\/shop\/parka-meisjes-winterjas-harper-blauw-versano\/","og_locale":"de_DE","og_type":"article","og_title":"Parka meisjes winterjas Harper blauw Versano","og_description":"Ben je op zoek naar een ,Parka meisjes winterjas Harper blauw Versano dan zit u bij ons goed, want Versano heeft de leukste kinderjassen","og_url":"https:\/\/versano.nl\/de\/shop\/parka-meisjes-winterjas-harper-blauw-versano\/","og_site_name":"Versano","article_modified_time":"2026-04-01T13:32:26+00:00","og_image":[{"width":604,"height":800,"url":"https:\/\/versano.nl\/wp-content\/uploads\/2025\/09\/IMG_8631.jpg","type":"image\/jpeg"}],"twitter_card":"summary_large_image","twitter_misc":{"Gesch\u00e4tzte Lesezeit":"2\u00a0Minuten"},"schema":{"@context":"https:\/\/schema.org","@graph":[{"@type":"WebPage","@id":"https:\/\/versano.nl\/shop\/parka-meisjes-winterjas-harper-blauw-versano\/","url":"https:\/\/versano.nl\/shop\/parka-meisjes-winterjas-harper-blauw-versano\/","name":"Parka meisjes winterjas Harper blauw Versano","isPartOf":{"@id":"https:\/\/versano.nl\/#website"},"primaryImageOfPage":{"@id":"https:\/\/versano.nl\/shop\/parka-meisjes-winterjas-harper-blauw-versano\/#primaryimage"},"image":{"@id":"https:\/\/versano.nl\/shop\/parka-meisjes-winterjas-harper-blauw-versano\/#primaryimage"},"thumbnailUrl":"https:\/\/versano.nl\/wp-content\/uploads\/2025\/09\/IMG_8631.jpg","datePublished":"2025-09-17T14:49:55+00:00","dateModified":"2026-04-01T13:32:26+00:00","description":"Ben je op zoek naar een ,Parka meisjes winterjas Harper blauw Versano dan zit u bij ons goed, want Versano heeft de leukste kinderjassen","breadcrumb":{"@id":"https:\/\/versano.nl\/shop\/parka-meisjes-winterjas-harper-blauw-versano\/#breadcrumb"},"inLanguage":"de","potentialAction":[{"@type":"ReadAction","target":["https:\/\/versano.nl\/shop\/parka-meisjes-winterjas-harper-blauw-versano\/"]}]},{"@type":"ImageObject","inLanguage":"de","@id":"https:\/\/versano.nl\/shop\/parka-meisjes-winterjas-harper-blauw-versano\/#primaryimage","url":"https:\/\/versano.nl\/wp-content\/uploads\/2025\/09\/IMG_8631.jpg","contentUrl":"https:\/\/versano.nl\/wp-content\/uploads\/2025\/09\/IMG_8631.jpg","width":604,"height":800,"caption":"Parka meisjes winterjas Harper blauw Versano"},{"@type":"BreadcrumbList","@id":"https:\/\/versano.nl\/shop\/parka-meisjes-winterjas-harper-blauw-versano\/#breadcrumb","itemListElement":[{"@type":"ListItem","position":1,"name":"Home","item":"https:\/\/versano.nl\/"},{"@type":"ListItem","position":2,"name":"Shop","item":"https:\/\/versano.nl\/shop\/"},{"@type":"ListItem","position":3,"name":"Parka meisjes winterjas Harper blauw Versano"}]},{"@type":"WebSite","@id":"https:\/\/versano.nl\/#website","url":"https:\/\/versano.nl\/","name":"Versano","description":"Winterm\u00e4ntel mit Pelzkragen | Damen Lederjacken | Herren Lederjacken","potentialAction":[{"@type":"SearchAction","target":{"@type":"EntryPoint","urlTemplate":"https:\/\/versano.nl\/?s={search_term_string}"},"query-input":{"@type":"PropertyValueSpecification","valueRequired":true,"valueName":"search_term_string"}}],"inLanguage":"de"}]}},"_links":{"self":[{"href":"https:\/\/versano.nl\/de\/wp-json\/wp\/v2\/product\/35558","targetHints":{"allow":["GET"]}}],"collection":[{"href":"https:\/\/versano.nl\/de\/wp-json\/wp\/v2\/product"}],"about":[{"href":"https:\/\/versano.nl\/de\/wp-json\/wp\/v2\/types\/product"}],"replies":[{"embeddable":true,"href":"https:\/\/versano.nl\/de\/wp-json\/wp\/v2\/comments?post=35558"}],"wp:featuredmedia":[{"embeddable":true,"href":"https:\/\/versano.nl\/de\/wp-json\/wp\/v2\/media\/35568"}],"wp:attachment":[{"href":"https:\/\/versano.nl\/de\/wp-json\/wp\/v2\/media?parent=35558"}],"wp:term":[{"taxonomy":"product_brand","embeddable":true,"href":"https:\/\/versano.nl\/de\/wp-json\/wp\/v2\/product_brand?post=35558"},{"taxonomy":"product_cat","embeddable":true,"href":"https:\/\/versano.nl\/de\/wp-json\/wp\/v2\/product_cat?post=35558"},{"taxonomy":"product_tag","embeddable":true,"href":"https:\/\/versano.nl\/de\/wp-json\/wp\/v2\/product_tag?post=35558"}],"curies":[{"name":"wp","href":"https:\/\/api.w.org\/{rel}","templated":true}]}}