{"id":35531,"date":"2025-09-17T13:33:39","date_gmt":"2025-09-17T13:33:39","guid":{"rendered":"https:\/\/versano.nl\/?post_type=product&#038;p=35531"},"modified":"2026-04-01T13:31:14","modified_gmt":"2026-04-01T13:31:14","slug":"halflange-winterjas-meisjes-sky-kids-blauw-versano","status":"publish","type":"product","link":"https:\/\/versano.nl\/de\/shop\/halflange-winterjas-meisjes-sky-kids-blauw-versano\/","title":{"rendered":"Halflange winterjas meisjes Sky kids blauw Versano"},"content":{"rendered":"<h2>Halflange winterjas meisjes Sky kids blauw Versano<\/h2>\n<p>Bij Versano weten ze wel hoe een dergelijke jas ontworpen en geproduceerd moet worden. Deze stoere en originele Halflange winterjas meisjes Sky kids blauw Versano Versano heeft 4 zijzakken en ritsen aan de zijkanten van de jas. Dit model is ook in meerdere kleuren verkrijgbaar onder andere: beige en zwart. We raden aan om deze kleuren ook is te bekijken voordat u uw bestelling plaatst. De jas is met de beste materialen en een special methode gemaakt waardoor hij erg comfortabel aan voelt op uw lichaam qua beweging en zal u ook warm houden in zelfs extreem koud weer. De kraag van Raccoon bont is optioneel (los te bestellen).\u00a0 <strong>LET OP: DE BONTKRAAG IS NIET INCLUSIEF<\/strong>. Bent u op zoek naar een warme maar modieuze kinderjas? Dan raden we zeker dit model aan en u zult er nooit spijt van krijgen!<\/p>\n<h2>Winterjacke f\u00fcr M\u00e4dchen bei Versano bestellen<\/h2>\n<p>U bestelt dit model eenvoudig in de webshop van Versano. We hebben al onze jassen hier overzichtelijk voor u bij elkaar gezet, zodat u eenvoudig een bestelling kunt maken. Bij Versano bent u er altijd zeker van dat u een mooie jas koopt waar met zorg aan is gewerkt. Bij ons kiest u eenvoudig de juiste maat aan de hand van de maattabel. Mocht u nog vragen hebben of komt u niet uit met welke maat u moet bestellen? Dan kunt u altijd contact met ons opnemen via mail of WhatsApp. Onze medewerkers willen uw graag helpen!<\/p>\n<p>&nbsp;<\/p>\n<p>Marke: Versano<br \/>\nL\u00e4nge: H\u00e4lfte<br \/>\nPassform: ausgestattet<br \/>\nFutter: 100% Polyester<br \/>\nBelagdicke: 200 Gramm ausgekleideten dicke<br \/>\n\u00c4rmell\u00e4nge: lang\u00e4rmelige<br \/>\nHOOD ausgekleidete, Massiv<br \/>\nExtras: verst\u00e4rkte N\u00e4hte<br \/>\nsluiting: ritssluiting,\u00a0 doorlopende ritssluiting<br \/>\nS\u00e4cke Rei\u00dfverschluss Seitentaschen, Innen<br \/>\nFunktion: wasserdicht, winddicht<br \/>\nMaterialau\u00dfenschicht: 100% Polyester<\/p>\n<p>Lieferzeit: 2-3 Werktage<\/p>\n<p>FUR Collar: Optional<\/p>","protected":false},"excerpt":{"rendered":"<p>Wenn Sie sich bei Ihren Ma\u00dfen nicht sicher sind, empfehlen wir Ihnen, zuerst Ihre Gr\u00f6\u00dfenma\u00dfe zu messen und sie mit unserer Gr\u00f6\u00dfentabelle zu vergleichen. Wenn Sie keine Erfahrung mit der Messung von Umfangsgr\u00f6\u00dfen haben, klicken Sie auf\u00a0<a href=\"https:\/\/www.youtube.com\/watch?v=3ZSfY87v6pM\"><em>HIER<\/em>\u00a0<\/a>\u00a0zu\u00a0<a href=\"https:\/\/www.youtube.com\/watch?v=3ZSfY87v6pM\"><em><span style=\"color: red;\">VIDEO<\/span><\/em><\/a>\u00a0\u00a0mit Anweisungen. Sie k\u00f6nnen uns auch direkt anrufen oder anrufen! Unsere Mitarbeiter stehen Ihnen jederzeit zur Verf\u00fcgung.<\/p>\n<p><strong>LIEFERZEIT :<\/strong> 2 bis 3 Werktage.<\/p>\n<p><span style=\"color: red;\">WICHTIGE INFO:<\/span>\u00a0Sie k\u00f6nnen jede Versano-Jacke mit oder ohne Pelzkragen kaufen, der Pelzkragen ist nicht im Lieferumfang enthalten.<\/p>","protected":false},"featured_media":36119,"comment_status":"open","ping_status":"closed","template":"","meta":[],"product_brand":[],"product_cat":[2014,1008,331,332,2000,882,1143,2219,2053],"product_tag":[846,2022,2027,1351,2026,849,1345,2028,1350],"class_list":{"0":"post-35531","1":"product","2":"type-product","3":"status-publish","4":"has-post-thumbnail","6":"product_cat-kinderjas-meisjes","7":"product_cat-kinderjas-met-bontkraag","8":"product_cat-kinderjassen","9":"product_cat-kinderjassen-met-bontkraag","10":"product_cat-meisjes-jassen-met-bontkraag","11":"product_cat-versano","12":"product_cat-winterjas","13":"product_cat-winterjas-meisjes","14":"product_cat-winterjas-bontkraag-meisjes","15":"product_tag-kinder-winterjassen","16":"product_tag-kinderjas-meisjes","17":"product_tag-kinderjassen","18":"product_tag-meisjes-winterjassen","19":"product_tag-parka-winterjassen-kinderen","20":"product_tag-versano-kinderjassen","21":"product_tag-witte-kinder-meisjes-winterjas","22":"product_tag-witte-meisjes-jas","23":"product_tag-witte-meisjes-winterjas-met-bont","24":"product_shipping_class-verzendkosten-1","25":"tm-has-options","27":"first","28":"instock","29":"sale","30":"taxable","31":"shipping-taxable","32":"purchasable","33":"product-type-variable"},"yoast_head":"<!-- This site is optimized with the Yoast SEO plugin v27.2 - https:\/\/yoast.com\/product\/yoast-seo-wordpress\/ -->\n<title>Halflange winterjas meisjes Sky kids blauw Versano<\/title>\n<meta name=\"description\" content=\"Ben je op zoek naar een Halflange winterjas meisjes Sky kids blauw Versano., dan zit u bij ons goed, want Versano heeft de leukste kinderjassen.\" \/>\n<meta name=\"robots\" content=\"index, follow, max-snippet:-1, max-image-preview:large, max-video-preview:-1\" \/>\n<link rel=\"canonical\" href=\"https:\/\/versano.nl\/de\/shop\/halflange-winterjas-meisjes-sky-kids-blauw-versano\/\" \/>\n<meta property=\"og:locale\" content=\"de_DE\" \/>\n<meta property=\"og:type\" content=\"article\" \/>\n<meta property=\"og:title\" content=\"Halflange winterjas meisjes Sky kids blauw Versano\" \/>\n<meta property=\"og:description\" content=\"Ben je op zoek naar een Halflange winterjas meisjes Sky kids blauw Versano., dan zit u bij ons goed, want Versano heeft de leukste kinderjassen.\" \/>\n<meta property=\"og:url\" content=\"https:\/\/versano.nl\/de\/shop\/halflange-winterjas-meisjes-sky-kids-blauw-versano\/\" \/>\n<meta property=\"og:site_name\" content=\"Versano\" \/>\n<meta property=\"article:modified_time\" content=\"2026-04-01T13:31:14+00:00\" \/>\n<meta property=\"og:image\" content=\"https:\/\/versano.nl\/wp-content\/uploads\/2025\/09\/sky-kid-blue.jpg\" \/>\n\t<meta property=\"og:image:width\" content=\"601\" \/>\n\t<meta property=\"og:image:height\" content=\"800\" \/>\n\t<meta property=\"og:image:type\" content=\"image\/jpeg\" \/>\n<meta name=\"twitter:card\" content=\"summary_large_image\" \/>\n<meta name=\"twitter:label1\" content=\"Gesch\u00e4tzte Lesezeit\" \/>\n\t<meta name=\"twitter:data1\" content=\"2\u00a0Minuten\" \/>\n<script type=\"application\/ld+json\" class=\"yoast-schema-graph\">{\"@context\":\"https:\/\/schema.org\",\"@graph\":[{\"@type\":\"WebPage\",\"@id\":\"https:\/\/versano.nl\/shop\/halflange-winterjas-meisjes-sky-kids-blauw-versano\/\",\"url\":\"https:\/\/versano.nl\/shop\/halflange-winterjas-meisjes-sky-kids-blauw-versano\/\",\"name\":\"Halflange winterjas meisjes Sky kids blauw Versano\",\"isPartOf\":{\"@id\":\"https:\/\/versano.nl\/#website\"},\"primaryImageOfPage\":{\"@id\":\"https:\/\/versano.nl\/shop\/halflange-winterjas-meisjes-sky-kids-blauw-versano\/#primaryimage\"},\"image\":{\"@id\":\"https:\/\/versano.nl\/shop\/halflange-winterjas-meisjes-sky-kids-blauw-versano\/#primaryimage\"},\"thumbnailUrl\":\"https:\/\/versano.nl\/wp-content\/uploads\/2025\/09\/sky-kid-blue.jpg\",\"datePublished\":\"2025-09-17T13:33:39+00:00\",\"dateModified\":\"2026-04-01T13:31:14+00:00\",\"description\":\"Ben je op zoek naar een Halflange winterjas meisjes Sky kids blauw Versano., dan zit u bij ons goed, want Versano heeft de leukste kinderjassen.\",\"breadcrumb\":{\"@id\":\"https:\/\/versano.nl\/shop\/halflange-winterjas-meisjes-sky-kids-blauw-versano\/#breadcrumb\"},\"inLanguage\":\"de\",\"potentialAction\":[{\"@type\":\"ReadAction\",\"target\":[\"https:\/\/versano.nl\/shop\/halflange-winterjas-meisjes-sky-kids-blauw-versano\/\"]}]},{\"@type\":\"ImageObject\",\"inLanguage\":\"de\",\"@id\":\"https:\/\/versano.nl\/shop\/halflange-winterjas-meisjes-sky-kids-blauw-versano\/#primaryimage\",\"url\":\"https:\/\/versano.nl\/wp-content\/uploads\/2025\/09\/sky-kid-blue.jpg\",\"contentUrl\":\"https:\/\/versano.nl\/wp-content\/uploads\/2025\/09\/sky-kid-blue.jpg\",\"width\":601,\"height\":800,\"caption\":\"Halflange winterjas meisjes Sky kids blauw Versano\"},{\"@type\":\"BreadcrumbList\",\"@id\":\"https:\/\/versano.nl\/shop\/halflange-winterjas-meisjes-sky-kids-blauw-versano\/#breadcrumb\",\"itemListElement\":[{\"@type\":\"ListItem\",\"position\":1,\"name\":\"Home\",\"item\":\"https:\/\/versano.nl\/\"},{\"@type\":\"ListItem\",\"position\":2,\"name\":\"Shop\",\"item\":\"https:\/\/versano.nl\/shop\/\"},{\"@type\":\"ListItem\",\"position\":3,\"name\":\"Halflange winterjas meisjes Sky kids blauw Versano\"}]},{\"@type\":\"WebSite\",\"@id\":\"https:\/\/versano.nl\/#website\",\"url\":\"https:\/\/versano.nl\/\",\"name\":\"Versano\",\"description\":\"winterjassen met bontkraag | leren dames jassen | leren heren jassen\",\"potentialAction\":[{\"@type\":\"SearchAction\",\"target\":{\"@type\":\"EntryPoint\",\"urlTemplate\":\"https:\/\/versano.nl\/?s={search_term_string}\"},\"query-input\":{\"@type\":\"PropertyValueSpecification\",\"valueRequired\":true,\"valueName\":\"search_term_string\"}}],\"inLanguage\":\"de\"}]}<\/script>\n<!-- \/ Yoast SEO plugin. -->","yoast_head_json":{"title":"Halflange winterjas meisjes Sky kids blauw Versano","description":"Ben je op zoek naar een Halflange winterjas meisjes Sky kids blauw Versano., dan zit u bij ons goed, want Versano heeft de leukste kinderjassen.","robots":{"index":"index","follow":"follow","max-snippet":"max-snippet:-1","max-image-preview":"max-image-preview:large","max-video-preview":"max-video-preview:-1"},"canonical":"https:\/\/versano.nl\/de\/shop\/halflange-winterjas-meisjes-sky-kids-blauw-versano\/","og_locale":"de_DE","og_type":"article","og_title":"Halflange winterjas meisjes Sky kids blauw Versano","og_description":"Ben je op zoek naar een Halflange winterjas meisjes Sky kids blauw Versano., dan zit u bij ons goed, want Versano heeft de leukste kinderjassen.","og_url":"https:\/\/versano.nl\/de\/shop\/halflange-winterjas-meisjes-sky-kids-blauw-versano\/","og_site_name":"Versano","article_modified_time":"2026-04-01T13:31:14+00:00","og_image":[{"width":601,"height":800,"url":"https:\/\/versano.nl\/wp-content\/uploads\/2025\/09\/sky-kid-blue.jpg","type":"image\/jpeg"}],"twitter_card":"summary_large_image","twitter_misc":{"Gesch\u00e4tzte Lesezeit":"2\u00a0Minuten"},"schema":{"@context":"https:\/\/schema.org","@graph":[{"@type":"WebPage","@id":"https:\/\/versano.nl\/shop\/halflange-winterjas-meisjes-sky-kids-blauw-versano\/","url":"https:\/\/versano.nl\/shop\/halflange-winterjas-meisjes-sky-kids-blauw-versano\/","name":"Halflange winterjas meisjes Sky kids blauw Versano","isPartOf":{"@id":"https:\/\/versano.nl\/#website"},"primaryImageOfPage":{"@id":"https:\/\/versano.nl\/shop\/halflange-winterjas-meisjes-sky-kids-blauw-versano\/#primaryimage"},"image":{"@id":"https:\/\/versano.nl\/shop\/halflange-winterjas-meisjes-sky-kids-blauw-versano\/#primaryimage"},"thumbnailUrl":"https:\/\/versano.nl\/wp-content\/uploads\/2025\/09\/sky-kid-blue.jpg","datePublished":"2025-09-17T13:33:39+00:00","dateModified":"2026-04-01T13:31:14+00:00","description":"Ben je op zoek naar een Halflange winterjas meisjes Sky kids blauw Versano., dan zit u bij ons goed, want Versano heeft de leukste kinderjassen.","breadcrumb":{"@id":"https:\/\/versano.nl\/shop\/halflange-winterjas-meisjes-sky-kids-blauw-versano\/#breadcrumb"},"inLanguage":"de","potentialAction":[{"@type":"ReadAction","target":["https:\/\/versano.nl\/shop\/halflange-winterjas-meisjes-sky-kids-blauw-versano\/"]}]},{"@type":"ImageObject","inLanguage":"de","@id":"https:\/\/versano.nl\/shop\/halflange-winterjas-meisjes-sky-kids-blauw-versano\/#primaryimage","url":"https:\/\/versano.nl\/wp-content\/uploads\/2025\/09\/sky-kid-blue.jpg","contentUrl":"https:\/\/versano.nl\/wp-content\/uploads\/2025\/09\/sky-kid-blue.jpg","width":601,"height":800,"caption":"Halflange winterjas meisjes Sky kids blauw Versano"},{"@type":"BreadcrumbList","@id":"https:\/\/versano.nl\/shop\/halflange-winterjas-meisjes-sky-kids-blauw-versano\/#breadcrumb","itemListElement":[{"@type":"ListItem","position":1,"name":"Home","item":"https:\/\/versano.nl\/"},{"@type":"ListItem","position":2,"name":"Shop","item":"https:\/\/versano.nl\/shop\/"},{"@type":"ListItem","position":3,"name":"Halflange winterjas meisjes Sky kids blauw Versano"}]},{"@type":"WebSite","@id":"https:\/\/versano.nl\/#website","url":"https:\/\/versano.nl\/","name":"Versano","description":"Winterm\u00e4ntel mit Pelzkragen | Damen Lederjacken | Herren Lederjacken","potentialAction":[{"@type":"SearchAction","target":{"@type":"EntryPoint","urlTemplate":"https:\/\/versano.nl\/?s={search_term_string}"},"query-input":{"@type":"PropertyValueSpecification","valueRequired":true,"valueName":"search_term_string"}}],"inLanguage":"de"}]}},"_links":{"self":[{"href":"https:\/\/versano.nl\/de\/wp-json\/wp\/v2\/product\/35531","targetHints":{"allow":["GET"]}}],"collection":[{"href":"https:\/\/versano.nl\/de\/wp-json\/wp\/v2\/product"}],"about":[{"href":"https:\/\/versano.nl\/de\/wp-json\/wp\/v2\/types\/product"}],"replies":[{"embeddable":true,"href":"https:\/\/versano.nl\/de\/wp-json\/wp\/v2\/comments?post=35531"}],"wp:featuredmedia":[{"embeddable":true,"href":"https:\/\/versano.nl\/de\/wp-json\/wp\/v2\/media\/36119"}],"wp:attachment":[{"href":"https:\/\/versano.nl\/de\/wp-json\/wp\/v2\/media?parent=35531"}],"wp:term":[{"taxonomy":"product_brand","embeddable":true,"href":"https:\/\/versano.nl\/de\/wp-json\/wp\/v2\/product_brand?post=35531"},{"taxonomy":"product_cat","embeddable":true,"href":"https:\/\/versano.nl\/de\/wp-json\/wp\/v2\/product_cat?post=35531"},{"taxonomy":"product_tag","embeddable":true,"href":"https:\/\/versano.nl\/de\/wp-json\/wp\/v2\/product_tag?post=35531"}],"curies":[{"name":"wp","href":"https:\/\/api.w.org\/{rel}","templated":true}]}}