{"id":32199,"date":"2024-08-14T12:22:30","date_gmt":"2024-08-14T12:22:30","guid":{"rendered":"https:\/\/versano.nl\/?post_type=product&#038;p=32199"},"modified":"2026-03-11T14:52:34","modified_gmt":"2026-03-11T14:52:34","slug":"pilot-leren-heren-jas-bruin-versano","status":"publish","type":"product","link":"https:\/\/versano.nl\/de\/shop\/pilot-leren-heren-jas-bruin-versano\/","title":{"rendered":"Pilot leren heren jas bruin Versano"},"content":{"rendered":"<h2>Pilot leren heren jas bruin Versano<\/h2>\n<p>Pilot leren heren jas is een piloten model leren jas van Versano. Dit model hoort bij de nieuwe collectie van Versano. Van deze jas is een speciaal model ontworpen door de talentvolle designers van Versano. De jas is uitgerust met een tweetal diepe steekzakken. Hij heeft een uitstekende afwerking en een slim-fit pasvorm. Deze leren heren jas is buiten de stoere kleur bruin ook in andere diverse kleuren verkrijgbaar en is geschikt voor alle seizoenen. Als u deze jas bij ons bestelt, dan haalt u een jas in huis die zeker levenslang mooi zal blijven. Met deze jas weet u zeker dat u straks een nieuwe jas om de schouders heeft hangen waar u in gezien mag worden.<\/p>\n<h2>Pilot leren heren jas bestellen bij Versano<\/h2>\n<p>Auf der Suche nach einer Alltagsjacke f\u00fcr jede Jahreszeit? Dann k\u00f6nnen Sie mit dieser Jacke aus Lammleder gut aussehen. Dies ist eine sch\u00f6ne Slim-Fit-Jacke, die ganz im italienischen Stil ist. Mit anderen Worten, mit dieser Jacke m\u00fcssen Sie sich keine Sorgen machen, fehl am Platz zu wirken. Dieses Modell k\u00f6nnen Sie ganz einfach auf unserer Website in Cognac oder anderen verschiedenen Farben wie Schwarz und Braun bestellen. Wir empfehlen Ihnen daher, einfach zu schauen, welche Farbe Ihrer Meinung nach am besten zu Ihrem eigenen Stil passt. Die Farbe l\u00e4sst sich gut kombinieren und passt zu fast allen Outfits. Haben Sie Fragen oder sind Sie sich nicht sicher, welche Gr\u00f6\u00dfe Sie bestellen sollen? Dann k\u00f6nnen Sie uns jederzeit per Mail oder WhatsApp kontaktieren. Unsere Mitarbeiter m\u00f6chten Ihnen helfen!<\/p>\n<p>&nbsp;<\/p>\n<p>Marke:\u00a0<a href=\"https:\/\/versano.nl\/\">Versano<\/a><br \/>\nMaterial: 100% Lammfell<br \/>\nFutter: 100% Polyester<br \/>\nL\u00e4nge: kurz-mittel<br \/>\nPassform: schmale Passform<br \/>\nSchlie\u00dfung: Rei\u00dfverschluss<br \/>\nTaschen: RV-Taschen<br \/>\nMaterial Au\u00dfenschicht: Sehr hohe Qualit\u00e4t und weiches Lammfell<br \/>\nLieferzeit: 2-3 Werktage<\/p>","protected":false},"excerpt":{"rendered":"<p><span style=\"color: #ff0000;\">Fit Beratung<\/span> : De pasvorm van deze jas is slim-fit.<\/p>\n<p>Wenn Sie sich bei Ihren Ma\u00dfen nicht sicher sind, empfehlen wir Ihnen, zuerst Ihre Gr\u00f6\u00dfenma\u00dfe zu messen und sie mit unserer Gr\u00f6\u00dfentabelle zu vergleichen. Wenn Sie keine Erfahrung mit der Messung von Umfangsgr\u00f6\u00dfen haben, klicken Sie auf\u00a0<span style=\"color: #ff0000;\">HIER<\/span>\u00a0\u00a0zu\u00a0<span style=\"color: #ff0000;\">VIDEO<\/span>\u00a0 mit Anweisungen. Sie k\u00f6nnen uns auch direkt anrufen oder anrufen! Unsere Mitarbeiter stehen Ihnen jederzeit zur Verf\u00fcgung.<\/p>\n<p>LIEFERZEIT: 2 bis 3 Werktage.<\/p>","protected":false},"featured_media":32212,"comment_status":"closed","ping_status":"closed","template":"","meta":[],"product_brand":[],"product_cat":[1670,147,874,907,1671,908,1669,1712,913,910,882],"product_tag":[1691,1761,1692,1698,1782,1721,1758],"class_list":{"0":"post-32199","1":"product","2":"type-product","3":"status-publish","4":"has-post-thumbnail","6":"product_cat-heren-leren-jas","7":"product_cat-heren-leren-jassen","8":"product_cat-kort-leren-jasje","9":"product_cat-kort-leren-jasje-heren","10":"product_cat-leren-heren-jas","11":"product_cat-leren-heren-jassen","12":"product_cat-leren-jas-heren","13":"product_cat-leren-jassen","14":"product_cat-leren-jassen-heren-uitverkoop","15":"product_cat-leren-jassen-heren","16":"product_cat-versano","17":"product_tag-echt-leer-heren-jas","18":"product_tag-heren-jas-leer","19":"product_tag-lamsleer-heren-jas","20":"product_tag-leren-heren-jas-sale","21":"product_tag-leren-jassen-heren","22":"product_tag-uitverkoop-leren-heren-jas","23":"product_tag-versano-herencollectie","24":"tm-no-options","26":"first","27":"instock","28":"sale","29":"taxable","30":"shipping-taxable","31":"purchasable","32":"product-type-variable"},"yoast_head":"<!-- This site is optimized with the Yoast SEO plugin v27.2 - https:\/\/yoast.com\/product\/yoast-seo-wordpress\/ -->\n<title>Pilot leren heren jas bruin Versano<\/title>\n<meta name=\"description\" content=\"Ben je op zoek naar een Pilot leren heren jas bruin Versano? Dan zit je bij Versano goed, want wij hebben een ruime collectie jassen.\" \/>\n<meta name=\"robots\" content=\"index, follow, max-snippet:-1, max-image-preview:large, max-video-preview:-1\" \/>\n<link rel=\"canonical\" href=\"https:\/\/versano.nl\/de\/shop\/pilot-leren-heren-jas-bruin-versano\/\" \/>\n<meta property=\"og:locale\" content=\"de_DE\" \/>\n<meta property=\"og:type\" content=\"article\" \/>\n<meta property=\"og:title\" content=\"Pilot leren heren jas bruin Versano\" \/>\n<meta property=\"og:description\" content=\"Ben je op zoek naar een Pilot leren heren jas bruin Versano? Dan zit je bij Versano goed, want wij hebben een ruime collectie jassen.\" \/>\n<meta property=\"og:url\" content=\"https:\/\/versano.nl\/de\/shop\/pilot-leren-heren-jas-bruin-versano\/\" \/>\n<meta property=\"og:site_name\" content=\"Versano\" \/>\n<meta property=\"article:modified_time\" content=\"2026-03-11T14:52:34+00:00\" \/>\n<meta property=\"og:image\" content=\"https:\/\/versano.nl\/wp-content\/uploads\/2024\/08\/IMG_6643-1-scaled.jpg\" \/>\n\t<meta property=\"og:image:width\" content=\"1200\" \/>\n\t<meta property=\"og:image:height\" content=\"1663\" \/>\n\t<meta property=\"og:image:type\" content=\"image\/jpeg\" \/>\n<meta name=\"twitter:card\" content=\"summary_large_image\" \/>\n<meta name=\"twitter:label1\" content=\"Gesch\u00e4tzte Lesezeit\" \/>\n\t<meta name=\"twitter:data1\" content=\"2\u00a0Minuten\" \/>\n<script type=\"application\/ld+json\" class=\"yoast-schema-graph\">{\"@context\":\"https:\/\/schema.org\",\"@graph\":[{\"@type\":\"WebPage\",\"@id\":\"https:\/\/versano.nl\/shop\/pilot-leren-heren-jas-bruin-versano\/\",\"url\":\"https:\/\/versano.nl\/shop\/pilot-leren-heren-jas-bruin-versano\/\",\"name\":\"Pilot leren heren jas bruin Versano\",\"isPartOf\":{\"@id\":\"https:\/\/versano.nl\/#website\"},\"primaryImageOfPage\":{\"@id\":\"https:\/\/versano.nl\/shop\/pilot-leren-heren-jas-bruin-versano\/#primaryimage\"},\"image\":{\"@id\":\"https:\/\/versano.nl\/shop\/pilot-leren-heren-jas-bruin-versano\/#primaryimage\"},\"thumbnailUrl\":\"https:\/\/versano.nl\/wp-content\/uploads\/2024\/08\/IMG_6643-1-scaled.jpg\",\"datePublished\":\"2024-08-14T12:22:30+00:00\",\"dateModified\":\"2026-03-11T14:52:34+00:00\",\"description\":\"Ben je op zoek naar een Pilot leren heren jas bruin Versano? Dan zit je bij Versano goed, want wij hebben een ruime collectie jassen.\",\"breadcrumb\":{\"@id\":\"https:\/\/versano.nl\/shop\/pilot-leren-heren-jas-bruin-versano\/#breadcrumb\"},\"inLanguage\":\"de\",\"potentialAction\":[{\"@type\":\"ReadAction\",\"target\":[\"https:\/\/versano.nl\/shop\/pilot-leren-heren-jas-bruin-versano\/\"]}]},{\"@type\":\"ImageObject\",\"inLanguage\":\"de\",\"@id\":\"https:\/\/versano.nl\/shop\/pilot-leren-heren-jas-bruin-versano\/#primaryimage\",\"url\":\"https:\/\/versano.nl\/wp-content\/uploads\/2024\/08\/IMG_6643-1-scaled.jpg\",\"contentUrl\":\"https:\/\/versano.nl\/wp-content\/uploads\/2024\/08\/IMG_6643-1-scaled.jpg\",\"width\":1200,\"height\":1663,\"caption\":\"Pilot leren heren jas bruin Versano\"},{\"@type\":\"BreadcrumbList\",\"@id\":\"https:\/\/versano.nl\/shop\/pilot-leren-heren-jas-bruin-versano\/#breadcrumb\",\"itemListElement\":[{\"@type\":\"ListItem\",\"position\":1,\"name\":\"Home\",\"item\":\"https:\/\/versano.nl\/\"},{\"@type\":\"ListItem\",\"position\":2,\"name\":\"Shop\",\"item\":\"https:\/\/versano.nl\/shop\/\"},{\"@type\":\"ListItem\",\"position\":3,\"name\":\"Pilot leren heren jas bruin Versano\"}]},{\"@type\":\"WebSite\",\"@id\":\"https:\/\/versano.nl\/#website\",\"url\":\"https:\/\/versano.nl\/\",\"name\":\"Versano\",\"description\":\"winterjassen met bontkraag | leren dames jassen | leren heren jassen\",\"potentialAction\":[{\"@type\":\"SearchAction\",\"target\":{\"@type\":\"EntryPoint\",\"urlTemplate\":\"https:\/\/versano.nl\/?s={search_term_string}\"},\"query-input\":{\"@type\":\"PropertyValueSpecification\",\"valueRequired\":true,\"valueName\":\"search_term_string\"}}],\"inLanguage\":\"de\"}]}<\/script>\n<!-- \/ Yoast SEO plugin. -->","yoast_head_json":{"title":"Pilot leren heren jas bruin Versano","description":"Ben je op zoek naar een Pilot leren heren jas bruin Versano? Dan zit je bij Versano goed, want wij hebben een ruime collectie jassen.","robots":{"index":"index","follow":"follow","max-snippet":"max-snippet:-1","max-image-preview":"max-image-preview:large","max-video-preview":"max-video-preview:-1"},"canonical":"https:\/\/versano.nl\/de\/shop\/pilot-leren-heren-jas-bruin-versano\/","og_locale":"de_DE","og_type":"article","og_title":"Pilot leren heren jas bruin Versano","og_description":"Ben je op zoek naar een Pilot leren heren jas bruin Versano? Dan zit je bij Versano goed, want wij hebben een ruime collectie jassen.","og_url":"https:\/\/versano.nl\/de\/shop\/pilot-leren-heren-jas-bruin-versano\/","og_site_name":"Versano","article_modified_time":"2026-03-11T14:52:34+00:00","og_image":[{"width":1200,"height":1663,"url":"https:\/\/versano.nl\/wp-content\/uploads\/2024\/08\/IMG_6643-1-scaled.jpg","type":"image\/jpeg"}],"twitter_card":"summary_large_image","twitter_misc":{"Gesch\u00e4tzte Lesezeit":"2\u00a0Minuten"},"schema":{"@context":"https:\/\/schema.org","@graph":[{"@type":"WebPage","@id":"https:\/\/versano.nl\/shop\/pilot-leren-heren-jas-bruin-versano\/","url":"https:\/\/versano.nl\/shop\/pilot-leren-heren-jas-bruin-versano\/","name":"Pilot leren heren jas bruin Versano","isPartOf":{"@id":"https:\/\/versano.nl\/#website"},"primaryImageOfPage":{"@id":"https:\/\/versano.nl\/shop\/pilot-leren-heren-jas-bruin-versano\/#primaryimage"},"image":{"@id":"https:\/\/versano.nl\/shop\/pilot-leren-heren-jas-bruin-versano\/#primaryimage"},"thumbnailUrl":"https:\/\/versano.nl\/wp-content\/uploads\/2024\/08\/IMG_6643-1-scaled.jpg","datePublished":"2024-08-14T12:22:30+00:00","dateModified":"2026-03-11T14:52:34+00:00","description":"Ben je op zoek naar een Pilot leren heren jas bruin Versano? Dan zit je bij Versano goed, want wij hebben een ruime collectie jassen.","breadcrumb":{"@id":"https:\/\/versano.nl\/shop\/pilot-leren-heren-jas-bruin-versano\/#breadcrumb"},"inLanguage":"de","potentialAction":[{"@type":"ReadAction","target":["https:\/\/versano.nl\/shop\/pilot-leren-heren-jas-bruin-versano\/"]}]},{"@type":"ImageObject","inLanguage":"de","@id":"https:\/\/versano.nl\/shop\/pilot-leren-heren-jas-bruin-versano\/#primaryimage","url":"https:\/\/versano.nl\/wp-content\/uploads\/2024\/08\/IMG_6643-1-scaled.jpg","contentUrl":"https:\/\/versano.nl\/wp-content\/uploads\/2024\/08\/IMG_6643-1-scaled.jpg","width":1200,"height":1663,"caption":"Pilot leren heren jas bruin Versano"},{"@type":"BreadcrumbList","@id":"https:\/\/versano.nl\/shop\/pilot-leren-heren-jas-bruin-versano\/#breadcrumb","itemListElement":[{"@type":"ListItem","position":1,"name":"Home","item":"https:\/\/versano.nl\/"},{"@type":"ListItem","position":2,"name":"Shop","item":"https:\/\/versano.nl\/shop\/"},{"@type":"ListItem","position":3,"name":"Pilot leren heren jas bruin Versano"}]},{"@type":"WebSite","@id":"https:\/\/versano.nl\/#website","url":"https:\/\/versano.nl\/","name":"Versano","description":"Winterm\u00e4ntel mit Pelzkragen | Damen Lederjacken | Herren Lederjacken","potentialAction":[{"@type":"SearchAction","target":{"@type":"EntryPoint","urlTemplate":"https:\/\/versano.nl\/?s={search_term_string}"},"query-input":{"@type":"PropertyValueSpecification","valueRequired":true,"valueName":"search_term_string"}}],"inLanguage":"de"}]}},"_links":{"self":[{"href":"https:\/\/versano.nl\/de\/wp-json\/wp\/v2\/product\/32199","targetHints":{"allow":["GET"]}}],"collection":[{"href":"https:\/\/versano.nl\/de\/wp-json\/wp\/v2\/product"}],"about":[{"href":"https:\/\/versano.nl\/de\/wp-json\/wp\/v2\/types\/product"}],"replies":[{"embeddable":true,"href":"https:\/\/versano.nl\/de\/wp-json\/wp\/v2\/comments?post=32199"}],"wp:featuredmedia":[{"embeddable":true,"href":"https:\/\/versano.nl\/de\/wp-json\/wp\/v2\/media\/32212"}],"wp:attachment":[{"href":"https:\/\/versano.nl\/de\/wp-json\/wp\/v2\/media?parent=32199"}],"wp:term":[{"taxonomy":"product_brand","embeddable":true,"href":"https:\/\/versano.nl\/de\/wp-json\/wp\/v2\/product_brand?post=32199"},{"taxonomy":"product_cat","embeddable":true,"href":"https:\/\/versano.nl\/de\/wp-json\/wp\/v2\/product_cat?post=32199"},{"taxonomy":"product_tag","embeddable":true,"href":"https:\/\/versano.nl\/de\/wp-json\/wp\/v2\/product_tag?post=32199"}],"curies":[{"name":"wp","href":"https:\/\/api.w.org\/{rel}","templated":true}]}}