{"id":3062,"date":"2015-04-03T15:12:20","date_gmt":"2015-04-03T15:12:20","guid":{"rendered":"http:\/\/leathershopdoci.nl\/shop\/imitatieleren-jas-heren-versano-trr-43-zwart-2\/"},"modified":"2025-05-09T10:35:18","modified_gmt":"2025-05-09T10:35:18","slug":"imitatieleren-jas-heren-versano-trr-43-zwart-new","status":"publish","type":"product","link":"https:\/\/versano.nl\/de\/shop\/imitatieleren-jas-heren-versano-trr-43-zwart-new\/","title":{"rendered":"Kunstlederjacke Herren schwarz TRR 43 Versano"},"content":{"rendered":"<h2>Kunstlederjacke Herren schwarz TRR 43 Versano<\/h2>\n<p>Wenn Sie auf der Suche nach einer Kunstlederjacke sind, bei der Sie sich sicher sein k\u00f6nnen, dass Sie bequem sind, dann schauen Sie einfach in unserem Sortiment vorbei. Bei uns finden Sie wundersch\u00f6ne Jacken von Versano, einer Marke, die sich \u00fcber die Jahre einen guten Namen gemacht hat. Die Kunstlederjacke Herren schwarz TRR 43 Versano ist ein Modell, das designt ist, wie wir es von Versano gewohnt sind. Mit anderen Worten: Eine Jacke, die mit ihrer italienischen Passform perfekt aussieht. Es handelt sich um eine Jacke, die aus sehr hochwertigem Kunstleder gefertigt ist. Neben der coolen Farbe Schwarz ist dieses Modell auch in den Farben Cognac, Blau und Braun erh\u00e4ltlich. F\u00fcr den Enthusiasten gibt es dieses Modell nat\u00fcrlich auch in der Lammfellversion.<\/p>\n<h2>Modell TRR 43 in schwarz bestellen<\/h2>\n<p><span style=\"font-family: 'Arial',sans-serif;\">Es wurde von den Versano-Designern entworfen, die wie kein anderer wissen, wie man eine sch\u00f6ne Jacke entwirft. Mit einer so sch\u00f6nen Jacke von Versano k\u00f6nnen Sie sicher sein, dass Sie sie den ganzen Winter \u00fcber tragen k\u00f6nnen. Dieses Modell k\u00f6nnen Sie ganz einfach im Versano Webshop bestellen. Hier haben wir alle unsere Jacken f\u00fcr Sie zusammengestellt, damit Sie ganz einfach eine Bestellung aufgeben k\u00f6nnen. Bei Versano k\u00f6nnen Sie sich immer sicher sein, einen sch\u00f6nen und sorgf\u00e4ltig verarbeiteten Mantel zu kaufen. Bei uns k\u00f6nnen Sie ganz einfach die richtige Gr\u00f6\u00dfe anhand unserer smarten Anleitungsvideos ausw\u00e4hlen. Haben Sie Fragen oder sind Sie sich nicht sicher, welche Gr\u00f6\u00dfe Sie bestellen sollen? Dann k\u00f6nnen Sie uns jederzeit per Mail oder WhatsApp kontaktieren. Unsere Mitarbeiter m\u00f6chten Ihnen helfen!<\/span><\/p>\n<p><a href=\"https:\/\/versano.nl\/\">Versano<\/a><br \/>\nMaterial: Kunstleder<br \/>\nFutter: 100% Polyester<br \/>\nL\u00e4nge: kurz<br \/>\nPassform: schmale Passform<br \/>\nSchlie\u00dfung: Rei\u00dfverschluss<br \/>\nTaschen: RV-Taschen<br \/>\nKragen: Stehkragen<br \/>\nMaterial Au\u00dfenschicht: Sehr hochwertige Kunstleder<br \/>\nLieferzeit: 2-3 Werktage<\/p>","protected":false},"excerpt":{"rendered":"<p>W\u00c4HLEN SIE HIER EINE ANDERE FARBE<\/p>\n<p><a href=\"https:\/\/versano.nl\/shop\/imitatieleren-heren-jas-bruin-versano-trr-43-new\/\"><img loading=\"lazy\" decoding=\"async\" class=\"alignnone size-full wp-image-19939\" src=\"https:\/\/versano.nl\/wp-content\/uploads\/sites\/2\/2017\/04\/heren-zomerjas-jas-lederlook-bruin-versano-trr43-thumb.jpg\" alt=\"\" width=\"57\" height=\"75\" \/><\/a><a href=\"https:\/\/versano.nl\/shop\/imitatieleren-jas-heren-versano-trr-43-cognac\/\"><img loading=\"lazy\" decoding=\"async\" class=\"alignnone size-full wp-image-19940\" src=\"https:\/\/versano.nl\/wp-content\/uploads\/sites\/2\/2017\/04\/heren-zomerjas-jas-lederlook-cognac-versano-trr43-thumb.jpg\" alt=\"\" width=\"57\" height=\"75\" \/><\/a><a href=\"https:\/\/versano.nl\/shop\/imitatieleren-jas-heren-versano-trr-43-blauw\/\"><img loading=\"lazy\" decoding=\"async\" class=\"alignnone size-full wp-image-19941\" src=\"https:\/\/versano.nl\/wp-content\/uploads\/sites\/2\/2017\/04\/versano-heren-leatherlook-jas-blauw-TRR43-thumb.jpg\" alt=\"\" width=\"58\" height=\"75\" \/><\/a><\/p>\n<p style=\"margin: 0cm 0cm 11.25pt 0cm;\"><span style=\"font-family: 'Arial',sans-serif; color: red;\">Fit Beratung:\u00a0<\/span><span style=\"font-family: 'Arial',sans-serif;\">Die Passform dieser Jacke ist schmal geschnitten. Unser Model ist 1,75 cm gro\u00df und tr\u00e4gt Gr\u00f6\u00dfe M.<\/span><\/p>\n<p style=\"margin: 0cm 0cm 11.25pt 0cm;\"><span style=\"font-family: 'Arial',sans-serif;\">Wenn Sie sich bei Ihren Ma\u00dfen nicht sicher sind, empfehlen wir Ihnen, zuerst Ihre Gr\u00f6\u00dfenma\u00dfe zu messen und sie mit unserer Gr\u00f6\u00dfentabelle zu vergleichen. Wenn Sie keine Erfahrung mit der Messung von Umfangsgr\u00f6\u00dfen haben, klicken Sie auf\u00a0<\/span><a href=\"https:\/\/www.youtube.com\/watch?v=3ZSfY87v6pM\"><em><span style=\"font-family: 'Arial',sans-serif; color: windowtext; text-decoration: none;\">HIER<\/span><\/em><span style=\"font-family: 'Arial',sans-serif; color: windowtext; text-decoration: none;\">\u00a0<\/span><\/a><span style=\"font-family: 'Arial',sans-serif;\">\u00a0zu\u00a0<\/span><a href=\"https:\/\/www.youtube.com\/watch?v=3ZSfY87v6pM\"><em><span style=\"font-family: 'Arial',sans-serif; color: red; text-decoration: none;\">VIDEO<\/span><\/em><\/a><span style=\"font-family: 'Arial',sans-serif;\">\u00a0 mit Anweisungen. Sie k\u00f6nnen uns auch direkt anrufen oder anrufen! Unsere Mitarbeiter stehen Ihnen jederzeit zur Verf\u00fcgung.<\/span><\/p>\n<p style=\"margin: 0cm;\"><strong><span style=\"font-family: 'Arial',sans-serif;\">LIEFERZEIT :<\/span><\/strong><span style=\"font-family: 'Arial',sans-serif;\">\u00a02 bis 3 Werktage.<\/span><\/p>","protected":false},"featured_media":20991,"comment_status":"closed","ping_status":"closed","template":"","meta":[],"product_brand":[],"product_cat":[1672,734,923,16,732,882],"product_tag":[61,1933,477,62,1921,64,478,67,479,68,480,1953,74,70,1837,1838,1952,1771],"class_list":{"0":"post-3062","1":"product","2":"type-product","3":"status-publish","4":"has-post-thumbnail","6":"product_cat-biker-jas-heren","7":"product_cat-heren-leatherlook-jassen-lederlook-jassen","8":"product_cat-imitatie-leren-jas","9":"product_cat-imitatieleren-jassen-heren","10":"product_cat-leatherlook-jassen","11":"product_cat-versano","12":"product_tag-bikerjack","13":"product_tag-goedkope-imitatie-leren-jas-heren","14":"product_tag-heren-imitatie-zwart","15":"product_tag-heren-jas","16":"product_tag-heren-zomerjassen","17":"product_tag-imitatieleer","18":"product_tag-imitatieleren-heren-jas-zwart","19":"product_tag-kunstleer","20":"product_tag-kunstleren-heren-jas-zwart","21":"product_tag-leatherlook-jas","22":"product_tag-nepleren-heren-jas-zwart","23":"product_tag-online-heren-imitatie-leren-jas-kopen","24":"product_tag-rexion-leer","25":"product_tag-stoere-jack","26":"product_tag-uitverkoop-versano","27":"product_tag-versano-jassen-in-sale","28":"product_tag-zwarte-heren-imitatie-leren-jas","29":"product_tag-zwarte-zomerjas-heren","30":"product_shipping_class-verzendkosten-1","31":"tm-no-options","33":"first","34":"instock","35":"sale","36":"taxable","37":"shipping-taxable","38":"purchasable","39":"product-type-variable"},"yoast_head":"<!-- This site is optimized with the Yoast SEO plugin v27.2 - https:\/\/yoast.com\/product\/yoast-seo-wordpress\/ -->\n<title>Imitatie leren jas heren zwart TRR 43 Versano, heren imitatie leren jas<\/title>\n<meta name=\"description\" content=\"Op zoek naar een imitatie leren jas heren zwart TRR 43 Versano? Dan bent u bij het bekende jassen merk Versano aan het juiste adres.\" \/>\n<meta name=\"robots\" content=\"index, follow, max-snippet:-1, max-image-preview:large, max-video-preview:-1\" \/>\n<link rel=\"canonical\" href=\"https:\/\/versano.nl\/de\/shop\/imitatieleren-jas-heren-versano-trr-43-zwart-new\/\" \/>\n<meta property=\"og:locale\" content=\"de_DE\" \/>\n<meta property=\"og:type\" content=\"article\" \/>\n<meta property=\"og:title\" content=\"Imitatie leren jas heren zwart TRR 43 Versano, heren imitatie leren jas\" \/>\n<meta property=\"og:description\" content=\"Op zoek naar een imitatie leren jas heren zwart TRR 43 Versano? Dan bent u bij het bekende jassen merk Versano aan het juiste adres.\" \/>\n<meta property=\"og:url\" content=\"https:\/\/versano.nl\/de\/shop\/imitatieleren-jas-heren-versano-trr-43-zwart-new\/\" \/>\n<meta property=\"og:site_name\" content=\"Versano\" \/>\n<meta property=\"article:modified_time\" content=\"2025-05-09T10:35:18+00:00\" \/>\n<meta property=\"og:image\" content=\"https:\/\/versano.nl\/wp-content\/uploads\/2021\/03\/heren-leatherlook-jas-zwart-versano-trr36-voorkant.jpg\" \/>\n\t<meta property=\"og:image:width\" content=\"750\" \/>\n\t<meta property=\"og:image:height\" content=\"980\" \/>\n\t<meta property=\"og:image:type\" content=\"image\/jpeg\" \/>\n<meta name=\"twitter:card\" content=\"summary_large_image\" \/>\n<meta name=\"twitter:label1\" content=\"Gesch\u00e4tzte Lesezeit\" \/>\n\t<meta name=\"twitter:data1\" content=\"2\u00a0Minuten\" \/>\n<script type=\"application\/ld+json\" class=\"yoast-schema-graph\">{\"@context\":\"https:\/\/schema.org\",\"@graph\":[{\"@type\":\"WebPage\",\"@id\":\"https:\/\/versano.nl\/shop\/imitatieleren-jas-heren-versano-trr-43-zwart-new\/\",\"url\":\"https:\/\/versano.nl\/shop\/imitatieleren-jas-heren-versano-trr-43-zwart-new\/\",\"name\":\"Imitatie leren jas heren zwart TRR 43 Versano, heren imitatie leren jas\",\"isPartOf\":{\"@id\":\"https:\/\/versano.nl\/#website\"},\"primaryImageOfPage\":{\"@id\":\"https:\/\/versano.nl\/shop\/imitatieleren-jas-heren-versano-trr-43-zwart-new\/#primaryimage\"},\"image\":{\"@id\":\"https:\/\/versano.nl\/shop\/imitatieleren-jas-heren-versano-trr-43-zwart-new\/#primaryimage\"},\"thumbnailUrl\":\"https:\/\/versano.nl\/wp-content\/uploads\/2021\/03\/heren-leatherlook-jas-zwart-versano-trr36-voorkant.jpg\",\"datePublished\":\"2015-04-03T15:12:20+00:00\",\"dateModified\":\"2025-05-09T10:35:18+00:00\",\"description\":\"Op zoek naar een imitatie leren jas heren zwart TRR 43 Versano? Dan bent u bij het bekende jassen merk Versano aan het juiste adres.\",\"breadcrumb\":{\"@id\":\"https:\/\/versano.nl\/shop\/imitatieleren-jas-heren-versano-trr-43-zwart-new\/#breadcrumb\"},\"inLanguage\":\"de\",\"potentialAction\":[{\"@type\":\"ReadAction\",\"target\":[\"https:\/\/versano.nl\/shop\/imitatieleren-jas-heren-versano-trr-43-zwart-new\/\"]}]},{\"@type\":\"ImageObject\",\"inLanguage\":\"de\",\"@id\":\"https:\/\/versano.nl\/shop\/imitatieleren-jas-heren-versano-trr-43-zwart-new\/#primaryimage\",\"url\":\"https:\/\/versano.nl\/wp-content\/uploads\/2021\/03\/heren-leatherlook-jas-zwart-versano-trr36-voorkant.jpg\",\"contentUrl\":\"https:\/\/versano.nl\/wp-content\/uploads\/2021\/03\/heren-leatherlook-jas-zwart-versano-trr36-voorkant.jpg\",\"width\":750,\"height\":980,\"caption\":\"heren-leatherlook-jas-zwart-versano-trr36-voorkant\"},{\"@type\":\"BreadcrumbList\",\"@id\":\"https:\/\/versano.nl\/shop\/imitatieleren-jas-heren-versano-trr-43-zwart-new\/#breadcrumb\",\"itemListElement\":[{\"@type\":\"ListItem\",\"position\":1,\"name\":\"Home\",\"item\":\"https:\/\/versano.nl\/\"},{\"@type\":\"ListItem\",\"position\":2,\"name\":\"Shop\",\"item\":\"https:\/\/versano.nl\/shop\/\"},{\"@type\":\"ListItem\",\"position\":3,\"name\":\"Imitatie leren jas heren zwart TRR 43 Versano\"}]},{\"@type\":\"WebSite\",\"@id\":\"https:\/\/versano.nl\/#website\",\"url\":\"https:\/\/versano.nl\/\",\"name\":\"Versano\",\"description\":\"winterjassen met bontkraag | leren dames jassen | leren heren jassen\",\"potentialAction\":[{\"@type\":\"SearchAction\",\"target\":{\"@type\":\"EntryPoint\",\"urlTemplate\":\"https:\/\/versano.nl\/?s={search_term_string}\"},\"query-input\":{\"@type\":\"PropertyValueSpecification\",\"valueRequired\":true,\"valueName\":\"search_term_string\"}}],\"inLanguage\":\"de\"}]}<\/script>\n<!-- \/ Yoast SEO plugin. -->","yoast_head_json":{"title":"Kunstlederjacke Herren schwarz TRR 43 Versano, Herren Kunstlederjacke","description":"Auf der Suche nach einer Kunstlederjacke Herren schwarz TRR 43 Versano? Dann sind Sie bei der bekannten Jackenmarke Versano genau richtig.","robots":{"index":"index","follow":"follow","max-snippet":"max-snippet:-1","max-image-preview":"max-image-preview:large","max-video-preview":"max-video-preview:-1"},"canonical":"https:\/\/versano.nl\/de\/shop\/imitatieleren-jas-heren-versano-trr-43-zwart-new\/","og_locale":"de_DE","og_type":"article","og_title":"Imitatie leren jas heren zwart TRR 43 Versano, heren imitatie leren jas","og_description":"Op zoek naar een imitatie leren jas heren zwart TRR 43 Versano? Dan bent u bij het bekende jassen merk Versano aan het juiste adres.","og_url":"https:\/\/versano.nl\/de\/shop\/imitatieleren-jas-heren-versano-trr-43-zwart-new\/","og_site_name":"Versano","article_modified_time":"2025-05-09T10:35:18+00:00","og_image":[{"width":750,"height":980,"url":"https:\/\/versano.nl\/wp-content\/uploads\/2021\/03\/heren-leatherlook-jas-zwart-versano-trr36-voorkant.jpg","type":"image\/jpeg"}],"twitter_card":"summary_large_image","twitter_misc":{"Gesch\u00e4tzte Lesezeit":"2\u00a0Minuten"},"schema":{"@context":"https:\/\/schema.org","@graph":[{"@type":"WebPage","@id":"https:\/\/versano.nl\/shop\/imitatieleren-jas-heren-versano-trr-43-zwart-new\/","url":"https:\/\/versano.nl\/shop\/imitatieleren-jas-heren-versano-trr-43-zwart-new\/","name":"Kunstlederjacke Herren schwarz TRR 43 Versano, Herren Kunstlederjacke","isPartOf":{"@id":"https:\/\/versano.nl\/#website"},"primaryImageOfPage":{"@id":"https:\/\/versano.nl\/shop\/imitatieleren-jas-heren-versano-trr-43-zwart-new\/#primaryimage"},"image":{"@id":"https:\/\/versano.nl\/shop\/imitatieleren-jas-heren-versano-trr-43-zwart-new\/#primaryimage"},"thumbnailUrl":"https:\/\/versano.nl\/wp-content\/uploads\/2021\/03\/heren-leatherlook-jas-zwart-versano-trr36-voorkant.jpg","datePublished":"2015-04-03T15:12:20+00:00","dateModified":"2025-05-09T10:35:18+00:00","description":"Auf der Suche nach einer Kunstlederjacke Herren schwarz TRR 43 Versano? Dann sind Sie bei der bekannten Jackenmarke Versano genau richtig.","breadcrumb":{"@id":"https:\/\/versano.nl\/shop\/imitatieleren-jas-heren-versano-trr-43-zwart-new\/#breadcrumb"},"inLanguage":"de","potentialAction":[{"@type":"ReadAction","target":["https:\/\/versano.nl\/shop\/imitatieleren-jas-heren-versano-trr-43-zwart-new\/"]}]},{"@type":"ImageObject","inLanguage":"de","@id":"https:\/\/versano.nl\/shop\/imitatieleren-jas-heren-versano-trr-43-zwart-new\/#primaryimage","url":"https:\/\/versano.nl\/wp-content\/uploads\/2021\/03\/heren-leatherlook-jas-zwart-versano-trr36-voorkant.jpg","contentUrl":"https:\/\/versano.nl\/wp-content\/uploads\/2021\/03\/heren-leatherlook-jas-zwart-versano-trr36-voorkant.jpg","width":750,"height":980,"caption":"heren-leatherlook-jas-zwart-versano-trr36-voorkant"},{"@type":"BreadcrumbList","@id":"https:\/\/versano.nl\/shop\/imitatieleren-jas-heren-versano-trr-43-zwart-new\/#breadcrumb","itemListElement":[{"@type":"ListItem","position":1,"name":"Home","item":"https:\/\/versano.nl\/"},{"@type":"ListItem","position":2,"name":"Shop","item":"https:\/\/versano.nl\/shop\/"},{"@type":"ListItem","position":3,"name":"Imitatie leren jas heren zwart TRR 43 Versano"}]},{"@type":"WebSite","@id":"https:\/\/versano.nl\/#website","url":"https:\/\/versano.nl\/","name":"Versano","description":"Winterm\u00e4ntel mit Pelzkragen | Damen Lederjacken | Herren Lederjacken","potentialAction":[{"@type":"SearchAction","target":{"@type":"EntryPoint","urlTemplate":"https:\/\/versano.nl\/?s={search_term_string}"},"query-input":{"@type":"PropertyValueSpecification","valueRequired":true,"valueName":"search_term_string"}}],"inLanguage":"de"}]}},"_links":{"self":[{"href":"https:\/\/versano.nl\/de\/wp-json\/wp\/v2\/product\/3062","targetHints":{"allow":["GET"]}}],"collection":[{"href":"https:\/\/versano.nl\/de\/wp-json\/wp\/v2\/product"}],"about":[{"href":"https:\/\/versano.nl\/de\/wp-json\/wp\/v2\/types\/product"}],"replies":[{"embeddable":true,"href":"https:\/\/versano.nl\/de\/wp-json\/wp\/v2\/comments?post=3062"}],"wp:featuredmedia":[{"embeddable":true,"href":"https:\/\/versano.nl\/de\/wp-json\/wp\/v2\/media\/20991"}],"wp:attachment":[{"href":"https:\/\/versano.nl\/de\/wp-json\/wp\/v2\/media?parent=3062"}],"wp:term":[{"taxonomy":"product_brand","embeddable":true,"href":"https:\/\/versano.nl\/de\/wp-json\/wp\/v2\/product_brand?post=3062"},{"taxonomy":"product_cat","embeddable":true,"href":"https:\/\/versano.nl\/de\/wp-json\/wp\/v2\/product_cat?post=3062"},{"taxonomy":"product_tag","embeddable":true,"href":"https:\/\/versano.nl\/de\/wp-json\/wp\/v2\/product_tag?post=3062"}],"curies":[{"name":"wp","href":"https:\/\/api.w.org\/{rel}","templated":true}]}}