{"id":29703,"date":"2023-09-26T13:31:53","date_gmt":"2023-09-26T13:31:53","guid":{"rendered":"https:\/\/versano.nl\/shop\/halflange-heren-mantel-jas-zwart-jack-versano-2\/"},"modified":"2026-04-19T22:18:16","modified_gmt":"2026-04-19T22:18:16","slug":"halflange-heren-mantel-jas-zwart-jack-versano-2","status":"publish","type":"product","link":"https:\/\/versano.nl\/de\/shop\/halflange-heren-mantel-jas-zwart-jack-versano-2\/","title":{"rendered":"Halflange heren mantel jas zwart Jack Versano"},"content":{"rendered":"<h2>Halflange heren mantel jas zwart Jack Versano<\/h2>\n<p>Ben je toevallig op zoek naar een mooie heren mantel jas in de kleur zwart? Kijk niet verder want je bent bij het bekende jassen merk versano aan het juiste adres. De jack is de perfecte heren mantel jas die je lekker warm houd en je kan hem in meerdere seizoenen dragen! De halflange heren mantel jas zwart Jack\u00a0 jassen merk Versano is niet alleen stijlvol maar hij heeft ook een mooi getailleerde pasvorm. deze nieuwe model van Versano is een korte model met zakken die zich op heuphoogte bevinden. \u00a0De jas gaat dicht door middel van een knoopsluiting. Het is \u00e9\u00e9n model van de nieuwe collectie van Versano tegen een scherpe prijs. We hebben de jack ook in de kleur camel te koop.<\/p>\n<h2>Ein Umhang mit sch\u00f6nem Design<\/h2>\n<p>Ben jij al bekend met Versano? Het merk Versano is vooral bekend om de mooie en aparte modellen jassen met getailleerde Italiaanse pasvormen, maar dit is niet zomaar een ontwerp, wij noemen het \u201cA STATE OF ART \u201c.\u00a0 Met zo\u2019n mooie mantel jas van Versano weet u zeker dat u er de hele winter patent bij loopt. Dit zijn mooie jassen die niet alleen perfect zijn ontworpen, maar die ook nog eens van de beste materialen zijn gemaakt. U bestelt de Heren mantel jas Jack zwart eenvoudig via onze webshop van Versano. We hebben al onze jassen hier overzichtelijk voor u bij elkaar gezet, zodat u eenvoudig een bestelling kunt maken. Bij Versano bent u er altijd zeker van dat u een mooie jas koopt waar met zorg aan is gewerkt en waar u veel plezier van gaat krijgen.<\/p>\n<p>&nbsp;<\/p>\n<p>&nbsp;<\/p>\n<p>Marke: Versan<br \/>\nL\u00e4nge: kurze L\u00e4nge<br \/>\nMaterial: 64% Polyester, 34% Viscon, 2% Lycra, Synthetik<br \/>\nPassform: schmale Passform<br \/>\nFutter: 100% Polyester<\/p>\n<p><strong>Extras<\/strong><br \/>\nVerschluss: Knopfverschluss<br \/>\nTaschen: Seitentaschen<br \/>\nFunktion: wasserabweisend, winddicht<\/p>","protected":false},"excerpt":{"rendered":"<p>Wenn Sie sich bei Ihren Ma\u00dfen nicht sicher sind, empfehlen wir Ihnen, zuerst Ihre Gr\u00f6\u00dfenma\u00dfe zu messen und sie mit unserer Gr\u00f6\u00dfentabelle zu vergleichen. Wenn Sie keine Erfahrung mit der Messung von Umfangsgr\u00f6\u00dfen haben, klicken Sie auf <a href=\"https:\/\/www.youtube.com\/watch?v=3ZSfY87v6pM\"><em>HIER<\/em>\u00a0<\/a>\u00a0zu <span style=\"color: #ff0000;\"><a style=\"color: #ff0000;\" href=\"https:\/\/www.youtube.com\/watch?v=3ZSfY87v6pM\"><em>VIDEO<\/em><\/a>\u00a0<\/span> mit Anweisungen. Sie k\u00f6nnen uns auch direkt anrufen oder anrufen! Unsere Mitarbeiter stehen Ihnen jederzeit zur Verf\u00fcgung.<\/p>\n<p><strong><span style=\"color: #000000;\">LIEFERZEIT<\/span> :<\/strong> 2 bis 3 Werktage.<\/p>","protected":false},"featured_media":29755,"comment_status":"closed","ping_status":"closed","template":"","meta":[],"product_brand":[],"product_cat":[2212,1146,2060,2213,2215,2180,882,1143,1147,1404,1547,2214],"product_tag":[],"class_list":{"0":"post-29703","1":"product","2":"type-product","3":"status-publish","4":"has-post-thumbnail","6":"product_cat-heren-manteljas","7":"product_cat-heren-winterjas","8":"product_cat-heren-winterjassen","9":"product_cat-heren-wollen-jas","10":"product_cat-manteljas-heren","11":"product_cat-heren-mantel-jassen","12":"product_cat-versano","13":"product_cat-winterjas","14":"product_cat-winterjas-heren","15":"product_cat-winterjassen","16":"product_cat-winterjassen-heren","17":"product_cat-wollen-jas-heren","18":"tm-no-options","20":"first","21":"instock","22":"sale","23":"taxable","24":"shipping-taxable","25":"purchasable","26":"product-type-variable"},"yoast_head":"<!-- This site is optimized with the Yoast SEO plugin v27.2 - https:\/\/yoast.com\/product\/yoast-seo-wordpress\/ -->\n<title>Halflange heren mantel jas zwart Jack Versano<\/title>\n<meta name=\"description\" content=\"Ben je op zoek naar een halflange heren mantel jas in de kleur zwart? Dan ben je bij Versano aan het juiste adres!\" \/>\n<meta name=\"robots\" content=\"index, follow, max-snippet:-1, max-image-preview:large, max-video-preview:-1\" \/>\n<link rel=\"canonical\" href=\"https:\/\/versano.nl\/de\/shop\/halflange-heren-mantel-jas-zwart-jack-versano-2\/\" \/>\n<meta property=\"og:locale\" content=\"de_DE\" \/>\n<meta property=\"og:type\" content=\"article\" \/>\n<meta property=\"og:title\" content=\"Halflange heren mantel jas zwart Jack Versano\" \/>\n<meta property=\"og:description\" content=\"Ben je op zoek naar een halflange heren mantel jas in de kleur zwart? Dan ben je bij Versano aan het juiste adres!\" \/>\n<meta property=\"og:url\" content=\"https:\/\/versano.nl\/de\/shop\/halflange-heren-mantel-jas-zwart-jack-versano-2\/\" \/>\n<meta property=\"og:site_name\" content=\"Versano\" \/>\n<meta property=\"article:modified_time\" content=\"2026-04-19T22:18:16+00:00\" \/>\n<meta property=\"og:image\" content=\"https:\/\/versano.nl\/wp-content\/uploads\/2023\/09\/4-1.jpg\" \/>\n\t<meta property=\"og:image:width\" content=\"600\" \/>\n\t<meta property=\"og:image:height\" content=\"800\" \/>\n\t<meta property=\"og:image:type\" content=\"image\/jpeg\" \/>\n<meta name=\"twitter:card\" content=\"summary_large_image\" \/>\n<meta name=\"twitter:label1\" content=\"Gesch\u00e4tzte Lesezeit\" \/>\n\t<meta name=\"twitter:data1\" content=\"2\u00a0Minuten\" \/>\n<script type=\"application\/ld+json\" class=\"yoast-schema-graph\">{\"@context\":\"https:\/\/schema.org\",\"@graph\":[{\"@type\":\"WebPage\",\"@id\":\"https:\/\/versano.nl\/shop\/halflange-heren-mantel-jas-zwart-jack-versano-2\/\",\"url\":\"https:\/\/versano.nl\/shop\/halflange-heren-mantel-jas-zwart-jack-versano-2\/\",\"name\":\"Halflange heren mantel jas zwart Jack Versano\",\"isPartOf\":{\"@id\":\"https:\/\/versano.nl\/#website\"},\"primaryImageOfPage\":{\"@id\":\"https:\/\/versano.nl\/shop\/halflange-heren-mantel-jas-zwart-jack-versano-2\/#primaryimage\"},\"image\":{\"@id\":\"https:\/\/versano.nl\/shop\/halflange-heren-mantel-jas-zwart-jack-versano-2\/#primaryimage\"},\"thumbnailUrl\":\"https:\/\/versano.nl\/wp-content\/uploads\/2023\/09\/4-1.jpg\",\"datePublished\":\"2023-09-26T13:31:53+00:00\",\"dateModified\":\"2026-04-19T22:18:16+00:00\",\"description\":\"Ben je op zoek naar een halflange heren mantel jas in de kleur zwart? Dan ben je bij Versano aan het juiste adres!\",\"breadcrumb\":{\"@id\":\"https:\/\/versano.nl\/shop\/halflange-heren-mantel-jas-zwart-jack-versano-2\/#breadcrumb\"},\"inLanguage\":\"de\",\"potentialAction\":[{\"@type\":\"ReadAction\",\"target\":[\"https:\/\/versano.nl\/shop\/halflange-heren-mantel-jas-zwart-jack-versano-2\/\"]}]},{\"@type\":\"ImageObject\",\"inLanguage\":\"de\",\"@id\":\"https:\/\/versano.nl\/shop\/halflange-heren-mantel-jas-zwart-jack-versano-2\/#primaryimage\",\"url\":\"https:\/\/versano.nl\/wp-content\/uploads\/2023\/09\/4-1.jpg\",\"contentUrl\":\"https:\/\/versano.nl\/wp-content\/uploads\/2023\/09\/4-1.jpg\",\"width\":600,\"height\":800,\"caption\":\"Halflange heren mantel jas zwart Jack Versano\"},{\"@type\":\"BreadcrumbList\",\"@id\":\"https:\/\/versano.nl\/shop\/halflange-heren-mantel-jas-zwart-jack-versano-2\/#breadcrumb\",\"itemListElement\":[{\"@type\":\"ListItem\",\"position\":1,\"name\":\"Home\",\"item\":\"https:\/\/versano.nl\/\"},{\"@type\":\"ListItem\",\"position\":2,\"name\":\"Shop\",\"item\":\"https:\/\/versano.nl\/shop\/\"},{\"@type\":\"ListItem\",\"position\":3,\"name\":\"Halflange heren mantel jas zwart Jack Versano\"}]},{\"@type\":\"WebSite\",\"@id\":\"https:\/\/versano.nl\/#website\",\"url\":\"https:\/\/versano.nl\/\",\"name\":\"Versano\",\"description\":\"winterjassen met bontkraag | leren dames jassen | leren heren jassen\",\"potentialAction\":[{\"@type\":\"SearchAction\",\"target\":{\"@type\":\"EntryPoint\",\"urlTemplate\":\"https:\/\/versano.nl\/?s={search_term_string}\"},\"query-input\":{\"@type\":\"PropertyValueSpecification\",\"valueRequired\":true,\"valueName\":\"search_term_string\"}}],\"inLanguage\":\"de\"}]}<\/script>\n<!-- \/ Yoast SEO plugin. -->","yoast_head_json":{"title":"Halflange heren mantel jas zwart Jack Versano","description":"Ben je op zoek naar een halflange heren mantel jas in de kleur zwart? Dan ben je bij Versano aan het juiste adres!","robots":{"index":"index","follow":"follow","max-snippet":"max-snippet:-1","max-image-preview":"max-image-preview:large","max-video-preview":"max-video-preview:-1"},"canonical":"https:\/\/versano.nl\/de\/shop\/halflange-heren-mantel-jas-zwart-jack-versano-2\/","og_locale":"de_DE","og_type":"article","og_title":"Halflange heren mantel jas zwart Jack Versano","og_description":"Ben je op zoek naar een halflange heren mantel jas in de kleur zwart? Dan ben je bij Versano aan het juiste adres!","og_url":"https:\/\/versano.nl\/de\/shop\/halflange-heren-mantel-jas-zwart-jack-versano-2\/","og_site_name":"Versano","article_modified_time":"2026-04-19T22:18:16+00:00","og_image":[{"width":600,"height":800,"url":"https:\/\/versano.nl\/wp-content\/uploads\/2023\/09\/4-1.jpg","type":"image\/jpeg"}],"twitter_card":"summary_large_image","twitter_misc":{"Gesch\u00e4tzte Lesezeit":"2\u00a0Minuten"},"schema":{"@context":"https:\/\/schema.org","@graph":[{"@type":"WebPage","@id":"https:\/\/versano.nl\/shop\/halflange-heren-mantel-jas-zwart-jack-versano-2\/","url":"https:\/\/versano.nl\/shop\/halflange-heren-mantel-jas-zwart-jack-versano-2\/","name":"Halflange heren mantel jas zwart Jack Versano","isPartOf":{"@id":"https:\/\/versano.nl\/#website"},"primaryImageOfPage":{"@id":"https:\/\/versano.nl\/shop\/halflange-heren-mantel-jas-zwart-jack-versano-2\/#primaryimage"},"image":{"@id":"https:\/\/versano.nl\/shop\/halflange-heren-mantel-jas-zwart-jack-versano-2\/#primaryimage"},"thumbnailUrl":"https:\/\/versano.nl\/wp-content\/uploads\/2023\/09\/4-1.jpg","datePublished":"2023-09-26T13:31:53+00:00","dateModified":"2026-04-19T22:18:16+00:00","description":"Ben je op zoek naar een halflange heren mantel jas in de kleur zwart? Dan ben je bij Versano aan het juiste adres!","breadcrumb":{"@id":"https:\/\/versano.nl\/shop\/halflange-heren-mantel-jas-zwart-jack-versano-2\/#breadcrumb"},"inLanguage":"de","potentialAction":[{"@type":"ReadAction","target":["https:\/\/versano.nl\/shop\/halflange-heren-mantel-jas-zwart-jack-versano-2\/"]}]},{"@type":"ImageObject","inLanguage":"de","@id":"https:\/\/versano.nl\/shop\/halflange-heren-mantel-jas-zwart-jack-versano-2\/#primaryimage","url":"https:\/\/versano.nl\/wp-content\/uploads\/2023\/09\/4-1.jpg","contentUrl":"https:\/\/versano.nl\/wp-content\/uploads\/2023\/09\/4-1.jpg","width":600,"height":800,"caption":"Halflange heren mantel jas zwart Jack Versano"},{"@type":"BreadcrumbList","@id":"https:\/\/versano.nl\/shop\/halflange-heren-mantel-jas-zwart-jack-versano-2\/#breadcrumb","itemListElement":[{"@type":"ListItem","position":1,"name":"Home","item":"https:\/\/versano.nl\/"},{"@type":"ListItem","position":2,"name":"Shop","item":"https:\/\/versano.nl\/shop\/"},{"@type":"ListItem","position":3,"name":"Halflange heren mantel jas zwart Jack Versano"}]},{"@type":"WebSite","@id":"https:\/\/versano.nl\/#website","url":"https:\/\/versano.nl\/","name":"Versano","description":"Winterm\u00e4ntel mit Pelzkragen | Damen Lederjacken | Herren Lederjacken","potentialAction":[{"@type":"SearchAction","target":{"@type":"EntryPoint","urlTemplate":"https:\/\/versano.nl\/?s={search_term_string}"},"query-input":{"@type":"PropertyValueSpecification","valueRequired":true,"valueName":"search_term_string"}}],"inLanguage":"de"}]}},"_links":{"self":[{"href":"https:\/\/versano.nl\/de\/wp-json\/wp\/v2\/product\/29703","targetHints":{"allow":["GET"]}}],"collection":[{"href":"https:\/\/versano.nl\/de\/wp-json\/wp\/v2\/product"}],"about":[{"href":"https:\/\/versano.nl\/de\/wp-json\/wp\/v2\/types\/product"}],"replies":[{"embeddable":true,"href":"https:\/\/versano.nl\/de\/wp-json\/wp\/v2\/comments?post=29703"}],"wp:featuredmedia":[{"embeddable":true,"href":"https:\/\/versano.nl\/de\/wp-json\/wp\/v2\/media\/29755"}],"wp:attachment":[{"href":"https:\/\/versano.nl\/de\/wp-json\/wp\/v2\/media?parent=29703"}],"wp:term":[{"taxonomy":"product_brand","embeddable":true,"href":"https:\/\/versano.nl\/de\/wp-json\/wp\/v2\/product_brand?post=29703"},{"taxonomy":"product_cat","embeddable":true,"href":"https:\/\/versano.nl\/de\/wp-json\/wp\/v2\/product_cat?post=29703"},{"taxonomy":"product_tag","embeddable":true,"href":"https:\/\/versano.nl\/de\/wp-json\/wp\/v2\/product_tag?post=29703"}],"curies":[{"name":"wp","href":"https:\/\/api.w.org\/{rel}","templated":true}]}}