{"id":29641,"date":"2023-09-22T14:40:50","date_gmt":"2023-09-22T14:40:50","guid":{"rendered":"https:\/\/versano.nl\/shop\/halflange-dames-winterjas-met-bontkraag-sky-new-generation-ecru-versano\/"},"modified":"2026-02-27T11:49:47","modified_gmt":"2026-02-27T11:49:47","slug":"halflange-dames-winterjas-met-bontkraag-sky-new-generation-ecru-versano","status":"publish","type":"product","link":"https:\/\/versano.nl\/de\/shop\/halflange-dames-winterjas-met-bontkraag-sky-new-generation-ecru-versano\/","title":{"rendered":"Halflange dames winterjas met bontkraag Sky (new generation) ecru Versano"},"content":{"rendered":"<h2>Halflange dames winterjas met bontkraag Sky (new generation) ecru Versano<\/h2>\n<p>Ben je op zoek naar een mooi getailleerde halflange dames winterjas met bontkraag Sky (new generation) ecru Versano? Dan\u00a0 ben je bij versano aan het juiste adres. Sky is 1 van de nieuwe modellen en de perfecte winterjas om de winter mee door te komen. Een top jas die geleverd kan worden met of zonder bontkraag. Dames winterjas halflang met bontkraag \u00a0Sky Versano ecru is niet alleen warm maar hij heeft ook een mooi getailleerde pasvorm. Deze dames winterjas van Versano is een halflang model met 4 steekzakken die zich op heuphoogte bevinden. Deze zakken kunnen gesloten worden met behulp van een rits, verder heeft de jas een rits sluiting bestaande uit een rits . Het is \u00e9\u00e9n van de best verkochte jassen van Versano tegen een scherpe prijs.<\/p>\n<h2>Een top winterjas met nieuw ontwerp<\/h2>\n<p>Deze dames winterjas halflang met bontkraag \u00a0Sky Versano ecru is \u00e9\u00e9n van de pronkstukken en erg fraai ontworpen door de ontwerpers van Versano. Het merk Versano is vooral bekend om de mooie en aparte modellen met getailleerde Italiaanse pasvorm, maar dat is niet zomaar een ontwerp, wij noemen het \u201cA STATE OF ART \u201c. De jas heeft een vaste capuchon en heeft drukknopen waarop de bontkraag bevestigd kan worden. Je kan winterjas dames van versano uiteraard ook zonder bontkraag kopen en dragen.<\/p>\n<p>Wenn Sie diesen Mantel lieber mit einem nachgeahmten Pelzkragen tragen m\u00f6chten, k\u00f6nnen Sie bei Versano einen Wintermantel mit nachgeahmtem Pelzkragen und nachgeahmten Pelzkragen von sehr guter Qualit\u00e4t kaufen.<\/p>\n<p>Marke:\u00a0<a href=\"https:\/\/versano.nl\/\">Versano<\/a><br \/>\nL\u00e4nge: H\u00e4lfte<br \/>\nfit: ma\u00dfgeschneidert<br \/>\nliner: 100% Polyester<br \/>\nAuskleiden Dicke: 200 Gramm ausgekleideten dicke<br \/>\nHOOD ausgekleidete, Massiv<br \/>\nExtras: verst\u00e4rkte N\u00e4hte<br \/>\nSchlie\u00dfen: Full Zip<br \/>\nTaschen: 4 x seitliche Rei\u00dfverschlusstaschen, Innentasche<br \/>\nFunktion: wasserdicht, winddicht<br \/>\nMaterialau\u00dfenschicht: 100% Polyester<\/p>\n<p>Innenfutter: 100% Polyester<\/p>\n<p>F\u00fcllung: 100% Polyester<\/p>\n<p>Zubeh\u00f6r: Pelzkragen (optional)<\/p>\n<p>Lieferzeit: 2-3 Tage<\/p>\n<p><strong>OPTIONAL: REAL FUR COLLAR RACCOON RACCOON ART OF FUR<\/strong><\/p>","protected":false},"excerpt":{"rendered":"<h4>W\u00c4HLEN SIE HIER EINE ANDERE FARBE<\/h4>\n<p><span style=\"color: #ff0000;\"><a href=\"https:\/\/versano.nl\/shop\/halflange-dames-winterjas-met-bontkraag-sky-new-generation-groen-versano\/\"><img loading=\"lazy\" decoding=\"async\" class=\"alignnone size-full wp-image-26990\" src=\"https:\/\/versano.nl\/wp-content\/uploads\/sites\/2\/2022\/09\/halflange-dames-winterjas-met-capuchon-groen-met-xl-bont-myversano-sky-ng-voorkant-zonder-capuchon-thumb.jpg\" alt=\"\" width=\"56\" height=\"75\" srcset=\"https:\/\/versano.nl\/wp-content\/uploads\/2022\/09\/halflange-dames-winterjas-met-capuchon-groen-met-xl-bont-myversano-sky-ng-voorkant-zonder-capuchon-thumb.jpg 56w, https:\/\/versano.nl\/wp-content\/uploads\/2022\/09\/halflange-dames-winterjas-met-capuchon-groen-met-xl-bont-myversano-sky-ng-voorkant-zonder-capuchon-thumb-9x12.jpg 9w\" sizes=\"auto, (max-width: 56px) 100vw, 56px\" \/><\/a><a href=\"https:\/\/versano.nl\/shop\/halflange-dames-winterjas-met-bontkraag-sky-new-generation-zwart-versano\/\"><img loading=\"lazy\" decoding=\"async\" class=\"alignnone size-full wp-image-26991\" src=\"https:\/\/versano.nl\/wp-content\/uploads\/sites\/2\/2022\/09\/halflange-dames-winterjas-met-capuchon-zwart-met-xl-bont-myversano-sky-ng-voorkant-zonder-capuchon-thumb.jpg\" alt=\"\" width=\"56\" height=\"75\" srcset=\"https:\/\/versano.nl\/wp-content\/uploads\/2022\/09\/halflange-dames-winterjas-met-capuchon-zwart-met-xl-bont-myversano-sky-ng-voorkant-zonder-capuchon-thumb.jpg 56w, https:\/\/versano.nl\/wp-content\/uploads\/2022\/09\/halflange-dames-winterjas-met-capuchon-zwart-met-xl-bont-myversano-sky-ng-voorkant-zonder-capuchon-thumb-9x12.jpg 9w\" sizes=\"auto, (max-width: 56px) 100vw, 56px\" \/><\/a><\/span><\/p>\n<p><span style=\"color: #ff0000;\"><strong>Fit Beratung: <\/strong><\/span><\/p>\n<p><span style=\"color: #ff0000;\">Getailleerde pasvorm, bekijk de maattabel voor de juiste maat.<\/span><\/p>\n<p><span style=\"color: #ff0000;\">Ons model is 1.70 m en weegt 62 kilo, ze draagt een Small.<\/span><\/p>\n<p>Wenn Sie sich bei Ihren Ma\u00dfen nicht sicher sind, empfehlen wir Ihnen, zuerst Ihre Gr\u00f6\u00dfenma\u00dfe zu messen und sie mit unserer Gr\u00f6\u00dfentabelle zu vergleichen. Wenn Sie keine Erfahrung mit der Messung von Umfangsgr\u00f6\u00dfen haben, klicken Sie auf\u00a0<a href=\"https:\/\/www.youtube.com\/watch?v=3ZSfY87v6pM\"><em>HIER<\/em>\u00a0<\/a>\u00a0zu\u00a0<a href=\"https:\/\/www.youtube.com\/watch?v=3ZSfY87v6pM\"><em>VIDEO<\/em><\/a>\u00a0 mit Anweisungen. Sie k\u00f6nnen uns auch direkt anrufen oder anrufen! Unsere Mitarbeiter stehen Ihnen jederzeit zur Verf\u00fcgung.<\/p>\n<p><strong>LIEFERZEIT :<\/strong>\u00a02 bis 3 Werktage.<\/p>\n<p><span style=\"color: #ff0000;\">WICHTIGE INFO:<\/span><\/p>\n<p>Wij hebben een gedetailleerd pasvorm advies aangegeven in de product afbeeldingen. Bekijk dit voordat u een bestelling plaatst.<\/p>\n<p>Sie k\u00f6nnen jede Versano-Jacke mit oder ohne Pelzkragen kaufen, der Pelzkragen ist nicht im Lieferumfang enthalten.<\/p>","protected":false},"featured_media":35235,"comment_status":"open","ping_status":"closed","template":"","meta":[],"product_brand":[],"product_cat":[1403,2003,1334,1012,1353,1145,1384,1389,1382,1383,1037,1038,1430,882,1143,1144,2204,1415,1041,1042,215,1404,1339],"product_tag":[225,386],"class_list":{"0":"post-29641","1":"product","2":"type-product","3":"status-publish","4":"has-post-thumbnail","6":"product_cat-bontkraag-jas","7":"product_cat-dames-donsjas","8":"product_cat-donsjassen-dames","9":"product_cat-dames-jas-met-bontkraag","10":"product_cat-dames-jas-met-pels","11":"product_cat-dames-winterjas","12":"product_cat-dames-winterjas-met-bontkraag","13":"product_cat-dames-winterjas-met-pels","14":"product_cat-dames-winterjassen","15":"product_cat-dames-winterjassen-met-bontkraag","16":"product_cat-jas-met-bontkraag","17":"product_cat-jas-met-bontkraag-dames","18":"product_cat-lange-winterjas-dames","19":"product_cat-versano","20":"product_cat-winterjas","21":"product_cat-winterjas-dames","22":"product_cat-winterjas-dames-halflang","23":"product_cat-winterjas-dames-met-bontkraag","24":"product_cat-winterjas-met-bontkraag","25":"product_cat-winterjas-met-bontkraag-dames","26":"product_cat-dames-jassen-met-bontkraag","27":"product_cat-winterjassen","28":"product_cat-winterjassen-dames","29":"product_tag-winterjas-met-bontkraag-dames","30":"product_tag-zwarte-winterjas-dames","31":"tm-has-options","33":"first","34":"instock","35":"featured","36":"taxable","37":"shipping-taxable","38":"purchasable","39":"product-type-variable"},"yoast_head":"<!-- This site is optimized with the Yoast SEO plugin v27.2 - https:\/\/yoast.com\/product\/yoast-seo-wordpress\/ -->\n<title>Dames winterjas halflang met bontkraag Sky Versano ecru<\/title>\n<meta name=\"description\" content=\"Ben je op zoek naar een Halflange dames winterjas met bontkraag Sky (new generation) ecru Versano, dan zit je bij ons aan het juiste adres!\" \/>\n<meta name=\"robots\" content=\"index, follow, max-snippet:-1, max-image-preview:large, max-video-preview:-1\" \/>\n<link rel=\"canonical\" href=\"https:\/\/versano.nl\/de\/shop\/halflange-dames-winterjas-met-bontkraag-sky-new-generation-ecru-versano\/\" \/>\n<meta property=\"og:locale\" content=\"de_DE\" \/>\n<meta property=\"og:type\" content=\"article\" \/>\n<meta property=\"og:title\" content=\"Dames winterjas halflang met bontkraag Sky Versano ecru\" \/>\n<meta property=\"og:description\" content=\"Ben je op zoek naar een Halflange dames winterjas met bontkraag Sky (new generation) ecru Versano, dan zit je bij ons aan het juiste adres!\" \/>\n<meta property=\"og:url\" content=\"https:\/\/versano.nl\/de\/shop\/halflange-dames-winterjas-met-bontkraag-sky-new-generation-ecru-versano\/\" \/>\n<meta property=\"og:site_name\" content=\"Versano\" \/>\n<meta property=\"article:modified_time\" content=\"2026-02-27T11:49:47+00:00\" \/>\n<meta property=\"og:image\" content=\"https:\/\/versano.nl\/wp-content\/uploads\/2023\/09\/IMG_8791-1.jpg\" \/>\n\t<meta property=\"og:image:width\" content=\"802\" \/>\n\t<meta property=\"og:image:height\" content=\"1200\" \/>\n\t<meta property=\"og:image:type\" content=\"image\/jpeg\" \/>\n<meta name=\"twitter:card\" content=\"summary_large_image\" \/>\n<meta name=\"twitter:label1\" content=\"Gesch\u00e4tzte Lesezeit\" \/>\n\t<meta name=\"twitter:data1\" content=\"2\u00a0Minuten\" \/>\n<script type=\"application\/ld+json\" class=\"yoast-schema-graph\">{\"@context\":\"https:\/\/schema.org\",\"@graph\":[{\"@type\":\"WebPage\",\"@id\":\"https:\/\/versano.nl\/shop\/halflange-dames-winterjas-met-bontkraag-sky-new-generation-ecru-versano\/\",\"url\":\"https:\/\/versano.nl\/shop\/halflange-dames-winterjas-met-bontkraag-sky-new-generation-ecru-versano\/\",\"name\":\"Dames winterjas halflang met bontkraag Sky Versano ecru\",\"isPartOf\":{\"@id\":\"https:\/\/versano.nl\/#website\"},\"primaryImageOfPage\":{\"@id\":\"https:\/\/versano.nl\/shop\/halflange-dames-winterjas-met-bontkraag-sky-new-generation-ecru-versano\/#primaryimage\"},\"image\":{\"@id\":\"https:\/\/versano.nl\/shop\/halflange-dames-winterjas-met-bontkraag-sky-new-generation-ecru-versano\/#primaryimage\"},\"thumbnailUrl\":\"https:\/\/versano.nl\/wp-content\/uploads\/2023\/09\/IMG_8791-1.jpg\",\"datePublished\":\"2023-09-22T14:40:50+00:00\",\"dateModified\":\"2026-02-27T11:49:47+00:00\",\"description\":\"Ben je op zoek naar een Halflange dames winterjas met bontkraag Sky (new generation) ecru Versano, dan zit je bij ons aan het juiste adres!\",\"breadcrumb\":{\"@id\":\"https:\/\/versano.nl\/shop\/halflange-dames-winterjas-met-bontkraag-sky-new-generation-ecru-versano\/#breadcrumb\"},\"inLanguage\":\"de\",\"potentialAction\":[{\"@type\":\"ReadAction\",\"target\":[\"https:\/\/versano.nl\/shop\/halflange-dames-winterjas-met-bontkraag-sky-new-generation-ecru-versano\/\"]}]},{\"@type\":\"ImageObject\",\"inLanguage\":\"de\",\"@id\":\"https:\/\/versano.nl\/shop\/halflange-dames-winterjas-met-bontkraag-sky-new-generation-ecru-versano\/#primaryimage\",\"url\":\"https:\/\/versano.nl\/wp-content\/uploads\/2023\/09\/IMG_8791-1.jpg\",\"contentUrl\":\"https:\/\/versano.nl\/wp-content\/uploads\/2023\/09\/IMG_8791-1.jpg\",\"width\":802,\"height\":1200,\"caption\":\"Halflange dames winterjas met bontkraag Sky (new generation) ecru Versano\"},{\"@type\":\"BreadcrumbList\",\"@id\":\"https:\/\/versano.nl\/shop\/halflange-dames-winterjas-met-bontkraag-sky-new-generation-ecru-versano\/#breadcrumb\",\"itemListElement\":[{\"@type\":\"ListItem\",\"position\":1,\"name\":\"Home\",\"item\":\"https:\/\/versano.nl\/\"},{\"@type\":\"ListItem\",\"position\":2,\"name\":\"Shop\",\"item\":\"https:\/\/versano.nl\/shop\/\"},{\"@type\":\"ListItem\",\"position\":3,\"name\":\"Halflange dames winterjas met bontkraag Sky (new generation) ecru Versano\"}]},{\"@type\":\"WebSite\",\"@id\":\"https:\/\/versano.nl\/#website\",\"url\":\"https:\/\/versano.nl\/\",\"name\":\"Versano\",\"description\":\"winterjassen met bontkraag | leren dames jassen | leren heren jassen\",\"potentialAction\":[{\"@type\":\"SearchAction\",\"target\":{\"@type\":\"EntryPoint\",\"urlTemplate\":\"https:\/\/versano.nl\/?s={search_term_string}\"},\"query-input\":{\"@type\":\"PropertyValueSpecification\",\"valueRequired\":true,\"valueName\":\"search_term_string\"}}],\"inLanguage\":\"de\"}]}<\/script>\n<!-- \/ Yoast SEO plugin. -->","yoast_head_json":{"title":"Dames winterjas halflang met bontkraag Sky Versano ecru","description":"Ben je op zoek naar een Halflange dames winterjas met bontkraag Sky (new generation) ecru Versano, dan zit je bij ons aan het juiste adres!","robots":{"index":"index","follow":"follow","max-snippet":"max-snippet:-1","max-image-preview":"max-image-preview:large","max-video-preview":"max-video-preview:-1"},"canonical":"https:\/\/versano.nl\/de\/shop\/halflange-dames-winterjas-met-bontkraag-sky-new-generation-ecru-versano\/","og_locale":"de_DE","og_type":"article","og_title":"Dames winterjas halflang met bontkraag Sky Versano ecru","og_description":"Ben je op zoek naar een Halflange dames winterjas met bontkraag Sky (new generation) ecru Versano, dan zit je bij ons aan het juiste adres!","og_url":"https:\/\/versano.nl\/de\/shop\/halflange-dames-winterjas-met-bontkraag-sky-new-generation-ecru-versano\/","og_site_name":"Versano","article_modified_time":"2026-02-27T11:49:47+00:00","og_image":[{"width":802,"height":1200,"url":"https:\/\/versano.nl\/wp-content\/uploads\/2023\/09\/IMG_8791-1.jpg","type":"image\/jpeg"}],"twitter_card":"summary_large_image","twitter_misc":{"Gesch\u00e4tzte Lesezeit":"2\u00a0Minuten"},"schema":{"@context":"https:\/\/schema.org","@graph":[{"@type":"WebPage","@id":"https:\/\/versano.nl\/shop\/halflange-dames-winterjas-met-bontkraag-sky-new-generation-ecru-versano\/","url":"https:\/\/versano.nl\/shop\/halflange-dames-winterjas-met-bontkraag-sky-new-generation-ecru-versano\/","name":"Dames winterjas halflang met bontkraag Sky Versano ecru","isPartOf":{"@id":"https:\/\/versano.nl\/#website"},"primaryImageOfPage":{"@id":"https:\/\/versano.nl\/shop\/halflange-dames-winterjas-met-bontkraag-sky-new-generation-ecru-versano\/#primaryimage"},"image":{"@id":"https:\/\/versano.nl\/shop\/halflange-dames-winterjas-met-bontkraag-sky-new-generation-ecru-versano\/#primaryimage"},"thumbnailUrl":"https:\/\/versano.nl\/wp-content\/uploads\/2023\/09\/IMG_8791-1.jpg","datePublished":"2023-09-22T14:40:50+00:00","dateModified":"2026-02-27T11:49:47+00:00","description":"Ben je op zoek naar een Halflange dames winterjas met bontkraag Sky (new generation) ecru Versano, dan zit je bij ons aan het juiste adres!","breadcrumb":{"@id":"https:\/\/versano.nl\/shop\/halflange-dames-winterjas-met-bontkraag-sky-new-generation-ecru-versano\/#breadcrumb"},"inLanguage":"de","potentialAction":[{"@type":"ReadAction","target":["https:\/\/versano.nl\/shop\/halflange-dames-winterjas-met-bontkraag-sky-new-generation-ecru-versano\/"]}]},{"@type":"ImageObject","inLanguage":"de","@id":"https:\/\/versano.nl\/shop\/halflange-dames-winterjas-met-bontkraag-sky-new-generation-ecru-versano\/#primaryimage","url":"https:\/\/versano.nl\/wp-content\/uploads\/2023\/09\/IMG_8791-1.jpg","contentUrl":"https:\/\/versano.nl\/wp-content\/uploads\/2023\/09\/IMG_8791-1.jpg","width":802,"height":1200,"caption":"Halflange dames winterjas met bontkraag Sky (new generation) ecru Versano"},{"@type":"BreadcrumbList","@id":"https:\/\/versano.nl\/shop\/halflange-dames-winterjas-met-bontkraag-sky-new-generation-ecru-versano\/#breadcrumb","itemListElement":[{"@type":"ListItem","position":1,"name":"Home","item":"https:\/\/versano.nl\/"},{"@type":"ListItem","position":2,"name":"Shop","item":"https:\/\/versano.nl\/shop\/"},{"@type":"ListItem","position":3,"name":"Halflange dames winterjas met bontkraag Sky (new generation) ecru Versano"}]},{"@type":"WebSite","@id":"https:\/\/versano.nl\/#website","url":"https:\/\/versano.nl\/","name":"Versano","description":"Winterm\u00e4ntel mit Pelzkragen | Damen Lederjacken | Herren Lederjacken","potentialAction":[{"@type":"SearchAction","target":{"@type":"EntryPoint","urlTemplate":"https:\/\/versano.nl\/?s={search_term_string}"},"query-input":{"@type":"PropertyValueSpecification","valueRequired":true,"valueName":"search_term_string"}}],"inLanguage":"de"}]}},"_links":{"self":[{"href":"https:\/\/versano.nl\/de\/wp-json\/wp\/v2\/product\/29641","targetHints":{"allow":["GET"]}}],"collection":[{"href":"https:\/\/versano.nl\/de\/wp-json\/wp\/v2\/product"}],"about":[{"href":"https:\/\/versano.nl\/de\/wp-json\/wp\/v2\/types\/product"}],"replies":[{"embeddable":true,"href":"https:\/\/versano.nl\/de\/wp-json\/wp\/v2\/comments?post=29641"}],"wp:featuredmedia":[{"embeddable":true,"href":"https:\/\/versano.nl\/de\/wp-json\/wp\/v2\/media\/35235"}],"wp:attachment":[{"href":"https:\/\/versano.nl\/de\/wp-json\/wp\/v2\/media?parent=29641"}],"wp:term":[{"taxonomy":"product_brand","embeddable":true,"href":"https:\/\/versano.nl\/de\/wp-json\/wp\/v2\/product_brand?post=29641"},{"taxonomy":"product_cat","embeddable":true,"href":"https:\/\/versano.nl\/de\/wp-json\/wp\/v2\/product_cat?post=29641"},{"taxonomy":"product_tag","embeddable":true,"href":"https:\/\/versano.nl\/de\/wp-json\/wp\/v2\/product_tag?post=29641"}],"curies":[{"name":"wp","href":"https:\/\/api.w.org\/{rel}","templated":true}]}}