{"id":2916,"date":"2015-05-31T14:33:59","date_gmt":"2015-05-31T14:33:59","guid":{"rendered":"http:\/\/leathershopdoci.nl\/?post_type=product&#038;p=6589"},"modified":"2021-02-05T14:50:52","modified_gmt":"2021-02-05T14:50:52","slug":"bruine-leren-herenjas-met-ribband","status":"publish","type":"product","link":"https:\/\/versano.nl\/de\/shop\/bruine-leren-herenjas-met-ribband\/","title":{"rendered":"Brown Leder Herrenjacke mit ribband"},"content":{"rendered":"<h2>Brown Leder Herrenjacke mit ribband<\/h2>\n<p>Lassen Sie es die Designer von Versano \u00fcber kommt immer wieder mit ganz neuen Modellen. Dies sind Jacken, die sch\u00f6n aussehen und dass Sie k\u00f6nnen sicher sein, dass sie sitzen. Die Versano Jacken sind aus feinstem Lammleder, ein Leder, das weich und strapazierf\u00e4hig und sch\u00f6n ist, wo Jacken machen. Die braune Leder Herrenjacke mit ribband von Versano ist auch ein sehr sportliches Modell, das noch einen schicken Look.<\/p>\n<h3>Kaufen Sie die braune Jacke Leder Herren mit ribband<\/h3>\n<p>Wollen Sie diese sch\u00f6nen braunen Jacke Leder M\u00e4nner mit ribband von Versano aus unserem Sortiment kaufen? Dann empfehlen wir Ihnen zum ersten Schicht die gleiche Ansicht im Detail. Unsere Bilder, weil Sie alle Details dieser Jacke sehen. So k\u00f6nnen Sie sich selbst davon \u00fcberzeugen, dass dies die Jacke Sie ein paar Jahre vor sich haben wollen. Der Mantel ist mit zwei gro\u00dfen Taschen abgeschlossen, die mit einem praktischen Rei\u00dfverschluss ausgestattet sind. Wichtige Papiere k\u00f6nnen Sie immer noch in den Innentaschen der Jacke verlieren<\/p>\n<p>Material: 100% Lammfell<br \/>\nFutter: 100% Polyester<br \/>\nL\u00e4nge: kurz<br \/>\nPassen: Ausgestattet Italienisch (Runs)<br \/>\nSchlie\u00dfung: Rei\u00dfverschluss<br \/>\nTaschen: RV-Taschen<br \/>\nKragen: Stehkragen<br \/>\nMaterial Au\u00dfenschicht: hohe Qualit\u00e4t und weiches Lammfell<br \/>\nZeit: 1-3 Tage<\/p>","protected":false},"excerpt":{"rendered":"<p>Diese Lederjacke ist ein echter Hingucker und zeichnet sich durch Komfort und Modell. Durable Lammfell hat eine sch\u00f6ne Waschung f\u00fcr einen sportlich-eleganten Look. Zum Beispiel tragen sie sie mit Jeans oder Chinos. Der Mantel weist zwei tiefe Taschen mit einem Rei\u00dfverschluss und einer Innentasche. Diese Herren Lederjacke hat ein exzellentes Finish und Italienisch ausgestattet.<\/p>","protected":false},"featured_media":9268,"comment_status":"closed","ping_status":"closed","template":"","meta":[],"product_brand":[],"product_cat":[147,1712],"product_tag":[403,23,24],"class_list":{"0":"post-2916","1":"product","2":"type-product","3":"status-publish","4":"has-post-thumbnail","6":"product_cat-heren-leren-jassen","7":"product_cat-leren-jassen","8":"product_tag-heren-blauw","9":"product_tag-motorjacks-heren","10":"product_tag-stoer-jasje-heren","11":"tm-no-options","13":"first","14":"outofstock","15":"taxable","16":"shipping-taxable","17":"purchasable","18":"product-type-variable"},"yoast_head":"<!-- This site is optimized with the Yoast SEO plugin v27.2 - https:\/\/yoast.com\/product\/yoast-seo-wordpress\/ -->\n<title>Bruine leren herenjas met ribband, bruine leren heren jas<\/title>\n<meta name=\"description\" content=\"Bent u op zoek naar een Bruine leren herenjas met ribband, dan bent u bij ons aan het goede adres, bekijk meerdere kleuren in de webshop.\" \/>\n<meta name=\"robots\" content=\"index, follow, max-snippet:-1, max-image-preview:large, max-video-preview:-1\" \/>\n<link rel=\"canonical\" href=\"https:\/\/versano.nl\/de\/shop\/bruine-leren-herenjas-met-ribband\/\" \/>\n<meta property=\"og:locale\" content=\"de_DE\" \/>\n<meta property=\"og:type\" content=\"article\" \/>\n<meta property=\"og:title\" content=\"Bruine leren herenjas met ribband, bruine leren heren jas\" \/>\n<meta property=\"og:description\" content=\"Bent u op zoek naar een Bruine leren herenjas met ribband, dan bent u bij ons aan het goede adres, bekijk meerdere kleuren in de webshop.\" \/>\n<meta property=\"og:url\" content=\"https:\/\/versano.nl\/de\/shop\/bruine-leren-herenjas-met-ribband\/\" \/>\n<meta property=\"og:site_name\" content=\"Versano\" \/>\n<meta property=\"article:modified_time\" content=\"2021-02-05T14:50:52+00:00\" \/>\n<meta property=\"og:image\" content=\"https:\/\/versano.nl\/wp-content\/uploads\/2014\/12\/leren-jas-heren-bruin-versano-502-model1.jpg\" \/>\n\t<meta property=\"og:image:width\" content=\"900\" \/>\n\t<meta property=\"og:image:height\" content=\"1196\" \/>\n\t<meta property=\"og:image:type\" content=\"image\/jpeg\" \/>\n<meta name=\"twitter:card\" content=\"summary_large_image\" \/>\n<meta name=\"twitter:label1\" content=\"Gesch\u00e4tzte Lesezeit\" \/>\n\t<meta name=\"twitter:data1\" content=\"1\u00a0Minute\" \/>\n<script type=\"application\/ld+json\" class=\"yoast-schema-graph\">{\"@context\":\"https:\/\/schema.org\",\"@graph\":[{\"@type\":\"WebPage\",\"@id\":\"https:\/\/versano.nl\/en\/shop\/bruine-leren-herenjas-met-ribband\/\",\"url\":\"https:\/\/versano.nl\/en\/shop\/bruine-leren-herenjas-met-ribband\/\",\"name\":\"Bruine leren herenjas met ribband, bruine leren heren jas\",\"isPartOf\":{\"@id\":\"https:\/\/versano.nl\/#website\"},\"primaryImageOfPage\":{\"@id\":\"https:\/\/versano.nl\/en\/shop\/bruine-leren-herenjas-met-ribband\/#primaryimage\"},\"image\":{\"@id\":\"https:\/\/versano.nl\/en\/shop\/bruine-leren-herenjas-met-ribband\/#primaryimage\"},\"thumbnailUrl\":\"https:\/\/versano.nl\/wp-content\/uploads\/2014\/12\/leren-jas-heren-bruin-versano-502-model1.jpg\",\"datePublished\":\"2015-05-31T14:33:59+00:00\",\"dateModified\":\"2021-02-05T14:50:52+00:00\",\"description\":\"Bent u op zoek naar een Bruine leren herenjas met ribband, dan bent u bij ons aan het goede adres, bekijk meerdere kleuren in de webshop.\",\"breadcrumb\":{\"@id\":\"https:\/\/versano.nl\/en\/shop\/bruine-leren-herenjas-met-ribband\/#breadcrumb\"},\"inLanguage\":\"de\",\"potentialAction\":[{\"@type\":\"ReadAction\",\"target\":[\"https:\/\/versano.nl\/en\/shop\/bruine-leren-herenjas-met-ribband\/\"]}]},{\"@type\":\"ImageObject\",\"inLanguage\":\"de\",\"@id\":\"https:\/\/versano.nl\/en\/shop\/bruine-leren-herenjas-met-ribband\/#primaryimage\",\"url\":\"https:\/\/versano.nl\/wp-content\/uploads\/2014\/12\/leren-jas-heren-bruin-versano-502-model1.jpg\",\"contentUrl\":\"https:\/\/versano.nl\/wp-content\/uploads\/2014\/12\/leren-jas-heren-bruin-versano-502-model1.jpg\",\"width\":900,\"height\":1196,\"caption\":\"leren-jas-heren-bruin-versano-502-model1\"},{\"@type\":\"BreadcrumbList\",\"@id\":\"https:\/\/versano.nl\/en\/shop\/bruine-leren-herenjas-met-ribband\/#breadcrumb\",\"itemListElement\":[{\"@type\":\"ListItem\",\"position\":1,\"name\":\"Home\",\"item\":\"https:\/\/versano.nl\/\"},{\"@type\":\"ListItem\",\"position\":2,\"name\":\"Shop\",\"item\":\"https:\/\/versano.nl\/shop\/\"},{\"@type\":\"ListItem\",\"position\":3,\"name\":\"Bruine leren herenjas met ribband\"}]},{\"@type\":\"WebSite\",\"@id\":\"https:\/\/versano.nl\/#website\",\"url\":\"https:\/\/versano.nl\/\",\"name\":\"Versano\",\"description\":\"winterjassen met bontkraag | leren dames jassen | leren heren jassen\",\"potentialAction\":[{\"@type\":\"SearchAction\",\"target\":{\"@type\":\"EntryPoint\",\"urlTemplate\":\"https:\/\/versano.nl\/?s={search_term_string}\"},\"query-input\":{\"@type\":\"PropertyValueSpecification\",\"valueRequired\":true,\"valueName\":\"search_term_string\"}}],\"inLanguage\":\"de\"}]}<\/script>\n<!-- \/ Yoast SEO plugin. -->","yoast_head_json":{"title":"Braune Lederjacke f\u00fcr Herren mit geripptem G\u00fcrtel, braune Lederjacke f\u00fcr Herren","description":"Suchen Sie eine braune Lederjacke f\u00fcr Herren mit Rippband, dann sind Sie bei uns an der richtigen Stelle, sehen Sie mehrere Farben im Webshop.","robots":{"index":"index","follow":"follow","max-snippet":"max-snippet:-1","max-image-preview":"max-image-preview:large","max-video-preview":"max-video-preview:-1"},"canonical":"https:\/\/versano.nl\/de\/shop\/bruine-leren-herenjas-met-ribband\/","og_locale":"de_DE","og_type":"article","og_title":"Bruine leren herenjas met ribband, bruine leren heren jas","og_description":"Bent u op zoek naar een Bruine leren herenjas met ribband, dan bent u bij ons aan het goede adres, bekijk meerdere kleuren in de webshop.","og_url":"https:\/\/versano.nl\/de\/shop\/bruine-leren-herenjas-met-ribband\/","og_site_name":"Versano","article_modified_time":"2021-02-05T14:50:52+00:00","og_image":[{"width":900,"height":1196,"url":"https:\/\/versano.nl\/wp-content\/uploads\/2014\/12\/leren-jas-heren-bruin-versano-502-model1.jpg","type":"image\/jpeg"}],"twitter_card":"summary_large_image","twitter_misc":{"Gesch\u00e4tzte Lesezeit":"1\u00a0Minute"},"schema":{"@context":"https:\/\/schema.org","@graph":[{"@type":"WebPage","@id":"https:\/\/versano.nl\/en\/shop\/bruine-leren-herenjas-met-ribband\/","url":"https:\/\/versano.nl\/en\/shop\/bruine-leren-herenjas-met-ribband\/","name":"Braune Lederjacke f\u00fcr Herren mit geripptem G\u00fcrtel, braune Lederjacke f\u00fcr Herren","isPartOf":{"@id":"https:\/\/versano.nl\/#website"},"primaryImageOfPage":{"@id":"https:\/\/versano.nl\/en\/shop\/bruine-leren-herenjas-met-ribband\/#primaryimage"},"image":{"@id":"https:\/\/versano.nl\/en\/shop\/bruine-leren-herenjas-met-ribband\/#primaryimage"},"thumbnailUrl":"https:\/\/versano.nl\/wp-content\/uploads\/2014\/12\/leren-jas-heren-bruin-versano-502-model1.jpg","datePublished":"2015-05-31T14:33:59+00:00","dateModified":"2021-02-05T14:50:52+00:00","description":"Suchen Sie eine braune Lederjacke f\u00fcr Herren mit Rippband, dann sind Sie bei uns an der richtigen Stelle, sehen Sie mehrere Farben im Webshop.","breadcrumb":{"@id":"https:\/\/versano.nl\/en\/shop\/bruine-leren-herenjas-met-ribband\/#breadcrumb"},"inLanguage":"de","potentialAction":[{"@type":"ReadAction","target":["https:\/\/versano.nl\/en\/shop\/bruine-leren-herenjas-met-ribband\/"]}]},{"@type":"ImageObject","inLanguage":"de","@id":"https:\/\/versano.nl\/en\/shop\/bruine-leren-herenjas-met-ribband\/#primaryimage","url":"https:\/\/versano.nl\/wp-content\/uploads\/2014\/12\/leren-jas-heren-bruin-versano-502-model1.jpg","contentUrl":"https:\/\/versano.nl\/wp-content\/uploads\/2014\/12\/leren-jas-heren-bruin-versano-502-model1.jpg","width":900,"height":1196,"caption":"leren-jas-heren-bruin-versano-502-model1"},{"@type":"BreadcrumbList","@id":"https:\/\/versano.nl\/en\/shop\/bruine-leren-herenjas-met-ribband\/#breadcrumb","itemListElement":[{"@type":"ListItem","position":1,"name":"Home","item":"https:\/\/versano.nl\/"},{"@type":"ListItem","position":2,"name":"Shop","item":"https:\/\/versano.nl\/shop\/"},{"@type":"ListItem","position":3,"name":"Bruine leren herenjas met ribband"}]},{"@type":"WebSite","@id":"https:\/\/versano.nl\/#website","url":"https:\/\/versano.nl\/","name":"Versano","description":"Winterm\u00e4ntel mit Pelzkragen | Damen Lederjacken | Herren Lederjacken","potentialAction":[{"@type":"SearchAction","target":{"@type":"EntryPoint","urlTemplate":"https:\/\/versano.nl\/?s={search_term_string}"},"query-input":{"@type":"PropertyValueSpecification","valueRequired":true,"valueName":"search_term_string"}}],"inLanguage":"de"}]}},"_links":{"self":[{"href":"https:\/\/versano.nl\/de\/wp-json\/wp\/v2\/product\/2916","targetHints":{"allow":["GET"]}}],"collection":[{"href":"https:\/\/versano.nl\/de\/wp-json\/wp\/v2\/product"}],"about":[{"href":"https:\/\/versano.nl\/de\/wp-json\/wp\/v2\/types\/product"}],"replies":[{"embeddable":true,"href":"https:\/\/versano.nl\/de\/wp-json\/wp\/v2\/comments?post=2916"}],"wp:featuredmedia":[{"embeddable":true,"href":"https:\/\/versano.nl\/de\/wp-json\/wp\/v2\/media\/9268"}],"wp:attachment":[{"href":"https:\/\/versano.nl\/de\/wp-json\/wp\/v2\/media?parent=2916"}],"wp:term":[{"taxonomy":"product_brand","embeddable":true,"href":"https:\/\/versano.nl\/de\/wp-json\/wp\/v2\/product_brand?post=2916"},{"taxonomy":"product_cat","embeddable":true,"href":"https:\/\/versano.nl\/de\/wp-json\/wp\/v2\/product_cat?post=2916"},{"taxonomy":"product_tag","embeddable":true,"href":"https:\/\/versano.nl\/de\/wp-json\/wp\/v2\/product_tag?post=2916"}],"curies":[{"name":"wp","href":"https:\/\/api.w.org\/{rel}","templated":true}]}}