{"id":2879,"date":"2014-12-02T06:44:29","date_gmt":"2014-12-02T06:44:29","guid":{"rendered":"http:\/\/leathershopdoci.nl\/shop\/versano-dames-leren-jas-miami-l2-bruin\/"},"modified":"2025-11-13T15:06:58","modified_gmt":"2025-11-13T15:06:58","slug":"dames-leren-jas-versano-miami-bruin","status":"publish","type":"product","link":"https:\/\/versano.nl\/de\/shop\/dames-leren-jas-versano-miami-bruin\/","title":{"rendered":"Leder Bikerjacke Damen Miami braun Versano"},"content":{"rendered":"<h2>Leder Bikerjacke Damen Miami braun Versano<\/h2>\n<p>F\u00fcr diese Bikerjacke aus Leder entschied man sich f\u00fcr den Namen Miami. Dies liegt daran, dass dies eine Jacke ist, die in dieser amerikanischen Stadt definitiv nicht fehl am Platz w\u00e4re. Aber mal ehrlich, egal wo du die Leder Bikerjacke Damen Miami braun von Versano tr\u00e4gst, sie wird dir \u00fcberall gut stehen! Es ist eine Jacke aus sch\u00f6nem, geschmeidigem und weichem Lammleder. Das bedeutet, dass Sie eine Jacke bekommen, die wunderbar sitzt, perfekt aussieht und eine extrem sch\u00f6ne Waschung hat. Dies ist eines der Basismodelle von Versano und als solches auch einer unserer Erfolge. Diese Jacke ist in strapazierf\u00e4higem Lammleder erh\u00e4ltlich, aber wenn Sie das lieber nicht tragen m\u00f6chten, gibt es auch verschiedene Modelle aus Kunstleder.<\/p>\n<h2>Miami in der Farbe Braun bestellen<\/h2>\n<p>Bei Versano wissen sie, wie man eine coole Bikerjacke designt, die auch nicht zu viel ist. Mit anderen Worten, diese Jacke macht sich perfekt auf dem Motorrad, aber auch, wenn Sie abends ausgehen oder nachmittags einkaufen gehen. Diese Jacke ist nicht nur in Braun erh\u00e4ltlich, sondern auch in den Farben: Gr\u00fcn, Rot, Schwarz, Cognac und Blau. Wir empfehlen Ihnen daher, einfach zu schauen, welche Farbe Ihrer Meinung nach am besten zu Ihrem eigenen Stil passt. Wenn Sie diese Jacke bei uns bestellen, erhalten Sie eine Jacke, die ein Leben lang sch\u00f6n bleibt. Die Farbe l\u00e4sst sich gut kombinieren und passt zu fast allen Outfits. Sein italienisches Design sorgt daf\u00fcr, dass die Jacke eng anliegt und trotzdem angenehm zu tragen ist.<\/p>\n<p>Marke:\u00a0<a href=\"https:\/\/versano.nl\/\" target=\"_blank\" rel=\"noopener noreferrer\">Versano<\/a><br \/>\nMaterial: 100% Lammfell<br \/>\nFutter: 100% Polyester<br \/>\nL\u00e4nge: kurz<br \/>\nPassform: fest sitzend<br \/>\nSchlie\u00dfung: Rei\u00dfverschluss<br \/>\nTaschen: RV-Taschen<br \/>\nKragen: Stehkragen<br \/>\nMaterial Au\u00dfenschicht: hohe Qualit\u00e4t und weiches Lammfell<br \/>\nLieferzeit: 2-3 Werktage<\/p>","protected":false},"excerpt":{"rendered":"<p><strong>W\u00c4HLEN SIE HIER EINE ANDERE FARBE<\/strong><\/p>\n<p><span style=\"color: #ff0000;\"><a href=\"https:\/\/versano.nl\/shop\/leren-dames-jas-bikerlook-groen-versano-miami\/\"><img loading=\"lazy\" decoding=\"async\" class=\"alignnone size-full wp-image-19873\" src=\"https:\/\/versano.nl\/wp-content\/uploads\/sites\/2\/2020\/04\/groene-leren-dames-jas-biker-model-versano-miami-thumb.jpg\" alt=\"\" width=\"57\" height=\"75\" \/><\/a><a href=\"https:\/\/versano.nl\/shop\/leren-biker-jas-dames-blauw-miami-versano\/\"><img loading=\"lazy\" decoding=\"async\" class=\"alignnone size-full wp-image-19875\" src=\"https:\/\/versano.nl\/wp-content\/uploads\/sites\/2\/2020\/04\/leren-jas-dames-blauw-biker-jack-miami-versano-voorkant-thumb.jpg\" alt=\"\" width=\"57\" height=\"75\" \/><\/a><a href=\"https:\/\/versano.nl\/shop\/dames-leren-jas-cognac-miami-versano\/\"><img loading=\"lazy\" decoding=\"async\" class=\"alignnone size-full wp-image-19877\" src=\"https:\/\/versano.nl\/wp-content\/uploads\/sites\/2\/2020\/04\/leren-jas-dames-cognac-biker-jack-miami-versano-voorkant-thumb.jpg\" alt=\"\" width=\"57\" height=\"75\" \/><\/a><a href=\"https:\/\/versano.nl\/shop\/leren-dames-jas-biker-model-zwart-versano-miami\/\"><img loading=\"lazy\" decoding=\"async\" class=\"alignnone size-full wp-image-19878\" src=\"https:\/\/versano.nl\/wp-content\/uploads\/sites\/2\/2020\/04\/leren-jas-dames-zwart-biker-jack-miami-versano-thumb.jpg\" alt=\"\" width=\"57\" height=\"75\" \/><\/a><a href=\"https:\/\/versano.nl\/shop\/dames-leren-jasje-versano-miami-rood\/\"><img loading=\"lazy\" decoding=\"async\" class=\"alignnone size-full wp-image-19874\" src=\"https:\/\/versano.nl\/wp-content\/uploads\/sites\/2\/2020\/04\/leren-dames-biker-jack-rood-miami-versano-thumb.jpg\" alt=\"\" width=\"56\" height=\"75\" \/><\/a><\/span><\/p>\n<p><span style=\"color: #ff0000;\">Fit Beratung:<\/span> Die Passform dieser Jacke ist eng geschnitten. Unser Modell ist 1,68 cm gro\u00df und tr\u00e4gt eine Gr\u00f6\u00dfe S.<\/p>\n<p>Wenn Sie sich bei Ihren Ma\u00dfen nicht sicher sind, empfehlen wir Ihnen, zuerst Ihre Gr\u00f6\u00dfenma\u00dfe zu messen und sie mit unserer Gr\u00f6\u00dfentabelle zu vergleichen. Wenn Sie keine Erfahrung mit der Messung von Umfangsgr\u00f6\u00dfen haben, klicken Sie auf\u00a0<a href=\"https:\/\/www.youtube.com\/watch?v=3ZSfY87v6pM\"><em>HIER<\/em>\u00a0<\/a>\u00a0zu\u00a0<span style=\"color: #ff0000;\"><a style=\"color: #ff0000;\" href=\"https:\/\/www.youtube.com\/watch?v=3ZSfY87v6pM\"><em>VIDEO<\/em><\/a>\u00a0<\/span> mit Anweisungen. Sie k\u00f6nnen uns auch direkt anrufen oder anrufen! Unsere Mitarbeiter stehen Ihnen jederzeit zur Verf\u00fcgung.<\/p>\n<p><strong>LIEFERZEIT :<\/strong>\u00a02 bis 3 Werktage.<\/p>","protected":false},"featured_media":33544,"comment_status":"closed","ping_status":"closed","template":"","meta":[],"product_brand":[],"product_cat":[1472,1487,90,874,875,1499,877,1470,879,1469,1474,880,1712,881,878,882],"product_tag":[1585,1586,1588,1589,467,1587,95,468,1554,98,349,1590,142,101,105],"class_list":{"0":"post-2879","1":"product","2":"type-product","3":"status-publish","4":"has-post-thumbnail","6":"product_cat-biker-jas-dames","7":"product_cat-dames-biker-jas","8":"product_cat-dames-leren-jassen","9":"product_cat-kort-leren-jasje","10":"product_cat-kort-leren-jasje-dames","11":"product_cat-leren-biker-jas-dames","12":"product_cat-leren-bikerjacks-dames","13":"product_cat-leren-dames-jas","14":"product_cat-leren-dames-jassen","15":"product_cat-leren-jas-dames","16":"product_cat-leren-jas-dames-grote-maten","17":"product_cat-leren-jasje-dames","18":"product_cat-leren-jassen","19":"product_cat-leren-jassen-dames","20":"product_cat-leren-jassen-dames-uitverkoop","21":"product_cat-versano","22":"product_tag-biker-jas-dames-bruin","23":"product_tag-biker-jas-lamsleer-dames","24":"product_tag-bikerjassen-dames","25":"product_tag-bruine-leren-jasse-dames","26":"product_tag-dames-biker-jack-bruin","27":"product_tag-goedkoper-leren-jassen-dames","28":"product_tag-korte-leren-jassen","29":"product_tag-leren-dames-jasje-bruin","30":"product_tag-leren-dames-jassen-sale","31":"product_tag-leren-jasje","32":"product_tag-leren-jassen","33":"product_tag-leren-jassen-dames-bikerlook","34":"product_tag-online-dames-leren-jassen","35":"product_tag-online-leren-jassen","36":"product_tag-versano-leren-jassen","37":"tm-no-options","39":"first","40":"instock","41":"sale","42":"taxable","43":"shipping-taxable","44":"purchasable","45":"product-type-variable"},"yoast_head":"<!-- This site is optimized with the Yoast SEO plugin v27.2 - https:\/\/yoast.com\/product\/yoast-seo-wordpress\/ -->\n<title>Leren biker jas dames Miami bruin Versano, dames leren jas bruin<\/title>\n<meta name=\"description\" content=\"Bent u op zoek naar een biker leren jas voor dames? Dan is de Leren biker jas dames Miami bruin van Versano misschien wel de jas die u zoekt.\" \/>\n<meta name=\"robots\" content=\"index, follow, max-snippet:-1, max-image-preview:large, max-video-preview:-1\" \/>\n<link rel=\"canonical\" href=\"https:\/\/versano.nl\/de\/shop\/dames-leren-jas-versano-miami-bruin\/\" \/>\n<meta property=\"og:locale\" content=\"de_DE\" \/>\n<meta property=\"og:type\" content=\"article\" \/>\n<meta property=\"og:title\" content=\"Leren biker jas dames Miami bruin Versano, dames leren jas bruin\" \/>\n<meta property=\"og:description\" content=\"Bent u op zoek naar een biker leren jas voor dames? Dan is de Leren biker jas dames Miami bruin van Versano misschien wel de jas die u zoekt.\" \/>\n<meta property=\"og:url\" content=\"https:\/\/versano.nl\/de\/shop\/dames-leren-jas-versano-miami-bruin\/\" \/>\n<meta property=\"og:site_name\" content=\"Versano\" \/>\n<meta property=\"article:modified_time\" content=\"2025-11-13T15:06:58+00:00\" \/>\n<meta property=\"og:image\" content=\"https:\/\/versano.nl\/wp-content\/uploads\/2014\/12\/miami-bruin.jpg\" \/>\n\t<meta property=\"og:image:width\" content=\"600\" \/>\n\t<meta property=\"og:image:height\" content=\"800\" \/>\n\t<meta property=\"og:image:type\" content=\"image\/jpeg\" \/>\n<meta name=\"twitter:card\" content=\"summary_large_image\" \/>\n<meta name=\"twitter:label1\" content=\"Gesch\u00e4tzte Lesezeit\" \/>\n\t<meta name=\"twitter:data1\" content=\"2\u00a0Minuten\" \/>\n<script type=\"application\/ld+json\" class=\"yoast-schema-graph\">{\"@context\":\"https:\/\/schema.org\",\"@graph\":[{\"@type\":\"WebPage\",\"@id\":\"https:\/\/versano.nl\/shop\/dames-leren-jas-versano-miami-bruin\/\",\"url\":\"https:\/\/versano.nl\/shop\/dames-leren-jas-versano-miami-bruin\/\",\"name\":\"Leren biker jas dames Miami bruin Versano, dames leren jas bruin\",\"isPartOf\":{\"@id\":\"https:\/\/versano.nl\/#website\"},\"primaryImageOfPage\":{\"@id\":\"https:\/\/versano.nl\/shop\/dames-leren-jas-versano-miami-bruin\/#primaryimage\"},\"image\":{\"@id\":\"https:\/\/versano.nl\/shop\/dames-leren-jas-versano-miami-bruin\/#primaryimage\"},\"thumbnailUrl\":\"https:\/\/versano.nl\/wp-content\/uploads\/2014\/12\/miami-bruin.jpg\",\"datePublished\":\"2014-12-02T06:44:29+00:00\",\"dateModified\":\"2025-11-13T15:06:58+00:00\",\"description\":\"Bent u op zoek naar een biker leren jas voor dames? Dan is de Leren biker jas dames Miami bruin van Versano misschien wel de jas die u zoekt.\",\"breadcrumb\":{\"@id\":\"https:\/\/versano.nl\/shop\/dames-leren-jas-versano-miami-bruin\/#breadcrumb\"},\"inLanguage\":\"de\",\"potentialAction\":[{\"@type\":\"ReadAction\",\"target\":[\"https:\/\/versano.nl\/shop\/dames-leren-jas-versano-miami-bruin\/\"]}]},{\"@type\":\"ImageObject\",\"inLanguage\":\"de\",\"@id\":\"https:\/\/versano.nl\/shop\/dames-leren-jas-versano-miami-bruin\/#primaryimage\",\"url\":\"https:\/\/versano.nl\/wp-content\/uploads\/2014\/12\/miami-bruin.jpg\",\"contentUrl\":\"https:\/\/versano.nl\/wp-content\/uploads\/2014\/12\/miami-bruin.jpg\",\"width\":600,\"height\":800,\"caption\":\"Leren biker jas dames\"},{\"@type\":\"BreadcrumbList\",\"@id\":\"https:\/\/versano.nl\/shop\/dames-leren-jas-versano-miami-bruin\/#breadcrumb\",\"itemListElement\":[{\"@type\":\"ListItem\",\"position\":1,\"name\":\"Home\",\"item\":\"https:\/\/versano.nl\/\"},{\"@type\":\"ListItem\",\"position\":2,\"name\":\"Shop\",\"item\":\"https:\/\/versano.nl\/shop\/\"},{\"@type\":\"ListItem\",\"position\":3,\"name\":\"Leren biker jas dames Miami bruin Versano\"}]},{\"@type\":\"WebSite\",\"@id\":\"https:\/\/versano.nl\/#website\",\"url\":\"https:\/\/versano.nl\/\",\"name\":\"Versano\",\"description\":\"winterjassen met bontkraag | leren dames jassen | leren heren jassen\",\"potentialAction\":[{\"@type\":\"SearchAction\",\"target\":{\"@type\":\"EntryPoint\",\"urlTemplate\":\"https:\/\/versano.nl\/?s={search_term_string}\"},\"query-input\":{\"@type\":\"PropertyValueSpecification\",\"valueRequired\":true,\"valueName\":\"search_term_string\"}}],\"inLanguage\":\"de\"}]}<\/script>\n<!-- \/ Yoast SEO plugin. -->","yoast_head_json":{"title":"Leder Bikerjacke Damen Miami braun Versano, Damen Lederjacke braun","description":"Suchen Sie eine Biker-Lederjacke f\u00fcr Damen? Dann ist die Leder Bikerjacke Damen Miami braun von Versano vielleicht die Jacke, die Sie suchen.","robots":{"index":"index","follow":"follow","max-snippet":"max-snippet:-1","max-image-preview":"max-image-preview:large","max-video-preview":"max-video-preview:-1"},"canonical":"https:\/\/versano.nl\/de\/shop\/dames-leren-jas-versano-miami-bruin\/","og_locale":"de_DE","og_type":"article","og_title":"Leren biker jas dames Miami bruin Versano, dames leren jas bruin","og_description":"Bent u op zoek naar een biker leren jas voor dames? Dan is de Leren biker jas dames Miami bruin van Versano misschien wel de jas die u zoekt.","og_url":"https:\/\/versano.nl\/de\/shop\/dames-leren-jas-versano-miami-bruin\/","og_site_name":"Versano","article_modified_time":"2025-11-13T15:06:58+00:00","og_image":[{"width":600,"height":800,"url":"https:\/\/versano.nl\/wp-content\/uploads\/2014\/12\/miami-bruin.jpg","type":"image\/jpeg"}],"twitter_card":"summary_large_image","twitter_misc":{"Gesch\u00e4tzte Lesezeit":"2\u00a0Minuten"},"schema":{"@context":"https:\/\/schema.org","@graph":[{"@type":"WebPage","@id":"https:\/\/versano.nl\/shop\/dames-leren-jas-versano-miami-bruin\/","url":"https:\/\/versano.nl\/shop\/dames-leren-jas-versano-miami-bruin\/","name":"Leder Bikerjacke Damen Miami braun Versano, Damen Lederjacke braun","isPartOf":{"@id":"https:\/\/versano.nl\/#website"},"primaryImageOfPage":{"@id":"https:\/\/versano.nl\/shop\/dames-leren-jas-versano-miami-bruin\/#primaryimage"},"image":{"@id":"https:\/\/versano.nl\/shop\/dames-leren-jas-versano-miami-bruin\/#primaryimage"},"thumbnailUrl":"https:\/\/versano.nl\/wp-content\/uploads\/2014\/12\/miami-bruin.jpg","datePublished":"2014-12-02T06:44:29+00:00","dateModified":"2025-11-13T15:06:58+00:00","description":"Suchen Sie eine Biker-Lederjacke f\u00fcr Damen? Dann ist die Leder Bikerjacke Damen Miami braun von Versano vielleicht die Jacke, die Sie suchen.","breadcrumb":{"@id":"https:\/\/versano.nl\/shop\/dames-leren-jas-versano-miami-bruin\/#breadcrumb"},"inLanguage":"de","potentialAction":[{"@type":"ReadAction","target":["https:\/\/versano.nl\/shop\/dames-leren-jas-versano-miami-bruin\/"]}]},{"@type":"ImageObject","inLanguage":"de","@id":"https:\/\/versano.nl\/shop\/dames-leren-jas-versano-miami-bruin\/#primaryimage","url":"https:\/\/versano.nl\/wp-content\/uploads\/2014\/12\/miami-bruin.jpg","contentUrl":"https:\/\/versano.nl\/wp-content\/uploads\/2014\/12\/miami-bruin.jpg","width":600,"height":800,"caption":"Leren biker jas dames"},{"@type":"BreadcrumbList","@id":"https:\/\/versano.nl\/shop\/dames-leren-jas-versano-miami-bruin\/#breadcrumb","itemListElement":[{"@type":"ListItem","position":1,"name":"Home","item":"https:\/\/versano.nl\/"},{"@type":"ListItem","position":2,"name":"Shop","item":"https:\/\/versano.nl\/shop\/"},{"@type":"ListItem","position":3,"name":"Leren biker jas dames Miami bruin Versano"}]},{"@type":"WebSite","@id":"https:\/\/versano.nl\/#website","url":"https:\/\/versano.nl\/","name":"Versano","description":"Winterm\u00e4ntel mit Pelzkragen | Damen Lederjacken | Herren Lederjacken","potentialAction":[{"@type":"SearchAction","target":{"@type":"EntryPoint","urlTemplate":"https:\/\/versano.nl\/?s={search_term_string}"},"query-input":{"@type":"PropertyValueSpecification","valueRequired":true,"valueName":"search_term_string"}}],"inLanguage":"de"}]}},"_links":{"self":[{"href":"https:\/\/versano.nl\/de\/wp-json\/wp\/v2\/product\/2879","targetHints":{"allow":["GET"]}}],"collection":[{"href":"https:\/\/versano.nl\/de\/wp-json\/wp\/v2\/product"}],"about":[{"href":"https:\/\/versano.nl\/de\/wp-json\/wp\/v2\/types\/product"}],"replies":[{"embeddable":true,"href":"https:\/\/versano.nl\/de\/wp-json\/wp\/v2\/comments?post=2879"}],"wp:featuredmedia":[{"embeddable":true,"href":"https:\/\/versano.nl\/de\/wp-json\/wp\/v2\/media\/33544"}],"wp:attachment":[{"href":"https:\/\/versano.nl\/de\/wp-json\/wp\/v2\/media?parent=2879"}],"wp:term":[{"taxonomy":"product_brand","embeddable":true,"href":"https:\/\/versano.nl\/de\/wp-json\/wp\/v2\/product_brand?post=2879"},{"taxonomy":"product_cat","embeddable":true,"href":"https:\/\/versano.nl\/de\/wp-json\/wp\/v2\/product_cat?post=2879"},{"taxonomy":"product_tag","embeddable":true,"href":"https:\/\/versano.nl\/de\/wp-json\/wp\/v2\/product_tag?post=2879"}],"curies":[{"name":"wp","href":"https:\/\/api.w.org\/{rel}","templated":true}]}}