{"id":28265,"date":"2023-01-01T19:50:33","date_gmt":"2023-01-01T19:50:33","guid":{"rendered":"https:\/\/versano.nl\/shop\/dames-mantel-jas-versano-violet-zwart\/"},"modified":"2024-12-13T11:35:24","modified_gmt":"2024-12-13T11:35:24","slug":"dames-mantel-jas-versano-violet-zwart","status":"publish","type":"product","link":"https:\/\/versano.nl\/de\/shop\/dames-mantel-jas-versano-violet-zwart\/","title":{"rendered":"Manteljacke Damen Versano Violett schwarz"},"content":{"rendered":"<h2>Manteljacke Damen Versano Violett schwarz<\/h2>\n<p>Suchen Sie zuf\u00e4llig einen sch\u00f6nen Damenmantel in der Farbe Schwarz? Suchen Sie nicht weiter, denn bei der bekannten Jackenmarke Versano sind Sie genau richtig. Der Violet ist der perfekte Damenmantel, der Sie sch\u00f6n warm h\u00e4lt und den Sie in mehreren Jahreszeiten tragen k\u00f6nnen! Die Manteljacke Damen Versano Violett Schwarz der bekannten Jackenmarke Versano ist nicht nur stylisch, sondern hat auch eine sch\u00f6n taillierte Passform. Dieses neue Modell von Versano ist ein dreiviertel langes Modell mit Taschen, die sich auf H\u00fcfth\u00f6he befinden. Die Jacke schlie\u00dft mit einem Knopfverschluss. Es ist ein Modell der neuen Versano-Kollektion zu einem wettbewerbsf\u00e4higen Preis. Wir haben den Valentino auch in den Farben Rot und Camel zum Verkauf.<\/p>\n<h2>Ein Umhang mit sch\u00f6nem Design<\/h2>\n<p>Kennen Sie Versano schon? Die Marke Versano ist vor allem f\u00fcr die sch\u00f6nen und besonderen Modelle von Jacken mit ma\u00dfgeschneiderten italienischen Passformen bekannt, aber dies ist nicht nur ein Design, wir nennen es &quot;A STATE OF ART&quot;. Mit einem so sch\u00f6nen Mantel von Versano k\u00f6nnen Sie sicher sein, dass Sie ihn den ganzen Winter \u00fcber tragen werden. Das sind wundersch\u00f6ne Jacken, die nicht nur perfekt designt, sondern auch aus den besten Materialien gefertigt sind. Die Damen Manteljacke Violett in der Farbe Schwarz k\u00f6nnen Sie ganz einfach \u00fcber unseren Versano Webshop bestellen. Wir haben hier alle unsere Jacken f\u00fcr Sie zusammengestellt, damit Sie ganz einfach eine Bestellung aufgeben k\u00f6nnen. Bei Versano k\u00f6nnen Sie immer sicher sein, dass Sie eine sch\u00f6ne, sorgf\u00e4ltig verarbeitete Jacke kaufen, an der Sie viel Freude haben werden.<\/p>\n<p>&nbsp;<\/p>\n<p>Marke: Versan<br \/>\nL\u00e4nge: 3 Viertel<br \/>\nMaterial: 64% Polyester, 34% Viscon, 2% Lycra, Synthetik<br \/>\nPassform: ausgestattet<br \/>\nFutter: 100% Polyester<br \/>\nVerschluss: Knopfverschluss<br \/>\nTaschen: Seitentaschen<br \/>\nFunktion: wasserdicht, winddicht<\/p>","protected":false},"excerpt":{"rendered":"<p>Wenn Sie sich bei Ihren Ma\u00dfen nicht sicher sind, empfehlen wir Ihnen, zuerst Ihre Gr\u00f6\u00dfenma\u00dfe zu messen und sie mit unserer Gr\u00f6\u00dfentabelle zu vergleichen. Wenn Sie keine Erfahrung mit der Messung von Umfangsgr\u00f6\u00dfen haben, klicken Sie auf <a href=\"https:\/\/www.youtube.com\/watch?v=3ZSfY87v6pM\"><em>HIER<\/em>\u00a0<\/a>\u00a0zu <span style=\"color: #ff0000;\"><a style=\"color: #ff0000;\" href=\"https:\/\/www.youtube.com\/watch?v=3ZSfY87v6pM\"><em>VIDEO<\/em><\/a>\u00a0<\/span> mit Anweisungen. Sie k\u00f6nnen uns auch direkt anrufen oder anrufen! Unsere Mitarbeiter stehen Ihnen jederzeit zur Verf\u00fcgung.<\/p>\n<p>Dit model valt 1 maat kleiner dan gewoonlijk. Bestel 1 maat groter dan dat u normaal heeft.<\/p>\n<p><strong><span style=\"color: #000000;\">LIEFERZEIT<\/span> :<\/strong> 2 bis 3 Werktage.<\/p>","protected":false},"featured_media":28522,"comment_status":"closed","ping_status":"closed","template":"","meta":[],"product_brand":[],"product_cat":[2151,1339],"product_tag":[2162,2163,2164,2156],"class_list":{"0":"post-28265","1":"product","2":"type-product","3":"status-publish","4":"has-post-thumbnail","6":"product_cat-dames-mantel-jassen","7":"product_cat-winterjassen-dames","8":"product_tag-dames-mantels-zwart","9":"product_tag-mantel-jassen-dames","10":"product_tag-manteljassen-zwart","11":"product_tag-zwarte-dames-mantels","12":"tm-no-options","14":"first","15":"instock","16":"taxable","17":"shipping-taxable","18":"product-type-variable"},"yoast_head":"<!-- This site is optimized with the Yoast SEO plugin v27.2 - https:\/\/yoast.com\/product\/yoast-seo-wordpress\/ -->\n<title>Mantel jas dames Versano Violet zwart<\/title>\n<meta name=\"description\" content=\"Ben je op zoek naar een mooie Mantel jas dames Versano Violet zwart? Dan ben je bij het bekende jassen merk Versano aan het juiste adres.\" \/>\n<meta name=\"robots\" content=\"index, follow, max-snippet:-1, max-image-preview:large, max-video-preview:-1\" \/>\n<link rel=\"canonical\" href=\"https:\/\/versano.nl\/de\/shop\/dames-mantel-jas-versano-violet-zwart\/\" \/>\n<meta property=\"og:locale\" content=\"de_DE\" \/>\n<meta property=\"og:type\" content=\"article\" \/>\n<meta property=\"og:title\" content=\"Mantel jas dames Versano Violet zwart\" \/>\n<meta property=\"og:description\" content=\"Ben je op zoek naar een mooie Mantel jas dames Versano Violet zwart? Dan ben je bij het bekende jassen merk Versano aan het juiste adres.\" \/>\n<meta property=\"og:url\" content=\"https:\/\/versano.nl\/de\/shop\/dames-mantel-jas-versano-violet-zwart\/\" \/>\n<meta property=\"og:site_name\" content=\"Versano\" \/>\n<meta property=\"article:modified_time\" content=\"2024-12-13T11:35:24+00:00\" \/>\n<meta property=\"og:image\" content=\"https:\/\/versano.nl\/wp-content\/uploads\/2023\/01\/violet-zwart-1.jpg\" \/>\n\t<meta property=\"og:image:width\" content=\"900\" \/>\n\t<meta property=\"og:image:height\" content=\"1200\" \/>\n\t<meta property=\"og:image:type\" content=\"image\/jpeg\" \/>\n<meta name=\"twitter:card\" content=\"summary_large_image\" \/>\n<meta name=\"twitter:label1\" content=\"Gesch\u00e4tzte Lesezeit\" \/>\n\t<meta name=\"twitter:data1\" content=\"2\u00a0Minuten\" \/>\n<script type=\"application\/ld+json\" class=\"yoast-schema-graph\">{\"@context\":\"https:\/\/schema.org\",\"@graph\":[{\"@type\":\"WebPage\",\"@id\":\"https:\/\/versano.nl\/shop\/dames-mantel-jas-versano-violet-zwart\/\",\"url\":\"https:\/\/versano.nl\/shop\/dames-mantel-jas-versano-violet-zwart\/\",\"name\":\"Mantel jas dames Versano Violet zwart\",\"isPartOf\":{\"@id\":\"https:\/\/versano.nl\/#website\"},\"primaryImageOfPage\":{\"@id\":\"https:\/\/versano.nl\/shop\/dames-mantel-jas-versano-violet-zwart\/#primaryimage\"},\"image\":{\"@id\":\"https:\/\/versano.nl\/shop\/dames-mantel-jas-versano-violet-zwart\/#primaryimage\"},\"thumbnailUrl\":\"https:\/\/versano.nl\/wp-content\/uploads\/2023\/01\/violet-zwart-1.jpg\",\"datePublished\":\"2023-01-01T19:50:33+00:00\",\"dateModified\":\"2024-12-13T11:35:24+00:00\",\"description\":\"Ben je op zoek naar een mooie Mantel jas dames Versano Violet zwart? Dan ben je bij het bekende jassen merk Versano aan het juiste adres.\",\"breadcrumb\":{\"@id\":\"https:\/\/versano.nl\/shop\/dames-mantel-jas-versano-violet-zwart\/#breadcrumb\"},\"inLanguage\":\"de\",\"potentialAction\":[{\"@type\":\"ReadAction\",\"target\":[\"https:\/\/versano.nl\/shop\/dames-mantel-jas-versano-violet-zwart\/\"]}]},{\"@type\":\"ImageObject\",\"inLanguage\":\"de\",\"@id\":\"https:\/\/versano.nl\/shop\/dames-mantel-jas-versano-violet-zwart\/#primaryimage\",\"url\":\"https:\/\/versano.nl\/wp-content\/uploads\/2023\/01\/violet-zwart-1.jpg\",\"contentUrl\":\"https:\/\/versano.nl\/wp-content\/uploads\/2023\/01\/violet-zwart-1.jpg\",\"width\":900,\"height\":1200,\"caption\":\"mantel-jas-dames-zwart\"},{\"@type\":\"BreadcrumbList\",\"@id\":\"https:\/\/versano.nl\/shop\/dames-mantel-jas-versano-violet-zwart\/#breadcrumb\",\"itemListElement\":[{\"@type\":\"ListItem\",\"position\":1,\"name\":\"Home\",\"item\":\"https:\/\/versano.nl\/\"},{\"@type\":\"ListItem\",\"position\":2,\"name\":\"Shop\",\"item\":\"https:\/\/versano.nl\/shop\/\"},{\"@type\":\"ListItem\",\"position\":3,\"name\":\"Mantel jas dames Versano Violet zwart\"}]},{\"@type\":\"WebSite\",\"@id\":\"https:\/\/versano.nl\/#website\",\"url\":\"https:\/\/versano.nl\/\",\"name\":\"Versano\",\"description\":\"winterjassen met bontkraag | leren dames jassen | leren heren jassen\",\"potentialAction\":[{\"@type\":\"SearchAction\",\"target\":{\"@type\":\"EntryPoint\",\"urlTemplate\":\"https:\/\/versano.nl\/?s={search_term_string}\"},\"query-input\":{\"@type\":\"PropertyValueSpecification\",\"valueRequired\":true,\"valueName\":\"search_term_string\"}}],\"inLanguage\":\"de\"}]}<\/script>\n<!-- \/ Yoast SEO plugin. -->","yoast_head_json":{"title":"Manteljacke Damen Versano Violett schwarz","description":"Suchen Sie eine sch\u00f6ne Manteljacke Damen Versano Violett Schwarz? Dann sind Sie bei der bekannten Jackenmarke Versano genau richtig.","robots":{"index":"index","follow":"follow","max-snippet":"max-snippet:-1","max-image-preview":"max-image-preview:large","max-video-preview":"max-video-preview:-1"},"canonical":"https:\/\/versano.nl\/de\/shop\/dames-mantel-jas-versano-violet-zwart\/","og_locale":"de_DE","og_type":"article","og_title":"Mantel jas dames Versano Violet zwart","og_description":"Ben je op zoek naar een mooie Mantel jas dames Versano Violet zwart? Dan ben je bij het bekende jassen merk Versano aan het juiste adres.","og_url":"https:\/\/versano.nl\/de\/shop\/dames-mantel-jas-versano-violet-zwart\/","og_site_name":"Versano","article_modified_time":"2024-12-13T11:35:24+00:00","og_image":[{"width":900,"height":1200,"url":"https:\/\/versano.nl\/wp-content\/uploads\/2023\/01\/violet-zwart-1.jpg","type":"image\/jpeg"}],"twitter_card":"summary_large_image","twitter_misc":{"Gesch\u00e4tzte Lesezeit":"2\u00a0Minuten"},"schema":{"@context":"https:\/\/schema.org","@graph":[{"@type":"WebPage","@id":"https:\/\/versano.nl\/shop\/dames-mantel-jas-versano-violet-zwart\/","url":"https:\/\/versano.nl\/shop\/dames-mantel-jas-versano-violet-zwart\/","name":"Manteljacke Damen Versano Violett schwarz","isPartOf":{"@id":"https:\/\/versano.nl\/#website"},"primaryImageOfPage":{"@id":"https:\/\/versano.nl\/shop\/dames-mantel-jas-versano-violet-zwart\/#primaryimage"},"image":{"@id":"https:\/\/versano.nl\/shop\/dames-mantel-jas-versano-violet-zwart\/#primaryimage"},"thumbnailUrl":"https:\/\/versano.nl\/wp-content\/uploads\/2023\/01\/violet-zwart-1.jpg","datePublished":"2023-01-01T19:50:33+00:00","dateModified":"2024-12-13T11:35:24+00:00","description":"Suchen Sie eine sch\u00f6ne Manteljacke Damen Versano Violett Schwarz? Dann sind Sie bei der bekannten Jackenmarke Versano genau richtig.","breadcrumb":{"@id":"https:\/\/versano.nl\/shop\/dames-mantel-jas-versano-violet-zwart\/#breadcrumb"},"inLanguage":"de","potentialAction":[{"@type":"ReadAction","target":["https:\/\/versano.nl\/shop\/dames-mantel-jas-versano-violet-zwart\/"]}]},{"@type":"ImageObject","inLanguage":"de","@id":"https:\/\/versano.nl\/shop\/dames-mantel-jas-versano-violet-zwart\/#primaryimage","url":"https:\/\/versano.nl\/wp-content\/uploads\/2023\/01\/violet-zwart-1.jpg","contentUrl":"https:\/\/versano.nl\/wp-content\/uploads\/2023\/01\/violet-zwart-1.jpg","width":900,"height":1200,"caption":"mantel-jas-dames-zwart"},{"@type":"BreadcrumbList","@id":"https:\/\/versano.nl\/shop\/dames-mantel-jas-versano-violet-zwart\/#breadcrumb","itemListElement":[{"@type":"ListItem","position":1,"name":"Home","item":"https:\/\/versano.nl\/"},{"@type":"ListItem","position":2,"name":"Shop","item":"https:\/\/versano.nl\/shop\/"},{"@type":"ListItem","position":3,"name":"Mantel jas dames Versano Violet zwart"}]},{"@type":"WebSite","@id":"https:\/\/versano.nl\/#website","url":"https:\/\/versano.nl\/","name":"Versano","description":"Winterm\u00e4ntel mit Pelzkragen | Damen Lederjacken | Herren Lederjacken","potentialAction":[{"@type":"SearchAction","target":{"@type":"EntryPoint","urlTemplate":"https:\/\/versano.nl\/?s={search_term_string}"},"query-input":{"@type":"PropertyValueSpecification","valueRequired":true,"valueName":"search_term_string"}}],"inLanguage":"de"}]}},"_links":{"self":[{"href":"https:\/\/versano.nl\/de\/wp-json\/wp\/v2\/product\/28265","targetHints":{"allow":["GET"]}}],"collection":[{"href":"https:\/\/versano.nl\/de\/wp-json\/wp\/v2\/product"}],"about":[{"href":"https:\/\/versano.nl\/de\/wp-json\/wp\/v2\/types\/product"}],"replies":[{"embeddable":true,"href":"https:\/\/versano.nl\/de\/wp-json\/wp\/v2\/comments?post=28265"}],"wp:featuredmedia":[{"embeddable":true,"href":"https:\/\/versano.nl\/de\/wp-json\/wp\/v2\/media\/28522"}],"wp:attachment":[{"href":"https:\/\/versano.nl\/de\/wp-json\/wp\/v2\/media?parent=28265"}],"wp:term":[{"taxonomy":"product_brand","embeddable":true,"href":"https:\/\/versano.nl\/de\/wp-json\/wp\/v2\/product_brand?post=28265"},{"taxonomy":"product_cat","embeddable":true,"href":"https:\/\/versano.nl\/de\/wp-json\/wp\/v2\/product_cat?post=28265"},{"taxonomy":"product_tag","embeddable":true,"href":"https:\/\/versano.nl\/de\/wp-json\/wp\/v2\/product_tag?post=28265"}],"curies":[{"name":"wp","href":"https:\/\/api.w.org\/{rel}","templated":true}]}}