{"id":2598,"date":"2015-03-07T00:23:39","date_gmt":"2015-03-07T00:23:39","guid":{"rendered":"http:\/\/leathershopdoci.nl\/shop\/dames-leren-jas-versano-336-blauw\/"},"modified":"2021-02-05T14:50:56","modified_gmt":"2021-02-05T14:50:56","slug":"leren-dames-biker-jas-blauw-versano","status":"publish","type":"product","link":"https:\/\/versano.nl\/de\/shop\/leren-dames-biker-jas-blauw-versano\/","title":{"rendered":"Frauen Lederbikerjacke blau Versano"},"content":{"rendered":"<h2>Frauen Lederbikerjacke blau Versano<\/h2>\n<p>In Versano sie gerne ihre M\u00e4ntel nicht durchzuf\u00fchren, sondern eine Handvoll von verschiedenen Farben. Dies ist ein Unternehmen, in dem die Verwendung von verschiedenen Farben in den Jacken sehr wichtig ist. Betrachten Sie diese Damen Leder Bikerjacke blau Versano. Dies ist eine Jacke, die t\u00e4uschend \u00e4hnlich sieht alles und man kann sicherlich die Zustimmung der anderen weg tragen. Es ist vor allem eine Jacke, die Sie mit Freude selbst tragen fahren. Es ist aus weichem Lammleder, die einen besonderen Komfort. Dies ist ein Material, das eine sch\u00f6ne W\u00e4sche hat, tun Sie dies nicht n\u00f6tig, dann zu k\u00fcmmern.<\/p>\n<p><strong>Blaues Damen-Bikerjacke aus Leder, um von Versano<\/strong><br \/>\nUm diese Jacke zu bestellen Sie bei uns, dann beraten wir Sie irgendwelche Zweifel zu haben, hier. Dies ist in der Tat einer der Top-Modelle in unserem Sortiment. Dies ist eine Jacke, die perfekt ist und das sieht auch sehr sch\u00f6n. Er ist mit zwei tiefen Taschen ausgestattet, sondern auch mit einem inneren zweifellos gut kam in praktisch. Auch auf der Brust sind zwei Taschen. Alle Taschen dieser Jacke mit einem Rei\u00dfverschluss geschlossen werden. So k\u00f6nnen Sie sich hier stopfen in dir stoppen will sie nicht leicht wieder herausfallen.<\/p>\n<p>Marke: <a title=\"versano\" href=\"https:\/\/versano.nl\" target=\"_blank\" rel=\"noopener noreferrer\">Versano<\/a><br \/>\nMaterial: 100% Lammfell<br \/>\nFutter: 100% Polyester<br \/>\nL\u00e4nge: kurz<br \/>\nPassen: Ausgestattet Italienisch (klein)<br \/>\nSchlie\u00dfung: Rei\u00dfverschluss<br \/>\nTaschen: RV-Taschen<br \/>\nKragen: unten Kragen<br \/>\nMaterial Au\u00dfenschicht: hohe Qualit\u00e4t und weiches Lammfell<br \/>\nZeit: 1-3 Tage<\/p>","protected":false},"excerpt":{"rendered":"<p><strong>Wenn Sie eine Gr\u00f6\u00dfe w\u00e4hlen, dann erscheint eine Zeichnung mit Gr\u00f6\u00dfenabmessungen. Um die richtige Gr\u00f6\u00dfe zu ermitteln, empfiehlt es sich, zuerst Ihre Gurtma\u00dfe zu messen und vergleichen sie mit den Abmessungen in der Zeichnung. Haben Sie keine Erfahrung haben die Ma\u00dfe bei der Messung, klicken Sie bitte <a href=\"https:\/\/www.youtube.com\/watch?v=MmcpCx4GsdU\" target=\"_blank\" rel=\"noopener noreferrer\"><span style=\"color: #ff0000;\"><em>HIER<\/em><\/span>\u00a0<\/a> zu <span style=\"color: #ff0000;\"><em><a style=\"color: #ff0000;\" href=\"https:\/\/www.youtube.com\/watch?v=MmcpCx4GsdU\" target=\"_blank\" rel=\"noopener noreferrer\">VIDEO<\/a><\/em><\/span> um zu sehen, wie dies zu tun<\/strong>.<\/p>\n<p>Diese schwarze Ledermotorradjacke Damen Versano einen abgewinkelten Rei\u00dfverschlusses mit zwei Seitentaschen und zwei Rei\u00dfverschluss Brusttaschen. Die Jacke ist aus Lammnappa und italienischer Sprache mit regul\u00e4rer Passform ausgestattet und auch in braun, schwarz und Cognac.<\/p>","protected":false},"featured_media":8717,"comment_status":"closed","ping_status":"closed","template":"","meta":[],"product_brand":[],"product_cat":[90,1712],"product_tag":[178,464,126,465,466,98,349,101,105],"class_list":{"0":"post-2598","1":"product","2":"type-product","3":"status-publish","4":"has-post-thumbnail","6":"product_cat-dames-leren-jassen","7":"product_cat-leren-jassen","8":"product_tag-biker-jack-blauw","9":"product_tag-bikerjack-blauw","10":"product_tag-blauwe-dames-biker-jack","11":"product_tag-dames-biker-jack-blauw","12":"product_tag-dames-bikerjack-blauw","13":"product_tag-leren-jasje","14":"product_tag-leren-jassen","15":"product_tag-online-leren-jassen","16":"product_tag-versano-leren-jassen","17":"tm-no-options","19":"first","20":"outofstock","21":"taxable","22":"shipping-taxable","23":"product-type-variable"},"yoast_head":"<!-- This site is optimized with the Yoast SEO plugin v27.2 - https:\/\/yoast.com\/product\/yoast-seo-wordpress\/ -->\n<title>leren dames biker jas blauw Versano, dames biker jack blauw<\/title>\n<meta name=\"description\" content=\"Deze leren dames biker jas blauw Versano is een echte blikvanger en blinkt uit in draagcomfort en model. Het duurzame lamsleer\" \/>\n<meta name=\"robots\" content=\"index, follow, max-snippet:-1, max-image-preview:large, max-video-preview:-1\" \/>\n<link rel=\"canonical\" href=\"https:\/\/versano.nl\/de\/shop\/leren-dames-biker-jas-blauw-versano\/\" \/>\n<meta property=\"og:locale\" content=\"de_DE\" \/>\n<meta property=\"og:type\" content=\"article\" \/>\n<meta property=\"og:title\" content=\"leren dames biker jas blauw Versano, dames biker jack blauw\" \/>\n<meta property=\"og:description\" content=\"Deze leren dames biker jas blauw Versano is een echte blikvanger en blinkt uit in draagcomfort en model. Het duurzame lamsleer\" \/>\n<meta property=\"og:url\" content=\"https:\/\/versano.nl\/de\/shop\/leren-dames-biker-jas-blauw-versano\/\" \/>\n<meta property=\"og:site_name\" content=\"Versano\" \/>\n<meta property=\"article:modified_time\" content=\"2021-02-05T14:50:56+00:00\" \/>\n<meta property=\"og:image\" content=\"https:\/\/versano.nl\/wp-content\/uploads\/2018\/05\/dames-leren-jas-blauw-336-versano-model2.jpg\" \/>\n\t<meta property=\"og:image:width\" content=\"900\" \/>\n\t<meta property=\"og:image:height\" content=\"1176\" \/>\n\t<meta property=\"og:image:type\" content=\"image\/jpeg\" \/>\n<meta name=\"twitter:card\" content=\"summary_large_image\" \/>\n<meta name=\"twitter:label1\" content=\"Gesch\u00e4tzte Lesezeit\" \/>\n\t<meta name=\"twitter:data1\" content=\"1\u00a0Minute\" \/>\n<script type=\"application\/ld+json\" class=\"yoast-schema-graph\">{\"@context\":\"https:\/\/schema.org\",\"@graph\":[{\"@type\":\"WebPage\",\"@id\":\"https:\/\/versano.nl\/shop\/leren-dames-biker-jas-blauw-versano\/\",\"url\":\"https:\/\/versano.nl\/shop\/leren-dames-biker-jas-blauw-versano\/\",\"name\":\"leren dames biker jas blauw Versano, dames biker jack blauw\",\"isPartOf\":{\"@id\":\"https:\/\/versano.nl\/#website\"},\"primaryImageOfPage\":{\"@id\":\"https:\/\/versano.nl\/shop\/leren-dames-biker-jas-blauw-versano\/#primaryimage\"},\"image\":{\"@id\":\"https:\/\/versano.nl\/shop\/leren-dames-biker-jas-blauw-versano\/#primaryimage\"},\"thumbnailUrl\":\"https:\/\/versano.nl\/wp-content\/uploads\/2018\/05\/dames-leren-jas-blauw-336-versano-model2.jpg\",\"datePublished\":\"2015-03-07T00:23:39+00:00\",\"dateModified\":\"2021-02-05T14:50:56+00:00\",\"description\":\"Deze leren dames biker jas blauw Versano is een echte blikvanger en blinkt uit in draagcomfort en model. Het duurzame lamsleer\",\"breadcrumb\":{\"@id\":\"https:\/\/versano.nl\/shop\/leren-dames-biker-jas-blauw-versano\/#breadcrumb\"},\"inLanguage\":\"de\",\"potentialAction\":[{\"@type\":\"ReadAction\",\"target\":[\"https:\/\/versano.nl\/shop\/leren-dames-biker-jas-blauw-versano\/\"]}]},{\"@type\":\"ImageObject\",\"inLanguage\":\"de\",\"@id\":\"https:\/\/versano.nl\/shop\/leren-dames-biker-jas-blauw-versano\/#primaryimage\",\"url\":\"https:\/\/versano.nl\/wp-content\/uploads\/2018\/05\/dames-leren-jas-blauw-336-versano-model2.jpg\",\"contentUrl\":\"https:\/\/versano.nl\/wp-content\/uploads\/2018\/05\/dames-leren-jas-blauw-336-versano-model2.jpg\",\"width\":900,\"height\":1176,\"caption\":\"dames-leren-jas-blauw-336-versano-model2\"},{\"@type\":\"BreadcrumbList\",\"@id\":\"https:\/\/versano.nl\/shop\/leren-dames-biker-jas-blauw-versano\/#breadcrumb\",\"itemListElement\":[{\"@type\":\"ListItem\",\"position\":1,\"name\":\"Home\",\"item\":\"https:\/\/versano.nl\/\"},{\"@type\":\"ListItem\",\"position\":2,\"name\":\"Shop\",\"item\":\"https:\/\/versano.nl\/shop\/\"},{\"@type\":\"ListItem\",\"position\":3,\"name\":\"leren dames biker jas blauw Versano\"}]},{\"@type\":\"WebSite\",\"@id\":\"https:\/\/versano.nl\/#website\",\"url\":\"https:\/\/versano.nl\/\",\"name\":\"Versano\",\"description\":\"winterjassen met bontkraag | leren dames jassen | leren heren jassen\",\"potentialAction\":[{\"@type\":\"SearchAction\",\"target\":{\"@type\":\"EntryPoint\",\"urlTemplate\":\"https:\/\/versano.nl\/?s={search_term_string}\"},\"query-input\":{\"@type\":\"PropertyValueSpecification\",\"valueRequired\":true,\"valueName\":\"search_term_string\"}}],\"inLanguage\":\"de\"}]}<\/script>\n<!-- \/ Yoast SEO plugin. -->","yoast_head_json":{"title":"Damenbikerjacke aus Leder blau Versano, Damenbikerjacke blau","description":"Diese Leder Bikerjacke blau Versano ist ein echter Hingucker und zeichnet sich durch Komfort und Modell aus. Das nachhaltige Lammleder","robots":{"index":"index","follow":"follow","max-snippet":"max-snippet:-1","max-image-preview":"max-image-preview:large","max-video-preview":"max-video-preview:-1"},"canonical":"https:\/\/versano.nl\/de\/shop\/leren-dames-biker-jas-blauw-versano\/","og_locale":"de_DE","og_type":"article","og_title":"leren dames biker jas blauw Versano, dames biker jack blauw","og_description":"Deze leren dames biker jas blauw Versano is een echte blikvanger en blinkt uit in draagcomfort en model. Het duurzame lamsleer","og_url":"https:\/\/versano.nl\/de\/shop\/leren-dames-biker-jas-blauw-versano\/","og_site_name":"Versano","article_modified_time":"2021-02-05T14:50:56+00:00","og_image":[{"width":900,"height":1176,"url":"https:\/\/versano.nl\/wp-content\/uploads\/2018\/05\/dames-leren-jas-blauw-336-versano-model2.jpg","type":"image\/jpeg"}],"twitter_card":"summary_large_image","twitter_misc":{"Gesch\u00e4tzte Lesezeit":"1\u00a0Minute"},"schema":{"@context":"https:\/\/schema.org","@graph":[{"@type":"WebPage","@id":"https:\/\/versano.nl\/shop\/leren-dames-biker-jas-blauw-versano\/","url":"https:\/\/versano.nl\/shop\/leren-dames-biker-jas-blauw-versano\/","name":"Damenbikerjacke aus Leder blau Versano, Damenbikerjacke blau","isPartOf":{"@id":"https:\/\/versano.nl\/#website"},"primaryImageOfPage":{"@id":"https:\/\/versano.nl\/shop\/leren-dames-biker-jas-blauw-versano\/#primaryimage"},"image":{"@id":"https:\/\/versano.nl\/shop\/leren-dames-biker-jas-blauw-versano\/#primaryimage"},"thumbnailUrl":"https:\/\/versano.nl\/wp-content\/uploads\/2018\/05\/dames-leren-jas-blauw-336-versano-model2.jpg","datePublished":"2015-03-07T00:23:39+00:00","dateModified":"2021-02-05T14:50:56+00:00","description":"Diese Leder Bikerjacke blau Versano ist ein echter Hingucker und zeichnet sich durch Komfort und Modell aus. Das nachhaltige Lammleder","breadcrumb":{"@id":"https:\/\/versano.nl\/shop\/leren-dames-biker-jas-blauw-versano\/#breadcrumb"},"inLanguage":"de","potentialAction":[{"@type":"ReadAction","target":["https:\/\/versano.nl\/shop\/leren-dames-biker-jas-blauw-versano\/"]}]},{"@type":"ImageObject","inLanguage":"de","@id":"https:\/\/versano.nl\/shop\/leren-dames-biker-jas-blauw-versano\/#primaryimage","url":"https:\/\/versano.nl\/wp-content\/uploads\/2018\/05\/dames-leren-jas-blauw-336-versano-model2.jpg","contentUrl":"https:\/\/versano.nl\/wp-content\/uploads\/2018\/05\/dames-leren-jas-blauw-336-versano-model2.jpg","width":900,"height":1176,"caption":"dames-leren-jas-blauw-336-versano-model2"},{"@type":"BreadcrumbList","@id":"https:\/\/versano.nl\/shop\/leren-dames-biker-jas-blauw-versano\/#breadcrumb","itemListElement":[{"@type":"ListItem","position":1,"name":"Home","item":"https:\/\/versano.nl\/"},{"@type":"ListItem","position":2,"name":"Shop","item":"https:\/\/versano.nl\/shop\/"},{"@type":"ListItem","position":3,"name":"leren dames biker jas blauw Versano"}]},{"@type":"WebSite","@id":"https:\/\/versano.nl\/#website","url":"https:\/\/versano.nl\/","name":"Versano","description":"Winterm\u00e4ntel mit Pelzkragen | Damen Lederjacken | Herren Lederjacken","potentialAction":[{"@type":"SearchAction","target":{"@type":"EntryPoint","urlTemplate":"https:\/\/versano.nl\/?s={search_term_string}"},"query-input":{"@type":"PropertyValueSpecification","valueRequired":true,"valueName":"search_term_string"}}],"inLanguage":"de"}]}},"_links":{"self":[{"href":"https:\/\/versano.nl\/de\/wp-json\/wp\/v2\/product\/2598","targetHints":{"allow":["GET"]}}],"collection":[{"href":"https:\/\/versano.nl\/de\/wp-json\/wp\/v2\/product"}],"about":[{"href":"https:\/\/versano.nl\/de\/wp-json\/wp\/v2\/types\/product"}],"replies":[{"embeddable":true,"href":"https:\/\/versano.nl\/de\/wp-json\/wp\/v2\/comments?post=2598"}],"wp:featuredmedia":[{"embeddable":true,"href":"https:\/\/versano.nl\/de\/wp-json\/wp\/v2\/media\/8717"}],"wp:attachment":[{"href":"https:\/\/versano.nl\/de\/wp-json\/wp\/v2\/media?parent=2598"}],"wp:term":[{"taxonomy":"product_brand","embeddable":true,"href":"https:\/\/versano.nl\/de\/wp-json\/wp\/v2\/product_brand?post=2598"},{"taxonomy":"product_cat","embeddable":true,"href":"https:\/\/versano.nl\/de\/wp-json\/wp\/v2\/product_cat?post=2598"},{"taxonomy":"product_tag","embeddable":true,"href":"https:\/\/versano.nl\/de\/wp-json\/wp\/v2\/product_tag?post=2598"}],"curies":[{"name":"wp","href":"https:\/\/api.w.org\/{rel}","templated":true}]}}