{"id":2514,"date":"2015-03-07T00:51:30","date_gmt":"2015-03-07T00:51:30","guid":{"rendered":"http:\/\/leathershopdoci.nl\/shop\/dames-leren-jas-versano-336-zwart\/"},"modified":"2021-02-05T14:50:54","modified_gmt":"2021-02-05T14:50:54","slug":"zwarte-leren-dames-biker-jack-van-versano","status":"publish","type":"product","link":"https:\/\/versano.nl\/de\/shop\/zwarte-leren-dames-biker-jack-van-versano\/","title":{"rendered":"Schwarze Frauen Leder oder Bikerjacke aus Versano"},"content":{"rendered":"<h2>Schwarze Frauen Leder oder Bikerjacke aus Versano<\/h2>\n<p>In Versano sie gerne ihre M\u00e4ntel nicht durchzuf\u00fchren, sondern eine Handvoll von verschiedenen Farben. Dies ist ein Unternehmen, in dem die Verwendung von verschiedenen Farben in den Jacken sehr wichtig ist. Nehmen Sie zum Beispiel diese schwarze Lederbikerjacke Damen von Versano. Dies ist eine Jacke, die t\u00e4uschend \u00e4hnlich sieht alles und man kann sicherlich die Zustimmung der anderen weg tragen. Es ist vor allem eine Jacke, die Sie mit Freude selbst tragen fahren. Es ist aus weichem Lammleder, die einen besonderen Komfort. Dies ist ein Material, das eine sch\u00f6ne W\u00e4sche hat, tun Sie dies nicht n\u00f6tig, dann zu k\u00fcmmern.<\/p>\n<p><strong>Schwarze Frauen Leder oder Bikerjacke um von Versano<\/strong><br \/>\nUm diese Jacke zu bestellen Sie bei uns, dann beraten wir Sie irgendwelche Zweifel zu haben, hier. Dies ist in der Tat einer der Top-Modelle in unserem Sortiment. Dies ist eine Jacke, die perfekt ist und das sieht auch sehr sch\u00f6n. Er ist mit zwei tiefen Taschen ausgestattet, sondern auch mit einem inneren zweifellos gut kam in praktisch. Auch auf der Brust sind zwei Taschen. Alle Taschen dieser Jacke mit einem Rei\u00dfverschluss geschlossen werden. So k\u00f6nnen Sie sich hier stopfen in dir stoppen will sie nicht leicht wieder herausfallen.<\/p>\n<p>Marke: <a href=\"https:\/\/versano.nl\/\" target=\"_blank\" rel=\"noopener noreferrer\">Versano<\/a><br \/>\nMaterial: 100% Lammfell<br \/>\nFutter: 100% Polyester<br \/>\nL\u00e4nge: kurz<br \/>\nPassen: Ausgestattet Italienisch (Runs)<br \/>\nSchlie\u00dfung: Rei\u00dfverschluss<br \/>\nTaschen: RV-Taschen<br \/>\nKragen: unten Kragen<br \/>\nMaterial Au\u00dfenschicht: hohe Qualit\u00e4t und weiches Lammfell<br \/>\nZeit: 1-3 Tage<\/p>","protected":false},"excerpt":{"rendered":"<p><strong>Wenn Sie eine Gr\u00f6\u00dfe w\u00e4hlen, dann erscheint eine Zeichnung mit Gr\u00f6\u00dfenabmessungen. Um die richtige Gr\u00f6\u00dfe zu ermitteln, empfiehlt es sich, zuerst Ihre Gurtma\u00dfe zu messen und vergleichen sie mit den Abmessungen in der Zeichnung. Haben Sie keine Erfahrung haben die Ma\u00dfe bei der Messung, klicken Sie bitte <a href=\"https:\/\/www.youtube.com\/watch?v=MmcpCx4GsdU\" target=\"_blank\" rel=\"noopener noreferrer\"><span style=\"color: #ff0000;\"><em>HIER<\/em><\/span>\u00a0<\/a> zu <span style=\"color: #ff0000;\"><em><a style=\"color: #ff0000;\" href=\"https:\/\/www.youtube.com\/watch?v=MmcpCx4GsdU\" target=\"_blank\" rel=\"noopener noreferrer\">VIDEO<\/a><\/em><\/span> um zu sehen, wie dies zu tun<\/strong>.<\/p>\n<p>Diese schwarze Ledermotorradjacke Damen Versano einen abgewinkelten Rei\u00dfverschlusses mit zwei Seitentaschen und zwei Rei\u00dfverschluss Brusttaschen. Die Jacke ist aus Lammnappa und italienischer Sprache mit regul\u00e4rer Passform ausgestattet und auch in braun und Cognac.<\/p>","protected":false},"featured_media":8726,"comment_status":"closed","ping_status":"closed","template":"","meta":[],"product_brand":[],"product_cat":[90,1712],"product_tag":[156,414,415,416,417,418,95,419,420,421,422,311,349,423,424,142,359,101,425,105,106,107,426,363,427],"class_list":{"0":"post-2514","1":"product","2":"type-product","3":"status-publish","4":"has-post-thumbnail","6":"product_cat-dames-leren-jassen","7":"product_cat-leren-jassen","8":"product_tag-dames-bikerjack-zwart","9":"product_tag-dames-jas-leder-zwart","10":"product_tag-dames-jas-leer-zwart","11":"product_tag-dames-leren-jas-zwart","12":"product_tag-dames-leren-jassen-zwart","13":"product_tag-imitatieleren-dames-jas-zwart","14":"product_tag-korte-leren-jassen","15":"product_tag-lederen-dames-jas-zwart","16":"product_tag-lederen-damesjassen-zwart","17":"product_tag-leren-dames-jas-zwart","18":"product_tag-leren-jas-dames-zwart","19":"product_tag-leren-jasje-zwart","20":"product_tag-leren-jassen","21":"product_tag-leren-jassen-zwart","22":"product_tag-online-dames-bikerjack-zwart","23":"product_tag-online-dames-leren-jassen","24":"product_tag-online-dames-leren-jassen-zwart","25":"product_tag-online-leren-jassen","26":"product_tag-online-leren-jassen-zwart","27":"product_tag-versano-leren-jassen","28":"product_tag-winter-leren-jassen","29":"product_tag-zomer-leren-jassen","30":"product_tag-zwarte-leren-bikerjack-dames","31":"product_tag-zwarte-leren-dames-bikerjack","32":"product_tag-zwarte-leren-dames-jas","33":"tm-no-options","35":"first","36":"outofstock","37":"taxable","38":"shipping-taxable","39":"product-type-variable"},"yoast_head":"<!-- This site is optimized with the Yoast SEO plugin v27.2 - https:\/\/yoast.com\/product\/yoast-seo-wordpress\/ -->\n<title>zwarte leren dames biker jack van Versano, leren dames bikerjas<\/title>\n<meta name=\"description\" content=\"Deze zwarte leren dames biker jack van Versano heeft een schuine rits met 2 steekzakken, en 2 ritsen op de borstzakken. De jas is gemaakt van lamsleer\" \/>\n<meta name=\"robots\" content=\"index, follow, max-snippet:-1, max-image-preview:large, max-video-preview:-1\" \/>\n<link rel=\"canonical\" href=\"https:\/\/versano.nl\/de\/shop\/zwarte-leren-dames-biker-jack-van-versano\/\" \/>\n<meta property=\"og:locale\" content=\"de_DE\" \/>\n<meta property=\"og:type\" content=\"article\" \/>\n<meta property=\"og:title\" content=\"zwarte leren dames biker jack van Versano, leren dames bikerjas\" \/>\n<meta property=\"og:description\" content=\"Deze zwarte leren dames biker jack van Versano heeft een schuine rits met 2 steekzakken, en 2 ritsen op de borstzakken. De jas is gemaakt van lamsleer\" \/>\n<meta property=\"og:url\" content=\"https:\/\/versano.nl\/de\/shop\/zwarte-leren-dames-biker-jack-van-versano\/\" \/>\n<meta property=\"og:site_name\" content=\"Versano\" \/>\n<meta property=\"article:modified_time\" content=\"2021-02-05T14:50:54+00:00\" \/>\n<meta property=\"og:image\" content=\"https:\/\/versano.nl\/wp-content\/uploads\/2018\/05\/dames-leren-jas-zwart-336-versano-model2.jpg\" \/>\n\t<meta property=\"og:image:width\" content=\"900\" \/>\n\t<meta property=\"og:image:height\" content=\"1176\" \/>\n\t<meta property=\"og:image:type\" content=\"image\/jpeg\" \/>\n<meta name=\"twitter:card\" content=\"summary_large_image\" \/>\n<meta name=\"twitter:label1\" content=\"Gesch\u00e4tzte Lesezeit\" \/>\n\t<meta name=\"twitter:data1\" content=\"1\u00a0Minute\" \/>\n<script type=\"application\/ld+json\" class=\"yoast-schema-graph\">{\"@context\":\"https:\/\/schema.org\",\"@graph\":[{\"@type\":\"WebPage\",\"@id\":\"https:\/\/versano.nl\/shop\/zwarte-leren-dames-biker-jack-van-versano\/\",\"url\":\"https:\/\/versano.nl\/shop\/zwarte-leren-dames-biker-jack-van-versano\/\",\"name\":\"zwarte leren dames biker jack van Versano, leren dames bikerjas\",\"isPartOf\":{\"@id\":\"https:\/\/versano.nl\/#website\"},\"primaryImageOfPage\":{\"@id\":\"https:\/\/versano.nl\/shop\/zwarte-leren-dames-biker-jack-van-versano\/#primaryimage\"},\"image\":{\"@id\":\"https:\/\/versano.nl\/shop\/zwarte-leren-dames-biker-jack-van-versano\/#primaryimage\"},\"thumbnailUrl\":\"https:\/\/versano.nl\/wp-content\/uploads\/2018\/05\/dames-leren-jas-zwart-336-versano-model2.jpg\",\"datePublished\":\"2015-03-07T00:51:30+00:00\",\"dateModified\":\"2021-02-05T14:50:54+00:00\",\"description\":\"Deze zwarte leren dames biker jack van Versano heeft een schuine rits met 2 steekzakken, en 2 ritsen op de borstzakken. De jas is gemaakt van lamsleer\",\"breadcrumb\":{\"@id\":\"https:\/\/versano.nl\/shop\/zwarte-leren-dames-biker-jack-van-versano\/#breadcrumb\"},\"inLanguage\":\"de\",\"potentialAction\":[{\"@type\":\"ReadAction\",\"target\":[\"https:\/\/versano.nl\/shop\/zwarte-leren-dames-biker-jack-van-versano\/\"]}]},{\"@type\":\"ImageObject\",\"inLanguage\":\"de\",\"@id\":\"https:\/\/versano.nl\/shop\/zwarte-leren-dames-biker-jack-van-versano\/#primaryimage\",\"url\":\"https:\/\/versano.nl\/wp-content\/uploads\/2018\/05\/dames-leren-jas-zwart-336-versano-model2.jpg\",\"contentUrl\":\"https:\/\/versano.nl\/wp-content\/uploads\/2018\/05\/dames-leren-jas-zwart-336-versano-model2.jpg\",\"width\":900,\"height\":1176,\"caption\":\"dames-leren-jas-zwart-336-versano-model2\"},{\"@type\":\"BreadcrumbList\",\"@id\":\"https:\/\/versano.nl\/shop\/zwarte-leren-dames-biker-jack-van-versano\/#breadcrumb\",\"itemListElement\":[{\"@type\":\"ListItem\",\"position\":1,\"name\":\"Home\",\"item\":\"https:\/\/versano.nl\/\"},{\"@type\":\"ListItem\",\"position\":2,\"name\":\"Shop\",\"item\":\"https:\/\/versano.nl\/shop\/\"},{\"@type\":\"ListItem\",\"position\":3,\"name\":\"Zwarte leren dames biker jack van Versano\"}]},{\"@type\":\"WebSite\",\"@id\":\"https:\/\/versano.nl\/#website\",\"url\":\"https:\/\/versano.nl\/\",\"name\":\"Versano\",\"description\":\"winterjassen met bontkraag | leren dames jassen | leren heren jassen\",\"potentialAction\":[{\"@type\":\"SearchAction\",\"target\":{\"@type\":\"EntryPoint\",\"urlTemplate\":\"https:\/\/versano.nl\/?s={search_term_string}\"},\"query-input\":{\"@type\":\"PropertyValueSpecification\",\"valueRequired\":true,\"valueName\":\"search_term_string\"}}],\"inLanguage\":\"de\"}]}<\/script>\n<!-- \/ Yoast SEO plugin. -->","yoast_head_json":{"title":"schwarze Leder Bikerjacke von Versano, Leder Bikerjacke","description":"Diese schwarze Lederjacke f\u00fcr Damen von Versano hat einen schr\u00e4gen Rei\u00dfverschluss mit zwei Seitentaschen und zwei Rei\u00dfverschl\u00fcsse an den Brusttaschen. Die Jacke besteht aus Lammleder","robots":{"index":"index","follow":"follow","max-snippet":"max-snippet:-1","max-image-preview":"max-image-preview:large","max-video-preview":"max-video-preview:-1"},"canonical":"https:\/\/versano.nl\/de\/shop\/zwarte-leren-dames-biker-jack-van-versano\/","og_locale":"de_DE","og_type":"article","og_title":"zwarte leren dames biker jack van Versano, leren dames bikerjas","og_description":"Deze zwarte leren dames biker jack van Versano heeft een schuine rits met 2 steekzakken, en 2 ritsen op de borstzakken. De jas is gemaakt van lamsleer","og_url":"https:\/\/versano.nl\/de\/shop\/zwarte-leren-dames-biker-jack-van-versano\/","og_site_name":"Versano","article_modified_time":"2021-02-05T14:50:54+00:00","og_image":[{"width":900,"height":1176,"url":"https:\/\/versano.nl\/wp-content\/uploads\/2018\/05\/dames-leren-jas-zwart-336-versano-model2.jpg","type":"image\/jpeg"}],"twitter_card":"summary_large_image","twitter_misc":{"Gesch\u00e4tzte Lesezeit":"1\u00a0Minute"},"schema":{"@context":"https:\/\/schema.org","@graph":[{"@type":"WebPage","@id":"https:\/\/versano.nl\/shop\/zwarte-leren-dames-biker-jack-van-versano\/","url":"https:\/\/versano.nl\/shop\/zwarte-leren-dames-biker-jack-van-versano\/","name":"schwarze Leder Bikerjacke von Versano, Leder Bikerjacke","isPartOf":{"@id":"https:\/\/versano.nl\/#website"},"primaryImageOfPage":{"@id":"https:\/\/versano.nl\/shop\/zwarte-leren-dames-biker-jack-van-versano\/#primaryimage"},"image":{"@id":"https:\/\/versano.nl\/shop\/zwarte-leren-dames-biker-jack-van-versano\/#primaryimage"},"thumbnailUrl":"https:\/\/versano.nl\/wp-content\/uploads\/2018\/05\/dames-leren-jas-zwart-336-versano-model2.jpg","datePublished":"2015-03-07T00:51:30+00:00","dateModified":"2021-02-05T14:50:54+00:00","description":"Diese schwarze Lederjacke f\u00fcr Damen von Versano hat einen schr\u00e4gen Rei\u00dfverschluss mit zwei Seitentaschen und zwei Rei\u00dfverschl\u00fcsse an den Brusttaschen. Die Jacke besteht aus Lammleder","breadcrumb":{"@id":"https:\/\/versano.nl\/shop\/zwarte-leren-dames-biker-jack-van-versano\/#breadcrumb"},"inLanguage":"de","potentialAction":[{"@type":"ReadAction","target":["https:\/\/versano.nl\/shop\/zwarte-leren-dames-biker-jack-van-versano\/"]}]},{"@type":"ImageObject","inLanguage":"de","@id":"https:\/\/versano.nl\/shop\/zwarte-leren-dames-biker-jack-van-versano\/#primaryimage","url":"https:\/\/versano.nl\/wp-content\/uploads\/2018\/05\/dames-leren-jas-zwart-336-versano-model2.jpg","contentUrl":"https:\/\/versano.nl\/wp-content\/uploads\/2018\/05\/dames-leren-jas-zwart-336-versano-model2.jpg","width":900,"height":1176,"caption":"dames-leren-jas-zwart-336-versano-model2"},{"@type":"BreadcrumbList","@id":"https:\/\/versano.nl\/shop\/zwarte-leren-dames-biker-jack-van-versano\/#breadcrumb","itemListElement":[{"@type":"ListItem","position":1,"name":"Home","item":"https:\/\/versano.nl\/"},{"@type":"ListItem","position":2,"name":"Shop","item":"https:\/\/versano.nl\/shop\/"},{"@type":"ListItem","position":3,"name":"Zwarte leren dames biker jack van Versano"}]},{"@type":"WebSite","@id":"https:\/\/versano.nl\/#website","url":"https:\/\/versano.nl\/","name":"Versano","description":"Winterm\u00e4ntel mit Pelzkragen | Damen Lederjacken | Herren Lederjacken","potentialAction":[{"@type":"SearchAction","target":{"@type":"EntryPoint","urlTemplate":"https:\/\/versano.nl\/?s={search_term_string}"},"query-input":{"@type":"PropertyValueSpecification","valueRequired":true,"valueName":"search_term_string"}}],"inLanguage":"de"}]}},"_links":{"self":[{"href":"https:\/\/versano.nl\/de\/wp-json\/wp\/v2\/product\/2514","targetHints":{"allow":["GET"]}}],"collection":[{"href":"https:\/\/versano.nl\/de\/wp-json\/wp\/v2\/product"}],"about":[{"href":"https:\/\/versano.nl\/de\/wp-json\/wp\/v2\/types\/product"}],"replies":[{"embeddable":true,"href":"https:\/\/versano.nl\/de\/wp-json\/wp\/v2\/comments?post=2514"}],"wp:featuredmedia":[{"embeddable":true,"href":"https:\/\/versano.nl\/de\/wp-json\/wp\/v2\/media\/8726"}],"wp:attachment":[{"href":"https:\/\/versano.nl\/de\/wp-json\/wp\/v2\/media?parent=2514"}],"wp:term":[{"taxonomy":"product_brand","embeddable":true,"href":"https:\/\/versano.nl\/de\/wp-json\/wp\/v2\/product_brand?post=2514"},{"taxonomy":"product_cat","embeddable":true,"href":"https:\/\/versano.nl\/de\/wp-json\/wp\/v2\/product_cat?post=2514"},{"taxonomy":"product_tag","embeddable":true,"href":"https:\/\/versano.nl\/de\/wp-json\/wp\/v2\/product_tag?post=2514"}],"curies":[{"name":"wp","href":"https:\/\/api.w.org\/{rel}","templated":true}]}}