{"id":2354,"date":"2015-03-07T15:25:52","date_gmt":"2015-03-07T15:25:52","guid":{"rendered":"http:\/\/leathershopdoci.nl\/shop\/dames-leren-jas-versano-305-cognac\/"},"modified":"2024-12-13T12:07:25","modified_gmt":"2024-12-13T12:07:25","slug":"dames-leren-jas-versano-305-cognac","status":"publish","type":"product","link":"https:\/\/versano.nl\/de\/shop\/dames-leren-jas-versano-305-cognac\/","title":{"rendered":"Lederjacke im Biker suchen Cognac Versano"},"content":{"rendered":"<h2>Lederjacke im Biker suchen Cognac Versano<\/h2>\n<p>Sie suchen eine Lederjacke, die Sie eine harte Biker-Look anrufen kann? Dann brauchen Sie nur einen Moment an diesem Lederjacke im Biker aussehen aussehen Cognac Versano. Dies ist eine Jacke, die perfekt aussieht und dass Sie k\u00f6nnen sicher sein, dass er auch ein anderes leckeres tr\u00e4gt. Dies ist zum Teil auf die italienische Taille Ring, sondern auch auf die verwendeten Materialien. Wir sprechen \u00fcber weiches Lammfell, die die ideale W\u00e4sche auch durchweg besser aussehen wird. Was will man mehr in einem neuen Mantel will? Was \u00fcber die gro\u00dfe Anzahl von Taschen, dass dieser Mantel.<\/p>\n<h3>tragen Ihren neuen Mantel Spa\u00df<\/h3>\n<p>Mit solch einem sch\u00f6nen Lederjacke im Biker-Look Cognac Versano wird daf\u00fcr sorgen, dass Sie immer bijloopt Patent. Deshalb haben wir dieses Cognac 305 Leder-Damen-Jacke aus Versano empfehlen vereinbare Untersuchung zu unterziehen, zu f\u00f6rdern, wenn Sie m\u00f6chten wissen, wie er aussieht. Sie k\u00f6nnen Mantel auf die kleinsten Details auf dieser Seite zu sehen. Erfahren Sie mehr \u00fcber diese Jacke? Dann k\u00f6nnen Sie fragen hier sieben Tage die Woche alle Ihre Fragen per E-Mail zu. Wir sind bereit, sie f\u00fcr Sie zu beantworten.<\/p>\n<p>Marke: <a href=\"https:\/\/versano.nl\/\" target=\"_blank\" rel=\"noopener noreferrer\">Versano<\/a><br \/>\nMaterial: 100% Lammfell<br \/>\nFutter: 100% Polyester<br \/>\nL\u00e4nge: kurz<br \/>\nPassen: Ausgestattet Italienisch<br \/>\nSchlie\u00dfung: Rei\u00dfverschluss<br \/>\nTaschen: RV-Taschen<br \/>\nCollar: a symmetrischen Kragen<br \/>\nMaterial Au\u00dfenschicht: hohe Qualit\u00e4t und weiches Lammfell<br \/>\nZeit: 1-3 Tage<\/p>","protected":false},"excerpt":{"rendered":"<p><strong>W\u00c4HLEN SIE HIER EINE ANDERE FARBE<\/strong><\/p>\n<p><a href=\"https:\/\/versano.nl\/shop\/leren-dames-jas-biker-305-blauw-versano\/\"><img loading=\"lazy\" decoding=\"async\" class=\"alignnone size-full wp-image-19834\" src=\"https:\/\/versano.nl\/wp-content\/uploads\/sites\/2\/2017\/05\/leren-dames-jas-blauw-305-model2-thumb.jpg\" alt=\"\" width=\"57\" height=\"75\" \/><\/a><a href=\"https:\/\/versano.nl\/shop\/dames-leren-jas-versano-305-zwart\"><img loading=\"lazy\" decoding=\"async\" class=\"alignnone size-full wp-image-19836\" src=\"https:\/\/versano.nl\/wp-content\/uploads\/sites\/2\/2017\/05\/leren-dames-jas-zwart-305-model3-thumb.jpg\" alt=\"\" width=\"57\" height=\"75\" \/><\/a><\/p>\n<p>Die 305 ist ein Lammlederjacke und hat einen Biker-Look mit einem a-symmetrischen Kragen. Durable Lammfell hat eine sch\u00f6ne Waschung f\u00fcr einen sportlich-eleganten Look. Die Jacke hat zwei Taschen mit einem Rei\u00dfverschlu\u00df, einen Rei\u00dfverschlu\u00df der Tasche auf der Brust und im Innern. Die Jacke ist in mehreren Farben erh\u00e4ltlich und wird Italienisch ausgestattet.<\/p>","protected":false},"featured_media":15632,"comment_status":"closed","ping_status":"closed","template":"","meta":[],"product_brand":[],"product_cat":[90,874,875,877,879,880,881,882],"product_tag":[95,151,411,412,98,101,105,107],"class_list":{"0":"post-2354","1":"product","2":"type-product","3":"status-publish","4":"has-post-thumbnail","6":"product_cat-dames-leren-jassen","7":"product_cat-kort-leren-jasje","8":"product_cat-kort-leren-jasje-dames","9":"product_cat-leren-bikerjacks-dames","10":"product_cat-leren-dames-jassen","11":"product_cat-leren-jasje-dames","12":"product_cat-leren-jassen-dames","13":"product_cat-versano","14":"product_tag-korte-leren-jassen","15":"product_tag-leren-biker-jack-cognac","16":"product_tag-leren-cognac-jas","17":"product_tag-leren-dames-jas-motor-look-cognac","18":"product_tag-leren-jasje","19":"product_tag-online-leren-jassen","20":"product_tag-versano-leren-jassen","21":"product_tag-zomer-leren-jassen","22":"product_shipping_class-verzendkosten-1","23":"tm-no-options","25":"first","26":"instock","27":"taxable","28":"shipping-taxable","29":"product-type-variable"},"yoast_head":"<!-- This site is optimized with the Yoast SEO plugin v27.2 - https:\/\/yoast.com\/product\/yoast-seo-wordpress\/ -->\n<title>Leren damesjas in bikerlook Cognac van Versano, leren dames jas cognac<\/title>\n<meta name=\"description\" content=\"De Leren damesjas in bikerlook Cognac van Versano is gemaakt van lamsleder, en voelt erg soepel en glad aan. De jas heeft een stoere motor look\" \/>\n<meta name=\"robots\" content=\"index, follow, max-snippet:-1, max-image-preview:large, max-video-preview:-1\" \/>\n<link rel=\"canonical\" href=\"https:\/\/versano.nl\/de\/shop\/dames-leren-jas-versano-305-cognac\/\" \/>\n<meta property=\"og:locale\" content=\"de_DE\" \/>\n<meta property=\"og:type\" content=\"article\" \/>\n<meta property=\"og:title\" content=\"Leren damesjas in bikerlook Cognac van Versano, leren dames jas cognac\" \/>\n<meta property=\"og:description\" content=\"De Leren damesjas in bikerlook Cognac van Versano is gemaakt van lamsleder, en voelt erg soepel en glad aan. De jas heeft een stoere motor look\" \/>\n<meta property=\"og:url\" content=\"https:\/\/versano.nl\/de\/shop\/dames-leren-jas-versano-305-cognac\/\" \/>\n<meta property=\"og:site_name\" content=\"Versano\" \/>\n<meta property=\"article:modified_time\" content=\"2024-12-13T12:07:25+00:00\" \/>\n<meta property=\"og:image\" content=\"https:\/\/versano.nl\/wp-content\/uploads\/2020\/02\/leren-dames-jas-cognac-305-model3.jpg\" \/>\n\t<meta property=\"og:image:width\" content=\"900\" \/>\n\t<meta property=\"og:image:height\" content=\"1176\" \/>\n\t<meta property=\"og:image:type\" content=\"image\/jpeg\" \/>\n<meta name=\"twitter:card\" content=\"summary_large_image\" \/>\n<meta name=\"twitter:label1\" content=\"Gesch\u00e4tzte Lesezeit\" \/>\n\t<meta name=\"twitter:data1\" content=\"1\u00a0Minute\" \/>\n<script type=\"application\/ld+json\" class=\"yoast-schema-graph\">{\"@context\":\"https:\/\/schema.org\",\"@graph\":[{\"@type\":\"WebPage\",\"@id\":\"https:\/\/versano.nl\/shop\/dames-leren-jas-versano-305-cognac\/\",\"url\":\"https:\/\/versano.nl\/shop\/dames-leren-jas-versano-305-cognac\/\",\"name\":\"Leren damesjas in bikerlook Cognac van Versano, leren dames jas cognac\",\"isPartOf\":{\"@id\":\"https:\/\/versano.nl\/#website\"},\"primaryImageOfPage\":{\"@id\":\"https:\/\/versano.nl\/shop\/dames-leren-jas-versano-305-cognac\/#primaryimage\"},\"image\":{\"@id\":\"https:\/\/versano.nl\/shop\/dames-leren-jas-versano-305-cognac\/#primaryimage\"},\"thumbnailUrl\":\"https:\/\/versano.nl\/wp-content\/uploads\/2020\/02\/leren-dames-jas-cognac-305-model3.jpg\",\"datePublished\":\"2015-03-07T15:25:52+00:00\",\"dateModified\":\"2024-12-13T12:07:25+00:00\",\"description\":\"De Leren damesjas in bikerlook Cognac van Versano is gemaakt van lamsleder, en voelt erg soepel en glad aan. De jas heeft een stoere motor look\",\"breadcrumb\":{\"@id\":\"https:\/\/versano.nl\/shop\/dames-leren-jas-versano-305-cognac\/#breadcrumb\"},\"inLanguage\":\"de\",\"potentialAction\":[{\"@type\":\"ReadAction\",\"target\":[\"https:\/\/versano.nl\/shop\/dames-leren-jas-versano-305-cognac\/\"]}]},{\"@type\":\"ImageObject\",\"inLanguage\":\"de\",\"@id\":\"https:\/\/versano.nl\/shop\/dames-leren-jas-versano-305-cognac\/#primaryimage\",\"url\":\"https:\/\/versano.nl\/wp-content\/uploads\/2020\/02\/leren-dames-jas-cognac-305-model3.jpg\",\"contentUrl\":\"https:\/\/versano.nl\/wp-content\/uploads\/2020\/02\/leren-dames-jas-cognac-305-model3.jpg\",\"width\":900,\"height\":1176,\"caption\":\"leren-dames-jas-cognac-305-model3\"},{\"@type\":\"BreadcrumbList\",\"@id\":\"https:\/\/versano.nl\/shop\/dames-leren-jas-versano-305-cognac\/#breadcrumb\",\"itemListElement\":[{\"@type\":\"ListItem\",\"position\":1,\"name\":\"Home\",\"item\":\"https:\/\/versano.nl\/\"},{\"@type\":\"ListItem\",\"position\":2,\"name\":\"Shop\",\"item\":\"https:\/\/versano.nl\/shop\/\"},{\"@type\":\"ListItem\",\"position\":3,\"name\":\"Leren damesjas in bikerlook Cognac van Versano\"}]},{\"@type\":\"WebSite\",\"@id\":\"https:\/\/versano.nl\/#website\",\"url\":\"https:\/\/versano.nl\/\",\"name\":\"Versano\",\"description\":\"winterjassen met bontkraag | leren dames jassen | leren heren jassen\",\"potentialAction\":[{\"@type\":\"SearchAction\",\"target\":{\"@type\":\"EntryPoint\",\"urlTemplate\":\"https:\/\/versano.nl\/?s={search_term_string}\"},\"query-input\":{\"@type\":\"PropertyValueSpecification\",\"valueRequired\":true,\"valueName\":\"search_term_string\"}}],\"inLanguage\":\"de\"}]}<\/script>\n<!-- \/ Yoast SEO plugin. -->","yoast_head_json":{"title":"Damen Lederjacke im Biker-Look Cognac von Versano, Damen Lederjacke Cognac","description":"Die Lederjacke f\u00fcr Damen im Biker-Look Cognac von Versano besteht aus Lammleder und f\u00fchlt sich sehr geschmeidig an. Die Jacke hat einen coolen Motorrad-Look","robots":{"index":"index","follow":"follow","max-snippet":"max-snippet:-1","max-image-preview":"max-image-preview:large","max-video-preview":"max-video-preview:-1"},"canonical":"https:\/\/versano.nl\/de\/shop\/dames-leren-jas-versano-305-cognac\/","og_locale":"de_DE","og_type":"article","og_title":"Leren damesjas in bikerlook Cognac van Versano, leren dames jas cognac","og_description":"De Leren damesjas in bikerlook Cognac van Versano is gemaakt van lamsleder, en voelt erg soepel en glad aan. De jas heeft een stoere motor look","og_url":"https:\/\/versano.nl\/de\/shop\/dames-leren-jas-versano-305-cognac\/","og_site_name":"Versano","article_modified_time":"2024-12-13T12:07:25+00:00","og_image":[{"width":900,"height":1176,"url":"https:\/\/versano.nl\/wp-content\/uploads\/2020\/02\/leren-dames-jas-cognac-305-model3.jpg","type":"image\/jpeg"}],"twitter_card":"summary_large_image","twitter_misc":{"Gesch\u00e4tzte Lesezeit":"1\u00a0Minute"},"schema":{"@context":"https:\/\/schema.org","@graph":[{"@type":"WebPage","@id":"https:\/\/versano.nl\/shop\/dames-leren-jas-versano-305-cognac\/","url":"https:\/\/versano.nl\/shop\/dames-leren-jas-versano-305-cognac\/","name":"Damen Lederjacke im Biker-Look Cognac von Versano, Damen Lederjacke Cognac","isPartOf":{"@id":"https:\/\/versano.nl\/#website"},"primaryImageOfPage":{"@id":"https:\/\/versano.nl\/shop\/dames-leren-jas-versano-305-cognac\/#primaryimage"},"image":{"@id":"https:\/\/versano.nl\/shop\/dames-leren-jas-versano-305-cognac\/#primaryimage"},"thumbnailUrl":"https:\/\/versano.nl\/wp-content\/uploads\/2020\/02\/leren-dames-jas-cognac-305-model3.jpg","datePublished":"2015-03-07T15:25:52+00:00","dateModified":"2024-12-13T12:07:25+00:00","description":"Die Lederjacke f\u00fcr Damen im Biker-Look Cognac von Versano besteht aus Lammleder und f\u00fchlt sich sehr geschmeidig an. Die Jacke hat einen coolen Motorrad-Look","breadcrumb":{"@id":"https:\/\/versano.nl\/shop\/dames-leren-jas-versano-305-cognac\/#breadcrumb"},"inLanguage":"de","potentialAction":[{"@type":"ReadAction","target":["https:\/\/versano.nl\/shop\/dames-leren-jas-versano-305-cognac\/"]}]},{"@type":"ImageObject","inLanguage":"de","@id":"https:\/\/versano.nl\/shop\/dames-leren-jas-versano-305-cognac\/#primaryimage","url":"https:\/\/versano.nl\/wp-content\/uploads\/2020\/02\/leren-dames-jas-cognac-305-model3.jpg","contentUrl":"https:\/\/versano.nl\/wp-content\/uploads\/2020\/02\/leren-dames-jas-cognac-305-model3.jpg","width":900,"height":1176,"caption":"leren-dames-jas-cognac-305-model3"},{"@type":"BreadcrumbList","@id":"https:\/\/versano.nl\/shop\/dames-leren-jas-versano-305-cognac\/#breadcrumb","itemListElement":[{"@type":"ListItem","position":1,"name":"Home","item":"https:\/\/versano.nl\/"},{"@type":"ListItem","position":2,"name":"Shop","item":"https:\/\/versano.nl\/shop\/"},{"@type":"ListItem","position":3,"name":"Leren damesjas in bikerlook Cognac van Versano"}]},{"@type":"WebSite","@id":"https:\/\/versano.nl\/#website","url":"https:\/\/versano.nl\/","name":"Versano","description":"Winterm\u00e4ntel mit Pelzkragen | Damen Lederjacken | Herren Lederjacken","potentialAction":[{"@type":"SearchAction","target":{"@type":"EntryPoint","urlTemplate":"https:\/\/versano.nl\/?s={search_term_string}"},"query-input":{"@type":"PropertyValueSpecification","valueRequired":true,"valueName":"search_term_string"}}],"inLanguage":"de"}]}},"_links":{"self":[{"href":"https:\/\/versano.nl\/de\/wp-json\/wp\/v2\/product\/2354","targetHints":{"allow":["GET"]}}],"collection":[{"href":"https:\/\/versano.nl\/de\/wp-json\/wp\/v2\/product"}],"about":[{"href":"https:\/\/versano.nl\/de\/wp-json\/wp\/v2\/types\/product"}],"replies":[{"embeddable":true,"href":"https:\/\/versano.nl\/de\/wp-json\/wp\/v2\/comments?post=2354"}],"wp:featuredmedia":[{"embeddable":true,"href":"https:\/\/versano.nl\/de\/wp-json\/wp\/v2\/media\/15632"}],"wp:attachment":[{"href":"https:\/\/versano.nl\/de\/wp-json\/wp\/v2\/media?parent=2354"}],"wp:term":[{"taxonomy":"product_brand","embeddable":true,"href":"https:\/\/versano.nl\/de\/wp-json\/wp\/v2\/product_brand?post=2354"},{"taxonomy":"product_cat","embeddable":true,"href":"https:\/\/versano.nl\/de\/wp-json\/wp\/v2\/product_cat?post=2354"},{"taxonomy":"product_tag","embeddable":true,"href":"https:\/\/versano.nl\/de\/wp-json\/wp\/v2\/product_tag?post=2354"}],"curies":[{"name":"wp","href":"https:\/\/api.w.org\/{rel}","templated":true}]}}