{"id":22403,"date":"2021-08-30T12:03:12","date_gmt":"2021-08-30T12:03:12","guid":{"rendered":"https:\/\/versano.nl\/shop\/dames-winterjas-met-bontkraag-shamila-zwart-new-generation\/"},"modified":"2026-03-06T15:05:13","modified_gmt":"2026-03-06T15:05:13","slug":"dames-winterjas-met-bontkraag-shamila-zwart-new-generation","status":"publish","type":"product","link":"https:\/\/versano.nl\/de\/shop\/dames-winterjas-met-bontkraag-shamila-zwart-new-generation\/","title":{"rendered":"Winterjacke Damen Shamila neue Generation Versano schwarz"},"content":{"rendered":"<h2>Winterjacke Damen Shamila neue Generation Versano schwarz<\/h2>\n<p>Auf der Suche nach einer sch\u00f6nen warmen Damenjacke mit Pelzkragen, die auch noch schick und hip aussieht? Dann werfen Sie einen Blick auf diese Winterjacke Damen Shamila neue Generation Versano schwarz. Diese Jacke hat nicht nur zwei Rei\u00dfverschl\u00fcsse, sondern ist auch eine Jacke mit zwei gro\u00dfen Seitentaschen. Sie k\u00f6nnen Ihre H\u00e4nde darin verlieren, wenn es ein kalter Tag drau\u00dfen ist. Diese Jacke ist nicht nur perfekt designt, sondern sitzt auch sehr sch\u00f6n. Die Jacke ist aus besten Materialien und einem speziellen Verfahren gefertigt, das sich bei der Bewegung sehr angenehm am K\u00f6rper anf\u00fchlt und Sie auch bei extremer K\u00e4lte warm h\u00e4lt. Diese Jacke hat einen Doppelrei\u00dfverschluss und zwei Seitentaschen. Sie k\u00f6nnen Ihre H\u00e4nde darin verlieren, wenn es ein kalter Tag drau\u00dfen ist. Diese Winterjacke Damen Shamila New Generation Versano schwarz k\u00f6nnen Sie bei uns in verschiedenen Farben bestellen und der Pelzkragen ist optional. Beim Kragen k\u00f6nnen Sie zwischen einem Echtpelzkragen oder einem Kunstfellkragen w\u00e4hlen, der von Echtpelz nicht zu unterscheiden ist.<\/p>\n<h2>Ein topjas von Versano<\/h2>\n<p>Mit einer so sch\u00f6nen Jacke von Versano k\u00f6nnen Sie sicher sein, dass Sie sie den ganzen Winter \u00fcber tragen k\u00f6nnen. Das sind wundersch\u00f6ne Jacken, die nicht nur perfekt designt sind, sondern auch aus den besten Materialien gefertigt sind. Die Winterjacke Damen Shamila neue Generation Versano schwarz k\u00f6nnen Sie ganz einfach \u00fcber unseren Versano Webshop bestellen. Hier haben wir alle unsere Jacken f\u00fcr Sie zusammengestellt, damit Sie ganz einfach eine Bestellung aufgeben k\u00f6nnen. Bei Versano k\u00f6nnen Sie sich immer sicher sein, einen sch\u00f6nen und sorgf\u00e4ltig verarbeiteten Mantel zu kaufen.<\/p>\n<p>Marke: <a title=\"versano\" href=\"https:\/\/versano.nl\" target=\"_blank\" rel=\"noopener\">Versano<\/a><br \/>\nL\u00e4nge: kurz<br \/>\nPassform: ausgestattet<br \/>\nFutter: 100% Polyester<br \/>\nBelagdicke: 200 Gramm ausgekleideten dicke<br \/>\nliner: 100% Polyester<br \/>\nHOOD ausgekleidete, Massiv<br \/>\nExtras: verst\u00e4rkte N\u00e4hte<br \/>\nSchlie\u00dfung: Rei\u00dfverschluss<br \/>\nS\u00e4cke Rei\u00dfverschluss Seitentaschen, Innen<br \/>\nFunktion: wasserdicht, winddicht<br \/>\nMaterialau\u00dfenschicht: 100% Polyester<br \/>\nZubeh\u00f6r: Pelzkragen (optional)<\/p>\n<p>Lieferzeit: 2-3 Werktage<\/p>\n<p><strong>OPTIONAL: REAL FUR COLLAR RACCOON RACCOON ART OF FUR<\/strong><\/p>","protected":false},"excerpt":{"rendered":"<h4><strong>W\u00c4HLEN SIE HIER EINE ANDERE FARBE<\/strong><\/h4>\n<p><strong><span style=\"color: #ff0000;\"><a href=\"https:\/\/versano.nl\/shop\/dames-winterjas-met-bontkraag-shamila-groen-new-generation\/\"><img loading=\"lazy\" decoding=\"async\" class=\"alignnone size-full wp-image-26986\" src=\"https:\/\/versano.nl\/wp-content\/uploads\/sites\/2\/2021\/08\/dames-winterjas-myversano-shamila-new-groen-voorkant-nw-thumb.jpg\" alt=\"\" width=\"56\" height=\"75\" srcset=\"https:\/\/versano.nl\/wp-content\/uploads\/2021\/08\/dames-winterjas-myversano-shamila-new-groen-voorkant-nw-thumb.jpg 56w, https:\/\/versano.nl\/wp-content\/uploads\/2021\/08\/dames-winterjas-myversano-shamila-new-groen-voorkant-nw-thumb-9x12.jpg 9w\" sizes=\"auto, (max-width: 56px) 100vw, 56px\" \/><\/a><\/span><\/strong><\/p>\n<p><strong><span style=\"color: #ff0000;\">Passformberatung:<\/span> <\/strong><\/p>\n<p><span style=\"color: #ff0000;\">Getailleerde pasvorm, bekijk de maattabel voor de juiste maat.<\/span><\/p>\n<p><span style=\"color: #ff0000;\">Ons model is 1.70 m en weegt 62 kilo, ze draagt een Small.<\/span><\/p>\n<p>Wenn Sie sich bei Ihren Ma\u00dfen nicht sicher sind, empfehlen wir Ihnen, zuerst Ihre Gr\u00f6\u00dfenma\u00dfe zu messen und sie mit unserer Gr\u00f6\u00dfentabelle zu vergleichen. Wenn Sie keine Erfahrung mit der Messung von Umfangsgr\u00f6\u00dfen haben, klicken Sie auf\u00a0<a href=\"https:\/\/www.youtube.com\/watch?v=3ZSfY87v6pM\" target=\"_blank\" rel=\"noopener noreferrer\"><em>HIER<\/em>\u00a0<\/a>zu\u00a0<a href=\"https:\/\/www.youtube.com\/watch?v=3ZSfY87v6pM\" target=\"_blank\" rel=\"noopener noreferrer\"><em>VIDEO<\/em><\/a>\u00a0mit Anweisungen. Sie k\u00f6nnen uns auch direkt anrufen oder anrufen! Unsere Mitarbeiter stehen Ihnen jederzeit zur Verf\u00fcgung.<\/p>\n<p><strong>LIEFERZEIT :<\/strong>\u00a02 bis 3 Werktage.<\/p>\n<p><span style=\"color: #ff0000;\"><strong>Wichtige Info<\/strong>\u00a0:<\/span><\/p>\n<p>Wij hebben een gedetailleerd pasvorm advies aangegeven in de product afbeeldingen. Bekijk dit voordat u een bestelling plaatst.<\/p>\n<p>Sie k\u00f6nnen jeden Versano-Mantel mit oder ohne Pelzkragen kaufen.<\/p>","protected":false},"featured_media":30624,"comment_status":"closed","ping_status":"closed","template":"","meta":[],"product_brand":[],"product_cat":[1403,89,1012,1353,1145,1384,1389,1382,1383,1037,1038,882,1143,1144,1415,1041,1042,215,1404,1339],"product_tag":[2056,2079,396,2058,1210,1208,2078,1325,2057,225,386],"class_list":{"0":"post-22403","1":"product","2":"type-product","3":"status-publish","4":"has-post-thumbnail","6":"product_cat-bontkraag-jas","7":"product_cat-dames","8":"product_cat-dames-jas-met-bontkraag","9":"product_cat-dames-jas-met-pels","10":"product_cat-dames-winterjas","11":"product_cat-dames-winterjas-met-bontkraag","12":"product_cat-dames-winterjas-met-pels","13":"product_cat-dames-winterjassen","14":"product_cat-dames-winterjassen-met-bontkraag","15":"product_cat-jas-met-bontkraag","16":"product_cat-jas-met-bontkraag-dames","17":"product_cat-versano","18":"product_cat-winterjas","19":"product_cat-winterjas-dames","20":"product_cat-winterjas-dames-met-bontkraag","21":"product_cat-winterjas-met-bontkraag","22":"product_cat-winterjas-met-bontkraag-dames","23":"product_cat-dames-jassen-met-bontkraag","24":"product_cat-winterjassen","25":"product_cat-winterjassen-dames","26":"product_tag-dames-winterjas-kort-met-bontkraag","27":"product_tag-dames-winterjas-versano","28":"product_tag-dames-winterjas-zwart","29":"product_tag-korte-dames-winterjas-versano","30":"product_tag-korte-winterjas-dames","31":"product_tag-korte-zwarte-dames-winterjas","32":"product_tag-merk-jas-dames","33":"product_tag-versano-winterjassen","34":"product_tag-winterjas-dames-kort-zwart","35":"product_tag-winterjas-met-bontkraag-dames","36":"product_tag-zwarte-winterjas-dames","37":"tm-has-options","39":"first","40":"instock","41":"sale","42":"taxable","43":"shipping-taxable","44":"purchasable","45":"product-type-variable"},"yoast_head":"<!-- This site is optimized with the Yoast SEO plugin v27.2 - https:\/\/yoast.com\/product\/yoast-seo-wordpress\/ -->\n<title>Winterjas dames Shamila new generation Versano zwart<\/title>\n<meta name=\"description\" content=\"Op zoek naar een nieuwe Winterjas dames Shamila new generation Versano zwart? Dan bent u bij Versnano aan het juiste adres.\" \/>\n<meta name=\"robots\" content=\"index, follow, max-snippet:-1, max-image-preview:large, max-video-preview:-1\" \/>\n<link rel=\"canonical\" href=\"https:\/\/versano.nl\/de\/shop\/dames-winterjas-met-bontkraag-shamila-zwart-new-generation\/\" \/>\n<meta property=\"og:locale\" content=\"de_DE\" \/>\n<meta property=\"og:type\" content=\"article\" \/>\n<meta property=\"og:title\" content=\"Winterjas dames Shamila new generation Versano zwart\" \/>\n<meta property=\"og:description\" content=\"Op zoek naar een nieuwe Winterjas dames Shamila new generation Versano zwart? Dan bent u bij Versnano aan het juiste adres.\" \/>\n<meta property=\"og:url\" content=\"https:\/\/versano.nl\/de\/shop\/dames-winterjas-met-bontkraag-shamila-zwart-new-generation\/\" \/>\n<meta property=\"og:site_name\" content=\"Versano\" \/>\n<meta property=\"article:modified_time\" content=\"2026-03-06T15:05:13+00:00\" \/>\n<meta property=\"og:image\" content=\"https:\/\/versano.nl\/wp-content\/uploads\/2021\/08\/888-1.jpg\" \/>\n\t<meta property=\"og:image:width\" content=\"600\" \/>\n\t<meta property=\"og:image:height\" content=\"800\" \/>\n\t<meta property=\"og:image:type\" content=\"image\/jpeg\" \/>\n<meta name=\"twitter:card\" content=\"summary_large_image\" \/>\n<meta name=\"twitter:label1\" content=\"Gesch\u00e4tzte Lesezeit\" \/>\n\t<meta name=\"twitter:data1\" content=\"2\u00a0Minuten\" \/>\n<script type=\"application\/ld+json\" class=\"yoast-schema-graph\">{\"@context\":\"https:\/\/schema.org\",\"@graph\":[{\"@type\":\"WebPage\",\"@id\":\"https:\/\/versano.nl\/shop\/dames-winterjas-met-bontkraag-shamila-zwart-new-generation\/\",\"url\":\"https:\/\/versano.nl\/shop\/dames-winterjas-met-bontkraag-shamila-zwart-new-generation\/\",\"name\":\"Winterjas dames Shamila new generation Versano zwart\",\"isPartOf\":{\"@id\":\"https:\/\/versano.nl\/#website\"},\"primaryImageOfPage\":{\"@id\":\"https:\/\/versano.nl\/shop\/dames-winterjas-met-bontkraag-shamila-zwart-new-generation\/#primaryimage\"},\"image\":{\"@id\":\"https:\/\/versano.nl\/shop\/dames-winterjas-met-bontkraag-shamila-zwart-new-generation\/#primaryimage\"},\"thumbnailUrl\":\"https:\/\/versano.nl\/wp-content\/uploads\/2021\/08\/888-1.jpg\",\"datePublished\":\"2021-08-30T12:03:12+00:00\",\"dateModified\":\"2026-03-06T15:05:13+00:00\",\"description\":\"Op zoek naar een nieuwe Winterjas dames Shamila new generation Versano zwart? Dan bent u bij Versnano aan het juiste adres.\",\"breadcrumb\":{\"@id\":\"https:\/\/versano.nl\/shop\/dames-winterjas-met-bontkraag-shamila-zwart-new-generation\/#breadcrumb\"},\"inLanguage\":\"de\",\"potentialAction\":[{\"@type\":\"ReadAction\",\"target\":[\"https:\/\/versano.nl\/shop\/dames-winterjas-met-bontkraag-shamila-zwart-new-generation\/\"]}]},{\"@type\":\"ImageObject\",\"inLanguage\":\"de\",\"@id\":\"https:\/\/versano.nl\/shop\/dames-winterjas-met-bontkraag-shamila-zwart-new-generation\/#primaryimage\",\"url\":\"https:\/\/versano.nl\/wp-content\/uploads\/2021\/08\/888-1.jpg\",\"contentUrl\":\"https:\/\/versano.nl\/wp-content\/uploads\/2021\/08\/888-1.jpg\",\"width\":600,\"height\":800},{\"@type\":\"BreadcrumbList\",\"@id\":\"https:\/\/versano.nl\/shop\/dames-winterjas-met-bontkraag-shamila-zwart-new-generation\/#breadcrumb\",\"itemListElement\":[{\"@type\":\"ListItem\",\"position\":1,\"name\":\"Home\",\"item\":\"https:\/\/versano.nl\/\"},{\"@type\":\"ListItem\",\"position\":2,\"name\":\"Shop\",\"item\":\"https:\/\/versano.nl\/shop\/\"},{\"@type\":\"ListItem\",\"position\":3,\"name\":\"Winterjas dames Shamila new generation Versano zwart\"}]},{\"@type\":\"WebSite\",\"@id\":\"https:\/\/versano.nl\/#website\",\"url\":\"https:\/\/versano.nl\/\",\"name\":\"Versano\",\"description\":\"winterjassen met bontkraag | leren dames jassen | leren heren jassen\",\"potentialAction\":[{\"@type\":\"SearchAction\",\"target\":{\"@type\":\"EntryPoint\",\"urlTemplate\":\"https:\/\/versano.nl\/?s={search_term_string}\"},\"query-input\":{\"@type\":\"PropertyValueSpecification\",\"valueRequired\":true,\"valueName\":\"search_term_string\"}}],\"inLanguage\":\"de\"}]}<\/script>\n<!-- \/ Yoast SEO plugin. -->","yoast_head_json":{"title":"Winterjacke Damen Shamila neue Generation Versano schwarz","description":"Auf der Suche nach einer neuen Winterjacke Damen Shamila neue Generation Versano schwarz? Dann sind Sie bei Versnano genau richtig.","robots":{"index":"index","follow":"follow","max-snippet":"max-snippet:-1","max-image-preview":"max-image-preview:large","max-video-preview":"max-video-preview:-1"},"canonical":"https:\/\/versano.nl\/de\/shop\/dames-winterjas-met-bontkraag-shamila-zwart-new-generation\/","og_locale":"de_DE","og_type":"article","og_title":"Winterjas dames Shamila new generation Versano zwart","og_description":"Op zoek naar een nieuwe Winterjas dames Shamila new generation Versano zwart? Dan bent u bij Versnano aan het juiste adres.","og_url":"https:\/\/versano.nl\/de\/shop\/dames-winterjas-met-bontkraag-shamila-zwart-new-generation\/","og_site_name":"Versano","article_modified_time":"2026-03-06T15:05:13+00:00","og_image":[{"width":600,"height":800,"url":"https:\/\/versano.nl\/wp-content\/uploads\/2021\/08\/888-1.jpg","type":"image\/jpeg"}],"twitter_card":"summary_large_image","twitter_misc":{"Gesch\u00e4tzte Lesezeit":"2\u00a0Minuten"},"schema":{"@context":"https:\/\/schema.org","@graph":[{"@type":"WebPage","@id":"https:\/\/versano.nl\/shop\/dames-winterjas-met-bontkraag-shamila-zwart-new-generation\/","url":"https:\/\/versano.nl\/shop\/dames-winterjas-met-bontkraag-shamila-zwart-new-generation\/","name":"Winterjacke Damen Shamila neue Generation Versano schwarz","isPartOf":{"@id":"https:\/\/versano.nl\/#website"},"primaryImageOfPage":{"@id":"https:\/\/versano.nl\/shop\/dames-winterjas-met-bontkraag-shamila-zwart-new-generation\/#primaryimage"},"image":{"@id":"https:\/\/versano.nl\/shop\/dames-winterjas-met-bontkraag-shamila-zwart-new-generation\/#primaryimage"},"thumbnailUrl":"https:\/\/versano.nl\/wp-content\/uploads\/2021\/08\/888-1.jpg","datePublished":"2021-08-30T12:03:12+00:00","dateModified":"2026-03-06T15:05:13+00:00","description":"Auf der Suche nach einer neuen Winterjacke Damen Shamila neue Generation Versano schwarz? Dann sind Sie bei Versnano genau richtig.","breadcrumb":{"@id":"https:\/\/versano.nl\/shop\/dames-winterjas-met-bontkraag-shamila-zwart-new-generation\/#breadcrumb"},"inLanguage":"de","potentialAction":[{"@type":"ReadAction","target":["https:\/\/versano.nl\/shop\/dames-winterjas-met-bontkraag-shamila-zwart-new-generation\/"]}]},{"@type":"ImageObject","inLanguage":"de","@id":"https:\/\/versano.nl\/shop\/dames-winterjas-met-bontkraag-shamila-zwart-new-generation\/#primaryimage","url":"https:\/\/versano.nl\/wp-content\/uploads\/2021\/08\/888-1.jpg","contentUrl":"https:\/\/versano.nl\/wp-content\/uploads\/2021\/08\/888-1.jpg","width":600,"height":800},{"@type":"BreadcrumbList","@id":"https:\/\/versano.nl\/shop\/dames-winterjas-met-bontkraag-shamila-zwart-new-generation\/#breadcrumb","itemListElement":[{"@type":"ListItem","position":1,"name":"Home","item":"https:\/\/versano.nl\/"},{"@type":"ListItem","position":2,"name":"Shop","item":"https:\/\/versano.nl\/shop\/"},{"@type":"ListItem","position":3,"name":"Winterjas dames Shamila new generation Versano zwart"}]},{"@type":"WebSite","@id":"https:\/\/versano.nl\/#website","url":"https:\/\/versano.nl\/","name":"Versano","description":"Winterm\u00e4ntel mit Pelzkragen | Damen Lederjacken | Herren Lederjacken","potentialAction":[{"@type":"SearchAction","target":{"@type":"EntryPoint","urlTemplate":"https:\/\/versano.nl\/?s={search_term_string}"},"query-input":{"@type":"PropertyValueSpecification","valueRequired":true,"valueName":"search_term_string"}}],"inLanguage":"de"}]}},"_links":{"self":[{"href":"https:\/\/versano.nl\/de\/wp-json\/wp\/v2\/product\/22403","targetHints":{"allow":["GET"]}}],"collection":[{"href":"https:\/\/versano.nl\/de\/wp-json\/wp\/v2\/product"}],"about":[{"href":"https:\/\/versano.nl\/de\/wp-json\/wp\/v2\/types\/product"}],"replies":[{"embeddable":true,"href":"https:\/\/versano.nl\/de\/wp-json\/wp\/v2\/comments?post=22403"}],"wp:featuredmedia":[{"embeddable":true,"href":"https:\/\/versano.nl\/de\/wp-json\/wp\/v2\/media\/30624"}],"wp:attachment":[{"href":"https:\/\/versano.nl\/de\/wp-json\/wp\/v2\/media?parent=22403"}],"wp:term":[{"taxonomy":"product_brand","embeddable":true,"href":"https:\/\/versano.nl\/de\/wp-json\/wp\/v2\/product_brand?post=22403"},{"taxonomy":"product_cat","embeddable":true,"href":"https:\/\/versano.nl\/de\/wp-json\/wp\/v2\/product_cat?post=22403"},{"taxonomy":"product_tag","embeddable":true,"href":"https:\/\/versano.nl\/de\/wp-json\/wp\/v2\/product_tag?post=22403"}],"curies":[{"name":"wp","href":"https:\/\/api.w.org\/{rel}","templated":true}]}}