{"id":22266,"date":"2021-08-27T21:55:36","date_gmt":"2021-08-27T21:55:36","guid":{"rendered":"https:\/\/versano.nl\/shop\/halflange-dames-winterjas-met-capuchon-zita-rood-versano\/"},"modified":"2026-03-06T15:10:36","modified_gmt":"2026-03-06T15:10:36","slug":"halflange-dames-winterjas-met-capuchon-zita-rood-versano","status":"publish","type":"product","link":"https:\/\/versano.nl\/de\/shop\/halflange-dames-winterjas-met-capuchon-zita-rood-versano\/","title":{"rendered":"Winterjacke Damen mittellang mit Kapuze Zita rot Versano"},"content":{"rendered":"<h2>halblange Damen Winterjacke mit Kapuze Zita rot Versano<\/h2>\n<p>Suchen Sie eine sch\u00f6ne Winterjacke Damen mittellang mit Kapuze Zita rot Versano? Dann sind Sie in Versano genau richtig. Die zita ist die perfekte Winterjacke, um durch den Winter zu kommen. Die halblange Damen Winterjacke mit Kapuze Zita schwarz von Versano ist nicht nur warm, sondern hat auch eine sch\u00f6n taillierte Passform. Dieses Versano-Modell ist ein mittellanges Modell mit seitlichen Taschen, die sich auf H\u00fcfth\u00f6he befinden. Diese Taschen k\u00f6nnen mit einem Rei\u00dfverschluss geschlossen werden. Das Material dieses Modells ist dehnbar, wodurch die Jacke angenehm zu tragen ist und dieses Modell auch gut sitzt. Sie ist eine der meistverkauften Jacken von Versano zu einem wettbewerbsf\u00e4higen Preis.<\/p>\n<h2>Ein Top Wintermantel mit sch\u00f6nem Design<\/h2>\n<p>Die Marke Versano ist vor allem f\u00fcr die sch\u00f6nen und ausgefallenen Jackenmodelle mit taillierter italienischer Passform bekannt, aber das ist nicht nur ein Design, wir nennen es &quot;A STATE OF ART&quot;. Mit einer so sch\u00f6nen Jacke von Versano k\u00f6nnen Sie sicher sein, dass Sie sie den ganzen Winter \u00fcber tragen k\u00f6nnen. Das sind wundersch\u00f6ne Jacken, die nicht nur perfekt designt sind, sondern auch aus den besten Materialien gefertigt sind. Die Winterjacke Damen mittellang mit Kapuze Zita rot Versano k\u00f6nnen Sie ganz einfach \u00fcber unseren Versano Webshop bestellen. Hier haben wir alle unsere Jacken f\u00fcr Sie zusammengestellt, damit Sie ganz einfach eine Bestellung aufgeben k\u00f6nnen. Bei Versano k\u00f6nnen Sie sich immer sicher sein, einen sch\u00f6nen und sorgf\u00e4ltig verarbeiteten Mantel zu kaufen.<\/p>\n<p>Marke: <a title=\"versano\" href=\"https:\/\/versano.nl\" target=\"_blank\" rel=\"noopener noreferrer\">Versano<\/a><br \/>\nL\u00e4nge: H\u00e4lfte<br \/>\nMaterial: 76% Polyamid 24% Elasthan<br \/>\nPassform: ausgestattet<br \/>\nFutter: 100% Polyester<br \/>\nWattierung: Kunstdaunen 100% Polyester<br \/>\nRei\u00dfverschl\u00fcsse: Skirei\u00dfverschl\u00fcsse<br \/>\nHOOD ausgekleidete, Massiv<br \/>\nExtras: verst\u00e4rkte N\u00e4hte<br \/>\nSchlie\u00dfung: Rei\u00dfverschluss<br \/>\nS\u00e4cke Rei\u00dfverschluss Seitentaschen, Innen<br \/>\nFunktion: wasserdicht, winddicht<br \/>\nMaterialau\u00dfenschicht: 100% Polyester<\/p>\n<p>Lieferzeit: 2-3 Werktage<\/p>","protected":false},"excerpt":{"rendered":"<p><strong>W\u00c4HLEN SIE HIER EINE ANDERE FARBE<\/strong><\/p>\n<p><span style=\"color: #ff0000;\"><strong><a href=\"https:\/\/versano.nl\/shop\/halflange-dames-winterjas-met-capuchon-zwart-zita-versano\/\"><img loading=\"lazy\" decoding=\"async\" class=\"alignnone size-full wp-image-22150\" src=\"https:\/\/versano.nl\/wp-content\/uploads\/sites\/2\/2021\/08\/zita-zwart-thumb.png\" alt=\"\" width=\"57\" height=\"75\" srcset=\"https:\/\/versano.nl\/wp-content\/uploads\/2021\/08\/zita-zwart-thumb.png 57w, https:\/\/versano.nl\/wp-content\/uploads\/2021\/08\/zita-zwart-thumb-9x12.png 9w\" sizes=\"auto, (max-width: 57px) 100vw, 57px\" \/><\/a><a href=\"https:\/\/versano.nl\/shop\/halflange-dames-winterjas-met-capuchon-zita-blauw-versano\/\"><img loading=\"lazy\" decoding=\"async\" class=\"alignnone size-full wp-image-22148\" src=\"https:\/\/versano.nl\/wp-content\/uploads\/sites\/2\/2021\/08\/zita-blauw-thumb.png\" alt=\"\" width=\"57\" height=\"75\" srcset=\"https:\/\/versano.nl\/wp-content\/uploads\/2021\/08\/zita-blauw-thumb.png 57w, https:\/\/versano.nl\/wp-content\/uploads\/2021\/08\/zita-blauw-thumb-9x12.png 9w\" sizes=\"auto, (max-width: 57px) 100vw, 57px\" \/><\/a><\/strong><\/span><\/p>\n<p><span style=\"color: #ff0000;\"><strong>Fit Beratung:\u00a0<\/strong><\/span>Taillierte Passform, passt wie normale niederl\u00e4ndische Gr\u00f6\u00dfen. Unser Model ist 1,74 cm gro\u00df und tr\u00e4gt eine S.<\/p>\n<p>Wenn Sie sich bei Ihren Ma\u00dfen nicht sicher sind, empfehlen wir Ihnen, zuerst Ihre Gr\u00f6\u00dfenma\u00dfe zu messen und sie mit unserer Gr\u00f6\u00dfentabelle zu vergleichen. Wenn Sie keine Erfahrung mit der Messung von Umfangsgr\u00f6\u00dfen haben, klicken Sie auf <a href=\"https:\/\/www.youtube.com\/watch?v=3ZSfY87v6pM\"><em>HIER<\/em>\u00a0<\/a>\u00a0zu <span style=\"color: #ff0000;\"><a style=\"color: #ff0000;\" href=\"https:\/\/www.youtube.com\/watch?v=3ZSfY87v6pM\"><em>VIDEO<\/em><\/a>\u00a0<\/span> mit Anweisungen. Sie k\u00f6nnen uns auch direkt anrufen oder anrufen! Unsere Mitarbeiter stehen Ihnen jederzeit zur Verf\u00fcgung.<\/p>\n<p><strong><span style=\"color: #000000;\">LIEFERZEIT<\/span> :<\/strong> 2 bis 3 Werktage.<\/p>\n<p>&nbsp;<\/p>","protected":false},"featured_media":22262,"comment_status":"closed","ping_status":"closed","template":"","meta":[],"product_brand":[],"product_cat":[1145,1382,882,1143,1144,2204,1404,1339],"product_tag":[2069,218,2079,2068,2072,1059,2065,2089],"class_list":{"0":"post-22266","1":"product","2":"type-product","3":"status-publish","4":"has-post-thumbnail","6":"product_cat-dames-winterjas","7":"product_cat-dames-winterjassen","8":"product_cat-versano","9":"product_cat-winterjas","10":"product_cat-winterjas-dames","11":"product_cat-winterjas-dames-halflang","12":"product_cat-winterjassen","13":"product_cat-winterjassen-dames","14":"product_tag-dames-winterjas-halflang","15":"product_tag-dames-winterjas-rood","16":"product_tag-dames-winterjas-versano","17":"product_tag-halflange-winterjas-dames","18":"product_tag-merk-winterjas-dames","19":"product_tag-rode-winterjas-dames","20":"product_tag-winterjas-dames-merk","21":"product_tag-winterjas-halflang-dames","22":"product_shipping_class-verzendkosten-1","23":"tm-no-options","25":"first","26":"instock","27":"sale","28":"taxable","29":"shipping-taxable","30":"purchasable","31":"product-type-variable"},"yoast_head":"<!-- This site is optimized with the Yoast SEO plugin v27.2 - https:\/\/yoast.com\/product\/yoast-seo-wordpress\/ -->\n<title>Winterjas dames halflang met capuchon Zita rood Versano<\/title>\n<meta name=\"description\" content=\"Ben je op zoek naar een Winterjas dames halflang met capuchon Zita rood Versano, dan bent u bij versano aan het juiste adres.\" \/>\n<meta name=\"robots\" content=\"index, follow, max-snippet:-1, max-image-preview:large, max-video-preview:-1\" \/>\n<link rel=\"canonical\" href=\"https:\/\/versano.nl\/de\/shop\/halflange-dames-winterjas-met-capuchon-zita-rood-versano\/\" \/>\n<meta property=\"og:locale\" content=\"de_DE\" \/>\n<meta property=\"og:type\" content=\"article\" \/>\n<meta property=\"og:title\" content=\"Winterjas dames halflang met capuchon Zita rood Versano\" \/>\n<meta property=\"og:description\" content=\"Ben je op zoek naar een Winterjas dames halflang met capuchon Zita rood Versano, dan bent u bij versano aan het juiste adres.\" \/>\n<meta property=\"og:url\" content=\"https:\/\/versano.nl\/de\/shop\/halflange-dames-winterjas-met-capuchon-zita-rood-versano\/\" \/>\n<meta property=\"og:site_name\" content=\"Versano\" \/>\n<meta property=\"article:modified_time\" content=\"2026-03-06T15:10:36+00:00\" \/>\n<meta property=\"og:image\" content=\"https:\/\/versano.nl\/wp-content\/uploads\/2021\/08\/halflange-dames-winterjas-met-capuchon-rood-versano-voorkant-1.jpg\" \/>\n\t<meta property=\"og:image:width\" content=\"900\" \/>\n\t<meta property=\"og:image:height\" content=\"1200\" \/>\n\t<meta property=\"og:image:type\" content=\"image\/jpeg\" \/>\n<meta name=\"twitter:card\" content=\"summary_large_image\" \/>\n<meta name=\"twitter:label1\" content=\"Gesch\u00e4tzte Lesezeit\" \/>\n\t<meta name=\"twitter:data1\" content=\"2\u00a0Minuten\" \/>\n<script type=\"application\/ld+json\" class=\"yoast-schema-graph\">{\"@context\":\"https:\/\/schema.org\",\"@graph\":[{\"@type\":\"WebPage\",\"@id\":\"https:\/\/versano.nl\/shop\/halflange-dames-winterjas-met-capuchon-zita-rood-versano\/\",\"url\":\"https:\/\/versano.nl\/shop\/halflange-dames-winterjas-met-capuchon-zita-rood-versano\/\",\"name\":\"Winterjas dames halflang met capuchon Zita rood Versano\",\"isPartOf\":{\"@id\":\"https:\/\/versano.nl\/#website\"},\"primaryImageOfPage\":{\"@id\":\"https:\/\/versano.nl\/shop\/halflange-dames-winterjas-met-capuchon-zita-rood-versano\/#primaryimage\"},\"image\":{\"@id\":\"https:\/\/versano.nl\/shop\/halflange-dames-winterjas-met-capuchon-zita-rood-versano\/#primaryimage\"},\"thumbnailUrl\":\"https:\/\/versano.nl\/wp-content\/uploads\/2021\/08\/halflange-dames-winterjas-met-capuchon-rood-versano-voorkant-1.jpg\",\"datePublished\":\"2021-08-27T21:55:36+00:00\",\"dateModified\":\"2026-03-06T15:10:36+00:00\",\"description\":\"Ben je op zoek naar een Winterjas dames halflang met capuchon Zita rood Versano, dan bent u bij versano aan het juiste adres.\",\"breadcrumb\":{\"@id\":\"https:\/\/versano.nl\/shop\/halflange-dames-winterjas-met-capuchon-zita-rood-versano\/#breadcrumb\"},\"inLanguage\":\"de\",\"potentialAction\":[{\"@type\":\"ReadAction\",\"target\":[\"https:\/\/versano.nl\/shop\/halflange-dames-winterjas-met-capuchon-zita-rood-versano\/\"]}]},{\"@type\":\"ImageObject\",\"inLanguage\":\"de\",\"@id\":\"https:\/\/versano.nl\/shop\/halflange-dames-winterjas-met-capuchon-zita-rood-versano\/#primaryimage\",\"url\":\"https:\/\/versano.nl\/wp-content\/uploads\/2021\/08\/halflange-dames-winterjas-met-capuchon-rood-versano-voorkant-1.jpg\",\"contentUrl\":\"https:\/\/versano.nl\/wp-content\/uploads\/2021\/08\/halflange-dames-winterjas-met-capuchon-rood-versano-voorkant-1.jpg\",\"width\":900,\"height\":1200,\"caption\":\"Winterjas dames halflang met capuchon Zita rood Versano\"},{\"@type\":\"BreadcrumbList\",\"@id\":\"https:\/\/versano.nl\/shop\/halflange-dames-winterjas-met-capuchon-zita-rood-versano\/#breadcrumb\",\"itemListElement\":[{\"@type\":\"ListItem\",\"position\":1,\"name\":\"Home\",\"item\":\"https:\/\/versano.nl\/\"},{\"@type\":\"ListItem\",\"position\":2,\"name\":\"Shop\",\"item\":\"https:\/\/versano.nl\/shop\/\"},{\"@type\":\"ListItem\",\"position\":3,\"name\":\"Winterjas dames halflang met capuchon Zita rood Versano\"}]},{\"@type\":\"WebSite\",\"@id\":\"https:\/\/versano.nl\/#website\",\"url\":\"https:\/\/versano.nl\/\",\"name\":\"Versano\",\"description\":\"winterjassen met bontkraag | leren dames jassen | leren heren jassen\",\"potentialAction\":[{\"@type\":\"SearchAction\",\"target\":{\"@type\":\"EntryPoint\",\"urlTemplate\":\"https:\/\/versano.nl\/?s={search_term_string}\"},\"query-input\":{\"@type\":\"PropertyValueSpecification\",\"valueRequired\":true,\"valueName\":\"search_term_string\"}}],\"inLanguage\":\"de\"}]}<\/script>\n<!-- \/ Yoast SEO plugin. -->","yoast_head_json":{"title":"Winterjacke Damen mittellang mit Kapuze Zita rot Versano","description":"Wenn Sie eine Damen Winterjacke mit Kapuze Zita rot Versano suchen, dann sind Sie bei versano genau richtig.","robots":{"index":"index","follow":"follow","max-snippet":"max-snippet:-1","max-image-preview":"max-image-preview:large","max-video-preview":"max-video-preview:-1"},"canonical":"https:\/\/versano.nl\/de\/shop\/halflange-dames-winterjas-met-capuchon-zita-rood-versano\/","og_locale":"de_DE","og_type":"article","og_title":"Winterjas dames halflang met capuchon Zita rood Versano","og_description":"Ben je op zoek naar een Winterjas dames halflang met capuchon Zita rood Versano, dan bent u bij versano aan het juiste adres.","og_url":"https:\/\/versano.nl\/de\/shop\/halflange-dames-winterjas-met-capuchon-zita-rood-versano\/","og_site_name":"Versano","article_modified_time":"2026-03-06T15:10:36+00:00","og_image":[{"width":900,"height":1200,"url":"https:\/\/versano.nl\/wp-content\/uploads\/2021\/08\/halflange-dames-winterjas-met-capuchon-rood-versano-voorkant-1.jpg","type":"image\/jpeg"}],"twitter_card":"summary_large_image","twitter_misc":{"Gesch\u00e4tzte Lesezeit":"2\u00a0Minuten"},"schema":{"@context":"https:\/\/schema.org","@graph":[{"@type":"WebPage","@id":"https:\/\/versano.nl\/shop\/halflange-dames-winterjas-met-capuchon-zita-rood-versano\/","url":"https:\/\/versano.nl\/shop\/halflange-dames-winterjas-met-capuchon-zita-rood-versano\/","name":"Winterjacke Damen mittellang mit Kapuze Zita rot Versano","isPartOf":{"@id":"https:\/\/versano.nl\/#website"},"primaryImageOfPage":{"@id":"https:\/\/versano.nl\/shop\/halflange-dames-winterjas-met-capuchon-zita-rood-versano\/#primaryimage"},"image":{"@id":"https:\/\/versano.nl\/shop\/halflange-dames-winterjas-met-capuchon-zita-rood-versano\/#primaryimage"},"thumbnailUrl":"https:\/\/versano.nl\/wp-content\/uploads\/2021\/08\/halflange-dames-winterjas-met-capuchon-rood-versano-voorkant-1.jpg","datePublished":"2021-08-27T21:55:36+00:00","dateModified":"2026-03-06T15:10:36+00:00","description":"Wenn Sie eine Damen Winterjacke mit Kapuze Zita rot Versano suchen, dann sind Sie bei versano genau richtig.","breadcrumb":{"@id":"https:\/\/versano.nl\/shop\/halflange-dames-winterjas-met-capuchon-zita-rood-versano\/#breadcrumb"},"inLanguage":"de","potentialAction":[{"@type":"ReadAction","target":["https:\/\/versano.nl\/shop\/halflange-dames-winterjas-met-capuchon-zita-rood-versano\/"]}]},{"@type":"ImageObject","inLanguage":"de","@id":"https:\/\/versano.nl\/shop\/halflange-dames-winterjas-met-capuchon-zita-rood-versano\/#primaryimage","url":"https:\/\/versano.nl\/wp-content\/uploads\/2021\/08\/halflange-dames-winterjas-met-capuchon-rood-versano-voorkant-1.jpg","contentUrl":"https:\/\/versano.nl\/wp-content\/uploads\/2021\/08\/halflange-dames-winterjas-met-capuchon-rood-versano-voorkant-1.jpg","width":900,"height":1200,"caption":"Winterjas dames halflang met capuchon Zita rood Versano"},{"@type":"BreadcrumbList","@id":"https:\/\/versano.nl\/shop\/halflange-dames-winterjas-met-capuchon-zita-rood-versano\/#breadcrumb","itemListElement":[{"@type":"ListItem","position":1,"name":"Home","item":"https:\/\/versano.nl\/"},{"@type":"ListItem","position":2,"name":"Shop","item":"https:\/\/versano.nl\/shop\/"},{"@type":"ListItem","position":3,"name":"Winterjas dames halflang met capuchon Zita rood Versano"}]},{"@type":"WebSite","@id":"https:\/\/versano.nl\/#website","url":"https:\/\/versano.nl\/","name":"Versano","description":"Winterm\u00e4ntel mit Pelzkragen | Damen Lederjacken | Herren Lederjacken","potentialAction":[{"@type":"SearchAction","target":{"@type":"EntryPoint","urlTemplate":"https:\/\/versano.nl\/?s={search_term_string}"},"query-input":{"@type":"PropertyValueSpecification","valueRequired":true,"valueName":"search_term_string"}}],"inLanguage":"de"}]}},"_links":{"self":[{"href":"https:\/\/versano.nl\/de\/wp-json\/wp\/v2\/product\/22266","targetHints":{"allow":["GET"]}}],"collection":[{"href":"https:\/\/versano.nl\/de\/wp-json\/wp\/v2\/product"}],"about":[{"href":"https:\/\/versano.nl\/de\/wp-json\/wp\/v2\/types\/product"}],"replies":[{"embeddable":true,"href":"https:\/\/versano.nl\/de\/wp-json\/wp\/v2\/comments?post=22266"}],"wp:featuredmedia":[{"embeddable":true,"href":"https:\/\/versano.nl\/de\/wp-json\/wp\/v2\/media\/22262"}],"wp:attachment":[{"href":"https:\/\/versano.nl\/de\/wp-json\/wp\/v2\/media?parent=22266"}],"wp:term":[{"taxonomy":"product_brand","embeddable":true,"href":"https:\/\/versano.nl\/de\/wp-json\/wp\/v2\/product_brand?post=22266"},{"taxonomy":"product_cat","embeddable":true,"href":"https:\/\/versano.nl\/de\/wp-json\/wp\/v2\/product_cat?post=22266"},{"taxonomy":"product_tag","embeddable":true,"href":"https:\/\/versano.nl\/de\/wp-json\/wp\/v2\/product_tag?post=22266"}],"curies":[{"name":"wp","href":"https:\/\/api.w.org\/{rel}","templated":true}]}}