{"id":22200,"date":"2021-08-27T20:23:21","date_gmt":"2021-08-27T20:23:21","guid":{"rendered":"https:\/\/versano.nl\/shop\/dames-motor-jack-met-riem-cognac-versano-350\/"},"modified":"2026-01-01T15:11:31","modified_gmt":"2026-01-01T15:11:31","slug":"dames-motor-jack-met-riem-cognac-versano-350","status":"publish","type":"product","link":"https:\/\/versano.nl\/de\/shop\/dames-motor-jack-met-riem-cognac-versano-350\/","title":{"rendered":"Damen Lederjacke mit G\u00fcrtel Cognac Versano 350"},"content":{"rendered":"<h2>Damen Lederjacke mit G\u00fcrtel Cognac Versano 350<\/h2>\n<p>Versano ist die richtige Wahl f\u00fcr eine coole Damenjacke aus schwarzem Leder. Diese Damen Lederjacke mit G\u00fcrtel Cognac Versano 350 ist aus geschmeidigem Lammleder gefertigt. Es ist eine Jacke mit asymmetrischem Kragen. Das Leder ist hochwertiges Lammleder. Dieser sch\u00f6ne Mantel hat zwei Seitentaschen, die Sie mit einem Rei\u00dfverschluss schlie\u00dfen k\u00f6nnen. Zus\u00e4tzlich gibt es eine kleine Rei\u00dfverschlusstasche auf der Brust und bei diesem Modell hast du auch eine Innentasche. Wir verkaufen diese Jacke in drei verschiedenen Farben. Neben dem stylischen Schwarz ist die Jacke auch in einer coolen schwarz-roten Variante erh\u00e4ltlich. Diese Jacke ist von den Versano-Designern komplett italienisch ausgestattet. Dadurch schmiegt sich die Jacke gut an Ihren K\u00f6rper und sitzt wirklich wie angegossen.<\/p>\n<h2>350 in cognacschwarz bestellen<\/h2>\n<p>Suchen Sie eine perfecto Damen Lederjacke? Dann empfehlen wir dieses Modell auf jeden Fall weiter und Sie werden es nie bereuen! Perfecto Lederjacken von Versano sind richtig cool und haben ein sch\u00f6nes Design. Diese Jacke wird im Allgemeinen im t\u00e4glichen Leben getragen, um Ihr Outfit modischer zu machen. Wenn Sie diese sch\u00f6ne Jacke bei uns bestellen, erhalten Sie eine Jacke aus sch\u00f6nem Material. Da sie aus sch\u00f6nem d\u00fcnnem Lammleder gefertigt ist, ist die Jacke auch perfekt f\u00fcr den Innenbereich geeignet. Es ist eine Jacke, die sich gut mit verschiedenen Arten von Kleidung kombinieren l\u00e4sst. Denken Sie an einen Rock, aber auch an eine coole Jeans. Sein italienisches Design sorgt daf\u00fcr, dass die Jacke eng anliegt und trotzdem angenehm zu tragen ist. Es ist ein sehr trendiges und cooles Modell von Versano.<\/p>\n<p>&nbsp;<\/p>\n<p>Marke: <a href=\"https:\/\/versano.nl\/\">Versano<\/a><br \/>\nMaterial: 100% Lammfell<br \/>\nFutter: 100% Polyester<br \/>\nL\u00e4nge: kurz<br \/>\nPassform: regelm\u00e4\u00dfig montiert<br \/>\nSchlie\u00dfung: Rei\u00dfverschluss<br \/>\nTaschen: RV-Taschen<br \/>\nCollar: a symmetrischen Kragen<br \/>\nMaterial Au\u00dfenschicht: hohe Qualit\u00e4t und weiches Lammfell<\/p>\n<p>Lieferzeit: 2-3 Werktage<\/p>","protected":false},"excerpt":{"rendered":"<p><span style=\"color: red;\">Fit Beratung:<\/span> Die Passform dieser Jacke ist normalerweise ma\u00dfgeschneidert. Unser Modell ist 1,68 cm gro\u00df und tr\u00e4gt eine Gr\u00f6\u00dfe S.<\/p>\n<p>Wenn Sie sich bei Ihren Ma\u00dfen nicht sicher sind, empfehlen wir Ihnen, zuerst Ihre Gr\u00f6\u00dfenma\u00dfe zu messen und sie mit unserer Gr\u00f6\u00dfentabelle zu vergleichen. Wenn Sie keine Erfahrung mit der Messung von Umfangsgr\u00f6\u00dfen haben, klicken Sie auf <a href=\"https:\/\/www.youtube.com\/watch?v=3ZSfY87v6pM\"><em><span style=\"text-decoration: none;\">HIER<\/span><\/em>\u00a0<\/a>\u00a0zu <span style=\"color: red;\"><a href=\"https:\/\/www.youtube.com\/watch?v=3ZSfY87v6pM\"><em><span style=\"color: red; text-decoration: none;\">VIDEO<\/span><\/em><\/a><\/span>\u00a0 mit Anweisungen. Sie k\u00f6nnen uns auch direkt anrufen oder anrufen! Unsere Mitarbeiter stehen Ihnen jederzeit zur Verf\u00fcgung.<\/p>\n<p><strong><span style=\"color: black;\">LIEFERZEIT :<\/span><\/strong> 2 bis 3 Werktage.<\/p>","protected":false},"featured_media":22209,"comment_status":"closed","ping_status":"closed","template":"","meta":[],"product_brand":[],"product_cat":[1472,90,874,875,1499,877,1470,879,1469,880,1712,881,878,882,890],"product_tag":[719,2124,1003,1527,2125,352],"class_list":{"0":"post-22200","1":"product","2":"type-product","3":"status-publish","4":"has-post-thumbnail","6":"product_cat-biker-jas-dames","7":"product_cat-dames-leren-jassen","8":"product_cat-kort-leren-jasje","9":"product_cat-kort-leren-jasje-dames","10":"product_cat-leren-biker-jas-dames","11":"product_cat-leren-bikerjacks-dames","12":"product_cat-leren-dames-jas","13":"product_cat-leren-dames-jassen","14":"product_cat-leren-jas-dames","15":"product_cat-leren-jasje-dames","16":"product_cat-leren-jassen","17":"product_cat-leren-jassen-dames","18":"product_cat-leren-jassen-dames-uitverkoop","19":"product_cat-versano","20":"product_cat-zwarte-leren-jas-dames","21":"product_tag-bikerjack-dames-cognac","22":"product_tag-cognac-leren-biker-jas","23":"product_tag-cognac-leren-dames-jas","24":"product_tag-dames-leren-biker-jas","25":"product_tag-leren-biker-jas-cognac","26":"product_tag-leren-dames-jas-cognac","27":"tm-no-options","29":"first","30":"instock","31":"sale","32":"taxable","33":"shipping-taxable","34":"purchasable","35":"product-type-variable","36":"has-default-attributes"},"yoast_head":"<!-- This site is optimized with the Yoast SEO plugin v27.2 - https:\/\/yoast.com\/product\/yoast-seo-wordpress\/ -->\n<title>Dames leren jas met riem cognac Versano 350, leren dames jas<\/title>\n<meta name=\"description\" content=\"Ben je op zoek naar een Dames leren jas met riem cognac Versano 350, dan zit je in de webshop van Versano aan het juiste adres.\" \/>\n<meta name=\"robots\" content=\"index, follow, max-snippet:-1, max-image-preview:large, max-video-preview:-1\" \/>\n<link rel=\"canonical\" href=\"https:\/\/versano.nl\/de\/shop\/dames-motor-jack-met-riem-cognac-versano-350\/\" \/>\n<meta property=\"og:locale\" content=\"de_DE\" \/>\n<meta property=\"og:type\" content=\"article\" \/>\n<meta property=\"og:title\" content=\"Dames leren jas met riem cognac Versano 350, leren dames jas\" \/>\n<meta property=\"og:description\" content=\"Ben je op zoek naar een Dames leren jas met riem cognac Versano 350, dan zit je in de webshop van Versano aan het juiste adres.\" \/>\n<meta property=\"og:url\" content=\"https:\/\/versano.nl\/de\/shop\/dames-motor-jack-met-riem-cognac-versano-350\/\" \/>\n<meta property=\"og:site_name\" content=\"Versano\" \/>\n<meta property=\"article:modified_time\" content=\"2026-01-01T15:11:31+00:00\" \/>\n<meta property=\"og:image\" content=\"https:\/\/versano.nl\/wp-content\/uploads\/2021\/08\/leren-jassen-dames-350c-cognac-versano-voorkant.jpg\" \/>\n\t<meta property=\"og:image:width\" content=\"900\" \/>\n\t<meta property=\"og:image:height\" content=\"1200\" \/>\n\t<meta property=\"og:image:type\" content=\"image\/jpeg\" \/>\n<meta name=\"twitter:card\" content=\"summary_large_image\" \/>\n<meta name=\"twitter:label1\" content=\"Gesch\u00e4tzte Lesezeit\" \/>\n\t<meta name=\"twitter:data1\" content=\"2\u00a0Minuten\" \/>\n<script type=\"application\/ld+json\" class=\"yoast-schema-graph\">{\"@context\":\"https:\/\/schema.org\",\"@graph\":[{\"@type\":\"WebPage\",\"@id\":\"https:\/\/versano.nl\/shop\/dames-motor-jack-met-riem-cognac-versano-350\/\",\"url\":\"https:\/\/versano.nl\/shop\/dames-motor-jack-met-riem-cognac-versano-350\/\",\"name\":\"Dames leren jas met riem cognac Versano 350, leren dames jas\",\"isPartOf\":{\"@id\":\"https:\/\/versano.nl\/#website\"},\"primaryImageOfPage\":{\"@id\":\"https:\/\/versano.nl\/shop\/dames-motor-jack-met-riem-cognac-versano-350\/#primaryimage\"},\"image\":{\"@id\":\"https:\/\/versano.nl\/shop\/dames-motor-jack-met-riem-cognac-versano-350\/#primaryimage\"},\"thumbnailUrl\":\"https:\/\/versano.nl\/wp-content\/uploads\/2021\/08\/leren-jassen-dames-350c-cognac-versano-voorkant.jpg\",\"datePublished\":\"2021-08-27T20:23:21+00:00\",\"dateModified\":\"2026-01-01T15:11:31+00:00\",\"description\":\"Ben je op zoek naar een Dames leren jas met riem cognac Versano 350, dan zit je in de webshop van Versano aan het juiste adres.\",\"breadcrumb\":{\"@id\":\"https:\/\/versano.nl\/shop\/dames-motor-jack-met-riem-cognac-versano-350\/#breadcrumb\"},\"inLanguage\":\"de\",\"potentialAction\":[{\"@type\":\"ReadAction\",\"target\":[\"https:\/\/versano.nl\/shop\/dames-motor-jack-met-riem-cognac-versano-350\/\"]}]},{\"@type\":\"ImageObject\",\"inLanguage\":\"de\",\"@id\":\"https:\/\/versano.nl\/shop\/dames-motor-jack-met-riem-cognac-versano-350\/#primaryimage\",\"url\":\"https:\/\/versano.nl\/wp-content\/uploads\/2021\/08\/leren-jassen-dames-350c-cognac-versano-voorkant.jpg\",\"contentUrl\":\"https:\/\/versano.nl\/wp-content\/uploads\/2021\/08\/leren-jassen-dames-350c-cognac-versano-voorkant.jpg\",\"width\":900,\"height\":1200,\"caption\":\"Dames leren jas met riem cognac Versano 350\"},{\"@type\":\"BreadcrumbList\",\"@id\":\"https:\/\/versano.nl\/shop\/dames-motor-jack-met-riem-cognac-versano-350\/#breadcrumb\",\"itemListElement\":[{\"@type\":\"ListItem\",\"position\":1,\"name\":\"Home\",\"item\":\"https:\/\/versano.nl\/\"},{\"@type\":\"ListItem\",\"position\":2,\"name\":\"Shop\",\"item\":\"https:\/\/versano.nl\/shop\/\"},{\"@type\":\"ListItem\",\"position\":3,\"name\":\"Dames leren jas met riem cognac Versano 350\"}]},{\"@type\":\"WebSite\",\"@id\":\"https:\/\/versano.nl\/#website\",\"url\":\"https:\/\/versano.nl\/\",\"name\":\"Versano\",\"description\":\"winterjassen met bontkraag | leren dames jassen | leren heren jassen\",\"potentialAction\":[{\"@type\":\"SearchAction\",\"target\":{\"@type\":\"EntryPoint\",\"urlTemplate\":\"https:\/\/versano.nl\/?s={search_term_string}\"},\"query-input\":{\"@type\":\"PropertyValueSpecification\",\"valueRequired\":true,\"valueName\":\"search_term_string\"}}],\"inLanguage\":\"de\"}]}<\/script>\n<!-- \/ Yoast SEO plugin. -->","yoast_head_json":{"title":"Damen Lederjacke mit G\u00fcrtel Cognac Versano 350, Leder Damenjacke","description":"Wenn Sie auf der Suche nach einer Damen Lederjacke mit G\u00fcrtel Cognac Versano 350 sind, dann sind Sie im Versano Webshop genau richtig.","robots":{"index":"index","follow":"follow","max-snippet":"max-snippet:-1","max-image-preview":"max-image-preview:large","max-video-preview":"max-video-preview:-1"},"canonical":"https:\/\/versano.nl\/de\/shop\/dames-motor-jack-met-riem-cognac-versano-350\/","og_locale":"de_DE","og_type":"article","og_title":"Dames leren jas met riem cognac Versano 350, leren dames jas","og_description":"Ben je op zoek naar een Dames leren jas met riem cognac Versano 350, dan zit je in de webshop van Versano aan het juiste adres.","og_url":"https:\/\/versano.nl\/de\/shop\/dames-motor-jack-met-riem-cognac-versano-350\/","og_site_name":"Versano","article_modified_time":"2026-01-01T15:11:31+00:00","og_image":[{"width":900,"height":1200,"url":"https:\/\/versano.nl\/wp-content\/uploads\/2021\/08\/leren-jassen-dames-350c-cognac-versano-voorkant.jpg","type":"image\/jpeg"}],"twitter_card":"summary_large_image","twitter_misc":{"Gesch\u00e4tzte Lesezeit":"2\u00a0Minuten"},"schema":{"@context":"https:\/\/schema.org","@graph":[{"@type":"WebPage","@id":"https:\/\/versano.nl\/shop\/dames-motor-jack-met-riem-cognac-versano-350\/","url":"https:\/\/versano.nl\/shop\/dames-motor-jack-met-riem-cognac-versano-350\/","name":"Damen Lederjacke mit G\u00fcrtel Cognac Versano 350, Leder Damenjacke","isPartOf":{"@id":"https:\/\/versano.nl\/#website"},"primaryImageOfPage":{"@id":"https:\/\/versano.nl\/shop\/dames-motor-jack-met-riem-cognac-versano-350\/#primaryimage"},"image":{"@id":"https:\/\/versano.nl\/shop\/dames-motor-jack-met-riem-cognac-versano-350\/#primaryimage"},"thumbnailUrl":"https:\/\/versano.nl\/wp-content\/uploads\/2021\/08\/leren-jassen-dames-350c-cognac-versano-voorkant.jpg","datePublished":"2021-08-27T20:23:21+00:00","dateModified":"2026-01-01T15:11:31+00:00","description":"Wenn Sie auf der Suche nach einer Damen Lederjacke mit G\u00fcrtel Cognac Versano 350 sind, dann sind Sie im Versano Webshop genau richtig.","breadcrumb":{"@id":"https:\/\/versano.nl\/shop\/dames-motor-jack-met-riem-cognac-versano-350\/#breadcrumb"},"inLanguage":"de","potentialAction":[{"@type":"ReadAction","target":["https:\/\/versano.nl\/shop\/dames-motor-jack-met-riem-cognac-versano-350\/"]}]},{"@type":"ImageObject","inLanguage":"de","@id":"https:\/\/versano.nl\/shop\/dames-motor-jack-met-riem-cognac-versano-350\/#primaryimage","url":"https:\/\/versano.nl\/wp-content\/uploads\/2021\/08\/leren-jassen-dames-350c-cognac-versano-voorkant.jpg","contentUrl":"https:\/\/versano.nl\/wp-content\/uploads\/2021\/08\/leren-jassen-dames-350c-cognac-versano-voorkant.jpg","width":900,"height":1200,"caption":"Dames leren jas met riem cognac Versano 350"},{"@type":"BreadcrumbList","@id":"https:\/\/versano.nl\/shop\/dames-motor-jack-met-riem-cognac-versano-350\/#breadcrumb","itemListElement":[{"@type":"ListItem","position":1,"name":"Home","item":"https:\/\/versano.nl\/"},{"@type":"ListItem","position":2,"name":"Shop","item":"https:\/\/versano.nl\/shop\/"},{"@type":"ListItem","position":3,"name":"Dames leren jas met riem cognac Versano 350"}]},{"@type":"WebSite","@id":"https:\/\/versano.nl\/#website","url":"https:\/\/versano.nl\/","name":"Versano","description":"Winterm\u00e4ntel mit Pelzkragen | Damen Lederjacken | Herren Lederjacken","potentialAction":[{"@type":"SearchAction","target":{"@type":"EntryPoint","urlTemplate":"https:\/\/versano.nl\/?s={search_term_string}"},"query-input":{"@type":"PropertyValueSpecification","valueRequired":true,"valueName":"search_term_string"}}],"inLanguage":"de"}]}},"_links":{"self":[{"href":"https:\/\/versano.nl\/de\/wp-json\/wp\/v2\/product\/22200","targetHints":{"allow":["GET"]}}],"collection":[{"href":"https:\/\/versano.nl\/de\/wp-json\/wp\/v2\/product"}],"about":[{"href":"https:\/\/versano.nl\/de\/wp-json\/wp\/v2\/types\/product"}],"replies":[{"embeddable":true,"href":"https:\/\/versano.nl\/de\/wp-json\/wp\/v2\/comments?post=22200"}],"wp:featuredmedia":[{"embeddable":true,"href":"https:\/\/versano.nl\/de\/wp-json\/wp\/v2\/media\/22209"}],"wp:attachment":[{"href":"https:\/\/versano.nl\/de\/wp-json\/wp\/v2\/media?parent=22200"}],"wp:term":[{"taxonomy":"product_brand","embeddable":true,"href":"https:\/\/versano.nl\/de\/wp-json\/wp\/v2\/product_brand?post=22200"},{"taxonomy":"product_cat","embeddable":true,"href":"https:\/\/versano.nl\/de\/wp-json\/wp\/v2\/product_cat?post=22200"},{"taxonomy":"product_tag","embeddable":true,"href":"https:\/\/versano.nl\/de\/wp-json\/wp\/v2\/product_tag?post=22200"}],"curies":[{"name":"wp","href":"https:\/\/api.w.org\/{rel}","templated":true}]}}