{"id":22180,"date":"2014-12-01T15:49:56","date_gmt":"2014-12-01T15:49:56","guid":{"rendered":"https:\/\/versano.nl\/shop\/versano-dames-winterjas-met-bontkraag-sabrina-blauw\/"},"modified":"2021-08-27T20:18:18","modified_gmt":"2021-08-27T20:18:18","slug":"versano-dames-winterjas-met-bontkraag-sabrina-blauw","status":"publish","type":"product","link":"https:\/\/versano.nl\/de\/shop\/versano-dames-winterjas-met-bontkraag-sabrina-blauw\/","title":{"rendered":"Versano Damen Winterjacke mit Pelzkragen Sabrina Blue"},"content":{"rendered":"<p><strong>Versano Damen Winterjacke mit Pelzkragen Sabrina Blue<\/strong><\/p>\n<p>Marke: <a title=\"versano\" href=\"https:\/\/versano.nl\" target=\"_blank\" rel=\"noopener\">Versano<\/a><br \/>\nL\u00e4nge: kurz<br \/>\nfit: normal<br \/>\nliner: 100% Polyester<br \/>\nAuskleiden Dicke: 200 Gramm ausgekleideten dicke<br \/>\n\u00c4rmell\u00e4nge: Lange \u00c4rmel<br \/>\nHOOD ausgekleidete, Massiv<br \/>\nExtras: verst\u00e4rkte N\u00e4hte<br \/>\nSchlie\u00dfung: Rei\u00dfverschluss<br \/>\nS\u00e4cke Rei\u00dfverschluss Seitentaschen, Innen<br \/>\nFunktion: wasserdicht, winddicht<br \/>\nMaterialau\u00dfenschicht: 100% Polyester<br \/>\nZubeh\u00f6r: Pelzkragen (optional)<\/p>\n<p>Zeit: 2-4 Tage<\/p>\n<p><strong>OPTIONAL: REAL FUR COLLAR RACCOON RACCOON ART OF FUR<\/strong><\/p>","protected":false},"excerpt":{"rendered":"<p>Die Sabrina Damen Winterjacke mit Pelzkragen in Blau hat 2 gerade Taschen mit Rei\u00dfverschluss seitlich und 2 Taschen mit Rei\u00dfverschluss an den Schultern. Die Paspel ist sch\u00f6n mit cognacfarbenem Rexion-Leder verarbeitet. Das Halsband ist aus 100% American Raccoon Fell und optional (separat zu bestellen). Nat\u00fcrlich kann der Pelzkragen auch in Kunstpelz in verschiedenen Farben bestellt werden. Diese Damenjacke mit Pelzkragen hat eine hervorragende Verarbeitung und ist italienisch geschnitten.<\/p>\n<p><strong>OPTIONAL: REAL FUR COLLAR RACCOON RACCOON ART OF FUR<\/strong><\/p>","protected":false},"featured_media":7033,"comment_status":"closed","ping_status":"closed","template":"","meta":[],"product_brand":[],"product_cat":[986],"product_tag":[110,111,112,113,114],"class_list":{"0":"post-22180","1":"product","2":"type-product","3":"status-publish","4":"has-post-thumbnail","6":"product_cat-unkategorisiert","7":"product_tag-dames-leren-jas-groen","8":"product_tag-goedkope-dames-leren-jas-groen","9":"product_tag-goedkope-leren-dames-jas-groen","10":"product_tag-groene-dames-leren-jas","11":"product_tag-groene-leren-dames-jas","12":"product_shipping_class-verzendkosten-1","13":"tm-no-options","15":"first","16":"instock","17":"sale","18":"taxable","19":"shipping-taxable","20":"product-type-variable"},"yoast_head":"<!-- This site is optimized with the Yoast SEO plugin v27.2 - https:\/\/yoast.com\/product\/yoast-seo-wordpress\/ -->\n<title>Versano Dames Winterjas met bontkraag Sabrina Blauw<\/title>\n<meta name=\"description\" content=\"Versano Dames Winterjas met bontkraag Sabrina Blauw. De Versano dames winterjas met bontkraag in blauw heeft een 2 rechte zakken met rits in de zij, en.....\" \/>\n<meta name=\"robots\" content=\"index, follow, max-snippet:-1, max-image-preview:large, max-video-preview:-1\" \/>\n<link rel=\"canonical\" href=\"https:\/\/versano.nl\/de\/shop\/versano-dames-winterjas-met-bontkraag-sabrina-blauw\/\" \/>\n<meta property=\"og:locale\" content=\"de_DE\" \/>\n<meta property=\"og:type\" content=\"article\" \/>\n<meta property=\"og:title\" content=\"Versano Dames Winterjas met bontkraag Sabrina Blauw\" \/>\n<meta property=\"og:description\" content=\"Versano Dames Winterjas met bontkraag Sabrina Blauw. De Versano dames winterjas met bontkraag in blauw heeft een 2 rechte zakken met rits in de zij, en.....\" \/>\n<meta property=\"og:url\" content=\"https:\/\/versano.nl\/de\/shop\/versano-dames-winterjas-met-bontkraag-sabrina-blauw\/\" \/>\n<meta property=\"og:site_name\" content=\"Versano\" \/>\n<meta property=\"article:modified_time\" content=\"2021-08-27T20:18:18+00:00\" \/>\n<meta name=\"twitter:card\" content=\"summary_large_image\" \/>\n<script type=\"application\/ld+json\" class=\"yoast-schema-graph\">{\"@context\":\"https:\/\/schema.org\",\"@graph\":[{\"@type\":\"WebPage\",\"@id\":\"https:\/\/versano.nl\/shop\/versano-dames-winterjas-met-bontkraag-sabrina-blauw\/\",\"url\":\"https:\/\/versano.nl\/shop\/versano-dames-winterjas-met-bontkraag-sabrina-blauw\/\",\"name\":\"Versano Dames Winterjas met bontkraag Sabrina Blauw\",\"isPartOf\":{\"@id\":\"https:\/\/versano.nl\/#website\"},\"primaryImageOfPage\":{\"@id\":\"https:\/\/versano.nl\/shop\/versano-dames-winterjas-met-bontkraag-sabrina-blauw\/#primaryimage\"},\"image\":{\"@id\":\"https:\/\/versano.nl\/shop\/versano-dames-winterjas-met-bontkraag-sabrina-blauw\/#primaryimage\"},\"thumbnailUrl\":\"\",\"datePublished\":\"2014-12-01T15:49:56+00:00\",\"dateModified\":\"2021-08-27T20:18:18+00:00\",\"description\":\"Versano Dames Winterjas met bontkraag Sabrina Blauw. De Versano dames winterjas met bontkraag in blauw heeft een 2 rechte zakken met rits in de zij, en.....\",\"breadcrumb\":{\"@id\":\"https:\/\/versano.nl\/shop\/versano-dames-winterjas-met-bontkraag-sabrina-blauw\/#breadcrumb\"},\"inLanguage\":\"de\",\"potentialAction\":[{\"@type\":\"ReadAction\",\"target\":[\"https:\/\/versano.nl\/shop\/versano-dames-winterjas-met-bontkraag-sabrina-blauw\/\"]}]},{\"@type\":\"ImageObject\",\"inLanguage\":\"de\",\"@id\":\"https:\/\/versano.nl\/shop\/versano-dames-winterjas-met-bontkraag-sabrina-blauw\/#primaryimage\",\"url\":\"\",\"contentUrl\":\"\"},{\"@type\":\"BreadcrumbList\",\"@id\":\"https:\/\/versano.nl\/shop\/versano-dames-winterjas-met-bontkraag-sabrina-blauw\/#breadcrumb\",\"itemListElement\":[{\"@type\":\"ListItem\",\"position\":1,\"name\":\"Home\",\"item\":\"https:\/\/versano.nl\/\"},{\"@type\":\"ListItem\",\"position\":2,\"name\":\"Shop\",\"item\":\"https:\/\/versano.nl\/shop\/\"},{\"@type\":\"ListItem\",\"position\":3,\"name\":\"Versano Dames Winterjas met bontkraag Sabrina Blauw\"}]},{\"@type\":\"WebSite\",\"@id\":\"https:\/\/versano.nl\/#website\",\"url\":\"https:\/\/versano.nl\/\",\"name\":\"Versano\",\"description\":\"winterjassen met bontkraag | leren dames jassen | leren heren jassen\",\"potentialAction\":[{\"@type\":\"SearchAction\",\"target\":{\"@type\":\"EntryPoint\",\"urlTemplate\":\"https:\/\/versano.nl\/?s={search_term_string}\"},\"query-input\":{\"@type\":\"PropertyValueSpecification\",\"valueRequired\":true,\"valueName\":\"search_term_string\"}}],\"inLanguage\":\"de\"}]}<\/script>\n<!-- \/ Yoast SEO plugin. -->","yoast_head_json":{"title":"Versano Damen Winterjacke mit Pelzkragen Sabrina Blue","description":"Versano Damen Winterjacke mit Pelzkragen Sabrina Blue. Die Versano Damen Winterjacke mit Pelzkragen in Blau hat 2 gerade Taschen mit Rei\u00dfverschluss an der Seite, und.....","robots":{"index":"index","follow":"follow","max-snippet":"max-snippet:-1","max-image-preview":"max-image-preview:large","max-video-preview":"max-video-preview:-1"},"canonical":"https:\/\/versano.nl\/de\/shop\/versano-dames-winterjas-met-bontkraag-sabrina-blauw\/","og_locale":"de_DE","og_type":"article","og_title":"Versano Dames Winterjas met bontkraag Sabrina Blauw","og_description":"Versano Dames Winterjas met bontkraag Sabrina Blauw. De Versano dames winterjas met bontkraag in blauw heeft een 2 rechte zakken met rits in de zij, en.....","og_url":"https:\/\/versano.nl\/de\/shop\/versano-dames-winterjas-met-bontkraag-sabrina-blauw\/","og_site_name":"Versano","article_modified_time":"2021-08-27T20:18:18+00:00","twitter_card":"summary_large_image","schema":{"@context":"https:\/\/schema.org","@graph":[{"@type":"WebPage","@id":"https:\/\/versano.nl\/shop\/versano-dames-winterjas-met-bontkraag-sabrina-blauw\/","url":"https:\/\/versano.nl\/shop\/versano-dames-winterjas-met-bontkraag-sabrina-blauw\/","name":"Versano Damen Winterjacke mit Pelzkragen Sabrina Blue","isPartOf":{"@id":"https:\/\/versano.nl\/#website"},"primaryImageOfPage":{"@id":"https:\/\/versano.nl\/shop\/versano-dames-winterjas-met-bontkraag-sabrina-blauw\/#primaryimage"},"image":{"@id":"https:\/\/versano.nl\/shop\/versano-dames-winterjas-met-bontkraag-sabrina-blauw\/#primaryimage"},"thumbnailUrl":"","datePublished":"2014-12-01T15:49:56+00:00","dateModified":"2021-08-27T20:18:18+00:00","description":"Versano Damen Winterjacke mit Pelzkragen Sabrina Blue. Die Versano Damen Winterjacke mit Pelzkragen in Blau hat 2 gerade Taschen mit Rei\u00dfverschluss an der Seite, und.....","breadcrumb":{"@id":"https:\/\/versano.nl\/shop\/versano-dames-winterjas-met-bontkraag-sabrina-blauw\/#breadcrumb"},"inLanguage":"de","potentialAction":[{"@type":"ReadAction","target":["https:\/\/versano.nl\/shop\/versano-dames-winterjas-met-bontkraag-sabrina-blauw\/"]}]},{"@type":"ImageObject","inLanguage":"de","@id":"https:\/\/versano.nl\/shop\/versano-dames-winterjas-met-bontkraag-sabrina-blauw\/#primaryimage","url":"","contentUrl":""},{"@type":"BreadcrumbList","@id":"https:\/\/versano.nl\/shop\/versano-dames-winterjas-met-bontkraag-sabrina-blauw\/#breadcrumb","itemListElement":[{"@type":"ListItem","position":1,"name":"Home","item":"https:\/\/versano.nl\/"},{"@type":"ListItem","position":2,"name":"Shop","item":"https:\/\/versano.nl\/shop\/"},{"@type":"ListItem","position":3,"name":"Versano Dames Winterjas met bontkraag Sabrina Blauw"}]},{"@type":"WebSite","@id":"https:\/\/versano.nl\/#website","url":"https:\/\/versano.nl\/","name":"Versano","description":"Winterm\u00e4ntel mit Pelzkragen | Damen Lederjacken | Herren Lederjacken","potentialAction":[{"@type":"SearchAction","target":{"@type":"EntryPoint","urlTemplate":"https:\/\/versano.nl\/?s={search_term_string}"},"query-input":{"@type":"PropertyValueSpecification","valueRequired":true,"valueName":"search_term_string"}}],"inLanguage":"de"}]}},"_links":{"self":[{"href":"https:\/\/versano.nl\/de\/wp-json\/wp\/v2\/product\/22180","targetHints":{"allow":["GET"]}}],"collection":[{"href":"https:\/\/versano.nl\/de\/wp-json\/wp\/v2\/product"}],"about":[{"href":"https:\/\/versano.nl\/de\/wp-json\/wp\/v2\/types\/product"}],"replies":[{"embeddable":true,"href":"https:\/\/versano.nl\/de\/wp-json\/wp\/v2\/comments?post=22180"}],"wp:featuredmedia":[{"embeddable":true,"href":"https:\/\/versano.nl\/de\/wp-json\/"}],"wp:attachment":[{"href":"https:\/\/versano.nl\/de\/wp-json\/wp\/v2\/media?parent=22180"}],"wp:term":[{"taxonomy":"product_brand","embeddable":true,"href":"https:\/\/versano.nl\/de\/wp-json\/wp\/v2\/product_brand?post=22180"},{"taxonomy":"product_cat","embeddable":true,"href":"https:\/\/versano.nl\/de\/wp-json\/wp\/v2\/product_cat?post=22180"},{"taxonomy":"product_tag","embeddable":true,"href":"https:\/\/versano.nl\/de\/wp-json\/wp\/v2\/product_tag?post=22180"}],"curies":[{"name":"wp","href":"https:\/\/api.w.org\/{rel}","templated":true}]}}