{"id":2006,"date":"2014-12-01T11:53:49","date_gmt":"2014-12-01T11:53:49","guid":{"rendered":"http:\/\/leathershopdoci.nl\/shop\/versano-dames-bontjas-charlet-copy\/"},"modified":"2020-08-22T11:01:44","modified_gmt":"2020-08-22T11:01:44","slug":"versano-dames-winterjas-met-bontkraag-charlet-beige","status":"publish","type":"product","link":"https:\/\/versano.nl\/de\/shop\/versano-dames-winterjas-met-bontkraag-charlet-beige\/","title":{"rendered":"Pelzkragen Mantel Damen beige Versano"},"content":{"rendered":"<h2>Pelzkragen Mantel Damen beige Versano<\/h2>\n<p>In Versano k\u00f6nnen Sie immer auf den Jacken z\u00e4hlen sind perfekt gemacht, wie Artikel Charlet, die <strong>Pelzkragen coat Damen beige Versano<\/strong>. Niederl\u00e4ndische Designer mit Talent hier sitzt f\u00fcr diese sch\u00f6nen Kleider wartet auf Sie Sie gerne entwerfen um Sie in zu Fu\u00df. Sie m\u00f6gen keine Winterm\u00e4ntel, weil sie gro\u00df sind und nicht in Mode? Dann machte man es noch nicht klar, die Versano Marke erf\u00fcllt. Wir bieten n\u00e4mlich immer die h\u00f6chstm\u00f6gliche Qualit\u00e4t. Bei Versano machen wir M\u00e4ntel aus den besten Materialien hergestellt. Sie k\u00f6nnen w\u00e4hlen Sie Ihre Jacke mit einem Pelzkragen auszustatten. Dies kann oder kann nicht aus echtem Fell oder Kunstpelz gemacht werden.<\/p>\n<h3>kaufen den beige Wintermantel mit Pelzkragen Versano<\/h3>\n<p>Wenn Sie nach einem Pelzmantel Sie gerne zu Fu\u00df in der N\u00e4he suchen, dann brauchen Sie nur einen Moment, in dem Bereich von Versano zu suchen. Wir k\u00f6nnen absolut den beige \/ braun Charlet Damen Wintermantel mit Pelzkragen Versano empfehlen. Dies ist eine Jacke, die nicht nur sch\u00f6n gestaltet ist, sondern auch perfekt. Die Jacke wird eine Art zweiter Haut zu schlie\u00dfen \u00fcber und im Winter warm zu halten.<\/p>\n<p>Marke: <a title=\"versano\" href=\"https:\/\/versano.nl\" target=\"_blank\" rel=\"noopener noreferrer\">Versano<\/a><br \/>\nL\u00e4nge: H\u00e4lfte<br \/>\nfit: normal<br \/>\nliner: 100% Polyester<br \/>\nAuskleiden Dicke: 200 Gramm ausgekleideten dicke<br \/>\n\u00c4rmell\u00e4nge: Lange \u00c4rmel<br \/>\nHOOD ausgekleidete, Massiv<br \/>\nExtras: verst\u00e4rkte N\u00e4hte<br \/>\nSchlie\u00dfung: Rei\u00dfverschluss mit Schutzklappe, Front-RV<br \/>\nS\u00e4cke Rei\u00dfverschluss Seitentaschen, Innen<br \/>\nFunktion: wasserdicht, winddicht<br \/>\nMaterial Materialau\u00dfenschicht: 100% Polyester<br \/>\nZubeh\u00f6r: Pelzkragen (optional)<\/p>\n<p>Zeit: 2-4 Tage<\/p>\n<p><strong>OPTIONAL: REAL FUR COLLAR RACCOON RACCOON ART OF FUR<\/strong><\/p>","protected":false},"excerpt":{"rendered":"<p><strong>Wenn Sie eine Kennzahl ausw\u00e4hlen, wird eine Zeichnung mit Bema\u00dfungen angezeigt. Wenn Sie sich nicht sicher sind, welche Ma\u00dfe Sie haben, empfehlen wir Ihnen, zuerst Ihre Gr\u00f6\u00dfenmessung zu messen und sie mit den Messungen auf der Zeichnung zu vergleichen. Wenn Sie keine Erfahrung mit der Messung der Gr\u00f6\u00dfenmessungen haben, klicken Sie auf\u00a0<a href=\"https:\/\/www.youtube.com\/watch?v=3ZSfY87v6pM\" target=\"_blank\" rel=\"noopener noreferrer\"><span style=\"color: #ff0000\"><em>HIER<\/em><\/span>\u00a0<\/a>\u00a0zu <a href=\"https:\/\/www.youtube.com\/watch?v=3ZSfY87v6pM\" target=\"_blank\" rel=\"noopener noreferrer\"><span style=\"color: #ff0000\"><em>VIDEO<\/em><\/span><\/a>\u00a0 mit Anweisungen.<\/strong><\/p>\n<p>Dieser Charlet Damen Mantel mit Pelzkragen ist ein Medium-Modell und hat zwei Rei\u00dfverschlusstaschen auf H\u00fcfth\u00f6he. Sch\u00f6ne Details zu dieser Jacke sind dunkelbraune Rohrleitung entlang des Rei\u00dfverschlusses und an den Handgelenken. Der Kragen ist aus 100% Amerikanischen Waschb\u00e4r Pelz und optional (separat erh\u00e4ltlich). Nat\u00fcrlich ist der Pelzkragen auch in Kunstpelz in verschiedenen Farben erh\u00e4ltlich. Diese Damen Mantel mit Pelzkragen ist Italienisch ausgestattet und hat einen Rei\u00dfverschluss auf der R\u00fcckseite. Durch den Rei\u00dfverschluss zu \u00f6ffnen, ist die Jacke 5\/7 cm breiter am unteren Ende. Die L\u00e4nge der Jacke hat einen eleganten Look.<\/p>\n<p><strong>OPTIONAL: REAL FUR COLLAR RACCOON RACCOON ART OF FUR<\/strong><\/p>","protected":false},"featured_media":14209,"comment_status":"closed","ping_status":"closed","template":"","meta":[],"product_brand":[],"product_cat":[1012,1145,828,1037,1038,882,1143,1144,1041,1042,215],"product_tag":[313,322,323,405,406,266,324,317,407,408],"class_list":{"0":"post-2006","1":"product","2":"type-product","3":"status-publish","4":"has-post-thumbnail","6":"product_cat-dames-jas-met-bontkraag","7":"product_cat-dames-winterjas","8":"product_cat-dames-winterjassen-grote-maten","9":"product_cat-jas-met-bontkraag","10":"product_cat-jas-met-bontkraag-dames","11":"product_cat-versano","12":"product_cat-winterjas","13":"product_cat-winterjas-dames","14":"product_cat-winterjas-met-bontkraag","15":"product_cat-winterjas-met-bontkraag-dames","16":"product_cat-dames-jassen-met-bontkraag","17":"product_tag-bontjassen","18":"product_tag-bontjassen-voor-dames","19":"product_tag-dames-bontjassen","20":"product_tag-dames-winterjas-beige","21":"product_tag-dames-winterjas-met-bontkraag-beige","22":"product_tag-jassen-met-bontkraag","23":"product_tag-online-bontjassen","24":"product_tag-versano-bontjassen","25":"product_tag-winterjassen","26":"product_tag-winterjassen-beige","27":"product_shipping_class-verzendkosten-1","28":"tm-has-options","30":"first","31":"outofstock","32":"taxable","33":"shipping-taxable","34":"purchasable","35":"product-type-variable"},"yoast_head":"<!-- This site is optimized with the Yoast SEO plugin v27.2 - https:\/\/yoast.com\/product\/yoast-seo-wordpress\/ -->\n<title>Winterjas dames met pels, Bontkraag jas dames beige van Versano<\/title>\n<meta name=\"description\" content=\"Bij de bontkraag jas dames beige van Versano zitten een aantal mooie details. De bruine mouwen en de donkerbruine biezen langs de rits\" \/>\n<meta name=\"robots\" content=\"index, follow, max-snippet:-1, max-image-preview:large, max-video-preview:-1\" \/>\n<link rel=\"canonical\" href=\"https:\/\/versano.nl\/de\/shop\/versano-dames-winterjas-met-bontkraag-charlet-beige\/\" \/>\n<meta property=\"og:locale\" content=\"de_DE\" \/>\n<meta property=\"og:type\" content=\"article\" \/>\n<meta property=\"og:title\" content=\"Winterjas dames met pels, Bontkraag jas dames beige van Versano\" \/>\n<meta property=\"og:description\" content=\"Bij de bontkraag jas dames beige van Versano zitten een aantal mooie details. De bruine mouwen en de donkerbruine biezen langs de rits\" \/>\n<meta property=\"og:url\" content=\"https:\/\/versano.nl\/de\/shop\/versano-dames-winterjas-met-bontkraag-charlet-beige\/\" \/>\n<meta property=\"og:site_name\" content=\"Versano\" \/>\n<meta property=\"article:modified_time\" content=\"2020-08-22T11:01:44+00:00\" \/>\n<meta property=\"og:image\" content=\"https:\/\/versano.nl\/wp-content\/uploads\/2019\/11\/winterjas-dames-met-grote-bontkraag-beige-versano-charlet-voorkant-model1.jpg\" \/>\n\t<meta property=\"og:image:width\" content=\"900\" \/>\n\t<meta property=\"og:image:height\" content=\"1176\" \/>\n\t<meta property=\"og:image:type\" content=\"image\/jpeg\" \/>\n<meta name=\"twitter:card\" content=\"summary_large_image\" \/>\n<meta name=\"twitter:label1\" content=\"Gesch\u00e4tzte Lesezeit\" \/>\n\t<meta name=\"twitter:data1\" content=\"1\u00a0Minute\" \/>\n<script type=\"application\/ld+json\" class=\"yoast-schema-graph\">{\"@context\":\"https:\/\/schema.org\",\"@graph\":[{\"@type\":\"WebPage\",\"@id\":\"https:\/\/versano.nl\/shop\/versano-dames-winterjas-met-bontkraag-charlet-beige\/\",\"url\":\"https:\/\/versano.nl\/shop\/versano-dames-winterjas-met-bontkraag-charlet-beige\/\",\"name\":\"Winterjas dames met pels, Bontkraag jas dames beige van Versano\",\"isPartOf\":{\"@id\":\"https:\/\/versano.nl\/#website\"},\"primaryImageOfPage\":{\"@id\":\"https:\/\/versano.nl\/shop\/versano-dames-winterjas-met-bontkraag-charlet-beige\/#primaryimage\"},\"image\":{\"@id\":\"https:\/\/versano.nl\/shop\/versano-dames-winterjas-met-bontkraag-charlet-beige\/#primaryimage\"},\"thumbnailUrl\":\"https:\/\/versano.nl\/wp-content\/uploads\/2019\/11\/winterjas-dames-met-grote-bontkraag-beige-versano-charlet-voorkant-model1.jpg\",\"datePublished\":\"2014-12-01T11:53:49+00:00\",\"dateModified\":\"2020-08-22T11:01:44+00:00\",\"description\":\"Bij de bontkraag jas dames beige van Versano zitten een aantal mooie details. De bruine mouwen en de donkerbruine biezen langs de rits\",\"breadcrumb\":{\"@id\":\"https:\/\/versano.nl\/shop\/versano-dames-winterjas-met-bontkraag-charlet-beige\/#breadcrumb\"},\"inLanguage\":\"de\",\"potentialAction\":[{\"@type\":\"ReadAction\",\"target\":[\"https:\/\/versano.nl\/shop\/versano-dames-winterjas-met-bontkraag-charlet-beige\/\"]}]},{\"@type\":\"ImageObject\",\"inLanguage\":\"de\",\"@id\":\"https:\/\/versano.nl\/shop\/versano-dames-winterjas-met-bontkraag-charlet-beige\/#primaryimage\",\"url\":\"https:\/\/versano.nl\/wp-content\/uploads\/2019\/11\/winterjas-dames-met-grote-bontkraag-beige-versano-charlet-voorkant-model1.jpg\",\"contentUrl\":\"https:\/\/versano.nl\/wp-content\/uploads\/2019\/11\/winterjas-dames-met-grote-bontkraag-beige-versano-charlet-voorkant-model1.jpg\",\"width\":900,\"height\":1176,\"caption\":\"Versano Dames Winterjas Met Bontkraag Charlet Beige\"},{\"@type\":\"BreadcrumbList\",\"@id\":\"https:\/\/versano.nl\/shop\/versano-dames-winterjas-met-bontkraag-charlet-beige\/#breadcrumb\",\"itemListElement\":[{\"@type\":\"ListItem\",\"position\":1,\"name\":\"Home\",\"item\":\"https:\/\/versano.nl\/\"},{\"@type\":\"ListItem\",\"position\":2,\"name\":\"Shop\",\"item\":\"https:\/\/versano.nl\/shop\/\"},{\"@type\":\"ListItem\",\"position\":3,\"name\":\"Bontkraag jas dames beige van Versano\"}]},{\"@type\":\"WebSite\",\"@id\":\"https:\/\/versano.nl\/#website\",\"url\":\"https:\/\/versano.nl\/\",\"name\":\"Versano\",\"description\":\"winterjassen met bontkraag | leren dames jassen | leren heren jassen\",\"potentialAction\":[{\"@type\":\"SearchAction\",\"target\":{\"@type\":\"EntryPoint\",\"urlTemplate\":\"https:\/\/versano.nl\/?s={search_term_string}\"},\"query-input\":{\"@type\":\"PropertyValueSpecification\",\"valueRequired\":true,\"valueName\":\"search_term_string\"}}],\"inLanguage\":\"de\"}]}<\/script>\n<!-- \/ Yoast SEO plugin. -->","yoast_head_json":{"title":"Winterjacke Damen mit Pelz, Pelzkragenjacke beige von Versano","description":"Der damenbeige Mantel von Versano ist mit sch\u00f6nen Details \u00fcberzogen. Die braunen \u00c4rmel und die dunkelbraunen Paspel entlang des Rei\u00dfverschlusses","robots":{"index":"index","follow":"follow","max-snippet":"max-snippet:-1","max-image-preview":"max-image-preview:large","max-video-preview":"max-video-preview:-1"},"canonical":"https:\/\/versano.nl\/de\/shop\/versano-dames-winterjas-met-bontkraag-charlet-beige\/","og_locale":"de_DE","og_type":"article","og_title":"Winterjas dames met pels, Bontkraag jas dames beige van Versano","og_description":"Bij de bontkraag jas dames beige van Versano zitten een aantal mooie details. De bruine mouwen en de donkerbruine biezen langs de rits","og_url":"https:\/\/versano.nl\/de\/shop\/versano-dames-winterjas-met-bontkraag-charlet-beige\/","og_site_name":"Versano","article_modified_time":"2020-08-22T11:01:44+00:00","og_image":[{"width":900,"height":1176,"url":"https:\/\/versano.nl\/wp-content\/uploads\/2019\/11\/winterjas-dames-met-grote-bontkraag-beige-versano-charlet-voorkant-model1.jpg","type":"image\/jpeg"}],"twitter_card":"summary_large_image","twitter_misc":{"Gesch\u00e4tzte Lesezeit":"1\u00a0Minute"},"schema":{"@context":"https:\/\/schema.org","@graph":[{"@type":"WebPage","@id":"https:\/\/versano.nl\/shop\/versano-dames-winterjas-met-bontkraag-charlet-beige\/","url":"https:\/\/versano.nl\/shop\/versano-dames-winterjas-met-bontkraag-charlet-beige\/","name":"Winterjacke Damen mit Pelz, Pelzkragenjacke beige von Versano","isPartOf":{"@id":"https:\/\/versano.nl\/#website"},"primaryImageOfPage":{"@id":"https:\/\/versano.nl\/shop\/versano-dames-winterjas-met-bontkraag-charlet-beige\/#primaryimage"},"image":{"@id":"https:\/\/versano.nl\/shop\/versano-dames-winterjas-met-bontkraag-charlet-beige\/#primaryimage"},"thumbnailUrl":"https:\/\/versano.nl\/wp-content\/uploads\/2019\/11\/winterjas-dames-met-grote-bontkraag-beige-versano-charlet-voorkant-model1.jpg","datePublished":"2014-12-01T11:53:49+00:00","dateModified":"2020-08-22T11:01:44+00:00","description":"Der damenbeige Mantel von Versano ist mit sch\u00f6nen Details \u00fcberzogen. Die braunen \u00c4rmel und die dunkelbraunen Paspel entlang des Rei\u00dfverschlusses","breadcrumb":{"@id":"https:\/\/versano.nl\/shop\/versano-dames-winterjas-met-bontkraag-charlet-beige\/#breadcrumb"},"inLanguage":"de","potentialAction":[{"@type":"ReadAction","target":["https:\/\/versano.nl\/shop\/versano-dames-winterjas-met-bontkraag-charlet-beige\/"]}]},{"@type":"ImageObject","inLanguage":"de","@id":"https:\/\/versano.nl\/shop\/versano-dames-winterjas-met-bontkraag-charlet-beige\/#primaryimage","url":"https:\/\/versano.nl\/wp-content\/uploads\/2019\/11\/winterjas-dames-met-grote-bontkraag-beige-versano-charlet-voorkant-model1.jpg","contentUrl":"https:\/\/versano.nl\/wp-content\/uploads\/2019\/11\/winterjas-dames-met-grote-bontkraag-beige-versano-charlet-voorkant-model1.jpg","width":900,"height":1176,"caption":"Versano Dames Winterjas Met Bontkraag Charlet Beige"},{"@type":"BreadcrumbList","@id":"https:\/\/versano.nl\/shop\/versano-dames-winterjas-met-bontkraag-charlet-beige\/#breadcrumb","itemListElement":[{"@type":"ListItem","position":1,"name":"Home","item":"https:\/\/versano.nl\/"},{"@type":"ListItem","position":2,"name":"Shop","item":"https:\/\/versano.nl\/shop\/"},{"@type":"ListItem","position":3,"name":"Bontkraag jas dames beige van Versano"}]},{"@type":"WebSite","@id":"https:\/\/versano.nl\/#website","url":"https:\/\/versano.nl\/","name":"Versano","description":"Winterm\u00e4ntel mit Pelzkragen | Damen Lederjacken | Herren Lederjacken","potentialAction":[{"@type":"SearchAction","target":{"@type":"EntryPoint","urlTemplate":"https:\/\/versano.nl\/?s={search_term_string}"},"query-input":{"@type":"PropertyValueSpecification","valueRequired":true,"valueName":"search_term_string"}}],"inLanguage":"de"}]}},"_links":{"self":[{"href":"https:\/\/versano.nl\/de\/wp-json\/wp\/v2\/product\/2006","targetHints":{"allow":["GET"]}}],"collection":[{"href":"https:\/\/versano.nl\/de\/wp-json\/wp\/v2\/product"}],"about":[{"href":"https:\/\/versano.nl\/de\/wp-json\/wp\/v2\/types\/product"}],"replies":[{"embeddable":true,"href":"https:\/\/versano.nl\/de\/wp-json\/wp\/v2\/comments?post=2006"}],"wp:featuredmedia":[{"embeddable":true,"href":"https:\/\/versano.nl\/de\/wp-json\/wp\/v2\/media\/14209"}],"wp:attachment":[{"href":"https:\/\/versano.nl\/de\/wp-json\/wp\/v2\/media?parent=2006"}],"wp:term":[{"taxonomy":"product_brand","embeddable":true,"href":"https:\/\/versano.nl\/de\/wp-json\/wp\/v2\/product_brand?post=2006"},{"taxonomy":"product_cat","embeddable":true,"href":"https:\/\/versano.nl\/de\/wp-json\/wp\/v2\/product_cat?post=2006"},{"taxonomy":"product_tag","embeddable":true,"href":"https:\/\/versano.nl\/de\/wp-json\/wp\/v2\/product_tag?post=2006"}],"curies":[{"name":"wp","href":"https:\/\/api.w.org\/{rel}","templated":true}]}}