{"id":16845,"date":"2020-08-05T17:28:26","date_gmt":"2020-08-05T17:28:26","guid":{"rendered":"https:\/\/versano.nl\/shop\/dames-kunstdons-lightweight-jack-met-capuchon-groen-versano-jennifer\/"},"modified":"2026-03-17T19:19:33","modified_gmt":"2026-03-17T19:19:33","slug":"dames-kunstdons-lightweight-jack-met-capuchon-groen-versano-jennifer","status":"publish","type":"product","link":"https:\/\/versano.nl\/de\/shop\/dames-kunstdons-lightweight-jack-met-capuchon-groen-versano-jennifer\/","title":{"rendered":"Damen Steppjacke gr\u00fcn Jennifer Versano"},"content":{"rendered":"<h2>Damen Steppjacke gr\u00fcn Jennifer Versano<\/h2>\n<p>Diese Steppjacke ist mit Kunstdaunen gef\u00fcttert und hat eine feste Kapuze. Die Jacke ist aus sehr hochwertigen Materialien gefertigt und wiegt nur 250 Gramm. Diese Kunstdaunenjacke ist etwas ganz Besonderes und schmiegt sich durch das geringe Gewicht sehr gut an Ihren K\u00f6rper. Die Damen Steppjacke gr\u00fcn Jennifer Versano hat eine sehr sch\u00f6ne taillierte Slim Fit Passform, wodurch sie au\u00dfergew\u00f6hnlich sch\u00f6ner aussieht als andere Daunenjacken. Sie k\u00f6nnen diese Jacke im Fr\u00fchjahr oder Herbst tragen, aber eigentlich ist die Jacke das ganze Jahr \u00fcber geeignet. Die Jacke hat einen Mittelrei\u00dfverschluss, 2 Seitentaschen mit Rei\u00dfverschluss und hat eine ger\u00e4umige Innentasche. Die gesteppte Damenjacke wird in einer sch\u00f6nen Versano-Tasche geliefert, sodass Sie sie leicht zusammenrollen und \u00fcberall hin mitnehmen k\u00f6nnen. Ein Modell, das wir daher w\u00e4rmstens empfehlen k\u00f6nnen. Mit dieser Jacke kannst du dir sicher sein, dass dir schon bald eine neue Jacke um die Schultern h\u00e4ngt, in der du zu sehen bist.<\/p>\n<h2>Model Jennifer in Gr\u00fcn bestellen<\/h2>\n<p>Dieses Versano-Modell ist nicht nur in der sch\u00f6nen Farbe Gr\u00fcn erh\u00e4ltlich, sondern auch in den Farben Blau und Schwarz. Mit einer so sch\u00f6nen Jacke von Versano k\u00f6nnen Sie sicher sein, dass Sie sie den ganzen Winter \u00fcber tragen k\u00f6nnen. Dieses Modell k\u00f6nnen Sie ganz einfach im Versano Webshop bestellen. Hier haben wir alle unsere Jacken f\u00fcr Sie zusammengestellt, damit Sie ganz einfach eine Bestellung aufgeben k\u00f6nnen. Bei Versano k\u00f6nnen Sie sich immer sicher sein, einen sch\u00f6nen und sorgf\u00e4ltig verarbeiteten Mantel zu kaufen. Bei uns k\u00f6nnen Sie ganz einfach die richtige Gr\u00f6\u00dfe anhand unserer smarten Anleitungsvideos ausw\u00e4hlen. Haben Sie Fragen oder sind Sie sich nicht sicher, welche Gr\u00f6\u00dfe Sie bestellen sollen? Dann k\u00f6nnen Sie uns jederzeit per Mail oder WhatsApp kontaktieren. Unsere Mitarbeiter m\u00f6chten Ihnen helfen!<\/p>\n<p>Marke:\u00a0<a href=\"https:\/\/versano.nl\/\">Versano<\/a><br \/>\nL\u00e4nge: kurz<br \/>\nPassform: schmale Passform<br \/>\nFutter: 100% Polyester<br \/>\n\u00c4rmell\u00e4nge: lang\u00e4rmelige<br \/>\nTaschen: Seitentaschen, Innen<br \/>\nFunktion: wasserdicht, winddicht<br \/>\nMaterialau\u00dfenschicht: 100% Polyester<\/p>\n<p>Lieferzeit: 2-3 Werktage<\/p>","protected":false},"excerpt":{"rendered":"<p><span style=\"color: red;\">Fit Beratung:<\/span> Diese Jacke hat eine normale Passform. Unser Model ist 1,74 cm gro\u00df und tr\u00e4gt XS.<\/p>\n<p>Wenn Sie sich bei Ihren Ma\u00dfen nicht sicher sind, empfehlen wir Ihnen, zuerst Ihre Gr\u00f6\u00dfenma\u00dfe zu messen und sie mit unserer Gr\u00f6\u00dfentabelle zu vergleichen. Wenn Sie keine Erfahrung mit der Messung von Umfangsgr\u00f6\u00dfen haben, klicken Sie auf\u00a0<a href=\"https:\/\/www.youtube.com\/watch?v=3ZSfY87v6pM\"><em>HIER<\/em>\u00a0<\/a>\u00a0zu\u00a0<span style=\"color: red;\"><a href=\"https:\/\/www.youtube.com\/watch?v=3ZSfY87v6pM\"><em>VIDEO<\/em><\/a>\u00a0\u00a0<\/span>mit Anweisungen. Sie k\u00f6nnen uns auch direkt anrufen oder anrufen! Unsere Mitarbeiter stehen Ihnen jederzeit zur Verf\u00fcgung.<\/p>\n<p><strong>LIEFERZEIT<\/strong>\u00a0: 2 bis 3 Werktage.<\/p>","protected":false},"featured_media":16915,"comment_status":"closed","ping_status":"closed","template":"","meta":[],"product_brand":[],"product_cat":[2003,1334,2001,1333,2009,1335],"product_tag":[1287,1829,1286,1828,1285,1805,1284,1804,1831,1830,1813],"class_list":{"0":"post-16845","1":"product","2":"type-product","3":"status-publish","4":"has-post-thumbnail","6":"product_cat-dames-donsjas","7":"product_cat-donsjassen-dames","8":"product_cat-dames-gewatteerde-jas","9":"product_cat-gewatteerde-jassen-dames","10":"product_cat-lichtgewicht-donsjas-dames","11":"product_cat-lightweight-jas-dames","12":"product_tag-caupuchon-donsjas","13":"product_tag-dames-collectie-versano","14":"product_tag-dames-donsjasje-met-capuchon","15":"product_tag-dames-jas-gewatteerd","16":"product_tag-dons-jasje-dames-groen","17":"product_tag-donsjas-dames","18":"product_tag-donsjasje-dames-groen","19":"product_tag-gewatteerde-dames-jas","20":"product_tag-groene-donsjas","21":"product_tag-zomerjas-dames-kopen","22":"product_tag-zomerjassen-dames","23":"product_shipping_class-verzendkosten-1","24":"tm-no-options","26":"first","27":"instock","28":"sale","29":"taxable","30":"shipping-taxable","31":"purchasable","32":"product-type-variable"},"yoast_head":"<!-- This site is optimized with the Yoast SEO plugin v27.2 - https:\/\/yoast.com\/product\/yoast-seo-wordpress\/ -->\n<title>Dames gewatteerde jas groen Jennifer Versano, donsjassen voor dames<\/title>\n<meta name=\"description\" content=\"Ben je op zoek naar een Dames gewatteerde jas groen Jennifer Versano, dan zit je bij Versano aan het juiste adres voor dames donsjassen.\" \/>\n<meta name=\"robots\" content=\"index, follow, max-snippet:-1, max-image-preview:large, max-video-preview:-1\" \/>\n<link rel=\"canonical\" href=\"https:\/\/versano.nl\/de\/shop\/dames-kunstdons-lightweight-jack-met-capuchon-groen-versano-jennifer\/\" \/>\n<meta property=\"og:locale\" content=\"de_DE\" \/>\n<meta property=\"og:type\" content=\"article\" \/>\n<meta property=\"og:title\" content=\"Dames gewatteerde jas groen Jennifer Versano, donsjassen voor dames\" \/>\n<meta property=\"og:description\" content=\"Ben je op zoek naar een Dames gewatteerde jas groen Jennifer Versano, dan zit je bij Versano aan het juiste adres voor dames donsjassen.\" \/>\n<meta property=\"og:url\" content=\"https:\/\/versano.nl\/de\/shop\/dames-kunstdons-lightweight-jack-met-capuchon-groen-versano-jennifer\/\" \/>\n<meta property=\"og:site_name\" content=\"Versano\" \/>\n<meta property=\"article:modified_time\" content=\"2026-03-17T19:19:33+00:00\" \/>\n<meta property=\"og:image\" content=\"https:\/\/versano.nl\/wp-content\/uploads\/2020\/08\/dames-lightweight-donsjas-groen-met-capuchon-versano-jennifer-voorkant2.jpg\" \/>\n\t<meta property=\"og:image:width\" content=\"900\" \/>\n\t<meta property=\"og:image:height\" content=\"1200\" \/>\n\t<meta property=\"og:image:type\" content=\"image\/jpeg\" \/>\n<meta name=\"twitter:card\" content=\"summary_large_image\" \/>\n<meta name=\"twitter:label1\" content=\"Gesch\u00e4tzte Lesezeit\" \/>\n\t<meta name=\"twitter:data1\" content=\"2\u00a0Minuten\" \/>\n<script type=\"application\/ld+json\" class=\"yoast-schema-graph\">{\"@context\":\"https:\/\/schema.org\",\"@graph\":[{\"@type\":\"WebPage\",\"@id\":\"https:\/\/versano.nl\/shop\/dames-kunstdons-lightweight-jack-met-capuchon-groen-versano-jennifer\/\",\"url\":\"https:\/\/versano.nl\/shop\/dames-kunstdons-lightweight-jack-met-capuchon-groen-versano-jennifer\/\",\"name\":\"Dames gewatteerde jas groen Jennifer Versano, donsjassen voor dames\",\"isPartOf\":{\"@id\":\"https:\/\/versano.nl\/#website\"},\"primaryImageOfPage\":{\"@id\":\"https:\/\/versano.nl\/shop\/dames-kunstdons-lightweight-jack-met-capuchon-groen-versano-jennifer\/#primaryimage\"},\"image\":{\"@id\":\"https:\/\/versano.nl\/shop\/dames-kunstdons-lightweight-jack-met-capuchon-groen-versano-jennifer\/#primaryimage\"},\"thumbnailUrl\":\"https:\/\/versano.nl\/wp-content\/uploads\/2020\/08\/dames-lightweight-donsjas-groen-met-capuchon-versano-jennifer-voorkant2.jpg\",\"datePublished\":\"2020-08-05T17:28:26+00:00\",\"dateModified\":\"2026-03-17T19:19:33+00:00\",\"description\":\"Ben je op zoek naar een Dames gewatteerde jas groen Jennifer Versano, dan zit je bij Versano aan het juiste adres voor dames donsjassen.\",\"breadcrumb\":{\"@id\":\"https:\/\/versano.nl\/shop\/dames-kunstdons-lightweight-jack-met-capuchon-groen-versano-jennifer\/#breadcrumb\"},\"inLanguage\":\"de\",\"potentialAction\":[{\"@type\":\"ReadAction\",\"target\":[\"https:\/\/versano.nl\/shop\/dames-kunstdons-lightweight-jack-met-capuchon-groen-versano-jennifer\/\"]}]},{\"@type\":\"ImageObject\",\"inLanguage\":\"de\",\"@id\":\"https:\/\/versano.nl\/shop\/dames-kunstdons-lightweight-jack-met-capuchon-groen-versano-jennifer\/#primaryimage\",\"url\":\"https:\/\/versano.nl\/wp-content\/uploads\/2020\/08\/dames-lightweight-donsjas-groen-met-capuchon-versano-jennifer-voorkant2.jpg\",\"contentUrl\":\"https:\/\/versano.nl\/wp-content\/uploads\/2020\/08\/dames-lightweight-donsjas-groen-met-capuchon-versano-jennifer-voorkant2.jpg\",\"width\":900,\"height\":1200,\"caption\":\"Dames gewatteerde jas groen Jennifer Versano\"},{\"@type\":\"BreadcrumbList\",\"@id\":\"https:\/\/versano.nl\/shop\/dames-kunstdons-lightweight-jack-met-capuchon-groen-versano-jennifer\/#breadcrumb\",\"itemListElement\":[{\"@type\":\"ListItem\",\"position\":1,\"name\":\"Home\",\"item\":\"https:\/\/versano.nl\/\"},{\"@type\":\"ListItem\",\"position\":2,\"name\":\"Shop\",\"item\":\"https:\/\/versano.nl\/shop\/\"},{\"@type\":\"ListItem\",\"position\":3,\"name\":\"Dames gewatteerde jas groen Jennifer Versano\"}]},{\"@type\":\"WebSite\",\"@id\":\"https:\/\/versano.nl\/#website\",\"url\":\"https:\/\/versano.nl\/\",\"name\":\"Versano\",\"description\":\"winterjassen met bontkraag | leren dames jassen | leren heren jassen\",\"potentialAction\":[{\"@type\":\"SearchAction\",\"target\":{\"@type\":\"EntryPoint\",\"urlTemplate\":\"https:\/\/versano.nl\/?s={search_term_string}\"},\"query-input\":{\"@type\":\"PropertyValueSpecification\",\"valueRequired\":true,\"valueName\":\"search_term_string\"}}],\"inLanguage\":\"de\"}]}<\/script>\n<!-- \/ Yoast SEO plugin. -->","yoast_head_json":{"title":"Damen Steppjacke gr\u00fcn Jennifer Versano, Daunenjacken f\u00fcr Damen","description":"Wenn Sie eine Damen Steppjacke gr\u00fcn Jennifer Versano suchen, dann sind Sie bei Versano genau richtig f\u00fcr Damen Daunenjacken.","robots":{"index":"index","follow":"follow","max-snippet":"max-snippet:-1","max-image-preview":"max-image-preview:large","max-video-preview":"max-video-preview:-1"},"canonical":"https:\/\/versano.nl\/de\/shop\/dames-kunstdons-lightweight-jack-met-capuchon-groen-versano-jennifer\/","og_locale":"de_DE","og_type":"article","og_title":"Dames gewatteerde jas groen Jennifer Versano, donsjassen voor dames","og_description":"Ben je op zoek naar een Dames gewatteerde jas groen Jennifer Versano, dan zit je bij Versano aan het juiste adres voor dames donsjassen.","og_url":"https:\/\/versano.nl\/de\/shop\/dames-kunstdons-lightweight-jack-met-capuchon-groen-versano-jennifer\/","og_site_name":"Versano","article_modified_time":"2026-03-17T19:19:33+00:00","og_image":[{"width":900,"height":1200,"url":"https:\/\/versano.nl\/wp-content\/uploads\/2020\/08\/dames-lightweight-donsjas-groen-met-capuchon-versano-jennifer-voorkant2.jpg","type":"image\/jpeg"}],"twitter_card":"summary_large_image","twitter_misc":{"Gesch\u00e4tzte Lesezeit":"2\u00a0Minuten"},"schema":{"@context":"https:\/\/schema.org","@graph":[{"@type":"WebPage","@id":"https:\/\/versano.nl\/shop\/dames-kunstdons-lightweight-jack-met-capuchon-groen-versano-jennifer\/","url":"https:\/\/versano.nl\/shop\/dames-kunstdons-lightweight-jack-met-capuchon-groen-versano-jennifer\/","name":"Damen Steppjacke gr\u00fcn Jennifer Versano, Daunenjacken f\u00fcr Damen","isPartOf":{"@id":"https:\/\/versano.nl\/#website"},"primaryImageOfPage":{"@id":"https:\/\/versano.nl\/shop\/dames-kunstdons-lightweight-jack-met-capuchon-groen-versano-jennifer\/#primaryimage"},"image":{"@id":"https:\/\/versano.nl\/shop\/dames-kunstdons-lightweight-jack-met-capuchon-groen-versano-jennifer\/#primaryimage"},"thumbnailUrl":"https:\/\/versano.nl\/wp-content\/uploads\/2020\/08\/dames-lightweight-donsjas-groen-met-capuchon-versano-jennifer-voorkant2.jpg","datePublished":"2020-08-05T17:28:26+00:00","dateModified":"2026-03-17T19:19:33+00:00","description":"Wenn Sie eine Damen Steppjacke gr\u00fcn Jennifer Versano suchen, dann sind Sie bei Versano genau richtig f\u00fcr Damen Daunenjacken.","breadcrumb":{"@id":"https:\/\/versano.nl\/shop\/dames-kunstdons-lightweight-jack-met-capuchon-groen-versano-jennifer\/#breadcrumb"},"inLanguage":"de","potentialAction":[{"@type":"ReadAction","target":["https:\/\/versano.nl\/shop\/dames-kunstdons-lightweight-jack-met-capuchon-groen-versano-jennifer\/"]}]},{"@type":"ImageObject","inLanguage":"de","@id":"https:\/\/versano.nl\/shop\/dames-kunstdons-lightweight-jack-met-capuchon-groen-versano-jennifer\/#primaryimage","url":"https:\/\/versano.nl\/wp-content\/uploads\/2020\/08\/dames-lightweight-donsjas-groen-met-capuchon-versano-jennifer-voorkant2.jpg","contentUrl":"https:\/\/versano.nl\/wp-content\/uploads\/2020\/08\/dames-lightweight-donsjas-groen-met-capuchon-versano-jennifer-voorkant2.jpg","width":900,"height":1200,"caption":"Dames gewatteerde jas groen Jennifer Versano"},{"@type":"BreadcrumbList","@id":"https:\/\/versano.nl\/shop\/dames-kunstdons-lightweight-jack-met-capuchon-groen-versano-jennifer\/#breadcrumb","itemListElement":[{"@type":"ListItem","position":1,"name":"Home","item":"https:\/\/versano.nl\/"},{"@type":"ListItem","position":2,"name":"Shop","item":"https:\/\/versano.nl\/shop\/"},{"@type":"ListItem","position":3,"name":"Dames gewatteerde jas groen Jennifer Versano"}]},{"@type":"WebSite","@id":"https:\/\/versano.nl\/#website","url":"https:\/\/versano.nl\/","name":"Versano","description":"Winterm\u00e4ntel mit Pelzkragen | Damen Lederjacken | Herren Lederjacken","potentialAction":[{"@type":"SearchAction","target":{"@type":"EntryPoint","urlTemplate":"https:\/\/versano.nl\/?s={search_term_string}"},"query-input":{"@type":"PropertyValueSpecification","valueRequired":true,"valueName":"search_term_string"}}],"inLanguage":"de"}]}},"_links":{"self":[{"href":"https:\/\/versano.nl\/de\/wp-json\/wp\/v2\/product\/16845","targetHints":{"allow":["GET"]}}],"collection":[{"href":"https:\/\/versano.nl\/de\/wp-json\/wp\/v2\/product"}],"about":[{"href":"https:\/\/versano.nl\/de\/wp-json\/wp\/v2\/types\/product"}],"replies":[{"embeddable":true,"href":"https:\/\/versano.nl\/de\/wp-json\/wp\/v2\/comments?post=16845"}],"wp:featuredmedia":[{"embeddable":true,"href":"https:\/\/versano.nl\/de\/wp-json\/wp\/v2\/media\/16915"}],"wp:attachment":[{"href":"https:\/\/versano.nl\/de\/wp-json\/wp\/v2\/media?parent=16845"}],"wp:term":[{"taxonomy":"product_brand","embeddable":true,"href":"https:\/\/versano.nl\/de\/wp-json\/wp\/v2\/product_brand?post=16845"},{"taxonomy":"product_cat","embeddable":true,"href":"https:\/\/versano.nl\/de\/wp-json\/wp\/v2\/product_cat?post=16845"},{"taxonomy":"product_tag","embeddable":true,"href":"https:\/\/versano.nl\/de\/wp-json\/wp\/v2\/product_tag?post=16845"}],"curies":[{"name":"wp","href":"https:\/\/api.w.org\/{rel}","templated":true}]}}