{"id":16280,"date":"2020-04-22T20:56:06","date_gmt":"2020-04-22T20:56:06","guid":{"rendered":"https:\/\/versano.nl\/shop\/grote-maat-dames-jas-in-lamsleer-versano-316\/"},"modified":"2024-12-13T12:07:56","modified_gmt":"2024-12-13T12:07:56","slug":"grote-maat-dames-jas-in-lamsleer-versano-316","status":"publish","type":"product","link":"https:\/\/versano.nl\/de\/shop\/grote-maat-dames-jas-in-lamsleer-versano-316\/","title":{"rendered":"Damen Lederjacke gro\u00df schwarz Versano 316"},"content":{"rendered":"<h2>Damen Lederjacke gro\u00df schwarz Versano 316<\/h2>\n<p>Wenn Sie auf der Suche nach einer modernen Basic-Damen-Lederjacke ohne Schnickschnack sind, dann ist diese Damen-Lederjacke Gr\u00f6\u00dfe Schwarz Versano 316 ein absolutes Muss. Diese Lammlederjacke von Versano hat eine entspannte Passform mit Rundhalsausschnitt und ist perfekt f\u00fcr jeden Anlass, ob mit Rock oder Jeans. Diese Lederjacke von Versano ist perfekt mit sch\u00f6nen N\u00e4hten verarbeitet und hat 2 Taschen mit Rei\u00dfverschl\u00fcssen. Das Finish ist absolut perfekt und alle Elemente sind sch\u00f6n aufeinander abgestimmt. Dies ist eines der Basismodelle von Versano mit nicht allzu vielen Details und als solches auch eine unserer Erfolgsnummern. Diese Jacke ist in strapazierf\u00e4higem Lammleder erh\u00e4ltlich, das sehr weich ist und ein Material hat, das ein Leben lang h\u00e4lt.<\/p>\n<h2>Bestellen Sie Modell 316 in der Farbe Schwarz<\/h2>\n<p>Diese schicke Damenjacke von Versano ist eines der besten Basic-Modelle der italienischen Marke Versano. Der 316 Black von Versano besteht aus den besten Materialien und ist weich und geschmeidig, da es sich um 100% Lammfell handelt. Die coole Farbe Schwarz ist einfach zu kombinieren und passt zu fast allen deinen Outfits. Diese Lederjacke ist nicht nur in Schwarz, sondern auch in Petrolblau erh\u00e4ltlich. Wenn Sie diese Jacke bei uns bestellen, erhalten Sie eine Jacke, die ein Leben lang sch\u00f6n bleibt. Das italienische Design sorgt daf\u00fcr, dass die Jacke gut sitzt und sich trotzdem angenehm tr\u00e4gt. Dieses Modell ist nicht zu voll, was es zu einem Top-Klassiker macht. Sie k\u00f6nnen ganz einfach auf unserer Website bestellen.<\/p>\n<p>Marke: <a href=\"https:\/\/versano.nl\/\">Versano<\/a><br \/>\nMaterial: 100% Lammfell<br \/>\nFutter: 100% Polyester<br \/>\nL\u00e4nge: kurz<br \/>\nPassform: Komfortgr\u00f6\u00dfen<br \/>\nSchlie\u00dfung: Rei\u00dfverschluss<br \/>\nTaschen: RV-Taschen<br \/>\nKragen: Stehkragen<br \/>\nMaterial Au\u00dfenschicht: hohe Qualit\u00e4t und weiches Lammfell<br \/>\nLieferzeit: 2-3 Werktage<\/p>","protected":false},"excerpt":{"rendered":"<div class=\"short-description\">\n<p><strong>W\u00c4HLEN SIE HIER EINE ANDERE FARBE<\/strong><\/p>\n<p><span style=\"color: #ff0000;\"><strong><a href=\"https:\/\/versano.nl\/shop\/grote-maat-dames-jas-blauw-in-lamsleer-versano-316\/\"><img loading=\"lazy\" decoding=\"async\" class=\"alignnone size-full wp-image-19870\" src=\"https:\/\/versano.nl\/wp-content\/uploads\/sites\/2\/2020\/04\/versano-316-blauw-thumb.jpg\" alt=\"\" width=\"56\" height=\"75\" \/><\/a><\/strong><\/span><\/p>\n<p><strong><span style=\"color: #ff0000;\">Fit Beratung:<\/span>\u00a0<\/strong>Die Passform dieses Modells ist ger\u00e4umig. Unser Modell ist 1,80 cm gro\u00df und tr\u00e4gt eine gro\u00dfe.<\/p>\n<p>Wenn Sie sich bei Ihren Ma\u00dfen nicht sicher sind, empfehlen wir Ihnen, zuerst Ihre Gr\u00f6\u00dfenma\u00dfe zu messen und sie mit unserer Gr\u00f6\u00dfentabelle zu vergleichen. Wenn Sie keine Erfahrung mit der Messung von Umfangsgr\u00f6\u00dfen haben, klicken Sie auf\u00a0<a href=\"https:\/\/www.youtube.com\/watch?v=3ZSfY87v6pM\"><em>HIER<\/em>\u00a0<\/a>\u00a0zu\u00a0<a href=\"https:\/\/www.youtube.com\/watch?v=3ZSfY87v6pM\"><em><span style=\"color: #ff0000;\">VIDEO<\/span><\/em><\/a>\u00a0 mit Anweisungen. Sie k\u00f6nnen uns auch direkt anrufen oder anrufen! Unsere Mitarbeiter stehen Ihnen jederzeit zur Verf\u00fcgung.<\/p>\n<p><strong>LIEFERZEIT :<\/strong>\u00a02 bis 3 Werktage.<\/p>\n<\/div>","protected":false},"featured_media":16571,"comment_status":"closed","ping_status":"closed","template":"","meta":[],"product_brand":[],"product_cat":[90,1248,874,875,1470,1247,879,1469,1474,880,1712,881,2051,878,882,890],"product_tag":[1250,1523,1256,416,2117,1542,1251,1257,2115,427,2116],"class_list":{"0":"post-16280","1":"product","2":"type-product","3":"status-publish","4":"has-post-thumbnail","6":"product_cat-dames-leren-jassen","7":"product_cat-grote-maten-leren-dames-jassen","8":"product_cat-kort-leren-jasje","9":"product_cat-kort-leren-jasje-dames","10":"product_cat-leren-dames-jas","11":"product_cat-leren-dames-jas-grote-maat","12":"product_cat-leren-dames-jassen","13":"product_cat-leren-jas-dames","14":"product_cat-leren-jas-dames-grote-maten","15":"product_cat-leren-jasje-dames","16":"product_cat-leren-jassen","17":"product_cat-leren-jassen-dames","18":"product_cat-leren-jassen-dames-grote-maten","19":"product_cat-leren-jassen-dames-uitverkoop","20":"product_cat-versano","21":"product_cat-zwarte-leren-jas-dames","22":"product_tag-dames-grote-maten-leren-jassen","23":"product_tag-dames-leren-jas","24":"product_tag-dames-leren-jas-grote-maat","25":"product_tag-dames-leren-jas-zwart","26":"product_tag-dames-leren-jasje","27":"product_tag-grote-maat-dames-leren-jas","28":"product_tag-grote-maat-leren-dames-jas","29":"product_tag-grote-maten-dames-leren-jassen","30":"product_tag-leren-jas-dames-grote-maat","31":"product_tag-zwarte-leren-dames-jas","32":"product_tag-zwarte-leren-jas-dames-grote-maat","33":"tm-no-options","35":"first","36":"instock","37":"taxable","38":"shipping-taxable","39":"purchasable","40":"product-type-variable"},"yoast_head":"<!-- This site is optimized with the Yoast SEO plugin v27.2 - https:\/\/yoast.com\/product\/yoast-seo-wordpress\/ -->\n<title>dames leren jas grote maat zwart Versano 316, grote maten damesjassen<\/title>\n<meta name=\"description\" content=\"Ben je op zoek naar een dames leren jas grote maat zwart Versano 316, dan moet je zeker even een kijkje nemen in de webshop van Versano.\" \/>\n<meta name=\"robots\" content=\"index, follow, max-snippet:-1, max-image-preview:large, max-video-preview:-1\" \/>\n<link rel=\"canonical\" href=\"https:\/\/versano.nl\/de\/shop\/grote-maat-dames-jas-in-lamsleer-versano-316\/\" \/>\n<meta property=\"og:locale\" content=\"de_DE\" \/>\n<meta property=\"og:type\" content=\"article\" \/>\n<meta property=\"og:title\" content=\"dames leren jas grote maat zwart Versano 316, grote maten damesjassen\" \/>\n<meta property=\"og:description\" content=\"Ben je op zoek naar een dames leren jas grote maat zwart Versano 316, dan moet je zeker even een kijkje nemen in de webshop van Versano.\" \/>\n<meta property=\"og:url\" content=\"https:\/\/versano.nl\/de\/shop\/grote-maat-dames-jas-in-lamsleer-versano-316\/\" \/>\n<meta property=\"og:site_name\" content=\"Versano\" \/>\n<meta property=\"article:modified_time\" content=\"2024-12-13T12:07:56+00:00\" \/>\n<meta property=\"og:image\" content=\"https:\/\/versano.nl\/wp-content\/uploads\/2020\/07\/grote-maat-leren-jas-dames-zwart-versano-316-voorkant.jpg\" \/>\n\t<meta property=\"og:image:width\" content=\"900\" \/>\n\t<meta property=\"og:image:height\" content=\"1200\" \/>\n\t<meta property=\"og:image:type\" content=\"image\/jpeg\" \/>\n<meta name=\"twitter:card\" content=\"summary_large_image\" \/>\n<meta name=\"twitter:label1\" content=\"Gesch\u00e4tzte Lesezeit\" \/>\n\t<meta name=\"twitter:data1\" content=\"2\u00a0Minuten\" \/>\n<script type=\"application\/ld+json\" class=\"yoast-schema-graph\">{\"@context\":\"https:\/\/schema.org\",\"@graph\":[{\"@type\":\"WebPage\",\"@id\":\"https:\/\/versano.nl\/shop\/grote-maat-dames-jas-in-lamsleer-versano-316\/\",\"url\":\"https:\/\/versano.nl\/shop\/grote-maat-dames-jas-in-lamsleer-versano-316\/\",\"name\":\"dames leren jas grote maat zwart Versano 316, grote maten damesjassen\",\"isPartOf\":{\"@id\":\"https:\/\/versano.nl\/#website\"},\"primaryImageOfPage\":{\"@id\":\"https:\/\/versano.nl\/shop\/grote-maat-dames-jas-in-lamsleer-versano-316\/#primaryimage\"},\"image\":{\"@id\":\"https:\/\/versano.nl\/shop\/grote-maat-dames-jas-in-lamsleer-versano-316\/#primaryimage\"},\"thumbnailUrl\":\"https:\/\/versano.nl\/wp-content\/uploads\/2020\/07\/grote-maat-leren-jas-dames-zwart-versano-316-voorkant.jpg\",\"datePublished\":\"2020-04-22T20:56:06+00:00\",\"dateModified\":\"2024-12-13T12:07:56+00:00\",\"description\":\"Ben je op zoek naar een dames leren jas grote maat zwart Versano 316, dan moet je zeker even een kijkje nemen in de webshop van Versano.\",\"breadcrumb\":{\"@id\":\"https:\/\/versano.nl\/shop\/grote-maat-dames-jas-in-lamsleer-versano-316\/#breadcrumb\"},\"inLanguage\":\"de\",\"potentialAction\":[{\"@type\":\"ReadAction\",\"target\":[\"https:\/\/versano.nl\/shop\/grote-maat-dames-jas-in-lamsleer-versano-316\/\"]}]},{\"@type\":\"ImageObject\",\"inLanguage\":\"de\",\"@id\":\"https:\/\/versano.nl\/shop\/grote-maat-dames-jas-in-lamsleer-versano-316\/#primaryimage\",\"url\":\"https:\/\/versano.nl\/wp-content\/uploads\/2020\/07\/grote-maat-leren-jas-dames-zwart-versano-316-voorkant.jpg\",\"contentUrl\":\"https:\/\/versano.nl\/wp-content\/uploads\/2020\/07\/grote-maat-leren-jas-dames-zwart-versano-316-voorkant.jpg\",\"width\":900,\"height\":1200,\"caption\":\"dames leren jas grote maat zwart Versano 316\"},{\"@type\":\"BreadcrumbList\",\"@id\":\"https:\/\/versano.nl\/shop\/grote-maat-dames-jas-in-lamsleer-versano-316\/#breadcrumb\",\"itemListElement\":[{\"@type\":\"ListItem\",\"position\":1,\"name\":\"Home\",\"item\":\"https:\/\/versano.nl\/\"},{\"@type\":\"ListItem\",\"position\":2,\"name\":\"Shop\",\"item\":\"https:\/\/versano.nl\/shop\/\"},{\"@type\":\"ListItem\",\"position\":3,\"name\":\"dames leren jas grote maat zwart Versano 316\"}]},{\"@type\":\"WebSite\",\"@id\":\"https:\/\/versano.nl\/#website\",\"url\":\"https:\/\/versano.nl\/\",\"name\":\"Versano\",\"description\":\"winterjassen met bontkraag | leren dames jassen | leren heren jassen\",\"potentialAction\":[{\"@type\":\"SearchAction\",\"target\":{\"@type\":\"EntryPoint\",\"urlTemplate\":\"https:\/\/versano.nl\/?s={search_term_string}\"},\"query-input\":{\"@type\":\"PropertyValueSpecification\",\"valueRequired\":true,\"valueName\":\"search_term_string\"}}],\"inLanguage\":\"de\"}]}<\/script>\n<!-- \/ Yoast SEO plugin. -->","yoast_head_json":{"title":"Damen Lederjacke \u00dcbergr\u00f6\u00dfe schwarz Versano 316, \u00dcbergr\u00f6\u00dfen Damen M\u00e4ntel","description":"Suchen Sie eine Damen-Lederjacke in \u00dcbergr\u00f6\u00dfe schwarz Versano 316, dann sollten Sie unbedingt einen Blick in den Versano-Webshop werfen.","robots":{"index":"index","follow":"follow","max-snippet":"max-snippet:-1","max-image-preview":"max-image-preview:large","max-video-preview":"max-video-preview:-1"},"canonical":"https:\/\/versano.nl\/de\/shop\/grote-maat-dames-jas-in-lamsleer-versano-316\/","og_locale":"de_DE","og_type":"article","og_title":"dames leren jas grote maat zwart Versano 316, grote maten damesjassen","og_description":"Ben je op zoek naar een dames leren jas grote maat zwart Versano 316, dan moet je zeker even een kijkje nemen in de webshop van Versano.","og_url":"https:\/\/versano.nl\/de\/shop\/grote-maat-dames-jas-in-lamsleer-versano-316\/","og_site_name":"Versano","article_modified_time":"2024-12-13T12:07:56+00:00","og_image":[{"width":900,"height":1200,"url":"https:\/\/versano.nl\/wp-content\/uploads\/2020\/07\/grote-maat-leren-jas-dames-zwart-versano-316-voorkant.jpg","type":"image\/jpeg"}],"twitter_card":"summary_large_image","twitter_misc":{"Gesch\u00e4tzte Lesezeit":"2\u00a0Minuten"},"schema":{"@context":"https:\/\/schema.org","@graph":[{"@type":"WebPage","@id":"https:\/\/versano.nl\/shop\/grote-maat-dames-jas-in-lamsleer-versano-316\/","url":"https:\/\/versano.nl\/shop\/grote-maat-dames-jas-in-lamsleer-versano-316\/","name":"Damen Lederjacke \u00dcbergr\u00f6\u00dfe schwarz Versano 316, \u00dcbergr\u00f6\u00dfen Damen M\u00e4ntel","isPartOf":{"@id":"https:\/\/versano.nl\/#website"},"primaryImageOfPage":{"@id":"https:\/\/versano.nl\/shop\/grote-maat-dames-jas-in-lamsleer-versano-316\/#primaryimage"},"image":{"@id":"https:\/\/versano.nl\/shop\/grote-maat-dames-jas-in-lamsleer-versano-316\/#primaryimage"},"thumbnailUrl":"https:\/\/versano.nl\/wp-content\/uploads\/2020\/07\/grote-maat-leren-jas-dames-zwart-versano-316-voorkant.jpg","datePublished":"2020-04-22T20:56:06+00:00","dateModified":"2024-12-13T12:07:56+00:00","description":"Suchen Sie eine Damen-Lederjacke in \u00dcbergr\u00f6\u00dfe schwarz Versano 316, dann sollten Sie unbedingt einen Blick in den Versano-Webshop werfen.","breadcrumb":{"@id":"https:\/\/versano.nl\/shop\/grote-maat-dames-jas-in-lamsleer-versano-316\/#breadcrumb"},"inLanguage":"de","potentialAction":[{"@type":"ReadAction","target":["https:\/\/versano.nl\/shop\/grote-maat-dames-jas-in-lamsleer-versano-316\/"]}]},{"@type":"ImageObject","inLanguage":"de","@id":"https:\/\/versano.nl\/shop\/grote-maat-dames-jas-in-lamsleer-versano-316\/#primaryimage","url":"https:\/\/versano.nl\/wp-content\/uploads\/2020\/07\/grote-maat-leren-jas-dames-zwart-versano-316-voorkant.jpg","contentUrl":"https:\/\/versano.nl\/wp-content\/uploads\/2020\/07\/grote-maat-leren-jas-dames-zwart-versano-316-voorkant.jpg","width":900,"height":1200,"caption":"dames leren jas grote maat zwart Versano 316"},{"@type":"BreadcrumbList","@id":"https:\/\/versano.nl\/shop\/grote-maat-dames-jas-in-lamsleer-versano-316\/#breadcrumb","itemListElement":[{"@type":"ListItem","position":1,"name":"Home","item":"https:\/\/versano.nl\/"},{"@type":"ListItem","position":2,"name":"Shop","item":"https:\/\/versano.nl\/shop\/"},{"@type":"ListItem","position":3,"name":"dames leren jas grote maat zwart Versano 316"}]},{"@type":"WebSite","@id":"https:\/\/versano.nl\/#website","url":"https:\/\/versano.nl\/","name":"Versano","description":"Winterm\u00e4ntel mit Pelzkragen | Damen Lederjacken | Herren Lederjacken","potentialAction":[{"@type":"SearchAction","target":{"@type":"EntryPoint","urlTemplate":"https:\/\/versano.nl\/?s={search_term_string}"},"query-input":{"@type":"PropertyValueSpecification","valueRequired":true,"valueName":"search_term_string"}}],"inLanguage":"de"}]}},"_links":{"self":[{"href":"https:\/\/versano.nl\/de\/wp-json\/wp\/v2\/product\/16280","targetHints":{"allow":["GET"]}}],"collection":[{"href":"https:\/\/versano.nl\/de\/wp-json\/wp\/v2\/product"}],"about":[{"href":"https:\/\/versano.nl\/de\/wp-json\/wp\/v2\/types\/product"}],"replies":[{"embeddable":true,"href":"https:\/\/versano.nl\/de\/wp-json\/wp\/v2\/comments?post=16280"}],"wp:featuredmedia":[{"embeddable":true,"href":"https:\/\/versano.nl\/de\/wp-json\/wp\/v2\/media\/16571"}],"wp:attachment":[{"href":"https:\/\/versano.nl\/de\/wp-json\/wp\/v2\/media?parent=16280"}],"wp:term":[{"taxonomy":"product_brand","embeddable":true,"href":"https:\/\/versano.nl\/de\/wp-json\/wp\/v2\/product_brand?post=16280"},{"taxonomy":"product_cat","embeddable":true,"href":"https:\/\/versano.nl\/de\/wp-json\/wp\/v2\/product_cat?post=16280"},{"taxonomy":"product_tag","embeddable":true,"href":"https:\/\/versano.nl\/de\/wp-json\/wp\/v2\/product_tag?post=16280"}],"curies":[{"name":"wp","href":"https:\/\/api.w.org\/{rel}","templated":true}]}}