{"id":16241,"date":"2020-04-19T21:32:24","date_gmt":"2020-04-19T21:32:24","guid":{"rendered":"https:\/\/versano.nl\/?post_type=product&#038;p=16241"},"modified":"2024-12-13T12:10:27","modified_gmt":"2024-12-13T12:10:27","slug":"grote-maten-leren-dames-jassen-versano-pino-blauw","status":"publish","type":"product","link":"https:\/\/versano.nl\/de\/shop\/grote-maten-leren-dames-jassen-versano-pino-blauw\/","title":{"rendered":"gro\u00dfe Damen Lederjacke Pino blau Versano"},"content":{"rendered":"<h2>gro\u00dfe Damen Lederjacke Pino blau Versano<\/h2>\n<p>Suchen Sie eine Lederjacke in \u00dcbergr\u00f6\u00dfe aus den besten Materialien? Dann sind Sie bei dieser wundersch\u00f6nen Lederjacke von Versano genau richtig. Wir sprechen von einem Modell, das wundersch\u00f6n sitzt und in gro\u00dfen Gr\u00f6\u00dfen erh\u00e4ltlich ist, und ganz im wahren italienischen Stil. Die Jacke ist aus sch\u00f6nem, geschmeidigem Lammleder. Dies ist eine Lederart, die eine sch\u00f6ne Waschung hat, sodass Sie sich darauf verlassen k\u00f6nnen, dass sie nur sch\u00f6ner und robuster aussieht. Diese gro\u00dfe Damen Lederjacke Pino blau Versano ist eine Jacke mit zwei ger\u00e4umigen Seitentaschen und zwei Taschen auf der Brust. Alle diese Taschen k\u00f6nnen mit einem Rei\u00dfverschluss geschlossen werden. Diese Jacke hat auch eine Innentasche f\u00fcr Ihre wichtigen Papiere. Es ist eine Jacke, die sich gut kombinieren l\u00e4sst, zum Beispiel mit einem Rock, Kleid oder einer coolen Jeans.<\/p>\n<h2>Bestellen Sie Modell Pino blau<\/h2>\n<p>Diese schicke Damenjacke von Versano ist eines der besten Basismodelle der italienischen Marke Versano. Das Pino-Blau von Versano besteht aus den besten Materialien und ist weich und geschmeidig, da es sich um 100% Lammleder handelt. Die coole Farbe Petrolblau l\u00e4sst sich leicht kombinieren und passt zu fast allen Outfits. Dieses Modell kann nicht nur in blau, sondern auch in schwarz bestellt werden. Wenn Sie diese Jacke bei uns bestellen, erhalten Sie eine Jacke, die ein Leben lang sch\u00f6n bleibt. Das italienische Design sorgt daf\u00fcr, dass die Jacke gut sitzt und trotzdem angenehm zu tragen ist. Dieses Modell ist nicht zu besch\u00e4ftigt, was es zu einem Top-Klassiker macht. Sie k\u00f6nnen ganz einfach auf unserer Website bestellen.<\/p>\n<p>Marke: <a href=\"https:\/\/versano.nl\/\">Versano<\/a><br \/>\nMaterial: 100% Lammfell<br \/>\nFutter: 100% Polyester<br \/>\nL\u00e4nge: kurz<br \/>\nPassform: Komfortgr\u00f6\u00dfen<br \/>\nSchlie\u00dfung: Rei\u00dfverschluss<br \/>\nTaschen: RV-Taschen<br \/>\nKragen: Stehkragen<br \/>\nMaterial Au\u00dfenschicht: hohe Qualit\u00e4t und weiches Lammfell<br \/>\nLieferzeit: 2-3 Werktage<\/p>","protected":false},"excerpt":{"rendered":"<p><strong>W\u00c4HLEN SIE HIER EINE ANDERE FARBE<\/strong><\/p>\n<p><strong><span style=\"color: #ff0000;\"><a href=\"https:\/\/versano.nl\/shop\/leren-dames-jas-extra-grote-maat-zwart-versano-pino\/\"><img loading=\"lazy\" decoding=\"async\" class=\"alignnone size-full wp-image-19872\" src=\"https:\/\/versano.nl\/wp-content\/uploads\/sites\/2\/2020\/04\/grote-maat-leren-damesjas-zwart-Pino-Versano-thumb.jpg\" alt=\"\" width=\"56\" height=\"75\" \/><\/a><\/span><\/strong><\/p>\n<p><strong><span style=\"color: #ff0000;\">Fit Beratung:<\/span>\u00a0<\/strong>Die Passform dieses Modells ist ger\u00e4umig. Unser Modell ist 1,80 cm gro\u00df und tr\u00e4gt eine gro\u00dfe.<\/p>\n<p>Wenn Sie sich bei Ihren Ma\u00dfen nicht sicher sind, empfehlen wir Ihnen, zuerst Ihre Gr\u00f6\u00dfenma\u00dfe zu messen und sie mit unserer Gr\u00f6\u00dfentabelle zu vergleichen. Wenn Sie keine Erfahrung mit der Messung von Umfangsgr\u00f6\u00dfen haben, klicken Sie auf\u00a0<a href=\"https:\/\/www.youtube.com\/watch?v=3ZSfY87v6pM\"><em>HIER<\/em>\u00a0<\/a>\u00a0zu\u00a0<span style=\"color: #ff0000;\"><a style=\"color: #ff0000;\" href=\"https:\/\/www.youtube.com\/watch?v=3ZSfY87v6pM\"><em>VIDEO<\/em><\/a>\u00a0<\/span> mit Anweisungen. Sie k\u00f6nnen uns auch direkt anrufen oder anrufen! Unsere Mitarbeiter stehen Ihnen jederzeit zur Verf\u00fcgung.<\/p>\n<p><strong>LIEFERZEIT :<\/strong>\u00a02 bis 3 Werktage.<\/p>","protected":false},"featured_media":16251,"comment_status":"closed","ping_status":"closed","template":"","meta":[],"product_brand":[],"product_cat":[90,1248,874,875,1470,1247,879,1469,1474,880,1712,881,878,882],"product_tag":[1254,1255,1250,1548,832,1251,1549,1545],"class_list":{"0":"post-16241","1":"product","2":"type-product","3":"status-publish","4":"has-post-thumbnail","6":"product_cat-dames-leren-jassen","7":"product_cat-grote-maten-leren-dames-jassen","8":"product_cat-kort-leren-jasje","9":"product_cat-kort-leren-jasje-dames","10":"product_cat-leren-dames-jas","11":"product_cat-leren-dames-jas-grote-maat","12":"product_cat-leren-dames-jassen","13":"product_cat-leren-jas-dames","14":"product_cat-leren-jas-dames-grote-maten","15":"product_cat-leren-jasje-dames","16":"product_cat-leren-jassen","17":"product_cat-leren-jassen-dames","18":"product_cat-leren-jassen-dames-uitverkoop","19":"product_cat-versano","20":"product_tag-blauwe-leren-dames-jas-grote-maten","21":"product_tag-blauwe-leren-dames-jassen-grote-maten","22":"product_tag-dames-grote-maten-leren-jassen","23":"product_tag-dames-leren-jas-grote-maten","24":"product_tag-grote-maat-dames-jassen","25":"product_tag-grote-maat-leren-dames-jas","26":"product_tag-grote-maten-leren-dames-jas-sale","27":"product_tag-grote-maten-leren-jas-dames","28":"tm-no-options","30":"first","31":"instock","32":"taxable","33":"shipping-taxable","34":"purchasable","35":"product-type-variable"},"yoast_head":"<!-- This site is optimized with the Yoast SEO plugin v27.2 - https:\/\/yoast.com\/product\/yoast-seo-wordpress\/ -->\n<title>grote maat leren dames jas Pino blauw Versano, grote maten leren jas<\/title>\n<meta name=\"description\" content=\"Ben je op zoek naar een grote maat leren dames jas Pino blauw Versano, dan moet je zeker even een kijkje nemen in de webshop van Versano.\" \/>\n<meta name=\"robots\" content=\"index, follow, max-snippet:-1, max-image-preview:large, max-video-preview:-1\" \/>\n<link rel=\"canonical\" href=\"https:\/\/versano.nl\/de\/shop\/grote-maten-leren-dames-jassen-versano-pino-blauw\/\" \/>\n<meta property=\"og:locale\" content=\"de_DE\" \/>\n<meta property=\"og:type\" content=\"article\" \/>\n<meta property=\"og:title\" content=\"grote maat leren dames jas Pino blauw Versano, grote maten leren jas\" \/>\n<meta property=\"og:description\" content=\"Ben je op zoek naar een grote maat leren dames jas Pino blauw Versano, dan moet je zeker even een kijkje nemen in de webshop van Versano.\" \/>\n<meta property=\"og:url\" content=\"https:\/\/versano.nl\/de\/shop\/grote-maten-leren-dames-jassen-versano-pino-blauw\/\" \/>\n<meta property=\"og:site_name\" content=\"Versano\" \/>\n<meta property=\"article:modified_time\" content=\"2024-12-13T12:10:27+00:00\" \/>\n<meta property=\"og:image\" content=\"https:\/\/versano.nl\/wp-content\/uploads\/2020\/04\/grote-maat-dames-leren-jas-blauw-Pino-Versano-voorkant.jpg\" \/>\n\t<meta property=\"og:image:width\" content=\"900\" \/>\n\t<meta property=\"og:image:height\" content=\"1200\" \/>\n\t<meta property=\"og:image:type\" content=\"image\/jpeg\" \/>\n<meta name=\"twitter:card\" content=\"summary_large_image\" \/>\n<meta name=\"twitter:label1\" content=\"Gesch\u00e4tzte Lesezeit\" \/>\n\t<meta name=\"twitter:data1\" content=\"2\u00a0Minuten\" \/>\n<script type=\"application\/ld+json\" class=\"yoast-schema-graph\">{\"@context\":\"https:\/\/schema.org\",\"@graph\":[{\"@type\":\"WebPage\",\"@id\":\"https:\/\/versano.nl\/shop\/grote-maten-leren-dames-jassen-versano-pino-blauw\/\",\"url\":\"https:\/\/versano.nl\/shop\/grote-maten-leren-dames-jassen-versano-pino-blauw\/\",\"name\":\"grote maat leren dames jas Pino blauw Versano, grote maten leren jas\",\"isPartOf\":{\"@id\":\"https:\/\/versano.nl\/#website\"},\"primaryImageOfPage\":{\"@id\":\"https:\/\/versano.nl\/shop\/grote-maten-leren-dames-jassen-versano-pino-blauw\/#primaryimage\"},\"image\":{\"@id\":\"https:\/\/versano.nl\/shop\/grote-maten-leren-dames-jassen-versano-pino-blauw\/#primaryimage\"},\"thumbnailUrl\":\"https:\/\/versano.nl\/wp-content\/uploads\/2020\/04\/grote-maat-dames-leren-jas-blauw-Pino-Versano-voorkant.jpg\",\"datePublished\":\"2020-04-19T21:32:24+00:00\",\"dateModified\":\"2024-12-13T12:10:27+00:00\",\"description\":\"Ben je op zoek naar een grote maat leren dames jas Pino blauw Versano, dan moet je zeker even een kijkje nemen in de webshop van Versano.\",\"breadcrumb\":{\"@id\":\"https:\/\/versano.nl\/shop\/grote-maten-leren-dames-jassen-versano-pino-blauw\/#breadcrumb\"},\"inLanguage\":\"de\",\"potentialAction\":[{\"@type\":\"ReadAction\",\"target\":[\"https:\/\/versano.nl\/shop\/grote-maten-leren-dames-jassen-versano-pino-blauw\/\"]}]},{\"@type\":\"ImageObject\",\"inLanguage\":\"de\",\"@id\":\"https:\/\/versano.nl\/shop\/grote-maten-leren-dames-jassen-versano-pino-blauw\/#primaryimage\",\"url\":\"https:\/\/versano.nl\/wp-content\/uploads\/2020\/04\/grote-maat-dames-leren-jas-blauw-Pino-Versano-voorkant.jpg\",\"contentUrl\":\"https:\/\/versano.nl\/wp-content\/uploads\/2020\/04\/grote-maat-dames-leren-jas-blauw-Pino-Versano-voorkant.jpg\",\"width\":900,\"height\":1200,\"caption\":\"grote maat leren dames jas Pino blauw Versano\"},{\"@type\":\"BreadcrumbList\",\"@id\":\"https:\/\/versano.nl\/shop\/grote-maten-leren-dames-jassen-versano-pino-blauw\/#breadcrumb\",\"itemListElement\":[{\"@type\":\"ListItem\",\"position\":1,\"name\":\"Home\",\"item\":\"https:\/\/versano.nl\/\"},{\"@type\":\"ListItem\",\"position\":2,\"name\":\"Shop\",\"item\":\"https:\/\/versano.nl\/shop\/\"},{\"@type\":\"ListItem\",\"position\":3,\"name\":\"grote maat leren dames jas Pino blauw Versano\"}]},{\"@type\":\"WebSite\",\"@id\":\"https:\/\/versano.nl\/#website\",\"url\":\"https:\/\/versano.nl\/\",\"name\":\"Versano\",\"description\":\"winterjassen met bontkraag | leren dames jassen | leren heren jassen\",\"potentialAction\":[{\"@type\":\"SearchAction\",\"target\":{\"@type\":\"EntryPoint\",\"urlTemplate\":\"https:\/\/versano.nl\/?s={search_term_string}\"},\"query-input\":{\"@type\":\"PropertyValueSpecification\",\"valueRequired\":true,\"valueName\":\"search_term_string\"}}],\"inLanguage\":\"de\"}]}<\/script>\n<!-- \/ Yoast SEO plugin. -->","yoast_head_json":{"title":"gro\u00dfe Lederjacke f\u00fcr Damen Pino blau Versano, gro\u00dfe Lederjacke","description":"Sind Sie auf der Suche nach einer gro\u00dfen Lederjacke f\u00fcr Damen in Pino Blau von Versano, dann sollten Sie unbedingt einen Blick in den Versano Webshop werfen.","robots":{"index":"index","follow":"follow","max-snippet":"max-snippet:-1","max-image-preview":"max-image-preview:large","max-video-preview":"max-video-preview:-1"},"canonical":"https:\/\/versano.nl\/de\/shop\/grote-maten-leren-dames-jassen-versano-pino-blauw\/","og_locale":"de_DE","og_type":"article","og_title":"grote maat leren dames jas Pino blauw Versano, grote maten leren jas","og_description":"Ben je op zoek naar een grote maat leren dames jas Pino blauw Versano, dan moet je zeker even een kijkje nemen in de webshop van Versano.","og_url":"https:\/\/versano.nl\/de\/shop\/grote-maten-leren-dames-jassen-versano-pino-blauw\/","og_site_name":"Versano","article_modified_time":"2024-12-13T12:10:27+00:00","og_image":[{"width":900,"height":1200,"url":"https:\/\/versano.nl\/wp-content\/uploads\/2020\/04\/grote-maat-dames-leren-jas-blauw-Pino-Versano-voorkant.jpg","type":"image\/jpeg"}],"twitter_card":"summary_large_image","twitter_misc":{"Gesch\u00e4tzte Lesezeit":"2\u00a0Minuten"},"schema":{"@context":"https:\/\/schema.org","@graph":[{"@type":"WebPage","@id":"https:\/\/versano.nl\/shop\/grote-maten-leren-dames-jassen-versano-pino-blauw\/","url":"https:\/\/versano.nl\/shop\/grote-maten-leren-dames-jassen-versano-pino-blauw\/","name":"gro\u00dfe Lederjacke f\u00fcr Damen Pino blau Versano, gro\u00dfe Lederjacke","isPartOf":{"@id":"https:\/\/versano.nl\/#website"},"primaryImageOfPage":{"@id":"https:\/\/versano.nl\/shop\/grote-maten-leren-dames-jassen-versano-pino-blauw\/#primaryimage"},"image":{"@id":"https:\/\/versano.nl\/shop\/grote-maten-leren-dames-jassen-versano-pino-blauw\/#primaryimage"},"thumbnailUrl":"https:\/\/versano.nl\/wp-content\/uploads\/2020\/04\/grote-maat-dames-leren-jas-blauw-Pino-Versano-voorkant.jpg","datePublished":"2020-04-19T21:32:24+00:00","dateModified":"2024-12-13T12:10:27+00:00","description":"Sind Sie auf der Suche nach einer gro\u00dfen Lederjacke f\u00fcr Damen in Pino Blau von Versano, dann sollten Sie unbedingt einen Blick in den Versano Webshop werfen.","breadcrumb":{"@id":"https:\/\/versano.nl\/shop\/grote-maten-leren-dames-jassen-versano-pino-blauw\/#breadcrumb"},"inLanguage":"de","potentialAction":[{"@type":"ReadAction","target":["https:\/\/versano.nl\/shop\/grote-maten-leren-dames-jassen-versano-pino-blauw\/"]}]},{"@type":"ImageObject","inLanguage":"de","@id":"https:\/\/versano.nl\/shop\/grote-maten-leren-dames-jassen-versano-pino-blauw\/#primaryimage","url":"https:\/\/versano.nl\/wp-content\/uploads\/2020\/04\/grote-maat-dames-leren-jas-blauw-Pino-Versano-voorkant.jpg","contentUrl":"https:\/\/versano.nl\/wp-content\/uploads\/2020\/04\/grote-maat-dames-leren-jas-blauw-Pino-Versano-voorkant.jpg","width":900,"height":1200,"caption":"grote maat leren dames jas Pino blauw Versano"},{"@type":"BreadcrumbList","@id":"https:\/\/versano.nl\/shop\/grote-maten-leren-dames-jassen-versano-pino-blauw\/#breadcrumb","itemListElement":[{"@type":"ListItem","position":1,"name":"Home","item":"https:\/\/versano.nl\/"},{"@type":"ListItem","position":2,"name":"Shop","item":"https:\/\/versano.nl\/shop\/"},{"@type":"ListItem","position":3,"name":"grote maat leren dames jas Pino blauw Versano"}]},{"@type":"WebSite","@id":"https:\/\/versano.nl\/#website","url":"https:\/\/versano.nl\/","name":"Versano","description":"Winterm\u00e4ntel mit Pelzkragen | Damen Lederjacken | Herren Lederjacken","potentialAction":[{"@type":"SearchAction","target":{"@type":"EntryPoint","urlTemplate":"https:\/\/versano.nl\/?s={search_term_string}"},"query-input":{"@type":"PropertyValueSpecification","valueRequired":true,"valueName":"search_term_string"}}],"inLanguage":"de"}]}},"_links":{"self":[{"href":"https:\/\/versano.nl\/de\/wp-json\/wp\/v2\/product\/16241","targetHints":{"allow":["GET"]}}],"collection":[{"href":"https:\/\/versano.nl\/de\/wp-json\/wp\/v2\/product"}],"about":[{"href":"https:\/\/versano.nl\/de\/wp-json\/wp\/v2\/types\/product"}],"replies":[{"embeddable":true,"href":"https:\/\/versano.nl\/de\/wp-json\/wp\/v2\/comments?post=16241"}],"wp:featuredmedia":[{"embeddable":true,"href":"https:\/\/versano.nl\/de\/wp-json\/wp\/v2\/media\/16251"}],"wp:attachment":[{"href":"https:\/\/versano.nl\/de\/wp-json\/wp\/v2\/media?parent=16241"}],"wp:term":[{"taxonomy":"product_brand","embeddable":true,"href":"https:\/\/versano.nl\/de\/wp-json\/wp\/v2\/product_brand?post=16241"},{"taxonomy":"product_cat","embeddable":true,"href":"https:\/\/versano.nl\/de\/wp-json\/wp\/v2\/product_cat?post=16241"},{"taxonomy":"product_tag","embeddable":true,"href":"https:\/\/versano.nl\/de\/wp-json\/wp\/v2\/product_tag?post=16241"}],"curies":[{"name":"wp","href":"https:\/\/api.w.org\/{rel}","templated":true}]}}