{"id":16228,"date":"2020-04-19T20:25:43","date_gmt":"2020-04-19T20:25:43","guid":{"rendered":"https:\/\/versano.nl\/?post_type=product&#038;p=16228"},"modified":"2025-09-08T10:54:30","modified_gmt":"2025-09-08T10:54:30","slug":"grote-maat-dames-leren-jas-versano-pino-zwart","status":"publish","type":"product","link":"https:\/\/versano.nl\/de\/shop\/grote-maat-dames-leren-jas-versano-pino-zwart\/","title":{"rendered":"Leder Damenjacke gro\u00df schwarz Pino Versano"},"content":{"rendered":"<h2>Leder Damenjacke gro\u00df schwarz Pino Versano<\/h2>\n<p>Du bist auf der Suche nach einer coolen Lederjacke aus den besten Materialien? Dann sind Sie bei dieser wundersch\u00f6nen Lederjacke von Versano genau richtig. Wir sprechen von einem Modell mit wundersch\u00f6ner Passform, ganz im echten italienischen Stil. Die Jacke ist aus sch\u00f6nem, geschmeidigem Lammfell. Dies ist eine Lederart, die eine sch\u00f6ne Waschung hat, sodass Sie sich darauf verlassen k\u00f6nnen, dass sie nur sch\u00f6ner und robuster aussieht. Die Leder Damenjacke Gr\u00f6\u00dfe Schwarz Pino von Versano ist eine Jacke, die zwei ger\u00e4umige Seitentaschen und zwei Taschen auf der Brust hat. Alle diese Taschen k\u00f6nnen mit einem Rei\u00dfverschluss geschlossen werden. In dieser Jacke befindet sich auch eine Innentasche f\u00fcr Ihre wichtigen Papiere. Es ist eine Jacke, die sich gut kombinieren l\u00e4sst, zum Beispiel mit einem Rock oder einer coolen Jeans.<\/p>\n<h2>Pino schwarzes Modell bestellen<\/h2>\n<p>Diese schicke Damenjacke von Versano ist eines der besten Basic-Modelle der italienischen Marke Versano. Der Pino black von Versano ist aus besten Materialien gefertigt und ist weich und anschmiegsam, da es sich um 100% Lammfell handelt. Die coole Farbe Schwarz ist einfach zu kombinieren und passt zu fast allen deinen Outfits. Dieses Modell ist nicht nur in Schwarz, sondern auch in Blau erh\u00e4ltlich. Wenn Sie diese Jacke bei uns bestellen, erhalten Sie eine Jacke, die ein Leben lang sch\u00f6n bleibt. Sein italienisches Design sorgt daf\u00fcr, dass die Jacke gut sitzt und trotzdem bequem tr\u00e4gt. Dieses Modell ist nicht zu voll, was es zu einem Top-Klassiker macht. Sie k\u00f6nnen bequem auf unserer Website bestellen.<\/p>\n<p>Marke: <a href=\"https:\/\/versano.nl\/\">Versano<\/a><br \/>\nMaterial: 100% Lammfell<br \/>\nFutter: 100% Polyester<br \/>\nL\u00e4nge: kurz<br \/>\nPassform: Komfortgr\u00f6\u00dfen<br \/>\nSchlie\u00dfung: Rei\u00dfverschluss<br \/>\nTaschen: RV-Taschen<br \/>\nKragen: Stehkragen<br \/>\nMaterial Au\u00dfenschicht: hohe Qualit\u00e4t und weiches Lammfell<br \/>\nLieferzeit: 2-3 Werktage<\/p>","protected":false},"excerpt":{"rendered":"<p><strong>W\u00c4HLEN SIE HIER EINE ANDERE FARBE<\/strong><\/p>\n<p><strong><span style=\"color: #ff0000;\"><a href=\"https:\/\/versano.nl\/shop\/grote-maat-leren-dames-jas-blauw-versano-pino\/\"><img loading=\"lazy\" decoding=\"async\" class=\"alignnone size-full wp-image-19871\" src=\"https:\/\/versano.nl\/wp-content\/uploads\/sites\/2\/2020\/04\/grote-maat-dames-leren-jas-blauw-Pino-Versano-tumb.jpg\" alt=\"\" width=\"56\" height=\"75\" \/><\/a><\/span><\/strong><\/p>\n<p><strong><span style=\"color: #ff0000;\">Fit Beratung:<\/span>\u00a0<\/strong>Die Passform dieses Modells ist ger\u00e4umig. Unser Modell ist 1,80 cm gro\u00df und tr\u00e4gt eine gro\u00dfe.<\/p>\n<p>Wenn Sie sich bei Ihren Ma\u00dfen nicht sicher sind, empfehlen wir Ihnen, zuerst Ihre Gr\u00f6\u00dfenma\u00dfe zu messen und sie mit unserer Gr\u00f6\u00dfentabelle zu vergleichen. Wenn Sie keine Erfahrung mit der Messung von Umfangsgr\u00f6\u00dfen haben, klicken Sie auf\u00a0<a href=\"https:\/\/www.youtube.com\/watch?v=3ZSfY87v6pM\"><em>HIER<\/em>\u00a0<\/a>\u00a0zu\u00a0<span style=\"color: #ff0000;\"><a style=\"color: #ff0000;\" href=\"https:\/\/www.youtube.com\/watch?v=3ZSfY87v6pM\"><em>VIDEO<\/em><\/a>\u00a0<\/span> mit Anweisungen. Sie k\u00f6nnen uns auch direkt anrufen oder anrufen! Unsere Mitarbeiter stehen Ihnen jederzeit zur Verf\u00fcgung.<\/p>\n<p><strong>LIEFERZEIT :<\/strong>\u00a02 bis 3 Werktage.<\/p>","protected":false},"featured_media":16563,"comment_status":"closed","ping_status":"closed","template":"","meta":[],"product_brand":[],"product_cat":[90,1248,874,875,1470,1247,879,1469,1474,880,1712,881,878,882,890],"product_tag":[1250,1523,1256,2118,2119,1542,1251,2120,1249,427],"class_list":{"0":"post-16228","1":"product","2":"type-product","3":"status-publish","4":"has-post-thumbnail","6":"product_cat-dames-leren-jassen","7":"product_cat-grote-maten-leren-dames-jassen","8":"product_cat-kort-leren-jasje","9":"product_cat-kort-leren-jasje-dames","10":"product_cat-leren-dames-jas","11":"product_cat-leren-dames-jas-grote-maat","12":"product_cat-leren-dames-jassen","13":"product_cat-leren-jas-dames","14":"product_cat-leren-jas-dames-grote-maten","15":"product_cat-leren-jasje-dames","16":"product_cat-leren-jassen","17":"product_cat-leren-jassen-dames","18":"product_cat-leren-jassen-dames-uitverkoop","19":"product_cat-versano","20":"product_cat-zwarte-leren-jas-dames","21":"product_tag-dames-grote-maten-leren-jassen","22":"product_tag-dames-leren-jas","23":"product_tag-dames-leren-jas-grote-maat","24":"product_tag-dames-leren-jas-versano","25":"product_tag-dames-leren-jassen-grote-maat","26":"product_tag-grote-maat-dames-leren-jas","27":"product_tag-grote-maat-leren-dames-jas","28":"product_tag-grote-maat-leren-jas-dames","29":"product_tag-grote-maten-leren-jassen-dames","30":"product_tag-zwarte-leren-dames-jas","31":"tm-no-options","33":"first","34":"instock","35":"sale","36":"taxable","37":"shipping-taxable","38":"purchasable","39":"product-type-variable","40":"has-default-attributes"},"yoast_head":"<!-- This site is optimized with the Yoast SEO plugin v27.2 - https:\/\/yoast.com\/product\/yoast-seo-wordpress\/ -->\n<title>Leren dames jas grote maat zwart Pino Versano, dames leren jassen<\/title>\n<meta name=\"description\" content=\"Ben je op zoek naar een Leren dames jas grote maat zwart Pino Versano, dan moet je een kijkje nemen in de webshop van Versano.\" \/>\n<meta name=\"robots\" content=\"index, follow, max-snippet:-1, max-image-preview:large, max-video-preview:-1\" \/>\n<link rel=\"canonical\" href=\"https:\/\/versano.nl\/de\/shop\/grote-maat-dames-leren-jas-versano-pino-zwart\/\" \/>\n<meta property=\"og:locale\" content=\"de_DE\" \/>\n<meta property=\"og:type\" content=\"article\" \/>\n<meta property=\"og:title\" content=\"Leren dames jas grote maat zwart Pino Versano, dames leren jassen\" \/>\n<meta property=\"og:description\" content=\"Ben je op zoek naar een Leren dames jas grote maat zwart Pino Versano, dan moet je een kijkje nemen in de webshop van Versano.\" \/>\n<meta property=\"og:url\" content=\"https:\/\/versano.nl\/de\/shop\/grote-maat-dames-leren-jas-versano-pino-zwart\/\" \/>\n<meta property=\"og:site_name\" content=\"Versano\" \/>\n<meta property=\"article:modified_time\" content=\"2025-09-08T10:54:30+00:00\" \/>\n<meta property=\"og:image\" content=\"https:\/\/versano.nl\/wp-content\/uploads\/2020\/07\/grote-maat-leren-damesjas-zwart-Pino-Versano-voorkant.jpg\" \/>\n\t<meta property=\"og:image:width\" content=\"900\" \/>\n\t<meta property=\"og:image:height\" content=\"1200\" \/>\n\t<meta property=\"og:image:type\" content=\"image\/jpeg\" \/>\n<meta name=\"twitter:card\" content=\"summary_large_image\" \/>\n<meta name=\"twitter:label1\" content=\"Gesch\u00e4tzte Lesezeit\" \/>\n\t<meta name=\"twitter:data1\" content=\"2\u00a0Minuten\" \/>\n<script type=\"application\/ld+json\" class=\"yoast-schema-graph\">{\"@context\":\"https:\/\/schema.org\",\"@graph\":[{\"@type\":\"WebPage\",\"@id\":\"https:\/\/versano.nl\/shop\/grote-maat-dames-leren-jas-versano-pino-zwart\/\",\"url\":\"https:\/\/versano.nl\/shop\/grote-maat-dames-leren-jas-versano-pino-zwart\/\",\"name\":\"Leren dames jas grote maat zwart Pino Versano, dames leren jassen\",\"isPartOf\":{\"@id\":\"https:\/\/versano.nl\/#website\"},\"primaryImageOfPage\":{\"@id\":\"https:\/\/versano.nl\/shop\/grote-maat-dames-leren-jas-versano-pino-zwart\/#primaryimage\"},\"image\":{\"@id\":\"https:\/\/versano.nl\/shop\/grote-maat-dames-leren-jas-versano-pino-zwart\/#primaryimage\"},\"thumbnailUrl\":\"https:\/\/versano.nl\/wp-content\/uploads\/2020\/07\/grote-maat-leren-damesjas-zwart-Pino-Versano-voorkant.jpg\",\"datePublished\":\"2020-04-19T20:25:43+00:00\",\"dateModified\":\"2025-09-08T10:54:30+00:00\",\"description\":\"Ben je op zoek naar een Leren dames jas grote maat zwart Pino Versano, dan moet je een kijkje nemen in de webshop van Versano.\",\"breadcrumb\":{\"@id\":\"https:\/\/versano.nl\/shop\/grote-maat-dames-leren-jas-versano-pino-zwart\/#breadcrumb\"},\"inLanguage\":\"de\",\"potentialAction\":[{\"@type\":\"ReadAction\",\"target\":[\"https:\/\/versano.nl\/shop\/grote-maat-dames-leren-jas-versano-pino-zwart\/\"]}]},{\"@type\":\"ImageObject\",\"inLanguage\":\"de\",\"@id\":\"https:\/\/versano.nl\/shop\/grote-maat-dames-leren-jas-versano-pino-zwart\/#primaryimage\",\"url\":\"https:\/\/versano.nl\/wp-content\/uploads\/2020\/07\/grote-maat-leren-damesjas-zwart-Pino-Versano-voorkant.jpg\",\"contentUrl\":\"https:\/\/versano.nl\/wp-content\/uploads\/2020\/07\/grote-maat-leren-damesjas-zwart-Pino-Versano-voorkant.jpg\",\"width\":900,\"height\":1200,\"caption\":\"Leren dames jas grote maat zwart Pino Versano\"},{\"@type\":\"BreadcrumbList\",\"@id\":\"https:\/\/versano.nl\/shop\/grote-maat-dames-leren-jas-versano-pino-zwart\/#breadcrumb\",\"itemListElement\":[{\"@type\":\"ListItem\",\"position\":1,\"name\":\"Home\",\"item\":\"https:\/\/versano.nl\/\"},{\"@type\":\"ListItem\",\"position\":2,\"name\":\"Shop\",\"item\":\"https:\/\/versano.nl\/shop\/\"},{\"@type\":\"ListItem\",\"position\":3,\"name\":\"Leren dames jas grote maat zwart Pino Versano\"}]},{\"@type\":\"WebSite\",\"@id\":\"https:\/\/versano.nl\/#website\",\"url\":\"https:\/\/versano.nl\/\",\"name\":\"Versano\",\"description\":\"winterjassen met bontkraag | leren dames jassen | leren heren jassen\",\"potentialAction\":[{\"@type\":\"SearchAction\",\"target\":{\"@type\":\"EntryPoint\",\"urlTemplate\":\"https:\/\/versano.nl\/?s={search_term_string}\"},\"query-input\":{\"@type\":\"PropertyValueSpecification\",\"valueRequired\":true,\"valueName\":\"search_term_string\"}}],\"inLanguage\":\"de\"}]}<\/script>\n<!-- \/ Yoast SEO plugin. -->","yoast_head_json":{"title":"Leder Damenjacke gro\u00df schwarz Pino Versano, Damen Lederjacken","description":"Sind Sie auf der Suche nach einer Leder Damenjacke Gr\u00f6\u00dfe Schwarz Pino Versano, dann sollten Sie einen Blick in den Versano Webshop werfen.","robots":{"index":"index","follow":"follow","max-snippet":"max-snippet:-1","max-image-preview":"max-image-preview:large","max-video-preview":"max-video-preview:-1"},"canonical":"https:\/\/versano.nl\/de\/shop\/grote-maat-dames-leren-jas-versano-pino-zwart\/","og_locale":"de_DE","og_type":"article","og_title":"Leren dames jas grote maat zwart Pino Versano, dames leren jassen","og_description":"Ben je op zoek naar een Leren dames jas grote maat zwart Pino Versano, dan moet je een kijkje nemen in de webshop van Versano.","og_url":"https:\/\/versano.nl\/de\/shop\/grote-maat-dames-leren-jas-versano-pino-zwart\/","og_site_name":"Versano","article_modified_time":"2025-09-08T10:54:30+00:00","og_image":[{"width":900,"height":1200,"url":"https:\/\/versano.nl\/wp-content\/uploads\/2020\/07\/grote-maat-leren-damesjas-zwart-Pino-Versano-voorkant.jpg","type":"image\/jpeg"}],"twitter_card":"summary_large_image","twitter_misc":{"Gesch\u00e4tzte Lesezeit":"2\u00a0Minuten"},"schema":{"@context":"https:\/\/schema.org","@graph":[{"@type":"WebPage","@id":"https:\/\/versano.nl\/shop\/grote-maat-dames-leren-jas-versano-pino-zwart\/","url":"https:\/\/versano.nl\/shop\/grote-maat-dames-leren-jas-versano-pino-zwart\/","name":"Leder Damenjacke gro\u00df schwarz Pino Versano, Damen Lederjacken","isPartOf":{"@id":"https:\/\/versano.nl\/#website"},"primaryImageOfPage":{"@id":"https:\/\/versano.nl\/shop\/grote-maat-dames-leren-jas-versano-pino-zwart\/#primaryimage"},"image":{"@id":"https:\/\/versano.nl\/shop\/grote-maat-dames-leren-jas-versano-pino-zwart\/#primaryimage"},"thumbnailUrl":"https:\/\/versano.nl\/wp-content\/uploads\/2020\/07\/grote-maat-leren-damesjas-zwart-Pino-Versano-voorkant.jpg","datePublished":"2020-04-19T20:25:43+00:00","dateModified":"2025-09-08T10:54:30+00:00","description":"Sind Sie auf der Suche nach einer Leder Damenjacke Gr\u00f6\u00dfe Schwarz Pino Versano, dann sollten Sie einen Blick in den Versano Webshop werfen.","breadcrumb":{"@id":"https:\/\/versano.nl\/shop\/grote-maat-dames-leren-jas-versano-pino-zwart\/#breadcrumb"},"inLanguage":"de","potentialAction":[{"@type":"ReadAction","target":["https:\/\/versano.nl\/shop\/grote-maat-dames-leren-jas-versano-pino-zwart\/"]}]},{"@type":"ImageObject","inLanguage":"de","@id":"https:\/\/versano.nl\/shop\/grote-maat-dames-leren-jas-versano-pino-zwart\/#primaryimage","url":"https:\/\/versano.nl\/wp-content\/uploads\/2020\/07\/grote-maat-leren-damesjas-zwart-Pino-Versano-voorkant.jpg","contentUrl":"https:\/\/versano.nl\/wp-content\/uploads\/2020\/07\/grote-maat-leren-damesjas-zwart-Pino-Versano-voorkant.jpg","width":900,"height":1200,"caption":"Leren dames jas grote maat zwart Pino Versano"},{"@type":"BreadcrumbList","@id":"https:\/\/versano.nl\/shop\/grote-maat-dames-leren-jas-versano-pino-zwart\/#breadcrumb","itemListElement":[{"@type":"ListItem","position":1,"name":"Home","item":"https:\/\/versano.nl\/"},{"@type":"ListItem","position":2,"name":"Shop","item":"https:\/\/versano.nl\/shop\/"},{"@type":"ListItem","position":3,"name":"Leren dames jas grote maat zwart Pino Versano"}]},{"@type":"WebSite","@id":"https:\/\/versano.nl\/#website","url":"https:\/\/versano.nl\/","name":"Versano","description":"Winterm\u00e4ntel mit Pelzkragen | Damen Lederjacken | Herren Lederjacken","potentialAction":[{"@type":"SearchAction","target":{"@type":"EntryPoint","urlTemplate":"https:\/\/versano.nl\/?s={search_term_string}"},"query-input":{"@type":"PropertyValueSpecification","valueRequired":true,"valueName":"search_term_string"}}],"inLanguage":"de"}]}},"_links":{"self":[{"href":"https:\/\/versano.nl\/de\/wp-json\/wp\/v2\/product\/16228","targetHints":{"allow":["GET"]}}],"collection":[{"href":"https:\/\/versano.nl\/de\/wp-json\/wp\/v2\/product"}],"about":[{"href":"https:\/\/versano.nl\/de\/wp-json\/wp\/v2\/types\/product"}],"replies":[{"embeddable":true,"href":"https:\/\/versano.nl\/de\/wp-json\/wp\/v2\/comments?post=16228"}],"wp:featuredmedia":[{"embeddable":true,"href":"https:\/\/versano.nl\/de\/wp-json\/wp\/v2\/media\/16563"}],"wp:attachment":[{"href":"https:\/\/versano.nl\/de\/wp-json\/wp\/v2\/media?parent=16228"}],"wp:term":[{"taxonomy":"product_brand","embeddable":true,"href":"https:\/\/versano.nl\/de\/wp-json\/wp\/v2\/product_brand?post=16228"},{"taxonomy":"product_cat","embeddable":true,"href":"https:\/\/versano.nl\/de\/wp-json\/wp\/v2\/product_cat?post=16228"},{"taxonomy":"product_tag","embeddable":true,"href":"https:\/\/versano.nl\/de\/wp-json\/wp\/v2\/product_tag?post=16228"}],"curies":[{"name":"wp","href":"https:\/\/api.w.org\/{rel}","templated":true}]}}