{"id":16105,"date":"2020-04-14T20:43:04","date_gmt":"2020-04-14T20:43:04","guid":{"rendered":"https:\/\/versano.nl\/?post_type=product&#038;p=16105"},"modified":"2025-11-26T16:43:06","modified_gmt":"2025-11-26T16:43:06","slug":"leren-dames-biker-jack-rood-versano-miami","status":"publish","type":"product","link":"https:\/\/versano.nl\/de\/shop\/leren-dames-biker-jack-rood-versano-miami\/","title":{"rendered":"Damen Lederjacke Versano Miami rot"},"content":{"rendered":"<h2>Damen Lederjacke Versano Miami rot<\/h2>\n<p>Bei dieser Lederjacke von Versano hat man sich f\u00fcr den Namen Miami entschieden. Dies liegt daran, dass dies eine Jacke ist, die in dieser amerikanischen Stadt definitiv nicht fehl am Platz w\u00e4re. Aber seien wir mal ehrlich, egal wo du die Damen Lederjacke Versano Miami rot tr\u00e4gst, sie steht dir \u00fcberall gut! Es ist eine Jacke, die aus sch\u00f6nem, geschmeidigem und weichem Lammleder gefertigt ist. So erhalten Sie eine Jacke, die wunderbar sitzt, perfekt aussieht und eine extrem sch\u00f6ne Waschung hat. Dies ist eines der Grundmodelle von Versano und als solches auch einer unserer Erfolge. Diese Jacke ist in strapazierf\u00e4higem Lammleder erh\u00e4ltlich, aber wenn Sie das lieber nicht tragen m\u00f6chten, gibt es auch verschiedene Modelle in Lederimitat.<\/p>\n<h2>Miami in der Farbe Rot bestellen<\/h2>\n<p>Bei Versano wissen sie, wie man eine coole Bikerjacke designt, die auch nicht zu viel ist. Mit anderen Worten, diese Jacke macht sich perfekt auf dem Motorrad, aber auch, wenn Sie abends ausgehen oder nachmittags einkaufen gehen. Diese Jacke gibt es nicht nur in Rot, sondern auch in den Farben: Gr\u00fcn, Cognac, Schwarz, Blau und Braun. Wir empfehlen Ihnen daher, einfach zu schauen, welche Farbe Ihrer Meinung nach am besten zu Ihrem eigenen Stil passt. Wenn Sie diese Jacke bei uns bestellen, erhalten Sie eine Jacke, die ein Leben lang sch\u00f6n bleibt. Die Farbe l\u00e4sst sich gut kombinieren und passt zu fast allen Outfits. Sein italienisches Design sorgt daf\u00fcr, dass die Jacke eng anliegt und trotzdem angenehm zu tragen ist.<\/p>\n<p>Marke:\u00a0<a href=\"https:\/\/versano.nl\/\" target=\"_blank\" rel=\"noopener noreferrer\">Versano<\/a><br \/>\nMaterial: 100% Lammfell<br \/>\nFutter: 100% Polyester<br \/>\nL\u00e4nge: kurz<br \/>\nPassform: fest sitzend<br \/>\nSchlie\u00dfung: Rei\u00dfverschluss<br \/>\nTaschen: RV-Taschen<br \/>\nKragen: Stehkragen<br \/>\nMaterial Au\u00dfenschicht: hohe Qualit\u00e4t und weiches Lammfell<br \/>\nLieferzeit: 2-3 Werktage<\/p>","protected":false},"excerpt":{"rendered":"<p><strong>W\u00c4HLEN SIE HIER EINE ANDERE FARBE<\/strong><\/p>\n<p><span style=\"color: #ff0000;\"><a href=\"https:\/\/versano.nl\/shop\/leren-dames-jas-bikerlook-groen-versano-miami\/\"><img loading=\"lazy\" decoding=\"async\" class=\"alignnone size-full wp-image-19873\" src=\"https:\/\/versano.nl\/wp-content\/uploads\/sites\/2\/2020\/04\/groene-leren-dames-jas-biker-model-versano-miami-thumb.jpg\" alt=\"\" width=\"57\" height=\"75\" \/><\/a><a href=\"https:\/\/versano.nl\/shop\/leren-biker-jas-dames-blauw-miami-versano\/\"><img loading=\"lazy\" decoding=\"async\" class=\"alignnone size-full wp-image-19875\" src=\"https:\/\/versano.nl\/wp-content\/uploads\/sites\/2\/2020\/04\/leren-jas-dames-blauw-biker-jack-miami-versano-voorkant-thumb.jpg\" alt=\"\" width=\"57\" height=\"75\" \/><\/a><a href=\"https:\/\/versano.nl\/shop\/biker-jas-dames-leer-bruin-miami-versano\/\"><img loading=\"lazy\" decoding=\"async\" class=\"alignnone size-full wp-image-19876\" src=\"https:\/\/versano.nl\/wp-content\/uploads\/sites\/2\/2020\/04\/leren-jas-dames-bruin-biker-jack-miami-versano-voorkant-thumb.jpg\" alt=\"\" width=\"57\" height=\"75\" \/><\/a><a href=\"https:\/\/versano.nl\/shop\/dames-leren-jas-cognac-miami-versano\/\"><img loading=\"lazy\" decoding=\"async\" class=\"alignnone size-full wp-image-19877\" src=\"https:\/\/versano.nl\/wp-content\/uploads\/sites\/2\/2020\/04\/leren-jas-dames-cognac-biker-jack-miami-versano-voorkant-thumb.jpg\" alt=\"\" width=\"57\" height=\"75\" \/><\/a><a href=\"https:\/\/versano.nl\/shop\/leren-dames-jas-biker-model-zwart-versano-miami\/\"><img loading=\"lazy\" decoding=\"async\" class=\"alignnone size-full wp-image-19878\" src=\"https:\/\/versano.nl\/wp-content\/uploads\/sites\/2\/2020\/04\/leren-jas-dames-zwart-biker-jack-miami-versano-thumb.jpg\" alt=\"\" width=\"57\" height=\"75\" \/><\/a><\/span><\/p>\n<p><span style=\"color: #ff0000;\">Fit Beratung:<\/span>\u00a0Die Passform dieser Jacke ist eng geschnitten. Unser Modell ist 1,68 cm gro\u00df und tr\u00e4gt eine Gr\u00f6\u00dfe S.<\/p>\n<p>Wenn Sie sich bei Ihren Ma\u00dfen nicht sicher sind, empfehlen wir Ihnen, zuerst Ihre Gr\u00f6\u00dfenma\u00dfe zu messen und sie mit unserer Gr\u00f6\u00dfentabelle zu vergleichen. Wenn Sie keine Erfahrung mit der Messung von Umfangsgr\u00f6\u00dfen haben, klicken Sie auf\u00a0<a href=\"https:\/\/www.youtube.com\/watch?v=3ZSfY87v6pM\"><em>HIER<\/em>\u00a0<\/a>\u00a0zu\u00a0<span style=\"color: #ff0000;\"><a style=\"color: #ff0000;\" href=\"https:\/\/www.youtube.com\/watch?v=3ZSfY87v6pM\"><em>VIDEO<\/em><\/a><\/span>\u00a0 mit Anweisungen. Sie k\u00f6nnen uns auch direkt anrufen oder anrufen! Unsere Mitarbeiter stehen Ihnen jederzeit zur Verf\u00fcgung.<\/p>\n<p><strong>LIEFERZEIT :<\/strong>\u00a02 bis 3 Werktage.<\/p>","protected":false},"featured_media":16575,"comment_status":"open","ping_status":"closed","template":"","meta":[],"product_brand":[],"product_cat":[90,874,875,877,879,880,881,878,882,890],"product_tag":[1570,1567,1568,1572,1557,1562,96,100,372,1569,374,1571,375],"class_list":{"0":"post-16105","1":"product","2":"type-product","3":"status-publish","4":"has-post-thumbnail","6":"product_cat-dames-leren-jassen","7":"product_cat-kort-leren-jasje","8":"product_cat-kort-leren-jasje-dames","9":"product_cat-leren-bikerjacks-dames","10":"product_cat-leren-dames-jassen","11":"product_cat-leren-jasje-dames","12":"product_cat-leren-jassen-dames","13":"product_cat-leren-jassen-dames-uitverkoop","14":"product_cat-versano","15":"product_cat-zwarte-leren-jas-dames","16":"product_tag-bikerlook-leren-jassen-dames","17":"product_tag-dames-leren-jasje-rood","18":"product_tag-dames-leren-jassen-bikerlook","19":"product_tag-dames-leren-jassen-rood","20":"product_tag-dames-leren-jassen-sale","21":"product_tag-goedkope-leren-dames-jassen","22":"product_tag-leren-dames-jas-rood","23":"product_tag-leren-rode-jas-dames","24":"product_tag-online-rode-dames-bikerjack","25":"product_tag-rode-bikerjassen-dames","26":"product_tag-rode-leren-dames-bikerjack","27":"product_tag-rode-leren-dames-jassen","28":"product_tag-rode-leren-jassen","29":"tm-no-options","31":"first","32":"instock","33":"sale","34":"taxable","35":"shipping-taxable","36":"purchasable","37":"product-type-variable"},"yoast_head":"<!-- This site is optimized with the Yoast SEO plugin v27.2 - https:\/\/yoast.com\/product\/yoast-seo-wordpress\/ -->\n<title>dames leren jasje Versano Miami rood, leren dames jas rood<\/title>\n<meta name=\"description\" content=\"Ben je op zoek naar een rode leren dames jas in, check dan dit dames leren jasje Versano Miami rood in de webshop van Versano.\" \/>\n<meta name=\"robots\" content=\"index, follow, max-snippet:-1, max-image-preview:large, max-video-preview:-1\" \/>\n<link rel=\"canonical\" href=\"https:\/\/versano.nl\/de\/shop\/leren-dames-biker-jack-rood-versano-miami\/\" \/>\n<meta property=\"og:locale\" content=\"de_DE\" \/>\n<meta property=\"og:type\" content=\"article\" \/>\n<meta property=\"og:title\" content=\"dames leren jasje Versano Miami rood, leren dames jas rood\" \/>\n<meta property=\"og:description\" content=\"Ben je op zoek naar een rode leren dames jas in, check dan dit dames leren jasje Versano Miami rood in de webshop van Versano.\" \/>\n<meta property=\"og:url\" content=\"https:\/\/versano.nl\/de\/shop\/leren-dames-biker-jack-rood-versano-miami\/\" \/>\n<meta property=\"og:site_name\" content=\"Versano\" \/>\n<meta property=\"article:modified_time\" content=\"2025-11-26T16:43:06+00:00\" \/>\n<meta property=\"og:image\" content=\"https:\/\/versano.nl\/wp-content\/uploads\/2020\/07\/leren-dames-biker-jack-rood-miami-versano-voorkant.jpg\" \/>\n\t<meta property=\"og:image:width\" content=\"900\" \/>\n\t<meta property=\"og:image:height\" content=\"1200\" \/>\n\t<meta property=\"og:image:type\" content=\"image\/jpeg\" \/>\n<meta name=\"twitter:card\" content=\"summary_large_image\" \/>\n<meta name=\"twitter:label1\" content=\"Gesch\u00e4tzte Lesezeit\" \/>\n\t<meta name=\"twitter:data1\" content=\"2\u00a0Minuten\" \/>\n<script type=\"application\/ld+json\" class=\"yoast-schema-graph\">{\"@context\":\"https:\/\/schema.org\",\"@graph\":[{\"@type\":\"WebPage\",\"@id\":\"https:\/\/versano.nl\/shop\/leren-dames-biker-jack-rood-versano-miami\/\",\"url\":\"https:\/\/versano.nl\/shop\/leren-dames-biker-jack-rood-versano-miami\/\",\"name\":\"dames leren jasje Versano Miami rood, leren dames jas rood\",\"isPartOf\":{\"@id\":\"https:\/\/versano.nl\/#website\"},\"primaryImageOfPage\":{\"@id\":\"https:\/\/versano.nl\/shop\/leren-dames-biker-jack-rood-versano-miami\/#primaryimage\"},\"image\":{\"@id\":\"https:\/\/versano.nl\/shop\/leren-dames-biker-jack-rood-versano-miami\/#primaryimage\"},\"thumbnailUrl\":\"https:\/\/versano.nl\/wp-content\/uploads\/2020\/07\/leren-dames-biker-jack-rood-miami-versano-voorkant.jpg\",\"datePublished\":\"2020-04-14T20:43:04+00:00\",\"dateModified\":\"2025-11-26T16:43:06+00:00\",\"description\":\"Ben je op zoek naar een rode leren dames jas in, check dan dit dames leren jasje Versano Miami rood in de webshop van Versano.\",\"breadcrumb\":{\"@id\":\"https:\/\/versano.nl\/shop\/leren-dames-biker-jack-rood-versano-miami\/#breadcrumb\"},\"inLanguage\":\"de\",\"potentialAction\":[{\"@type\":\"ReadAction\",\"target\":[\"https:\/\/versano.nl\/shop\/leren-dames-biker-jack-rood-versano-miami\/\"]}]},{\"@type\":\"ImageObject\",\"inLanguage\":\"de\",\"@id\":\"https:\/\/versano.nl\/shop\/leren-dames-biker-jack-rood-versano-miami\/#primaryimage\",\"url\":\"https:\/\/versano.nl\/wp-content\/uploads\/2020\/07\/leren-dames-biker-jack-rood-miami-versano-voorkant.jpg\",\"contentUrl\":\"https:\/\/versano.nl\/wp-content\/uploads\/2020\/07\/leren-dames-biker-jack-rood-miami-versano-voorkant.jpg\",\"width\":900,\"height\":1200,\"caption\":\"dames leren jasje Versano Miami rood\"},{\"@type\":\"BreadcrumbList\",\"@id\":\"https:\/\/versano.nl\/shop\/leren-dames-biker-jack-rood-versano-miami\/#breadcrumb\",\"itemListElement\":[{\"@type\":\"ListItem\",\"position\":1,\"name\":\"Home\",\"item\":\"https:\/\/versano.nl\/\"},{\"@type\":\"ListItem\",\"position\":2,\"name\":\"Shop\",\"item\":\"https:\/\/versano.nl\/shop\/\"},{\"@type\":\"ListItem\",\"position\":3,\"name\":\"dames leren jasje Versano Miami rood\"}]},{\"@type\":\"WebSite\",\"@id\":\"https:\/\/versano.nl\/#website\",\"url\":\"https:\/\/versano.nl\/\",\"name\":\"Versano\",\"description\":\"winterjassen met bontkraag | leren dames jassen | leren heren jassen\",\"potentialAction\":[{\"@type\":\"SearchAction\",\"target\":{\"@type\":\"EntryPoint\",\"urlTemplate\":\"https:\/\/versano.nl\/?s={search_term_string}\"},\"query-input\":{\"@type\":\"PropertyValueSpecification\",\"valueRequired\":true,\"valueName\":\"search_term_string\"}}],\"inLanguage\":\"de\"}]}<\/script>\n<!-- \/ Yoast SEO plugin. -->","yoast_head_json":{"title":"Damen Lederjacke Versano Miami rot, Damen Lederjacke rot","description":"Sind Sie auf der Suche nach einer roten Damen Lederjacke, schauen Sie sich diese Damen Lederjacke Versano Miami rot im Versano Webshop an.","robots":{"index":"index","follow":"follow","max-snippet":"max-snippet:-1","max-image-preview":"max-image-preview:large","max-video-preview":"max-video-preview:-1"},"canonical":"https:\/\/versano.nl\/de\/shop\/leren-dames-biker-jack-rood-versano-miami\/","og_locale":"de_DE","og_type":"article","og_title":"dames leren jasje Versano Miami rood, leren dames jas rood","og_description":"Ben je op zoek naar een rode leren dames jas in, check dan dit dames leren jasje Versano Miami rood in de webshop van Versano.","og_url":"https:\/\/versano.nl\/de\/shop\/leren-dames-biker-jack-rood-versano-miami\/","og_site_name":"Versano","article_modified_time":"2025-11-26T16:43:06+00:00","og_image":[{"width":900,"height":1200,"url":"https:\/\/versano.nl\/wp-content\/uploads\/2020\/07\/leren-dames-biker-jack-rood-miami-versano-voorkant.jpg","type":"image\/jpeg"}],"twitter_card":"summary_large_image","twitter_misc":{"Gesch\u00e4tzte Lesezeit":"2\u00a0Minuten"},"schema":{"@context":"https:\/\/schema.org","@graph":[{"@type":"WebPage","@id":"https:\/\/versano.nl\/shop\/leren-dames-biker-jack-rood-versano-miami\/","url":"https:\/\/versano.nl\/shop\/leren-dames-biker-jack-rood-versano-miami\/","name":"Damen Lederjacke Versano Miami rot, Damen Lederjacke rot","isPartOf":{"@id":"https:\/\/versano.nl\/#website"},"primaryImageOfPage":{"@id":"https:\/\/versano.nl\/shop\/leren-dames-biker-jack-rood-versano-miami\/#primaryimage"},"image":{"@id":"https:\/\/versano.nl\/shop\/leren-dames-biker-jack-rood-versano-miami\/#primaryimage"},"thumbnailUrl":"https:\/\/versano.nl\/wp-content\/uploads\/2020\/07\/leren-dames-biker-jack-rood-miami-versano-voorkant.jpg","datePublished":"2020-04-14T20:43:04+00:00","dateModified":"2025-11-26T16:43:06+00:00","description":"Sind Sie auf der Suche nach einer roten Damen Lederjacke, schauen Sie sich diese Damen Lederjacke Versano Miami rot im Versano Webshop an.","breadcrumb":{"@id":"https:\/\/versano.nl\/shop\/leren-dames-biker-jack-rood-versano-miami\/#breadcrumb"},"inLanguage":"de","potentialAction":[{"@type":"ReadAction","target":["https:\/\/versano.nl\/shop\/leren-dames-biker-jack-rood-versano-miami\/"]}]},{"@type":"ImageObject","inLanguage":"de","@id":"https:\/\/versano.nl\/shop\/leren-dames-biker-jack-rood-versano-miami\/#primaryimage","url":"https:\/\/versano.nl\/wp-content\/uploads\/2020\/07\/leren-dames-biker-jack-rood-miami-versano-voorkant.jpg","contentUrl":"https:\/\/versano.nl\/wp-content\/uploads\/2020\/07\/leren-dames-biker-jack-rood-miami-versano-voorkant.jpg","width":900,"height":1200,"caption":"dames leren jasje Versano Miami rood"},{"@type":"BreadcrumbList","@id":"https:\/\/versano.nl\/shop\/leren-dames-biker-jack-rood-versano-miami\/#breadcrumb","itemListElement":[{"@type":"ListItem","position":1,"name":"Home","item":"https:\/\/versano.nl\/"},{"@type":"ListItem","position":2,"name":"Shop","item":"https:\/\/versano.nl\/shop\/"},{"@type":"ListItem","position":3,"name":"dames leren jasje Versano Miami rood"}]},{"@type":"WebSite","@id":"https:\/\/versano.nl\/#website","url":"https:\/\/versano.nl\/","name":"Versano","description":"Winterm\u00e4ntel mit Pelzkragen | Damen Lederjacken | Herren Lederjacken","potentialAction":[{"@type":"SearchAction","target":{"@type":"EntryPoint","urlTemplate":"https:\/\/versano.nl\/?s={search_term_string}"},"query-input":{"@type":"PropertyValueSpecification","valueRequired":true,"valueName":"search_term_string"}}],"inLanguage":"de"}]}},"_links":{"self":[{"href":"https:\/\/versano.nl\/de\/wp-json\/wp\/v2\/product\/16105","targetHints":{"allow":["GET"]}}],"collection":[{"href":"https:\/\/versano.nl\/de\/wp-json\/wp\/v2\/product"}],"about":[{"href":"https:\/\/versano.nl\/de\/wp-json\/wp\/v2\/types\/product"}],"replies":[{"embeddable":true,"href":"https:\/\/versano.nl\/de\/wp-json\/wp\/v2\/comments?post=16105"}],"wp:featuredmedia":[{"embeddable":true,"href":"https:\/\/versano.nl\/de\/wp-json\/wp\/v2\/media\/16575"}],"wp:attachment":[{"href":"https:\/\/versano.nl\/de\/wp-json\/wp\/v2\/media?parent=16105"}],"wp:term":[{"taxonomy":"product_brand","embeddable":true,"href":"https:\/\/versano.nl\/de\/wp-json\/wp\/v2\/product_brand?post=16105"},{"taxonomy":"product_cat","embeddable":true,"href":"https:\/\/versano.nl\/de\/wp-json\/wp\/v2\/product_cat?post=16105"},{"taxonomy":"product_tag","embeddable":true,"href":"https:\/\/versano.nl\/de\/wp-json\/wp\/v2\/product_tag?post=16105"}],"curies":[{"name":"wp","href":"https:\/\/api.w.org\/{rel}","templated":true}]}}