{"id":16071,"date":"2020-04-11T15:57:36","date_gmt":"2020-04-11T15:57:36","guid":{"rendered":"https:\/\/versano.nl\/?post_type=product&#038;p=16071"},"modified":"2026-03-28T15:14:38","modified_gmt":"2026-03-28T15:14:38","slug":"leren-heren-jas-basic-cognac-versano-tr36-s","status":"publish","type":"product","link":"https:\/\/versano.nl\/de\/shop\/leren-heren-jas-basic-cognac-versano-tr36-s\/","title":{"rendered":"c TR36 S Versano"},"content":{"rendered":"<h1>Basic Leder Herrenjacke cognac TR36 S Versano<\/h1>\n<p>Basic Leder Herrenjacke cognac TR36 S Versano ist ein Basic Modell Jacke von Versano. Der TR36 S ist Teil der neuen Versano-Kollektion. Ein besonderes Basismodell dieser Jacke wurde von den talentierten Designern von Versano entworfen. Die Jacke ist mit zwei tiefen Seitentaschen mit Rei\u00dfverschluss, sowie zwei kleineren Taschen auf der Brust ausgestattet. Diese k\u00f6nnen zus\u00e4tzlich mit einem stabilen Rei\u00dfverschluss geschlossen werden. Neben der coolen Cognac-Farbe ist diese Leder-Herrenjacke auch in weiteren verschiedenen Farben erh\u00e4ltlich und f\u00fcr alle Jahreszeiten geeignet. Wenn Sie diese Jacke bei uns bestellen, erhalten Sie eine Jacke, die mit Sicherheit ein Leben lang sch\u00f6n bleibt.<\/p>\n<h2>Bestellen Sie das Modell TR 36S in Cognac bei Versano<\/h2>\n<p>Auf der Suche nach einer Alltagsjacke f\u00fcr jede Jahreszeit? Dann k\u00f6nnen Sie mit dieser Jacke aus Lammleder gut aussehen. Dies ist eine sch\u00f6ne Slim-Fit-Jacke, die ganz im italienischen Stil ist. Mit anderen Worten, mit dieser Jacke m\u00fcssen Sie sich keine Sorgen machen, fehl am Platz zu wirken. Dieses Modell k\u00f6nnen Sie ganz einfach auf unserer Website in Cognac oder anderen verschiedenen Farben wie Schwarz und Braun bestellen. Wir empfehlen Ihnen daher, einfach zu schauen, welche Farbe Ihrer Meinung nach am besten zu Ihrem eigenen Stil passt. Die Farbe l\u00e4sst sich gut kombinieren und passt zu fast allen Outfits. Haben Sie Fragen oder sind Sie sich nicht sicher, welche Gr\u00f6\u00dfe Sie bestellen sollen? Dann k\u00f6nnen Sie uns jederzeit per Mail oder WhatsApp kontaktieren. Unsere Mitarbeiter m\u00f6chten Ihnen helfen!<\/p>\n<p>Marke: Versano<br \/>\nMaterial: 100% Lammfell<br \/>\nFutter: 100% Polyester<br \/>\nL\u00e4nge: kurz-mittel<br \/>\nPassform: schmale Passform<br \/>\nSchlie\u00dfung: Rei\u00dfverschluss<br \/>\nTaschen: RV-Taschen<br \/>\nKragen: Stehkragen<br \/>\nMaterial Au\u00dfenschicht: Sehr hochwertiges Lammleder<br \/>\nLieferzeit: 2-3 Werktage<\/p>","protected":false},"excerpt":{"rendered":"<p>W\u00c4HLEN SIE HIER EINE ANDERE FARBE<\/p>\n<p><a href=\"https:\/\/versano.nl\/shop\/leren-heren-jas-basic-bruin-versano-tr36-s\/\"><img loading=\"lazy\" decoding=\"async\" class=\"alignnone size-full wp-image-19928\" src=\"https:\/\/versano.nl\/wp-content\/uploads\/sites\/2\/2020\/08\/leren-heren-jack-ronde-kraag-bruin-versano-tr36s-thumb.jpg\" alt=\"\" width=\"56\" height=\"75\" \/><\/a><a href=\"https:\/\/versano.nl\/shop\/leren-heren-jasje-basic-blauw-versano-tr36-s\/\"><img loading=\"lazy\" decoding=\"async\" class=\"alignnone size-full wp-image-19929\" src=\"https:\/\/versano.nl\/wp-content\/uploads\/sites\/2\/2020\/08\/leren-jasje-heren-blauw-TR36S-versano-thumb.jpg\" alt=\"\" width=\"57\" height=\"75\" \/><\/a><a href=\"https:\/\/versano.nl\/shop\/leren-heren-jasje-basic-zwart-versano-tr36-s\/\"><img loading=\"lazy\" decoding=\"async\" class=\"alignnone size-full wp-image-19930\" src=\"https:\/\/versano.nl\/wp-content\/uploads\/sites\/2\/2020\/08\/leren-jasje-heren-zwart-TR36S-versano-thumb.jpg\" alt=\"\" width=\"57\" height=\"75\" \/><\/a><\/p>\n<p style=\"margin: 0cm 0cm 11.25pt 0cm;\"><span style=\"font-size: 10.5pt; font-family: 'Arial',sans-serif; color: red;\">Fit Beratung:\u00a0<\/span><span style=\"font-size: 10.5pt; font-family: 'Arial',sans-serif; color: #5d5d5d;\">Die Passform dieser Jacke ist schmal geschnitten. Unser Model ist 1,80 cm gro\u00df und tr\u00e4gt Gr\u00f6\u00dfe M.<\/span><\/p>\n<p style=\"margin: 0cm 0cm 11.25pt 0cm;\"><span style=\"font-size: 10.5pt; font-family: 'Arial',sans-serif; color: #5d5d5d;\">Wenn Sie sich bei Ihren Ma\u00dfen nicht sicher sind, empfehlen wir Ihnen, zuerst Ihre Gr\u00f6\u00dfenma\u00dfe zu messen und sie mit unserer Gr\u00f6\u00dfentabelle zu vergleichen. Wenn Sie keine Erfahrung mit der Messung von Umfangsgr\u00f6\u00dfen haben, klicken Sie auf\u00a0<\/span><a href=\"https:\/\/www.youtube.com\/watch?v=3ZSfY87v6pM\"><em><span style=\"font-size: 10.5pt; font-family: 'Arial',sans-serif; text-decoration: none;\">HIER<\/span><\/em><span style=\"font-size: 10.5pt; font-family: 'Arial',sans-serif; text-decoration: none;\">\u00a0<\/span><\/a><span style=\"font-size: 10.5pt; font-family: 'Arial',sans-serif; color: #5d5d5d;\">\u00a0zu\u00a0<\/span><a href=\"https:\/\/www.youtube.com\/watch?v=3ZSfY87v6pM\"><em><span style=\"font-size: 10.5pt; font-family: 'Arial',sans-serif; color: red; text-decoration: none;\">VIDEO<\/span><\/em><\/a><span style=\"font-size: 10.5pt; font-family: 'Arial',sans-serif; color: #5d5d5d;\">\u00a0 mit Anweisungen. Sie k\u00f6nnen uns auch direkt anrufen oder anrufen! Unsere Mitarbeiter stehen Ihnen jederzeit zur Verf\u00fcgung.<\/span><\/p>\n<p style=\"margin: 0cm;\"><strong><span style=\"font-size: 10.5pt; font-family: 'Arial',sans-serif; color: #5d5d5d;\">LIEFERZEIT :<\/span><\/strong><span style=\"font-size: 10.5pt; font-family: 'Arial',sans-serif; color: #5d5d5d;\">\u00a02 bis 3 Werktage.<\/span><\/p>","protected":false},"featured_media":33558,"comment_status":"closed","ping_status":"closed","template":"","meta":[],"product_brand":[],"product_cat":[1670,147,874,907,1671,908,1669,1712,913,910,882],"product_tag":[1780,1781,1222,1779,1691,1761,1692,1230,1229,1228,1694,1778,1697,1758,1708],"class_list":{"0":"post-16071","1":"product","2":"type-product","3":"status-publish","4":"has-post-thumbnail","6":"product_cat-heren-leren-jas","7":"product_cat-heren-leren-jassen","8":"product_cat-kort-leren-jasje","9":"product_cat-kort-leren-jasje-heren","10":"product_cat-leren-heren-jas","11":"product_cat-leren-heren-jassen","12":"product_cat-leren-jas-heren","13":"product_cat-leren-jassen","14":"product_cat-leren-jassen-heren-uitverkoop","15":"product_cat-leren-jassen-heren","16":"product_cat-versano","17":"product_tag-cognac-heren-jas-lamsleer","18":"product_tag-cognac-kleur-leren-jas-heren","19":"product_tag-cognac-leren-heren-jas","20":"product_tag-cognac-leren-jas-echt-leer","21":"product_tag-echt-leer-heren-jas","22":"product_tag-heren-jas-leer","23":"product_tag-lamsleer-heren-jas","24":"product_tag-lamsleren-heren-jasje-cognac","25":"product_tag-lederen-heren-jack-cognac","26":"product_tag-leren-heren-jack-cognac","27":"product_tag-leren-heren-jas-in-sale","28":"product_tag-online-leren-jasen-bestellen","29":"product_tag-uitverkoop-heren-leren-jas","30":"product_tag-versano-herencollectie","31":"product_tag-zomerjassen-heren","32":"tm-no-options","34":"first","35":"instock","36":"sale","37":"taxable","38":"shipping-taxable","39":"purchasable","40":"product-type-variable"},"yoast_head":"<!-- This site is optimized with the Yoast SEO plugin v27.2 - https:\/\/yoast.com\/product\/yoast-seo-wordpress\/ -->\n<title>Basic leren heren jas cognac TR36 S Versano, cognac leren jas<\/title>\n<meta name=\"description\" content=\"Ben je op zoek naar een Basic leren heren jas cognac TR36 S Versano? Dan zit je bij Versano goed want wij hebben geweldige leren jassen.\" \/>\n<meta name=\"robots\" content=\"index, follow, max-snippet:-1, max-image-preview:large, max-video-preview:-1\" \/>\n<link rel=\"canonical\" href=\"https:\/\/versano.nl\/de\/shop\/leren-heren-jas-basic-cognac-versano-tr36-s\/\" \/>\n<meta property=\"og:locale\" content=\"de_DE\" \/>\n<meta property=\"og:type\" content=\"article\" \/>\n<meta property=\"og:title\" content=\"Basic leren heren jas cognac TR36 S Versano, cognac leren jas\" \/>\n<meta property=\"og:description\" content=\"Ben je op zoek naar een Basic leren heren jas cognac TR36 S Versano? Dan zit je bij Versano goed want wij hebben geweldige leren jassen.\" \/>\n<meta property=\"og:url\" content=\"https:\/\/versano.nl\/de\/shop\/leren-heren-jas-basic-cognac-versano-tr36-s\/\" \/>\n<meta property=\"og:site_name\" content=\"Versano\" \/>\n<meta property=\"article:modified_time\" content=\"2026-03-28T15:14:38+00:00\" \/>\n<meta property=\"og:image\" content=\"https:\/\/versano.nl\/wp-content\/uploads\/2020\/04\/tr36s-cogn.jpg\" \/>\n\t<meta property=\"og:image:width\" content=\"600\" \/>\n\t<meta property=\"og:image:height\" content=\"800\" \/>\n\t<meta property=\"og:image:type\" content=\"image\/jpeg\" \/>\n<meta name=\"twitter:card\" content=\"summary_large_image\" \/>\n<meta name=\"twitter:label1\" content=\"Gesch\u00e4tzte Lesezeit\" \/>\n\t<meta name=\"twitter:data1\" content=\"2\u00a0Minuten\" \/>\n<script type=\"application\/ld+json\" class=\"yoast-schema-graph\">{\"@context\":\"https:\/\/schema.org\",\"@graph\":[{\"@type\":\"WebPage\",\"@id\":\"https:\/\/versano.nl\/shop\/leren-heren-jas-basic-cognac-versano-tr36-s\/\",\"url\":\"https:\/\/versano.nl\/shop\/leren-heren-jas-basic-cognac-versano-tr36-s\/\",\"name\":\"Basic leren heren jas cognac TR36 S Versano, cognac leren jas\",\"isPartOf\":{\"@id\":\"https:\/\/versano.nl\/#website\"},\"primaryImageOfPage\":{\"@id\":\"https:\/\/versano.nl\/shop\/leren-heren-jas-basic-cognac-versano-tr36-s\/#primaryimage\"},\"image\":{\"@id\":\"https:\/\/versano.nl\/shop\/leren-heren-jas-basic-cognac-versano-tr36-s\/#primaryimage\"},\"thumbnailUrl\":\"https:\/\/versano.nl\/wp-content\/uploads\/2020\/04\/tr36s-cogn.jpg\",\"datePublished\":\"2020-04-11T15:57:36+00:00\",\"dateModified\":\"2026-03-28T15:14:38+00:00\",\"description\":\"Ben je op zoek naar een Basic leren heren jas cognac TR36 S Versano? Dan zit je bij Versano goed want wij hebben geweldige leren jassen.\",\"breadcrumb\":{\"@id\":\"https:\/\/versano.nl\/shop\/leren-heren-jas-basic-cognac-versano-tr36-s\/#breadcrumb\"},\"inLanguage\":\"de\",\"potentialAction\":[{\"@type\":\"ReadAction\",\"target\":[\"https:\/\/versano.nl\/shop\/leren-heren-jas-basic-cognac-versano-tr36-s\/\"]}]},{\"@type\":\"ImageObject\",\"inLanguage\":\"de\",\"@id\":\"https:\/\/versano.nl\/shop\/leren-heren-jas-basic-cognac-versano-tr36-s\/#primaryimage\",\"url\":\"https:\/\/versano.nl\/wp-content\/uploads\/2020\/04\/tr36s-cogn.jpg\",\"contentUrl\":\"https:\/\/versano.nl\/wp-content\/uploads\/2020\/04\/tr36s-cogn.jpg\",\"width\":600,\"height\":800},{\"@type\":\"BreadcrumbList\",\"@id\":\"https:\/\/versano.nl\/shop\/leren-heren-jas-basic-cognac-versano-tr36-s\/#breadcrumb\",\"itemListElement\":[{\"@type\":\"ListItem\",\"position\":1,\"name\":\"Home\",\"item\":\"https:\/\/versano.nl\/\"},{\"@type\":\"ListItem\",\"position\":2,\"name\":\"Shop\",\"item\":\"https:\/\/versano.nl\/shop\/\"},{\"@type\":\"ListItem\",\"position\":3,\"name\":\"c TR36 S Versano\"}]},{\"@type\":\"WebSite\",\"@id\":\"https:\/\/versano.nl\/#website\",\"url\":\"https:\/\/versano.nl\/\",\"name\":\"Versano\",\"description\":\"winterjassen met bontkraag | leren dames jassen | leren heren jassen\",\"potentialAction\":[{\"@type\":\"SearchAction\",\"target\":{\"@type\":\"EntryPoint\",\"urlTemplate\":\"https:\/\/versano.nl\/?s={search_term_string}\"},\"query-input\":{\"@type\":\"PropertyValueSpecification\",\"valueRequired\":true,\"valueName\":\"search_term_string\"}}],\"inLanguage\":\"de\"}]}<\/script>\n<!-- \/ Yoast SEO plugin. -->","yoast_head_json":{"title":"Basic Leder Herrenjacke cognac TR36 S Versano, cognac Lederjacke","description":"Suchen Sie eine Basic Leder Herrenjacke Cognac TR36 S Versano? Dann sind Sie bei Versano genau richtig, denn wir haben tolle Lederjacken.","robots":{"index":"index","follow":"follow","max-snippet":"max-snippet:-1","max-image-preview":"max-image-preview:large","max-video-preview":"max-video-preview:-1"},"canonical":"https:\/\/versano.nl\/de\/shop\/leren-heren-jas-basic-cognac-versano-tr36-s\/","og_locale":"de_DE","og_type":"article","og_title":"Basic leren heren jas cognac TR36 S Versano, cognac leren jas","og_description":"Ben je op zoek naar een Basic leren heren jas cognac TR36 S Versano? Dan zit je bij Versano goed want wij hebben geweldige leren jassen.","og_url":"https:\/\/versano.nl\/de\/shop\/leren-heren-jas-basic-cognac-versano-tr36-s\/","og_site_name":"Versano","article_modified_time":"2026-03-28T15:14:38+00:00","og_image":[{"width":600,"height":800,"url":"https:\/\/versano.nl\/wp-content\/uploads\/2020\/04\/tr36s-cogn.jpg","type":"image\/jpeg"}],"twitter_card":"summary_large_image","twitter_misc":{"Gesch\u00e4tzte Lesezeit":"2\u00a0Minuten"},"schema":{"@context":"https:\/\/schema.org","@graph":[{"@type":"WebPage","@id":"https:\/\/versano.nl\/shop\/leren-heren-jas-basic-cognac-versano-tr36-s\/","url":"https:\/\/versano.nl\/shop\/leren-heren-jas-basic-cognac-versano-tr36-s\/","name":"Basic Leder Herrenjacke cognac TR36 S Versano, cognac Lederjacke","isPartOf":{"@id":"https:\/\/versano.nl\/#website"},"primaryImageOfPage":{"@id":"https:\/\/versano.nl\/shop\/leren-heren-jas-basic-cognac-versano-tr36-s\/#primaryimage"},"image":{"@id":"https:\/\/versano.nl\/shop\/leren-heren-jas-basic-cognac-versano-tr36-s\/#primaryimage"},"thumbnailUrl":"https:\/\/versano.nl\/wp-content\/uploads\/2020\/04\/tr36s-cogn.jpg","datePublished":"2020-04-11T15:57:36+00:00","dateModified":"2026-03-28T15:14:38+00:00","description":"Suchen Sie eine Basic Leder Herrenjacke Cognac TR36 S Versano? Dann sind Sie bei Versano genau richtig, denn wir haben tolle Lederjacken.","breadcrumb":{"@id":"https:\/\/versano.nl\/shop\/leren-heren-jas-basic-cognac-versano-tr36-s\/#breadcrumb"},"inLanguage":"de","potentialAction":[{"@type":"ReadAction","target":["https:\/\/versano.nl\/shop\/leren-heren-jas-basic-cognac-versano-tr36-s\/"]}]},{"@type":"ImageObject","inLanguage":"de","@id":"https:\/\/versano.nl\/shop\/leren-heren-jas-basic-cognac-versano-tr36-s\/#primaryimage","url":"https:\/\/versano.nl\/wp-content\/uploads\/2020\/04\/tr36s-cogn.jpg","contentUrl":"https:\/\/versano.nl\/wp-content\/uploads\/2020\/04\/tr36s-cogn.jpg","width":600,"height":800},{"@type":"BreadcrumbList","@id":"https:\/\/versano.nl\/shop\/leren-heren-jas-basic-cognac-versano-tr36-s\/#breadcrumb","itemListElement":[{"@type":"ListItem","position":1,"name":"Home","item":"https:\/\/versano.nl\/"},{"@type":"ListItem","position":2,"name":"Shop","item":"https:\/\/versano.nl\/shop\/"},{"@type":"ListItem","position":3,"name":"c TR36 S Versano"}]},{"@type":"WebSite","@id":"https:\/\/versano.nl\/#website","url":"https:\/\/versano.nl\/","name":"Versano","description":"Winterm\u00e4ntel mit Pelzkragen | Damen Lederjacken | Herren Lederjacken","potentialAction":[{"@type":"SearchAction","target":{"@type":"EntryPoint","urlTemplate":"https:\/\/versano.nl\/?s={search_term_string}"},"query-input":{"@type":"PropertyValueSpecification","valueRequired":true,"valueName":"search_term_string"}}],"inLanguage":"de"}]}},"_links":{"self":[{"href":"https:\/\/versano.nl\/de\/wp-json\/wp\/v2\/product\/16071","targetHints":{"allow":["GET"]}}],"collection":[{"href":"https:\/\/versano.nl\/de\/wp-json\/wp\/v2\/product"}],"about":[{"href":"https:\/\/versano.nl\/de\/wp-json\/wp\/v2\/types\/product"}],"replies":[{"embeddable":true,"href":"https:\/\/versano.nl\/de\/wp-json\/wp\/v2\/comments?post=16071"}],"wp:featuredmedia":[{"embeddable":true,"href":"https:\/\/versano.nl\/de\/wp-json\/wp\/v2\/media\/33558"}],"wp:attachment":[{"href":"https:\/\/versano.nl\/de\/wp-json\/wp\/v2\/media?parent=16071"}],"wp:term":[{"taxonomy":"product_brand","embeddable":true,"href":"https:\/\/versano.nl\/de\/wp-json\/wp\/v2\/product_brand?post=16071"},{"taxonomy":"product_cat","embeddable":true,"href":"https:\/\/versano.nl\/de\/wp-json\/wp\/v2\/product_cat?post=16071"},{"taxonomy":"product_tag","embeddable":true,"href":"https:\/\/versano.nl\/de\/wp-json\/wp\/v2\/product_tag?post=16071"}],"curies":[{"name":"wp","href":"https:\/\/api.w.org\/{rel}","templated":true}]}}