{"id":15887,"date":"2014-12-01T08:04:34","date_gmt":"2014-12-01T08:04:34","guid":{"rendered":"https:\/\/versano.nl\/shop\/leren-jas-heren-versano-tr43-cognac\/"},"modified":"2025-09-16T11:51:50","modified_gmt":"2025-09-16T11:51:50","slug":"versano-heren-leren-jas-tr43-cognac","status":"publish","type":"product","link":"https:\/\/versano.nl\/de\/shop\/versano-heren-leren-jas-tr43-cognac\/","title":{"rendered":"Leder Herrenjacke TR43 cognac Versano"},"content":{"rendered":"<h2>Leder Herrenjacke TR43 cognac Versano<\/h2>\n<p>Mit der Leder Herrenjacke TR43 cognac Versano erhalten Sie eine Jacke, die sich durch Tragekomfort und eine perfekte Slim-Fit-Passform auszeichnet. Es wurde von den Versano-Designern entworfen, die wie kein anderer wissen, wie man eine sch\u00f6ne Jacke entwirft. Wir empfehlen Ihnen daher, einen Blick auf unser Jacken-Sortiment dieser Marke zu werfen, wenn Sie ein Modell suchen, das sportlich und schick aussieht. Au\u00dferdem handelt es sich um eine Jacke aus strapazierf\u00e4higem Lammleder, einer anschmiegsamen, robusten Lederart. Es ist eine Herren-Lederjacke, die perfekt verarbeitet ist. Ein Modell, das wir daher w\u00e4rmstens empfehlen k\u00f6nnen. Mit dieser Jacke kannst du dir sicher sein, dass dir schon bald eine neue Jacke um die Schultern h\u00e4ngt, in der du zu sehen bist.<\/p>\n<h2>Bestellen Sie das Modell TR43 in Cognac<\/h2>\n<p>Wenn Sie auf der Suche nach einer Lederjacke sind, bei der Sie sich sicher sein k\u00f6nnen, dass sie bequem ist, dann schauen Sie einfach in unserem Sortiment vorbei. Bei My-Versano finden Sie wundersch\u00f6ne Jacken von Versano, einer Marke, die sich \u00fcber die Jahre einen guten Namen gemacht hat. Der TR43 ist ein Modell, das so konstruiert ist, wie wir es von Versano gewohnt sind. Mit anderen Worten: Eine Jacke, die mit ihrer italienischen Passform perfekt aussieht. Es handelt sich um eine Jacke, die aus sehr hochwertigem Lammleder gefertigt ist. Bei uns k\u00f6nnen Sie ganz einfach die richtige Gr\u00f6\u00dfe anhand unserer smarten Anleitungsvideos ausw\u00e4hlen. Dann k\u00f6nnen Sie uns jederzeit per Mail oder WhatsApp kontaktieren. Unsere Mitarbeiter m\u00f6chten Ihnen helfen!<\/p>\n<p>&nbsp;<\/p>\n<p>Marke:\u00a0<a href=\"https:\/\/versano.nl\/\">Versano<\/a><br \/>\nMaterial: 100% Lammfell<br \/>\nFutter: 100% Polyester<br \/>\nL\u00e4nge: kurz<br \/>\nPassform: schmale Passform<br \/>\nSchlie\u00dfung: Rei\u00dfverschluss<br \/>\nTaschen: RV-Taschen<br \/>\nKragen: Stehkragen<br \/>\nMaterial Au\u00dfenschicht: Sehr hohe Qualit\u00e4t und weiches Lammfell<br \/>\nLieferzeit: 2-3 Werktage<\/p>\n<p>&nbsp;<\/p>","protected":false},"excerpt":{"rendered":"<p>W\u00c4HLEN SIE HIER EINE ANDERE FARBE<\/p>\n<p><strong> <a href=\"https:\/\/versano.nl\/shop\/leren-jas-heren-versano-tr43-bruin\/\"><img loading=\"lazy\" decoding=\"async\" class=\"alignnone size-full wp-image-19920\" src=\"https:\/\/versano.nl\/wp-content\/uploads\/sites\/2\/2016\/04\/echte-leren-jas-heren-bruin-versano-thumb.jpg\" alt=\"\" width=\"57\" height=\"75\" \/><\/a><a href=\"https:\/\/versano.nl\/shop\/leren-jas-heren-versano-tr43-blauw\/\"><img loading=\"lazy\" decoding=\"async\" class=\"alignnone size-full wp-image-19922\" src=\"https:\/\/versano.nl\/wp-content\/uploads\/sites\/2\/2016\/04\/leren-jassen-heren-blauw-versano-tr43-thumb.jpg\" alt=\"\" width=\"57\" height=\"75\" \/><\/a><a href=\"https:\/\/versano.nl\/shop\/leren-jas-heren-versano-tr43-zwart\/\"><img loading=\"lazy\" decoding=\"async\" class=\"alignnone size-full wp-image-19923\" src=\"https:\/\/versano.nl\/wp-content\/uploads\/sites\/2\/2016\/04\/zwarte-leren-heren-jas-versano-tr43-thumb.jpg\" alt=\"\" width=\"57\" height=\"75\" \/><\/a><\/strong><\/p>\n<p style=\"margin: 0cm 0cm 11.25pt 0cm;\"><span style=\"font-size: 10.5pt; font-family: 'Arial',sans-serif; color: red;\">Fit Beratung:\u00a0<\/span><span style=\"font-size: 10.5pt; font-family: 'Arial',sans-serif; color: #5d5d5d;\">Die Passform dieser Jacke ist schmal geschnitten. Unser Model ist 1,75 cm gro\u00df und tr\u00e4gt Gr\u00f6\u00dfe M.<\/span><\/p>\n<p style=\"margin: 0cm 0cm 11.25pt 0cm;\"><span style=\"font-size: 10.5pt; font-family: 'Arial',sans-serif; color: #5d5d5d;\">Wenn Sie sich bei Ihren Ma\u00dfen nicht sicher sind, empfehlen wir Ihnen, zuerst Ihre Gr\u00f6\u00dfenma\u00dfe zu messen und sie mit unserer Gr\u00f6\u00dfentabelle zu vergleichen. Wenn Sie keine Erfahrung mit der Messung von Umfangsgr\u00f6\u00dfen haben, klicken Sie auf\u00a0<\/span><a href=\"https:\/\/www.youtube.com\/watch?v=3ZSfY87v6pM\"><em><span style=\"font-size: 10.5pt; font-family: 'Arial',sans-serif; text-decoration: none;\">HIER<\/span><\/em><span style=\"font-size: 10.5pt; font-family: 'Arial',sans-serif; text-decoration: none;\">\u00a0<\/span><\/a><span style=\"font-size: 10.5pt; font-family: 'Arial',sans-serif; color: #5d5d5d;\">\u00a0zu\u00a0<\/span><a href=\"https:\/\/www.youtube.com\/watch?v=3ZSfY87v6pM\"><em><span style=\"font-size: 10.5pt; font-family: 'Arial',sans-serif; color: red; text-decoration: none;\">VIDEO<\/span><\/em><\/a><span style=\"font-size: 10.5pt; font-family: 'Arial',sans-serif; color: #5d5d5d;\">\u00a0 mit Anweisungen. Sie k\u00f6nnen uns auch direkt anrufen oder anrufen! Unsere Mitarbeiter stehen Ihnen jederzeit zur Verf\u00fcgung.<\/span><\/p>\n<p style=\"margin: 0cm;\"><strong><span style=\"font-size: 10.5pt; font-family: 'Arial',sans-serif; color: #5d5d5d;\">LIEFERZEIT :<\/span><\/strong><span style=\"font-size: 10.5pt; font-family: 'Arial',sans-serif; color: #5d5d5d;\">\u00a02 bis 3 Werktage.<\/span><\/p>\n<p>&nbsp;<\/p>","protected":false},"featured_media":15983,"comment_status":"closed","ping_status":"closed","template":"","meta":[],"product_brand":[],"product_cat":[1670,147,874,907,912,1671,908,1669,910,882],"product_tag":[1696,1217,1221,1692,1220,1218,1694,1219,665,1752,1755,1754,1751,1716,1753],"class_list":{"0":"post-15887","1":"product","2":"type-product","3":"status-publish","4":"has-post-thumbnail","6":"product_cat-heren-leren-jas","7":"product_cat-heren-leren-jassen","8":"product_cat-kort-leren-jasje","9":"product_cat-kort-leren-jasje-heren","10":"product_cat-leren-bikerjacks-heren","11":"product_cat-leren-heren-jas","12":"product_cat-leren-heren-jassen","13":"product_cat-leren-jas-heren","14":"product_cat-leren-jassen-heren","15":"product_cat-versano","16":"product_tag-echt-leer-jassen-heren","17":"product_tag-heren-leren-jas-cognac","18":"product_tag-lamslederen-heren-jas-cognac","19":"product_tag-lamsleer-heren-jas","20":"product_tag-lamsleren-jassen-heren-cognac","21":"product_tag-leren-cognac-jas-heren","22":"product_tag-leren-heren-jas-in-sale","23":"product_tag-leren-heren-jassen-cogac","24":"product_tag-leren-jas-cognac","25":"product_tag-leren-jas-heren-cognac","26":"product_tag-leren-jassen-heren-lamsleer","27":"product_tag-leren-jassen-heren-versano","28":"product_tag-uitverkoop-heren-jas-leer","29":"product_tag-versano-heren-collectie","30":"product_tag-zomerjassen-heren-jas-leer","31":"tm-no-options","33":"first","34":"instock","35":"sale","36":"taxable","37":"shipping-taxable","38":"purchasable","39":"product-type-variable","40":"has-default-attributes"},"yoast_head":"<!-- This site is optimized with the Yoast SEO plugin v27.2 - https:\/\/yoast.com\/product\/yoast-seo-wordpress\/ -->\n<title>Leren heren jas TR43 cognac Versano, leren heren jassen<\/title>\n<meta name=\"description\" content=\"Op zoek naar een Leren heren jas TR43 cognac Versano? Dan bent u bij de bekende jassen merk Versano aan het juiste adres.\" \/>\n<meta name=\"robots\" content=\"index, follow, max-snippet:-1, max-image-preview:large, max-video-preview:-1\" \/>\n<link rel=\"canonical\" href=\"https:\/\/versano.nl\/de\/shop\/versano-heren-leren-jas-tr43-cognac\/\" \/>\n<meta property=\"og:locale\" content=\"de_DE\" \/>\n<meta property=\"og:type\" content=\"article\" \/>\n<meta property=\"og:title\" content=\"Leren heren jas TR43 cognac Versano, leren heren jassen\" \/>\n<meta property=\"og:description\" content=\"Op zoek naar een Leren heren jas TR43 cognac Versano? Dan bent u bij de bekende jassen merk Versano aan het juiste adres.\" \/>\n<meta property=\"og:url\" content=\"https:\/\/versano.nl\/de\/shop\/versano-heren-leren-jas-tr43-cognac\/\" \/>\n<meta property=\"og:site_name\" content=\"Versano\" \/>\n<meta property=\"article:modified_time\" content=\"2025-09-16T11:51:50+00:00\" \/>\n<meta property=\"og:image\" content=\"https:\/\/versano.nl\/wp-content\/uploads\/2020\/04\/heren-leren-jack-cognac-versano-TR43-voorkant.jpg\" \/>\n\t<meta property=\"og:image:width\" content=\"900\" \/>\n\t<meta property=\"og:image:height\" content=\"1200\" \/>\n\t<meta property=\"og:image:type\" content=\"image\/jpeg\" \/>\n<meta name=\"twitter:card\" content=\"summary_large_image\" \/>\n<meta name=\"twitter:label1\" content=\"Gesch\u00e4tzte Lesezeit\" \/>\n\t<meta name=\"twitter:data1\" content=\"2\u00a0Minuten\" \/>\n<script type=\"application\/ld+json\" class=\"yoast-schema-graph\">{\"@context\":\"https:\/\/schema.org\",\"@graph\":[{\"@type\":\"WebPage\",\"@id\":\"https:\/\/versano.nl\/shop\/versano-heren-leren-jas-tr43-cognac\/\",\"url\":\"https:\/\/versano.nl\/shop\/versano-heren-leren-jas-tr43-cognac\/\",\"name\":\"Leren heren jas TR43 cognac Versano, leren heren jassen\",\"isPartOf\":{\"@id\":\"https:\/\/versano.nl\/#website\"},\"primaryImageOfPage\":{\"@id\":\"https:\/\/versano.nl\/shop\/versano-heren-leren-jas-tr43-cognac\/#primaryimage\"},\"image\":{\"@id\":\"https:\/\/versano.nl\/shop\/versano-heren-leren-jas-tr43-cognac\/#primaryimage\"},\"thumbnailUrl\":\"https:\/\/versano.nl\/wp-content\/uploads\/2020\/04\/heren-leren-jack-cognac-versano-TR43-voorkant.jpg\",\"datePublished\":\"2014-12-01T08:04:34+00:00\",\"dateModified\":\"2025-09-16T11:51:50+00:00\",\"description\":\"Op zoek naar een Leren heren jas TR43 cognac Versano? Dan bent u bij de bekende jassen merk Versano aan het juiste adres.\",\"breadcrumb\":{\"@id\":\"https:\/\/versano.nl\/shop\/versano-heren-leren-jas-tr43-cognac\/#breadcrumb\"},\"inLanguage\":\"de\",\"potentialAction\":[{\"@type\":\"ReadAction\",\"target\":[\"https:\/\/versano.nl\/shop\/versano-heren-leren-jas-tr43-cognac\/\"]}]},{\"@type\":\"ImageObject\",\"inLanguage\":\"de\",\"@id\":\"https:\/\/versano.nl\/shop\/versano-heren-leren-jas-tr43-cognac\/#primaryimage\",\"url\":\"https:\/\/versano.nl\/wp-content\/uploads\/2020\/04\/heren-leren-jack-cognac-versano-TR43-voorkant.jpg\",\"contentUrl\":\"https:\/\/versano.nl\/wp-content\/uploads\/2020\/04\/heren-leren-jack-cognac-versano-TR43-voorkant.jpg\",\"width\":900,\"height\":1200,\"caption\":\"Leren heren jas TR43 cognac Versano\"},{\"@type\":\"BreadcrumbList\",\"@id\":\"https:\/\/versano.nl\/shop\/versano-heren-leren-jas-tr43-cognac\/#breadcrumb\",\"itemListElement\":[{\"@type\":\"ListItem\",\"position\":1,\"name\":\"Home\",\"item\":\"https:\/\/versano.nl\/\"},{\"@type\":\"ListItem\",\"position\":2,\"name\":\"Shop\",\"item\":\"https:\/\/versano.nl\/shop\/\"},{\"@type\":\"ListItem\",\"position\":3,\"name\":\"Leren heren jas TR43 cognac Versano\"}]},{\"@type\":\"WebSite\",\"@id\":\"https:\/\/versano.nl\/#website\",\"url\":\"https:\/\/versano.nl\/\",\"name\":\"Versano\",\"description\":\"winterjassen met bontkraag | leren dames jassen | leren heren jassen\",\"potentialAction\":[{\"@type\":\"SearchAction\",\"target\":{\"@type\":\"EntryPoint\",\"urlTemplate\":\"https:\/\/versano.nl\/?s={search_term_string}\"},\"query-input\":{\"@type\":\"PropertyValueSpecification\",\"valueRequired\":true,\"valueName\":\"search_term_string\"}}],\"inLanguage\":\"de\"}]}<\/script>\n<!-- \/ Yoast SEO plugin. -->","yoast_head_json":{"title":"Leder Herrenjacke TR43 cognac Versano, Leder Herrenjacken","description":"Suchen Sie eine Herren Lederjacke TR43 cognac Versano? Dann sind Sie bei der bekannten Jackenmarke Versano genau richtig.","robots":{"index":"index","follow":"follow","max-snippet":"max-snippet:-1","max-image-preview":"max-image-preview:large","max-video-preview":"max-video-preview:-1"},"canonical":"https:\/\/versano.nl\/de\/shop\/versano-heren-leren-jas-tr43-cognac\/","og_locale":"de_DE","og_type":"article","og_title":"Leren heren jas TR43 cognac Versano, leren heren jassen","og_description":"Op zoek naar een Leren heren jas TR43 cognac Versano? Dan bent u bij de bekende jassen merk Versano aan het juiste adres.","og_url":"https:\/\/versano.nl\/de\/shop\/versano-heren-leren-jas-tr43-cognac\/","og_site_name":"Versano","article_modified_time":"2025-09-16T11:51:50+00:00","og_image":[{"width":900,"height":1200,"url":"https:\/\/versano.nl\/wp-content\/uploads\/2020\/04\/heren-leren-jack-cognac-versano-TR43-voorkant.jpg","type":"image\/jpeg"}],"twitter_card":"summary_large_image","twitter_misc":{"Gesch\u00e4tzte Lesezeit":"2\u00a0Minuten"},"schema":{"@context":"https:\/\/schema.org","@graph":[{"@type":"WebPage","@id":"https:\/\/versano.nl\/shop\/versano-heren-leren-jas-tr43-cognac\/","url":"https:\/\/versano.nl\/shop\/versano-heren-leren-jas-tr43-cognac\/","name":"Leder Herrenjacke TR43 cognac Versano, Leder Herrenjacken","isPartOf":{"@id":"https:\/\/versano.nl\/#website"},"primaryImageOfPage":{"@id":"https:\/\/versano.nl\/shop\/versano-heren-leren-jas-tr43-cognac\/#primaryimage"},"image":{"@id":"https:\/\/versano.nl\/shop\/versano-heren-leren-jas-tr43-cognac\/#primaryimage"},"thumbnailUrl":"https:\/\/versano.nl\/wp-content\/uploads\/2020\/04\/heren-leren-jack-cognac-versano-TR43-voorkant.jpg","datePublished":"2014-12-01T08:04:34+00:00","dateModified":"2025-09-16T11:51:50+00:00","description":"Suchen Sie eine Herren Lederjacke TR43 cognac Versano? Dann sind Sie bei der bekannten Jackenmarke Versano genau richtig.","breadcrumb":{"@id":"https:\/\/versano.nl\/shop\/versano-heren-leren-jas-tr43-cognac\/#breadcrumb"},"inLanguage":"de","potentialAction":[{"@type":"ReadAction","target":["https:\/\/versano.nl\/shop\/versano-heren-leren-jas-tr43-cognac\/"]}]},{"@type":"ImageObject","inLanguage":"de","@id":"https:\/\/versano.nl\/shop\/versano-heren-leren-jas-tr43-cognac\/#primaryimage","url":"https:\/\/versano.nl\/wp-content\/uploads\/2020\/04\/heren-leren-jack-cognac-versano-TR43-voorkant.jpg","contentUrl":"https:\/\/versano.nl\/wp-content\/uploads\/2020\/04\/heren-leren-jack-cognac-versano-TR43-voorkant.jpg","width":900,"height":1200,"caption":"Leren heren jas TR43 cognac Versano"},{"@type":"BreadcrumbList","@id":"https:\/\/versano.nl\/shop\/versano-heren-leren-jas-tr43-cognac\/#breadcrumb","itemListElement":[{"@type":"ListItem","position":1,"name":"Home","item":"https:\/\/versano.nl\/"},{"@type":"ListItem","position":2,"name":"Shop","item":"https:\/\/versano.nl\/shop\/"},{"@type":"ListItem","position":3,"name":"Leren heren jas TR43 cognac Versano"}]},{"@type":"WebSite","@id":"https:\/\/versano.nl\/#website","url":"https:\/\/versano.nl\/","name":"Versano","description":"Winterm\u00e4ntel mit Pelzkragen | Damen Lederjacken | Herren Lederjacken","potentialAction":[{"@type":"SearchAction","target":{"@type":"EntryPoint","urlTemplate":"https:\/\/versano.nl\/?s={search_term_string}"},"query-input":{"@type":"PropertyValueSpecification","valueRequired":true,"valueName":"search_term_string"}}],"inLanguage":"de"}]}},"_links":{"self":[{"href":"https:\/\/versano.nl\/de\/wp-json\/wp\/v2\/product\/15887","targetHints":{"allow":["GET"]}}],"collection":[{"href":"https:\/\/versano.nl\/de\/wp-json\/wp\/v2\/product"}],"about":[{"href":"https:\/\/versano.nl\/de\/wp-json\/wp\/v2\/types\/product"}],"replies":[{"embeddable":true,"href":"https:\/\/versano.nl\/de\/wp-json\/wp\/v2\/comments?post=15887"}],"wp:featuredmedia":[{"embeddable":true,"href":"https:\/\/versano.nl\/de\/wp-json\/wp\/v2\/media\/15983"}],"wp:attachment":[{"href":"https:\/\/versano.nl\/de\/wp-json\/wp\/v2\/media?parent=15887"}],"wp:term":[{"taxonomy":"product_brand","embeddable":true,"href":"https:\/\/versano.nl\/de\/wp-json\/wp\/v2\/product_brand?post=15887"},{"taxonomy":"product_cat","embeddable":true,"href":"https:\/\/versano.nl\/de\/wp-json\/wp\/v2\/product_cat?post=15887"},{"taxonomy":"product_tag","embeddable":true,"href":"https:\/\/versano.nl\/de\/wp-json\/wp\/v2\/product_tag?post=15887"}],"curies":[{"name":"wp","href":"https:\/\/api.w.org\/{rel}","templated":true}]}}