{"id":15219,"date":"2020-01-01T17:30:51","date_gmt":"2020-01-01T17:30:51","guid":{"rendered":"https:\/\/versano.nl\/shop\/lange-dames-winterjas-zwart-met-zijritsen-alexa-versano\/"},"modified":"2026-03-06T14:58:01","modified_gmt":"2026-03-06T14:58:01","slug":"lange-dames-winterjas-zwart-met-zijritsen-alexa-versano","status":"publish","type":"product","link":"https:\/\/versano.nl\/de\/shop\/lange-dames-winterjas-zwart-met-zijritsen-alexa-versano\/","title":{"rendered":"Damen Winterjacke Alexa Versano schwarz"},"content":{"rendered":"<h2>Damen Winterjacke Alexa Versano schwarz<\/h2>\n<p>Diese Alexa Versano schwarze Damen Winterjacke ist eines der neuen Modelle von Versano. Suchen Sie einen langen Wintermantel, der auch noch sch\u00f6n sitzt? Dann ist dieses Modell die richtige Wahl f\u00fcr Sie. Die Jacke hat 2 gerade Seitentaschen und ist aus hochwertigem Material gefertigt. Die Jacke hat unten auf beiden Seiten Rei\u00dfverschl\u00fcsse. Die Damen Winterjacke Alexa Versano schwarz ist ein tailliertes Modell aus der Versano Kollektion. Wir empfehlen Ihnen daher, die Gr\u00f6\u00dfenma\u00dfe mit unserer Gr\u00f6\u00dfentabelle zu vergleichen. Sie haben keine Erfahrung mit der Messung Ihrer Umfangsma\u00dfe? Dann kannst du uns direkt anrufen oder eine App anrufen! Unsere Mitarbeiter stehen Ihnen jederzeit mit Rat und Tat zur Seite.<\/p>\n<h2>Versano Winterm\u00e4ntel<\/h2>\n<p>Versano Damen-Winterm\u00e4ntel sind aufgrund ihrer taillierten Passformen und ihres italienischen Designs sehr beliebt. Mit jeder Winterjacke, die Sie von Versano w\u00e4hlen, werden Sie immer viel Aufmerksamkeit auf sich ziehen. Mit einer so sch\u00f6nen Jacke k\u00f6nnen Sie sicher sein, dass Sie sie den ganzen Winter \u00fcber tragen werden. Diese Damen Winterjacke Alexa Versano schwarz k\u00f6nnen Sie ganz einfach im Versano Webshop bestellen. Wir haben hier alle unsere Jacken f\u00fcr Sie zusammengestellt, damit Sie ganz einfach eine Bestellung aufgeben k\u00f6nnen. Bei Versano k\u00f6nnen Sie sich immer sicher sein, einen sch\u00f6nen und sorgf\u00e4ltig verarbeiteten Mantel zu kaufen. . Dieses Modell k\u00f6nnen Sie bei uns in verschiedenen Farben bestellen und der Pelzkragen ist optional. Beim Kragen k\u00f6nnen Sie zwischen einem Echtpelzkragen oder einem Kunstfellkragen w\u00e4hlen, der von Echtpelz nicht zu unterscheiden ist.<\/p>\n<p>Marke:\u00a0<a title=\"versano\" href=\"https:\/\/versano.nl\/\" target=\"_blank\" rel=\"noopener noreferrer\">Versano<\/a><br \/>\nL\u00e4nge: lang<br \/>\nfit: ma\u00dfgeschneidert<br \/>\nliner: 100% Polyester<br \/>\nAuskleiden Dicke: 200 Gramm ausgekleideten dicke<br \/>\n\u00c4rmell\u00e4nge: Lange \u00c4rmel<br \/>\nHOOD ausgekleidete, Massiv<br \/>\nExtras: verst\u00e4rkte N\u00e4hte<br \/>\nSchlie\u00dfen: Full Zip<br \/>\nS\u00e4cke Rei\u00dfverschluss Seitentaschen, Innen<br \/>\nFunktion: wasserdicht, winddicht<br \/>\nMaterial Materialau\u00dfenschicht: 100% Polyester<br \/>\nZubeh\u00f6r: Pelzkragen (optional)<\/p>\n<p>Lieferzeit: 2-3 Werktage<\/p>\n<p>&nbsp;<\/p>","protected":false},"excerpt":{"rendered":"<p style=\"text-align: left;\"><span style=\"color: #ff0000;\"><strong>Fit Beratung: <\/strong><\/span><\/p>\n<p style=\"text-align: left;\"><span style=\"color: #ff0000;\">Slim fit pasvorm, bekijk de maattabel voor de juiste maat.<\/span><\/p>\n<p style=\"text-align: left;\"><span style=\"color: #ff0000;\">Ons model is 1.73 cm lang en draagt een S.<\/span><\/p>\n<p style=\"text-align: left;\">Wenn Sie sich bei Ihren Ma\u00dfen nicht sicher sind, empfehlen wir Ihnen, zuerst Ihre Gr\u00f6\u00dfenma\u00dfe zu messen und sie mit unserer Gr\u00f6\u00dfentabelle zu vergleichen. Wenn Sie keine Erfahrung mit der Messung von Umfangsgr\u00f6\u00dfen haben, klicken Sie auf\u00a0<a href=\"https:\/\/www.youtube.com\/watch?v=3ZSfY87v6pM\"><em>HIER<\/em>\u00a0<\/a>\u00a0zu\u00a0<span style=\"color: #ff0000;\"><a style=\"color: #ff0000;\" href=\"https:\/\/www.youtube.com\/watch?v=3ZSfY87v6pM\"><em>VIDEO<\/em><\/a><\/span>\u00a0 mit Anweisungen. Sie k\u00f6nnen uns auch direkt anrufen oder anrufen! Unsere Mitarbeiter stehen Ihnen jederzeit zur Verf\u00fcgung.<\/p>\n<p><strong>LIEFERZEIT:<\/strong> 2 bis 3 Werktage.<\/p>\n<p style=\"text-align: left;\"><span style=\"color: #ff0000;\">WICHTIGE INFO:<\/span><\/p>\n<p>Wij hebben een gedetailleerd pasvorm advies aangegeven in de product afbeeldingen. Bekijk dit voordat u een bestelling plaatst.<\/p>\n<p style=\"text-align: left;\">Sie k\u00f6nnen jede Versano-Jacke mit oder ohne Pelzkragen kaufen, der Pelzkragen ist nicht im Lieferumfang enthalten.<\/p>","protected":false},"featured_media":35229,"comment_status":"open","ping_status":"closed","template":"","meta":[],"product_brand":[],"product_cat":[1403,1012,1353,1145,1384,1389,1382,828,1383,1037,1038,1430,882,1143,1144,1415,1041,1042,215,1404,1339],"product_tag":[2080,2081,1213,1306,1214,2071,1465,1464,225,1215,1216,2082],"class_list":{"0":"post-15219","1":"product","2":"type-product","3":"status-publish","4":"has-post-thumbnail","6":"product_cat-bontkraag-jas","7":"product_cat-dames-jas-met-bontkraag","8":"product_cat-dames-jas-met-pels","9":"product_cat-dames-winterjas","10":"product_cat-dames-winterjas-met-bontkraag","11":"product_cat-dames-winterjas-met-pels","12":"product_cat-dames-winterjassen","13":"product_cat-dames-winterjassen-grote-maten","14":"product_cat-dames-winterjassen-met-bontkraag","15":"product_cat-jas-met-bontkraag","16":"product_cat-jas-met-bontkraag-dames","17":"product_cat-lange-winterjas-dames","18":"product_cat-versano","19":"product_cat-winterjas","20":"product_cat-winterjas-dames","21":"product_cat-winterjas-dames-met-bontkraag","22":"product_cat-winterjas-met-bontkraag","23":"product_cat-winterjas-met-bontkraag-dames","24":"product_cat-dames-jassen-met-bontkraag","25":"product_cat-winterjassen","26":"product_cat-winterjassen-dames","27":"product_tag-dames-merkjas","28":"product_tag-dames-winterjas-merk","29":"product_tag-lange-dames-winterjassen","30":"product_tag-lange-winterjas-dames","31":"product_tag-lange-winterjassen-dames","32":"product_tag-versano-winterjas-dames","33":"product_tag-winterjas-dames-grote-bontkraag","34":"product_tag-winterjas-dames-lang","35":"product_tag-winterjas-met-bontkraag-dames","36":"product_tag-winterjassen-dames-lang-model-zwart","37":"product_tag-zwarte-lange-dames-winterjas","38":"product_tag-zwarte-lange-winterjas-dames","39":"tm-has-options","41":"first","42":"instock","43":"sale","44":"taxable","45":"shipping-taxable","46":"purchasable","47":"product-type-variable"},"yoast_head":"<!-- This site is optimized with the Yoast SEO plugin v27.2 - https:\/\/yoast.com\/product\/yoast-seo-wordpress\/ -->\n<title>dames winterjas Alexa Versano zwart, lange dames winterjas<\/title>\n<meta name=\"description\" content=\"Bent u op zoek naar een dames winterjas Alexa Versano zwart, dan bent u bij ons aan het juiste adres voor lange winterjassen.\" \/>\n<meta name=\"robots\" content=\"index, follow, max-snippet:-1, max-image-preview:large, max-video-preview:-1\" \/>\n<link rel=\"canonical\" href=\"https:\/\/versano.nl\/de\/shop\/lange-dames-winterjas-zwart-met-zijritsen-alexa-versano\/\" \/>\n<meta property=\"og:locale\" content=\"de_DE\" \/>\n<meta property=\"og:type\" content=\"article\" \/>\n<meta property=\"og:title\" content=\"dames winterjas Alexa Versano zwart, lange dames winterjas\" \/>\n<meta property=\"og:description\" content=\"Bent u op zoek naar een dames winterjas Alexa Versano zwart, dan bent u bij ons aan het juiste adres voor lange winterjassen.\" \/>\n<meta property=\"og:url\" content=\"https:\/\/versano.nl\/de\/shop\/lange-dames-winterjas-zwart-met-zijritsen-alexa-versano\/\" \/>\n<meta property=\"og:site_name\" content=\"Versano\" \/>\n<meta property=\"article:modified_time\" content=\"2026-03-06T14:58:01+00:00\" \/>\n<meta property=\"og:image\" content=\"https:\/\/versano.nl\/wp-content\/uploads\/2020\/01\/111-1.jpg\" \/>\n\t<meta property=\"og:image:width\" content=\"800\" \/>\n\t<meta property=\"og:image:height\" content=\"1200\" \/>\n\t<meta property=\"og:image:type\" content=\"image\/jpeg\" \/>\n<meta name=\"twitter:card\" content=\"summary_large_image\" \/>\n<meta name=\"twitter:label1\" content=\"Gesch\u00e4tzte Lesezeit\" \/>\n\t<meta name=\"twitter:data1\" content=\"2\u00a0Minuten\" \/>\n<script type=\"application\/ld+json\" class=\"yoast-schema-graph\">{\"@context\":\"https:\/\/schema.org\",\"@graph\":[{\"@type\":\"WebPage\",\"@id\":\"https:\/\/versano.nl\/shop\/lange-dames-winterjas-zwart-met-zijritsen-alexa-versano\/\",\"url\":\"https:\/\/versano.nl\/shop\/lange-dames-winterjas-zwart-met-zijritsen-alexa-versano\/\",\"name\":\"dames winterjas Alexa Versano zwart, lange dames winterjas\",\"isPartOf\":{\"@id\":\"https:\/\/versano.nl\/#website\"},\"primaryImageOfPage\":{\"@id\":\"https:\/\/versano.nl\/shop\/lange-dames-winterjas-zwart-met-zijritsen-alexa-versano\/#primaryimage\"},\"image\":{\"@id\":\"https:\/\/versano.nl\/shop\/lange-dames-winterjas-zwart-met-zijritsen-alexa-versano\/#primaryimage\"},\"thumbnailUrl\":\"https:\/\/versano.nl\/wp-content\/uploads\/2020\/01\/111-1.jpg\",\"datePublished\":\"2020-01-01T17:30:51+00:00\",\"dateModified\":\"2026-03-06T14:58:01+00:00\",\"description\":\"Bent u op zoek naar een dames winterjas Alexa Versano zwart, dan bent u bij ons aan het juiste adres voor lange winterjassen.\",\"breadcrumb\":{\"@id\":\"https:\/\/versano.nl\/shop\/lange-dames-winterjas-zwart-met-zijritsen-alexa-versano\/#breadcrumb\"},\"inLanguage\":\"de\",\"potentialAction\":[{\"@type\":\"ReadAction\",\"target\":[\"https:\/\/versano.nl\/shop\/lange-dames-winterjas-zwart-met-zijritsen-alexa-versano\/\"]}]},{\"@type\":\"ImageObject\",\"inLanguage\":\"de\",\"@id\":\"https:\/\/versano.nl\/shop\/lange-dames-winterjas-zwart-met-zijritsen-alexa-versano\/#primaryimage\",\"url\":\"https:\/\/versano.nl\/wp-content\/uploads\/2020\/01\/111-1.jpg\",\"contentUrl\":\"https:\/\/versano.nl\/wp-content\/uploads\/2020\/01\/111-1.jpg\",\"width\":800,\"height\":1200,\"caption\":\"dames winterjas Alexa Versano zwart\"},{\"@type\":\"BreadcrumbList\",\"@id\":\"https:\/\/versano.nl\/shop\/lange-dames-winterjas-zwart-met-zijritsen-alexa-versano\/#breadcrumb\",\"itemListElement\":[{\"@type\":\"ListItem\",\"position\":1,\"name\":\"Home\",\"item\":\"https:\/\/versano.nl\/\"},{\"@type\":\"ListItem\",\"position\":2,\"name\":\"Shop\",\"item\":\"https:\/\/versano.nl\/shop\/\"},{\"@type\":\"ListItem\",\"position\":3,\"name\":\"dames winterjas Alexa Versano zwart\"}]},{\"@type\":\"WebSite\",\"@id\":\"https:\/\/versano.nl\/#website\",\"url\":\"https:\/\/versano.nl\/\",\"name\":\"Versano\",\"description\":\"winterjassen met bontkraag | leren dames jassen | leren heren jassen\",\"potentialAction\":[{\"@type\":\"SearchAction\",\"target\":{\"@type\":\"EntryPoint\",\"urlTemplate\":\"https:\/\/versano.nl\/?s={search_term_string}\"},\"query-input\":{\"@type\":\"PropertyValueSpecification\",\"valueRequired\":true,\"valueName\":\"search_term_string\"}}],\"inLanguage\":\"de\"}]}<\/script>\n<!-- \/ Yoast SEO plugin. -->","yoast_head_json":{"title":"Damen Winterjacke Alexa Versano schwarz, lange Damen Winterjacke","description":"Suchen Sie eine Damen Winterjacke Alexa Versano schwarz, dann sind Sie bei langen Winterjacken genau richtig.","robots":{"index":"index","follow":"follow","max-snippet":"max-snippet:-1","max-image-preview":"max-image-preview:large","max-video-preview":"max-video-preview:-1"},"canonical":"https:\/\/versano.nl\/de\/shop\/lange-dames-winterjas-zwart-met-zijritsen-alexa-versano\/","og_locale":"de_DE","og_type":"article","og_title":"dames winterjas Alexa Versano zwart, lange dames winterjas","og_description":"Bent u op zoek naar een dames winterjas Alexa Versano zwart, dan bent u bij ons aan het juiste adres voor lange winterjassen.","og_url":"https:\/\/versano.nl\/de\/shop\/lange-dames-winterjas-zwart-met-zijritsen-alexa-versano\/","og_site_name":"Versano","article_modified_time":"2026-03-06T14:58:01+00:00","og_image":[{"width":800,"height":1200,"url":"https:\/\/versano.nl\/wp-content\/uploads\/2020\/01\/111-1.jpg","type":"image\/jpeg"}],"twitter_card":"summary_large_image","twitter_misc":{"Gesch\u00e4tzte Lesezeit":"2\u00a0Minuten"},"schema":{"@context":"https:\/\/schema.org","@graph":[{"@type":"WebPage","@id":"https:\/\/versano.nl\/shop\/lange-dames-winterjas-zwart-met-zijritsen-alexa-versano\/","url":"https:\/\/versano.nl\/shop\/lange-dames-winterjas-zwart-met-zijritsen-alexa-versano\/","name":"Damen Winterjacke Alexa Versano schwarz, lange Damen Winterjacke","isPartOf":{"@id":"https:\/\/versano.nl\/#website"},"primaryImageOfPage":{"@id":"https:\/\/versano.nl\/shop\/lange-dames-winterjas-zwart-met-zijritsen-alexa-versano\/#primaryimage"},"image":{"@id":"https:\/\/versano.nl\/shop\/lange-dames-winterjas-zwart-met-zijritsen-alexa-versano\/#primaryimage"},"thumbnailUrl":"https:\/\/versano.nl\/wp-content\/uploads\/2020\/01\/111-1.jpg","datePublished":"2020-01-01T17:30:51+00:00","dateModified":"2026-03-06T14:58:01+00:00","description":"Suchen Sie eine Damen Winterjacke Alexa Versano schwarz, dann sind Sie bei langen Winterjacken genau richtig.","breadcrumb":{"@id":"https:\/\/versano.nl\/shop\/lange-dames-winterjas-zwart-met-zijritsen-alexa-versano\/#breadcrumb"},"inLanguage":"de","potentialAction":[{"@type":"ReadAction","target":["https:\/\/versano.nl\/shop\/lange-dames-winterjas-zwart-met-zijritsen-alexa-versano\/"]}]},{"@type":"ImageObject","inLanguage":"de","@id":"https:\/\/versano.nl\/shop\/lange-dames-winterjas-zwart-met-zijritsen-alexa-versano\/#primaryimage","url":"https:\/\/versano.nl\/wp-content\/uploads\/2020\/01\/111-1.jpg","contentUrl":"https:\/\/versano.nl\/wp-content\/uploads\/2020\/01\/111-1.jpg","width":800,"height":1200,"caption":"dames winterjas Alexa Versano zwart"},{"@type":"BreadcrumbList","@id":"https:\/\/versano.nl\/shop\/lange-dames-winterjas-zwart-met-zijritsen-alexa-versano\/#breadcrumb","itemListElement":[{"@type":"ListItem","position":1,"name":"Home","item":"https:\/\/versano.nl\/"},{"@type":"ListItem","position":2,"name":"Shop","item":"https:\/\/versano.nl\/shop\/"},{"@type":"ListItem","position":3,"name":"dames winterjas Alexa Versano zwart"}]},{"@type":"WebSite","@id":"https:\/\/versano.nl\/#website","url":"https:\/\/versano.nl\/","name":"Versano","description":"Winterm\u00e4ntel mit Pelzkragen | Damen Lederjacken | Herren Lederjacken","potentialAction":[{"@type":"SearchAction","target":{"@type":"EntryPoint","urlTemplate":"https:\/\/versano.nl\/?s={search_term_string}"},"query-input":{"@type":"PropertyValueSpecification","valueRequired":true,"valueName":"search_term_string"}}],"inLanguage":"de"}]}},"_links":{"self":[{"href":"https:\/\/versano.nl\/de\/wp-json\/wp\/v2\/product\/15219","targetHints":{"allow":["GET"]}}],"collection":[{"href":"https:\/\/versano.nl\/de\/wp-json\/wp\/v2\/product"}],"about":[{"href":"https:\/\/versano.nl\/de\/wp-json\/wp\/v2\/types\/product"}],"replies":[{"embeddable":true,"href":"https:\/\/versano.nl\/de\/wp-json\/wp\/v2\/comments?post=15219"}],"wp:featuredmedia":[{"embeddable":true,"href":"https:\/\/versano.nl\/de\/wp-json\/wp\/v2\/media\/35229"}],"wp:attachment":[{"href":"https:\/\/versano.nl\/de\/wp-json\/wp\/v2\/media?parent=15219"}],"wp:term":[{"taxonomy":"product_brand","embeddable":true,"href":"https:\/\/versano.nl\/de\/wp-json\/wp\/v2\/product_brand?post=15219"},{"taxonomy":"product_cat","embeddable":true,"href":"https:\/\/versano.nl\/de\/wp-json\/wp\/v2\/product_cat?post=15219"},{"taxonomy":"product_tag","embeddable":true,"href":"https:\/\/versano.nl\/de\/wp-json\/wp\/v2\/product_tag?post=15219"}],"curies":[{"name":"wp","href":"https:\/\/api.w.org\/{rel}","templated":true}]}}