{"id":141,"date":"2017-04-21T09:40:43","date_gmt":"2017-04-21T09:40:43","guid":{"rendered":"https:\/\/leathershopdoci.nl\/shop\/imitatieleren-heren-jas-bruin-biker-model-versano-tr-36-b\/"},"modified":"2025-05-09T10:26:16","modified_gmt":"2025-05-09T10:26:16","slug":"biker-imitatie-leren-heren-jas-bruin-trr-36-b-versano","status":"publish","type":"product","link":"https:\/\/versano.nl\/de\/shop\/biker-imitatie-leren-heren-jas-bruin-trr-36-b-versano\/","title":{"rendered":"Biker Kunstleder Herrenjacke braun TRR 36 B Versano"},"content":{"rendered":"<h2>Biker Kunstleder Herrenjacke braun TRR 36 B Versano<\/h2>\n<p>Eines der besten Modelle von Versano! Die Biker Kunstleder Herrenjacke braun TRR 36 B ist ein Topper von Versano. Wir haben es hier mit einer Jacke zu tun, die cool aussieht, aber auch sehr bequem sein wird. Das Material ist wirklich sch\u00f6nes Lederimitat und kaum von echtem Leder zu unterscheiden. Die Jacke hat zwei tiefe Seitentaschen mit Rei\u00dfverschluss, 2 Brusttaschen mit Rei\u00dfverschluss und eine Innentasche. Diese Bikerjacke hat eine exzellente Verarbeitung und eine italienische Slim-Fit-Passform und ist etwas robuster als die stylischen anderen Versionen. Neben der coolen Farbe Schwarz ist dieses Modell auch in den Farben Braun, Gr\u00fcn erh\u00e4ltlich. cognac und blau. F\u00fcr Liebhaber haben wir auch dieses Modell aus Lammleder in verschiedenen Farben. Mit dieser Jacke kannst du dir sicher sein, dass dir schon bald eine neue Jacke um die Schultern h\u00e4ngt, in der du zu sehen bist.<\/p>\n<h2>Modell TRR 36 B in Braun bestellen<\/h2>\n<p><span style=\"font-family: 'Arial',sans-serif;\">Mit einer so sch\u00f6nen Jacke von Versano k\u00f6nnen Sie sicher sein, dass Sie sie den ganzen Winter \u00fcber tragen k\u00f6nnen. Dieses Modell k\u00f6nnen Sie ganz einfach im Versano Webshop bestellen. Hier haben wir alle unsere Jacken f\u00fcr Sie zusammengestellt, damit Sie ganz einfach eine Bestellung aufgeben k\u00f6nnen. Bei Versano k\u00f6nnen Sie sich immer sicher sein, einen sch\u00f6nen und sorgf\u00e4ltig verarbeiteten Mantel zu kaufen. Bei uns k\u00f6nnen Sie ganz einfach die richtige Gr\u00f6\u00dfe anhand unserer smarten Anleitungsvideos ausw\u00e4hlen. Haben Sie Fragen oder sind Sie sich nicht sicher, welche Gr\u00f6\u00dfe Sie bestellen sollen? Dann k\u00f6nnen Sie uns jederzeit per Mail oder WhatsApp kontaktieren. Unsere Mitarbeiter m\u00f6chten Ihnen helfen!<\/span><\/p>\n<p><a href=\"https:\/\/versano.nl\/\">Versano<\/a><br \/>\nMaterial: Kunstleder<br \/>\nFutter: 100% Polyester<br \/>\nL\u00e4nge: kurz<br \/>\nPassform: schmale Passform<br \/>\nSchlie\u00dfung: Rei\u00dfverschluss<br \/>\nTaschen: RV-Taschen<br \/>\nKragen: Stehkragen<br \/>\nMaterial Au\u00dfenschicht: Sehr hochwertige Kunstleder<br \/>\nLieferzeit: 2-3 Werktage<\/p>","protected":false},"excerpt":{"rendered":"<p>W\u00c4HLEN SIE HIER EINE ANDERE FARBE<\/p>\n<p><a href=\"https:\/\/versano.nl\/shop\/imitatieleren-heren-jas-blauw-biker-model-versano-tr-36-b\/\"><img loading=\"lazy\" decoding=\"async\" class=\"alignnone size-full wp-image-19903\" src=\"https:\/\/versano.nl\/wp-content\/uploads\/sites\/2\/2017\/03\/leren-jassen-heren-blauw-biker-model-TR36B-versano-thumb.jpg\" alt=\"\" width=\"57\" height=\"75\" \/><\/a><a href=\"https:\/\/versano.nl\/shop\/imitatieleren-heren-jas-cognac-biker-model-versano-trr-36-b\/\"><img loading=\"lazy\" decoding=\"async\" class=\"alignnone size-full wp-image-19905\" src=\"https:\/\/versano.nl\/wp-content\/uploads\/sites\/2\/2017\/03\/leren-jassen-heren-cognac-biker-model-TR36B-thumb.jpg\" alt=\"\" width=\"57\" height=\"75\" \/><\/a><a href=\"https:\/\/versano.nl\/shop\/imitatieleren-heren-jas-zwart-biker-model-versano-tr-36-b\/\"><img loading=\"lazy\" decoding=\"async\" class=\"alignnone size-full wp-image-19906\" src=\"https:\/\/versano.nl\/wp-content\/uploads\/sites\/2\/2017\/03\/leren-jassen-heren-zwart-biker-model-TR36B-thumb.jpg\" alt=\"\" width=\"57\" height=\"75\" \/><\/a><a href=\"https:\/\/versano.nl\/shop\/imitatieleren-heren-jas-groen-biker-model-versano-trr-36-b\/\"><img loading=\"lazy\" decoding=\"async\" class=\"alignnone size-full wp-image-19902\" src=\"https:\/\/versano.nl\/wp-content\/uploads\/sites\/2\/2017\/03\/kunstleren-heren-bikerjack-groen-versano-TRR36B-thumb.jpg\" alt=\"\" width=\"56\" height=\"75\" \/><\/a><\/p>\n<p style=\"margin: 0cm 0cm 11.25pt 0cm;\"><span style=\"font-family: 'Arial',sans-serif; color: red;\">Fit Beratung:\u00a0<\/span><span style=\"font-family: 'Arial',sans-serif;\">Die Passform dieser Jacke ist schmal geschnitten. Unser Model ist 1,75 cm gro\u00df und tr\u00e4gt Gr\u00f6\u00dfe M.<\/span><\/p>\n<p style=\"margin: 0cm 0cm 11.25pt 0cm;\"><span style=\"font-family: 'Arial',sans-serif;\">Wenn Sie sich bei Ihren Ma\u00dfen nicht sicher sind, empfehlen wir Ihnen, zuerst Ihre Gr\u00f6\u00dfenma\u00dfe zu messen und sie mit unserer Gr\u00f6\u00dfentabelle zu vergleichen. Wenn Sie keine Erfahrung mit der Messung von Umfangsgr\u00f6\u00dfen haben, klicken Sie auf\u00a0<\/span><a href=\"https:\/\/www.youtube.com\/watch?v=3ZSfY87v6pM\"><em><span style=\"font-family: 'Arial',sans-serif; color: windowtext; text-decoration: none; text-underline: none;\">HIER<\/span><\/em><span style=\"font-family: 'Arial',sans-serif; color: windowtext; text-decoration: none; text-underline: none;\">\u00a0<\/span><\/a><span style=\"font-family: 'Arial',sans-serif;\">\u00a0zu\u00a0<\/span><a href=\"https:\/\/www.youtube.com\/watch?v=3ZSfY87v6pM\"><em><span style=\"font-family: 'Arial',sans-serif; color: red; text-decoration: none; text-underline: none;\">VIDEO<\/span><\/em><\/a><span style=\"font-family: 'Arial',sans-serif;\">\u00a0 mit Anweisungen. Sie k\u00f6nnen uns auch direkt anrufen oder anrufen! Unsere Mitarbeiter stehen Ihnen jederzeit zur Verf\u00fcgung.<\/span><\/p>\n<p style=\"margin: 0cm;\"><strong><span style=\"font-family: 'Arial',sans-serif;\">LIEFERZEIT :<\/span><\/strong><span style=\"font-family: 'Arial',sans-serif;\">\u00a02 bis 3 Werktage.<\/span><\/p>","protected":false},"featured_media":20801,"comment_status":"open","ping_status":"closed","template":"","meta":[],"product_brand":[],"product_cat":[734,923,16,882],"product_tag":[76,1936,77,1937,1939,78,79,1928,1915,1940,80,81,82,1838,1856,1938,1708],"class_list":{"0":"post-141","1":"product","2":"type-product","3":"status-publish","4":"has-post-thumbnail","6":"product_cat-heren-leatherlook-jassen-lederlook-jassen","7":"product_cat-imitatie-leren-jas","8":"product_cat-imitatieleren-jassen-heren","9":"product_cat-versano","10":"product_tag-biker-jack-bruin","11":"product_tag-biker-jas-heren-imitatieleer","12":"product_tag-biker-model-heren-jas-bruin","13":"product_tag-bruine-imitatie-leren-heren-jas","14":"product_tag-goedkope-heren-imitatie-leren-jas","15":"product_tag-heren-biker-jack-bruin","16":"product_tag-heren-jas-biker-model-bruin","17":"product_tag-heren-jas-imitatie-leer","18":"product_tag-imitatie-leren-heren-jas","19":"product_tag-imitatie-leren-heren-jas-online-kopen","20":"product_tag-imitatieleren-biker-jack-bruin","21":"product_tag-imitatieleren-heren-biker-jack","22":"product_tag-imitatieleren-heren-bikerjack-bruin","23":"product_tag-versano-jassen-in-sale","24":"product_tag-versano-uitverkoop","25":"product_tag-versano-zomerjas","26":"product_tag-zomerjassen-heren","27":"product_shipping_class-verzendkosten-1","28":"tm-no-options","30":"first","31":"instock","32":"sale","33":"taxable","34":"shipping-taxable","35":"purchasable","36":"product-type-variable"},"yoast_head":"<!-- This site is optimized with the Yoast SEO plugin v27.2 - https:\/\/yoast.com\/product\/yoast-seo-wordpress\/ -->\n<title>biker imitatie leren heren jas bruin TRR 36 B Versano<\/title>\n<meta name=\"description\" content=\"Bent u op zoek naar een biker imitatie leren heren jas bruin TRR 36 B Versano ?Bij Versano zit u goed, want hier treft u een ruime keuze aan.\" \/>\n<meta name=\"robots\" content=\"index, follow, max-snippet:-1, max-image-preview:large, max-video-preview:-1\" \/>\n<link rel=\"canonical\" href=\"https:\/\/versano.nl\/de\/shop\/biker-imitatie-leren-heren-jas-bruin-trr-36-b-versano\/\" \/>\n<meta property=\"og:locale\" content=\"de_DE\" \/>\n<meta property=\"og:type\" content=\"article\" \/>\n<meta property=\"og:title\" content=\"biker imitatie leren heren jas bruin TRR 36 B Versano\" \/>\n<meta property=\"og:description\" content=\"Bent u op zoek naar een biker imitatie leren heren jas bruin TRR 36 B Versano ?Bij Versano zit u goed, want hier treft u een ruime keuze aan.\" \/>\n<meta property=\"og:url\" content=\"https:\/\/versano.nl\/de\/shop\/biker-imitatie-leren-heren-jas-bruin-trr-36-b-versano\/\" \/>\n<meta property=\"og:site_name\" content=\"Versano\" \/>\n<meta property=\"article:modified_time\" content=\"2025-05-09T10:26:16+00:00\" \/>\n<meta property=\"og:image\" content=\"https:\/\/versano.nl\/wp-content\/uploads\/2021\/03\/leren-jassen-heren-bruin-biker-model-TR36B-versano-model3.jpg\" \/>\n\t<meta property=\"og:image:width\" content=\"900\" \/>\n\t<meta property=\"og:image:height\" content=\"1176\" \/>\n\t<meta property=\"og:image:type\" content=\"image\/jpeg\" \/>\n<meta name=\"twitter:card\" content=\"summary_large_image\" \/>\n<meta name=\"twitter:label1\" content=\"Gesch\u00e4tzte Lesezeit\" \/>\n\t<meta name=\"twitter:data1\" content=\"2\u00a0Minuten\" \/>\n<script type=\"application\/ld+json\" class=\"yoast-schema-graph\">{\"@context\":\"https:\/\/schema.org\",\"@graph\":[{\"@type\":\"WebPage\",\"@id\":\"https:\/\/versano.nl\/shop\/biker-imitatie-leren-heren-jas-bruin-trr-36-b-versano\/\",\"url\":\"https:\/\/versano.nl\/shop\/biker-imitatie-leren-heren-jas-bruin-trr-36-b-versano\/\",\"name\":\"biker imitatie leren heren jas bruin TRR 36 B Versano\",\"isPartOf\":{\"@id\":\"https:\/\/versano.nl\/#website\"},\"primaryImageOfPage\":{\"@id\":\"https:\/\/versano.nl\/shop\/biker-imitatie-leren-heren-jas-bruin-trr-36-b-versano\/#primaryimage\"},\"image\":{\"@id\":\"https:\/\/versano.nl\/shop\/biker-imitatie-leren-heren-jas-bruin-trr-36-b-versano\/#primaryimage\"},\"thumbnailUrl\":\"https:\/\/versano.nl\/wp-content\/uploads\/2021\/03\/leren-jassen-heren-bruin-biker-model-TR36B-versano-model3.jpg\",\"datePublished\":\"2017-04-21T09:40:43+00:00\",\"dateModified\":\"2025-05-09T10:26:16+00:00\",\"description\":\"Bent u op zoek naar een biker imitatie leren heren jas bruin TRR 36 B Versano ?Bij Versano zit u goed, want hier treft u een ruime keuze aan.\",\"breadcrumb\":{\"@id\":\"https:\/\/versano.nl\/shop\/biker-imitatie-leren-heren-jas-bruin-trr-36-b-versano\/#breadcrumb\"},\"inLanguage\":\"de\",\"potentialAction\":[{\"@type\":\"ReadAction\",\"target\":[\"https:\/\/versano.nl\/shop\/biker-imitatie-leren-heren-jas-bruin-trr-36-b-versano\/\"]}]},{\"@type\":\"ImageObject\",\"inLanguage\":\"de\",\"@id\":\"https:\/\/versano.nl\/shop\/biker-imitatie-leren-heren-jas-bruin-trr-36-b-versano\/#primaryimage\",\"url\":\"https:\/\/versano.nl\/wp-content\/uploads\/2021\/03\/leren-jassen-heren-bruin-biker-model-TR36B-versano-model3.jpg\",\"contentUrl\":\"https:\/\/versano.nl\/wp-content\/uploads\/2021\/03\/leren-jassen-heren-bruin-biker-model-TR36B-versano-model3.jpg\",\"width\":900,\"height\":1176,\"caption\":\"Leren jas heren biker bruin TR36 B Versano\"},{\"@type\":\"BreadcrumbList\",\"@id\":\"https:\/\/versano.nl\/shop\/biker-imitatie-leren-heren-jas-bruin-trr-36-b-versano\/#breadcrumb\",\"itemListElement\":[{\"@type\":\"ListItem\",\"position\":1,\"name\":\"Home\",\"item\":\"https:\/\/versano.nl\/\"},{\"@type\":\"ListItem\",\"position\":2,\"name\":\"Shop\",\"item\":\"https:\/\/versano.nl\/shop\/\"},{\"@type\":\"ListItem\",\"position\":3,\"name\":\"biker imitatie leren heren jas bruin TRR 36 B Versano\"}]},{\"@type\":\"WebSite\",\"@id\":\"https:\/\/versano.nl\/#website\",\"url\":\"https:\/\/versano.nl\/\",\"name\":\"Versano\",\"description\":\"winterjassen met bontkraag | leren dames jassen | leren heren jassen\",\"potentialAction\":[{\"@type\":\"SearchAction\",\"target\":{\"@type\":\"EntryPoint\",\"urlTemplate\":\"https:\/\/versano.nl\/?s={search_term_string}\"},\"query-input\":{\"@type\":\"PropertyValueSpecification\",\"valueRequired\":true,\"valueName\":\"search_term_string\"}}],\"inLanguage\":\"de\"}]}<\/script>\n<!-- \/ Yoast SEO plugin. -->","yoast_head_json":{"title":"Biker Kunstleder Herrenjacke braun TRR 36 B Versano","description":"Wenn Sie auf der Suche nach einer Biker Kunstleder Herrenjacke braun TRR 36 B Versano sind, dann ist Versano die richtige Wahl, denn hier finden Sie eine gro\u00dfe Auswahl.","robots":{"index":"index","follow":"follow","max-snippet":"max-snippet:-1","max-image-preview":"max-image-preview:large","max-video-preview":"max-video-preview:-1"},"canonical":"https:\/\/versano.nl\/de\/shop\/biker-imitatie-leren-heren-jas-bruin-trr-36-b-versano\/","og_locale":"de_DE","og_type":"article","og_title":"biker imitatie leren heren jas bruin TRR 36 B Versano","og_description":"Bent u op zoek naar een biker imitatie leren heren jas bruin TRR 36 B Versano ?Bij Versano zit u goed, want hier treft u een ruime keuze aan.","og_url":"https:\/\/versano.nl\/de\/shop\/biker-imitatie-leren-heren-jas-bruin-trr-36-b-versano\/","og_site_name":"Versano","article_modified_time":"2025-05-09T10:26:16+00:00","og_image":[{"width":900,"height":1176,"url":"https:\/\/versano.nl\/wp-content\/uploads\/2021\/03\/leren-jassen-heren-bruin-biker-model-TR36B-versano-model3.jpg","type":"image\/jpeg"}],"twitter_card":"summary_large_image","twitter_misc":{"Gesch\u00e4tzte Lesezeit":"2\u00a0Minuten"},"schema":{"@context":"https:\/\/schema.org","@graph":[{"@type":"WebPage","@id":"https:\/\/versano.nl\/shop\/biker-imitatie-leren-heren-jas-bruin-trr-36-b-versano\/","url":"https:\/\/versano.nl\/shop\/biker-imitatie-leren-heren-jas-bruin-trr-36-b-versano\/","name":"Biker Kunstleder Herrenjacke braun TRR 36 B Versano","isPartOf":{"@id":"https:\/\/versano.nl\/#website"},"primaryImageOfPage":{"@id":"https:\/\/versano.nl\/shop\/biker-imitatie-leren-heren-jas-bruin-trr-36-b-versano\/#primaryimage"},"image":{"@id":"https:\/\/versano.nl\/shop\/biker-imitatie-leren-heren-jas-bruin-trr-36-b-versano\/#primaryimage"},"thumbnailUrl":"https:\/\/versano.nl\/wp-content\/uploads\/2021\/03\/leren-jassen-heren-bruin-biker-model-TR36B-versano-model3.jpg","datePublished":"2017-04-21T09:40:43+00:00","dateModified":"2025-05-09T10:26:16+00:00","description":"Wenn Sie auf der Suche nach einer Biker Kunstleder Herrenjacke braun TRR 36 B Versano sind, dann ist Versano die richtige Wahl, denn hier finden Sie eine gro\u00dfe Auswahl.","breadcrumb":{"@id":"https:\/\/versano.nl\/shop\/biker-imitatie-leren-heren-jas-bruin-trr-36-b-versano\/#breadcrumb"},"inLanguage":"de","potentialAction":[{"@type":"ReadAction","target":["https:\/\/versano.nl\/shop\/biker-imitatie-leren-heren-jas-bruin-trr-36-b-versano\/"]}]},{"@type":"ImageObject","inLanguage":"de","@id":"https:\/\/versano.nl\/shop\/biker-imitatie-leren-heren-jas-bruin-trr-36-b-versano\/#primaryimage","url":"https:\/\/versano.nl\/wp-content\/uploads\/2021\/03\/leren-jassen-heren-bruin-biker-model-TR36B-versano-model3.jpg","contentUrl":"https:\/\/versano.nl\/wp-content\/uploads\/2021\/03\/leren-jassen-heren-bruin-biker-model-TR36B-versano-model3.jpg","width":900,"height":1176,"caption":"Leren jas heren biker bruin TR36 B Versano"},{"@type":"BreadcrumbList","@id":"https:\/\/versano.nl\/shop\/biker-imitatie-leren-heren-jas-bruin-trr-36-b-versano\/#breadcrumb","itemListElement":[{"@type":"ListItem","position":1,"name":"Home","item":"https:\/\/versano.nl\/"},{"@type":"ListItem","position":2,"name":"Shop","item":"https:\/\/versano.nl\/shop\/"},{"@type":"ListItem","position":3,"name":"biker imitatie leren heren jas bruin TRR 36 B Versano"}]},{"@type":"WebSite","@id":"https:\/\/versano.nl\/#website","url":"https:\/\/versano.nl\/","name":"Versano","description":"Winterm\u00e4ntel mit Pelzkragen | Damen Lederjacken | Herren Lederjacken","potentialAction":[{"@type":"SearchAction","target":{"@type":"EntryPoint","urlTemplate":"https:\/\/versano.nl\/?s={search_term_string}"},"query-input":{"@type":"PropertyValueSpecification","valueRequired":true,"valueName":"search_term_string"}}],"inLanguage":"de"}]}},"_links":{"self":[{"href":"https:\/\/versano.nl\/de\/wp-json\/wp\/v2\/product\/141","targetHints":{"allow":["GET"]}}],"collection":[{"href":"https:\/\/versano.nl\/de\/wp-json\/wp\/v2\/product"}],"about":[{"href":"https:\/\/versano.nl\/de\/wp-json\/wp\/v2\/types\/product"}],"replies":[{"embeddable":true,"href":"https:\/\/versano.nl\/de\/wp-json\/wp\/v2\/comments?post=141"}],"wp:featuredmedia":[{"embeddable":true,"href":"https:\/\/versano.nl\/de\/wp-json\/wp\/v2\/media\/20801"}],"wp:attachment":[{"href":"https:\/\/versano.nl\/de\/wp-json\/wp\/v2\/media?parent=141"}],"wp:term":[{"taxonomy":"product_brand","embeddable":true,"href":"https:\/\/versano.nl\/de\/wp-json\/wp\/v2\/product_brand?post=141"},{"taxonomy":"product_cat","embeddable":true,"href":"https:\/\/versano.nl\/de\/wp-json\/wp\/v2\/product_cat?post=141"},{"taxonomy":"product_tag","embeddable":true,"href":"https:\/\/versano.nl\/de\/wp-json\/wp\/v2\/product_tag?post=141"}],"curies":[{"name":"wp","href":"https:\/\/api.w.org\/{rel}","templated":true}]}}