{"id":1330,"date":"2014-12-02T06:24:24","date_gmt":"2014-12-02T06:24:24","guid":{"rendered":"http:\/\/leathershopdoci.nl\/shop\/versano-dames-leren-jas-311-rood\/"},"modified":"2024-12-13T12:10:21","modified_gmt":"2024-12-13T12:10:21","slug":"dames-leren-jas-versano-311-rood","status":"publish","type":"product","link":"https:\/\/versano.nl\/de\/shop\/dames-leren-jas-versano-311-rood\/","title":{"rendered":"Rote Damen Biker-Jacke Versano"},"content":{"rendered":"<h2>Rote Damen Biker-Jacke Versano<\/h2>\n<p>Damen, auf der Suche nach einem sch\u00f6nen neuen Mantel? Wenn Sie noch einmal eine andere Farbe f\u00fcr Ihren Mantel wollen, eine Farbe, die Sie etwas bemerken mehr, empfehlen wir die Biker Red Damen Jacke Versano. Dies ist eine Jacke, die perfekt ist, und Sie werden auch gerne tragen. Wir empfehlen Ihnen, diesen Mantel zu ber\u00fccksichtigen in ihren Einzelheiten anzuzeigen. Es ist eine Biker-Jacke, die nicht fehlschlagen kann, wenn man nur eine Nacht mit Ausgehen ist. Diese Jacke ist au\u00dfergew\u00f6hnlich gut fertig, durch unter anderen Schnallen an der Taille und mehr Taschen. Wir sprechen hier \u00fcber zwei gro\u00dfe Taschen und eine n\u00fctzliche Tasche.<\/p>\n<p><strong>Die robuste Grund Biker-Jacke f\u00fcr Sie<\/strong><br \/>\nDiese rote 311 Damen Lederjacke Versano ist komplett aus weichem Lammleder. Dies ist ein Material, das nicht nur perfekt aussieht, ist es auch ein Material, das sich gut anf\u00fchlt. Es ist solide, k\u00f6nnen Sie waschen fortsetzen, ohne die Jacke Stil beeinflusst wird. Es erh\u00f6ht nur den coolen Retro-Look, der diese Jacke strahlt. Es ist eine Jacke, die nur in den Farben rot, sondern auch in den Farben schwarz und Cognac.<\/p>\n<p>Marke: <a href=\"https:\/\/versano.nl\/\" target=\"_blank\" rel=\"noopener noreferrer\">Versano<\/a><br \/>\nMaterial: 100% Lammfell<br \/>\nFutter: 100% Polyester<br \/>\nL\u00e4nge: kurz<br \/>\nFit: gut<br \/>\nSchlie\u00dfung: Rei\u00dfverschluss<br \/>\nTaschen: RV-Taschen<br \/>\nKragen: unten Kragen<br \/>\nMaterial Au\u00dfenschicht: hohe Qualit\u00e4t und weiches Lammfell<br \/>\nZeit: 1-3 Tage<\/p>","protected":false},"excerpt":{"rendered":"<p>Rode dames biker jack van Versano Dames, op zoek naar een mooie nieuwe jas? Als u nu eens een keer een andere kleur wilt voor uw jas, een kleur waarmee u iets meer opvalt, dan raden wij deze Rode dames biker jack van Versano aan. Dit is een jas die [&hellip;]<\/p>\n","protected":false},"featured_media":14019,"comment_status":"closed","ping_status":"closed","template":"","meta":[],"product_brand":[],"product_cat":[90],"product_tag":[365,366,95,96,368,99,369,370,142,371,101,372,373,374,103,375,106,107],"class_list":{"0":"post-1330","1":"product","2":"type-product","3":"status-publish","4":"has-post-thumbnail","6":"product_cat-dames-leren-jassen","7":"product_tag-bikerjack-dames-rood","8":"product_tag-dames-bikerjack-rood","9":"product_tag-korte-leren-jassen","10":"product_tag-leren-dames-jas-rood","11":"product_tag-leren-jas-dames-rood","12":"product_tag-leren-jasje-rood","13":"product_tag-leren-jassen-dames-rood","14":"product_tag-leren-jassen-rood","15":"product_tag-online-dames-leren-jassen","16":"product_tag-online-dames-leren-jassen-rood","17":"product_tag-online-leren-jassen","18":"product_tag-online-rode-dames-bikerjack","19":"product_tag-rode-dames-bikerjack","20":"product_tag-rode-leren-dames-bikerjack","21":"product_tag-rode-leren-dames-jas","22":"product_tag-rode-leren-jassen","23":"product_tag-winter-leren-jassen","24":"product_tag-zomer-leren-jassen","25":"tm-no-options","27":"first","28":"instock","29":"taxable","30":"shipping-taxable","31":"product-type-variable"},"yoast_head":"<!-- This site is optimized with the Yoast SEO plugin v27.2 - https:\/\/yoast.com\/product\/yoast-seo-wordpress\/ -->\n<title>Rode dames biker jack van Versano, leren dames biker jack rood,<\/title>\n<meta name=\"description\" content=\"de rode dames biker jack van Versano mag je echt niet missen in je garderobe. De jas is gemaakt van lamsleer, en is mooi Italiaans getailleerd.\" \/>\n<meta name=\"robots\" content=\"index, follow, max-snippet:-1, max-image-preview:large, max-video-preview:-1\" \/>\n<link rel=\"canonical\" href=\"https:\/\/versano.nl\/de\/shop\/dames-leren-jas-versano-311-rood\/\" \/>\n<meta property=\"og:locale\" content=\"de_DE\" \/>\n<meta property=\"og:type\" content=\"article\" \/>\n<meta property=\"og:title\" content=\"Rode dames biker jack van Versano, leren dames biker jack rood,\" \/>\n<meta property=\"og:description\" content=\"de rode dames biker jack van Versano mag je echt niet missen in je garderobe. De jas is gemaakt van lamsleer, en is mooi Italiaans getailleerd.\" \/>\n<meta property=\"og:url\" content=\"https:\/\/versano.nl\/de\/shop\/dames-leren-jas-versano-311-rood\/\" \/>\n<meta property=\"og:site_name\" content=\"Versano\" \/>\n<meta property=\"article:modified_time\" content=\"2024-12-13T12:10:21+00:00\" \/>\n<meta property=\"og:image\" content=\"https:\/\/versano.nl\/wp-content\/uploads\/2019\/11\/leren-bikerjack-dames-rood-versano-311-model2.jpg\" \/>\n\t<meta property=\"og:image:width\" content=\"900\" \/>\n\t<meta property=\"og:image:height\" content=\"1176\" \/>\n\t<meta property=\"og:image:type\" content=\"image\/jpeg\" \/>\n<meta name=\"twitter:card\" content=\"summary_large_image\" \/>\n<meta name=\"twitter:label1\" content=\"Gesch\u00e4tzte Lesezeit\" \/>\n\t<meta name=\"twitter:data1\" content=\"1\u00a0Minute\" \/>\n<script type=\"application\/ld+json\" class=\"yoast-schema-graph\">{\"@context\":\"https:\/\/schema.org\",\"@graph\":[{\"@type\":\"WebPage\",\"@id\":\"https:\/\/versano.nl\/shop\/dames-leren-jas-versano-311-rood\/\",\"url\":\"https:\/\/versano.nl\/shop\/dames-leren-jas-versano-311-rood\/\",\"name\":\"Rode dames biker jack van Versano, leren dames biker jack rood,\",\"isPartOf\":{\"@id\":\"https:\/\/versano.nl\/#website\"},\"primaryImageOfPage\":{\"@id\":\"https:\/\/versano.nl\/shop\/dames-leren-jas-versano-311-rood\/#primaryimage\"},\"image\":{\"@id\":\"https:\/\/versano.nl\/shop\/dames-leren-jas-versano-311-rood\/#primaryimage\"},\"thumbnailUrl\":\"https:\/\/versano.nl\/wp-content\/uploads\/2019\/11\/leren-bikerjack-dames-rood-versano-311-model2.jpg\",\"datePublished\":\"2014-12-02T06:24:24+00:00\",\"dateModified\":\"2024-12-13T12:10:21+00:00\",\"description\":\"de rode dames biker jack van Versano mag je echt niet missen in je garderobe. De jas is gemaakt van lamsleer, en is mooi Italiaans getailleerd.\",\"breadcrumb\":{\"@id\":\"https:\/\/versano.nl\/shop\/dames-leren-jas-versano-311-rood\/#breadcrumb\"},\"inLanguage\":\"de\",\"potentialAction\":[{\"@type\":\"ReadAction\",\"target\":[\"https:\/\/versano.nl\/shop\/dames-leren-jas-versano-311-rood\/\"]}]},{\"@type\":\"ImageObject\",\"inLanguage\":\"de\",\"@id\":\"https:\/\/versano.nl\/shop\/dames-leren-jas-versano-311-rood\/#primaryimage\",\"url\":\"https:\/\/versano.nl\/wp-content\/uploads\/2019\/11\/leren-bikerjack-dames-rood-versano-311-model2.jpg\",\"contentUrl\":\"https:\/\/versano.nl\/wp-content\/uploads\/2019\/11\/leren-bikerjack-dames-rood-versano-311-model2.jpg\",\"width\":900,\"height\":1176,\"caption\":\"leren-bikerjack-dames-rood-versano-311-model2\"},{\"@type\":\"BreadcrumbList\",\"@id\":\"https:\/\/versano.nl\/shop\/dames-leren-jas-versano-311-rood\/#breadcrumb\",\"itemListElement\":[{\"@type\":\"ListItem\",\"position\":1,\"name\":\"Home\",\"item\":\"https:\/\/versano.nl\/\"},{\"@type\":\"ListItem\",\"position\":2,\"name\":\"Shop\",\"item\":\"https:\/\/versano.nl\/shop\/\"},{\"@type\":\"ListItem\",\"position\":3,\"name\":\"Rode dames biker jack van Versano\"}]},{\"@type\":\"WebSite\",\"@id\":\"https:\/\/versano.nl\/#website\",\"url\":\"https:\/\/versano.nl\/\",\"name\":\"Versano\",\"description\":\"winterjassen met bontkraag | leren dames jassen | leren heren jassen\",\"potentialAction\":[{\"@type\":\"SearchAction\",\"target\":{\"@type\":\"EntryPoint\",\"urlTemplate\":\"https:\/\/versano.nl\/?s={search_term_string}\"},\"query-input\":{\"@type\":\"PropertyValueSpecification\",\"valueRequired\":true,\"valueName\":\"search_term_string\"}}],\"inLanguage\":\"de\"}]}<\/script>\n<!-- \/ Yoast SEO plugin. -->","yoast_head_json":{"title":"Rote Damenbikerjacke Versano, Leder Damenbikerjacke rot,","description":"Die rote Bikerjacke f\u00fcr Damen von Versano in Ihrer Garderobe darf nicht fehlen. Die Jacke besteht aus Lammleder und ist sch\u00f6n italienisch geschnitten.","robots":{"index":"index","follow":"follow","max-snippet":"max-snippet:-1","max-image-preview":"max-image-preview:large","max-video-preview":"max-video-preview:-1"},"canonical":"https:\/\/versano.nl\/de\/shop\/dames-leren-jas-versano-311-rood\/","og_locale":"de_DE","og_type":"article","og_title":"Rode dames biker jack van Versano, leren dames biker jack rood,","og_description":"de rode dames biker jack van Versano mag je echt niet missen in je garderobe. De jas is gemaakt van lamsleer, en is mooi Italiaans getailleerd.","og_url":"https:\/\/versano.nl\/de\/shop\/dames-leren-jas-versano-311-rood\/","og_site_name":"Versano","article_modified_time":"2024-12-13T12:10:21+00:00","og_image":[{"width":900,"height":1176,"url":"https:\/\/versano.nl\/wp-content\/uploads\/2019\/11\/leren-bikerjack-dames-rood-versano-311-model2.jpg","type":"image\/jpeg"}],"twitter_card":"summary_large_image","twitter_misc":{"Gesch\u00e4tzte Lesezeit":"1\u00a0Minute"},"schema":{"@context":"https:\/\/schema.org","@graph":[{"@type":"WebPage","@id":"https:\/\/versano.nl\/shop\/dames-leren-jas-versano-311-rood\/","url":"https:\/\/versano.nl\/shop\/dames-leren-jas-versano-311-rood\/","name":"Rote Damenbikerjacke Versano, Leder Damenbikerjacke rot,","isPartOf":{"@id":"https:\/\/versano.nl\/#website"},"primaryImageOfPage":{"@id":"https:\/\/versano.nl\/shop\/dames-leren-jas-versano-311-rood\/#primaryimage"},"image":{"@id":"https:\/\/versano.nl\/shop\/dames-leren-jas-versano-311-rood\/#primaryimage"},"thumbnailUrl":"https:\/\/versano.nl\/wp-content\/uploads\/2019\/11\/leren-bikerjack-dames-rood-versano-311-model2.jpg","datePublished":"2014-12-02T06:24:24+00:00","dateModified":"2024-12-13T12:10:21+00:00","description":"Die rote Bikerjacke f\u00fcr Damen von Versano in Ihrer Garderobe darf nicht fehlen. Die Jacke besteht aus Lammleder und ist sch\u00f6n italienisch geschnitten.","breadcrumb":{"@id":"https:\/\/versano.nl\/shop\/dames-leren-jas-versano-311-rood\/#breadcrumb"},"inLanguage":"de","potentialAction":[{"@type":"ReadAction","target":["https:\/\/versano.nl\/shop\/dames-leren-jas-versano-311-rood\/"]}]},{"@type":"ImageObject","inLanguage":"de","@id":"https:\/\/versano.nl\/shop\/dames-leren-jas-versano-311-rood\/#primaryimage","url":"https:\/\/versano.nl\/wp-content\/uploads\/2019\/11\/leren-bikerjack-dames-rood-versano-311-model2.jpg","contentUrl":"https:\/\/versano.nl\/wp-content\/uploads\/2019\/11\/leren-bikerjack-dames-rood-versano-311-model2.jpg","width":900,"height":1176,"caption":"leren-bikerjack-dames-rood-versano-311-model2"},{"@type":"BreadcrumbList","@id":"https:\/\/versano.nl\/shop\/dames-leren-jas-versano-311-rood\/#breadcrumb","itemListElement":[{"@type":"ListItem","position":1,"name":"Home","item":"https:\/\/versano.nl\/"},{"@type":"ListItem","position":2,"name":"Shop","item":"https:\/\/versano.nl\/shop\/"},{"@type":"ListItem","position":3,"name":"Rode dames biker jack van Versano"}]},{"@type":"WebSite","@id":"https:\/\/versano.nl\/#website","url":"https:\/\/versano.nl\/","name":"Versano","description":"Winterm\u00e4ntel mit Pelzkragen | Damen Lederjacken | Herren Lederjacken","potentialAction":[{"@type":"SearchAction","target":{"@type":"EntryPoint","urlTemplate":"https:\/\/versano.nl\/?s={search_term_string}"},"query-input":{"@type":"PropertyValueSpecification","valueRequired":true,"valueName":"search_term_string"}}],"inLanguage":"de"}]}},"_links":{"self":[{"href":"https:\/\/versano.nl\/de\/wp-json\/wp\/v2\/product\/1330","targetHints":{"allow":["GET"]}}],"collection":[{"href":"https:\/\/versano.nl\/de\/wp-json\/wp\/v2\/product"}],"about":[{"href":"https:\/\/versano.nl\/de\/wp-json\/wp\/v2\/types\/product"}],"replies":[{"embeddable":true,"href":"https:\/\/versano.nl\/de\/wp-json\/wp\/v2\/comments?post=1330"}],"wp:featuredmedia":[{"embeddable":true,"href":"https:\/\/versano.nl\/de\/wp-json\/wp\/v2\/media\/14019"}],"wp:attachment":[{"href":"https:\/\/versano.nl\/de\/wp-json\/wp\/v2\/media?parent=1330"}],"wp:term":[{"taxonomy":"product_brand","embeddable":true,"href":"https:\/\/versano.nl\/de\/wp-json\/wp\/v2\/product_brand?post=1330"},{"taxonomy":"product_cat","embeddable":true,"href":"https:\/\/versano.nl\/de\/wp-json\/wp\/v2\/product_cat?post=1330"},{"taxonomy":"product_tag","embeddable":true,"href":"https:\/\/versano.nl\/de\/wp-json\/wp\/v2\/product_tag?post=1330"}],"curies":[{"name":"wp","href":"https:\/\/api.w.org\/{rel}","templated":true}]}}