{"id":13204,"date":"2019-11-02T16:07:28","date_gmt":"2019-11-02T16:07:28","guid":{"rendered":"https:\/\/versano.nl\/?post_type=product&#038;p=13204"},"modified":"2024-12-13T11:38:40","modified_gmt":"2024-12-13T11:38:40","slug":"winterjas-parka-heren-thompson-n-zwart-versano","status":"publish","type":"product","link":"https:\/\/versano.nl\/de\/shop\/winterjas-parka-heren-thompson-n-zwart-versano\/","title":{"rendered":"Winterjacke Parka Herren Thompson N schwarz Versano"},"content":{"rendered":"<h2>Winterjacke Parka Herren Thompson N schwarz Versano<\/h2>\n<p>Dieser Winterjackenparka Herren Thompson N schwarz Versano ist ganz wie er sein soll. Die Rei\u00dfverschlussjacke hat eine perfekte Passform und wird zus\u00e4tzlich mit Druckkn\u00f6pfen und einer Patte gegen den Wind geschlossen. Die Jacke hat eine Rei\u00dfverschlusstasche auf der Brust und ein elastisches Rippband am Handgelenk. Das Halsband ist aus 100% American Raccoon Fell und optional (separat zu bestellen). Dies ist eine Jacke, mit der Sie sicher sein k\u00f6nnen, dass Sie sie auch bei schlechtem Wetter genie\u00dfen werden. Sie h\u00e4lt warm und ist so sch\u00f6n gestaltet, dass Sie damit bestimmt auffallen werden. Dieses Modell Thompson N ist auch in der Farbe Blau erh\u00e4ltlich. Wir empfehlen, dass Sie sich auch diese Farbe ansehen.<\/p>\n<h2><strong>Modell Thompson N in schwarz bestellen<\/strong><\/h2>\n<p>Mit einer so sch\u00f6nen Jacke von Versano k\u00f6nnen Sie sicher sein, dass Sie sie den ganzen Winter \u00fcber tragen k\u00f6nnen. Dieses Modell k\u00f6nnen Sie ganz einfach im Versano Webshop bestellen. Hier haben wir alle unsere Jacken f\u00fcr Sie zusammengestellt, damit Sie ganz einfach eine Bestellung aufgeben k\u00f6nnen. Bei Versano k\u00f6nnen Sie sich immer sicher sein, einen sch\u00f6nen und sorgf\u00e4ltig verarbeiteten Mantel zu kaufen. Bei uns k\u00f6nnen Sie ganz einfach die richtige Gr\u00f6\u00dfe anhand unserer smarten Anleitungsvideos ausw\u00e4hlen. Haben Sie Fragen oder sind Sie sich nicht sicher, welche Gr\u00f6\u00dfe Sie bestellen sollen? Dann k\u00f6nnen Sie uns jederzeit per Mail oder WhatsApp kontaktieren. Unsere Mitarbeiter m\u00f6chten Ihnen helfen!<\/p>\n<p>&nbsp;<\/p>\n<p>Marke:<a href=\"https:\/\/versano.nl\"> Versano<\/a><br \/>\nL\u00e4nge: H\u00e4lfte<br \/>\nFit: Normal<br \/>\nFutter: 100% Polyester<br \/>\nBelagdicke: 200 Gramm ausgekleideten dicke<br \/>\n\u00c4rmell\u00e4nge: lang\u00e4rmelige<br \/>\nHOOD ausgekleidete, Massiv<br \/>\nExtras: verst\u00e4rkte N\u00e4hte<br \/>\nVerschluss: Rei\u00dfverschluss + Druckkn\u00f6pfe mit Schutzklappe<br \/>\nTaschen: Seitentaschen an der H\u00fcfte mit Druckkn\u00f6pfen + Innentasche und eine Tasche am \u00c4rmel<br \/>\nFunktion: wasserdicht, winddicht<br \/>\nMaterialau\u00dfenschicht: 100% Polyester<br \/>\nZubeh\u00f6r: Pelzkragen (optional)<\/p>\n<p>Lieferzeit: 2-3 Werktage<\/p>\n<p>&nbsp;<\/p>\n<p><strong>OPTIONAL: REAL FUR COLLAR RACCOON RACCOON ART OF FUR<\/strong><\/p>","protected":false},"excerpt":{"rendered":"<p>W\u00c4HLEN SIE HIER EINE ANDERE FARBE<\/p>\n<p><a href=\"https:\/\/versano.nl\/shop\/heren-parka-winterjas-blauw-lang-model-thompson-versano\/\"><img loading=\"lazy\" decoding=\"async\" class=\"alignnone size-full wp-image-19721\" src=\"https:\/\/versano.nl\/wp-content\/uploads\/sites\/2\/2019\/11\/blauwe-heren-winterjas-halflang-versano-thomas-voorkant-thumb.jpg\" alt=\"\" width=\"57\" height=\"75\" \/><\/a><\/p>\n<p style=\"background: white; margin: 0cm 0cm 15.0pt 0cm;\"><strong><span style=\"font-size: 9.5pt; font-family: 'Arial',sans-serif; color: red;\">Fit Beratung:\u00a0<\/span><\/strong><span style=\"font-size: 9.5pt; font-family: 'Arial',sans-serif; color: #555555;\">Die Passform dieser Jacke ist schmal geschnitten. Unser Model ist 1,80 cm gro\u00df und tr\u00e4gt Gr\u00f6\u00dfe M.<\/span><\/p>\n<p style=\"background: white; box-sizing: border-box; text-rendering: optimizelegibility; font-variant-ligatures: normal; font-variant-caps: normal; orphans: 2; text-align: start; widows: 2; -webkit-text-stroke-width: 0px; text-decoration-thickness: initial; text-decoration-style: initial; text-decoration-color: initial; word-spacing: 0px; margin: 0cm 0cm 15.0pt 0cm;\"><span style=\"font-size: 9.5pt; font-family: 'Arial',sans-serif; color: #555555;\">Wenn Sie sich bei Ihren Ma\u00dfen nicht sicher sind, empfehlen wir Ihnen, zuerst Ihre Gr\u00f6\u00dfenma\u00dfe zu messen und sie mit unserer Gr\u00f6\u00dfentabelle zu vergleichen. Wenn Sie keine Erfahrung mit der Messung von Umfangsgr\u00f6\u00dfen haben, klicken Sie auf\u00a0<a style=\"box-sizing: border-box; line-height: inherit;\" href=\"https:\/\/www.youtube.com\/watch?v=3ZSfY87v6pM\"><em style=\"box-sizing: border-box; line-height: inherit;\"><span style=\"font-family: 'Arial',sans-serif; color: #333333; text-decoration: none; text-underline: none;\">HIER<\/span><\/em><span style=\"color: #333333;\">\u00a0<\/span><\/a>\u00a0zu\u00a0<\/span><span style=\"box-sizing: border-box;\"><span style=\"font-size: 9.5pt; font-family: 'Arial',sans-serif; color: red;\"><a style=\"box-sizing: border-box; line-height: inherit;\" href=\"https:\/\/www.youtube.com\/watch?v=3ZSfY87v6pM\"><em style=\"box-sizing: border-box; line-height: inherit;\"><span style=\"font-family: 'Arial',sans-serif; color: red; text-decoration: none; text-underline: none;\">VIDEO<\/span><\/em><\/a><\/span><\/span><span style=\"font-size: 9.5pt; font-family: 'Arial',sans-serif; color: #555555;\">\u00a0 mit Anweisungen. Sie k\u00f6nnen uns auch direkt anrufen oder anrufen! Unsere Mitarbeiter stehen Ihnen jederzeit zur Verf\u00fcgung.<\/span><\/p>\n<p style=\"background: white; box-sizing: border-box; text-rendering: optimizelegibility; font-variant-ligatures: normal; font-variant-caps: normal; orphans: 2; text-align: start; widows: 2; -webkit-text-stroke-width: 0px; text-decoration-thickness: initial; text-decoration-style: initial; text-decoration-color: initial; word-spacing: 0px; margin: 0cm 0cm 15.0pt 0cm;\"><strong style=\"box-sizing: border-box; line-height: inherit;\"><span style=\"font-size: 9.5pt; font-family: 'Arial',sans-serif; color: #555555;\">LIEFERZEIT :<\/span><\/strong><span style=\"font-size: 9.5pt; font-family: 'Arial',sans-serif; color: #555555;\">\u00a02 bis 3 Werktage.<\/span><\/p>\n<p style=\"background: white; box-sizing: border-box; text-rendering: optimizelegibility; font-variant-ligatures: normal; font-variant-caps: normal; orphans: 2; text-align: start; widows: 2; -webkit-text-stroke-width: 0px; text-decoration-thickness: initial; text-decoration-style: initial; text-decoration-color: initial; word-spacing: 0px; margin: 0cm 0cm 15.0pt 0cm;\"><span style=\"box-sizing: border-box;\"><span style=\"font-size: 9.5pt; font-family: 'Arial',sans-serif; color: red;\">WICHTIGE INFO:<\/span><\/span><span style=\"font-size: 9.5pt; font-family: 'Arial',sans-serif; color: #555555;\">\u00a0Sie k\u00f6nnen jede Versano-Jacke mit oder ohne Pelzkragen kaufen, der Pelzkragen ist nicht im Lieferumfang enthalten.<\/span><\/p>\n<p>&nbsp;<\/p>","protected":false},"featured_media":13214,"comment_status":"closed","ping_status":"closed","template":"","meta":[],"product_brand":[],"product_cat":[1403,231,1146,1596,1601,1605,2060,1037,1080,882,1143,1147,1041,1081,1010,1404,1082,1547],"product_tag":[1617,1183,1186,1184,1630,1620,1624,1629,1185,1626,1610,1625,1181,1627,1628],"class_list":{"0":"post-13204","1":"product","2":"type-product","3":"status-publish","4":"has-post-thumbnail","6":"product_cat-bontkraag-jas","7":"product_cat-heren-jassen-met-bontkraag","8":"product_cat-heren-winterjas","9":"product_cat-heren-winterjas-met-bontkraag","10":"product_cat-heren-winterjas-met-pels","11":"product_cat-heren-winterjas-parka","12":"product_cat-heren-winterjassen","13":"product_cat-jas-met-bontkraag","14":"product_cat-jas-met-bontkraag-heren","15":"product_cat-versano","16":"product_cat-winterjas","17":"product_cat-winterjas-heren","18":"product_cat-winterjas-met-bontkraag","19":"product_cat-winterjas-met-bontkraag-heren","20":"product_cat-winterjas-met-bontkraag-jongens","21":"product_cat-winterjassen","22":"product_cat-winterjassen-met-bontkraag-heren","23":"product_cat-winterjassen-heren","24":"product_tag-goedkope-winterjassen-heren","25":"product_tag-heren-winterjas-lang-model","26":"product_tag-heren-winterjas-zwart","27":"product_tag-lange-heren-winterjas","28":"product_tag-merk-winterjassen-voor-heren","29":"product_tag-parka-winterjas-heren","30":"product_tag-parka-winterjassen-heren","31":"product_tag-versano-winterjas-heren","32":"product_tag-winterjas-heren","33":"product_tag-winterjas-heren-in-sale","34":"product_tag-winterjas-heren-met-kraag","35":"product_tag-winterjassen-uitverkoop","36":"product_tag-zwarte-heren-winterjas","37":"product_tag-zwarte-parka-jas","38":"product_tag-zwarte-parka-jas-heren","39":"product_shipping_class-verzendkosten-1","40":"tm-has-options","42":"first","43":"instock","44":"taxable","45":"shipping-taxable","46":"purchasable","47":"product-type-variable"},"yoast_head":"<!-- This site is optimized with the Yoast SEO plugin v27.2 - https:\/\/yoast.com\/product\/yoast-seo-wordpress\/ -->\n<title>winterjas parka heren Thompson N zwart Versano, heren parka jas<\/title>\n<meta name=\"description\" content=\"Ben je op zoek naar een winterjas parka heren Thompson N zwart Versano, dan ben je bij ons aan het juiste adres voor heren parkajassen.\" \/>\n<meta name=\"robots\" content=\"index, follow, max-snippet:-1, max-image-preview:large, max-video-preview:-1\" \/>\n<link rel=\"canonical\" href=\"https:\/\/versano.nl\/de\/shop\/winterjas-parka-heren-thompson-n-zwart-versano\/\" \/>\n<meta property=\"og:locale\" content=\"de_DE\" \/>\n<meta property=\"og:type\" content=\"article\" \/>\n<meta property=\"og:title\" content=\"winterjas parka heren Thompson N zwart Versano, heren parka jas\" \/>\n<meta property=\"og:description\" content=\"Ben je op zoek naar een winterjas parka heren Thompson N zwart Versano, dan ben je bij ons aan het juiste adres voor heren parkajassen.\" \/>\n<meta property=\"og:url\" content=\"https:\/\/versano.nl\/de\/shop\/winterjas-parka-heren-thompson-n-zwart-versano\/\" \/>\n<meta property=\"og:site_name\" content=\"Versano\" \/>\n<meta property=\"article:modified_time\" content=\"2024-12-13T11:38:40+00:00\" \/>\n<meta property=\"og:image\" content=\"https:\/\/versano.nl\/wp-content\/uploads\/2019\/11\/zwarte-heren-winterjas-halflang-versano-thomas-voorkant.jpg\" \/>\n\t<meta property=\"og:image:width\" content=\"900\" \/>\n\t<meta property=\"og:image:height\" content=\"1176\" \/>\n\t<meta property=\"og:image:type\" content=\"image\/jpeg\" \/>\n<meta name=\"twitter:card\" content=\"summary_large_image\" \/>\n<meta name=\"twitter:label1\" content=\"Gesch\u00e4tzte Lesezeit\" \/>\n\t<meta name=\"twitter:data1\" content=\"2\u00a0Minuten\" \/>\n<script type=\"application\/ld+json\" class=\"yoast-schema-graph\">{\"@context\":\"https:\/\/schema.org\",\"@graph\":[{\"@type\":\"WebPage\",\"@id\":\"https:\/\/versano.nl\/shop\/winterjas-parka-heren-thompson-n-zwart-versano\/\",\"url\":\"https:\/\/versano.nl\/shop\/winterjas-parka-heren-thompson-n-zwart-versano\/\",\"name\":\"winterjas parka heren Thompson N zwart Versano, heren parka jas\",\"isPartOf\":{\"@id\":\"https:\/\/versano.nl\/#website\"},\"primaryImageOfPage\":{\"@id\":\"https:\/\/versano.nl\/shop\/winterjas-parka-heren-thompson-n-zwart-versano\/#primaryimage\"},\"image\":{\"@id\":\"https:\/\/versano.nl\/shop\/winterjas-parka-heren-thompson-n-zwart-versano\/#primaryimage\"},\"thumbnailUrl\":\"https:\/\/versano.nl\/wp-content\/uploads\/2019\/11\/zwarte-heren-winterjas-halflang-versano-thomas-voorkant.jpg\",\"datePublished\":\"2019-11-02T16:07:28+00:00\",\"dateModified\":\"2024-12-13T11:38:40+00:00\",\"description\":\"Ben je op zoek naar een winterjas parka heren Thompson N zwart Versano, dan ben je bij ons aan het juiste adres voor heren parkajassen.\",\"breadcrumb\":{\"@id\":\"https:\/\/versano.nl\/shop\/winterjas-parka-heren-thompson-n-zwart-versano\/#breadcrumb\"},\"inLanguage\":\"de\",\"potentialAction\":[{\"@type\":\"ReadAction\",\"target\":[\"https:\/\/versano.nl\/shop\/winterjas-parka-heren-thompson-n-zwart-versano\/\"]}]},{\"@type\":\"ImageObject\",\"inLanguage\":\"de\",\"@id\":\"https:\/\/versano.nl\/shop\/winterjas-parka-heren-thompson-n-zwart-versano\/#primaryimage\",\"url\":\"https:\/\/versano.nl\/wp-content\/uploads\/2019\/11\/zwarte-heren-winterjas-halflang-versano-thomas-voorkant.jpg\",\"contentUrl\":\"https:\/\/versano.nl\/wp-content\/uploads\/2019\/11\/zwarte-heren-winterjas-halflang-versano-thomas-voorkant.jpg\",\"width\":900,\"height\":1176,\"caption\":\"winterjas parka heren Thompson N zwart Versano\"},{\"@type\":\"BreadcrumbList\",\"@id\":\"https:\/\/versano.nl\/shop\/winterjas-parka-heren-thompson-n-zwart-versano\/#breadcrumb\",\"itemListElement\":[{\"@type\":\"ListItem\",\"position\":1,\"name\":\"Home\",\"item\":\"https:\/\/versano.nl\/\"},{\"@type\":\"ListItem\",\"position\":2,\"name\":\"Shop\",\"item\":\"https:\/\/versano.nl\/shop\/\"},{\"@type\":\"ListItem\",\"position\":3,\"name\":\"winterjas parka heren Thompson N zwart Versano\"}]},{\"@type\":\"WebSite\",\"@id\":\"https:\/\/versano.nl\/#website\",\"url\":\"https:\/\/versano.nl\/\",\"name\":\"Versano\",\"description\":\"winterjassen met bontkraag | leren dames jassen | leren heren jassen\",\"potentialAction\":[{\"@type\":\"SearchAction\",\"target\":{\"@type\":\"EntryPoint\",\"urlTemplate\":\"https:\/\/versano.nl\/?s={search_term_string}\"},\"query-input\":{\"@type\":\"PropertyValueSpecification\",\"valueRequired\":true,\"valueName\":\"search_term_string\"}}],\"inLanguage\":\"de\"}]}<\/script>\n<!-- \/ Yoast SEO plugin. -->","yoast_head_json":{"title":"Winterjacke Parka Herren Thompson N schwarz Versano, Herren Parkajacke","description":"Wenn Sie auf der Suche nach einer Winterjacke Parka Herren Thompson N schwarz Versano sind, dann sind Sie bei Herren Parka Jacken an der richtigen Adresse.","robots":{"index":"index","follow":"follow","max-snippet":"max-snippet:-1","max-image-preview":"max-image-preview:large","max-video-preview":"max-video-preview:-1"},"canonical":"https:\/\/versano.nl\/de\/shop\/winterjas-parka-heren-thompson-n-zwart-versano\/","og_locale":"de_DE","og_type":"article","og_title":"winterjas parka heren Thompson N zwart Versano, heren parka jas","og_description":"Ben je op zoek naar een winterjas parka heren Thompson N zwart Versano, dan ben je bij ons aan het juiste adres voor heren parkajassen.","og_url":"https:\/\/versano.nl\/de\/shop\/winterjas-parka-heren-thompson-n-zwart-versano\/","og_site_name":"Versano","article_modified_time":"2024-12-13T11:38:40+00:00","og_image":[{"width":900,"height":1176,"url":"https:\/\/versano.nl\/wp-content\/uploads\/2019\/11\/zwarte-heren-winterjas-halflang-versano-thomas-voorkant.jpg","type":"image\/jpeg"}],"twitter_card":"summary_large_image","twitter_misc":{"Gesch\u00e4tzte Lesezeit":"2\u00a0Minuten"},"schema":{"@context":"https:\/\/schema.org","@graph":[{"@type":"WebPage","@id":"https:\/\/versano.nl\/shop\/winterjas-parka-heren-thompson-n-zwart-versano\/","url":"https:\/\/versano.nl\/shop\/winterjas-parka-heren-thompson-n-zwart-versano\/","name":"Winterjacke Parka Herren Thompson N schwarz Versano, Herren Parkajacke","isPartOf":{"@id":"https:\/\/versano.nl\/#website"},"primaryImageOfPage":{"@id":"https:\/\/versano.nl\/shop\/winterjas-parka-heren-thompson-n-zwart-versano\/#primaryimage"},"image":{"@id":"https:\/\/versano.nl\/shop\/winterjas-parka-heren-thompson-n-zwart-versano\/#primaryimage"},"thumbnailUrl":"https:\/\/versano.nl\/wp-content\/uploads\/2019\/11\/zwarte-heren-winterjas-halflang-versano-thomas-voorkant.jpg","datePublished":"2019-11-02T16:07:28+00:00","dateModified":"2024-12-13T11:38:40+00:00","description":"Wenn Sie auf der Suche nach einer Winterjacke Parka Herren Thompson N schwarz Versano sind, dann sind Sie bei Herren Parka Jacken an der richtigen Adresse.","breadcrumb":{"@id":"https:\/\/versano.nl\/shop\/winterjas-parka-heren-thompson-n-zwart-versano\/#breadcrumb"},"inLanguage":"de","potentialAction":[{"@type":"ReadAction","target":["https:\/\/versano.nl\/shop\/winterjas-parka-heren-thompson-n-zwart-versano\/"]}]},{"@type":"ImageObject","inLanguage":"de","@id":"https:\/\/versano.nl\/shop\/winterjas-parka-heren-thompson-n-zwart-versano\/#primaryimage","url":"https:\/\/versano.nl\/wp-content\/uploads\/2019\/11\/zwarte-heren-winterjas-halflang-versano-thomas-voorkant.jpg","contentUrl":"https:\/\/versano.nl\/wp-content\/uploads\/2019\/11\/zwarte-heren-winterjas-halflang-versano-thomas-voorkant.jpg","width":900,"height":1176,"caption":"winterjas parka heren Thompson N zwart Versano"},{"@type":"BreadcrumbList","@id":"https:\/\/versano.nl\/shop\/winterjas-parka-heren-thompson-n-zwart-versano\/#breadcrumb","itemListElement":[{"@type":"ListItem","position":1,"name":"Home","item":"https:\/\/versano.nl\/"},{"@type":"ListItem","position":2,"name":"Shop","item":"https:\/\/versano.nl\/shop\/"},{"@type":"ListItem","position":3,"name":"winterjas parka heren Thompson N zwart Versano"}]},{"@type":"WebSite","@id":"https:\/\/versano.nl\/#website","url":"https:\/\/versano.nl\/","name":"Versano","description":"Winterm\u00e4ntel mit Pelzkragen | Damen Lederjacken | Herren Lederjacken","potentialAction":[{"@type":"SearchAction","target":{"@type":"EntryPoint","urlTemplate":"https:\/\/versano.nl\/?s={search_term_string}"},"query-input":{"@type":"PropertyValueSpecification","valueRequired":true,"valueName":"search_term_string"}}],"inLanguage":"de"}]}},"_links":{"self":[{"href":"https:\/\/versano.nl\/de\/wp-json\/wp\/v2\/product\/13204","targetHints":{"allow":["GET"]}}],"collection":[{"href":"https:\/\/versano.nl\/de\/wp-json\/wp\/v2\/product"}],"about":[{"href":"https:\/\/versano.nl\/de\/wp-json\/wp\/v2\/types\/product"}],"replies":[{"embeddable":true,"href":"https:\/\/versano.nl\/de\/wp-json\/wp\/v2\/comments?post=13204"}],"wp:featuredmedia":[{"embeddable":true,"href":"https:\/\/versano.nl\/de\/wp-json\/wp\/v2\/media\/13214"}],"wp:attachment":[{"href":"https:\/\/versano.nl\/de\/wp-json\/wp\/v2\/media?parent=13204"}],"wp:term":[{"taxonomy":"product_brand","embeddable":true,"href":"https:\/\/versano.nl\/de\/wp-json\/wp\/v2\/product_brand?post=13204"},{"taxonomy":"product_cat","embeddable":true,"href":"https:\/\/versano.nl\/de\/wp-json\/wp\/v2\/product_cat?post=13204"},{"taxonomy":"product_tag","embeddable":true,"href":"https:\/\/versano.nl\/de\/wp-json\/wp\/v2\/product_tag?post=13204"}],"curies":[{"name":"wp","href":"https:\/\/api.w.org\/{rel}","templated":true}]}}