{"id":13192,"date":"2019-11-02T15:19:38","date_gmt":"2019-11-02T15:19:38","guid":{"rendered":"https:\/\/versano.nl\/shop\/halflange-zwarte-heren-parka-winterjas-robert-versano\/"},"modified":"2024-12-13T11:40:37","modified_gmt":"2024-12-13T11:40:37","slug":"halflange-zwarte-heren-parka-winterjas-robert-versano","status":"publish","type":"product","link":"https:\/\/versano.nl\/de\/shop\/halflange-zwarte-heren-parka-winterjas-robert-versano\/","title":{"rendered":"Italienische Winterjacke Herren Robert schwarz Versano"},"content":{"rendered":"<h2>Italienische Winterjacke Herren Robert schwarz Versano<\/h2>\n<p>Diese italienische Winterjacke Herren Robert schwarz Versano ist ganz wie sie sein soll. Die Jacke mit Rei\u00dfverschluss hat eine perfekte Slim-Fit-Passform und wird zus\u00e4tzlich mit Druckkn\u00f6pfen und einer Patte gegen den Wind geschlossen. Die Jacke hat eine Rei\u00dfverschlusstasche am \u00c4rmel sowie ein elastisches Rippbord am Handgelenk. Das Halsband ist aus 100% American Raccoon Fell und optional (separat zu bestellen). Dies ist eine Jacke, mit der Sie sicher sein k\u00f6nnen, dass Sie sie auch bei schlechtem Wetter genie\u00dfen werden. Sie h\u00e4lt warm und ist so sch\u00f6n gestaltet, dass Sie damit bestimmt auffallen werden. Dieses Robert-Modell ist auch in Blau erh\u00e4ltlich. Wir empfehlen, diese Farbe vor der Bestellung zu \u00fcberpr\u00fcfen.<\/p>\n<h2><span style=\"font-size: 14.0pt; font-family: 'Arial',sans-serif;\">Modell Robert in Schwarz bestellen<\/span><\/h2>\n<p><span style=\"font-size: 11.0pt; font-family: 'Arial',sans-serif;\">Mit einer so sch\u00f6nen Jacke von Versano k\u00f6nnen Sie sicher sein, dass Sie sie den ganzen Winter \u00fcber tragen k\u00f6nnen. Dieses Modell k\u00f6nnen Sie ganz einfach im Versano Webshop bestellen. Hier haben wir alle unsere Jacken f\u00fcr Sie zusammengestellt, damit Sie ganz einfach eine Bestellung aufgeben k\u00f6nnen. Bei Versano k\u00f6nnen Sie sich immer sicher sein, einen sch\u00f6nen und sorgf\u00e4ltig verarbeiteten Mantel zu kaufen. Bei uns k\u00f6nnen Sie ganz einfach die richtige Gr\u00f6\u00dfe anhand unserer smarten Anleitungsvideos ausw\u00e4hlen. Haben Sie Fragen oder sind Sie sich nicht sicher, welche Gr\u00f6\u00dfe Sie bestellen sollen? Dann k\u00f6nnen Sie uns jederzeit per Mail oder WhatsApp kontaktieren. Unsere Mitarbeiter m\u00f6chten Ihnen helfen!<\/span><\/p>\n<p>&nbsp;<\/p>\n<p>Marke:<a title=\"versano\" href=\"https:\/\/versano.nl\" target=\"_blank\" rel=\"noopener noreferrer\"> Versano<\/a><br \/>\nL\u00e4nge: H\u00e4lfte<br \/>\nPassform: schmale Passform<br \/>\nFutter: 100% Polyester<br \/>\nBelagdicke: 200 Gramm ausgekleideten dicke<br \/>\n\u00c4rmell\u00e4nge: lang\u00e4rmelige<br \/>\nHOOD ausgekleidete, Massiv<br \/>\nExtras: verst\u00e4rkte N\u00e4hte<br \/>\nVerschluss: Rei\u00dfverschluss + Druckkn\u00f6pfe mit Schutzklappe<br \/>\nTaschen: Seitentaschen an der H\u00fcfte mit Druckkn\u00f6pfen + Innentasche und eine Tasche am \u00c4rmel<br \/>\nFunktion: wasserdicht, winddicht<br \/>\nMaterialau\u00dfenschicht: 100% Polyester<br \/>\nZubeh\u00f6r: Pelzkragen (optional)<\/p>\n<p>Lieferzeit: 2-3 Werktage<\/p>","protected":false},"excerpt":{"rendered":"<p>W\u00c4HLEN SIE HIER EINE ANDERE FARBE<\/p>\n<p><a href=\"https:\/\/versano.nl\/shop\/heren-winterjas-parka-blauw-halflang-robert-versano\/\"><img loading=\"lazy\" decoding=\"async\" class=\"alignnone size-full wp-image-19715\" src=\"https:\/\/versano.nl\/wp-content\/uploads\/sites\/2\/2019\/11\/heren-winterjas-halflang-model-blauw-versano-robert-voorkant-thumb.jpg\" alt=\"\" width=\"57\" height=\"75\" \/><\/a><\/p>\n<p style=\"background: white; margin: 0cm 0cm 15.0pt 0cm;\"><strong><span style=\"font-size: 9.5pt; font-family: 'Arial',sans-serif; color: red;\">Fit Beratung:\u00a0<\/span><\/strong><span style=\"font-size: 9.5pt; font-family: 'Arial',sans-serif; color: #555555;\">Die Passform dieser Jacke ist schmal geschnitten. Unser Model ist 1,80 cm gro\u00df und tr\u00e4gt Gr\u00f6\u00dfe M.<\/span><\/p>\n<p style=\"background: white; text-align: start; margin: 0cm 0cm 15.0pt 0cm;\"><span style=\"font-size: 9.5pt; font-family: 'Arial',sans-serif; color: #555555;\">Wenn Sie sich bei Ihren Ma\u00dfen nicht sicher sind, empfehlen wir Ihnen, zuerst Ihre Gr\u00f6\u00dfenma\u00dfe zu messen und sie mit unserer Gr\u00f6\u00dfentabelle zu vergleichen. Wenn Sie keine Erfahrung mit der Messung von Umfangsgr\u00f6\u00dfen haben, klicken Sie auf\u00a0<a style=\"line-height: inherit;\" href=\"https:\/\/www.youtube.com\/watch?v=3ZSfY87v6pM\"><em style=\"line-height: inherit;\"><span style=\"font-family: 'Arial',sans-serif; color: #333333; text-decoration: none;\">HIER<\/span><\/em><span style=\"color: #333333;\">\u00a0<\/span><\/a>\u00a0zu\u00a0<\/span><span style=\"font-size: 9.5pt; font-family: 'Arial',sans-serif; color: red;\"><a style=\"line-height: inherit;\" href=\"https:\/\/www.youtube.com\/watch?v=3ZSfY87v6pM\"><em style=\"line-height: inherit;\"><span style=\"font-family: 'Arial',sans-serif; color: red; text-decoration: none;\">VIDEO<\/span><\/em><\/a><\/span><span style=\"font-size: 9.5pt; font-family: 'Arial',sans-serif; color: #555555;\">\u00a0 mit Anweisungen. Sie k\u00f6nnen uns auch direkt anrufen oder anrufen! Unsere Mitarbeiter stehen Ihnen jederzeit zur Verf\u00fcgung.<\/span><\/p>\n<p style=\"background: white; text-align: start; margin: 0cm 0cm 15.0pt 0cm;\"><strong style=\"line-height: inherit;\"><span style=\"font-size: 9.5pt; font-family: 'Arial',sans-serif; color: #555555;\">LIEFERZEIT :<\/span><\/strong><span style=\"font-size: 9.5pt; font-family: 'Arial',sans-serif; color: #555555;\">\u00a02 bis 3 Werktage.<\/span><\/p>\n<p style=\"background: white; text-align: start; margin: 0cm 0cm 15.0pt 0cm;\"><span style=\"font-size: 9.5pt; font-family: 'Arial',sans-serif; color: red;\">WICHTIGE INFO:<\/span><span style=\"font-size: 9.5pt; font-family: 'Arial',sans-serif; color: #555555;\">\u00a0Sie k\u00f6nnen jede Versano-Jacke mit oder ohne Pelzkragen kaufen, der Pelzkragen ist nicht im Lieferumfang enthalten.<\/span><\/p>\n<p>&nbsp;<\/p>","protected":false},"featured_media":13188,"comment_status":"closed","ping_status":"closed","template":"","meta":[],"product_brand":[],"product_cat":[1403,231,1146,1596,1601,2060,1037,1080,882,1143,1147,1041,1081,1010,1404,1082,1011,1547],"product_tag":[1591,1634,1177,1178,1649,1182,1635,1647,1648,1181,1179,1628],"class_list":{"0":"post-13192","1":"product","2":"type-product","3":"status-publish","4":"has-post-thumbnail","6":"product_cat-bontkraag-jas","7":"product_cat-heren-jassen-met-bontkraag","8":"product_cat-heren-winterjas","9":"product_cat-heren-winterjas-met-bontkraag","10":"product_cat-heren-winterjas-met-pels","11":"product_cat-heren-winterjassen","12":"product_cat-jas-met-bontkraag","13":"product_cat-jas-met-bontkraag-heren","14":"product_cat-versano","15":"product_cat-winterjas","16":"product_cat-winterjas-heren","17":"product_cat-winterjas-met-bontkraag","18":"product_cat-winterjas-met-bontkraag-heren","19":"product_cat-winterjas-met-bontkraag-jongens","20":"product_cat-winterjassen","21":"product_cat-winterjassen-met-bontkraag-heren","22":"product_cat-winterjassen-met-bontkraag-jongens","23":"product_cat-winterjassen-heren","24":"product_tag-dames-leren-jassen-uitverkoop","25":"product_tag-goedkope-winterjas-heren","26":"product_tag-heren-parka-jassen","27":"product_tag-heren-parkajassen","28":"product_tag-heren-winterjas-versano","29":"product_tag-lange-zwarte-heren-winterjas","30":"product_tag-parka-jas-heren","31":"product_tag-sale-winterjas-heren","32":"product_tag-winterjassen-versano","33":"product_tag-zwarte-heren-winterjas","34":"product_tag-zwarte-heren-winterjas-halflang","35":"product_tag-zwarte-parka-jas-heren","36":"product_shipping_class-verzendkosten-1","37":"tm-has-options","39":"first","40":"instock","41":"sale","42":"taxable","43":"shipping-taxable","44":"purchasable","45":"product-type-variable"},"yoast_head":"<!-- This site is optimized with the Yoast SEO plugin v27.2 - https:\/\/yoast.com\/product\/yoast-seo-wordpress\/ -->\n<title>Italiaanse winterjas heren Robert zwart Versano, parka jas heren<\/title>\n<meta name=\"description\" content=\"Ben je op zoek naar een Italiaanse winterjas heren Robert zwart Versano, dan zit je bij ons aan het juiste adres voor heren parkajassen.\" \/>\n<meta name=\"robots\" content=\"index, follow, max-snippet:-1, max-image-preview:large, max-video-preview:-1\" \/>\n<link rel=\"canonical\" href=\"https:\/\/versano.nl\/de\/shop\/halflange-zwarte-heren-parka-winterjas-robert-versano\/\" \/>\n<meta property=\"og:locale\" content=\"de_DE\" \/>\n<meta property=\"og:type\" content=\"article\" \/>\n<meta property=\"og:title\" content=\"Italiaanse winterjas heren Robert zwart Versano, parka jas heren\" \/>\n<meta property=\"og:description\" content=\"Ben je op zoek naar een Italiaanse winterjas heren Robert zwart Versano, dan zit je bij ons aan het juiste adres voor heren parkajassen.\" \/>\n<meta property=\"og:url\" content=\"https:\/\/versano.nl\/de\/shop\/halflange-zwarte-heren-parka-winterjas-robert-versano\/\" \/>\n<meta property=\"og:site_name\" content=\"Versano\" \/>\n<meta property=\"article:modified_time\" content=\"2024-12-13T11:40:37+00:00\" \/>\n<meta property=\"og:image\" content=\"https:\/\/versano.nl\/wp-content\/uploads\/2019\/11\/heren-winterjas-halflang-model-zwart-versano-robert-voorkant.jpg\" \/>\n\t<meta property=\"og:image:width\" content=\"900\" \/>\n\t<meta property=\"og:image:height\" content=\"1176\" \/>\n\t<meta property=\"og:image:type\" content=\"image\/jpeg\" \/>\n<meta name=\"twitter:card\" content=\"summary_large_image\" \/>\n<meta name=\"twitter:label1\" content=\"Gesch\u00e4tzte Lesezeit\" \/>\n\t<meta name=\"twitter:data1\" content=\"2\u00a0Minuten\" \/>\n<script type=\"application\/ld+json\" class=\"yoast-schema-graph\">{\"@context\":\"https:\/\/schema.org\",\"@graph\":[{\"@type\":\"WebPage\",\"@id\":\"https:\/\/versano.nl\/shop\/halflange-zwarte-heren-parka-winterjas-robert-versano\/\",\"url\":\"https:\/\/versano.nl\/shop\/halflange-zwarte-heren-parka-winterjas-robert-versano\/\",\"name\":\"Italiaanse winterjas heren Robert zwart Versano, parka jas heren\",\"isPartOf\":{\"@id\":\"https:\/\/versano.nl\/#website\"},\"primaryImageOfPage\":{\"@id\":\"https:\/\/versano.nl\/shop\/halflange-zwarte-heren-parka-winterjas-robert-versano\/#primaryimage\"},\"image\":{\"@id\":\"https:\/\/versano.nl\/shop\/halflange-zwarte-heren-parka-winterjas-robert-versano\/#primaryimage\"},\"thumbnailUrl\":\"https:\/\/versano.nl\/wp-content\/uploads\/2019\/11\/heren-winterjas-halflang-model-zwart-versano-robert-voorkant.jpg\",\"datePublished\":\"2019-11-02T15:19:38+00:00\",\"dateModified\":\"2024-12-13T11:40:37+00:00\",\"description\":\"Ben je op zoek naar een Italiaanse winterjas heren Robert zwart Versano, dan zit je bij ons aan het juiste adres voor heren parkajassen.\",\"breadcrumb\":{\"@id\":\"https:\/\/versano.nl\/shop\/halflange-zwarte-heren-parka-winterjas-robert-versano\/#breadcrumb\"},\"inLanguage\":\"de\",\"potentialAction\":[{\"@type\":\"ReadAction\",\"target\":[\"https:\/\/versano.nl\/shop\/halflange-zwarte-heren-parka-winterjas-robert-versano\/\"]}]},{\"@type\":\"ImageObject\",\"inLanguage\":\"de\",\"@id\":\"https:\/\/versano.nl\/shop\/halflange-zwarte-heren-parka-winterjas-robert-versano\/#primaryimage\",\"url\":\"https:\/\/versano.nl\/wp-content\/uploads\/2019\/11\/heren-winterjas-halflang-model-zwart-versano-robert-voorkant.jpg\",\"contentUrl\":\"https:\/\/versano.nl\/wp-content\/uploads\/2019\/11\/heren-winterjas-halflang-model-zwart-versano-robert-voorkant.jpg\",\"width\":900,\"height\":1176,\"caption\":\"Italiaanse winterjas heren Robert zwart Versano\"},{\"@type\":\"BreadcrumbList\",\"@id\":\"https:\/\/versano.nl\/shop\/halflange-zwarte-heren-parka-winterjas-robert-versano\/#breadcrumb\",\"itemListElement\":[{\"@type\":\"ListItem\",\"position\":1,\"name\":\"Home\",\"item\":\"https:\/\/versano.nl\/\"},{\"@type\":\"ListItem\",\"position\":2,\"name\":\"Shop\",\"item\":\"https:\/\/versano.nl\/shop\/\"},{\"@type\":\"ListItem\",\"position\":3,\"name\":\"Italiaanse winterjas heren Robert zwart Versano\"}]},{\"@type\":\"WebSite\",\"@id\":\"https:\/\/versano.nl\/#website\",\"url\":\"https:\/\/versano.nl\/\",\"name\":\"Versano\",\"description\":\"winterjassen met bontkraag | leren dames jassen | leren heren jassen\",\"potentialAction\":[{\"@type\":\"SearchAction\",\"target\":{\"@type\":\"EntryPoint\",\"urlTemplate\":\"https:\/\/versano.nl\/?s={search_term_string}\"},\"query-input\":{\"@type\":\"PropertyValueSpecification\",\"valueRequired\":true,\"valueName\":\"search_term_string\"}}],\"inLanguage\":\"de\"}]}<\/script>\n<!-- \/ Yoast SEO plugin. -->","yoast_head_json":{"title":"Italienische Winterjacke Herren Robert schwarz Versano, Parkajacke Herren","description":"Wenn Sie eine italienische Winterjacke f\u00fcr Herren Robert schwarz Versano suchen, dann sind Sie bei Herren Parka Jacken genau richtig.","robots":{"index":"index","follow":"follow","max-snippet":"max-snippet:-1","max-image-preview":"max-image-preview:large","max-video-preview":"max-video-preview:-1"},"canonical":"https:\/\/versano.nl\/de\/shop\/halflange-zwarte-heren-parka-winterjas-robert-versano\/","og_locale":"de_DE","og_type":"article","og_title":"Italiaanse winterjas heren Robert zwart Versano, parka jas heren","og_description":"Ben je op zoek naar een Italiaanse winterjas heren Robert zwart Versano, dan zit je bij ons aan het juiste adres voor heren parkajassen.","og_url":"https:\/\/versano.nl\/de\/shop\/halflange-zwarte-heren-parka-winterjas-robert-versano\/","og_site_name":"Versano","article_modified_time":"2024-12-13T11:40:37+00:00","og_image":[{"width":900,"height":1176,"url":"https:\/\/versano.nl\/wp-content\/uploads\/2019\/11\/heren-winterjas-halflang-model-zwart-versano-robert-voorkant.jpg","type":"image\/jpeg"}],"twitter_card":"summary_large_image","twitter_misc":{"Gesch\u00e4tzte Lesezeit":"2\u00a0Minuten"},"schema":{"@context":"https:\/\/schema.org","@graph":[{"@type":"WebPage","@id":"https:\/\/versano.nl\/shop\/halflange-zwarte-heren-parka-winterjas-robert-versano\/","url":"https:\/\/versano.nl\/shop\/halflange-zwarte-heren-parka-winterjas-robert-versano\/","name":"Italienische Winterjacke Herren Robert schwarz Versano, Parkajacke Herren","isPartOf":{"@id":"https:\/\/versano.nl\/#website"},"primaryImageOfPage":{"@id":"https:\/\/versano.nl\/shop\/halflange-zwarte-heren-parka-winterjas-robert-versano\/#primaryimage"},"image":{"@id":"https:\/\/versano.nl\/shop\/halflange-zwarte-heren-parka-winterjas-robert-versano\/#primaryimage"},"thumbnailUrl":"https:\/\/versano.nl\/wp-content\/uploads\/2019\/11\/heren-winterjas-halflang-model-zwart-versano-robert-voorkant.jpg","datePublished":"2019-11-02T15:19:38+00:00","dateModified":"2024-12-13T11:40:37+00:00","description":"Wenn Sie eine italienische Winterjacke f\u00fcr Herren Robert schwarz Versano suchen, dann sind Sie bei Herren Parka Jacken genau richtig.","breadcrumb":{"@id":"https:\/\/versano.nl\/shop\/halflange-zwarte-heren-parka-winterjas-robert-versano\/#breadcrumb"},"inLanguage":"de","potentialAction":[{"@type":"ReadAction","target":["https:\/\/versano.nl\/shop\/halflange-zwarte-heren-parka-winterjas-robert-versano\/"]}]},{"@type":"ImageObject","inLanguage":"de","@id":"https:\/\/versano.nl\/shop\/halflange-zwarte-heren-parka-winterjas-robert-versano\/#primaryimage","url":"https:\/\/versano.nl\/wp-content\/uploads\/2019\/11\/heren-winterjas-halflang-model-zwart-versano-robert-voorkant.jpg","contentUrl":"https:\/\/versano.nl\/wp-content\/uploads\/2019\/11\/heren-winterjas-halflang-model-zwart-versano-robert-voorkant.jpg","width":900,"height":1176,"caption":"Italiaanse winterjas heren Robert zwart Versano"},{"@type":"BreadcrumbList","@id":"https:\/\/versano.nl\/shop\/halflange-zwarte-heren-parka-winterjas-robert-versano\/#breadcrumb","itemListElement":[{"@type":"ListItem","position":1,"name":"Home","item":"https:\/\/versano.nl\/"},{"@type":"ListItem","position":2,"name":"Shop","item":"https:\/\/versano.nl\/shop\/"},{"@type":"ListItem","position":3,"name":"Italiaanse winterjas heren Robert zwart Versano"}]},{"@type":"WebSite","@id":"https:\/\/versano.nl\/#website","url":"https:\/\/versano.nl\/","name":"Versano","description":"Winterm\u00e4ntel mit Pelzkragen | Damen Lederjacken | Herren Lederjacken","potentialAction":[{"@type":"SearchAction","target":{"@type":"EntryPoint","urlTemplate":"https:\/\/versano.nl\/?s={search_term_string}"},"query-input":{"@type":"PropertyValueSpecification","valueRequired":true,"valueName":"search_term_string"}}],"inLanguage":"de"}]}},"_links":{"self":[{"href":"https:\/\/versano.nl\/de\/wp-json\/wp\/v2\/product\/13192","targetHints":{"allow":["GET"]}}],"collection":[{"href":"https:\/\/versano.nl\/de\/wp-json\/wp\/v2\/product"}],"about":[{"href":"https:\/\/versano.nl\/de\/wp-json\/wp\/v2\/types\/product"}],"replies":[{"embeddable":true,"href":"https:\/\/versano.nl\/de\/wp-json\/wp\/v2\/comments?post=13192"}],"wp:featuredmedia":[{"embeddable":true,"href":"https:\/\/versano.nl\/de\/wp-json\/wp\/v2\/media\/13188"}],"wp:attachment":[{"href":"https:\/\/versano.nl\/de\/wp-json\/wp\/v2\/media?parent=13192"}],"wp:term":[{"taxonomy":"product_brand","embeddable":true,"href":"https:\/\/versano.nl\/de\/wp-json\/wp\/v2\/product_brand?post=13192"},{"taxonomy":"product_cat","embeddable":true,"href":"https:\/\/versano.nl\/de\/wp-json\/wp\/v2\/product_cat?post=13192"},{"taxonomy":"product_tag","embeddable":true,"href":"https:\/\/versano.nl\/de\/wp-json\/wp\/v2\/product_tag?post=13192"}],"curies":[{"name":"wp","href":"https:\/\/api.w.org\/{rel}","templated":true}]}}