{"id":12438,"date":"2019-09-29T14:09:49","date_gmt":"2019-09-29T14:09:49","guid":{"rendered":"https:\/\/versano.nl\/shop\/kunst-bontkraag-light-natural-xl\/"},"modified":"2021-10-22T08:42:11","modified_gmt":"2021-10-22T08:42:11","slug":"kunst-bontkraag-natural-xl","status":"publish","type":"product","link":"https:\/\/versano.nl\/de\/shop\/kunst-bontkraag-natural-xl\/","title":{"rendered":"Kunstpelzkragen nat\u00fcrlich XL"},"content":{"rendered":"<h2>Kunstpelzkragen nat\u00fcrlich XL<\/h2>\n<p>Material: Synthetisch<br \/>\nAnhang: Drucker<\/p>\n<p>Lieferzeit: 2-3 Tage<\/p>","protected":false},"excerpt":{"rendered":"<p>Wenn Sie keinen echten Pelzkragen an Ihrer Jacke haben m\u00f6chten, sind die Kunstpelzkragen von Versano ideal. Die Kragen sind nicht von der Realit\u00e4t zu unterscheiden und gro\u00df. Die Kragen sind mit Druckkn\u00f6pfen an der Kapuze befestigt.<\/p>\n<p><strong>Diese Kunstpelzkragen Versano ist 60 cm lang und 16 cm breit<\/strong><\/p>","protected":false},"featured_media":18783,"comment_status":"closed","ping_status":"closed","template":"","meta":[],"product_brand":[],"product_cat":[721],"product_tag":[1457,1458],"class_list":{"0":"post-12438","1":"product","2":"type-product","3":"status-publish","4":"has-post-thumbnail","6":"product_cat-capuchon-bontkragen","7":"product_tag-kunst-bontkraag-naturel-xl","8":"product_tag-kunstbontkraag-naturel","9":"product_shipping_class-verzendkosten-1","10":"tm-no-options","12":"first","13":"outofstock","14":"taxable","15":"shipping-taxable","16":"purchasable","17":"product-type-simple"},"yoast_head":"<!-- This site is optimized with the Yoast SEO plugin v27.2 - https:\/\/yoast.com\/product\/yoast-seo-wordpress\/ -->\n<title>Kunst bontkraag natural XL, kunst bontkraag naturel<\/title>\n<meta name=\"description\" content=\"Ben je op zoek naar een Kunst bontkraag natural XL ? Dan bent u bij Versano aan het juiste adres. Tevens verkopen wij ook kunst bontkragen\" \/>\n<meta name=\"robots\" content=\"index, follow, max-snippet:-1, max-image-preview:large, max-video-preview:-1\" \/>\n<link rel=\"canonical\" href=\"https:\/\/versano.nl\/de\/shop\/kunst-bontkraag-natural-xl\/\" \/>\n<meta property=\"og:locale\" content=\"de_DE\" \/>\n<meta property=\"og:type\" content=\"article\" \/>\n<meta property=\"og:title\" content=\"Kunst bontkraag natural XL, kunst bontkraag naturel\" \/>\n<meta property=\"og:description\" content=\"Ben je op zoek naar een Kunst bontkraag natural XL ? Dan bent u bij Versano aan het juiste adres. Tevens verkopen wij ook kunst bontkragen\" \/>\n<meta property=\"og:url\" content=\"https:\/\/versano.nl\/de\/shop\/kunst-bontkraag-natural-xl\/\" \/>\n<meta property=\"og:site_name\" content=\"Versano\" \/>\n<meta property=\"article:modified_time\" content=\"2021-10-22T08:42:11+00:00\" \/>\n<meta property=\"og:image\" content=\"https:\/\/versano.nl\/wp-content\/uploads\/2019\/09\/kunst-bontkraag-naturel-xl.jpg\" \/>\n\t<meta property=\"og:image:width\" content=\"900\" \/>\n\t<meta property=\"og:image:height\" content=\"1176\" \/>\n\t<meta property=\"og:image:type\" content=\"image\/jpeg\" \/>\n<meta name=\"twitter:card\" content=\"summary_large_image\" \/>\n<script type=\"application\/ld+json\" class=\"yoast-schema-graph\">{\"@context\":\"https:\/\/schema.org\",\"@graph\":[{\"@type\":\"WebPage\",\"@id\":\"https:\/\/versano.nl\/en\/shop\/kunst-bontkraag-natural-xl\/\",\"url\":\"https:\/\/versano.nl\/en\/shop\/kunst-bontkraag-natural-xl\/\",\"name\":\"Kunst bontkraag natural XL, kunst bontkraag naturel\",\"isPartOf\":{\"@id\":\"https:\/\/versano.nl\/#website\"},\"primaryImageOfPage\":{\"@id\":\"https:\/\/versano.nl\/en\/shop\/kunst-bontkraag-natural-xl\/#primaryimage\"},\"image\":{\"@id\":\"https:\/\/versano.nl\/en\/shop\/kunst-bontkraag-natural-xl\/#primaryimage\"},\"thumbnailUrl\":\"https:\/\/versano.nl\/wp-content\/uploads\/2019\/09\/kunst-bontkraag-naturel-xl.jpg\",\"datePublished\":\"2019-09-29T14:09:49+00:00\",\"dateModified\":\"2021-10-22T08:42:11+00:00\",\"description\":\"Ben je op zoek naar een Kunst bontkraag natural XL ? Dan bent u bij Versano aan het juiste adres. Tevens verkopen wij ook kunst bontkragen\",\"breadcrumb\":{\"@id\":\"https:\/\/versano.nl\/en\/shop\/kunst-bontkraag-natural-xl\/#breadcrumb\"},\"inLanguage\":\"de\",\"potentialAction\":[{\"@type\":\"ReadAction\",\"target\":[\"https:\/\/versano.nl\/en\/shop\/kunst-bontkraag-natural-xl\/\"]}]},{\"@type\":\"ImageObject\",\"inLanguage\":\"de\",\"@id\":\"https:\/\/versano.nl\/en\/shop\/kunst-bontkraag-natural-xl\/#primaryimage\",\"url\":\"https:\/\/versano.nl\/wp-content\/uploads\/2019\/09\/kunst-bontkraag-naturel-xl.jpg\",\"contentUrl\":\"https:\/\/versano.nl\/wp-content\/uploads\/2019\/09\/kunst-bontkraag-naturel-xl.jpg\",\"width\":900,\"height\":1176,\"caption\":\"kunst-bontkraag-naturel-xl.jpg\"},{\"@type\":\"BreadcrumbList\",\"@id\":\"https:\/\/versano.nl\/en\/shop\/kunst-bontkraag-natural-xl\/#breadcrumb\",\"itemListElement\":[{\"@type\":\"ListItem\",\"position\":1,\"name\":\"Home\",\"item\":\"https:\/\/versano.nl\/\"},{\"@type\":\"ListItem\",\"position\":2,\"name\":\"Shop\",\"item\":\"https:\/\/versano.nl\/shop\/\"},{\"@type\":\"ListItem\",\"position\":3,\"name\":\"Kunst bontkraag natural XL\"}]},{\"@type\":\"WebSite\",\"@id\":\"https:\/\/versano.nl\/#website\",\"url\":\"https:\/\/versano.nl\/\",\"name\":\"Versano\",\"description\":\"winterjassen met bontkraag | leren dames jassen | leren heren jassen\",\"potentialAction\":[{\"@type\":\"SearchAction\",\"target\":{\"@type\":\"EntryPoint\",\"urlTemplate\":\"https:\/\/versano.nl\/?s={search_term_string}\"},\"query-input\":{\"@type\":\"PropertyValueSpecification\",\"valueRequired\":true,\"valueName\":\"search_term_string\"}}],\"inLanguage\":\"de\"}]}<\/script>\n<!-- \/ Yoast SEO plugin. -->","yoast_head_json":{"title":"Kunstpelzkragen natur XL, Kunstpelzkragen natur","description":"Suchen Sie einen Kunstpelzkragen aus nat\u00fcrlichem XL? Dann sind Sie bei Versano genau richtig. Wir verkaufen auch Kunstpelzkragen","robots":{"index":"index","follow":"follow","max-snippet":"max-snippet:-1","max-image-preview":"max-image-preview:large","max-video-preview":"max-video-preview:-1"},"canonical":"https:\/\/versano.nl\/de\/shop\/kunst-bontkraag-natural-xl\/","og_locale":"de_DE","og_type":"article","og_title":"Kunst bontkraag natural XL, kunst bontkraag naturel","og_description":"Ben je op zoek naar een Kunst bontkraag natural XL ? Dan bent u bij Versano aan het juiste adres. Tevens verkopen wij ook kunst bontkragen","og_url":"https:\/\/versano.nl\/de\/shop\/kunst-bontkraag-natural-xl\/","og_site_name":"Versano","article_modified_time":"2021-10-22T08:42:11+00:00","og_image":[{"width":900,"height":1176,"url":"https:\/\/versano.nl\/wp-content\/uploads\/2019\/09\/kunst-bontkraag-naturel-xl.jpg","type":"image\/jpeg"}],"twitter_card":"summary_large_image","schema":{"@context":"https:\/\/schema.org","@graph":[{"@type":"WebPage","@id":"https:\/\/versano.nl\/en\/shop\/kunst-bontkraag-natural-xl\/","url":"https:\/\/versano.nl\/en\/shop\/kunst-bontkraag-natural-xl\/","name":"Kunstpelzkragen natur XL, Kunstpelzkragen natur","isPartOf":{"@id":"https:\/\/versano.nl\/#website"},"primaryImageOfPage":{"@id":"https:\/\/versano.nl\/en\/shop\/kunst-bontkraag-natural-xl\/#primaryimage"},"image":{"@id":"https:\/\/versano.nl\/en\/shop\/kunst-bontkraag-natural-xl\/#primaryimage"},"thumbnailUrl":"https:\/\/versano.nl\/wp-content\/uploads\/2019\/09\/kunst-bontkraag-naturel-xl.jpg","datePublished":"2019-09-29T14:09:49+00:00","dateModified":"2021-10-22T08:42:11+00:00","description":"Suchen Sie einen Kunstpelzkragen aus nat\u00fcrlichem XL? Dann sind Sie bei Versano genau richtig. Wir verkaufen auch Kunstpelzkragen","breadcrumb":{"@id":"https:\/\/versano.nl\/en\/shop\/kunst-bontkraag-natural-xl\/#breadcrumb"},"inLanguage":"de","potentialAction":[{"@type":"ReadAction","target":["https:\/\/versano.nl\/en\/shop\/kunst-bontkraag-natural-xl\/"]}]},{"@type":"ImageObject","inLanguage":"de","@id":"https:\/\/versano.nl\/en\/shop\/kunst-bontkraag-natural-xl\/#primaryimage","url":"https:\/\/versano.nl\/wp-content\/uploads\/2019\/09\/kunst-bontkraag-naturel-xl.jpg","contentUrl":"https:\/\/versano.nl\/wp-content\/uploads\/2019\/09\/kunst-bontkraag-naturel-xl.jpg","width":900,"height":1176,"caption":"kunst-bontkraag-naturel-xl.jpg"},{"@type":"BreadcrumbList","@id":"https:\/\/versano.nl\/en\/shop\/kunst-bontkraag-natural-xl\/#breadcrumb","itemListElement":[{"@type":"ListItem","position":1,"name":"Home","item":"https:\/\/versano.nl\/"},{"@type":"ListItem","position":2,"name":"Shop","item":"https:\/\/versano.nl\/shop\/"},{"@type":"ListItem","position":3,"name":"Kunst bontkraag natural XL"}]},{"@type":"WebSite","@id":"https:\/\/versano.nl\/#website","url":"https:\/\/versano.nl\/","name":"Versano","description":"Winterm\u00e4ntel mit Pelzkragen | Damen Lederjacken | Herren Lederjacken","potentialAction":[{"@type":"SearchAction","target":{"@type":"EntryPoint","urlTemplate":"https:\/\/versano.nl\/?s={search_term_string}"},"query-input":{"@type":"PropertyValueSpecification","valueRequired":true,"valueName":"search_term_string"}}],"inLanguage":"de"}]}},"_links":{"self":[{"href":"https:\/\/versano.nl\/de\/wp-json\/wp\/v2\/product\/12438","targetHints":{"allow":["GET"]}}],"collection":[{"href":"https:\/\/versano.nl\/de\/wp-json\/wp\/v2\/product"}],"about":[{"href":"https:\/\/versano.nl\/de\/wp-json\/wp\/v2\/types\/product"}],"replies":[{"embeddable":true,"href":"https:\/\/versano.nl\/de\/wp-json\/wp\/v2\/comments?post=12438"}],"wp:featuredmedia":[{"embeddable":true,"href":"https:\/\/versano.nl\/de\/wp-json\/wp\/v2\/media\/18783"}],"wp:attachment":[{"href":"https:\/\/versano.nl\/de\/wp-json\/wp\/v2\/media?parent=12438"}],"wp:term":[{"taxonomy":"product_brand","embeddable":true,"href":"https:\/\/versano.nl\/de\/wp-json\/wp\/v2\/product_brand?post=12438"},{"taxonomy":"product_cat","embeddable":true,"href":"https:\/\/versano.nl\/de\/wp-json\/wp\/v2\/product_cat?post=12438"},{"taxonomy":"product_tag","embeddable":true,"href":"https:\/\/versano.nl\/de\/wp-json\/wp\/v2\/product_tag?post=12438"}],"curies":[{"name":"wp","href":"https:\/\/api.w.org\/{rel}","templated":true}]}}