{"id":1208,"date":"2014-09-10T13:03:05","date_gmt":"2014-09-10T13:03:05","guid":{"rendered":"http:\/\/leathershopdoci.nl\/new\/shop\/heren-bont-jassen\/versano-heren-bont-jas-roger\/"},"modified":"2021-01-22T02:36:14","modified_gmt":"2021-01-22T02:36:14","slug":"versano-heren-winterjasen-bontjas-met-bontkraag-roger-beige","status":"publish","type":"product","link":"https:\/\/versano.nl\/de\/shop\/versano-heren-winterjasen-bontjas-met-bontkraag-roger-beige\/","title":{"rendered":"Versano M\u00e4nner Wintermantel \/ Pelzmantel mit Pelzkragen Roger Beige"},"content":{"rendered":"<p>L\u00e4nge: kurz<br \/>\nPassen: Ausgestattet Italienisch (klein)<br \/>\nFutter: 100% Polyester<br \/>\nBelagdicke: 200 Gramm ausgekleideten dicke<br \/>\n\u00c4rmell\u00e4nge: lang\u00e4rmelige<br \/>\nHOOD ausgekleidete, Massiv<br \/>\nExtras: verst\u00e4rkte N\u00e4hte<br \/>\nSchlie\u00dfung: Rei\u00dfverschluss mit Schutzklappe, Front-RV<br \/>\nS\u00e4cke Rei\u00dfverschluss Seitentaschen, Innen<br \/>\nFunktion: wasserdicht, winddicht<br \/>\nMaterial Materialau\u00dfenschicht: 100% Polyester<\/p>\n<p>OPTIONAL: REAL FUR COLLAR RACCOON RACCOON ART OF FUR<\/p>","protected":false},"excerpt":{"rendered":"<p>K\u00fchles modischer Pelz M\u00e4nner hochwertige Pelzkragen. Der Kragen ist aus 100% Amerikanischen Waschb\u00e4r Pelz und optional (separat erh\u00e4ltlich). Nat\u00fcrlich ist der Pelzkragen auch in Kunstpelz in drei Farben erh\u00e4ltlich. Diese Damen Pelzmantel hat ein exzellentes Finish und Italienisch ausgestattet.<\/p>\n<p>OPTIONAL: REAL FUR COLLAR RACCOON RACCOON ART OF FUR<\/p>","protected":false},"featured_media":1212,"comment_status":"closed","ping_status":"closed","template":"","meta":[],"product_brand":[],"product_cat":[231,1547],"product_tag":[313,314,315,266,316,317],"class_list":{"0":"post-1208","1":"product","2":"type-product","3":"status-publish","4":"has-post-thumbnail","6":"product_cat-heren-jassen-met-bontkraag","7":"product_cat-winterjassen-heren","8":"product_tag-bontjassen","9":"product_tag-bontjassen-voor-heren","10":"product_tag-heren-bontjassen","11":"product_tag-jassen-met-bontkraag","12":"product_tag-online-heren-bontjassen","13":"product_tag-versano-bontjassen","14":"tm-has-options","16":"first","17":"outofstock","18":"sale","19":"taxable","20":"shipping-taxable","21":"purchasable","22":"product-type-variable"},"yoast_head":"<!-- This site is optimized with the Yoast SEO plugin v27.2 - https:\/\/yoast.com\/product\/yoast-seo-wordpress\/ -->\n<title>Versano Heren Winterjas\/Bontjas met bontkraag Roger Beige - Versano<\/title>\n<meta name=\"robots\" content=\"index, follow, max-snippet:-1, max-image-preview:large, max-video-preview:-1\" \/>\n<link rel=\"canonical\" href=\"https:\/\/versano.nl\/de\/shop\/versano-heren-winterjasen-bontjas-met-bontkraag-roger-beige\/\" \/>\n<meta property=\"og:locale\" content=\"de_DE\" \/>\n<meta property=\"og:type\" content=\"article\" \/>\n<meta property=\"og:title\" content=\"Versano Heren Winterjas\/Bontjas met bontkraag Roger Beige - Versano\" \/>\n<meta property=\"og:description\" content=\"Stoere\u00a0trendy heren bontjas in zeer hoge kwaliteit met bontkraag. De kraag is van 100% American Raccoon bont en optioneel (los te bestellen). Uiteraard is de bontkraag ook in kunstbont te bestellen in 3 kleuren. Deze dames bontjas heeft een uitstekende afwerking en is Italiaans getailleerd.  OPTIONEEL: KRAAG RACCOON ECHT BONT OF RACCOON KUNSTBONT\" \/>\n<meta property=\"og:url\" content=\"https:\/\/versano.nl\/de\/shop\/versano-heren-winterjasen-bontjas-met-bontkraag-roger-beige\/\" \/>\n<meta property=\"og:site_name\" content=\"Versano\" \/>\n<meta property=\"article:modified_time\" content=\"2021-01-22T02:36:14+00:00\" \/>\n<meta property=\"og:image\" content=\"https:\/\/versano.nl\/wp-content\/uploads\/2017\/05\/versano_heren_bont_jassen_roger_beige_schuin.jpg\" \/>\n\t<meta property=\"og:image:width\" content=\"670\" \/>\n\t<meta property=\"og:image:height\" content=\"875\" \/>\n\t<meta property=\"og:image:type\" content=\"image\/jpeg\" \/>\n<meta name=\"twitter:card\" content=\"summary_large_image\" \/>\n<script type=\"application\/ld+json\" class=\"yoast-schema-graph\">{\"@context\":\"https:\/\/schema.org\",\"@graph\":[{\"@type\":\"WebPage\",\"@id\":\"https:\/\/versano.nl\/shop\/versano-heren-winterjasen-bontjas-met-bontkraag-roger-beige\/\",\"url\":\"https:\/\/versano.nl\/shop\/versano-heren-winterjasen-bontjas-met-bontkraag-roger-beige\/\",\"name\":\"Versano Heren Winterjas\/Bontjas met bontkraag Roger Beige - Versano\",\"isPartOf\":{\"@id\":\"https:\/\/versano.nl\/#website\"},\"primaryImageOfPage\":{\"@id\":\"https:\/\/versano.nl\/shop\/versano-heren-winterjasen-bontjas-met-bontkraag-roger-beige\/#primaryimage\"},\"image\":{\"@id\":\"https:\/\/versano.nl\/shop\/versano-heren-winterjasen-bontjas-met-bontkraag-roger-beige\/#primaryimage\"},\"thumbnailUrl\":\"https:\/\/versano.nl\/wp-content\/uploads\/2017\/05\/versano_heren_bont_jassen_roger_beige_schuin.jpg\",\"datePublished\":\"2014-09-10T13:03:05+00:00\",\"dateModified\":\"2021-01-22T02:36:14+00:00\",\"breadcrumb\":{\"@id\":\"https:\/\/versano.nl\/shop\/versano-heren-winterjasen-bontjas-met-bontkraag-roger-beige\/#breadcrumb\"},\"inLanguage\":\"de\",\"potentialAction\":[{\"@type\":\"ReadAction\",\"target\":[\"https:\/\/versano.nl\/shop\/versano-heren-winterjasen-bontjas-met-bontkraag-roger-beige\/\"]}]},{\"@type\":\"ImageObject\",\"inLanguage\":\"de\",\"@id\":\"https:\/\/versano.nl\/shop\/versano-heren-winterjasen-bontjas-met-bontkraag-roger-beige\/#primaryimage\",\"url\":\"https:\/\/versano.nl\/wp-content\/uploads\/2017\/05\/versano_heren_bont_jassen_roger_beige_schuin.jpg\",\"contentUrl\":\"https:\/\/versano.nl\/wp-content\/uploads\/2017\/05\/versano_heren_bont_jassen_roger_beige_schuin.jpg\",\"width\":670,\"height\":875},{\"@type\":\"BreadcrumbList\",\"@id\":\"https:\/\/versano.nl\/shop\/versano-heren-winterjasen-bontjas-met-bontkraag-roger-beige\/#breadcrumb\",\"itemListElement\":[{\"@type\":\"ListItem\",\"position\":1,\"name\":\"Home\",\"item\":\"https:\/\/versano.nl\/\"},{\"@type\":\"ListItem\",\"position\":2,\"name\":\"Shop\",\"item\":\"https:\/\/versano.nl\/shop\/\"},{\"@type\":\"ListItem\",\"position\":3,\"name\":\"Versano Heren Winterjas\/Bontjas met bontkraag Roger Beige\"}]},{\"@type\":\"WebSite\",\"@id\":\"https:\/\/versano.nl\/#website\",\"url\":\"https:\/\/versano.nl\/\",\"name\":\"Versano\",\"description\":\"winterjassen met bontkraag | leren dames jassen | leren heren jassen\",\"potentialAction\":[{\"@type\":\"SearchAction\",\"target\":{\"@type\":\"EntryPoint\",\"urlTemplate\":\"https:\/\/versano.nl\/?s={search_term_string}\"},\"query-input\":{\"@type\":\"PropertyValueSpecification\",\"valueRequired\":true,\"valueName\":\"search_term_string\"}}],\"inLanguage\":\"de\"}]}<\/script>\n<!-- \/ Yoast SEO plugin. -->","yoast_head_json":{"title":"Versano Herren Winterjacke \/ Pelzmantel mit Pelzkragen Roger Beige - Versano","robots":{"index":"index","follow":"follow","max-snippet":"max-snippet:-1","max-image-preview":"max-image-preview:large","max-video-preview":"max-video-preview:-1"},"canonical":"https:\/\/versano.nl\/de\/shop\/versano-heren-winterjasen-bontjas-met-bontkraag-roger-beige\/","og_locale":"de_DE","og_type":"article","og_title":"Versano Heren Winterjas\/Bontjas met bontkraag Roger Beige - Versano","og_description":"Stoere\u00a0trendy heren bontjas in zeer hoge kwaliteit met bontkraag. De kraag is van 100% American Raccoon bont en optioneel (los te bestellen). Uiteraard is de bontkraag ook in kunstbont te bestellen in 3 kleuren. Deze dames bontjas heeft een uitstekende afwerking en is Italiaans getailleerd.  OPTIONEEL: KRAAG RACCOON ECHT BONT OF RACCOON KUNSTBONT","og_url":"https:\/\/versano.nl\/de\/shop\/versano-heren-winterjasen-bontjas-met-bontkraag-roger-beige\/","og_site_name":"Versano","article_modified_time":"2021-01-22T02:36:14+00:00","og_image":[{"width":670,"height":875,"url":"https:\/\/versano.nl\/wp-content\/uploads\/2017\/05\/versano_heren_bont_jassen_roger_beige_schuin.jpg","type":"image\/jpeg"}],"twitter_card":"summary_large_image","schema":{"@context":"https:\/\/schema.org","@graph":[{"@type":"WebPage","@id":"https:\/\/versano.nl\/shop\/versano-heren-winterjasen-bontjas-met-bontkraag-roger-beige\/","url":"https:\/\/versano.nl\/shop\/versano-heren-winterjasen-bontjas-met-bontkraag-roger-beige\/","name":"Versano Herren Winterjacke \/ Pelzmantel mit Pelzkragen Roger Beige - Versano","isPartOf":{"@id":"https:\/\/versano.nl\/#website"},"primaryImageOfPage":{"@id":"https:\/\/versano.nl\/shop\/versano-heren-winterjasen-bontjas-met-bontkraag-roger-beige\/#primaryimage"},"image":{"@id":"https:\/\/versano.nl\/shop\/versano-heren-winterjasen-bontjas-met-bontkraag-roger-beige\/#primaryimage"},"thumbnailUrl":"https:\/\/versano.nl\/wp-content\/uploads\/2017\/05\/versano_heren_bont_jassen_roger_beige_schuin.jpg","datePublished":"2014-09-10T13:03:05+00:00","dateModified":"2021-01-22T02:36:14+00:00","breadcrumb":{"@id":"https:\/\/versano.nl\/shop\/versano-heren-winterjasen-bontjas-met-bontkraag-roger-beige\/#breadcrumb"},"inLanguage":"de","potentialAction":[{"@type":"ReadAction","target":["https:\/\/versano.nl\/shop\/versano-heren-winterjasen-bontjas-met-bontkraag-roger-beige\/"]}]},{"@type":"ImageObject","inLanguage":"de","@id":"https:\/\/versano.nl\/shop\/versano-heren-winterjasen-bontjas-met-bontkraag-roger-beige\/#primaryimage","url":"https:\/\/versano.nl\/wp-content\/uploads\/2017\/05\/versano_heren_bont_jassen_roger_beige_schuin.jpg","contentUrl":"https:\/\/versano.nl\/wp-content\/uploads\/2017\/05\/versano_heren_bont_jassen_roger_beige_schuin.jpg","width":670,"height":875},{"@type":"BreadcrumbList","@id":"https:\/\/versano.nl\/shop\/versano-heren-winterjasen-bontjas-met-bontkraag-roger-beige\/#breadcrumb","itemListElement":[{"@type":"ListItem","position":1,"name":"Home","item":"https:\/\/versano.nl\/"},{"@type":"ListItem","position":2,"name":"Shop","item":"https:\/\/versano.nl\/shop\/"},{"@type":"ListItem","position":3,"name":"Versano Heren Winterjas\/Bontjas met bontkraag Roger Beige"}]},{"@type":"WebSite","@id":"https:\/\/versano.nl\/#website","url":"https:\/\/versano.nl\/","name":"Versano","description":"Winterm\u00e4ntel mit Pelzkragen | Damen Lederjacken | Herren Lederjacken","potentialAction":[{"@type":"SearchAction","target":{"@type":"EntryPoint","urlTemplate":"https:\/\/versano.nl\/?s={search_term_string}"},"query-input":{"@type":"PropertyValueSpecification","valueRequired":true,"valueName":"search_term_string"}}],"inLanguage":"de"}]}},"_links":{"self":[{"href":"https:\/\/versano.nl\/de\/wp-json\/wp\/v2\/product\/1208","targetHints":{"allow":["GET"]}}],"collection":[{"href":"https:\/\/versano.nl\/de\/wp-json\/wp\/v2\/product"}],"about":[{"href":"https:\/\/versano.nl\/de\/wp-json\/wp\/v2\/types\/product"}],"replies":[{"embeddable":true,"href":"https:\/\/versano.nl\/de\/wp-json\/wp\/v2\/comments?post=1208"}],"wp:featuredmedia":[{"embeddable":true,"href":"https:\/\/versano.nl\/de\/wp-json\/wp\/v2\/media\/1212"}],"wp:attachment":[{"href":"https:\/\/versano.nl\/de\/wp-json\/wp\/v2\/media?parent=1208"}],"wp:term":[{"taxonomy":"product_brand","embeddable":true,"href":"https:\/\/versano.nl\/de\/wp-json\/wp\/v2\/product_brand?post=1208"},{"taxonomy":"product_cat","embeddable":true,"href":"https:\/\/versano.nl\/de\/wp-json\/wp\/v2\/product_cat?post=1208"},{"taxonomy":"product_tag","embeddable":true,"href":"https:\/\/versano.nl\/de\/wp-json\/wp\/v2\/product_tag?post=1208"}],"curies":[{"name":"wp","href":"https:\/\/api.w.org\/{rel}","templated":true}]}}