{"id":11803,"date":"2019-06-10T14:36:11","date_gmt":"2019-06-10T14:36:11","guid":{"rendered":"https:\/\/versano.nl\/?post_type=product&#038;p=11803"},"modified":"2024-05-15T20:25:47","modified_gmt":"2024-05-15T20:25:47","slug":"lederen-biker-jack-heren-versano-tr57-cognac","status":"publish","type":"product","link":"https:\/\/versano.nl\/de\/shop\/lederen-biker-jack-heren-versano-tr57-cognac\/","title":{"rendered":"Lederjacke herren cognac TR57 Versano"},"content":{"rendered":"<h2>Lederjacke herren cognac TR57 Versano<\/h2>\n<p>Auf der Suche nach einer coolen Lederjacke f\u00fcr Herren? Dann schauen Sie sich unbedingt die Versano-Kollektion an, denn im Versano-Sortiment finden Sie die sch\u00f6nsten und robustesten Lederjacken f\u00fcr Herren. Wir f\u00fchren die Lederjacken der bekannten Top-Marke Versano. Hier kommen die sch\u00f6nsten Materialien zum Einsatz, die von den besten Designern zu einem ansprechenden, robusten Modell geformt werden. Mit einer Herren Lederjacke Cognac TR57 Versano erhalten Sie eine Jacke, die Ihnen bestimmt gefallen wird. Dies ist eine Jacke, die gut aussieht, gut sitzt und eine perfekte Passform hat. Wir k\u00f6nnen Ihnen daher von ganzem Herzen empfehlen, dieses Modell auszuprobieren, wenn Sie auf der Suche nach einer perfekten Lederjacke sind. Diese Jacke ist aus Lammleder gefertigt, hat 2 Seitentaschen mit Rei\u00dfverschluss und ist mit dem ber\u00fchmten Rippenmuster im Biker-Modell an der Taille und am oberen \u00c4rmelende versehen. Diese coole Lederjacke f\u00fcr Herren hat eine hervorragende Verarbeitung und eine italienische Passform.<\/p>\n<h2>Bestellen Sie das Modell tr57 in Cognac<\/h2>\n<p><span style=\"font-size: 11.0pt;font-family: 'Arial',sans-serif\">Mit einer so sch\u00f6nen Jacke von Versano k\u00f6nnen Sie sicher sein, dass Sie immer ein Patent haben. Dieses Modell k\u00f6nnen Sie ganz einfach im Versano Webshop bestellen. Hier haben wir alle unsere Jacken f\u00fcr Sie zusammengestellt, damit Sie ganz einfach eine Bestellung aufgeben k\u00f6nnen. Bei Versano k\u00f6nnen Sie sich immer sicher sein, einen sch\u00f6nen und sorgf\u00e4ltig verarbeiteten Mantel zu kaufen. Bei uns k\u00f6nnen Sie ganz einfach die richtige Gr\u00f6\u00dfe anhand unserer smarten Anleitungsvideos ausw\u00e4hlen. Haben Sie Fragen oder sind Sie sich nicht sicher, welche Gr\u00f6\u00dfe Sie bestellen sollen? Dann k\u00f6nnen Sie uns jederzeit per Mail oder WhatsApp kontaktieren. Unsere Mitarbeiter m\u00f6chten Ihnen helfen!<\/span><\/p>\n<p><a href=\"https:\/\/versano.nl\/\">Versano<\/a><br \/>\nMaterial: 100% Lammfell<br \/>\nFutter: 100% Polyester<br \/>\nL\u00e4nge: kurz<br \/>\nPassform: schmale Passform<br \/>\nSchlie\u00dfung: Rei\u00dfverschluss<br \/>\nTaschen: RV-Taschen<br \/>\nKragen: Stehkragen<br \/>\nMaterial Au\u00dfenschicht: Sehr hohe Qualit\u00e4t und weiches Lammfell<br \/>\nLieferzeit: 2-3 Werktage<\/p>","protected":false},"excerpt":{"rendered":"<p>W\u00c4HLEN SIE HIER EINE ANDERE FARBE<\/p>\n<p><a href=\"https:\/\/versano.nl\/shop\/lederen-biker-jack-heren-versano-tr57-zwart\/\"><img loading=\"lazy\" decoding=\"async\" class=\"alignnone size-full wp-image-19914\" src=\"https:\/\/versano.nl\/wp-content\/uploads\/sites\/2\/2020\/04\/lederen-biker-jack-heren-versano-tr57-zwart-thumbs.jpg\" alt=\"\" width=\"56\" height=\"75\" \/><\/a><\/p>\n<p style=\"margin: 0cm 0cm 11.25pt 0cm\"><span style=\"font-size: 10.5pt;font-family: 'Arial',sans-serif;color: red\">Fit Beratung:\u00a0<\/span><span style=\"font-size: 10.5pt;font-family: 'Arial',sans-serif;color: #5d5d5d\">Die Passform dieser Jacke ist schmal geschnitten. Unser Modell ist 1,80 <\/span><span style=\"font-size: 10.5pt;font-family: 'Arial',sans-serif;color: #5d5d5d\">cm gro\u00df und tr\u00e4gt Gr\u00f6\u00dfe M.<\/span><\/p>\n<p style=\"margin: 0cm 0cm 11.25pt 0cm\"><span style=\"font-size: 10.5pt;font-family: 'Arial',sans-serif;color: #5d5d5d\">Wenn Sie sich bei Ihren Ma\u00dfen nicht sicher sind, empfehlen wir Ihnen, zuerst Ihre Gr\u00f6\u00dfenma\u00dfe zu messen und sie mit unserer Gr\u00f6\u00dfentabelle zu vergleichen. Wenn Sie keine Erfahrung mit der Messung von Umfangsgr\u00f6\u00dfen haben, klicken Sie auf\u00a0<\/span><a href=\"https:\/\/www.youtube.com\/watch?v=3ZSfY87v6pM\"><em><span style=\"font-size: 10.5pt;font-family: 'Arial',sans-serif;text-decoration: none\">HIER<\/span><\/em><span style=\"font-size: 10.5pt;font-family: 'Arial',sans-serif;text-decoration: none\">\u00a0<\/span><\/a><span style=\"font-size: 10.5pt;font-family: 'Arial',sans-serif;color: #5d5d5d\">\u00a0zu\u00a0<\/span><a href=\"https:\/\/www.youtube.com\/watch?v=3ZSfY87v6pM\"><em><span style=\"font-size: 10.5pt;font-family: 'Arial',sans-serif;color: red;text-decoration: none\">VIDEO<\/span><\/em><\/a><span style=\"font-size: 10.5pt;font-family: 'Arial',sans-serif;color: #5d5d5d\">\u00a0 mit Anweisungen. Sie k\u00f6nnen uns auch direkt anrufen oder anrufen! Unsere Mitarbeiter stehen Ihnen jederzeit zur Verf\u00fcgung.<\/span><\/p>\n<p style=\"margin: 0cm\"><strong><span style=\"font-size: 10.5pt;font-family: 'Arial',sans-serif;color: #5d5d5d\">LIEFERZEIT :<\/span><\/strong><span style=\"font-size: 10.5pt;font-family: 'Arial',sans-serif;color: #5d5d5d\">\u00a02 bis 3 Werktage.<\/span><\/p>","protected":false},"featured_media":15989,"comment_status":"closed","ping_status":"closed","template":"","meta":[],"product_brand":[],"product_cat":[1672,147,874,907,912,1671,908,1669,1712,913,910,882],"product_tag":[300,648,1691,301,1136,1692,649,1694,1137,1138,23,647,24,1721,1708],"class_list":{"0":"post-11803","1":"product","2":"type-product","3":"status-publish","4":"has-post-thumbnail","6":"product_cat-biker-jas-heren","7":"product_cat-heren-leren-jassen","8":"product_cat-kort-leren-jasje","9":"product_cat-kort-leren-jasje-heren","10":"product_cat-leren-bikerjacks-heren","11":"product_cat-leren-heren-jas","12":"product_cat-leren-heren-jassen","13":"product_cat-leren-jas-heren","14":"product_cat-leren-jassen","15":"product_cat-leren-jassen-heren-uitverkoop","16":"product_cat-leren-jassen-heren","17":"product_cat-versano","18":"product_tag-bikerjack-heren","19":"product_tag-bikerjack-leer-heren","20":"product_tag-echt-leer-heren-jas","21":"product_tag-heren-bikerjack-cognac","22":"product_tag-heren-bikerjack-dubbele-rits-cognac","23":"product_tag-lamsleer-heren-jas","24":"product_tag-leren-heren-bikerjack","25":"product_tag-leren-heren-jas-in-sale","26":"product_tag-leren-motorjack-heren-cgnac","27":"product_tag-motorjack-heren-cognac","28":"product_tag-motorjacks-heren","29":"product_tag-online-heren-bikerjacks","30":"product_tag-stoer-jasje-heren","31":"product_tag-uitverkoop-leren-heren-jas","32":"product_tag-zomerjassen-heren","33":"product_shipping_class-verzendkosten-1","34":"tm-no-options","36":"first","37":"instock","38":"sale","39":"taxable","40":"shipping-taxable","41":"purchasable","42":"product-type-variable","43":"has-default-attributes"},"yoast_head":"<!-- This site is optimized with the Yoast SEO plugin v27.2 - https:\/\/yoast.com\/product\/yoast-seo-wordpress\/ -->\n<title>Leren jas heren cognac TR57 Versano, leren heren jassen<\/title>\n<meta name=\"description\" content=\"Bent u op zoek naar een Leren jas heren cognac TR57 Versano, dan bent u bij Versano aan het juiste adres voor heren leren jassen.\" \/>\n<meta name=\"robots\" content=\"index, follow, max-snippet:-1, max-image-preview:large, max-video-preview:-1\" \/>\n<link rel=\"canonical\" href=\"https:\/\/versano.nl\/de\/shop\/lederen-biker-jack-heren-versano-tr57-cognac\/\" \/>\n<meta property=\"og:locale\" content=\"de_DE\" \/>\n<meta property=\"og:type\" content=\"article\" \/>\n<meta property=\"og:title\" content=\"Leren jas heren cognac TR57 Versano, leren heren jassen\" \/>\n<meta property=\"og:description\" content=\"Bent u op zoek naar een Leren jas heren cognac TR57 Versano, dan bent u bij Versano aan het juiste adres voor heren leren jassen.\" \/>\n<meta property=\"og:url\" content=\"https:\/\/versano.nl\/de\/shop\/lederen-biker-jack-heren-versano-tr57-cognac\/\" \/>\n<meta property=\"og:site_name\" content=\"Versano\" \/>\n<meta property=\"article:modified_time\" content=\"2024-05-15T20:25:47+00:00\" \/>\n<meta property=\"og:image\" content=\"https:\/\/versano.nl\/wp-content\/uploads\/2020\/04\/lederen-biker-jack-heren-versano-tr57-cognac-voorkant-schuin.jpg\" \/>\n\t<meta property=\"og:image:width\" content=\"900\" \/>\n\t<meta property=\"og:image:height\" content=\"1200\" \/>\n\t<meta property=\"og:image:type\" content=\"image\/jpeg\" \/>\n<meta name=\"twitter:card\" content=\"summary_large_image\" \/>\n<meta name=\"twitter:label1\" content=\"Gesch\u00e4tzte Lesezeit\" \/>\n\t<meta name=\"twitter:data1\" content=\"2\u00a0Minuten\" \/>\n<script type=\"application\/ld+json\" class=\"yoast-schema-graph\">{\"@context\":\"https:\/\/schema.org\",\"@graph\":[{\"@type\":\"WebPage\",\"@id\":\"https:\/\/versano.nl\/shop\/lederen-biker-jack-heren-versano-tr57-cognac\/\",\"url\":\"https:\/\/versano.nl\/shop\/lederen-biker-jack-heren-versano-tr57-cognac\/\",\"name\":\"Leren jas heren cognac TR57 Versano, leren heren jassen\",\"isPartOf\":{\"@id\":\"https:\/\/versano.nl\/#website\"},\"primaryImageOfPage\":{\"@id\":\"https:\/\/versano.nl\/shop\/lederen-biker-jack-heren-versano-tr57-cognac\/#primaryimage\"},\"image\":{\"@id\":\"https:\/\/versano.nl\/shop\/lederen-biker-jack-heren-versano-tr57-cognac\/#primaryimage\"},\"thumbnailUrl\":\"https:\/\/versano.nl\/wp-content\/uploads\/2020\/04\/lederen-biker-jack-heren-versano-tr57-cognac-voorkant-schuin.jpg\",\"datePublished\":\"2019-06-10T14:36:11+00:00\",\"dateModified\":\"2024-05-15T20:25:47+00:00\",\"description\":\"Bent u op zoek naar een Leren jas heren cognac TR57 Versano, dan bent u bij Versano aan het juiste adres voor heren leren jassen.\",\"breadcrumb\":{\"@id\":\"https:\/\/versano.nl\/shop\/lederen-biker-jack-heren-versano-tr57-cognac\/#breadcrumb\"},\"inLanguage\":\"de\",\"potentialAction\":[{\"@type\":\"ReadAction\",\"target\":[\"https:\/\/versano.nl\/shop\/lederen-biker-jack-heren-versano-tr57-cognac\/\"]}]},{\"@type\":\"ImageObject\",\"inLanguage\":\"de\",\"@id\":\"https:\/\/versano.nl\/shop\/lederen-biker-jack-heren-versano-tr57-cognac\/#primaryimage\",\"url\":\"https:\/\/versano.nl\/wp-content\/uploads\/2020\/04\/lederen-biker-jack-heren-versano-tr57-cognac-voorkant-schuin.jpg\",\"contentUrl\":\"https:\/\/versano.nl\/wp-content\/uploads\/2020\/04\/lederen-biker-jack-heren-versano-tr57-cognac-voorkant-schuin.jpg\",\"width\":900,\"height\":1200,\"caption\":\"Leren jas heren cognac TR57 Versano\"},{\"@type\":\"BreadcrumbList\",\"@id\":\"https:\/\/versano.nl\/shop\/lederen-biker-jack-heren-versano-tr57-cognac\/#breadcrumb\",\"itemListElement\":[{\"@type\":\"ListItem\",\"position\":1,\"name\":\"Home\",\"item\":\"https:\/\/versano.nl\/\"},{\"@type\":\"ListItem\",\"position\":2,\"name\":\"Shop\",\"item\":\"https:\/\/versano.nl\/shop\/\"},{\"@type\":\"ListItem\",\"position\":3,\"name\":\"Leren jas heren cognac TR57 Versano\"}]},{\"@type\":\"WebSite\",\"@id\":\"https:\/\/versano.nl\/#website\",\"url\":\"https:\/\/versano.nl\/\",\"name\":\"Versano\",\"description\":\"winterjassen met bontkraag | leren dames jassen | leren heren jassen\",\"potentialAction\":[{\"@type\":\"SearchAction\",\"target\":{\"@type\":\"EntryPoint\",\"urlTemplate\":\"https:\/\/versano.nl\/?s={search_term_string}\"},\"query-input\":{\"@type\":\"PropertyValueSpecification\",\"valueRequired\":true,\"valueName\":\"search_term_string\"}}],\"inLanguage\":\"de\"}]}<\/script>\n<!-- \/ Yoast SEO plugin. -->","yoast_head_json":{"title":"Lederjacke herren cognac TR57 Versano, lederjacken herren","description":"Suchen Sie eine Herren Lederjacke Cognac TR57 Versano, dann sind Sie bei Versano an der richtigen Adresse f\u00fcr Herren Lederjacken.","robots":{"index":"index","follow":"follow","max-snippet":"max-snippet:-1","max-image-preview":"max-image-preview:large","max-video-preview":"max-video-preview:-1"},"canonical":"https:\/\/versano.nl\/de\/shop\/lederen-biker-jack-heren-versano-tr57-cognac\/","og_locale":"de_DE","og_type":"article","og_title":"Leren jas heren cognac TR57 Versano, leren heren jassen","og_description":"Bent u op zoek naar een Leren jas heren cognac TR57 Versano, dan bent u bij Versano aan het juiste adres voor heren leren jassen.","og_url":"https:\/\/versano.nl\/de\/shop\/lederen-biker-jack-heren-versano-tr57-cognac\/","og_site_name":"Versano","article_modified_time":"2024-05-15T20:25:47+00:00","og_image":[{"width":900,"height":1200,"url":"https:\/\/versano.nl\/wp-content\/uploads\/2020\/04\/lederen-biker-jack-heren-versano-tr57-cognac-voorkant-schuin.jpg","type":"image\/jpeg"}],"twitter_card":"summary_large_image","twitter_misc":{"Gesch\u00e4tzte Lesezeit":"2\u00a0Minuten"},"schema":{"@context":"https:\/\/schema.org","@graph":[{"@type":"WebPage","@id":"https:\/\/versano.nl\/shop\/lederen-biker-jack-heren-versano-tr57-cognac\/","url":"https:\/\/versano.nl\/shop\/lederen-biker-jack-heren-versano-tr57-cognac\/","name":"Lederjacke herren cognac TR57 Versano, lederjacken herren","isPartOf":{"@id":"https:\/\/versano.nl\/#website"},"primaryImageOfPage":{"@id":"https:\/\/versano.nl\/shop\/lederen-biker-jack-heren-versano-tr57-cognac\/#primaryimage"},"image":{"@id":"https:\/\/versano.nl\/shop\/lederen-biker-jack-heren-versano-tr57-cognac\/#primaryimage"},"thumbnailUrl":"https:\/\/versano.nl\/wp-content\/uploads\/2020\/04\/lederen-biker-jack-heren-versano-tr57-cognac-voorkant-schuin.jpg","datePublished":"2019-06-10T14:36:11+00:00","dateModified":"2024-05-15T20:25:47+00:00","description":"Suchen Sie eine Herren Lederjacke Cognac TR57 Versano, dann sind Sie bei Versano an der richtigen Adresse f\u00fcr Herren Lederjacken.","breadcrumb":{"@id":"https:\/\/versano.nl\/shop\/lederen-biker-jack-heren-versano-tr57-cognac\/#breadcrumb"},"inLanguage":"de","potentialAction":[{"@type":"ReadAction","target":["https:\/\/versano.nl\/shop\/lederen-biker-jack-heren-versano-tr57-cognac\/"]}]},{"@type":"ImageObject","inLanguage":"de","@id":"https:\/\/versano.nl\/shop\/lederen-biker-jack-heren-versano-tr57-cognac\/#primaryimage","url":"https:\/\/versano.nl\/wp-content\/uploads\/2020\/04\/lederen-biker-jack-heren-versano-tr57-cognac-voorkant-schuin.jpg","contentUrl":"https:\/\/versano.nl\/wp-content\/uploads\/2020\/04\/lederen-biker-jack-heren-versano-tr57-cognac-voorkant-schuin.jpg","width":900,"height":1200,"caption":"Leren jas heren cognac TR57 Versano"},{"@type":"BreadcrumbList","@id":"https:\/\/versano.nl\/shop\/lederen-biker-jack-heren-versano-tr57-cognac\/#breadcrumb","itemListElement":[{"@type":"ListItem","position":1,"name":"Home","item":"https:\/\/versano.nl\/"},{"@type":"ListItem","position":2,"name":"Shop","item":"https:\/\/versano.nl\/shop\/"},{"@type":"ListItem","position":3,"name":"Leren jas heren cognac TR57 Versano"}]},{"@type":"WebSite","@id":"https:\/\/versano.nl\/#website","url":"https:\/\/versano.nl\/","name":"Versano","description":"Winterm\u00e4ntel mit Pelzkragen | Damen Lederjacken | Herren Lederjacken","potentialAction":[{"@type":"SearchAction","target":{"@type":"EntryPoint","urlTemplate":"https:\/\/versano.nl\/?s={search_term_string}"},"query-input":{"@type":"PropertyValueSpecification","valueRequired":true,"valueName":"search_term_string"}}],"inLanguage":"de"}]}},"_links":{"self":[{"href":"https:\/\/versano.nl\/de\/wp-json\/wp\/v2\/product\/11803","targetHints":{"allow":["GET"]}}],"collection":[{"href":"https:\/\/versano.nl\/de\/wp-json\/wp\/v2\/product"}],"about":[{"href":"https:\/\/versano.nl\/de\/wp-json\/wp\/v2\/types\/product"}],"replies":[{"embeddable":true,"href":"https:\/\/versano.nl\/de\/wp-json\/wp\/v2\/comments?post=11803"}],"wp:featuredmedia":[{"embeddable":true,"href":"https:\/\/versano.nl\/de\/wp-json\/wp\/v2\/media\/15989"}],"wp:attachment":[{"href":"https:\/\/versano.nl\/de\/wp-json\/wp\/v2\/media?parent=11803"}],"wp:term":[{"taxonomy":"product_brand","embeddable":true,"href":"https:\/\/versano.nl\/de\/wp-json\/wp\/v2\/product_brand?post=11803"},{"taxonomy":"product_cat","embeddable":true,"href":"https:\/\/versano.nl\/de\/wp-json\/wp\/v2\/product_cat?post=11803"},{"taxonomy":"product_tag","embeddable":true,"href":"https:\/\/versano.nl\/de\/wp-json\/wp\/v2\/product_tag?post=11803"}],"curies":[{"name":"wp","href":"https:\/\/api.w.org\/{rel}","templated":true}]}}